{"id":18487,"date":"2021-06-17T09:00:28","date_gmt":"2021-12-19T15:36:13","guid":{"rendered":"https:\/\/www.vetinox.fr\/produit\/bodenwaagschale-200kg\/"},"modified":"2021-12-19T16:36:13","modified_gmt":"2021-12-19T15:36:13","slug":"bodenwageplatte-200kg","status":"publish","type":"product","link":"https:\/\/www.vetinox.fr\/de\/produit\/bodenwageplatte-200kg\/","title":{"rendered":"Bodenwaagschale 200kg"},"content":{"rendered":"<p>Merkmale der Tierarzt-Wiegeplattform :<\/p>\n<ul>\n<li>Schnelle und einfache Bedienung \u00fcber 4 Funktionstasten<\/li>\n<li>Leicht lesbares LCD-Display mit 25 mm hohen Ziffern<\/li>\n<li>Tarierfunktion: Dokumente, die auf dem Tisch liegen, k\u00f6nnen tariert werden.<\/li>\n<li>Hold-Funktion f\u00fcr bessere Lesbarkeit<\/li>\n<li>Aluminium-Display<\/li>\n<li>Gro\u00dfe Wiegeplattform aus Edelstahl mit separater grauer Gummimatte: 900 x 600 x 40 mm<\/li>\n<li>Besonders flach (40 mm hoch)<\/li>\n<li>Einheiten in kg, lb, oz, lb.oz<\/li>\n<li>Automatische Abschaltfunktion zum Energiesparen<\/li>\n<li>Batteriebetrieb oder Netzteil: 4 x 1,5 V AA-Batterien oder 5 V Stromnetz<br \/>\nkontinuierlich (beide sind enthalten)<\/li>\n<li>Kapazit\u00e4t von 250 kg<\/li>\n<\/ul>\n","protected":false},"excerpt":{"rendered":"<p>Veterin\u00e4rmedizinische Bodenwaage, die dank einer Wiegekapazit\u00e4t von 200 kg sowohl f\u00fcr kleine als auch f\u00fcr gr\u00f6\u00dfere Tiere geeignet ist. Ausgestattet mit einer flachen Wiegeplattform aus rostfreiem Stahl und einem LCD-Display ist die Bedienung schnell und einfach.<\/p>\n<span class=\"action-button blue-button2\"><a href=\"https:\/\/www.vetinox.fr\/wp-content\/uploads\/2021\/06\/Mode_emploi-EQ300000-DE-EN-FR.pdf\">Mode d'emploi du plateau<\/a><\/span>\n<p>&nbsp;<\/p>\n","protected":false},"featured_media":24431,"template":"","meta":{"ocean_post_layout":"full-screen","ocean_both_sidebars_style":"","ocean_both_sidebars_content_width":0,"ocean_both_sidebars_sidebars_width":0,"ocean_sidebar":"0","ocean_second_sidebar":"0","ocean_disable_margins":"on","ocean_add_body_class":"","ocean_shortcode_before_top_bar":"","ocean_shortcode_after_top_bar":"","ocean_shortcode_before_header":"","ocean_shortcode_after_header":"","ocean_has_shortcode":"","ocean_shortcode_after_title":"","ocean_shortcode_before_footer_widgets":"","ocean_shortcode_after_footer_widgets":"","ocean_shortcode_before_footer_bottom":"","ocean_shortcode_after_footer_bottom":"","ocean_display_top_bar":"default","ocean_display_header":"default","ocean_header_style":"","ocean_center_header_left_menu":"0","ocean_custom_header_template":"0","ocean_custom_logo":0,"ocean_custom_retina_logo":0,"ocean_custom_logo_max_width":0,"ocean_custom_logo_tablet_max_width":0,"ocean_custom_logo_mobile_max_width":0,"ocean_custom_logo_max_height":0,"ocean_custom_logo_tablet_max_height":0,"ocean_custom_logo_mobile_max_height":0,"ocean_header_custom_menu":"0","ocean_menu_typo_font_family":"0","ocean_menu_typo_font_subset":"","ocean_menu_typo_font_size":0,"ocean_menu_typo_font_size_tablet":0,"ocean_menu_typo_font_size_mobile":0,"ocean_menu_typo_font_size_unit":"px","ocean_menu_typo_font_weight":"","ocean_menu_typo_font_weight_tablet":"","ocean_menu_typo_font_weight_mobile":"","ocean_menu_typo_transform":"","ocean_menu_typo_transform_tablet":"","ocean_menu_typo_transform_mobile":"","ocean_menu_typo_line_height":0,"ocean_menu_typo_line_height_tablet":0,"ocean_menu_typo_line_height_mobile":0,"ocean_menu_typo_line_height_unit":"","ocean_menu_typo_spacing":0,"ocean_menu_typo_spacing_tablet":0,"ocean_menu_typo_spacing_mobile":0,"ocean_menu_typo_spacing_unit":"","ocean_menu_link_color":"","ocean_menu_link_color_hover":"","ocean_menu_link_color_active":"","ocean_menu_link_background":"","ocean_menu_link_hover_background":"","ocean_menu_link_active_background":"","ocean_menu_social_links_bg":"","ocean_menu_social_hover_links_bg":"","ocean_menu_social_links_color":"","ocean_menu_social_hover_links_color":"","ocean_disable_title":"default","ocean_disable_heading":"default","ocean_post_title":"","ocean_post_subheading":"","ocean_post_title_style":"default","ocean_post_title_background_color":"","ocean_post_title_background":0,"ocean_post_title_bg_image_position":"","ocean_post_title_bg_image_attachment":"","ocean_post_title_bg_image_repeat":"","ocean_post_title_bg_image_size":"","ocean_post_title_height":0,"ocean_post_title_bg_overlay":0.5,"ocean_post_title_bg_overlay_color":"","ocean_disable_breadcrumbs":"on","ocean_breadcrumbs_color":"","ocean_breadcrumbs_separator_color":"","ocean_breadcrumbs_links_color":"","ocean_breadcrumbs_links_hover_color":"","ocean_display_footer_widgets":"default","ocean_display_footer_bottom":"default","ocean_custom_footer_template":"0"},"product_brand":[],"product_cat":[32],"product_tag":[],"class_list":{"0":"post-18487","1":"product","2":"type-product","3":"status-publish","4":"has-post-thumbnail","6":"product_cat-cages-veterinaires","8":"entry","9":"has-media","11":"first","12":"instock","13":"shipping-taxable","14":"product-type-simple","15":"has-product-nav","16":"col","17":"span_1_of_4","18":"owp-content-center","19":"owp-thumbs-layout-vertical","20":"owp-btn-normal","21":"owp-tabs-layout-horizontal"},"yoast_head":"<!-- This site is optimized with the Yoast SEO plugin v27.0 - https:\/\/yoast.com\/product\/yoast-seo-wordpress\/ -->\n<title>Veterin\u00e4rmedizinische Bodenwaage - 200kg- Vetinox<\/title>\n<meta name=\"description\" content=\"Entdecken Sie unsere Veterin\u00e4r-Bodenwaage, die f\u00fcr eine Belastung von 200 kg geeignet ist und f\u00fcr kleine und gro\u00dfe Tiere geeignet ist.\" \/>\n<meta name=\"robots\" content=\"index, follow, max-snippet:-1, max-image-preview:large, max-video-preview:-1\" \/>\n<link rel=\"canonical\" href=\"https:\/\/www.vetinox.fr\/de\/produit\/bodenwageplatte-200kg\/\" \/>\n<meta property=\"og:locale\" content=\"de_DE\" \/>\n<meta property=\"og:type\" content=\"article\" \/>\n<meta property=\"og:title\" content=\"Veterin\u00e4rmedizinische Bodenwaage - 200kg- Vetinox\" \/>\n<meta property=\"og:description\" content=\"Entdecken Sie unsere Veterin\u00e4r-Bodenwaage, die f\u00fcr eine Belastung von 200 kg geeignet ist und f\u00fcr kleine und gro\u00dfe Tiere geeignet ist.\" \/>\n<meta property=\"og:url\" content=\"https:\/\/www.vetinox.fr\/de\/produit\/bodenwageplatte-200kg\/\" \/>\n<meta property=\"og:site_name\" content=\"Vetinox\" \/>\n<meta property=\"og:image\" content=\"https:\/\/www.vetinox.fr\/wp-content\/uploads\/2021\/05\/EQ300000-N1.jpg\" \/>\n\t<meta property=\"og:image:width\" content=\"600\" \/>\n\t<meta property=\"og:image:height\" content=\"600\" \/>\n\t<meta property=\"og:image:type\" content=\"image\/jpeg\" \/>\n<meta name=\"twitter:card\" content=\"summary_large_image\" \/>\n<script type=\"application\/ld+json\" class=\"yoast-schema-graph\">{\"@context\":\"https:\/\/schema.org\",\"@graph\":[{\"@type\":\"WebPage\",\"@id\":\"https:\/\/www.vetinox.fr\/de\/produit\/bodenwageplatte-200kg\/\",\"url\":\"https:\/\/www.vetinox.fr\/de\/produit\/bodenwageplatte-200kg\/\",\"name\":\"Veterin\u00e4rmedizinische Bodenwaage - 200kg- Vetinox\",\"isPartOf\":{\"@id\":\"https:\/\/www.vetinox.fr\/#website\"},\"primaryImageOfPage\":{\"@id\":\"https:\/\/www.vetinox.fr\/de\/produit\/bodenwageplatte-200kg\/#primaryimage\"},\"image\":{\"@id\":\"https:\/\/www.vetinox.fr\/de\/produit\/bodenwageplatte-200kg\/#primaryimage\"},\"thumbnailUrl\":\"https:\/\/www.vetinox.fr\/wp-content\/uploads\/2021\/06\/Vetinox_EQ300000_PlateauDePeseeAuSol200kg.jpg\",\"datePublished\":\"2021-12-19T15:36:13+00:00\",\"description\":\"Entdecken Sie unsere Veterin\u00e4r-Bodenwaage, die f\u00fcr eine Belastung von 200 kg geeignet ist und f\u00fcr kleine und gro\u00dfe Tiere geeignet ist.\",\"breadcrumb\":{\"@id\":\"https:\/\/www.vetinox.fr\/de\/produit\/bodenwageplatte-200kg\/#breadcrumb\"},\"inLanguage\":\"de\",\"potentialAction\":[{\"@type\":\"ReadAction\",\"target\":[\"https:\/\/www.vetinox.fr\/de\/produit\/bodenwageplatte-200kg\/\"]}]},{\"@type\":\"ImageObject\",\"inLanguage\":\"de\",\"@id\":\"https:\/\/www.vetinox.fr\/de\/produit\/bodenwageplatte-200kg\/#primaryimage\",\"url\":\"https:\/\/www.vetinox.fr\/wp-content\/uploads\/2021\/06\/Vetinox_EQ300000_PlateauDePeseeAuSol200kg.jpg\",\"contentUrl\":\"https:\/\/www.vetinox.fr\/wp-content\/uploads\/2021\/06\/Vetinox_EQ300000_PlateauDePeseeAuSol200kg.jpg\",\"width\":1004,\"height\":569,\"caption\":\"Plateau de pes\u00e9e au sol 200kg\"},{\"@type\":\"BreadcrumbList\",\"@id\":\"https:\/\/www.vetinox.fr\/de\/produit\/bodenwageplatte-200kg\/#breadcrumb\",\"itemListElement\":[{\"@type\":\"ListItem\",\"position\":1,\"name\":\"Accueil\",\"item\":\"https:\/\/www.vetinox.fr\/en\/\"},{\"@type\":\"ListItem\",\"position\":2,\"name\":\"Archiv Produkte\",\"item\":\"https:\/\/www.vetinox.fr\/de\/produktarchiv\/\"},{\"@type\":\"ListItem\",\"position\":3,\"name\":\"Produkte f\u00fcr tier\u00e4rztliche Ausr\u00fcstung\",\"item\":\"https:\/\/www.vetinox.fr\/de\/Produktkategorien\/produkte-fur-tierarztliche-ausrustung\/\"},{\"@type\":\"ListItem\",\"position\":4,\"name\":\"Elektrische veterin\u00e4rmedizinische Ger\u00e4te\",\"item\":\"https:\/\/www.vetinox.fr\/de\/Produktkategorien\/produkte-fur-tierarztliche-ausrustung\/elektrische-veterinaermedizinische-geraete\/\"},{\"@type\":\"ListItem\",\"position\":5,\"name\":\"Bodenwaagschale 200kg\"}]},{\"@type\":\"WebSite\",\"@id\":\"https:\/\/www.vetinox.fr\/#website\",\"url\":\"https:\/\/www.vetinox.fr\/\",\"name\":\"Vetinox\",\"description\":\"Equipement Veterinaire\",\"publisher\":{\"@id\":\"https:\/\/www.vetinox.fr\/#organization\"},\"potentialAction\":[{\"@type\":\"SearchAction\",\"target\":{\"@type\":\"EntryPoint\",\"urlTemplate\":\"https:\/\/www.vetinox.fr\/?s={search_term_string}\"},\"query-input\":{\"@type\":\"PropertyValueSpecification\",\"valueRequired\":true,\"valueName\":\"search_term_string\"}}],\"inLanguage\":\"de\"},{\"@type\":\"Organization\",\"@id\":\"https:\/\/www.vetinox.fr\/#organization\",\"name\":\"Vetinox\",\"url\":\"https:\/\/www.vetinox.fr\/\",\"logo\":{\"@type\":\"ImageObject\",\"inLanguage\":\"de\",\"@id\":\"https:\/\/www.vetinox.fr\/#\/schema\/logo\/image\/\",\"url\":\"https:\/\/www.vetinox.fr\/wp-content\/uploads\/2018\/11\/Logo-Vetinox-2.png\",\"contentUrl\":\"https:\/\/www.vetinox.fr\/wp-content\/uploads\/2018\/11\/Logo-Vetinox-2.png\",\"width\":414,\"height\":126,\"caption\":\"Vetinox\"},\"image\":{\"@id\":\"https:\/\/www.vetinox.fr\/#\/schema\/logo\/image\/\"}}]}<\/script>\n<!-- \/ Yoast SEO plugin. -->","yoast_head_json":{"title":"Veterin\u00e4rmedizinische Bodenwaage - 200kg- Vetinox","description":"Entdecken Sie unsere Veterin\u00e4r-Bodenwaage, die f\u00fcr eine Belastung von 200 kg geeignet ist und f\u00fcr kleine und gro\u00dfe Tiere geeignet ist.","robots":{"index":"index","follow":"follow","max-snippet":"max-snippet:-1","max-image-preview":"max-image-preview:large","max-video-preview":"max-video-preview:-1"},"canonical":"https:\/\/www.vetinox.fr\/de\/produit\/bodenwageplatte-200kg\/","og_locale":"de_DE","og_type":"article","og_title":"Veterin\u00e4rmedizinische Bodenwaage - 200kg- Vetinox","og_description":"Entdecken Sie unsere Veterin\u00e4r-Bodenwaage, die f\u00fcr eine Belastung von 200 kg geeignet ist und f\u00fcr kleine und gro\u00dfe Tiere geeignet ist.","og_url":"https:\/\/www.vetinox.fr\/de\/produit\/bodenwageplatte-200kg\/","og_site_name":"Vetinox","og_image":[{"width":600,"height":600,"url":"https:\/\/www.vetinox.fr\/wp-content\/uploads\/2021\/05\/EQ300000-N1.jpg","type":"image\/jpeg"}],"twitter_card":"summary_large_image","schema":{"@context":"https:\/\/schema.org","@graph":[{"@type":"WebPage","@id":"https:\/\/www.vetinox.fr\/de\/produit\/bodenwageplatte-200kg\/","url":"https:\/\/www.vetinox.fr\/de\/produit\/bodenwageplatte-200kg\/","name":"Veterin\u00e4rmedizinische Bodenwaage - 200kg- Vetinox","isPartOf":{"@id":"https:\/\/www.vetinox.fr\/#website"},"primaryImageOfPage":{"@id":"https:\/\/www.vetinox.fr\/de\/produit\/bodenwageplatte-200kg\/#primaryimage"},"image":{"@id":"https:\/\/www.vetinox.fr\/de\/produit\/bodenwageplatte-200kg\/#primaryimage"},"thumbnailUrl":"https:\/\/www.vetinox.fr\/wp-content\/uploads\/2021\/06\/Vetinox_EQ300000_PlateauDePeseeAuSol200kg.jpg","datePublished":"2021-12-19T15:36:13+00:00","description":"Entdecken Sie unsere Veterin\u00e4r-Bodenwaage, die f\u00fcr eine Belastung von 200 kg geeignet ist und f\u00fcr kleine und gro\u00dfe Tiere geeignet ist.","breadcrumb":{"@id":"https:\/\/www.vetinox.fr\/de\/produit\/bodenwageplatte-200kg\/#breadcrumb"},"inLanguage":"de","potentialAction":[{"@type":"ReadAction","target":["https:\/\/www.vetinox.fr\/de\/produit\/bodenwageplatte-200kg\/"]}]},{"@type":"ImageObject","inLanguage":"de","@id":"https:\/\/www.vetinox.fr\/de\/produit\/bodenwageplatte-200kg\/#primaryimage","url":"https:\/\/www.vetinox.fr\/wp-content\/uploads\/2021\/06\/Vetinox_EQ300000_PlateauDePeseeAuSol200kg.jpg","contentUrl":"https:\/\/www.vetinox.fr\/wp-content\/uploads\/2021\/06\/Vetinox_EQ300000_PlateauDePeseeAuSol200kg.jpg","width":1004,"height":569,"caption":"Plateau de pes\u00e9e au sol 200kg"},{"@type":"BreadcrumbList","@id":"https:\/\/www.vetinox.fr\/de\/produit\/bodenwageplatte-200kg\/#breadcrumb","itemListElement":[{"@type":"ListItem","position":1,"name":"Accueil","item":"https:\/\/www.vetinox.fr\/en\/"},{"@type":"ListItem","position":2,"name":"Archiv Produkte","item":"https:\/\/www.vetinox.fr\/de\/produktarchiv\/"},{"@type":"ListItem","position":3,"name":"Produkte f\u00fcr tier\u00e4rztliche Ausr\u00fcstung","item":"https:\/\/www.vetinox.fr\/de\/Produktkategorien\/produkte-fur-tierarztliche-ausrustung\/"},{"@type":"ListItem","position":4,"name":"Elektrische veterin\u00e4rmedizinische Ger\u00e4te","item":"https:\/\/www.vetinox.fr\/de\/Produktkategorien\/produkte-fur-tierarztliche-ausrustung\/elektrische-veterinaermedizinische-geraete\/"},{"@type":"ListItem","position":5,"name":"Bodenwaagschale 200kg"}]},{"@type":"WebSite","@id":"https:\/\/www.vetinox.fr\/#website","url":"https:\/\/www.vetinox.fr\/","name":"Vetinox","description":"Equipement Veterinaire","publisher":{"@id":"https:\/\/www.vetinox.fr\/#organization"},"potentialAction":[{"@type":"SearchAction","target":{"@type":"EntryPoint","urlTemplate":"https:\/\/www.vetinox.fr\/?s={search_term_string}"},"query-input":{"@type":"PropertyValueSpecification","valueRequired":true,"valueName":"search_term_string"}}],"inLanguage":"de"},{"@type":"Organization","@id":"https:\/\/www.vetinox.fr\/#organization","name":"Vetinox","url":"https:\/\/www.vetinox.fr\/","logo":{"@type":"ImageObject","inLanguage":"de","@id":"https:\/\/www.vetinox.fr\/#\/schema\/logo\/image\/","url":"https:\/\/www.vetinox.fr\/wp-content\/uploads\/2018\/11\/Logo-Vetinox-2.png","contentUrl":"https:\/\/www.vetinox.fr\/wp-content\/uploads\/2018\/11\/Logo-Vetinox-2.png","width":414,"height":126,"caption":"Vetinox"},"image":{"@id":"https:\/\/www.vetinox.fr\/#\/schema\/logo\/image\/"}}]}},"_links":{"self":[{"href":"https:\/\/www.vetinox.fr\/de\/wp-json\/wp\/v2\/product\/18487","targetHints":{"allow":["GET"]}}],"collection":[{"href":"https:\/\/www.vetinox.fr\/de\/wp-json\/wp\/v2\/product"}],"about":[{"href":"https:\/\/www.vetinox.fr\/de\/wp-json\/wp\/v2\/types\/product"}],"version-history":[{"count":0,"href":"https:\/\/www.vetinox.fr\/de\/wp-json\/wp\/v2\/product\/18487\/revisions"}],"wp:featuredmedia":[{"embeddable":true,"href":"https:\/\/www.vetinox.fr\/de\/wp-json\/wp\/v2\/media\/24431"}],"wp:attachment":[{"href":"https:\/\/www.vetinox.fr\/de\/wp-json\/wp\/v2\/media?parent=18487"}],"wp:term":[{"taxonomy":"product_brand","embeddable":true,"href":"https:\/\/www.vetinox.fr\/de\/wp-json\/wp\/v2\/product_brand?post=18487"},{"taxonomy":"product_cat","embeddable":true,"href":"https:\/\/www.vetinox.fr\/de\/wp-json\/wp\/v2\/product_cat?post=18487"},{"taxonomy":"product_tag","embeddable":true,"href":"https:\/\/www.vetinox.fr\/de\/wp-json\/wp\/v2\/product_tag?post=18487"}],"curies":[{"name":"wp","href":"https:\/\/api.w.org\/{rel}","templated":true}]}}