{"id":18502,"date":"2021-06-01T17:00:56","date_gmt":"2021-12-19T15:36:20","guid":{"rendered":"https:\/\/www.vetinox.fr\/produit\/tisch-stummer-assistent-tierarzt\/"},"modified":"2021-12-19T16:36:23","modified_gmt":"2021-12-19T15:36:23","slug":"assistant-muet-veterine","status":"publish","type":"product","link":"https:\/\/www.vetinox.fr\/de\/produit\/assistant-muet-veterine\/","title":{"rendered":"Tisch stummer Assistent Tierarzt"},"content":{"rendered":"<p>Merkmale des stummen Tierarzthelfers :<\/p>\n<ul>\n<li>Material: rostfreier Stahl<\/li>\n<li>Verstellbare H\u00f6he von 75 bis 120 cm<\/li>\n<li>Tablett mit erh\u00f6htem Rand 60 x 40 cm<\/li>\n<li>Assistent mit 4 R\u00e4dern, davon 2 mit Bremsen ausgestattet<\/li>\n<li>Gestell aus Edelstahlrohr<\/li>\n<li>5 Jahre Garantie gegen Korrosion<\/li>\n<\/ul>\n","protected":false},"excerpt":{"rendered":"<p>Stummer Assistent, medizinische Ausr\u00fcstung, die f\u00fcr \u00c4rzte und Chirurgen bei tier\u00e4rztlichen Operationen unerl\u00e4sslich ist.<\/p>\n<p>Der Assistent besteht aus rostfreiem Stahl, einem langlebigen und robusten Material, das die in Operationss\u00e4len und Tierkliniken \u00fcblichen Hygienestandards erf\u00fcllt.<\/p>\n<p>Dank der verstellbaren H\u00f6he und des Gestells auf Rollen k\u00f6nnen Sie es ganz nach Belieben einrichten und nutzen. Die Gr\u00f6\u00dfe und die erh\u00f6hten Kanten des Tabletts erm\u00f6glichen es, verschiedene chirurgische Werkzeuge darauf zu platzieren.<\/p>\n<p>&nbsp;<\/p>\n","protected":false},"featured_media":24473,"template":"","meta":{"ocean_post_layout":"full-screen","ocean_both_sidebars_style":"","ocean_both_sidebars_content_width":0,"ocean_both_sidebars_sidebars_width":0,"ocean_sidebar":"0","ocean_second_sidebar":"0","ocean_disable_margins":"on","ocean_add_body_class":"","ocean_shortcode_before_top_bar":"","ocean_shortcode_after_top_bar":"","ocean_shortcode_before_header":"","ocean_shortcode_after_header":"","ocean_has_shortcode":"","ocean_shortcode_after_title":"","ocean_shortcode_before_footer_widgets":"","ocean_shortcode_after_footer_widgets":"","ocean_shortcode_before_footer_bottom":"","ocean_shortcode_after_footer_bottom":"","ocean_display_top_bar":"default","ocean_display_header":"default","ocean_header_style":"","ocean_center_header_left_menu":"0","ocean_custom_header_template":"0","ocean_custom_logo":0,"ocean_custom_retina_logo":0,"ocean_custom_logo_max_width":0,"ocean_custom_logo_tablet_max_width":0,"ocean_custom_logo_mobile_max_width":0,"ocean_custom_logo_max_height":0,"ocean_custom_logo_tablet_max_height":0,"ocean_custom_logo_mobile_max_height":0,"ocean_header_custom_menu":"0","ocean_menu_typo_font_family":"0","ocean_menu_typo_font_subset":"","ocean_menu_typo_font_size":0,"ocean_menu_typo_font_size_tablet":0,"ocean_menu_typo_font_size_mobile":0,"ocean_menu_typo_font_size_unit":"px","ocean_menu_typo_font_weight":"","ocean_menu_typo_font_weight_tablet":"","ocean_menu_typo_font_weight_mobile":"","ocean_menu_typo_transform":"","ocean_menu_typo_transform_tablet":"","ocean_menu_typo_transform_mobile":"","ocean_menu_typo_line_height":0,"ocean_menu_typo_line_height_tablet":0,"ocean_menu_typo_line_height_mobile":0,"ocean_menu_typo_line_height_unit":"","ocean_menu_typo_spacing":0,"ocean_menu_typo_spacing_tablet":0,"ocean_menu_typo_spacing_mobile":0,"ocean_menu_typo_spacing_unit":"","ocean_menu_link_color":"","ocean_menu_link_color_hover":"","ocean_menu_link_color_active":"","ocean_menu_link_background":"","ocean_menu_link_hover_background":"","ocean_menu_link_active_background":"","ocean_menu_social_links_bg":"","ocean_menu_social_hover_links_bg":"","ocean_menu_social_links_color":"","ocean_menu_social_hover_links_color":"","ocean_disable_title":"default","ocean_disable_heading":"default","ocean_post_title":"","ocean_post_subheading":"","ocean_post_title_style":"default","ocean_post_title_background_color":"","ocean_post_title_background":0,"ocean_post_title_bg_image_position":"","ocean_post_title_bg_image_attachment":"","ocean_post_title_bg_image_repeat":"","ocean_post_title_bg_image_size":"","ocean_post_title_height":0,"ocean_post_title_bg_overlay":0.5,"ocean_post_title_bg_overlay_color":"","ocean_disable_breadcrumbs":"on","ocean_breadcrumbs_color":"","ocean_breadcrumbs_separator_color":"","ocean_breadcrumbs_links_color":"","ocean_breadcrumbs_links_hover_color":"","ocean_display_footer_widgets":"default","ocean_display_footer_bottom":"default","ocean_custom_footer_template":"0"},"product_brand":[],"product_cat":[32],"product_tag":[],"class_list":{"0":"post-18502","1":"product","2":"type-product","3":"status-publish","4":"has-post-thumbnail","6":"product_cat-cages-veterinaires","8":"entry","9":"has-media","11":"first","12":"instock","13":"shipping-taxable","14":"product-type-simple","15":"has-product-nav","16":"col","17":"span_1_of_4","18":"owp-content-center","19":"owp-thumbs-layout-vertical","20":"owp-btn-normal","21":"owp-tabs-layout-horizontal"},"yoast_head":"<!-- This site is optimized with the Yoast SEO plugin v27.0 - https:\/\/yoast.com\/product\/yoast-seo-wordpress\/ -->\n<title>Stummer Tierarzt-Assistententisch mit R\u00e4dern - Vetinox<\/title>\n<meta name=\"description\" content=\"Entdecken Sie unseren stummen Assistenten f\u00fcr die Tierarztpraxis auf R\u00e4dern, der bei tier\u00e4rztlichen Operationen unverzichtbar ist.\" \/>\n<meta name=\"robots\" content=\"index, follow, max-snippet:-1, max-image-preview:large, max-video-preview:-1\" \/>\n<link rel=\"canonical\" href=\"https:\/\/www.vetinox.fr\/de\/produit\/assistant-muet-veterine\/\" \/>\n<meta property=\"og:locale\" content=\"de_DE\" \/>\n<meta property=\"og:type\" content=\"article\" \/>\n<meta property=\"og:title\" content=\"Stummer Tierarzt-Assistententisch mit R\u00e4dern - Vetinox\" \/>\n<meta property=\"og:description\" content=\"Entdecken Sie unseren stummen Assistenten f\u00fcr die Tierarztpraxis auf R\u00e4dern, der bei tier\u00e4rztlichen Operationen unverzichtbar ist.\" \/>\n<meta property=\"og:url\" content=\"https:\/\/www.vetinox.fr\/de\/produit\/assistant-muet-veterine\/\" \/>\n<meta property=\"og:site_name\" content=\"Vetinox\" \/>\n<meta property=\"article:modified_time\" content=\"2021-12-19T15:36:23+00:00\" \/>\n<meta property=\"og:image\" content=\"https:\/\/www.vetinox.fr\/wp-content\/uploads\/2019\/03\/EQ600008-Table-Assistant-muet-reglable-en-hauteur-plateau-600x400-N1.jpg\" \/>\n\t<meta property=\"og:image:width\" content=\"600\" \/>\n\t<meta property=\"og:image:height\" content=\"600\" \/>\n\t<meta property=\"og:image:type\" content=\"image\/jpeg\" \/>\n<meta name=\"twitter:card\" content=\"summary_large_image\" \/>\n<script type=\"application\/ld+json\" class=\"yoast-schema-graph\">{\"@context\":\"https:\/\/schema.org\",\"@graph\":[{\"@type\":\"WebPage\",\"@id\":\"https:\/\/www.vetinox.fr\/de\/produit\/assistant-muet-veterine\/\",\"url\":\"https:\/\/www.vetinox.fr\/de\/produit\/assistant-muet-veterine\/\",\"name\":\"Stummer Tierarzt-Assistententisch mit R\u00e4dern - Vetinox\",\"isPartOf\":{\"@id\":\"https:\/\/www.vetinox.fr\/#website\"},\"primaryImageOfPage\":{\"@id\":\"https:\/\/www.vetinox.fr\/de\/produit\/assistant-muet-veterine\/#primaryimage\"},\"image\":{\"@id\":\"https:\/\/www.vetinox.fr\/de\/produit\/assistant-muet-veterine\/#primaryimage\"},\"thumbnailUrl\":\"https:\/\/www.vetinox.fr\/wp-content\/uploads\/2021\/06\/Vetinox_EQ600008TableAssistantMuetReglableEnHauteurPlateau.jpg\",\"datePublished\":\"2021-12-19T15:36:20+00:00\",\"dateModified\":\"2021-12-19T15:36:23+00:00\",\"description\":\"Entdecken Sie unseren stummen Assistenten f\u00fcr die Tierarztpraxis auf R\u00e4dern, der bei tier\u00e4rztlichen Operationen unverzichtbar ist.\",\"breadcrumb\":{\"@id\":\"https:\/\/www.vetinox.fr\/de\/produit\/assistant-muet-veterine\/#breadcrumb\"},\"inLanguage\":\"de\",\"potentialAction\":[{\"@type\":\"ReadAction\",\"target\":[\"https:\/\/www.vetinox.fr\/de\/produit\/assistant-muet-veterine\/\"]}]},{\"@type\":\"ImageObject\",\"inLanguage\":\"de\",\"@id\":\"https:\/\/www.vetinox.fr\/de\/produit\/assistant-muet-veterine\/#primaryimage\",\"url\":\"https:\/\/www.vetinox.fr\/wp-content\/uploads\/2021\/06\/Vetinox_EQ600008TableAssistantMuetReglableEnHauteurPlateau.jpg\",\"contentUrl\":\"https:\/\/www.vetinox.fr\/wp-content\/uploads\/2021\/06\/Vetinox_EQ600008TableAssistantMuetReglableEnHauteurPlateau.jpg\",\"width\":1004,\"height\":569,\"caption\":\"Table Assistant muet plateau inox\"},{\"@type\":\"BreadcrumbList\",\"@id\":\"https:\/\/www.vetinox.fr\/de\/produit\/assistant-muet-veterine\/#breadcrumb\",\"itemListElement\":[{\"@type\":\"ListItem\",\"position\":1,\"name\":\"Accueil\",\"item\":\"https:\/\/www.vetinox.fr\/en\/\"},{\"@type\":\"ListItem\",\"position\":2,\"name\":\"Archiv Produkte\",\"item\":\"https:\/\/www.vetinox.fr\/de\/produktarchiv\/\"},{\"@type\":\"ListItem\",\"position\":3,\"name\":\"Produkte f\u00fcr tier\u00e4rztliche Ausr\u00fcstung\",\"item\":\"https:\/\/www.vetinox.fr\/de\/Produktkategorien\/produkte-fur-tierarztliche-ausrustung\/\"},{\"@type\":\"ListItem\",\"position\":4,\"name\":\"Verschiedene tier\u00e4rztliche Ausr\u00fcstungen\",\"item\":\"https:\/\/www.vetinox.fr\/de\/Produktkategorien\/produkte-fur-tierarztliche-ausrustung\/verschiedene-tierarztliche-ausrustungen\/\"},{\"@type\":\"ListItem\",\"position\":5,\"name\":\"Tisch stummer Assistent Tierarzt\"}]},{\"@type\":\"WebSite\",\"@id\":\"https:\/\/www.vetinox.fr\/#website\",\"url\":\"https:\/\/www.vetinox.fr\/\",\"name\":\"Vetinox\",\"description\":\"Equipement Veterinaire\",\"publisher\":{\"@id\":\"https:\/\/www.vetinox.fr\/#organization\"},\"potentialAction\":[{\"@type\":\"SearchAction\",\"target\":{\"@type\":\"EntryPoint\",\"urlTemplate\":\"https:\/\/www.vetinox.fr\/?s={search_term_string}\"},\"query-input\":{\"@type\":\"PropertyValueSpecification\",\"valueRequired\":true,\"valueName\":\"search_term_string\"}}],\"inLanguage\":\"de\"},{\"@type\":\"Organization\",\"@id\":\"https:\/\/www.vetinox.fr\/#organization\",\"name\":\"Vetinox\",\"url\":\"https:\/\/www.vetinox.fr\/\",\"logo\":{\"@type\":\"ImageObject\",\"inLanguage\":\"de\",\"@id\":\"https:\/\/www.vetinox.fr\/#\/schema\/logo\/image\/\",\"url\":\"https:\/\/www.vetinox.fr\/wp-content\/uploads\/2018\/11\/Logo-Vetinox-2.png\",\"contentUrl\":\"https:\/\/www.vetinox.fr\/wp-content\/uploads\/2018\/11\/Logo-Vetinox-2.png\",\"width\":414,\"height\":126,\"caption\":\"Vetinox\"},\"image\":{\"@id\":\"https:\/\/www.vetinox.fr\/#\/schema\/logo\/image\/\"}}]}<\/script>\n<!-- \/ Yoast SEO plugin. -->","yoast_head_json":{"title":"Stummer Tierarzt-Assistententisch mit R\u00e4dern - Vetinox","description":"Entdecken Sie unseren stummen Assistenten f\u00fcr die Tierarztpraxis auf R\u00e4dern, der bei tier\u00e4rztlichen Operationen unverzichtbar ist.","robots":{"index":"index","follow":"follow","max-snippet":"max-snippet:-1","max-image-preview":"max-image-preview:large","max-video-preview":"max-video-preview:-1"},"canonical":"https:\/\/www.vetinox.fr\/de\/produit\/assistant-muet-veterine\/","og_locale":"de_DE","og_type":"article","og_title":"Stummer Tierarzt-Assistententisch mit R\u00e4dern - Vetinox","og_description":"Entdecken Sie unseren stummen Assistenten f\u00fcr die Tierarztpraxis auf R\u00e4dern, der bei tier\u00e4rztlichen Operationen unverzichtbar ist.","og_url":"https:\/\/www.vetinox.fr\/de\/produit\/assistant-muet-veterine\/","og_site_name":"Vetinox","article_modified_time":"2021-12-19T15:36:23+00:00","og_image":[{"width":600,"height":600,"url":"https:\/\/www.vetinox.fr\/wp-content\/uploads\/2019\/03\/EQ600008-Table-Assistant-muet-reglable-en-hauteur-plateau-600x400-N1.jpg","type":"image\/jpeg"}],"twitter_card":"summary_large_image","schema":{"@context":"https:\/\/schema.org","@graph":[{"@type":"WebPage","@id":"https:\/\/www.vetinox.fr\/de\/produit\/assistant-muet-veterine\/","url":"https:\/\/www.vetinox.fr\/de\/produit\/assistant-muet-veterine\/","name":"Stummer Tierarzt-Assistententisch mit R\u00e4dern - Vetinox","isPartOf":{"@id":"https:\/\/www.vetinox.fr\/#website"},"primaryImageOfPage":{"@id":"https:\/\/www.vetinox.fr\/de\/produit\/assistant-muet-veterine\/#primaryimage"},"image":{"@id":"https:\/\/www.vetinox.fr\/de\/produit\/assistant-muet-veterine\/#primaryimage"},"thumbnailUrl":"https:\/\/www.vetinox.fr\/wp-content\/uploads\/2021\/06\/Vetinox_EQ600008TableAssistantMuetReglableEnHauteurPlateau.jpg","datePublished":"2021-12-19T15:36:20+00:00","dateModified":"2021-12-19T15:36:23+00:00","description":"Entdecken Sie unseren stummen Assistenten f\u00fcr die Tierarztpraxis auf R\u00e4dern, der bei tier\u00e4rztlichen Operationen unverzichtbar ist.","breadcrumb":{"@id":"https:\/\/www.vetinox.fr\/de\/produit\/assistant-muet-veterine\/#breadcrumb"},"inLanguage":"de","potentialAction":[{"@type":"ReadAction","target":["https:\/\/www.vetinox.fr\/de\/produit\/assistant-muet-veterine\/"]}]},{"@type":"ImageObject","inLanguage":"de","@id":"https:\/\/www.vetinox.fr\/de\/produit\/assistant-muet-veterine\/#primaryimage","url":"https:\/\/www.vetinox.fr\/wp-content\/uploads\/2021\/06\/Vetinox_EQ600008TableAssistantMuetReglableEnHauteurPlateau.jpg","contentUrl":"https:\/\/www.vetinox.fr\/wp-content\/uploads\/2021\/06\/Vetinox_EQ600008TableAssistantMuetReglableEnHauteurPlateau.jpg","width":1004,"height":569,"caption":"Table Assistant muet plateau inox"},{"@type":"BreadcrumbList","@id":"https:\/\/www.vetinox.fr\/de\/produit\/assistant-muet-veterine\/#breadcrumb","itemListElement":[{"@type":"ListItem","position":1,"name":"Accueil","item":"https:\/\/www.vetinox.fr\/en\/"},{"@type":"ListItem","position":2,"name":"Archiv Produkte","item":"https:\/\/www.vetinox.fr\/de\/produktarchiv\/"},{"@type":"ListItem","position":3,"name":"Produkte f\u00fcr tier\u00e4rztliche Ausr\u00fcstung","item":"https:\/\/www.vetinox.fr\/de\/Produktkategorien\/produkte-fur-tierarztliche-ausrustung\/"},{"@type":"ListItem","position":4,"name":"Verschiedene tier\u00e4rztliche Ausr\u00fcstungen","item":"https:\/\/www.vetinox.fr\/de\/Produktkategorien\/produkte-fur-tierarztliche-ausrustung\/verschiedene-tierarztliche-ausrustungen\/"},{"@type":"ListItem","position":5,"name":"Tisch stummer Assistent Tierarzt"}]},{"@type":"WebSite","@id":"https:\/\/www.vetinox.fr\/#website","url":"https:\/\/www.vetinox.fr\/","name":"Vetinox","description":"Equipement Veterinaire","publisher":{"@id":"https:\/\/www.vetinox.fr\/#organization"},"potentialAction":[{"@type":"SearchAction","target":{"@type":"EntryPoint","urlTemplate":"https:\/\/www.vetinox.fr\/?s={search_term_string}"},"query-input":{"@type":"PropertyValueSpecification","valueRequired":true,"valueName":"search_term_string"}}],"inLanguage":"de"},{"@type":"Organization","@id":"https:\/\/www.vetinox.fr\/#organization","name":"Vetinox","url":"https:\/\/www.vetinox.fr\/","logo":{"@type":"ImageObject","inLanguage":"de","@id":"https:\/\/www.vetinox.fr\/#\/schema\/logo\/image\/","url":"https:\/\/www.vetinox.fr\/wp-content\/uploads\/2018\/11\/Logo-Vetinox-2.png","contentUrl":"https:\/\/www.vetinox.fr\/wp-content\/uploads\/2018\/11\/Logo-Vetinox-2.png","width":414,"height":126,"caption":"Vetinox"},"image":{"@id":"https:\/\/www.vetinox.fr\/#\/schema\/logo\/image\/"}}]}},"_links":{"self":[{"href":"https:\/\/www.vetinox.fr\/de\/wp-json\/wp\/v2\/product\/18502","targetHints":{"allow":["GET"]}}],"collection":[{"href":"https:\/\/www.vetinox.fr\/de\/wp-json\/wp\/v2\/product"}],"about":[{"href":"https:\/\/www.vetinox.fr\/de\/wp-json\/wp\/v2\/types\/product"}],"version-history":[{"count":0,"href":"https:\/\/www.vetinox.fr\/de\/wp-json\/wp\/v2\/product\/18502\/revisions"}],"wp:featuredmedia":[{"embeddable":true,"href":"https:\/\/www.vetinox.fr\/de\/wp-json\/wp\/v2\/media\/24473"}],"wp:attachment":[{"href":"https:\/\/www.vetinox.fr\/de\/wp-json\/wp\/v2\/media?parent=18502"}],"wp:term":[{"taxonomy":"product_brand","embeddable":true,"href":"https:\/\/www.vetinox.fr\/de\/wp-json\/wp\/v2\/product_brand?post=18502"},{"taxonomy":"product_cat","embeddable":true,"href":"https:\/\/www.vetinox.fr\/de\/wp-json\/wp\/v2\/product_cat?post=18502"},{"taxonomy":"product_tag","embeddable":true,"href":"https:\/\/www.vetinox.fr\/de\/wp-json\/wp\/v2\/product_tag?post=18502"}],"curies":[{"name":"wp","href":"https:\/\/api.w.org\/{rel}","templated":true}]}}