{"id":18548,"date":"2021-01-13T19:20:53","date_gmt":"2021-12-19T16:02:19","guid":{"rendered":"https:\/\/www.vetinox.fr\/produit\/kaefig-hospitalisation-cat-friendly-fuer-lange-aufenthalte\/"},"modified":"2024-12-12T15:37:32","modified_gmt":"2024-12-12T14:37:32","slug":"kafig-hospitalisation-langzeit","status":"publish","type":"product","link":"https:\/\/www.vetinox.fr\/de\/produit\/kafig-hospitalisation-langzeit\/","title":{"rendered":"K\u00e4fig Hospitalisation Cat Friendly f\u00fcr lange Aufenthalte"},"content":{"rendered":"<p>Der K\u00e4fig ist dank einer herausnehmbaren Trennwand, die zwei Bereiche schafft, f\u00fcr lange Aufenthalte geeignet: den Schlafbereich auf der einen und den Einstreubereich auf der anderen Seite.<\/p>\n<p>K\u00e4figmerkmale :<\/p>\n<ul>\n<li>Der K\u00e4fig besteht aus Polyester, einem Material, das ideal f\u00fcr den Komfort der Tiere und die Reinigung ist.<\/li>\n<li>Die Oberfl\u00e4che und die H\u00f6he des K\u00e4figs sind f\u00fcr das Wohlbefinden der Katzen optimiert.<\/li>\n<li>Die entfernbare Trennwand besteht aus Polyethylen und enth\u00e4lt einen Durchgang, damit sich die Katze zwischen den beiden R\u00e4umen bewegen kann.<\/li>\n<li>Der K\u00e4fig verf\u00fcgt \u00fcber eine Sitzstange, auf der die Katzen hoch oben sitzen k\u00f6nnen und so die Kontrolle \u00fcber ihre Umgebung haben.<\/li>\n<li>Die T\u00fcr besteht aus einer Glaswand, die einen leichten Einblick in das Innere des K\u00e4figs erm\u00f6glicht.<\/li>\n<li>Die T\u00fcrschn\u00e4pper sind leicht zu bedienen und sicher.<\/li>\n<li>Der K\u00e4fig kann mit anderen veterin\u00e4rmedizinischen K\u00e4figen zusammengesteckt werden.<\/li>\n<\/ul>\n<p>Unser POLYVET-Veterin\u00e4rk\u00e4fig entspricht dem GOLD-Status der ISFM (International Society of Feline Medicine).<\/p>\n","protected":false},"excerpt":{"rendered":"<p>POLYVET K\u00e4fig f\u00fcr Langzeitaufenthalte (l\u00e4nger als 24 Stunden) aus unserem Cat Friendly-Sortiment, das speziell f\u00fcr das Wohlbefinden, den Komfort und die Sicherheit von Tieren entwickelt wurde. Die Gr\u00f6\u00dfe des K\u00e4figs sowie seine Einrichtung sind so konzipiert, dass sie den Komfort der Katzen optimieren und Stress reduzieren.<\/p>\n<p>Der Veterin\u00e4rk\u00e4fig mit langem Aufenthalt verf\u00fcgt \u00fcber eine herausnehmbare Trennwand, die zwei Bereiche schafft: den Schlafbereich auf der einen Seite und die Katzentoilette auf der anderen.<\/p>\n<p>Abmessungen :<\/p>\n<ul>\n<li>Tiefe: 650 mm<\/li>\n<li>Breite: 1460 mm<\/li>\n<li>H\u00f6he: 670 mm<\/li>\n<\/ul>\n<p>Unsere POLYVET-K\u00e4fige k\u00f6nnen zusammengebaut und auf einem Gestell mit Rollen montiert werden. F\u00fcr ein perfektes Finish Ihrer tier\u00e4rztlichen Ausr\u00fcstung k\u00f6nnen Sie dann die Furniere der K\u00e4fige w\u00e4hlen: wei\u00df oder holzfarben.<\/p>\n","protected":false},"featured_media":23330,"template":"","meta":{"ocean_post_layout":"","ocean_both_sidebars_style":"","ocean_both_sidebars_content_width":0,"ocean_both_sidebars_sidebars_width":0,"ocean_sidebar":"0","ocean_second_sidebar":"0","ocean_disable_margins":"enable","ocean_add_body_class":"","ocean_shortcode_before_top_bar":"","ocean_shortcode_after_top_bar":"","ocean_shortcode_before_header":"","ocean_shortcode_after_header":"","ocean_has_shortcode":"","ocean_shortcode_after_title":"","ocean_shortcode_before_footer_widgets":"","ocean_shortcode_after_footer_widgets":"","ocean_shortcode_before_footer_bottom":"","ocean_shortcode_after_footer_bottom":"","ocean_display_top_bar":"default","ocean_display_header":"default","ocean_header_style":"","ocean_center_header_left_menu":"0","ocean_custom_header_template":"0","ocean_custom_logo":0,"ocean_custom_retina_logo":0,"ocean_custom_logo_max_width":0,"ocean_custom_logo_tablet_max_width":0,"ocean_custom_logo_mobile_max_width":0,"ocean_custom_logo_max_height":0,"ocean_custom_logo_tablet_max_height":0,"ocean_custom_logo_mobile_max_height":0,"ocean_header_custom_menu":"0","ocean_menu_typo_font_family":"0","ocean_menu_typo_font_subset":"","ocean_menu_typo_font_size":0,"ocean_menu_typo_font_size_tablet":0,"ocean_menu_typo_font_size_mobile":0,"ocean_menu_typo_font_size_unit":"px","ocean_menu_typo_font_weight":"","ocean_menu_typo_font_weight_tablet":"","ocean_menu_typo_font_weight_mobile":"","ocean_menu_typo_transform":"","ocean_menu_typo_transform_tablet":"","ocean_menu_typo_transform_mobile":"","ocean_menu_typo_line_height":0,"ocean_menu_typo_line_height_tablet":0,"ocean_menu_typo_line_height_mobile":0,"ocean_menu_typo_line_height_unit":"","ocean_menu_typo_spacing":0,"ocean_menu_typo_spacing_tablet":0,"ocean_menu_typo_spacing_mobile":0,"ocean_menu_typo_spacing_unit":"","ocean_menu_link_color":"","ocean_menu_link_color_hover":"","ocean_menu_link_color_active":"","ocean_menu_link_background":"","ocean_menu_link_hover_background":"","ocean_menu_link_active_background":"","ocean_menu_social_links_bg":"","ocean_menu_social_hover_links_bg":"","ocean_menu_social_links_color":"","ocean_menu_social_hover_links_color":"","ocean_disable_title":"default","ocean_disable_heading":"default","ocean_post_title":"","ocean_post_subheading":"","ocean_post_title_style":"","ocean_post_title_background_color":"","ocean_post_title_background":0,"ocean_post_title_bg_image_position":"","ocean_post_title_bg_image_attachment":"","ocean_post_title_bg_image_repeat":"","ocean_post_title_bg_image_size":"","ocean_post_title_height":0,"ocean_post_title_bg_overlay":0.5,"ocean_post_title_bg_overlay_color":"","ocean_disable_breadcrumbs":"default","ocean_breadcrumbs_color":"","ocean_breadcrumbs_separator_color":"","ocean_breadcrumbs_links_color":"","ocean_breadcrumbs_links_hover_color":"","ocean_display_footer_widgets":"default","ocean_display_footer_bottom":"default","ocean_custom_footer_template":"0"},"product_brand":[],"product_cat":[273,271],"product_tag":[],"class_list":{"0":"post-18548","1":"product","2":"type-product","3":"status-publish","4":"has-post-thumbnail","6":"product_cat-kafige-cat-friendly","7":"product_cat-tierarztliche-kafige","8":"pa_type-de-porte-glashalter","10":"entry","11":"has-media","13":"first","14":"instock","15":"shipping-taxable","16":"product-type-simple","17":"has-product-nav","18":"col","19":"span_1_of_4","20":"owp-content-center","21":"owp-thumbs-layout-vertical","22":"owp-btn-normal","23":"owp-tabs-layout-horizontal"},"yoast_head":"<!-- This site is optimized with the Yoast SEO plugin v27.0 - https:\/\/yoast.com\/product\/yoast-seo-wordpress\/ -->\n<title>K\u00e4fig Hospitalisation Cat Friendly f\u00fcr lange Aufenthalte - Vetinox<\/title>\n<meta name=\"description\" content=\"Entdecken Sie unsere Cat Friendly K\u00e4fige f\u00fcr lange Aufenthalte, die an den Komfort und das Wohlbefinden von Katzen w\u00e4hrend tier\u00e4rztlicher Krankenhausaufenthalte angepasst sind.\" \/>\n<meta name=\"robots\" content=\"index, follow, max-snippet:-1, max-image-preview:large, max-video-preview:-1\" \/>\n<link rel=\"canonical\" href=\"https:\/\/www.vetinox.fr\/de\/produit\/kafig-hospitalisation-langzeit\/\" \/>\n<meta property=\"og:locale\" content=\"de_DE\" \/>\n<meta property=\"og:type\" content=\"article\" \/>\n<meta property=\"og:title\" content=\"K\u00e4fig Hospitalisation Cat Friendly f\u00fcr lange Aufenthalte - Vetinox\" \/>\n<meta property=\"og:description\" content=\"Entdecken Sie unsere Cat Friendly K\u00e4fige f\u00fcr lange Aufenthalte, die an den Komfort und das Wohlbefinden von Katzen w\u00e4hrend tier\u00e4rztlicher Krankenhausaufenthalte angepasst sind.\" \/>\n<meta property=\"og:url\" content=\"https:\/\/www.vetinox.fr\/de\/produit\/kafig-hospitalisation-langzeit\/\" \/>\n<meta property=\"og:site_name\" content=\"Vetinox\" \/>\n<meta property=\"article:modified_time\" content=\"2024-12-12T14:37:32+00:00\" \/>\n<meta property=\"og:image\" content=\"https:\/\/www.vetinox.fr\/wp-content\/uploads\/2021\/01\/Vetinox_CP800024CageHospitalisationPolyvetComboCatFriendly_LongSejour24h_2.jpg\" \/>\n\t<meta property=\"og:image:width\" content=\"1004\" \/>\n\t<meta property=\"og:image:height\" content=\"569\" \/>\n\t<meta property=\"og:image:type\" content=\"image\/jpeg\" \/>\n<meta name=\"twitter:card\" content=\"summary_large_image\" \/>\n<meta name=\"twitter:label1\" content=\"Gesch\u00e4tzte Lesezeit\" \/>\n\t<meta name=\"twitter:data1\" content=\"1\u00a0Minute\" \/>\n<script type=\"application\/ld+json\" class=\"yoast-schema-graph\">{\"@context\":\"https:\/\/schema.org\",\"@graph\":[{\"@type\":\"WebPage\",\"@id\":\"https:\/\/www.vetinox.fr\/de\/produit\/kafig-hospitalisation-langzeit\/\",\"url\":\"https:\/\/www.vetinox.fr\/de\/produit\/kafig-hospitalisation-langzeit\/\",\"name\":\"K\u00e4fig Hospitalisation Cat Friendly f\u00fcr lange Aufenthalte - Vetinox\",\"isPartOf\":{\"@id\":\"https:\/\/www.vetinox.fr\/#website\"},\"primaryImageOfPage\":{\"@id\":\"https:\/\/www.vetinox.fr\/de\/produit\/kafig-hospitalisation-langzeit\/#primaryimage\"},\"image\":{\"@id\":\"https:\/\/www.vetinox.fr\/de\/produit\/kafig-hospitalisation-langzeit\/#primaryimage\"},\"thumbnailUrl\":\"https:\/\/www.vetinox.fr\/wp-content\/uploads\/2021\/01\/Vetinox_CP800024CageHospitalisationPolyvetComboCatFriendly_LongSejour24h_2.jpg\",\"datePublished\":\"2021-12-19T16:02:19+00:00\",\"dateModified\":\"2024-12-12T14:37:32+00:00\",\"description\":\"Entdecken Sie unsere Cat Friendly K\u00e4fige f\u00fcr lange Aufenthalte, die an den Komfort und das Wohlbefinden von Katzen w\u00e4hrend tier\u00e4rztlicher Krankenhausaufenthalte angepasst sind.\",\"breadcrumb\":{\"@id\":\"https:\/\/www.vetinox.fr\/de\/produit\/kafig-hospitalisation-langzeit\/#breadcrumb\"},\"inLanguage\":\"de\",\"potentialAction\":[{\"@type\":\"ReadAction\",\"target\":[\"https:\/\/www.vetinox.fr\/de\/produit\/kafig-hospitalisation-langzeit\/\"]}]},{\"@type\":\"ImageObject\",\"inLanguage\":\"de\",\"@id\":\"https:\/\/www.vetinox.fr\/de\/produit\/kafig-hospitalisation-langzeit\/#primaryimage\",\"url\":\"https:\/\/www.vetinox.fr\/wp-content\/uploads\/2021\/01\/Vetinox_CP800024CageHospitalisationPolyvetComboCatFriendly_LongSejour24h_2.jpg\",\"contentUrl\":\"https:\/\/www.vetinox.fr\/wp-content\/uploads\/2021\/01\/Vetinox_CP800024CageHospitalisationPolyvetComboCatFriendly_LongSejour24h_2.jpg\",\"width\":1004,\"height\":569,\"caption\":\"Cage d\u2019hospitalisation long s\u00e9jour (sup\u00e9rieur \u00e0 24 heures) POLYVET issue de notre gamme Cat Friendly, gamme sp\u00e9cialement con\u00e7ue pour le bien-\u00eatre, le confort et la s\u00e9curit\u00e9 des animaux.\"},{\"@type\":\"BreadcrumbList\",\"@id\":\"https:\/\/www.vetinox.fr\/de\/produit\/kafig-hospitalisation-langzeit\/#breadcrumb\",\"itemListElement\":[{\"@type\":\"ListItem\",\"position\":1,\"name\":\"Accueil\",\"item\":\"https:\/\/www.vetinox.fr\/en\/\"},{\"@type\":\"ListItem\",\"position\":2,\"name\":\"Archiv Produkte\",\"item\":\"https:\/\/www.vetinox.fr\/de\/produktarchiv\/\"},{\"@type\":\"ListItem\",\"position\":3,\"name\":\"Tier\u00e4rztliche K\u00e4fige\",\"item\":\"https:\/\/www.vetinox.fr\/de\/Produktkategorien\/tierarztliche-kafige\/\"},{\"@type\":\"ListItem\",\"position\":4,\"name\":\"Cat-friendly K\u00e4fige\",\"item\":\"https:\/\/www.vetinox.fr\/de\/Produktkategorien\/tierarztliche-kafige\/kafige-cat-friendly\/\"},{\"@type\":\"ListItem\",\"position\":5,\"name\":\"K\u00e4fig Hospitalisation Cat Friendly f\u00fcr lange Aufenthalte\"}]},{\"@type\":\"WebSite\",\"@id\":\"https:\/\/www.vetinox.fr\/#website\",\"url\":\"https:\/\/www.vetinox.fr\/\",\"name\":\"Vetinox\",\"description\":\"Equipement Veterinaire\",\"publisher\":{\"@id\":\"https:\/\/www.vetinox.fr\/#organization\"},\"potentialAction\":[{\"@type\":\"SearchAction\",\"target\":{\"@type\":\"EntryPoint\",\"urlTemplate\":\"https:\/\/www.vetinox.fr\/?s={search_term_string}\"},\"query-input\":{\"@type\":\"PropertyValueSpecification\",\"valueRequired\":true,\"valueName\":\"search_term_string\"}}],\"inLanguage\":\"de\"},{\"@type\":\"Organization\",\"@id\":\"https:\/\/www.vetinox.fr\/#organization\",\"name\":\"Vetinox\",\"url\":\"https:\/\/www.vetinox.fr\/\",\"logo\":{\"@type\":\"ImageObject\",\"inLanguage\":\"de\",\"@id\":\"https:\/\/www.vetinox.fr\/#\/schema\/logo\/image\/\",\"url\":\"https:\/\/www.vetinox.fr\/wp-content\/uploads\/2018\/11\/Logo-Vetinox-2.png\",\"contentUrl\":\"https:\/\/www.vetinox.fr\/wp-content\/uploads\/2018\/11\/Logo-Vetinox-2.png\",\"width\":414,\"height\":126,\"caption\":\"Vetinox\"},\"image\":{\"@id\":\"https:\/\/www.vetinox.fr\/#\/schema\/logo\/image\/\"}}]}<\/script>\n<!-- \/ Yoast SEO plugin. -->","yoast_head_json":{"title":"K\u00e4fig Hospitalisation Cat Friendly f\u00fcr lange Aufenthalte - Vetinox","description":"Entdecken Sie unsere Cat Friendly K\u00e4fige f\u00fcr lange Aufenthalte, die an den Komfort und das Wohlbefinden von Katzen w\u00e4hrend tier\u00e4rztlicher Krankenhausaufenthalte angepasst sind.","robots":{"index":"index","follow":"follow","max-snippet":"max-snippet:-1","max-image-preview":"max-image-preview:large","max-video-preview":"max-video-preview:-1"},"canonical":"https:\/\/www.vetinox.fr\/de\/produit\/kafig-hospitalisation-langzeit\/","og_locale":"de_DE","og_type":"article","og_title":"K\u00e4fig Hospitalisation Cat Friendly f\u00fcr lange Aufenthalte - Vetinox","og_description":"Entdecken Sie unsere Cat Friendly K\u00e4fige f\u00fcr lange Aufenthalte, die an den Komfort und das Wohlbefinden von Katzen w\u00e4hrend tier\u00e4rztlicher Krankenhausaufenthalte angepasst sind.","og_url":"https:\/\/www.vetinox.fr\/de\/produit\/kafig-hospitalisation-langzeit\/","og_site_name":"Vetinox","article_modified_time":"2024-12-12T14:37:32+00:00","og_image":[{"width":1004,"height":569,"url":"https:\/\/www.vetinox.fr\/wp-content\/uploads\/2021\/01\/Vetinox_CP800024CageHospitalisationPolyvetComboCatFriendly_LongSejour24h_2.jpg","type":"image\/jpeg"}],"twitter_card":"summary_large_image","twitter_misc":{"Gesch\u00e4tzte Lesezeit":"1\u00a0Minute"},"schema":{"@context":"https:\/\/schema.org","@graph":[{"@type":"WebPage","@id":"https:\/\/www.vetinox.fr\/de\/produit\/kafig-hospitalisation-langzeit\/","url":"https:\/\/www.vetinox.fr\/de\/produit\/kafig-hospitalisation-langzeit\/","name":"K\u00e4fig Hospitalisation Cat Friendly f\u00fcr lange Aufenthalte - Vetinox","isPartOf":{"@id":"https:\/\/www.vetinox.fr\/#website"},"primaryImageOfPage":{"@id":"https:\/\/www.vetinox.fr\/de\/produit\/kafig-hospitalisation-langzeit\/#primaryimage"},"image":{"@id":"https:\/\/www.vetinox.fr\/de\/produit\/kafig-hospitalisation-langzeit\/#primaryimage"},"thumbnailUrl":"https:\/\/www.vetinox.fr\/wp-content\/uploads\/2021\/01\/Vetinox_CP800024CageHospitalisationPolyvetComboCatFriendly_LongSejour24h_2.jpg","datePublished":"2021-12-19T16:02:19+00:00","dateModified":"2024-12-12T14:37:32+00:00","description":"Entdecken Sie unsere Cat Friendly K\u00e4fige f\u00fcr lange Aufenthalte, die an den Komfort und das Wohlbefinden von Katzen w\u00e4hrend tier\u00e4rztlicher Krankenhausaufenthalte angepasst sind.","breadcrumb":{"@id":"https:\/\/www.vetinox.fr\/de\/produit\/kafig-hospitalisation-langzeit\/#breadcrumb"},"inLanguage":"de","potentialAction":[{"@type":"ReadAction","target":["https:\/\/www.vetinox.fr\/de\/produit\/kafig-hospitalisation-langzeit\/"]}]},{"@type":"ImageObject","inLanguage":"de","@id":"https:\/\/www.vetinox.fr\/de\/produit\/kafig-hospitalisation-langzeit\/#primaryimage","url":"https:\/\/www.vetinox.fr\/wp-content\/uploads\/2021\/01\/Vetinox_CP800024CageHospitalisationPolyvetComboCatFriendly_LongSejour24h_2.jpg","contentUrl":"https:\/\/www.vetinox.fr\/wp-content\/uploads\/2021\/01\/Vetinox_CP800024CageHospitalisationPolyvetComboCatFriendly_LongSejour24h_2.jpg","width":1004,"height":569,"caption":"Cage d\u2019hospitalisation long s\u00e9jour (sup\u00e9rieur \u00e0 24 heures) POLYVET issue de notre gamme Cat Friendly, gamme sp\u00e9cialement con\u00e7ue pour le bien-\u00eatre, le confort et la s\u00e9curit\u00e9 des animaux."},{"@type":"BreadcrumbList","@id":"https:\/\/www.vetinox.fr\/de\/produit\/kafig-hospitalisation-langzeit\/#breadcrumb","itemListElement":[{"@type":"ListItem","position":1,"name":"Accueil","item":"https:\/\/www.vetinox.fr\/en\/"},{"@type":"ListItem","position":2,"name":"Archiv Produkte","item":"https:\/\/www.vetinox.fr\/de\/produktarchiv\/"},{"@type":"ListItem","position":3,"name":"Tier\u00e4rztliche K\u00e4fige","item":"https:\/\/www.vetinox.fr\/de\/Produktkategorien\/tierarztliche-kafige\/"},{"@type":"ListItem","position":4,"name":"Cat-friendly K\u00e4fige","item":"https:\/\/www.vetinox.fr\/de\/Produktkategorien\/tierarztliche-kafige\/kafige-cat-friendly\/"},{"@type":"ListItem","position":5,"name":"K\u00e4fig Hospitalisation Cat Friendly f\u00fcr lange Aufenthalte"}]},{"@type":"WebSite","@id":"https:\/\/www.vetinox.fr\/#website","url":"https:\/\/www.vetinox.fr\/","name":"Vetinox","description":"Equipement Veterinaire","publisher":{"@id":"https:\/\/www.vetinox.fr\/#organization"},"potentialAction":[{"@type":"SearchAction","target":{"@type":"EntryPoint","urlTemplate":"https:\/\/www.vetinox.fr\/?s={search_term_string}"},"query-input":{"@type":"PropertyValueSpecification","valueRequired":true,"valueName":"search_term_string"}}],"inLanguage":"de"},{"@type":"Organization","@id":"https:\/\/www.vetinox.fr\/#organization","name":"Vetinox","url":"https:\/\/www.vetinox.fr\/","logo":{"@type":"ImageObject","inLanguage":"de","@id":"https:\/\/www.vetinox.fr\/#\/schema\/logo\/image\/","url":"https:\/\/www.vetinox.fr\/wp-content\/uploads\/2018\/11\/Logo-Vetinox-2.png","contentUrl":"https:\/\/www.vetinox.fr\/wp-content\/uploads\/2018\/11\/Logo-Vetinox-2.png","width":414,"height":126,"caption":"Vetinox"},"image":{"@id":"https:\/\/www.vetinox.fr\/#\/schema\/logo\/image\/"}}]}},"_links":{"self":[{"href":"https:\/\/www.vetinox.fr\/de\/wp-json\/wp\/v2\/product\/18548","targetHints":{"allow":["GET"]}}],"collection":[{"href":"https:\/\/www.vetinox.fr\/de\/wp-json\/wp\/v2\/product"}],"about":[{"href":"https:\/\/www.vetinox.fr\/de\/wp-json\/wp\/v2\/types\/product"}],"version-history":[{"count":0,"href":"https:\/\/www.vetinox.fr\/de\/wp-json\/wp\/v2\/product\/18548\/revisions"}],"wp:featuredmedia":[{"embeddable":true,"href":"https:\/\/www.vetinox.fr\/de\/wp-json\/wp\/v2\/media\/23330"}],"wp:attachment":[{"href":"https:\/\/www.vetinox.fr\/de\/wp-json\/wp\/v2\/media?parent=18548"}],"wp:term":[{"taxonomy":"product_brand","embeddable":true,"href":"https:\/\/www.vetinox.fr\/de\/wp-json\/wp\/v2\/product_brand?post=18548"},{"taxonomy":"product_cat","embeddable":true,"href":"https:\/\/www.vetinox.fr\/de\/wp-json\/wp\/v2\/product_cat?post=18548"},{"taxonomy":"product_tag","embeddable":true,"href":"https:\/\/www.vetinox.fr\/de\/wp-json\/wp\/v2\/product_tag?post=18548"}],"curies":[{"name":"wp","href":"https:\/\/api.w.org\/{rel}","templated":true}]}}