{"id":18614,"date":"2021-01-06T13:09:25","date_gmt":"2021-12-19T16:13:38","guid":{"rendered":"https:\/\/www.vetinox.fr\/produit\/polyesterkaefig-format-a-mit-glastuer-und-sauerstoffloch\/"},"modified":"2021-12-19T17:13:39","modified_gmt":"2021-12-19T16:13:39","slug":"polyesterkaefig-format-a-mit-glastuer-und-sauerstoffloch","status":"publish","type":"product","link":"https:\/\/www.vetinox.fr\/de\/produit\/polyesterkaefig-format-a-mit-glastuer-und-sauerstoffloch\/","title":{"rendered":"Polyesterk\u00e4fig &#8211; Format A &#8211; mit Glast\u00fcr und Sauerstoffloch"},"content":{"rendered":"<p>Merkmale von Veterin\u00e4rk\u00e4figen aus Polyester im A-Format :<\/p>\n<ul>\n<li style=\"font-size: 17px;\">Ma\u00dfe: 49 x 51 x 61 cm<\/li>\n<li>Glast\u00fcren mit Loch zum Durchf\u00fchren eines Sauerstoffschlauchs<\/li>\n<li>Auffangschublade<\/li>\n<li>Nach vorne geneigter K\u00e4figboden f\u00fcr leichteres Ablaufen und Reinigen<\/li>\n<li>Umkehrbare T\u00fcr\u00f6ffnung: rechts oder links<\/li>\n<li>Abgerundete Ecken<\/li>\n<\/ul>\n","protected":false},"excerpt":{"rendered":"<p>Veterin\u00e4rk\u00e4fige aus Polyester, einem f\u00fcr den Tierkomfort geeigneten Material, das die W\u00e4rme bewahrt und die L\u00e4rmbel\u00e4stigung verringert. Die K\u00e4fige sind in drei Gr\u00f6\u00dfen erh\u00e4ltlich, die sowohl f\u00fcr kleinere als auch f\u00fcr gr\u00f6\u00dfere Tiere geeignet sind, darunter dieses A-Format. Das T\u00fcrsystem besteht aus Standardglas und hat ein Loch, durch das ein Sauerstoffschlauch gef\u00fchrt werden kann, zu dem . <strong><br \/>\n  <a href=\"https:\/\/www.vetinox.fr\/produit\/embout-o2-fix-pour-porte-oxygene\/\">ein &#8222;O\u00b2 Fix&#8220;-Aufsatz<\/a><br \/>\n<\/strong>.<\/p>\n<p>Die K\u00e4fige sind modular aufgebaut und lassen sich durch Ineinanderstecken (ohne Schrauben) mit anderen K\u00e4figen verbinden, sodass verschiedene Layoutmodelle m\u00f6glich sind. Sie k\u00f6nnen dann auf ein Gestell mit R\u00e4dern montiert werden, was die Bewegung der Tiere erleichtert.<\/p>\n","protected":false},"featured_media":24802,"template":"","meta":{"ocean_post_layout":"full-screen","ocean_both_sidebars_style":"","ocean_both_sidebars_content_width":0,"ocean_both_sidebars_sidebars_width":0,"ocean_sidebar":"0","ocean_second_sidebar":"0","ocean_disable_margins":"on","ocean_add_body_class":"","ocean_shortcode_before_top_bar":"","ocean_shortcode_after_top_bar":"","ocean_shortcode_before_header":"","ocean_shortcode_after_header":"","ocean_has_shortcode":"","ocean_shortcode_after_title":"","ocean_shortcode_before_footer_widgets":"","ocean_shortcode_after_footer_widgets":"","ocean_shortcode_before_footer_bottom":"","ocean_shortcode_after_footer_bottom":"","ocean_display_top_bar":"default","ocean_display_header":"default","ocean_header_style":"","ocean_center_header_left_menu":"0","ocean_custom_header_template":"0","ocean_custom_logo":0,"ocean_custom_retina_logo":0,"ocean_custom_logo_max_width":0,"ocean_custom_logo_tablet_max_width":0,"ocean_custom_logo_mobile_max_width":0,"ocean_custom_logo_max_height":0,"ocean_custom_logo_tablet_max_height":0,"ocean_custom_logo_mobile_max_height":0,"ocean_header_custom_menu":"0","ocean_menu_typo_font_family":"0","ocean_menu_typo_font_subset":"","ocean_menu_typo_font_size":0,"ocean_menu_typo_font_size_tablet":0,"ocean_menu_typo_font_size_mobile":0,"ocean_menu_typo_font_size_unit":"px","ocean_menu_typo_font_weight":"","ocean_menu_typo_font_weight_tablet":"","ocean_menu_typo_font_weight_mobile":"","ocean_menu_typo_transform":"","ocean_menu_typo_transform_tablet":"","ocean_menu_typo_transform_mobile":"","ocean_menu_typo_line_height":0,"ocean_menu_typo_line_height_tablet":0,"ocean_menu_typo_line_height_mobile":0,"ocean_menu_typo_line_height_unit":"","ocean_menu_typo_spacing":0,"ocean_menu_typo_spacing_tablet":0,"ocean_menu_typo_spacing_mobile":0,"ocean_menu_typo_spacing_unit":"","ocean_menu_link_color":"","ocean_menu_link_color_hover":"","ocean_menu_link_color_active":"","ocean_menu_link_background":"","ocean_menu_link_hover_background":"","ocean_menu_link_active_background":"","ocean_menu_social_links_bg":"","ocean_menu_social_hover_links_bg":"","ocean_menu_social_links_color":"","ocean_menu_social_hover_links_color":"","ocean_disable_title":"default","ocean_disable_heading":"default","ocean_post_title":"","ocean_post_subheading":"","ocean_post_title_style":"default","ocean_post_title_background_color":"","ocean_post_title_background":0,"ocean_post_title_bg_image_position":"","ocean_post_title_bg_image_attachment":"","ocean_post_title_bg_image_repeat":"","ocean_post_title_bg_image_size":"","ocean_post_title_height":0,"ocean_post_title_bg_overlay":0.5,"ocean_post_title_bg_overlay_color":"","ocean_disable_breadcrumbs":"on","ocean_breadcrumbs_color":"","ocean_breadcrumbs_separator_color":"","ocean_breadcrumbs_links_color":"","ocean_breadcrumbs_links_hover_color":"","ocean_display_footer_widgets":"default","ocean_display_footer_bottom":"default","ocean_custom_footer_template":"0"},"product_brand":[],"product_cat":[275,271],"product_tag":[],"class_list":{"0":"post-18614","1":"product","2":"type-product","3":"status-publish","4":"has-post-thumbnail","6":"product_cat-kafige-aus-polyester","7":"product_cat-tierarztliche-kafige","8":"pa_type-de-porte-sauerstoffglashalter","10":"entry","11":"has-media","13":"first","14":"instock","15":"shipping-taxable","16":"purchasable","17":"product-type-variable","18":"has-product-nav","19":"col","20":"span_1_of_4","21":"owp-content-center","22":"owp-thumbs-layout-vertical","23":"owp-btn-normal","24":"owp-tabs-layout-horizontal"},"yoast_head":"<!-- This site is optimized with the Yoast SEO plugin v27.0 - https:\/\/yoast.com\/product\/yoast-seo-wordpress\/ -->\n<title>Veterin\u00e4rk\u00e4fig aus Polyester A mit Sauerstoffglast\u00fcr - Vetinox<\/title>\n<meta name=\"description\" content=\"Entdecken Sie unsere Veterin\u00e4rk\u00e4fige aus Polyester, die f\u00fcr kleine Tiere geeignet sind - Format A - Glast\u00fcr mit Sauerstoffloch.\" \/>\n<meta name=\"robots\" content=\"index, follow, max-snippet:-1, max-image-preview:large, max-video-preview:-1\" \/>\n<link rel=\"canonical\" href=\"https:\/\/www.vetinox.fr\/de\/produit\/polyesterkaefig-format-a-mit-glastuer-und-sauerstoffloch\/\" \/>\n<meta property=\"og:locale\" content=\"de_DE\" \/>\n<meta property=\"og:type\" content=\"article\" \/>\n<meta property=\"og:title\" content=\"Veterin\u00e4rk\u00e4fig aus Polyester A mit Sauerstoffglast\u00fcr - Vetinox\" \/>\n<meta property=\"og:description\" content=\"Entdecken Sie unsere Veterin\u00e4rk\u00e4fige aus Polyester, die f\u00fcr kleine Tiere geeignet sind - Format A - Glast\u00fcr mit Sauerstoffloch.\" \/>\n<meta property=\"og:url\" content=\"https:\/\/www.vetinox.fr\/de\/produit\/polyesterkaefig-format-a-mit-glastuer-und-sauerstoffloch\/\" \/>\n<meta property=\"og:site_name\" content=\"Vetinox\" \/>\n<meta property=\"article:modified_time\" content=\"2021-12-19T16:13:39+00:00\" \/>\n<meta property=\"og:image\" content=\"https:\/\/www.vetinox.fr\/wp-content\/uploads\/2021\/01\/CP200105-Cage-polyester-A-avec-porte-en-verre-L490-H510-P611-avec-trou-oxygene-sans-Embout-O\u00b2-Fix-AC00010-1.jpg\" \/>\n\t<meta property=\"og:image:width\" content=\"600\" \/>\n\t<meta property=\"og:image:height\" content=\"600\" \/>\n\t<meta property=\"og:image:type\" content=\"image\/jpeg\" \/>\n<meta name=\"twitter:card\" content=\"summary_large_image\" \/>\n<script type=\"application\/ld+json\" class=\"yoast-schema-graph\">{\"@context\":\"https:\/\/schema.org\",\"@graph\":[{\"@type\":\"WebPage\",\"@id\":\"https:\/\/www.vetinox.fr\/de\/produit\/polyesterkaefig-format-a-mit-glastuer-und-sauerstoffloch\/\",\"url\":\"https:\/\/www.vetinox.fr\/de\/produit\/polyesterkaefig-format-a-mit-glastuer-und-sauerstoffloch\/\",\"name\":\"Veterin\u00e4rk\u00e4fig aus Polyester A mit Sauerstoffglast\u00fcr - Vetinox\",\"isPartOf\":{\"@id\":\"https:\/\/www.vetinox.fr\/#website\"},\"primaryImageOfPage\":{\"@id\":\"https:\/\/www.vetinox.fr\/de\/produit\/polyesterkaefig-format-a-mit-glastuer-und-sauerstoffloch\/#primaryimage\"},\"image\":{\"@id\":\"https:\/\/www.vetinox.fr\/de\/produit\/polyesterkaefig-format-a-mit-glastuer-und-sauerstoffloch\/#primaryimage\"},\"thumbnailUrl\":\"https:\/\/www.vetinox.fr\/wp-content\/uploads\/2021\/01\/Vetinox_CP200005_CagePolyesterAavecPorteEnVerre-1.jpg\",\"datePublished\":\"2021-12-19T16:13:38+00:00\",\"dateModified\":\"2021-12-19T16:13:39+00:00\",\"description\":\"Entdecken Sie unsere Veterin\u00e4rk\u00e4fige aus Polyester, die f\u00fcr kleine Tiere geeignet sind - Format A - Glast\u00fcr mit Sauerstoffloch.\",\"breadcrumb\":{\"@id\":\"https:\/\/www.vetinox.fr\/de\/produit\/polyesterkaefig-format-a-mit-glastuer-und-sauerstoffloch\/#breadcrumb\"},\"inLanguage\":\"de\",\"potentialAction\":[{\"@type\":\"ReadAction\",\"target\":[\"https:\/\/www.vetinox.fr\/de\/produit\/polyesterkaefig-format-a-mit-glastuer-und-sauerstoffloch\/\"]}]},{\"@type\":\"ImageObject\",\"inLanguage\":\"de\",\"@id\":\"https:\/\/www.vetinox.fr\/de\/produit\/polyesterkaefig-format-a-mit-glastuer-und-sauerstoffloch\/#primaryimage\",\"url\":\"https:\/\/www.vetinox.fr\/wp-content\/uploads\/2021\/01\/Vetinox_CP200005_CagePolyesterAavecPorteEnVerre-1.jpg\",\"contentUrl\":\"https:\/\/www.vetinox.fr\/wp-content\/uploads\/2021\/01\/Vetinox_CP200005_CagePolyesterAavecPorteEnVerre-1.jpg\",\"width\":1004,\"height\":569,\"caption\":\"Cage polyester \u2013 Format A \u2013 avec porte en verre et trou oxyg\u00e8ne\"},{\"@type\":\"BreadcrumbList\",\"@id\":\"https:\/\/www.vetinox.fr\/de\/produit\/polyesterkaefig-format-a-mit-glastuer-und-sauerstoffloch\/#breadcrumb\",\"itemListElement\":[{\"@type\":\"ListItem\",\"position\":1,\"name\":\"Accueil\",\"item\":\"https:\/\/www.vetinox.fr\/en\/\"},{\"@type\":\"ListItem\",\"position\":2,\"name\":\"Archiv Produkte\",\"item\":\"https:\/\/www.vetinox.fr\/de\/produktarchiv\/\"},{\"@type\":\"ListItem\",\"position\":3,\"name\":\"Tier\u00e4rztliche K\u00e4fige\",\"item\":\"https:\/\/www.vetinox.fr\/de\/Produktkategorien\/tierarztliche-kafige\/\"},{\"@type\":\"ListItem\",\"position\":4,\"name\":\"Polyesterk\u00e4fige\",\"item\":\"https:\/\/www.vetinox.fr\/de\/Produktkategorien\/tierarztliche-kafige\/kafige-aus-polyester\/\"},{\"@type\":\"ListItem\",\"position\":5,\"name\":\"Polyesterk\u00e4fig &#8211; Format A &#8211; mit Glast\u00fcr und Sauerstoffloch\"}]},{\"@type\":\"WebSite\",\"@id\":\"https:\/\/www.vetinox.fr\/#website\",\"url\":\"https:\/\/www.vetinox.fr\/\",\"name\":\"Vetinox\",\"description\":\"Equipement Veterinaire\",\"publisher\":{\"@id\":\"https:\/\/www.vetinox.fr\/#organization\"},\"potentialAction\":[{\"@type\":\"SearchAction\",\"target\":{\"@type\":\"EntryPoint\",\"urlTemplate\":\"https:\/\/www.vetinox.fr\/?s={search_term_string}\"},\"query-input\":{\"@type\":\"PropertyValueSpecification\",\"valueRequired\":true,\"valueName\":\"search_term_string\"}}],\"inLanguage\":\"de\"},{\"@type\":\"Organization\",\"@id\":\"https:\/\/www.vetinox.fr\/#organization\",\"name\":\"Vetinox\",\"url\":\"https:\/\/www.vetinox.fr\/\",\"logo\":{\"@type\":\"ImageObject\",\"inLanguage\":\"de\",\"@id\":\"https:\/\/www.vetinox.fr\/#\/schema\/logo\/image\/\",\"url\":\"https:\/\/www.vetinox.fr\/wp-content\/uploads\/2018\/11\/Logo-Vetinox-2.png\",\"contentUrl\":\"https:\/\/www.vetinox.fr\/wp-content\/uploads\/2018\/11\/Logo-Vetinox-2.png\",\"width\":414,\"height\":126,\"caption\":\"Vetinox\"},\"image\":{\"@id\":\"https:\/\/www.vetinox.fr\/#\/schema\/logo\/image\/\"}}]}<\/script>\n<!-- \/ Yoast SEO plugin. -->","yoast_head_json":{"title":"Veterin\u00e4rk\u00e4fig aus Polyester A mit Sauerstoffglast\u00fcr - Vetinox","description":"Entdecken Sie unsere Veterin\u00e4rk\u00e4fige aus Polyester, die f\u00fcr kleine Tiere geeignet sind - Format A - Glast\u00fcr mit Sauerstoffloch.","robots":{"index":"index","follow":"follow","max-snippet":"max-snippet:-1","max-image-preview":"max-image-preview:large","max-video-preview":"max-video-preview:-1"},"canonical":"https:\/\/www.vetinox.fr\/de\/produit\/polyesterkaefig-format-a-mit-glastuer-und-sauerstoffloch\/","og_locale":"de_DE","og_type":"article","og_title":"Veterin\u00e4rk\u00e4fig aus Polyester A mit Sauerstoffglast\u00fcr - Vetinox","og_description":"Entdecken Sie unsere Veterin\u00e4rk\u00e4fige aus Polyester, die f\u00fcr kleine Tiere geeignet sind - Format A - Glast\u00fcr mit Sauerstoffloch.","og_url":"https:\/\/www.vetinox.fr\/de\/produit\/polyesterkaefig-format-a-mit-glastuer-und-sauerstoffloch\/","og_site_name":"Vetinox","article_modified_time":"2021-12-19T16:13:39+00:00","og_image":[{"width":600,"height":600,"url":"https:\/\/www.vetinox.fr\/wp-content\/uploads\/2021\/01\/CP200105-Cage-polyester-A-avec-porte-en-verre-L490-H510-P611-avec-trou-oxygene-sans-Embout-O\u00b2-Fix-AC00010-1.jpg","type":"image\/jpeg"}],"twitter_card":"summary_large_image","schema":{"@context":"https:\/\/schema.org","@graph":[{"@type":"WebPage","@id":"https:\/\/www.vetinox.fr\/de\/produit\/polyesterkaefig-format-a-mit-glastuer-und-sauerstoffloch\/","url":"https:\/\/www.vetinox.fr\/de\/produit\/polyesterkaefig-format-a-mit-glastuer-und-sauerstoffloch\/","name":"Veterin\u00e4rk\u00e4fig aus Polyester A mit Sauerstoffglast\u00fcr - Vetinox","isPartOf":{"@id":"https:\/\/www.vetinox.fr\/#website"},"primaryImageOfPage":{"@id":"https:\/\/www.vetinox.fr\/de\/produit\/polyesterkaefig-format-a-mit-glastuer-und-sauerstoffloch\/#primaryimage"},"image":{"@id":"https:\/\/www.vetinox.fr\/de\/produit\/polyesterkaefig-format-a-mit-glastuer-und-sauerstoffloch\/#primaryimage"},"thumbnailUrl":"https:\/\/www.vetinox.fr\/wp-content\/uploads\/2021\/01\/Vetinox_CP200005_CagePolyesterAavecPorteEnVerre-1.jpg","datePublished":"2021-12-19T16:13:38+00:00","dateModified":"2021-12-19T16:13:39+00:00","description":"Entdecken Sie unsere Veterin\u00e4rk\u00e4fige aus Polyester, die f\u00fcr kleine Tiere geeignet sind - Format A - Glast\u00fcr mit Sauerstoffloch.","breadcrumb":{"@id":"https:\/\/www.vetinox.fr\/de\/produit\/polyesterkaefig-format-a-mit-glastuer-und-sauerstoffloch\/#breadcrumb"},"inLanguage":"de","potentialAction":[{"@type":"ReadAction","target":["https:\/\/www.vetinox.fr\/de\/produit\/polyesterkaefig-format-a-mit-glastuer-und-sauerstoffloch\/"]}]},{"@type":"ImageObject","inLanguage":"de","@id":"https:\/\/www.vetinox.fr\/de\/produit\/polyesterkaefig-format-a-mit-glastuer-und-sauerstoffloch\/#primaryimage","url":"https:\/\/www.vetinox.fr\/wp-content\/uploads\/2021\/01\/Vetinox_CP200005_CagePolyesterAavecPorteEnVerre-1.jpg","contentUrl":"https:\/\/www.vetinox.fr\/wp-content\/uploads\/2021\/01\/Vetinox_CP200005_CagePolyesterAavecPorteEnVerre-1.jpg","width":1004,"height":569,"caption":"Cage polyester \u2013 Format A \u2013 avec porte en verre et trou oxyg\u00e8ne"},{"@type":"BreadcrumbList","@id":"https:\/\/www.vetinox.fr\/de\/produit\/polyesterkaefig-format-a-mit-glastuer-und-sauerstoffloch\/#breadcrumb","itemListElement":[{"@type":"ListItem","position":1,"name":"Accueil","item":"https:\/\/www.vetinox.fr\/en\/"},{"@type":"ListItem","position":2,"name":"Archiv Produkte","item":"https:\/\/www.vetinox.fr\/de\/produktarchiv\/"},{"@type":"ListItem","position":3,"name":"Tier\u00e4rztliche K\u00e4fige","item":"https:\/\/www.vetinox.fr\/de\/Produktkategorien\/tierarztliche-kafige\/"},{"@type":"ListItem","position":4,"name":"Polyesterk\u00e4fige","item":"https:\/\/www.vetinox.fr\/de\/Produktkategorien\/tierarztliche-kafige\/kafige-aus-polyester\/"},{"@type":"ListItem","position":5,"name":"Polyesterk\u00e4fig &#8211; Format A &#8211; mit Glast\u00fcr und Sauerstoffloch"}]},{"@type":"WebSite","@id":"https:\/\/www.vetinox.fr\/#website","url":"https:\/\/www.vetinox.fr\/","name":"Vetinox","description":"Equipement Veterinaire","publisher":{"@id":"https:\/\/www.vetinox.fr\/#organization"},"potentialAction":[{"@type":"SearchAction","target":{"@type":"EntryPoint","urlTemplate":"https:\/\/www.vetinox.fr\/?s={search_term_string}"},"query-input":{"@type":"PropertyValueSpecification","valueRequired":true,"valueName":"search_term_string"}}],"inLanguage":"de"},{"@type":"Organization","@id":"https:\/\/www.vetinox.fr\/#organization","name":"Vetinox","url":"https:\/\/www.vetinox.fr\/","logo":{"@type":"ImageObject","inLanguage":"de","@id":"https:\/\/www.vetinox.fr\/#\/schema\/logo\/image\/","url":"https:\/\/www.vetinox.fr\/wp-content\/uploads\/2018\/11\/Logo-Vetinox-2.png","contentUrl":"https:\/\/www.vetinox.fr\/wp-content\/uploads\/2018\/11\/Logo-Vetinox-2.png","width":414,"height":126,"caption":"Vetinox"},"image":{"@id":"https:\/\/www.vetinox.fr\/#\/schema\/logo\/image\/"}}]}},"_links":{"self":[{"href":"https:\/\/www.vetinox.fr\/de\/wp-json\/wp\/v2\/product\/18614","targetHints":{"allow":["GET"]}}],"collection":[{"href":"https:\/\/www.vetinox.fr\/de\/wp-json\/wp\/v2\/product"}],"about":[{"href":"https:\/\/www.vetinox.fr\/de\/wp-json\/wp\/v2\/types\/product"}],"version-history":[{"count":0,"href":"https:\/\/www.vetinox.fr\/de\/wp-json\/wp\/v2\/product\/18614\/revisions"}],"wp:featuredmedia":[{"embeddable":true,"href":"https:\/\/www.vetinox.fr\/de\/wp-json\/wp\/v2\/media\/24802"}],"wp:attachment":[{"href":"https:\/\/www.vetinox.fr\/de\/wp-json\/wp\/v2\/media?parent=18614"}],"wp:term":[{"taxonomy":"product_brand","embeddable":true,"href":"https:\/\/www.vetinox.fr\/de\/wp-json\/wp\/v2\/product_brand?post=18614"},{"taxonomy":"product_cat","embeddable":true,"href":"https:\/\/www.vetinox.fr\/de\/wp-json\/wp\/v2\/product_cat?post=18614"},{"taxonomy":"product_tag","embeddable":true,"href":"https:\/\/www.vetinox.fr\/de\/wp-json\/wp\/v2\/product_tag?post=18614"}],"curies":[{"name":"wp","href":"https:\/\/api.w.org\/{rel}","templated":true}]}}