{"id":18675,"date":"2021-01-04T21:43:42","date_gmt":"2021-12-19T16:13:46","guid":{"rendered":"https:\/\/www.vetinox.fr\/produit\/polyesterkaefig-format-c-mit-glastuer\/"},"modified":"2021-12-19T17:13:47","modified_gmt":"2021-12-19T16:13:47","slug":"polyesterkaefig-format-c-mit-glastuer","status":"publish","type":"product","link":"https:\/\/www.vetinox.fr\/de\/produit\/polyesterkaefig-format-c-mit-glastuer\/","title":{"rendered":"Polyesterk\u00e4fig &#8211; Format C &#8211; mit Glast\u00fcr"},"content":{"rendered":"\t\t<div data-elementor-type=\"product-post\" data-elementor-id=\"18675\" class=\"elementor elementor-18675 elementor-14381\" data-elementor-post-type=\"product\">\n\t\t\t\t\t\t<section class=\"elementor-section elementor-top-section elementor-element elementor-element-1661be14 elementor-section-boxed elementor-section-height-default elementor-section-height-default\" data-id=\"1661be14\" data-element_type=\"section\" data-e-type=\"section\">\n\t\t\t\t\t\t<div class=\"elementor-container elementor-column-gap-default\">\n\t\t\t\t\t<div class=\"elementor-column elementor-col-100 elementor-top-column elementor-element elementor-element-5c0de9b5\" data-id=\"5c0de9b5\" data-element_type=\"column\" data-e-type=\"column\">\n\t\t\t<div class=\"elementor-widget-wrap elementor-element-populated\">\n\t\t\t\t\t\t<div class=\"elementor-element elementor-element-21026801 elementor-widget elementor-widget-text-editor\" data-id=\"21026801\" data-element_type=\"widget\" data-e-type=\"widget\" data-widget_type=\"text-editor.default\">\n\t\t\t\t<div class=\"elementor-widget-container\">\n\t\t\t\t\t\t\t\t\t<p><span style=\"font-family: Montserrat, sans-serif; font-size: 17px; font-style: normal; font-variant-ligatures: normal; font-variant-caps: normal; font-weight: 300;\">Eigenschaften von Polyesterk\u00e4figen im Format C :<\/span><\/p>\n<ul>\n<li style=\"font-size: 17px;\">Ma\u00dfe: 147 x 88 x 70 cm<\/li>\n<li>Glast\u00fcren (Standard oder Sauerstoffglas)<\/li>\n<li>Auffangschublade<\/li>\n<li>Nach vorne geneigter K\u00e4figboden f\u00fcr leichteres Ablaufen und Reinigen<\/li>\n<li>Umkehrbare T\u00fcr\u00f6ffnung: rechts oder links<\/li>\n<li>Abgerundete Ecken<\/li>\n<\/ul>\n\t\t\t\t\t\t\t\t<\/div>\n\t\t\t\t<\/div>\n\t\t\t\t\t<\/div>\n\t\t<\/div>\n\t\t\t\t\t<\/div>\n\t\t<\/section>\n\t\t\t\t<\/div>\n\t\t","protected":false},"excerpt":{"rendered":"<p>Veterin\u00e4rk\u00e4fige aus Polyester, einem f\u00fcr den Tierkomfort geeigneten Material, das die W\u00e4rme bewahrt und die L\u00e4rmbel\u00e4stigung verringert. Die K\u00e4fige sind in drei Formaten erh\u00e4ltlich, die sowohl f\u00fcr kleinere als auch f\u00fcr gr\u00f6\u00dfere Tiere geeignet sind, darunter dieses C-Format. Das T\u00fcrsystem besteht aus Standardglas oder Sauerstoffglas.<\/p>\n<p>Die K\u00e4fige sind modular aufgebaut und lassen sich durch Ineinanderstecken (ohne Schrauben) mit anderen K\u00e4figen verbinden, sodass verschiedene Layoutmodelle m\u00f6glich sind. Sie k\u00f6nnen dann auf ein Gestell mit R\u00e4dern montiert werden, was die Bewegung der Tiere erleichtert.<\/p>\n","protected":false},"featured_media":23408,"template":"","meta":{"ocean_post_layout":"full-screen","ocean_both_sidebars_style":"","ocean_both_sidebars_content_width":0,"ocean_both_sidebars_sidebars_width":0,"ocean_sidebar":"0","ocean_second_sidebar":"0","ocean_disable_margins":"on","ocean_add_body_class":"","ocean_shortcode_before_top_bar":"","ocean_shortcode_after_top_bar":"","ocean_shortcode_before_header":"","ocean_shortcode_after_header":"","ocean_has_shortcode":"","ocean_shortcode_after_title":"","ocean_shortcode_before_footer_widgets":"","ocean_shortcode_after_footer_widgets":"","ocean_shortcode_before_footer_bottom":"","ocean_shortcode_after_footer_bottom":"","ocean_display_top_bar":"default","ocean_display_header":"default","ocean_header_style":"","ocean_center_header_left_menu":"0","ocean_custom_header_template":"0","ocean_custom_logo":0,"ocean_custom_retina_logo":0,"ocean_custom_logo_max_width":0,"ocean_custom_logo_tablet_max_width":0,"ocean_custom_logo_mobile_max_width":0,"ocean_custom_logo_max_height":0,"ocean_custom_logo_tablet_max_height":0,"ocean_custom_logo_mobile_max_height":0,"ocean_header_custom_menu":"0","ocean_menu_typo_font_family":"0","ocean_menu_typo_font_subset":"","ocean_menu_typo_font_size":0,"ocean_menu_typo_font_size_tablet":0,"ocean_menu_typo_font_size_mobile":0,"ocean_menu_typo_font_size_unit":"px","ocean_menu_typo_font_weight":"","ocean_menu_typo_font_weight_tablet":"","ocean_menu_typo_font_weight_mobile":"","ocean_menu_typo_transform":"","ocean_menu_typo_transform_tablet":"","ocean_menu_typo_transform_mobile":"","ocean_menu_typo_line_height":0,"ocean_menu_typo_line_height_tablet":0,"ocean_menu_typo_line_height_mobile":0,"ocean_menu_typo_line_height_unit":"","ocean_menu_typo_spacing":0,"ocean_menu_typo_spacing_tablet":0,"ocean_menu_typo_spacing_mobile":0,"ocean_menu_typo_spacing_unit":"","ocean_menu_link_color":"","ocean_menu_link_color_hover":"","ocean_menu_link_color_active":"","ocean_menu_link_background":"","ocean_menu_link_hover_background":"","ocean_menu_link_active_background":"","ocean_menu_social_links_bg":"","ocean_menu_social_hover_links_bg":"","ocean_menu_social_links_color":"","ocean_menu_social_hover_links_color":"","ocean_disable_title":"default","ocean_disable_heading":"default","ocean_post_title":"","ocean_post_subheading":"","ocean_post_title_style":"default","ocean_post_title_background_color":"","ocean_post_title_background":0,"ocean_post_title_bg_image_position":"","ocean_post_title_bg_image_attachment":"","ocean_post_title_bg_image_repeat":"","ocean_post_title_bg_image_size":"","ocean_post_title_height":0,"ocean_post_title_bg_overlay":0.5,"ocean_post_title_bg_overlay_color":"","ocean_disable_breadcrumbs":"on","ocean_breadcrumbs_color":"","ocean_breadcrumbs_separator_color":"","ocean_breadcrumbs_links_color":"","ocean_breadcrumbs_links_hover_color":"","ocean_display_footer_widgets":"default","ocean_display_footer_bottom":"default","ocean_custom_footer_template":"0"},"product_brand":[],"product_cat":[275,271],"product_tag":[],"class_list":{"0":"post-18675","1":"product","2":"type-product","3":"status-publish","4":"has-post-thumbnail","6":"product_cat-kafige-aus-polyester","7":"product_cat-tierarztliche-kafige","8":"pa_type-de-porte-glashalter","10":"entry","11":"has-media","13":"first","14":"instock","15":"shipping-taxable","16":"purchasable","17":"product-type-variable","18":"has-product-nav","19":"col","20":"span_1_of_4","21":"owp-content-center","22":"owp-thumbs-layout-vertical","23":"owp-btn-normal","24":"owp-tabs-layout-horizontal"},"yoast_head":"<!-- This site is optimized with the Yoast SEO plugin v27.0 - https:\/\/yoast.com\/product\/yoast-seo-wordpress\/ -->\n<title>Tierarztk\u00e4fig aus Polyester C mit Glast\u00fcr- Vetinox<\/title>\n<meta name=\"description\" content=\"Tierarztk\u00e4fige aus Polyester, C-Format, mit Glast\u00fcren. Erh\u00e4ltlich in verschiedenen Formaten sowie als Ma\u00dfanfertigung.\" \/>\n<meta name=\"robots\" content=\"index, follow, max-snippet:-1, max-image-preview:large, max-video-preview:-1\" \/>\n<link rel=\"canonical\" href=\"https:\/\/www.vetinox.fr\/de\/produit\/polyesterkaefig-format-c-mit-glastuer\/\" \/>\n<meta property=\"og:locale\" content=\"de_DE\" \/>\n<meta property=\"og:type\" content=\"article\" \/>\n<meta property=\"og:title\" content=\"Tierarztk\u00e4fig aus Polyester C mit Glast\u00fcr- Vetinox\" \/>\n<meta property=\"og:description\" content=\"Tierarztk\u00e4fige aus Polyester, C-Format, mit Glast\u00fcren. Erh\u00e4ltlich in verschiedenen Formaten sowie als Ma\u00dfanfertigung.\" \/>\n<meta property=\"og:url\" content=\"https:\/\/www.vetinox.fr\/de\/produit\/polyesterkaefig-format-c-mit-glastuer\/\" \/>\n<meta property=\"og:site_name\" content=\"Vetinox\" \/>\n<meta property=\"article:modified_time\" content=\"2021-12-19T16:13:47+00:00\" \/>\n<meta property=\"og:image\" content=\"https:\/\/www.vetinox.fr\/wp-content\/uploads\/2019\/02\/Trame-Logo-visuel-produit_Plan-de-travail-1.png\" \/>\n\t<meta property=\"og:image:width\" content=\"834\" \/>\n\t<meta property=\"og:image:height\" content=\"834\" \/>\n\t<meta property=\"og:image:type\" content=\"image\/png\" \/>\n<meta name=\"twitter:card\" content=\"summary_large_image\" \/>\n<script type=\"application\/ld+json\" class=\"yoast-schema-graph\">{\"@context\":\"https:\/\/schema.org\",\"@graph\":[{\"@type\":\"WebPage\",\"@id\":\"https:\/\/www.vetinox.fr\/de\/produit\/polyesterkaefig-format-c-mit-glastuer\/\",\"url\":\"https:\/\/www.vetinox.fr\/de\/produit\/polyesterkaefig-format-c-mit-glastuer\/\",\"name\":\"Tierarztk\u00e4fig aus Polyester C mit Glast\u00fcr- Vetinox\",\"isPartOf\":{\"@id\":\"https:\/\/www.vetinox.fr\/#website\"},\"primaryImageOfPage\":{\"@id\":\"https:\/\/www.vetinox.fr\/de\/produit\/polyesterkaefig-format-c-mit-glastuer\/#primaryimage\"},\"image\":{\"@id\":\"https:\/\/www.vetinox.fr\/de\/produit\/polyesterkaefig-format-c-mit-glastuer\/#primaryimage\"},\"thumbnailUrl\":\"https:\/\/www.vetinox.fr\/wp-content\/uploads\/2021\/01\/Vetinox_CP200025CagePolyesterCavecPorteEnVerreL1470H880P700_SansSeparation-1.jpg\",\"datePublished\":\"2021-12-19T16:13:46+00:00\",\"dateModified\":\"2021-12-19T16:13:47+00:00\",\"description\":\"Tierarztk\u00e4fige aus Polyester, C-Format, mit Glast\u00fcren. Erh\u00e4ltlich in verschiedenen Formaten sowie als Ma\u00dfanfertigung.\",\"breadcrumb\":{\"@id\":\"https:\/\/www.vetinox.fr\/de\/produit\/polyesterkaefig-format-c-mit-glastuer\/#breadcrumb\"},\"inLanguage\":\"de\",\"potentialAction\":[{\"@type\":\"ReadAction\",\"target\":[\"https:\/\/www.vetinox.fr\/de\/produit\/polyesterkaefig-format-c-mit-glastuer\/\"]}]},{\"@type\":\"ImageObject\",\"inLanguage\":\"de\",\"@id\":\"https:\/\/www.vetinox.fr\/de\/produit\/polyesterkaefig-format-c-mit-glastuer\/#primaryimage\",\"url\":\"https:\/\/www.vetinox.fr\/wp-content\/uploads\/2021\/01\/Vetinox_CP200025CagePolyesterCavecPorteEnVerreL1470H880P700_SansSeparation-1.jpg\",\"contentUrl\":\"https:\/\/www.vetinox.fr\/wp-content\/uploads\/2021\/01\/Vetinox_CP200025CagePolyesterCavecPorteEnVerreL1470H880P700_SansSeparation-1.jpg\",\"width\":1004,\"height\":569,\"caption\":\"Cage Polyester Cave c Porte En Verre Sans S\u00e9paration\"},{\"@type\":\"BreadcrumbList\",\"@id\":\"https:\/\/www.vetinox.fr\/de\/produit\/polyesterkaefig-format-c-mit-glastuer\/#breadcrumb\",\"itemListElement\":[{\"@type\":\"ListItem\",\"position\":1,\"name\":\"Accueil\",\"item\":\"https:\/\/www.vetinox.fr\/en\/\"},{\"@type\":\"ListItem\",\"position\":2,\"name\":\"Archiv Produkte\",\"item\":\"https:\/\/www.vetinox.fr\/de\/produktarchiv\/\"},{\"@type\":\"ListItem\",\"position\":3,\"name\":\"Tier\u00e4rztliche K\u00e4fige\",\"item\":\"https:\/\/www.vetinox.fr\/de\/Produktkategorien\/tierarztliche-kafige\/\"},{\"@type\":\"ListItem\",\"position\":4,\"name\":\"Polyesterk\u00e4fige\",\"item\":\"https:\/\/www.vetinox.fr\/de\/Produktkategorien\/tierarztliche-kafige\/kafige-aus-polyester\/\"},{\"@type\":\"ListItem\",\"position\":5,\"name\":\"Polyesterk\u00e4fig &#8211; Format C &#8211; mit Glast\u00fcr\"}]},{\"@type\":\"WebSite\",\"@id\":\"https:\/\/www.vetinox.fr\/#website\",\"url\":\"https:\/\/www.vetinox.fr\/\",\"name\":\"Vetinox\",\"description\":\"Equipement Veterinaire\",\"publisher\":{\"@id\":\"https:\/\/www.vetinox.fr\/#organization\"},\"potentialAction\":[{\"@type\":\"SearchAction\",\"target\":{\"@type\":\"EntryPoint\",\"urlTemplate\":\"https:\/\/www.vetinox.fr\/?s={search_term_string}\"},\"query-input\":{\"@type\":\"PropertyValueSpecification\",\"valueRequired\":true,\"valueName\":\"search_term_string\"}}],\"inLanguage\":\"de\"},{\"@type\":\"Organization\",\"@id\":\"https:\/\/www.vetinox.fr\/#organization\",\"name\":\"Vetinox\",\"url\":\"https:\/\/www.vetinox.fr\/\",\"logo\":{\"@type\":\"ImageObject\",\"inLanguage\":\"de\",\"@id\":\"https:\/\/www.vetinox.fr\/#\/schema\/logo\/image\/\",\"url\":\"https:\/\/www.vetinox.fr\/wp-content\/uploads\/2018\/11\/Logo-Vetinox-2.png\",\"contentUrl\":\"https:\/\/www.vetinox.fr\/wp-content\/uploads\/2018\/11\/Logo-Vetinox-2.png\",\"width\":414,\"height\":126,\"caption\":\"Vetinox\"},\"image\":{\"@id\":\"https:\/\/www.vetinox.fr\/#\/schema\/logo\/image\/\"}}]}<\/script>\n<!-- \/ Yoast SEO plugin. -->","yoast_head_json":{"title":"Tierarztk\u00e4fig aus Polyester C mit Glast\u00fcr- Vetinox","description":"Tierarztk\u00e4fige aus Polyester, C-Format, mit Glast\u00fcren. Erh\u00e4ltlich in verschiedenen Formaten sowie als Ma\u00dfanfertigung.","robots":{"index":"index","follow":"follow","max-snippet":"max-snippet:-1","max-image-preview":"max-image-preview:large","max-video-preview":"max-video-preview:-1"},"canonical":"https:\/\/www.vetinox.fr\/de\/produit\/polyesterkaefig-format-c-mit-glastuer\/","og_locale":"de_DE","og_type":"article","og_title":"Tierarztk\u00e4fig aus Polyester C mit Glast\u00fcr- Vetinox","og_description":"Tierarztk\u00e4fige aus Polyester, C-Format, mit Glast\u00fcren. Erh\u00e4ltlich in verschiedenen Formaten sowie als Ma\u00dfanfertigung.","og_url":"https:\/\/www.vetinox.fr\/de\/produit\/polyesterkaefig-format-c-mit-glastuer\/","og_site_name":"Vetinox","article_modified_time":"2021-12-19T16:13:47+00:00","og_image":[{"width":834,"height":834,"url":"https:\/\/www.vetinox.fr\/wp-content\/uploads\/2019\/02\/Trame-Logo-visuel-produit_Plan-de-travail-1.png","type":"image\/png"}],"twitter_card":"summary_large_image","schema":{"@context":"https:\/\/schema.org","@graph":[{"@type":"WebPage","@id":"https:\/\/www.vetinox.fr\/de\/produit\/polyesterkaefig-format-c-mit-glastuer\/","url":"https:\/\/www.vetinox.fr\/de\/produit\/polyesterkaefig-format-c-mit-glastuer\/","name":"Tierarztk\u00e4fig aus Polyester C mit Glast\u00fcr- Vetinox","isPartOf":{"@id":"https:\/\/www.vetinox.fr\/#website"},"primaryImageOfPage":{"@id":"https:\/\/www.vetinox.fr\/de\/produit\/polyesterkaefig-format-c-mit-glastuer\/#primaryimage"},"image":{"@id":"https:\/\/www.vetinox.fr\/de\/produit\/polyesterkaefig-format-c-mit-glastuer\/#primaryimage"},"thumbnailUrl":"https:\/\/www.vetinox.fr\/wp-content\/uploads\/2021\/01\/Vetinox_CP200025CagePolyesterCavecPorteEnVerreL1470H880P700_SansSeparation-1.jpg","datePublished":"2021-12-19T16:13:46+00:00","dateModified":"2021-12-19T16:13:47+00:00","description":"Tierarztk\u00e4fige aus Polyester, C-Format, mit Glast\u00fcren. Erh\u00e4ltlich in verschiedenen Formaten sowie als Ma\u00dfanfertigung.","breadcrumb":{"@id":"https:\/\/www.vetinox.fr\/de\/produit\/polyesterkaefig-format-c-mit-glastuer\/#breadcrumb"},"inLanguage":"de","potentialAction":[{"@type":"ReadAction","target":["https:\/\/www.vetinox.fr\/de\/produit\/polyesterkaefig-format-c-mit-glastuer\/"]}]},{"@type":"ImageObject","inLanguage":"de","@id":"https:\/\/www.vetinox.fr\/de\/produit\/polyesterkaefig-format-c-mit-glastuer\/#primaryimage","url":"https:\/\/www.vetinox.fr\/wp-content\/uploads\/2021\/01\/Vetinox_CP200025CagePolyesterCavecPorteEnVerreL1470H880P700_SansSeparation-1.jpg","contentUrl":"https:\/\/www.vetinox.fr\/wp-content\/uploads\/2021\/01\/Vetinox_CP200025CagePolyesterCavecPorteEnVerreL1470H880P700_SansSeparation-1.jpg","width":1004,"height":569,"caption":"Cage Polyester Cave c Porte En Verre Sans S\u00e9paration"},{"@type":"BreadcrumbList","@id":"https:\/\/www.vetinox.fr\/de\/produit\/polyesterkaefig-format-c-mit-glastuer\/#breadcrumb","itemListElement":[{"@type":"ListItem","position":1,"name":"Accueil","item":"https:\/\/www.vetinox.fr\/en\/"},{"@type":"ListItem","position":2,"name":"Archiv Produkte","item":"https:\/\/www.vetinox.fr\/de\/produktarchiv\/"},{"@type":"ListItem","position":3,"name":"Tier\u00e4rztliche K\u00e4fige","item":"https:\/\/www.vetinox.fr\/de\/Produktkategorien\/tierarztliche-kafige\/"},{"@type":"ListItem","position":4,"name":"Polyesterk\u00e4fige","item":"https:\/\/www.vetinox.fr\/de\/Produktkategorien\/tierarztliche-kafige\/kafige-aus-polyester\/"},{"@type":"ListItem","position":5,"name":"Polyesterk\u00e4fig &#8211; Format C &#8211; mit Glast\u00fcr"}]},{"@type":"WebSite","@id":"https:\/\/www.vetinox.fr\/#website","url":"https:\/\/www.vetinox.fr\/","name":"Vetinox","description":"Equipement Veterinaire","publisher":{"@id":"https:\/\/www.vetinox.fr\/#organization"},"potentialAction":[{"@type":"SearchAction","target":{"@type":"EntryPoint","urlTemplate":"https:\/\/www.vetinox.fr\/?s={search_term_string}"},"query-input":{"@type":"PropertyValueSpecification","valueRequired":true,"valueName":"search_term_string"}}],"inLanguage":"de"},{"@type":"Organization","@id":"https:\/\/www.vetinox.fr\/#organization","name":"Vetinox","url":"https:\/\/www.vetinox.fr\/","logo":{"@type":"ImageObject","inLanguage":"de","@id":"https:\/\/www.vetinox.fr\/#\/schema\/logo\/image\/","url":"https:\/\/www.vetinox.fr\/wp-content\/uploads\/2018\/11\/Logo-Vetinox-2.png","contentUrl":"https:\/\/www.vetinox.fr\/wp-content\/uploads\/2018\/11\/Logo-Vetinox-2.png","width":414,"height":126,"caption":"Vetinox"},"image":{"@id":"https:\/\/www.vetinox.fr\/#\/schema\/logo\/image\/"}}]}},"_links":{"self":[{"href":"https:\/\/www.vetinox.fr\/de\/wp-json\/wp\/v2\/product\/18675","targetHints":{"allow":["GET"]}}],"collection":[{"href":"https:\/\/www.vetinox.fr\/de\/wp-json\/wp\/v2\/product"}],"about":[{"href":"https:\/\/www.vetinox.fr\/de\/wp-json\/wp\/v2\/types\/product"}],"version-history":[{"count":0,"href":"https:\/\/www.vetinox.fr\/de\/wp-json\/wp\/v2\/product\/18675\/revisions"}],"wp:featuredmedia":[{"embeddable":true,"href":"https:\/\/www.vetinox.fr\/de\/wp-json\/wp\/v2\/media\/23408"}],"wp:attachment":[{"href":"https:\/\/www.vetinox.fr\/de\/wp-json\/wp\/v2\/media?parent=18675"}],"wp:term":[{"taxonomy":"product_brand","embeddable":true,"href":"https:\/\/www.vetinox.fr\/de\/wp-json\/wp\/v2\/product_brand?post=18675"},{"taxonomy":"product_cat","embeddable":true,"href":"https:\/\/www.vetinox.fr\/de\/wp-json\/wp\/v2\/product_cat?post=18675"},{"taxonomy":"product_tag","embeddable":true,"href":"https:\/\/www.vetinox.fr\/de\/wp-json\/wp\/v2\/product_tag?post=18675"}],"curies":[{"name":"wp","href":"https:\/\/api.w.org\/{rel}","templated":true}]}}