{"id":18815,"date":"2020-11-17T04:27:05","date_gmt":"2021-12-19T16:46:53","guid":{"rendered":"https:\/\/www.vetinox.fr\/produit\/elektrischer-beratungstisch-elite-teppich-und-rahmen\/"},"modified":"2021-12-19T17:46:53","modified_gmt":"2021-12-19T16:46:53","slug":"konsultationstisch-elektrisch-elite-tapis-rahmen","status":"publish","type":"product","link":"https:\/\/www.vetinox.fr\/de\/produit\/konsultationstisch-elektrisch-elite-tapis-rahmen\/","title":{"rendered":"Elektrischer Beratungstisch ELITE Teppich und Rahmen"},"content":{"rendered":"<p>Beratungstisch ELITE, der mit verschiedenen Optionen erh\u00e4ltlich ist und f\u00fcr Tier\u00e4rzte, Osteopathen und Heilpraktiker nach Ma\u00df angefertigt werden kann, ideal f\u00fcr Hundemassagen.<\/p>\n<p>Merkmale der Veterin\u00e4rmedizinischen Tabelle :<\/p>\n<ul>\n<li>2-in-1-Funktion: Beratungstisch, Hubtisch<\/li>\n<li>Format des Tisches in der unteren Position: 125 x 60 x 23,9 cm<\/li>\n<li>Format des Tisches in der h\u00f6chsten Position: 125 x 60 x 97,7 cm<\/li>\n<li>Gr\u00f6\u00dfe der Tischplatte: 125 x 60 cm<\/li>\n<li>Variable H\u00f6he von 23.9 cm bis 97.7 cm<\/li>\n<li>Tablett mit Teppich (viele Farben zur Auswahl) und Rahmen<\/li>\n<li>Maximale Belastung des Tisches: 100 kg<\/li>\n<li>Elektrisches Auf- und Absteigen per Fu\u00dfsteuerung<\/li>\n<li>Leiser, ruckfreier Elektrozylinder<\/li>\n<li>Kreuzmechanismus f\u00fcr maximale Stabilit\u00e4t<\/li>\n<li>Tisch komplett aus Edelstahl 304 L<\/li>\n<li>Edelstahlstruktur mit 5 Jahren Garantie<\/li>\n<li>Elektrisches System mit 2 Jahren Garantie<\/li>\n<\/ul>\n","protected":false},"excerpt":{"rendered":"<p>Mit den neuen ELITE-Veterin\u00e4rkonsultationstischen k\u00f6nnen Sie Komfort und Leistung miteinander verbinden.<\/p>\n<p>Dank eines einzigartigen Designsystems l\u00e4sst sich der Tisch elektrisch absenken und bietet eine Ladeh\u00f6he von 23,9 cm. Dieses extraflache System erm\u00f6glicht ein m\u00fcheloses Aufsteigen der Tiere und schont so Ihren R\u00fccken. Mit dem ELITE-Tisch lassen sich auch sperrige Tiere mit einem Gewicht von bis zu 100 kg problemlos anheben. Sie ist mit verschiedenen Optionen sowie als Ma\u00dfanfertigung erh\u00e4ltlich. Der Tisch ist mit einer Tischplatte mit farbigem Teppich (viele Farben zur Auswahl) mit Rahmen ausgestattet.<\/p>\n<span class=\"action-button blue-button2\"><a href=\"https:\/\/www.vetinox.fr\/wp-content\/uploads\/2020\/11\/Fiche-Technique-Table-de-consultation-electrique-ELITE.pdf\">Fiche technique - Table de consultation \u00e9lectrique ELITE<\/a><\/span>\n","protected":false},"featured_media":21090,"template":"","meta":{"ocean_post_layout":"","ocean_both_sidebars_style":"","ocean_both_sidebars_content_width":0,"ocean_both_sidebars_sidebars_width":0,"ocean_sidebar":"0","ocean_second_sidebar":"0","ocean_disable_margins":"enable","ocean_add_body_class":"","ocean_shortcode_before_top_bar":"","ocean_shortcode_after_top_bar":"","ocean_shortcode_before_header":"","ocean_shortcode_after_header":"","ocean_has_shortcode":"","ocean_shortcode_after_title":"","ocean_shortcode_before_footer_widgets":"","ocean_shortcode_after_footer_widgets":"","ocean_shortcode_before_footer_bottom":"","ocean_shortcode_after_footer_bottom":"","ocean_display_top_bar":"default","ocean_display_header":"default","ocean_header_style":"","ocean_center_header_left_menu":"0","ocean_custom_header_template":"0","ocean_custom_logo":0,"ocean_custom_retina_logo":0,"ocean_custom_logo_max_width":0,"ocean_custom_logo_tablet_max_width":0,"ocean_custom_logo_mobile_max_width":0,"ocean_custom_logo_max_height":0,"ocean_custom_logo_tablet_max_height":0,"ocean_custom_logo_mobile_max_height":0,"ocean_header_custom_menu":"0","ocean_menu_typo_font_family":"0","ocean_menu_typo_font_subset":"","ocean_menu_typo_font_size":0,"ocean_menu_typo_font_size_tablet":0,"ocean_menu_typo_font_size_mobile":0,"ocean_menu_typo_font_size_unit":"px","ocean_menu_typo_font_weight":"","ocean_menu_typo_font_weight_tablet":"","ocean_menu_typo_font_weight_mobile":"","ocean_menu_typo_transform":"","ocean_menu_typo_transform_tablet":"","ocean_menu_typo_transform_mobile":"","ocean_menu_typo_line_height":0,"ocean_menu_typo_line_height_tablet":0,"ocean_menu_typo_line_height_mobile":0,"ocean_menu_typo_line_height_unit":"","ocean_menu_typo_spacing":0,"ocean_menu_typo_spacing_tablet":0,"ocean_menu_typo_spacing_mobile":0,"ocean_menu_typo_spacing_unit":"","ocean_menu_link_color":"","ocean_menu_link_color_hover":"","ocean_menu_link_color_active":"","ocean_menu_link_background":"","ocean_menu_link_hover_background":"","ocean_menu_link_active_background":"","ocean_menu_social_links_bg":"","ocean_menu_social_hover_links_bg":"","ocean_menu_social_links_color":"","ocean_menu_social_hover_links_color":"","ocean_disable_title":"default","ocean_disable_heading":"default","ocean_post_title":"","ocean_post_subheading":"","ocean_post_title_style":"","ocean_post_title_background_color":"","ocean_post_title_background":0,"ocean_post_title_bg_image_position":"","ocean_post_title_bg_image_attachment":"","ocean_post_title_bg_image_repeat":"","ocean_post_title_bg_image_size":"","ocean_post_title_height":0,"ocean_post_title_bg_overlay":0.5,"ocean_post_title_bg_overlay_color":"","ocean_disable_breadcrumbs":"default","ocean_breadcrumbs_color":"","ocean_breadcrumbs_separator_color":"","ocean_breadcrumbs_links_color":"","ocean_breadcrumbs_links_hover_color":"","ocean_display_footer_widgets":"default","ocean_display_footer_bottom":"default","ocean_custom_footer_template":"0"},"product_brand":[],"product_cat":[],"product_tag":[],"class_list":{"0":"post-18815","1":"product","2":"type-product","3":"status-publish","4":"has-post-thumbnail","7":"entry","8":"has-media","10":"first","11":"instock","12":"featured","13":"shipping-taxable","14":"product-type-simple","15":"has-product-nav","16":"col","17":"span_1_of_4","18":"owp-content-center","19":"owp-thumbs-layout-vertical","20":"owp-btn-normal","21":"owp-tabs-layout-horizontal"},"yoast_head":"<!-- This site is optimized with the Yoast SEO plugin v27.0 - https:\/\/yoast.com\/product\/yoast-seo-wordpress\/ -->\n<title>Elektrischer Veterin\u00e4rmedizinischer Sprechtisch ELITE - Vetinox<\/title>\n<meta name=\"description\" content=\"Entdecken Sie den elektrischen Tierarzttisch, der dank seiner ultra-niedrigen Tischplatte Komfort und Leistung vereint.\" \/>\n<meta name=\"robots\" content=\"index, follow, max-snippet:-1, max-image-preview:large, max-video-preview:-1\" \/>\n<link rel=\"canonical\" href=\"https:\/\/www.vetinox.fr\/de\/produit\/konsultationstisch-elektrisch-elite-tapis-rahmen\/\" \/>\n<meta property=\"og:locale\" content=\"de_DE\" \/>\n<meta property=\"og:type\" content=\"article\" \/>\n<meta property=\"og:title\" content=\"Elektrischer Veterin\u00e4rmedizinischer Sprechtisch ELITE - Vetinox\" \/>\n<meta property=\"og:description\" content=\"Entdecken Sie den elektrischen Tierarzttisch, der dank seiner ultra-niedrigen Tischplatte Komfort und Leistung vereint.\" \/>\n<meta property=\"og:url\" content=\"https:\/\/www.vetinox.fr\/de\/produit\/konsultationstisch-elektrisch-elite-tapis-rahmen\/\" \/>\n<meta property=\"og:site_name\" content=\"Vetinox\" \/>\n<meta property=\"og:image\" content=\"https:\/\/www.vetinox.fr\/wp-content\/uploads\/2020\/11\/Table-veterinaire-Elite-TA400010-3.png\" \/>\n\t<meta property=\"og:image:width\" content=\"600\" \/>\n\t<meta property=\"og:image:height\" content=\"600\" \/>\n\t<meta property=\"og:image:type\" content=\"image\/png\" \/>\n<meta name=\"twitter:card\" content=\"summary_large_image\" \/>\n<meta name=\"twitter:label1\" content=\"Gesch\u00e4tzte Lesezeit\" \/>\n\t<meta name=\"twitter:data1\" content=\"1\u00a0Minute\" \/>\n<script type=\"application\/ld+json\" class=\"yoast-schema-graph\">{\"@context\":\"https:\/\/schema.org\",\"@graph\":[{\"@type\":\"WebPage\",\"@id\":\"https:\/\/www.vetinox.fr\/de\/produit\/konsultationstisch-elektrisch-elite-tapis-rahmen\/\",\"url\":\"https:\/\/www.vetinox.fr\/de\/produit\/konsultationstisch-elektrisch-elite-tapis-rahmen\/\",\"name\":\"Elektrischer Veterin\u00e4rmedizinischer Sprechtisch ELITE - Vetinox\",\"isPartOf\":{\"@id\":\"https:\/\/www.vetinox.fr\/#website\"},\"primaryImageOfPage\":{\"@id\":\"https:\/\/www.vetinox.fr\/de\/produit\/konsultationstisch-elektrisch-elite-tapis-rahmen\/#primaryimage\"},\"image\":{\"@id\":\"https:\/\/www.vetinox.fr\/de\/produit\/konsultationstisch-elektrisch-elite-tapis-rahmen\/#primaryimage\"},\"thumbnailUrl\":\"https:\/\/www.vetinox.fr\/wp-content\/uploads\/2020\/11\/TA400010-CB-Table-consultation-electrique-ELITE-tapis-et-cadre-Cemento-Brescia-2.png\",\"datePublished\":\"2021-12-19T16:46:53+00:00\",\"description\":\"Entdecken Sie den elektrischen Tierarzttisch, der dank seiner ultra-niedrigen Tischplatte Komfort und Leistung vereint.\",\"breadcrumb\":{\"@id\":\"https:\/\/www.vetinox.fr\/de\/produit\/konsultationstisch-elektrisch-elite-tapis-rahmen\/#breadcrumb\"},\"inLanguage\":\"de\",\"potentialAction\":[{\"@type\":\"ReadAction\",\"target\":[\"https:\/\/www.vetinox.fr\/de\/produit\/konsultationstisch-elektrisch-elite-tapis-rahmen\/\"]}]},{\"@type\":\"ImageObject\",\"inLanguage\":\"de\",\"@id\":\"https:\/\/www.vetinox.fr\/de\/produit\/konsultationstisch-elektrisch-elite-tapis-rahmen\/#primaryimage\",\"url\":\"https:\/\/www.vetinox.fr\/wp-content\/uploads\/2020\/11\/TA400010-CB-Table-consultation-electrique-ELITE-tapis-et-cadre-Cemento-Brescia-2.png\",\"contentUrl\":\"https:\/\/www.vetinox.fr\/wp-content\/uploads\/2020\/11\/TA400010-CB-Table-consultation-electrique-ELITE-tapis-et-cadre-Cemento-Brescia-2.png\",\"width\":600,\"height\":600},{\"@type\":\"BreadcrumbList\",\"@id\":\"https:\/\/www.vetinox.fr\/de\/produit\/konsultationstisch-elektrisch-elite-tapis-rahmen\/#breadcrumb\",\"itemListElement\":[{\"@type\":\"ListItem\",\"position\":1,\"name\":\"Accueil\",\"item\":\"https:\/\/www.vetinox.fr\/en\/\"},{\"@type\":\"ListItem\",\"position\":2,\"name\":\"Archiv Produkte\",\"item\":\"https:\/\/www.vetinox.fr\/de\/produktarchiv\/\"},{\"@type\":\"ListItem\",\"position\":3,\"name\":\"Veterin\u00e4rmedizinische Tische\",\"item\":\"https:\/\/www.vetinox.fr\/de\/Produktkategorien\/veterinarmedizinische-tische\/\"},{\"@type\":\"ListItem\",\"position\":4,\"name\":\"ELITE-Tische\",\"item\":\"https:\/\/www.vetinox.fr\/de\/Produktkategorien\/veterinarmedizinische-tische\/elite-tische\/\"},{\"@type\":\"ListItem\",\"position\":5,\"name\":\"Elektrischer Beratungstisch ELITE Teppich und Rahmen\"}]},{\"@type\":\"WebSite\",\"@id\":\"https:\/\/www.vetinox.fr\/#website\",\"url\":\"https:\/\/www.vetinox.fr\/\",\"name\":\"Vetinox\",\"description\":\"Equipement Veterinaire\",\"publisher\":{\"@id\":\"https:\/\/www.vetinox.fr\/#organization\"},\"potentialAction\":[{\"@type\":\"SearchAction\",\"target\":{\"@type\":\"EntryPoint\",\"urlTemplate\":\"https:\/\/www.vetinox.fr\/?s={search_term_string}\"},\"query-input\":{\"@type\":\"PropertyValueSpecification\",\"valueRequired\":true,\"valueName\":\"search_term_string\"}}],\"inLanguage\":\"de\"},{\"@type\":\"Organization\",\"@id\":\"https:\/\/www.vetinox.fr\/#organization\",\"name\":\"Vetinox\",\"url\":\"https:\/\/www.vetinox.fr\/\",\"logo\":{\"@type\":\"ImageObject\",\"inLanguage\":\"de\",\"@id\":\"https:\/\/www.vetinox.fr\/#\/schema\/logo\/image\/\",\"url\":\"https:\/\/www.vetinox.fr\/wp-content\/uploads\/2018\/11\/Logo-Vetinox-2.png\",\"contentUrl\":\"https:\/\/www.vetinox.fr\/wp-content\/uploads\/2018\/11\/Logo-Vetinox-2.png\",\"width\":414,\"height\":126,\"caption\":\"Vetinox\"},\"image\":{\"@id\":\"https:\/\/www.vetinox.fr\/#\/schema\/logo\/image\/\"}}]}<\/script>\n<!-- \/ Yoast SEO plugin. -->","yoast_head_json":{"title":"Elektrischer Veterin\u00e4rmedizinischer Sprechtisch ELITE - Vetinox","description":"Entdecken Sie den elektrischen Tierarzttisch, der dank seiner ultra-niedrigen Tischplatte Komfort und Leistung vereint.","robots":{"index":"index","follow":"follow","max-snippet":"max-snippet:-1","max-image-preview":"max-image-preview:large","max-video-preview":"max-video-preview:-1"},"canonical":"https:\/\/www.vetinox.fr\/de\/produit\/konsultationstisch-elektrisch-elite-tapis-rahmen\/","og_locale":"de_DE","og_type":"article","og_title":"Elektrischer Veterin\u00e4rmedizinischer Sprechtisch ELITE - Vetinox","og_description":"Entdecken Sie den elektrischen Tierarzttisch, der dank seiner ultra-niedrigen Tischplatte Komfort und Leistung vereint.","og_url":"https:\/\/www.vetinox.fr\/de\/produit\/konsultationstisch-elektrisch-elite-tapis-rahmen\/","og_site_name":"Vetinox","og_image":[{"width":600,"height":600,"url":"https:\/\/www.vetinox.fr\/wp-content\/uploads\/2020\/11\/Table-veterinaire-Elite-TA400010-3.png","type":"image\/png"}],"twitter_card":"summary_large_image","twitter_misc":{"Gesch\u00e4tzte Lesezeit":"1\u00a0Minute"},"schema":{"@context":"https:\/\/schema.org","@graph":[{"@type":"WebPage","@id":"https:\/\/www.vetinox.fr\/de\/produit\/konsultationstisch-elektrisch-elite-tapis-rahmen\/","url":"https:\/\/www.vetinox.fr\/de\/produit\/konsultationstisch-elektrisch-elite-tapis-rahmen\/","name":"Elektrischer Veterin\u00e4rmedizinischer Sprechtisch ELITE - Vetinox","isPartOf":{"@id":"https:\/\/www.vetinox.fr\/#website"},"primaryImageOfPage":{"@id":"https:\/\/www.vetinox.fr\/de\/produit\/konsultationstisch-elektrisch-elite-tapis-rahmen\/#primaryimage"},"image":{"@id":"https:\/\/www.vetinox.fr\/de\/produit\/konsultationstisch-elektrisch-elite-tapis-rahmen\/#primaryimage"},"thumbnailUrl":"https:\/\/www.vetinox.fr\/wp-content\/uploads\/2020\/11\/TA400010-CB-Table-consultation-electrique-ELITE-tapis-et-cadre-Cemento-Brescia-2.png","datePublished":"2021-12-19T16:46:53+00:00","description":"Entdecken Sie den elektrischen Tierarzttisch, der dank seiner ultra-niedrigen Tischplatte Komfort und Leistung vereint.","breadcrumb":{"@id":"https:\/\/www.vetinox.fr\/de\/produit\/konsultationstisch-elektrisch-elite-tapis-rahmen\/#breadcrumb"},"inLanguage":"de","potentialAction":[{"@type":"ReadAction","target":["https:\/\/www.vetinox.fr\/de\/produit\/konsultationstisch-elektrisch-elite-tapis-rahmen\/"]}]},{"@type":"ImageObject","inLanguage":"de","@id":"https:\/\/www.vetinox.fr\/de\/produit\/konsultationstisch-elektrisch-elite-tapis-rahmen\/#primaryimage","url":"https:\/\/www.vetinox.fr\/wp-content\/uploads\/2020\/11\/TA400010-CB-Table-consultation-electrique-ELITE-tapis-et-cadre-Cemento-Brescia-2.png","contentUrl":"https:\/\/www.vetinox.fr\/wp-content\/uploads\/2020\/11\/TA400010-CB-Table-consultation-electrique-ELITE-tapis-et-cadre-Cemento-Brescia-2.png","width":600,"height":600},{"@type":"BreadcrumbList","@id":"https:\/\/www.vetinox.fr\/de\/produit\/konsultationstisch-elektrisch-elite-tapis-rahmen\/#breadcrumb","itemListElement":[{"@type":"ListItem","position":1,"name":"Accueil","item":"https:\/\/www.vetinox.fr\/en\/"},{"@type":"ListItem","position":2,"name":"Archiv Produkte","item":"https:\/\/www.vetinox.fr\/de\/produktarchiv\/"},{"@type":"ListItem","position":3,"name":"Veterin\u00e4rmedizinische Tische","item":"https:\/\/www.vetinox.fr\/de\/Produktkategorien\/veterinarmedizinische-tische\/"},{"@type":"ListItem","position":4,"name":"ELITE-Tische","item":"https:\/\/www.vetinox.fr\/de\/Produktkategorien\/veterinarmedizinische-tische\/elite-tische\/"},{"@type":"ListItem","position":5,"name":"Elektrischer Beratungstisch ELITE Teppich und Rahmen"}]},{"@type":"WebSite","@id":"https:\/\/www.vetinox.fr\/#website","url":"https:\/\/www.vetinox.fr\/","name":"Vetinox","description":"Equipement Veterinaire","publisher":{"@id":"https:\/\/www.vetinox.fr\/#organization"},"potentialAction":[{"@type":"SearchAction","target":{"@type":"EntryPoint","urlTemplate":"https:\/\/www.vetinox.fr\/?s={search_term_string}"},"query-input":{"@type":"PropertyValueSpecification","valueRequired":true,"valueName":"search_term_string"}}],"inLanguage":"de"},{"@type":"Organization","@id":"https:\/\/www.vetinox.fr\/#organization","name":"Vetinox","url":"https:\/\/www.vetinox.fr\/","logo":{"@type":"ImageObject","inLanguage":"de","@id":"https:\/\/www.vetinox.fr\/#\/schema\/logo\/image\/","url":"https:\/\/www.vetinox.fr\/wp-content\/uploads\/2018\/11\/Logo-Vetinox-2.png","contentUrl":"https:\/\/www.vetinox.fr\/wp-content\/uploads\/2018\/11\/Logo-Vetinox-2.png","width":414,"height":126,"caption":"Vetinox"},"image":{"@id":"https:\/\/www.vetinox.fr\/#\/schema\/logo\/image\/"}}]}},"_links":{"self":[{"href":"https:\/\/www.vetinox.fr\/de\/wp-json\/wp\/v2\/product\/18815","targetHints":{"allow":["GET"]}}],"collection":[{"href":"https:\/\/www.vetinox.fr\/de\/wp-json\/wp\/v2\/product"}],"about":[{"href":"https:\/\/www.vetinox.fr\/de\/wp-json\/wp\/v2\/types\/product"}],"version-history":[{"count":0,"href":"https:\/\/www.vetinox.fr\/de\/wp-json\/wp\/v2\/product\/18815\/revisions"}],"wp:featuredmedia":[{"embeddable":true,"href":"https:\/\/www.vetinox.fr\/de\/wp-json\/wp\/v2\/media\/21090"}],"wp:attachment":[{"href":"https:\/\/www.vetinox.fr\/de\/wp-json\/wp\/v2\/media?parent=18815"}],"wp:term":[{"taxonomy":"product_brand","embeddable":true,"href":"https:\/\/www.vetinox.fr\/de\/wp-json\/wp\/v2\/product_brand?post=18815"},{"taxonomy":"product_cat","embeddable":true,"href":"https:\/\/www.vetinox.fr\/de\/wp-json\/wp\/v2\/product_cat?post=18815"},{"taxonomy":"product_tag","embeddable":true,"href":"https:\/\/www.vetinox.fr\/de\/wp-json\/wp\/v2\/product_tag?post=18815"}],"curies":[{"name":"wp","href":"https:\/\/api.w.org\/{rel}","templated":true}]}}