{"id":18892,"date":"2020-11-09T22:05:11","date_gmt":"2021-12-19T16:47:01","guid":{"rendered":"https:\/\/www.vetinox.fr\/produit\/op-tisch-mit-3-wege-neigung-raedern-und-flacher-tischplatte\/"},"modified":"2021-12-19T17:47:03","modified_gmt":"2021-12-19T16:47:03","slug":"op-tisch-mit-3-wege-neigung-raedern-und-flacher-tischplatte","status":"publish","type":"product","link":"https:\/\/www.vetinox.fr\/de\/produit\/op-tisch-mit-3-wege-neigung-raedern-und-flacher-tischplatte\/","title":{"rendered":"OP-Tisch mit 3-Wege-Neigung, R\u00e4dern und flacher Tischplatte"},"content":{"rendered":"<p>Elektrischer Operationstisch aus rostfreiem Stahl.<\/p>\n<p>Merkmale des Tisches :<\/p>\n<ul>\n<li style=\"font-size: 17px;\">Format des Tisches in der unteren Position: 140 x 53 x 58 cm<\/li>\n<li style=\"font-size: 17px;\">Format des Tisches in der oberen Position: 140 x 53 x 115 cm<\/li>\n<li style=\"font-size: 17px;\">Gr\u00f6\u00dfe der Tischplatte: 140 x 53 cm<\/li>\n<li style=\"font-size: 17px;\">Variable H\u00f6he von 58 bis 115 cm<\/li>\n<li style=\"font-size: 17px;\">Flaches Tablett aus Edelstahl<\/li>\n<li style=\"font-size: 17px;\">Proclive &#8211; elektrisches Absenken<\/li>\n<li style=\"font-size: 17px;\">Elektrische Neigung 3 \u00e8me sens<\/li>\n<li style=\"font-size: 17px;\">Leise und ruckelfrei<\/li>\n<li style=\"font-size: 17px;\">Elektrisches Auf- und Absteigen per Fu\u00dfsteuerung<\/li>\n<li>Verf\u00fcgt \u00fcber 4 einklappbare R\u00e4der<\/li>\n<\/ul>\n","protected":false},"excerpt":{"rendered":"<p>Elektrisch betriebener Operationstisch aus Edelstahl (Proclive &#8211; elektrisches Absenken) mit 3. elektrischer Neigungsrichtung, geeignet f\u00fcr kleine und gr\u00f6\u00dfere Tiere. Der Tisch ist mit R\u00e4dern ausgestattet, um ihn leichter bewegen zu k\u00f6nnen.<\/p>\n<p>Der Tisch ist mit einer flachen Edelstahlplatte ausgestattet und ist in ma\u00dfgeschneiderten Designs erh\u00e4ltlich.<\/p>\n<span class=\"action-button blue-button2\"><a href=\"https:\/\/www.vetinox.fr\/wp-content\/uploads\/2021\/06\/FT-TA700-110-111-115-TA703-110-111-115-FR.pdf\">Fiche technique - Table de chirurgie \u00e9lectrique<\/a><\/span>\n","protected":false},"featured_media":24175,"template":"","meta":{"ocean_post_layout":"full-screen","ocean_both_sidebars_style":"","ocean_both_sidebars_content_width":0,"ocean_both_sidebars_sidebars_width":0,"ocean_sidebar":"0","ocean_second_sidebar":"0","ocean_disable_margins":"on","ocean_add_body_class":"","ocean_shortcode_before_top_bar":"","ocean_shortcode_after_top_bar":"","ocean_shortcode_before_header":"","ocean_shortcode_after_header":"","ocean_has_shortcode":"","ocean_shortcode_after_title":"","ocean_shortcode_before_footer_widgets":"","ocean_shortcode_after_footer_widgets":"","ocean_shortcode_before_footer_bottom":"","ocean_shortcode_after_footer_bottom":"","ocean_display_top_bar":"default","ocean_display_header":"default","ocean_header_style":"","ocean_center_header_left_menu":"0","ocean_custom_header_template":"0","ocean_custom_logo":0,"ocean_custom_retina_logo":0,"ocean_custom_logo_max_width":0,"ocean_custom_logo_tablet_max_width":0,"ocean_custom_logo_mobile_max_width":0,"ocean_custom_logo_max_height":0,"ocean_custom_logo_tablet_max_height":0,"ocean_custom_logo_mobile_max_height":0,"ocean_header_custom_menu":"0","ocean_menu_typo_font_family":"0","ocean_menu_typo_font_subset":"","ocean_menu_typo_font_size":0,"ocean_menu_typo_font_size_tablet":0,"ocean_menu_typo_font_size_mobile":0,"ocean_menu_typo_font_size_unit":"px","ocean_menu_typo_font_weight":"","ocean_menu_typo_font_weight_tablet":"","ocean_menu_typo_font_weight_mobile":"","ocean_menu_typo_transform":"","ocean_menu_typo_transform_tablet":"","ocean_menu_typo_transform_mobile":"","ocean_menu_typo_line_height":0,"ocean_menu_typo_line_height_tablet":0,"ocean_menu_typo_line_height_mobile":0,"ocean_menu_typo_line_height_unit":"","ocean_menu_typo_spacing":0,"ocean_menu_typo_spacing_tablet":0,"ocean_menu_typo_spacing_mobile":0,"ocean_menu_typo_spacing_unit":"","ocean_menu_link_color":"","ocean_menu_link_color_hover":"","ocean_menu_link_color_active":"","ocean_menu_link_background":"","ocean_menu_link_hover_background":"","ocean_menu_link_active_background":"","ocean_menu_social_links_bg":"","ocean_menu_social_hover_links_bg":"","ocean_menu_social_links_color":"","ocean_menu_social_hover_links_color":"","ocean_disable_title":"default","ocean_disable_heading":"default","ocean_post_title":"","ocean_post_subheading":"","ocean_post_title_style":"default","ocean_post_title_background_color":"","ocean_post_title_background":0,"ocean_post_title_bg_image_position":"","ocean_post_title_bg_image_attachment":"","ocean_post_title_bg_image_repeat":"","ocean_post_title_bg_image_size":"","ocean_post_title_height":0,"ocean_post_title_bg_overlay":0.5,"ocean_post_title_bg_overlay_color":"","ocean_disable_breadcrumbs":"on","ocean_breadcrumbs_color":"","ocean_breadcrumbs_separator_color":"","ocean_breadcrumbs_links_color":"","ocean_breadcrumbs_links_hover_color":"","ocean_display_footer_widgets":"default","ocean_display_footer_bottom":"default","ocean_custom_footer_template":"0"},"product_brand":[],"product_cat":[286,281],"product_tag":[],"class_list":{"0":"post-18892","1":"product","2":"type-product","3":"status-publish","4":"has-post-thumbnail","6":"product_cat-operationstische","7":"product_cat-veterinarmedizinische-tische","8":"pa_options-de-la-table-einklappbare-rader-de","9":"pa_options-de-la-table-neigung-3-sinn","10":"pa_type-de-plateau-flaches-tablett","12":"entry","13":"has-media","15":"first","16":"instock","17":"featured","18":"shipping-taxable","19":"product-type-simple","20":"has-product-nav","21":"col","22":"span_1_of_4","23":"owp-content-center","24":"owp-thumbs-layout-vertical","25":"owp-btn-normal","26":"owp-tabs-layout-horizontal"},"yoast_head":"<!-- This site is optimized with the Yoast SEO plugin v27.0 - https:\/\/yoast.com\/product\/yoast-seo-wordpress\/ -->\n<title>Operationstisch mit flacher Tischplatte, R\u00e4dern und 3. Sinn - Vetinox<\/title>\n<meta name=\"description\" content=\"Veterin\u00e4rmedizinischer Operationstisch mit flacher Edelstahlplatte und 3-facher Neigung. Mit R\u00e4dern ausgestattet, erleichtert es die Fortbewegung.\" \/>\n<meta name=\"robots\" content=\"index, follow, max-snippet:-1, max-image-preview:large, max-video-preview:-1\" \/>\n<link rel=\"canonical\" href=\"https:\/\/www.vetinox.fr\/de\/produit\/op-tisch-mit-3-wege-neigung-raedern-und-flacher-tischplatte\/\" \/>\n<meta property=\"og:locale\" content=\"de_DE\" \/>\n<meta property=\"og:type\" content=\"article\" \/>\n<meta property=\"og:title\" content=\"Operationstisch mit flacher Tischplatte, R\u00e4dern und 3. Sinn - Vetinox\" \/>\n<meta property=\"og:description\" content=\"Veterin\u00e4rmedizinischer Operationstisch mit flacher Edelstahlplatte und 3-facher Neigung. Mit R\u00e4dern ausgestattet, erleichtert es die Fortbewegung.\" \/>\n<meta property=\"og:url\" content=\"https:\/\/www.vetinox.fr\/de\/produit\/op-tisch-mit-3-wege-neigung-raedern-und-flacher-tischplatte\/\" \/>\n<meta property=\"og:site_name\" content=\"Vetinox\" \/>\n<meta property=\"article:modified_time\" content=\"2021-12-19T16:47:03+00:00\" \/>\n<meta property=\"og:image\" content=\"https:\/\/www.vetinox.fr\/wp-content\/uploads\/2020\/11\/TA700110-Table-chirurgie-plateau-plat-INOX-4-roues-1400x530-Proclive-declive-electrique-inclinaison-3e-sens-N1-2.png\" \/>\n\t<meta property=\"og:image:width\" content=\"600\" \/>\n\t<meta property=\"og:image:height\" content=\"600\" \/>\n\t<meta property=\"og:image:type\" content=\"image\/png\" \/>\n<meta name=\"twitter:card\" content=\"summary_large_image\" \/>\n<script type=\"application\/ld+json\" class=\"yoast-schema-graph\">{\"@context\":\"https:\/\/schema.org\",\"@graph\":[{\"@type\":\"WebPage\",\"@id\":\"https:\/\/www.vetinox.fr\/de\/produit\/op-tisch-mit-3-wege-neigung-raedern-und-flacher-tischplatte\/\",\"url\":\"https:\/\/www.vetinox.fr\/de\/produit\/op-tisch-mit-3-wege-neigung-raedern-und-flacher-tischplatte\/\",\"name\":\"Operationstisch mit flacher Tischplatte, R\u00e4dern und 3. Sinn - Vetinox\",\"isPartOf\":{\"@id\":\"https:\/\/www.vetinox.fr\/#website\"},\"primaryImageOfPage\":{\"@id\":\"https:\/\/www.vetinox.fr\/de\/produit\/op-tisch-mit-3-wege-neigung-raedern-und-flacher-tischplatte\/#primaryimage\"},\"image\":{\"@id\":\"https:\/\/www.vetinox.fr\/de\/produit\/op-tisch-mit-3-wege-neigung-raedern-und-flacher-tischplatte\/#primaryimage\"},\"thumbnailUrl\":\"https:\/\/www.vetinox.fr\/wp-content\/uploads\/2020\/11\/Vetinox_TA700110_TableChirurgiePlateauPlat4RouesProcliveDecliveElectriqueInclinaison3eSens.jpg\",\"datePublished\":\"2021-12-19T16:47:01+00:00\",\"dateModified\":\"2021-12-19T16:47:03+00:00\",\"description\":\"Veterin\u00e4rmedizinischer Operationstisch mit flacher Edelstahlplatte und 3-facher Neigung. Mit R\u00e4dern ausgestattet, erleichtert es die Fortbewegung.\",\"breadcrumb\":{\"@id\":\"https:\/\/www.vetinox.fr\/de\/produit\/op-tisch-mit-3-wege-neigung-raedern-und-flacher-tischplatte\/#breadcrumb\"},\"inLanguage\":\"de\",\"potentialAction\":[{\"@type\":\"ReadAction\",\"target\":[\"https:\/\/www.vetinox.fr\/de\/produit\/op-tisch-mit-3-wege-neigung-raedern-und-flacher-tischplatte\/\"]}]},{\"@type\":\"ImageObject\",\"inLanguage\":\"de\",\"@id\":\"https:\/\/www.vetinox.fr\/de\/produit\/op-tisch-mit-3-wege-neigung-raedern-und-flacher-tischplatte\/#primaryimage\",\"url\":\"https:\/\/www.vetinox.fr\/wp-content\/uploads\/2020\/11\/Vetinox_TA700110_TableChirurgiePlateauPlat4RouesProcliveDecliveElectriqueInclinaison3eSens.jpg\",\"contentUrl\":\"https:\/\/www.vetinox.fr\/wp-content\/uploads\/2020\/11\/Vetinox_TA700110_TableChirurgiePlateauPlat4RouesProcliveDecliveElectriqueInclinaison3eSens.jpg\",\"width\":1004,\"height\":569,\"caption\":\"Table chirurgie plateau plat 4 roues (Proclive - d\u00e9clive \u00e9lectrique) inclinaison 3e sens\"},{\"@type\":\"BreadcrumbList\",\"@id\":\"https:\/\/www.vetinox.fr\/de\/produit\/op-tisch-mit-3-wege-neigung-raedern-und-flacher-tischplatte\/#breadcrumb\",\"itemListElement\":[{\"@type\":\"ListItem\",\"position\":1,\"name\":\"Accueil\",\"item\":\"https:\/\/www.vetinox.fr\/en\/\"},{\"@type\":\"ListItem\",\"position\":2,\"name\":\"Archiv Produkte\",\"item\":\"https:\/\/www.vetinox.fr\/de\/produktarchiv\/\"},{\"@type\":\"ListItem\",\"position\":3,\"name\":\"Veterin\u00e4rmedizinische Tische\",\"item\":\"https:\/\/www.vetinox.fr\/de\/Produktkategorien\/veterinarmedizinische-tische\/\"},{\"@type\":\"ListItem\",\"position\":4,\"name\":\"Operationstische\",\"item\":\"https:\/\/www.vetinox.fr\/de\/Produktkategorien\/veterinarmedizinische-tische\/operationstische\/\"},{\"@type\":\"ListItem\",\"position\":5,\"name\":\"OP-Tisch mit 3-Wege-Neigung, R\u00e4dern und flacher Tischplatte\"}]},{\"@type\":\"WebSite\",\"@id\":\"https:\/\/www.vetinox.fr\/#website\",\"url\":\"https:\/\/www.vetinox.fr\/\",\"name\":\"Vetinox\",\"description\":\"Equipement Veterinaire\",\"publisher\":{\"@id\":\"https:\/\/www.vetinox.fr\/#organization\"},\"potentialAction\":[{\"@type\":\"SearchAction\",\"target\":{\"@type\":\"EntryPoint\",\"urlTemplate\":\"https:\/\/www.vetinox.fr\/?s={search_term_string}\"},\"query-input\":{\"@type\":\"PropertyValueSpecification\",\"valueRequired\":true,\"valueName\":\"search_term_string\"}}],\"inLanguage\":\"de\"},{\"@type\":\"Organization\",\"@id\":\"https:\/\/www.vetinox.fr\/#organization\",\"name\":\"Vetinox\",\"url\":\"https:\/\/www.vetinox.fr\/\",\"logo\":{\"@type\":\"ImageObject\",\"inLanguage\":\"de\",\"@id\":\"https:\/\/www.vetinox.fr\/#\/schema\/logo\/image\/\",\"url\":\"https:\/\/www.vetinox.fr\/wp-content\/uploads\/2018\/11\/Logo-Vetinox-2.png\",\"contentUrl\":\"https:\/\/www.vetinox.fr\/wp-content\/uploads\/2018\/11\/Logo-Vetinox-2.png\",\"width\":414,\"height\":126,\"caption\":\"Vetinox\"},\"image\":{\"@id\":\"https:\/\/www.vetinox.fr\/#\/schema\/logo\/image\/\"}}]}<\/script>\n<!-- \/ Yoast SEO plugin. -->","yoast_head_json":{"title":"Operationstisch mit flacher Tischplatte, R\u00e4dern und 3. Sinn - Vetinox","description":"Veterin\u00e4rmedizinischer Operationstisch mit flacher Edelstahlplatte und 3-facher Neigung. Mit R\u00e4dern ausgestattet, erleichtert es die Fortbewegung.","robots":{"index":"index","follow":"follow","max-snippet":"max-snippet:-1","max-image-preview":"max-image-preview:large","max-video-preview":"max-video-preview:-1"},"canonical":"https:\/\/www.vetinox.fr\/de\/produit\/op-tisch-mit-3-wege-neigung-raedern-und-flacher-tischplatte\/","og_locale":"de_DE","og_type":"article","og_title":"Operationstisch mit flacher Tischplatte, R\u00e4dern und 3. Sinn - Vetinox","og_description":"Veterin\u00e4rmedizinischer Operationstisch mit flacher Edelstahlplatte und 3-facher Neigung. Mit R\u00e4dern ausgestattet, erleichtert es die Fortbewegung.","og_url":"https:\/\/www.vetinox.fr\/de\/produit\/op-tisch-mit-3-wege-neigung-raedern-und-flacher-tischplatte\/","og_site_name":"Vetinox","article_modified_time":"2021-12-19T16:47:03+00:00","og_image":[{"width":600,"height":600,"url":"https:\/\/www.vetinox.fr\/wp-content\/uploads\/2020\/11\/TA700110-Table-chirurgie-plateau-plat-INOX-4-roues-1400x530-Proclive-declive-electrique-inclinaison-3e-sens-N1-2.png","type":"image\/png"}],"twitter_card":"summary_large_image","schema":{"@context":"https:\/\/schema.org","@graph":[{"@type":"WebPage","@id":"https:\/\/www.vetinox.fr\/de\/produit\/op-tisch-mit-3-wege-neigung-raedern-und-flacher-tischplatte\/","url":"https:\/\/www.vetinox.fr\/de\/produit\/op-tisch-mit-3-wege-neigung-raedern-und-flacher-tischplatte\/","name":"Operationstisch mit flacher Tischplatte, R\u00e4dern und 3. Sinn - Vetinox","isPartOf":{"@id":"https:\/\/www.vetinox.fr\/#website"},"primaryImageOfPage":{"@id":"https:\/\/www.vetinox.fr\/de\/produit\/op-tisch-mit-3-wege-neigung-raedern-und-flacher-tischplatte\/#primaryimage"},"image":{"@id":"https:\/\/www.vetinox.fr\/de\/produit\/op-tisch-mit-3-wege-neigung-raedern-und-flacher-tischplatte\/#primaryimage"},"thumbnailUrl":"https:\/\/www.vetinox.fr\/wp-content\/uploads\/2020\/11\/Vetinox_TA700110_TableChirurgiePlateauPlat4RouesProcliveDecliveElectriqueInclinaison3eSens.jpg","datePublished":"2021-12-19T16:47:01+00:00","dateModified":"2021-12-19T16:47:03+00:00","description":"Veterin\u00e4rmedizinischer Operationstisch mit flacher Edelstahlplatte und 3-facher Neigung. Mit R\u00e4dern ausgestattet, erleichtert es die Fortbewegung.","breadcrumb":{"@id":"https:\/\/www.vetinox.fr\/de\/produit\/op-tisch-mit-3-wege-neigung-raedern-und-flacher-tischplatte\/#breadcrumb"},"inLanguage":"de","potentialAction":[{"@type":"ReadAction","target":["https:\/\/www.vetinox.fr\/de\/produit\/op-tisch-mit-3-wege-neigung-raedern-und-flacher-tischplatte\/"]}]},{"@type":"ImageObject","inLanguage":"de","@id":"https:\/\/www.vetinox.fr\/de\/produit\/op-tisch-mit-3-wege-neigung-raedern-und-flacher-tischplatte\/#primaryimage","url":"https:\/\/www.vetinox.fr\/wp-content\/uploads\/2020\/11\/Vetinox_TA700110_TableChirurgiePlateauPlat4RouesProcliveDecliveElectriqueInclinaison3eSens.jpg","contentUrl":"https:\/\/www.vetinox.fr\/wp-content\/uploads\/2020\/11\/Vetinox_TA700110_TableChirurgiePlateauPlat4RouesProcliveDecliveElectriqueInclinaison3eSens.jpg","width":1004,"height":569,"caption":"Table chirurgie plateau plat 4 roues (Proclive - d\u00e9clive \u00e9lectrique) inclinaison 3e sens"},{"@type":"BreadcrumbList","@id":"https:\/\/www.vetinox.fr\/de\/produit\/op-tisch-mit-3-wege-neigung-raedern-und-flacher-tischplatte\/#breadcrumb","itemListElement":[{"@type":"ListItem","position":1,"name":"Accueil","item":"https:\/\/www.vetinox.fr\/en\/"},{"@type":"ListItem","position":2,"name":"Archiv Produkte","item":"https:\/\/www.vetinox.fr\/de\/produktarchiv\/"},{"@type":"ListItem","position":3,"name":"Veterin\u00e4rmedizinische Tische","item":"https:\/\/www.vetinox.fr\/de\/Produktkategorien\/veterinarmedizinische-tische\/"},{"@type":"ListItem","position":4,"name":"Operationstische","item":"https:\/\/www.vetinox.fr\/de\/Produktkategorien\/veterinarmedizinische-tische\/operationstische\/"},{"@type":"ListItem","position":5,"name":"OP-Tisch mit 3-Wege-Neigung, R\u00e4dern und flacher Tischplatte"}]},{"@type":"WebSite","@id":"https:\/\/www.vetinox.fr\/#website","url":"https:\/\/www.vetinox.fr\/","name":"Vetinox","description":"Equipement Veterinaire","publisher":{"@id":"https:\/\/www.vetinox.fr\/#organization"},"potentialAction":[{"@type":"SearchAction","target":{"@type":"EntryPoint","urlTemplate":"https:\/\/www.vetinox.fr\/?s={search_term_string}"},"query-input":{"@type":"PropertyValueSpecification","valueRequired":true,"valueName":"search_term_string"}}],"inLanguage":"de"},{"@type":"Organization","@id":"https:\/\/www.vetinox.fr\/#organization","name":"Vetinox","url":"https:\/\/www.vetinox.fr\/","logo":{"@type":"ImageObject","inLanguage":"de","@id":"https:\/\/www.vetinox.fr\/#\/schema\/logo\/image\/","url":"https:\/\/www.vetinox.fr\/wp-content\/uploads\/2018\/11\/Logo-Vetinox-2.png","contentUrl":"https:\/\/www.vetinox.fr\/wp-content\/uploads\/2018\/11\/Logo-Vetinox-2.png","width":414,"height":126,"caption":"Vetinox"},"image":{"@id":"https:\/\/www.vetinox.fr\/#\/schema\/logo\/image\/"}}]}},"_links":{"self":[{"href":"https:\/\/www.vetinox.fr\/de\/wp-json\/wp\/v2\/product\/18892","targetHints":{"allow":["GET"]}}],"collection":[{"href":"https:\/\/www.vetinox.fr\/de\/wp-json\/wp\/v2\/product"}],"about":[{"href":"https:\/\/www.vetinox.fr\/de\/wp-json\/wp\/v2\/types\/product"}],"version-history":[{"count":0,"href":"https:\/\/www.vetinox.fr\/de\/wp-json\/wp\/v2\/product\/18892\/revisions"}],"wp:featuredmedia":[{"embeddable":true,"href":"https:\/\/www.vetinox.fr\/de\/wp-json\/wp\/v2\/media\/24175"}],"wp:attachment":[{"href":"https:\/\/www.vetinox.fr\/de\/wp-json\/wp\/v2\/media?parent=18892"}],"wp:term":[{"taxonomy":"product_brand","embeddable":true,"href":"https:\/\/www.vetinox.fr\/de\/wp-json\/wp\/v2\/product_brand?post=18892"},{"taxonomy":"product_cat","embeddable":true,"href":"https:\/\/www.vetinox.fr\/de\/wp-json\/wp\/v2\/product_cat?post=18892"},{"taxonomy":"product_tag","embeddable":true,"href":"https:\/\/www.vetinox.fr\/de\/wp-json\/wp\/v2\/product_tag?post=18892"}],"curies":[{"name":"wp","href":"https:\/\/api.w.org\/{rel}","templated":true}]}}