{"id":18987,"date":"2020-11-17T00:14:20","date_gmt":"2021-12-19T16:47:18","guid":{"rendered":"https:\/\/www.vetinox.fr\/produit\/elite-tragender-konsultationstisch-mit-roentgenplatte-und-fernbedienung\/"},"modified":"2025-01-02T12:37:04","modified_gmt":"2025-01-02T11:37:04","slug":"elite-tragender-konsultationstisch-mit-roentgenplatte-und-fernbedienung","status":"publish","type":"product","link":"https:\/\/www.vetinox.fr\/de\/produit\/elite-tragender-konsultationstisch-mit-roentgenplatte-und-fernbedienung\/","title":{"rendered":"ELITE R\u00f6ntgen-Tragetisch mit Fernbedienung und Batterie (Innen- und Au\u00dfenbereich)"},"content":{"rendered":"<p>ELITE-Trage Konsultationstisch ist mit verschiedenen Optionen erh\u00e4ltlich und kann nach Ma\u00df angefertigt werden.<\/p>\n<p>Merkmale der Veterin\u00e4rmedizinischen Tabelle :<\/p>\n<ul>\n<li>4-in-1-Funktion: Krankentrage, Hubtisch, Untersuchungstisch, R\u00f6ntgentisch<\/li>\n<li style=\"font-size: 17px;\">Format des Tisches in der unteren Position: 1290 x 600 x 225 mm<\/li>\n<li style=\"font-size: 17px;\">Tischgr\u00f6\u00dfe in der oberen Position: 1290 x 600 x 965 mm<\/li>\n<li>Gr\u00f6\u00dfe der Tischplatte: 1290 x 600 mm<\/li>\n<li>Variable H\u00f6he von 225 bis 965 mm<\/li>\n<li>Maximale Belastung des Tisches: 100 kg<\/li>\n<li>Elektrische Steuerung des Auf- und Abstiegs durch Fernbedienung mit Kabelsystem<\/li>\n<li style=\"font-size: 17px;\">Leiser, ruckfreier Elektrozylinder<\/li>\n<li>Integrierter, wiederaufladbarer, eigenst\u00e4ndiger 24-V-Akku (lange Laufzeit)<\/li>\n<li>Tisch mit einer R\u00f6ntgenplatte mit einer 16 mm starken, bearbeiteten, kratzfesten Beschichtung aus spezifischem Polyethylen, Farbe blau<\/li>\n<li style=\"font-size: 17px;\">Tisch mit 4 beweglichen 360\u00b0-R\u00e4dern aus Naturgummi (spurlos) mit Bremssystem ausgestattet<\/li>\n<li>Kreuzmechanismus f\u00fcr maximale Stabilit\u00e4t<\/li>\n<li>Tisch komplett aus Edelstahl 304 L<\/li>\n<li>Stange auf jeder Seite des Tisches<\/li>\n<li>Edelstahlstruktur mit 5 Jahren Garantie<\/li>\n<li>Elektrisches System mit 2 Jahren Garantie<\/li>\n<\/ul>\n","protected":false},"excerpt":{"rendered":"<p><img decoding=\"async\" class=\"size-medium wp-image-24319 alignleft\" src=\"https:\/\/www.vetinox.fr\/wp-content\/uploads\/2020\/11\/Macaron_hauteur.jpg\" alt=\"\" width=\"100\" height=\"100\"><img decoding=\"async\" class=\"size-full wp-image-24315 alignleft\" src=\"https:\/\/www.vetinox.fr\/wp-content\/uploads\/2020\/11\/Macaron_Charge.jpg\" alt=\"\" width=\"100\" height=\"100\"> <img decoding=\"async\" class=\"size-medium wp-image-24323 alignleft\" src=\"https:\/\/www.vetinox.fr\/wp-content\/uploads\/2020\/11\/MacaronRoues.jpg\" alt=\"\" width=\"100\" height=\"100\"><\/p>\n<p>&nbsp;<\/p>\n<p>&nbsp;<\/p>\n<p>Der vielseitig einsetzbare und innovative ELITE-Tragetisch ist gleichzeitig ein Konsultationstisch, ein Hubtisch sowie ein Transportwagen. Sie verf\u00fcgt au\u00dferdem \u00fcber eine integrierte Radiologieabteilung.<\/p>\n<p>Die <strong>variable H\u00f6he von 225 bis 965 mm<\/strong> ist eine echte Revolution in der Veterin\u00e4rmedizin und erleichtert sowohl den Aufstieg der Tiere als auch die Konsultation der Fachleute. Auch sperrige Tiere mit einem Gewicht von bis zu 100 kg lassen sich damit problemlos anheben. Sein Fahrgestell ruht auf vier selbstlenkenden R\u00e4dern, mit denen die Tiere schnell und m\u00fchelos von einem Ort zum anderen transportiert werden k\u00f6nnen. Der Tisch ist mit verschiedenen Optionen sowie als Ma\u00dfanfertigung erh\u00e4ltlich.<\/p>\n<span class=\"action-button blue-button2\"><a href=\"https:\/\/www.youtube.com\/watch?v=3O6k8grWXd4&amp;feature=emb_title&amp;ab_channel=VETINOX&amp;utm_source=NEWSMED+ALL+PRODUCTION&amp;utm_campaign=7d7c0984a8-EMAIL_CAMPAIGN_2020_10_01_12_15&amp;utm_medium=email&amp;utm_term=0_1ff8e0c963-7d7c0984a8-295192438\">VIDEO der Demonstration des Tragentisches<\/a><\/span>\n<span class=\"action-button blue-button2\"><a href=\"https:\/\/www.vetinox.fr\/wp-content\/uploads\/2020\/11\/Fiche-Technique-Table-de-consultation-brancard-ELITE.pdf\">Fiche technique - Table de consultation brancard ELITE<\/a><\/span>\n<p>&nbsp;<\/p>\n","protected":false},"featured_media":26430,"template":"","meta":{"ocean_post_layout":"","ocean_both_sidebars_style":"","ocean_both_sidebars_content_width":0,"ocean_both_sidebars_sidebars_width":0,"ocean_sidebar":"0","ocean_second_sidebar":"0","ocean_disable_margins":"enable","ocean_add_body_class":"","ocean_shortcode_before_top_bar":"","ocean_shortcode_after_top_bar":"","ocean_shortcode_before_header":"","ocean_shortcode_after_header":"","ocean_has_shortcode":"","ocean_shortcode_after_title":"","ocean_shortcode_before_footer_widgets":"","ocean_shortcode_after_footer_widgets":"","ocean_shortcode_before_footer_bottom":"","ocean_shortcode_after_footer_bottom":"","ocean_display_top_bar":"default","ocean_display_header":"default","ocean_header_style":"","ocean_center_header_left_menu":"0","ocean_custom_header_template":"0","ocean_custom_logo":0,"ocean_custom_retina_logo":0,"ocean_custom_logo_max_width":0,"ocean_custom_logo_tablet_max_width":0,"ocean_custom_logo_mobile_max_width":0,"ocean_custom_logo_max_height":0,"ocean_custom_logo_tablet_max_height":0,"ocean_custom_logo_mobile_max_height":0,"ocean_header_custom_menu":"0","ocean_menu_typo_font_family":"0","ocean_menu_typo_font_subset":"","ocean_menu_typo_font_size":0,"ocean_menu_typo_font_size_tablet":0,"ocean_menu_typo_font_size_mobile":0,"ocean_menu_typo_font_size_unit":"px","ocean_menu_typo_font_weight":"","ocean_menu_typo_font_weight_tablet":"","ocean_menu_typo_font_weight_mobile":"","ocean_menu_typo_transform":"","ocean_menu_typo_transform_tablet":"","ocean_menu_typo_transform_mobile":"","ocean_menu_typo_line_height":0,"ocean_menu_typo_line_height_tablet":0,"ocean_menu_typo_line_height_mobile":0,"ocean_menu_typo_line_height_unit":"","ocean_menu_typo_spacing":0,"ocean_menu_typo_spacing_tablet":0,"ocean_menu_typo_spacing_mobile":0,"ocean_menu_typo_spacing_unit":"","ocean_menu_link_color":"","ocean_menu_link_color_hover":"","ocean_menu_link_color_active":"","ocean_menu_link_background":"","ocean_menu_link_hover_background":"","ocean_menu_link_active_background":"","ocean_menu_social_links_bg":"","ocean_menu_social_hover_links_bg":"","ocean_menu_social_links_color":"","ocean_menu_social_hover_links_color":"","ocean_disable_title":"default","ocean_disable_heading":"default","ocean_post_title":"","ocean_post_subheading":"","ocean_post_title_style":"","ocean_post_title_background_color":"","ocean_post_title_background":0,"ocean_post_title_bg_image_position":"","ocean_post_title_bg_image_attachment":"","ocean_post_title_bg_image_repeat":"","ocean_post_title_bg_image_size":"","ocean_post_title_height":0,"ocean_post_title_bg_overlay":0.5,"ocean_post_title_bg_overlay_color":"","ocean_disable_breadcrumbs":"default","ocean_breadcrumbs_color":"","ocean_breadcrumbs_separator_color":"","ocean_breadcrumbs_links_color":"","ocean_breadcrumbs_links_hover_color":"","ocean_display_footer_widgets":"default","ocean_display_footer_bottom":"default","ocean_custom_footer_template":"0"},"product_brand":[],"product_cat":[283,289,285,281],"product_tag":[],"class_list":{"0":"post-18987","1":"product","2":"type-product","3":"status-publish","4":"has-post-thumbnail","6":"product_cat-elite-tische","7":"product_cat-roentgentische","8":"product_cat-tragen-tische","9":"product_cat-veterinarmedizinische-tische","10":"pa_options-de-la-table-einklappbare-rader-de","11":"pa_type-de-plateau-radiologie-plattform","13":"entry","14":"has-media","16":"first","17":"instock","18":"shipping-taxable","19":"product-type-simple","20":"has-product-nav","21":"col","22":"span_1_of_4","23":"owp-content-center","24":"owp-thumbs-layout-vertical","25":"owp-btn-normal","26":"owp-tabs-layout-horizontal"},"yoast_head":"<!-- This site is optimized with the Yoast SEO plugin v27.0 - https:\/\/yoast.com\/product\/yoast-seo-wordpress\/ -->\n<title>Veterin\u00e4rmedizinischer Sprechstundentisch Bahre mit R\u00f6ntgenplatte - Vetinox<\/title>\n<meta name=\"description\" content=\"Entdecken Sie unseren neuen, ultra-niedrigen, h\u00f6henverstellbaren Tierarzttisch f\u00fcr die Konsultation mit Krankentrage. Verf\u00fcgbar mit einer R\u00f6ntgenplatte.\" \/>\n<meta name=\"robots\" content=\"index, follow, max-snippet:-1, max-image-preview:large, max-video-preview:-1\" \/>\n<link rel=\"canonical\" href=\"https:\/\/www.vetinox.fr\/de\/produit\/elite-tragender-konsultationstisch-mit-roentgenplatte-und-fernbedienung\/\" \/>\n<meta property=\"og:locale\" content=\"de_DE\" \/>\n<meta property=\"og:type\" content=\"article\" \/>\n<meta property=\"og:title\" content=\"Veterin\u00e4rmedizinischer Sprechstundentisch Bahre mit R\u00f6ntgenplatte - Vetinox\" \/>\n<meta property=\"og:description\" content=\"Entdecken Sie unseren neuen, ultra-niedrigen, h\u00f6henverstellbaren Tierarzttisch f\u00fcr die Konsultation mit Krankentrage. Verf\u00fcgbar mit einer R\u00f6ntgenplatte.\" \/>\n<meta property=\"og:url\" content=\"https:\/\/www.vetinox.fr\/de\/produit\/elite-tragender-konsultationstisch-mit-roentgenplatte-und-fernbedienung\/\" \/>\n<meta property=\"og:site_name\" content=\"Vetinox\" \/>\n<meta property=\"article:modified_time\" content=\"2025-01-02T11:37:04+00:00\" \/>\n<meta property=\"og:image\" content=\"https:\/\/www.vetinox.fr\/wp-content\/uploads\/2020\/11\/Vetinox-TA100415-table-consultation-brancard-radiologie-telecommande-et-batterie_1.jpg\" \/>\n\t<meta property=\"og:image:width\" content=\"1004\" \/>\n\t<meta property=\"og:image:height\" content=\"569\" \/>\n\t<meta property=\"og:image:type\" content=\"image\/jpeg\" \/>\n<meta name=\"twitter:card\" content=\"summary_large_image\" \/>\n<meta name=\"twitter:label1\" content=\"Gesch\u00e4tzte Lesezeit\" \/>\n\t<meta name=\"twitter:data1\" content=\"1\u00a0Minute\" \/>\n<script type=\"application\/ld+json\" class=\"yoast-schema-graph\">{\"@context\":\"https:\/\/schema.org\",\"@graph\":[{\"@type\":\"WebPage\",\"@id\":\"https:\/\/www.vetinox.fr\/de\/produit\/elite-tragender-konsultationstisch-mit-roentgenplatte-und-fernbedienung\/\",\"url\":\"https:\/\/www.vetinox.fr\/de\/produit\/elite-tragender-konsultationstisch-mit-roentgenplatte-und-fernbedienung\/\",\"name\":\"Veterin\u00e4rmedizinischer Sprechstundentisch Bahre mit R\u00f6ntgenplatte - Vetinox\",\"isPartOf\":{\"@id\":\"https:\/\/www.vetinox.fr\/#website\"},\"primaryImageOfPage\":{\"@id\":\"https:\/\/www.vetinox.fr\/de\/produit\/elite-tragender-konsultationstisch-mit-roentgenplatte-und-fernbedienung\/#primaryimage\"},\"image\":{\"@id\":\"https:\/\/www.vetinox.fr\/de\/produit\/elite-tragender-konsultationstisch-mit-roentgenplatte-und-fernbedienung\/#primaryimage\"},\"thumbnailUrl\":\"https:\/\/www.vetinox.fr\/wp-content\/uploads\/2020\/11\/Vetinox-TA100415-table-consultation-brancard-radiologie-telecommande-et-batterie_1.jpg\",\"datePublished\":\"2021-12-19T16:47:18+00:00\",\"dateModified\":\"2025-01-02T11:37:04+00:00\",\"description\":\"Entdecken Sie unseren neuen, ultra-niedrigen, h\u00f6henverstellbaren Tierarzttisch f\u00fcr die Konsultation mit Krankentrage. Verf\u00fcgbar mit einer R\u00f6ntgenplatte.\",\"breadcrumb\":{\"@id\":\"https:\/\/www.vetinox.fr\/de\/produit\/elite-tragender-konsultationstisch-mit-roentgenplatte-und-fernbedienung\/#breadcrumb\"},\"inLanguage\":\"de\",\"potentialAction\":[{\"@type\":\"ReadAction\",\"target\":[\"https:\/\/www.vetinox.fr\/de\/produit\/elite-tragender-konsultationstisch-mit-roentgenplatte-und-fernbedienung\/\"]}]},{\"@type\":\"ImageObject\",\"inLanguage\":\"de\",\"@id\":\"https:\/\/www.vetinox.fr\/de\/produit\/elite-tragender-konsultationstisch-mit-roentgenplatte-und-fernbedienung\/#primaryimage\",\"url\":\"https:\/\/www.vetinox.fr\/wp-content\/uploads\/2020\/11\/Vetinox-TA100415-table-consultation-brancard-radiologie-telecommande-et-batterie_1.jpg\",\"contentUrl\":\"https:\/\/www.vetinox.fr\/wp-content\/uploads\/2020\/11\/Vetinox-TA100415-table-consultation-brancard-radiologie-telecommande-et-batterie_1.jpg\",\"width\":1004,\"height\":569,\"caption\":\"Table de consultation brancard ELITE avec plateau de radiologie et t\u00e9l\u00e9commande\"},{\"@type\":\"BreadcrumbList\",\"@id\":\"https:\/\/www.vetinox.fr\/de\/produit\/elite-tragender-konsultationstisch-mit-roentgenplatte-und-fernbedienung\/#breadcrumb\",\"itemListElement\":[{\"@type\":\"ListItem\",\"position\":1,\"name\":\"Accueil\",\"item\":\"https:\/\/www.vetinox.fr\/en\/\"},{\"@type\":\"ListItem\",\"position\":2,\"name\":\"Archiv Produkte\",\"item\":\"https:\/\/www.vetinox.fr\/de\/produktarchiv\/\"},{\"@type\":\"ListItem\",\"position\":3,\"name\":\"TABLES\",\"item\":\"https:\/\/www.vetinox.fr\/categorie-produit\/tables-veterinaires\/\"},{\"@type\":\"ListItem\",\"position\":4,\"name\":\"ELITE R\u00f6ntgen-Tragetisch mit Fernbedienung und Batterie (Innen- und Au\u00dfenbereich)\"}]},{\"@type\":\"WebSite\",\"@id\":\"https:\/\/www.vetinox.fr\/#website\",\"url\":\"https:\/\/www.vetinox.fr\/\",\"name\":\"Vetinox\",\"description\":\"Equipement Veterinaire\",\"publisher\":{\"@id\":\"https:\/\/www.vetinox.fr\/#organization\"},\"potentialAction\":[{\"@type\":\"SearchAction\",\"target\":{\"@type\":\"EntryPoint\",\"urlTemplate\":\"https:\/\/www.vetinox.fr\/?s={search_term_string}\"},\"query-input\":{\"@type\":\"PropertyValueSpecification\",\"valueRequired\":true,\"valueName\":\"search_term_string\"}}],\"inLanguage\":\"de\"},{\"@type\":\"Organization\",\"@id\":\"https:\/\/www.vetinox.fr\/#organization\",\"name\":\"Vetinox\",\"url\":\"https:\/\/www.vetinox.fr\/\",\"logo\":{\"@type\":\"ImageObject\",\"inLanguage\":\"de\",\"@id\":\"https:\/\/www.vetinox.fr\/#\/schema\/logo\/image\/\",\"url\":\"https:\/\/www.vetinox.fr\/wp-content\/uploads\/2018\/11\/Logo-Vetinox-2.png\",\"contentUrl\":\"https:\/\/www.vetinox.fr\/wp-content\/uploads\/2018\/11\/Logo-Vetinox-2.png\",\"width\":414,\"height\":126,\"caption\":\"Vetinox\"},\"image\":{\"@id\":\"https:\/\/www.vetinox.fr\/#\/schema\/logo\/image\/\"}}]}<\/script>\n<!-- \/ Yoast SEO plugin. -->","yoast_head_json":{"title":"Veterin\u00e4rmedizinischer Sprechstundentisch Bahre mit R\u00f6ntgenplatte - Vetinox","description":"Entdecken Sie unseren neuen, ultra-niedrigen, h\u00f6henverstellbaren Tierarzttisch f\u00fcr die Konsultation mit Krankentrage. Verf\u00fcgbar mit einer R\u00f6ntgenplatte.","robots":{"index":"index","follow":"follow","max-snippet":"max-snippet:-1","max-image-preview":"max-image-preview:large","max-video-preview":"max-video-preview:-1"},"canonical":"https:\/\/www.vetinox.fr\/de\/produit\/elite-tragender-konsultationstisch-mit-roentgenplatte-und-fernbedienung\/","og_locale":"de_DE","og_type":"article","og_title":"Veterin\u00e4rmedizinischer Sprechstundentisch Bahre mit R\u00f6ntgenplatte - Vetinox","og_description":"Entdecken Sie unseren neuen, ultra-niedrigen, h\u00f6henverstellbaren Tierarzttisch f\u00fcr die Konsultation mit Krankentrage. Verf\u00fcgbar mit einer R\u00f6ntgenplatte.","og_url":"https:\/\/www.vetinox.fr\/de\/produit\/elite-tragender-konsultationstisch-mit-roentgenplatte-und-fernbedienung\/","og_site_name":"Vetinox","article_modified_time":"2025-01-02T11:37:04+00:00","og_image":[{"width":1004,"height":569,"url":"https:\/\/www.vetinox.fr\/wp-content\/uploads\/2020\/11\/Vetinox-TA100415-table-consultation-brancard-radiologie-telecommande-et-batterie_1.jpg","type":"image\/jpeg"}],"twitter_card":"summary_large_image","twitter_misc":{"Gesch\u00e4tzte Lesezeit":"1\u00a0Minute"},"schema":{"@context":"https:\/\/schema.org","@graph":[{"@type":"WebPage","@id":"https:\/\/www.vetinox.fr\/de\/produit\/elite-tragender-konsultationstisch-mit-roentgenplatte-und-fernbedienung\/","url":"https:\/\/www.vetinox.fr\/de\/produit\/elite-tragender-konsultationstisch-mit-roentgenplatte-und-fernbedienung\/","name":"Veterin\u00e4rmedizinischer Sprechstundentisch Bahre mit R\u00f6ntgenplatte - Vetinox","isPartOf":{"@id":"https:\/\/www.vetinox.fr\/#website"},"primaryImageOfPage":{"@id":"https:\/\/www.vetinox.fr\/de\/produit\/elite-tragender-konsultationstisch-mit-roentgenplatte-und-fernbedienung\/#primaryimage"},"image":{"@id":"https:\/\/www.vetinox.fr\/de\/produit\/elite-tragender-konsultationstisch-mit-roentgenplatte-und-fernbedienung\/#primaryimage"},"thumbnailUrl":"https:\/\/www.vetinox.fr\/wp-content\/uploads\/2020\/11\/Vetinox-TA100415-table-consultation-brancard-radiologie-telecommande-et-batterie_1.jpg","datePublished":"2021-12-19T16:47:18+00:00","dateModified":"2025-01-02T11:37:04+00:00","description":"Entdecken Sie unseren neuen, ultra-niedrigen, h\u00f6henverstellbaren Tierarzttisch f\u00fcr die Konsultation mit Krankentrage. Verf\u00fcgbar mit einer R\u00f6ntgenplatte.","breadcrumb":{"@id":"https:\/\/www.vetinox.fr\/de\/produit\/elite-tragender-konsultationstisch-mit-roentgenplatte-und-fernbedienung\/#breadcrumb"},"inLanguage":"de","potentialAction":[{"@type":"ReadAction","target":["https:\/\/www.vetinox.fr\/de\/produit\/elite-tragender-konsultationstisch-mit-roentgenplatte-und-fernbedienung\/"]}]},{"@type":"ImageObject","inLanguage":"de","@id":"https:\/\/www.vetinox.fr\/de\/produit\/elite-tragender-konsultationstisch-mit-roentgenplatte-und-fernbedienung\/#primaryimage","url":"https:\/\/www.vetinox.fr\/wp-content\/uploads\/2020\/11\/Vetinox-TA100415-table-consultation-brancard-radiologie-telecommande-et-batterie_1.jpg","contentUrl":"https:\/\/www.vetinox.fr\/wp-content\/uploads\/2020\/11\/Vetinox-TA100415-table-consultation-brancard-radiologie-telecommande-et-batterie_1.jpg","width":1004,"height":569,"caption":"Table de consultation brancard ELITE avec plateau de radiologie et t\u00e9l\u00e9commande"},{"@type":"BreadcrumbList","@id":"https:\/\/www.vetinox.fr\/de\/produit\/elite-tragender-konsultationstisch-mit-roentgenplatte-und-fernbedienung\/#breadcrumb","itemListElement":[{"@type":"ListItem","position":1,"name":"Accueil","item":"https:\/\/www.vetinox.fr\/en\/"},{"@type":"ListItem","position":2,"name":"Archiv Produkte","item":"https:\/\/www.vetinox.fr\/de\/produktarchiv\/"},{"@type":"ListItem","position":3,"name":"TABLES","item":"https:\/\/www.vetinox.fr\/categorie-produit\/tables-veterinaires\/"},{"@type":"ListItem","position":4,"name":"ELITE R\u00f6ntgen-Tragetisch mit Fernbedienung und Batterie (Innen- und Au\u00dfenbereich)"}]},{"@type":"WebSite","@id":"https:\/\/www.vetinox.fr\/#website","url":"https:\/\/www.vetinox.fr\/","name":"Vetinox","description":"Equipement Veterinaire","publisher":{"@id":"https:\/\/www.vetinox.fr\/#organization"},"potentialAction":[{"@type":"SearchAction","target":{"@type":"EntryPoint","urlTemplate":"https:\/\/www.vetinox.fr\/?s={search_term_string}"},"query-input":{"@type":"PropertyValueSpecification","valueRequired":true,"valueName":"search_term_string"}}],"inLanguage":"de"},{"@type":"Organization","@id":"https:\/\/www.vetinox.fr\/#organization","name":"Vetinox","url":"https:\/\/www.vetinox.fr\/","logo":{"@type":"ImageObject","inLanguage":"de","@id":"https:\/\/www.vetinox.fr\/#\/schema\/logo\/image\/","url":"https:\/\/www.vetinox.fr\/wp-content\/uploads\/2018\/11\/Logo-Vetinox-2.png","contentUrl":"https:\/\/www.vetinox.fr\/wp-content\/uploads\/2018\/11\/Logo-Vetinox-2.png","width":414,"height":126,"caption":"Vetinox"},"image":{"@id":"https:\/\/www.vetinox.fr\/#\/schema\/logo\/image\/"}}]}},"_links":{"self":[{"href":"https:\/\/www.vetinox.fr\/de\/wp-json\/wp\/v2\/product\/18987","targetHints":{"allow":["GET"]}}],"collection":[{"href":"https:\/\/www.vetinox.fr\/de\/wp-json\/wp\/v2\/product"}],"about":[{"href":"https:\/\/www.vetinox.fr\/de\/wp-json\/wp\/v2\/types\/product"}],"version-history":[{"count":0,"href":"https:\/\/www.vetinox.fr\/de\/wp-json\/wp\/v2\/product\/18987\/revisions"}],"wp:featuredmedia":[{"embeddable":true,"href":"https:\/\/www.vetinox.fr\/de\/wp-json\/wp\/v2\/media\/26430"}],"wp:attachment":[{"href":"https:\/\/www.vetinox.fr\/de\/wp-json\/wp\/v2\/media?parent=18987"}],"wp:term":[{"taxonomy":"product_brand","embeddable":true,"href":"https:\/\/www.vetinox.fr\/de\/wp-json\/wp\/v2\/product_brand?post=18987"},{"taxonomy":"product_cat","embeddable":true,"href":"https:\/\/www.vetinox.fr\/de\/wp-json\/wp\/v2\/product_cat?post=18987"},{"taxonomy":"product_tag","embeddable":true,"href":"https:\/\/www.vetinox.fr\/de\/wp-json\/wp\/v2\/product_tag?post=18987"}],"curies":[{"name":"wp","href":"https:\/\/api.w.org\/{rel}","templated":true}]}}