{"id":19051,"date":"2021-01-01T22:51:29","date_gmt":"2021-12-19T16:53:03","guid":{"rendered":"https:\/\/www.vetinox.fr\/produit\/sauerstoffglastuer-fuer-edelstahlkaefig-a\/"},"modified":"2024-12-13T15:05:06","modified_gmt":"2024-12-13T14:05:06","slug":"glastur-392x392-h-b-mit-o-285-sauerstoffloch-fur-edelstahlkafig-a","status":"publish","type":"product","link":"https:\/\/www.vetinox.fr\/de\/produit\/glastur-392x392-h-b-mit-o-285-sauerstoffloch-fur-edelstahlkafig-a\/","title":{"rendered":"Glast\u00fcr 392&#215;392 mm H\/B mit Sauerstoffloch f\u00fcr K\u00e4fig A Edelstahl"},"content":{"rendered":"<p>Merkmale von Boxent\u00fcren aus Glas :<\/p>\n<ul>\n<li>Durchsichtiges Glas<\/li>\n<li>Securit 6 mm<\/li>\n<li>Sicherheitsschloss<\/li>\n<li>Nicht-reversible T\u00fcr\u00f6ffnung<\/li>\n<li>Loch f\u00fcr Sauerstoffschlauch \u00d8 28,5 mm<\/li>\n<\/ul>\n<div id=\"sconnect-is-installed\" style=\"display: none;\">2.15.0.0<\/div>\n","protected":false},"excerpt":{"rendered":"<p>Glast\u00fcr f\u00fcr Tierarztk\u00e4fige aus rostfreiem Stahl, geeignet f\u00fcr den Komfort und das Wohlbefinden der Tiere. Er verf\u00fcgt \u00fcber ein Loch, das f\u00fcr einen Sauerstoffschlauch mit einem Durchmesser von 28,5 mm geeignet ist.<\/p>\n<p>Die T\u00fcr ist so gestaltet, dass sie in den Edelstahlk\u00e4fig im A-Format passt. Sie kann auch ma\u00dfgefertigt werden, um in jeden Tierarztk\u00e4fig zu passen.<\/p>\n","protected":false},"featured_media":25355,"template":"","meta":{"ocean_post_layout":"full-screen","ocean_both_sidebars_style":"","ocean_both_sidebars_content_width":0,"ocean_both_sidebars_sidebars_width":0,"ocean_sidebar":"0","ocean_second_sidebar":"0","ocean_disable_margins":"on","ocean_add_body_class":"","ocean_shortcode_before_top_bar":"","ocean_shortcode_after_top_bar":"","ocean_shortcode_before_header":"","ocean_shortcode_after_header":"","ocean_has_shortcode":"","ocean_shortcode_after_title":"","ocean_shortcode_before_footer_widgets":"","ocean_shortcode_after_footer_widgets":"","ocean_shortcode_before_footer_bottom":"","ocean_shortcode_after_footer_bottom":"","ocean_display_top_bar":"default","ocean_display_header":"default","ocean_header_style":"","ocean_center_header_left_menu":"0","ocean_custom_header_template":"0","ocean_custom_logo":0,"ocean_custom_retina_logo":0,"ocean_custom_logo_max_width":0,"ocean_custom_logo_tablet_max_width":0,"ocean_custom_logo_mobile_max_width":0,"ocean_custom_logo_max_height":0,"ocean_custom_logo_tablet_max_height":0,"ocean_custom_logo_mobile_max_height":0,"ocean_header_custom_menu":"0","ocean_menu_typo_font_family":"0","ocean_menu_typo_font_subset":"","ocean_menu_typo_font_size":0,"ocean_menu_typo_font_size_tablet":0,"ocean_menu_typo_font_size_mobile":0,"ocean_menu_typo_font_size_unit":"px","ocean_menu_typo_font_weight":"","ocean_menu_typo_font_weight_tablet":"","ocean_menu_typo_font_weight_mobile":"","ocean_menu_typo_transform":"","ocean_menu_typo_transform_tablet":"","ocean_menu_typo_transform_mobile":"","ocean_menu_typo_line_height":0,"ocean_menu_typo_line_height_tablet":0,"ocean_menu_typo_line_height_mobile":0,"ocean_menu_typo_line_height_unit":"","ocean_menu_typo_spacing":0,"ocean_menu_typo_spacing_tablet":0,"ocean_menu_typo_spacing_mobile":0,"ocean_menu_typo_spacing_unit":"","ocean_menu_link_color":"","ocean_menu_link_color_hover":"","ocean_menu_link_color_active":"","ocean_menu_link_background":"","ocean_menu_link_hover_background":"","ocean_menu_link_active_background":"","ocean_menu_social_links_bg":"","ocean_menu_social_hover_links_bg":"","ocean_menu_social_links_color":"","ocean_menu_social_hover_links_color":"","ocean_disable_title":"default","ocean_disable_heading":"default","ocean_post_title":"","ocean_post_subheading":"","ocean_post_title_style":"default","ocean_post_title_background_color":"","ocean_post_title_background":0,"ocean_post_title_bg_image_position":"","ocean_post_title_bg_image_attachment":"","ocean_post_title_bg_image_repeat":"","ocean_post_title_bg_image_size":"","ocean_post_title_height":0,"ocean_post_title_bg_overlay":0.5,"ocean_post_title_bg_overlay_color":"","ocean_disable_breadcrumbs":"on","ocean_breadcrumbs_color":"","ocean_breadcrumbs_separator_color":"","ocean_breadcrumbs_links_color":"","ocean_breadcrumbs_links_hover_color":"","ocean_display_footer_widgets":"default","ocean_display_footer_bottom":"default","ocean_custom_footer_template":"0"},"product_brand":[],"product_cat":[272,271],"product_tag":[],"class_list":{"0":"post-19051","1":"product","2":"type-product","3":"status-publish","4":"has-post-thumbnail","6":"product_cat-kafigzubehor","7":"product_cat-tierarztliche-kafige","9":"entry","10":"has-media","12":"first","13":"instock","14":"shipping-taxable","15":"product-type-simple","16":"has-product-nav","17":"col","18":"span_1_of_4","19":"owp-content-center","20":"owp-thumbs-layout-vertical","21":"owp-btn-normal","22":"owp-tabs-layout-horizontal"},"yoast_head":"<!-- This site is optimized with the Yoast SEO plugin v27.0 - https:\/\/yoast.com\/product\/yoast-seo-wordpress\/ -->\n<title>Sauerstoffglast\u00fcren f\u00fcr Tierk\u00e4fig Edelstahl A - Vetinox<\/title>\n<meta name=\"description\" content=\"Sauerstoffglast\u00fcren f\u00fcr Edelstahl-Tierarztk\u00e4fige im A-Format, die auch nach Ma\u00df gefertigt werden k\u00f6nnen und f\u00fcr alle K\u00e4fige geeignet sind.\" \/>\n<meta name=\"robots\" content=\"index, follow, max-snippet:-1, max-image-preview:large, max-video-preview:-1\" \/>\n<link rel=\"canonical\" href=\"https:\/\/www.vetinox.fr\/de\/produit\/glastur-392x392-h-b-mit-o-285-sauerstoffloch-fur-edelstahlkafig-a\/\" \/>\n<meta property=\"og:locale\" content=\"de_DE\" \/>\n<meta property=\"og:type\" content=\"article\" \/>\n<meta property=\"og:title\" content=\"Sauerstoffglast\u00fcren f\u00fcr Tierk\u00e4fig Edelstahl A - Vetinox\" \/>\n<meta property=\"og:description\" content=\"Sauerstoffglast\u00fcren f\u00fcr Edelstahl-Tierarztk\u00e4fige im A-Format, die auch nach Ma\u00df gefertigt werden k\u00f6nnen und f\u00fcr alle K\u00e4fige geeignet sind.\" \/>\n<meta property=\"og:url\" content=\"https:\/\/www.vetinox.fr\/de\/produit\/glastur-392x392-h-b-mit-o-285-sauerstoffloch-fur-edelstahlkafig-a\/\" \/>\n<meta property=\"og:site_name\" content=\"Vetinox\" \/>\n<meta property=\"article:modified_time\" content=\"2024-12-13T14:05:06+00:00\" \/>\n<meta property=\"og:image\" content=\"https:\/\/www.vetinox.fr\/wp-content\/uploads\/2021\/01\/Vetinox-AC101100-porte-verre-oxygene-pour-cage-A-inox.jpg\" \/>\n\t<meta property=\"og:image:width\" content=\"1004\" \/>\n\t<meta property=\"og:image:height\" content=\"569\" \/>\n\t<meta property=\"og:image:type\" content=\"image\/jpeg\" \/>\n<meta name=\"twitter:card\" content=\"summary_large_image\" \/>\n<script type=\"application\/ld+json\" class=\"yoast-schema-graph\">{\"@context\":\"https:\/\/schema.org\",\"@graph\":[{\"@type\":\"WebPage\",\"@id\":\"https:\/\/www.vetinox.fr\/de\/produit\/glastur-392x392-h-b-mit-o-285-sauerstoffloch-fur-edelstahlkafig-a\/\",\"url\":\"https:\/\/www.vetinox.fr\/de\/produit\/glastur-392x392-h-b-mit-o-285-sauerstoffloch-fur-edelstahlkafig-a\/\",\"name\":\"Sauerstoffglast\u00fcren f\u00fcr Tierk\u00e4fig Edelstahl A - Vetinox\",\"isPartOf\":{\"@id\":\"https:\/\/www.vetinox.fr\/#website\"},\"primaryImageOfPage\":{\"@id\":\"https:\/\/www.vetinox.fr\/de\/produit\/glastur-392x392-h-b-mit-o-285-sauerstoffloch-fur-edelstahlkafig-a\/#primaryimage\"},\"image\":{\"@id\":\"https:\/\/www.vetinox.fr\/de\/produit\/glastur-392x392-h-b-mit-o-285-sauerstoffloch-fur-edelstahlkafig-a\/#primaryimage\"},\"thumbnailUrl\":\"https:\/\/www.vetinox.fr\/wp-content\/uploads\/2021\/01\/Vetinox-AC101100-porte-verre-oxygene-pour-cage-A-inox.jpg\",\"datePublished\":\"2021-12-19T16:53:03+00:00\",\"dateModified\":\"2024-12-13T14:05:06+00:00\",\"description\":\"Sauerstoffglast\u00fcren f\u00fcr Edelstahl-Tierarztk\u00e4fige im A-Format, die auch nach Ma\u00df gefertigt werden k\u00f6nnen und f\u00fcr alle K\u00e4fige geeignet sind.\",\"breadcrumb\":{\"@id\":\"https:\/\/www.vetinox.fr\/de\/produit\/glastur-392x392-h-b-mit-o-285-sauerstoffloch-fur-edelstahlkafig-a\/#breadcrumb\"},\"inLanguage\":\"de\",\"potentialAction\":[{\"@type\":\"ReadAction\",\"target\":[\"https:\/\/www.vetinox.fr\/de\/produit\/glastur-392x392-h-b-mit-o-285-sauerstoffloch-fur-edelstahlkafig-a\/\"]}]},{\"@type\":\"ImageObject\",\"inLanguage\":\"de\",\"@id\":\"https:\/\/www.vetinox.fr\/de\/produit\/glastur-392x392-h-b-mit-o-285-sauerstoffloch-fur-edelstahlkafig-a\/#primaryimage\",\"url\":\"https:\/\/www.vetinox.fr\/wp-content\/uploads\/2021\/01\/Vetinox-AC101100-porte-verre-oxygene-pour-cage-A-inox.jpg\",\"contentUrl\":\"https:\/\/www.vetinox.fr\/wp-content\/uploads\/2021\/01\/Vetinox-AC101100-porte-verre-oxygene-pour-cage-A-inox.jpg\",\"width\":1004,\"height\":569,\"caption\":\"Porte verre 392x392 H\/L trou oxygene \u00d8 28,5, pour cage A inox\"},{\"@type\":\"BreadcrumbList\",\"@id\":\"https:\/\/www.vetinox.fr\/de\/produit\/glastur-392x392-h-b-mit-o-285-sauerstoffloch-fur-edelstahlkafig-a\/#breadcrumb\",\"itemListElement\":[{\"@type\":\"ListItem\",\"position\":1,\"name\":\"Accueil\",\"item\":\"https:\/\/www.vetinox.fr\/en\/\"},{\"@type\":\"ListItem\",\"position\":2,\"name\":\"Archiv Produkte\",\"item\":\"https:\/\/www.vetinox.fr\/de\/produktarchiv\/\"},{\"@type\":\"ListItem\",\"position\":3,\"name\":\"Tier\u00e4rztliche K\u00e4fige\",\"item\":\"https:\/\/www.vetinox.fr\/de\/Produktkategorien\/tierarztliche-kafige\/\"},{\"@type\":\"ListItem\",\"position\":4,\"name\":\"K\u00e4figzubeh\u00f6r\",\"item\":\"https:\/\/www.vetinox.fr\/de\/Produktkategorien\/tierarztliche-kafige\/kafigzubehor\/\"},{\"@type\":\"ListItem\",\"position\":5,\"name\":\"Glast\u00fcr 392&#215;392 mm H\/B mit Sauerstoffloch f\u00fcr K\u00e4fig A Edelstahl\"}]},{\"@type\":\"WebSite\",\"@id\":\"https:\/\/www.vetinox.fr\/#website\",\"url\":\"https:\/\/www.vetinox.fr\/\",\"name\":\"Vetinox\",\"description\":\"Equipement Veterinaire\",\"publisher\":{\"@id\":\"https:\/\/www.vetinox.fr\/#organization\"},\"potentialAction\":[{\"@type\":\"SearchAction\",\"target\":{\"@type\":\"EntryPoint\",\"urlTemplate\":\"https:\/\/www.vetinox.fr\/?s={search_term_string}\"},\"query-input\":{\"@type\":\"PropertyValueSpecification\",\"valueRequired\":true,\"valueName\":\"search_term_string\"}}],\"inLanguage\":\"de\"},{\"@type\":\"Organization\",\"@id\":\"https:\/\/www.vetinox.fr\/#organization\",\"name\":\"Vetinox\",\"url\":\"https:\/\/www.vetinox.fr\/\",\"logo\":{\"@type\":\"ImageObject\",\"inLanguage\":\"de\",\"@id\":\"https:\/\/www.vetinox.fr\/#\/schema\/logo\/image\/\",\"url\":\"https:\/\/www.vetinox.fr\/wp-content\/uploads\/2018\/11\/Logo-Vetinox-2.png\",\"contentUrl\":\"https:\/\/www.vetinox.fr\/wp-content\/uploads\/2018\/11\/Logo-Vetinox-2.png\",\"width\":414,\"height\":126,\"caption\":\"Vetinox\"},\"image\":{\"@id\":\"https:\/\/www.vetinox.fr\/#\/schema\/logo\/image\/\"}}]}<\/script>\n<!-- \/ Yoast SEO plugin. -->","yoast_head_json":{"title":"Sauerstoffglast\u00fcren f\u00fcr Tierk\u00e4fig Edelstahl A - Vetinox","description":"Sauerstoffglast\u00fcren f\u00fcr Edelstahl-Tierarztk\u00e4fige im A-Format, die auch nach Ma\u00df gefertigt werden k\u00f6nnen und f\u00fcr alle K\u00e4fige geeignet sind.","robots":{"index":"index","follow":"follow","max-snippet":"max-snippet:-1","max-image-preview":"max-image-preview:large","max-video-preview":"max-video-preview:-1"},"canonical":"https:\/\/www.vetinox.fr\/de\/produit\/glastur-392x392-h-b-mit-o-285-sauerstoffloch-fur-edelstahlkafig-a\/","og_locale":"de_DE","og_type":"article","og_title":"Sauerstoffglast\u00fcren f\u00fcr Tierk\u00e4fig Edelstahl A - Vetinox","og_description":"Sauerstoffglast\u00fcren f\u00fcr Edelstahl-Tierarztk\u00e4fige im A-Format, die auch nach Ma\u00df gefertigt werden k\u00f6nnen und f\u00fcr alle K\u00e4fige geeignet sind.","og_url":"https:\/\/www.vetinox.fr\/de\/produit\/glastur-392x392-h-b-mit-o-285-sauerstoffloch-fur-edelstahlkafig-a\/","og_site_name":"Vetinox","article_modified_time":"2024-12-13T14:05:06+00:00","og_image":[{"width":1004,"height":569,"url":"https:\/\/www.vetinox.fr\/wp-content\/uploads\/2021\/01\/Vetinox-AC101100-porte-verre-oxygene-pour-cage-A-inox.jpg","type":"image\/jpeg"}],"twitter_card":"summary_large_image","schema":{"@context":"https:\/\/schema.org","@graph":[{"@type":"WebPage","@id":"https:\/\/www.vetinox.fr\/de\/produit\/glastur-392x392-h-b-mit-o-285-sauerstoffloch-fur-edelstahlkafig-a\/","url":"https:\/\/www.vetinox.fr\/de\/produit\/glastur-392x392-h-b-mit-o-285-sauerstoffloch-fur-edelstahlkafig-a\/","name":"Sauerstoffglast\u00fcren f\u00fcr Tierk\u00e4fig Edelstahl A - Vetinox","isPartOf":{"@id":"https:\/\/www.vetinox.fr\/#website"},"primaryImageOfPage":{"@id":"https:\/\/www.vetinox.fr\/de\/produit\/glastur-392x392-h-b-mit-o-285-sauerstoffloch-fur-edelstahlkafig-a\/#primaryimage"},"image":{"@id":"https:\/\/www.vetinox.fr\/de\/produit\/glastur-392x392-h-b-mit-o-285-sauerstoffloch-fur-edelstahlkafig-a\/#primaryimage"},"thumbnailUrl":"https:\/\/www.vetinox.fr\/wp-content\/uploads\/2021\/01\/Vetinox-AC101100-porte-verre-oxygene-pour-cage-A-inox.jpg","datePublished":"2021-12-19T16:53:03+00:00","dateModified":"2024-12-13T14:05:06+00:00","description":"Sauerstoffglast\u00fcren f\u00fcr Edelstahl-Tierarztk\u00e4fige im A-Format, die auch nach Ma\u00df gefertigt werden k\u00f6nnen und f\u00fcr alle K\u00e4fige geeignet sind.","breadcrumb":{"@id":"https:\/\/www.vetinox.fr\/de\/produit\/glastur-392x392-h-b-mit-o-285-sauerstoffloch-fur-edelstahlkafig-a\/#breadcrumb"},"inLanguage":"de","potentialAction":[{"@type":"ReadAction","target":["https:\/\/www.vetinox.fr\/de\/produit\/glastur-392x392-h-b-mit-o-285-sauerstoffloch-fur-edelstahlkafig-a\/"]}]},{"@type":"ImageObject","inLanguage":"de","@id":"https:\/\/www.vetinox.fr\/de\/produit\/glastur-392x392-h-b-mit-o-285-sauerstoffloch-fur-edelstahlkafig-a\/#primaryimage","url":"https:\/\/www.vetinox.fr\/wp-content\/uploads\/2021\/01\/Vetinox-AC101100-porte-verre-oxygene-pour-cage-A-inox.jpg","contentUrl":"https:\/\/www.vetinox.fr\/wp-content\/uploads\/2021\/01\/Vetinox-AC101100-porte-verre-oxygene-pour-cage-A-inox.jpg","width":1004,"height":569,"caption":"Porte verre 392x392 H\/L trou oxygene \u00d8 28,5, pour cage A inox"},{"@type":"BreadcrumbList","@id":"https:\/\/www.vetinox.fr\/de\/produit\/glastur-392x392-h-b-mit-o-285-sauerstoffloch-fur-edelstahlkafig-a\/#breadcrumb","itemListElement":[{"@type":"ListItem","position":1,"name":"Accueil","item":"https:\/\/www.vetinox.fr\/en\/"},{"@type":"ListItem","position":2,"name":"Archiv Produkte","item":"https:\/\/www.vetinox.fr\/de\/produktarchiv\/"},{"@type":"ListItem","position":3,"name":"Tier\u00e4rztliche K\u00e4fige","item":"https:\/\/www.vetinox.fr\/de\/Produktkategorien\/tierarztliche-kafige\/"},{"@type":"ListItem","position":4,"name":"K\u00e4figzubeh\u00f6r","item":"https:\/\/www.vetinox.fr\/de\/Produktkategorien\/tierarztliche-kafige\/kafigzubehor\/"},{"@type":"ListItem","position":5,"name":"Glast\u00fcr 392&#215;392 mm H\/B mit Sauerstoffloch f\u00fcr K\u00e4fig A Edelstahl"}]},{"@type":"WebSite","@id":"https:\/\/www.vetinox.fr\/#website","url":"https:\/\/www.vetinox.fr\/","name":"Vetinox","description":"Equipement Veterinaire","publisher":{"@id":"https:\/\/www.vetinox.fr\/#organization"},"potentialAction":[{"@type":"SearchAction","target":{"@type":"EntryPoint","urlTemplate":"https:\/\/www.vetinox.fr\/?s={search_term_string}"},"query-input":{"@type":"PropertyValueSpecification","valueRequired":true,"valueName":"search_term_string"}}],"inLanguage":"de"},{"@type":"Organization","@id":"https:\/\/www.vetinox.fr\/#organization","name":"Vetinox","url":"https:\/\/www.vetinox.fr\/","logo":{"@type":"ImageObject","inLanguage":"de","@id":"https:\/\/www.vetinox.fr\/#\/schema\/logo\/image\/","url":"https:\/\/www.vetinox.fr\/wp-content\/uploads\/2018\/11\/Logo-Vetinox-2.png","contentUrl":"https:\/\/www.vetinox.fr\/wp-content\/uploads\/2018\/11\/Logo-Vetinox-2.png","width":414,"height":126,"caption":"Vetinox"},"image":{"@id":"https:\/\/www.vetinox.fr\/#\/schema\/logo\/image\/"}}]}},"_links":{"self":[{"href":"https:\/\/www.vetinox.fr\/de\/wp-json\/wp\/v2\/product\/19051","targetHints":{"allow":["GET"]}}],"collection":[{"href":"https:\/\/www.vetinox.fr\/de\/wp-json\/wp\/v2\/product"}],"about":[{"href":"https:\/\/www.vetinox.fr\/de\/wp-json\/wp\/v2\/types\/product"}],"version-history":[{"count":0,"href":"https:\/\/www.vetinox.fr\/de\/wp-json\/wp\/v2\/product\/19051\/revisions"}],"wp:featuredmedia":[{"embeddable":true,"href":"https:\/\/www.vetinox.fr\/de\/wp-json\/wp\/v2\/media\/25355"}],"wp:attachment":[{"href":"https:\/\/www.vetinox.fr\/de\/wp-json\/wp\/v2\/media?parent=19051"}],"wp:term":[{"taxonomy":"product_brand","embeddable":true,"href":"https:\/\/www.vetinox.fr\/de\/wp-json\/wp\/v2\/product_brand?post=19051"},{"taxonomy":"product_cat","embeddable":true,"href":"https:\/\/www.vetinox.fr\/de\/wp-json\/wp\/v2\/product_cat?post=19051"},{"taxonomy":"product_tag","embeddable":true,"href":"https:\/\/www.vetinox.fr\/de\/wp-json\/wp\/v2\/product_tag?post=19051"}],"curies":[{"name":"wp","href":"https:\/\/api.w.org\/{rel}","templated":true}]}}