{"id":19132,"date":"2020-09-08T14:42:17","date_gmt":"2020-09-08T12:42:17","guid":{"rendered":"https:\/\/www.vetinox.fr\/produit\/op-tisch-mit-elektrischer-mittelsaeule-und-tischplatte-mit-zwei-abfluessen\/"},"modified":"2021-12-19T18:24:29","modified_gmt":"2021-12-19T17:24:29","slug":"tisch-chirurgie-saule-elektrische-ablage-zwei-evakuierungen","status":"publish","type":"product","link":"https:\/\/www.vetinox.fr\/de\/produit\/tisch-chirurgie-saule-elektrische-ablage-zwei-evakuierungen\/","title":{"rendered":"OP-Tisch mit elektrischer Mittels\u00e4ule und Tischplatte mit zwei Abfl\u00fcssen"},"content":{"rendered":"<p>Veterin\u00e4rmedizinischer Operationstisch mit manueller Neigung, auf elektrischer Mittels\u00e4ule.<\/p>\n<p>Merkmale der Veterin\u00e4rmedizinischen Tabelle :<\/p>\n<ul>\n<li>Format des Tisches in der unteren Position: 140 x 53 x 70 cm<\/li>\n<li>Format des Tisches in der oberen Position: 140 x 53 x 100 cm<\/li>\n<li>Gr\u00f6\u00dfe der Tischplatte: 140 x 53 cm<\/li>\n<li>Variable H\u00f6he von 70 cm bis 100 cm<\/li>\n<li>Tablett zwei Evakuierungen<\/li>\n<li>Zentrale elektrische S\u00e4ule aus eloxiertem Aluminium<\/li>\n<li>Pedal f\u00fcr die H\u00f6hensteuerung<\/li>\n<li>Manuelle Proklive &amp; Deklive<\/li>\n<li>Neigungsgrad: 60\u00b0 nach links\/ 45\u00b0 nach rechts<\/li>\n<li>Struktur aus rostfreiem Stahl 304 L<\/li>\n<li>St\u00fctzschienen auf beiden Seiten des Tabletts<\/li>\n<li>Basis mit verstellbaren Stabilit\u00e4tskufen<\/li>\n<li>Elektrisches System nach CE-Normen<\/li>\n<li>Edelstahlstruktur mit 5 Jahren Garantie<\/li>\n<li>Elektrische Teile mit 2 Jahren Garantie<\/li>\n<li>Der Tisch ist auch mit Evakuierungsplatten erh\u00e4ltlich<\/li>\n<\/ul>\n","protected":false},"excerpt":{"rendered":"<p>Veterin\u00e4rmedizinischer Operationstisch mit zentraler elektrischer S\u00e4ule f\u00fcr Hunde, Katzen und Kleintiere. Der Tisch ist vollst\u00e4ndig aus Edelstahl gefertigt, was ihm hervorragende Hygieneeigenschaften und eine lange Lebensdauer verleiht, die im OP-Bereich unerl\u00e4sslich sind.<\/p>\n<p>Die elektrische Mittels\u00e4ule ist mit einer H\u00f6henverstellung, einer einfachen Fu\u00dfbedienung und einer manuellen Tredelenburg-Positionierung ausgestattet, was einen privilegierten Zugang zum Operationsfeld erm\u00f6glicht.<\/p>\n<p>Der Tisch verf\u00fcgt \u00fcber eine Tischplatte mit zwei Abfl\u00fcssen. Zwei Fixierschienen auf jeder Seite erm\u00f6glichen es, das Tier w\u00e4hrend des Verfahrens strategisch zu fixieren und gleichzeitig seine volle Sicherheit zu gew\u00e4hrleisten.<\/p>\n<span class=\"action-button blue-button2\"><a href=\"https:\/\/www.vetinox.fr\/wp-content\/uploads\/2020\/09\/Fiche-Technique-Table-chirurgie-avec-colonne-centrale-electrique.pdf\">Fiche technique - Table chirurgie avec colonne centrale \u00e9lectrique<\/a><\/span>\n","protected":false},"featured_media":23790,"template":"","meta":{"ocean_post_layout":"full-screen","ocean_both_sidebars_style":"","ocean_both_sidebars_content_width":0,"ocean_both_sidebars_sidebars_width":0,"ocean_sidebar":"0","ocean_second_sidebar":"0","ocean_disable_margins":"on","ocean_add_body_class":"","ocean_shortcode_before_top_bar":"","ocean_shortcode_after_top_bar":"","ocean_shortcode_before_header":"","ocean_shortcode_after_header":"","ocean_has_shortcode":"","ocean_shortcode_after_title":"","ocean_shortcode_before_footer_widgets":"","ocean_shortcode_after_footer_widgets":"","ocean_shortcode_before_footer_bottom":"","ocean_shortcode_after_footer_bottom":"","ocean_display_top_bar":"default","ocean_display_header":"default","ocean_header_style":"","ocean_center_header_left_menu":"0","ocean_custom_header_template":"0","ocean_custom_logo":0,"ocean_custom_retina_logo":0,"ocean_custom_logo_max_width":0,"ocean_custom_logo_tablet_max_width":0,"ocean_custom_logo_mobile_max_width":0,"ocean_custom_logo_max_height":0,"ocean_custom_logo_tablet_max_height":0,"ocean_custom_logo_mobile_max_height":0,"ocean_header_custom_menu":"0","ocean_menu_typo_font_family":"0","ocean_menu_typo_font_subset":"","ocean_menu_typo_font_size":0,"ocean_menu_typo_font_size_tablet":0,"ocean_menu_typo_font_size_mobile":0,"ocean_menu_typo_font_size_unit":"px","ocean_menu_typo_font_weight":"","ocean_menu_typo_font_weight_tablet":"","ocean_menu_typo_font_weight_mobile":"","ocean_menu_typo_transform":"","ocean_menu_typo_transform_tablet":"","ocean_menu_typo_transform_mobile":"","ocean_menu_typo_line_height":0,"ocean_menu_typo_line_height_tablet":0,"ocean_menu_typo_line_height_mobile":0,"ocean_menu_typo_line_height_unit":"","ocean_menu_typo_spacing":0,"ocean_menu_typo_spacing_tablet":0,"ocean_menu_typo_spacing_mobile":0,"ocean_menu_typo_spacing_unit":"","ocean_menu_link_color":"","ocean_menu_link_color_hover":"","ocean_menu_link_color_active":"","ocean_menu_link_background":"","ocean_menu_link_hover_background":"","ocean_menu_link_active_background":"","ocean_menu_social_links_bg":"","ocean_menu_social_hover_links_bg":"","ocean_menu_social_links_color":"","ocean_menu_social_hover_links_color":"","ocean_disable_title":"default","ocean_disable_heading":"default","ocean_post_title":"","ocean_post_subheading":"","ocean_post_title_style":"default","ocean_post_title_background_color":"","ocean_post_title_background":0,"ocean_post_title_bg_image_position":"","ocean_post_title_bg_image_attachment":"","ocean_post_title_bg_image_repeat":"","ocean_post_title_bg_image_size":"","ocean_post_title_height":0,"ocean_post_title_bg_overlay":0.5,"ocean_post_title_bg_overlay_color":"","ocean_disable_breadcrumbs":"on","ocean_breadcrumbs_color":"","ocean_breadcrumbs_separator_color":"","ocean_breadcrumbs_links_color":"","ocean_breadcrumbs_links_hover_color":"","ocean_display_footer_widgets":"default","ocean_display_footer_bottom":"default","ocean_custom_footer_template":"0"},"product_brand":[],"product_cat":[286,281],"product_tag":[],"class_list":{"0":"post-19132","1":"product","2":"type-product","3":"status-publish","4":"has-post-thumbnail","6":"product_cat-operationstische","7":"product_cat-veterinarmedizinische-tische","8":"pa_type-de-plateau-tablett-zwei-evakuierungen-de","10":"entry","11":"has-media","13":"first","14":"instock","15":"shipping-taxable","16":"product-type-simple","17":"has-product-nav","18":"col","19":"span_1_of_4","20":"owp-content-center","21":"owp-thumbs-layout-vertical","22":"owp-btn-normal","23":"owp-tabs-layout-horizontal"},"yoast_head":"<!-- This site is optimized with the Yoast SEO plugin v27.0 - https:\/\/yoast.com\/product\/yoast-seo-wordpress\/ -->\n<title>OP-Tisch mit elektrischer Mittels\u00e4ule und Tischplatte mit zwei Abfl\u00fcssen - Vetinox<\/title>\n<meta name=\"description\" content=\"Entdecken Sie unseren elektrischen OP-Tisch mit manueller Neigung f\u00fcr alle, die in der Tiermedizin t\u00e4tig sind.\" \/>\n<meta name=\"robots\" content=\"index, follow, max-snippet:-1, max-image-preview:large, max-video-preview:-1\" \/>\n<link rel=\"canonical\" href=\"https:\/\/www.vetinox.fr\/de\/produit\/tisch-chirurgie-saule-elektrische-ablage-zwei-evakuierungen\/\" \/>\n<meta property=\"og:locale\" content=\"de_DE\" \/>\n<meta property=\"og:type\" content=\"article\" \/>\n<meta property=\"og:title\" content=\"OP-Tisch mit elektrischer Mittels\u00e4ule und Tischplatte mit zwei Abfl\u00fcssen - Vetinox\" \/>\n<meta property=\"og:description\" content=\"Entdecken Sie unseren elektrischen OP-Tisch mit manueller Neigung f\u00fcr alle, die in der Tiermedizin t\u00e4tig sind.\" \/>\n<meta property=\"og:url\" content=\"https:\/\/www.vetinox.fr\/de\/produit\/tisch-chirurgie-saule-elektrische-ablage-zwei-evakuierungen\/\" \/>\n<meta property=\"og:site_name\" content=\"Vetinox\" \/>\n<meta property=\"article:modified_time\" content=\"2021-12-19T17:24:29+00:00\" \/>\n<meta property=\"og:image\" content=\"https:\/\/www.vetinox.fr\/wp-content\/uploads\/2020\/09\/Vetinox_TA600200TableChirurgiePlateau2Evacuations1400x530ColonneCentraleElectriqueProcliveDecliveManuelle_1.jpg\" \/>\n\t<meta property=\"og:image:width\" content=\"1004\" \/>\n\t<meta property=\"og:image:height\" content=\"569\" \/>\n\t<meta property=\"og:image:type\" content=\"image\/jpeg\" \/>\n<meta name=\"twitter:card\" content=\"summary_large_image\" \/>\n<meta name=\"twitter:label1\" content=\"Gesch\u00e4tzte Lesezeit\" \/>\n\t<meta name=\"twitter:data1\" content=\"1\u00a0Minute\" \/>\n<script type=\"application\/ld+json\" class=\"yoast-schema-graph\">{\"@context\":\"https:\/\/schema.org\",\"@graph\":[{\"@type\":\"WebPage\",\"@id\":\"https:\/\/www.vetinox.fr\/de\/produit\/tisch-chirurgie-saule-elektrische-ablage-zwei-evakuierungen\/\",\"url\":\"https:\/\/www.vetinox.fr\/de\/produit\/tisch-chirurgie-saule-elektrische-ablage-zwei-evakuierungen\/\",\"name\":\"OP-Tisch mit elektrischer Mittels\u00e4ule und Tischplatte mit zwei Abfl\u00fcssen - Vetinox\",\"isPartOf\":{\"@id\":\"https:\/\/www.vetinox.fr\/#website\"},\"primaryImageOfPage\":{\"@id\":\"https:\/\/www.vetinox.fr\/de\/produit\/tisch-chirurgie-saule-elektrische-ablage-zwei-evakuierungen\/#primaryimage\"},\"image\":{\"@id\":\"https:\/\/www.vetinox.fr\/de\/produit\/tisch-chirurgie-saule-elektrische-ablage-zwei-evakuierungen\/#primaryimage\"},\"thumbnailUrl\":\"https:\/\/www.vetinox.fr\/wp-content\/uploads\/2020\/09\/Vetinox_TA600200TableChirurgiePlateau2Evacuations1400x530ColonneCentraleElectriqueProcliveDecliveManuelle_1.jpg\",\"datePublished\":\"2020-09-08T12:42:17+00:00\",\"dateModified\":\"2021-12-19T17:24:29+00:00\",\"description\":\"Entdecken Sie unseren elektrischen OP-Tisch mit manueller Neigung f\u00fcr alle, die in der Tiermedizin t\u00e4tig sind.\",\"breadcrumb\":{\"@id\":\"https:\/\/www.vetinox.fr\/de\/produit\/tisch-chirurgie-saule-elektrische-ablage-zwei-evakuierungen\/#breadcrumb\"},\"inLanguage\":\"de\",\"potentialAction\":[{\"@type\":\"ReadAction\",\"target\":[\"https:\/\/www.vetinox.fr\/de\/produit\/tisch-chirurgie-saule-elektrische-ablage-zwei-evakuierungen\/\"]}]},{\"@type\":\"ImageObject\",\"inLanguage\":\"de\",\"@id\":\"https:\/\/www.vetinox.fr\/de\/produit\/tisch-chirurgie-saule-elektrische-ablage-zwei-evakuierungen\/#primaryimage\",\"url\":\"https:\/\/www.vetinox.fr\/wp-content\/uploads\/2020\/09\/Vetinox_TA600200TableChirurgiePlateau2Evacuations1400x530ColonneCentraleElectriqueProcliveDecliveManuelle_1.jpg\",\"contentUrl\":\"https:\/\/www.vetinox.fr\/wp-content\/uploads\/2020\/09\/Vetinox_TA600200TableChirurgiePlateau2Evacuations1400x530ColonneCentraleElectriqueProcliveDecliveManuelle_1.jpg\",\"width\":1004,\"height\":569,\"caption\":\"table chirurgie avec colonne \u00e9lectrique\"},{\"@type\":\"BreadcrumbList\",\"@id\":\"https:\/\/www.vetinox.fr\/de\/produit\/tisch-chirurgie-saule-elektrische-ablage-zwei-evakuierungen\/#breadcrumb\",\"itemListElement\":[{\"@type\":\"ListItem\",\"position\":1,\"name\":\"Accueil\",\"item\":\"https:\/\/www.vetinox.fr\/en\/\"},{\"@type\":\"ListItem\",\"position\":2,\"name\":\"Archiv Produkte\",\"item\":\"https:\/\/www.vetinox.fr\/de\/produktarchiv\/\"},{\"@type\":\"ListItem\",\"position\":3,\"name\":\"TABLES\",\"item\":\"https:\/\/www.vetinox.fr\/categorie-produit\/tables-veterinaires\/\"},{\"@type\":\"ListItem\",\"position\":4,\"name\":\"OP-Tisch mit elektrischer Mittels\u00e4ule und Tischplatte mit zwei Abfl\u00fcssen\"}]},{\"@type\":\"WebSite\",\"@id\":\"https:\/\/www.vetinox.fr\/#website\",\"url\":\"https:\/\/www.vetinox.fr\/\",\"name\":\"Vetinox\",\"description\":\"Equipement Veterinaire\",\"publisher\":{\"@id\":\"https:\/\/www.vetinox.fr\/#organization\"},\"potentialAction\":[{\"@type\":\"SearchAction\",\"target\":{\"@type\":\"EntryPoint\",\"urlTemplate\":\"https:\/\/www.vetinox.fr\/?s={search_term_string}\"},\"query-input\":{\"@type\":\"PropertyValueSpecification\",\"valueRequired\":true,\"valueName\":\"search_term_string\"}}],\"inLanguage\":\"de\"},{\"@type\":\"Organization\",\"@id\":\"https:\/\/www.vetinox.fr\/#organization\",\"name\":\"Vetinox\",\"url\":\"https:\/\/www.vetinox.fr\/\",\"logo\":{\"@type\":\"ImageObject\",\"inLanguage\":\"de\",\"@id\":\"https:\/\/www.vetinox.fr\/#\/schema\/logo\/image\/\",\"url\":\"https:\/\/www.vetinox.fr\/wp-content\/uploads\/2018\/11\/Logo-Vetinox-2.png\",\"contentUrl\":\"https:\/\/www.vetinox.fr\/wp-content\/uploads\/2018\/11\/Logo-Vetinox-2.png\",\"width\":414,\"height\":126,\"caption\":\"Vetinox\"},\"image\":{\"@id\":\"https:\/\/www.vetinox.fr\/#\/schema\/logo\/image\/\"}}]}<\/script>\n<!-- \/ Yoast SEO plugin. -->","yoast_head_json":{"title":"OP-Tisch mit elektrischer Mittels\u00e4ule und Tischplatte mit zwei Abfl\u00fcssen - Vetinox","description":"Entdecken Sie unseren elektrischen OP-Tisch mit manueller Neigung f\u00fcr alle, die in der Tiermedizin t\u00e4tig sind.","robots":{"index":"index","follow":"follow","max-snippet":"max-snippet:-1","max-image-preview":"max-image-preview:large","max-video-preview":"max-video-preview:-1"},"canonical":"https:\/\/www.vetinox.fr\/de\/produit\/tisch-chirurgie-saule-elektrische-ablage-zwei-evakuierungen\/","og_locale":"de_DE","og_type":"article","og_title":"OP-Tisch mit elektrischer Mittels\u00e4ule und Tischplatte mit zwei Abfl\u00fcssen - Vetinox","og_description":"Entdecken Sie unseren elektrischen OP-Tisch mit manueller Neigung f\u00fcr alle, die in der Tiermedizin t\u00e4tig sind.","og_url":"https:\/\/www.vetinox.fr\/de\/produit\/tisch-chirurgie-saule-elektrische-ablage-zwei-evakuierungen\/","og_site_name":"Vetinox","article_modified_time":"2021-12-19T17:24:29+00:00","og_image":[{"width":1004,"height":569,"url":"https:\/\/www.vetinox.fr\/wp-content\/uploads\/2020\/09\/Vetinox_TA600200TableChirurgiePlateau2Evacuations1400x530ColonneCentraleElectriqueProcliveDecliveManuelle_1.jpg","type":"image\/jpeg"}],"twitter_card":"summary_large_image","twitter_misc":{"Gesch\u00e4tzte Lesezeit":"1\u00a0Minute"},"schema":{"@context":"https:\/\/schema.org","@graph":[{"@type":"WebPage","@id":"https:\/\/www.vetinox.fr\/de\/produit\/tisch-chirurgie-saule-elektrische-ablage-zwei-evakuierungen\/","url":"https:\/\/www.vetinox.fr\/de\/produit\/tisch-chirurgie-saule-elektrische-ablage-zwei-evakuierungen\/","name":"OP-Tisch mit elektrischer Mittels\u00e4ule und Tischplatte mit zwei Abfl\u00fcssen - Vetinox","isPartOf":{"@id":"https:\/\/www.vetinox.fr\/#website"},"primaryImageOfPage":{"@id":"https:\/\/www.vetinox.fr\/de\/produit\/tisch-chirurgie-saule-elektrische-ablage-zwei-evakuierungen\/#primaryimage"},"image":{"@id":"https:\/\/www.vetinox.fr\/de\/produit\/tisch-chirurgie-saule-elektrische-ablage-zwei-evakuierungen\/#primaryimage"},"thumbnailUrl":"https:\/\/www.vetinox.fr\/wp-content\/uploads\/2020\/09\/Vetinox_TA600200TableChirurgiePlateau2Evacuations1400x530ColonneCentraleElectriqueProcliveDecliveManuelle_1.jpg","datePublished":"2020-09-08T12:42:17+00:00","dateModified":"2021-12-19T17:24:29+00:00","description":"Entdecken Sie unseren elektrischen OP-Tisch mit manueller Neigung f\u00fcr alle, die in der Tiermedizin t\u00e4tig sind.","breadcrumb":{"@id":"https:\/\/www.vetinox.fr\/de\/produit\/tisch-chirurgie-saule-elektrische-ablage-zwei-evakuierungen\/#breadcrumb"},"inLanguage":"de","potentialAction":[{"@type":"ReadAction","target":["https:\/\/www.vetinox.fr\/de\/produit\/tisch-chirurgie-saule-elektrische-ablage-zwei-evakuierungen\/"]}]},{"@type":"ImageObject","inLanguage":"de","@id":"https:\/\/www.vetinox.fr\/de\/produit\/tisch-chirurgie-saule-elektrische-ablage-zwei-evakuierungen\/#primaryimage","url":"https:\/\/www.vetinox.fr\/wp-content\/uploads\/2020\/09\/Vetinox_TA600200TableChirurgiePlateau2Evacuations1400x530ColonneCentraleElectriqueProcliveDecliveManuelle_1.jpg","contentUrl":"https:\/\/www.vetinox.fr\/wp-content\/uploads\/2020\/09\/Vetinox_TA600200TableChirurgiePlateau2Evacuations1400x530ColonneCentraleElectriqueProcliveDecliveManuelle_1.jpg","width":1004,"height":569,"caption":"table chirurgie avec colonne \u00e9lectrique"},{"@type":"BreadcrumbList","@id":"https:\/\/www.vetinox.fr\/de\/produit\/tisch-chirurgie-saule-elektrische-ablage-zwei-evakuierungen\/#breadcrumb","itemListElement":[{"@type":"ListItem","position":1,"name":"Accueil","item":"https:\/\/www.vetinox.fr\/en\/"},{"@type":"ListItem","position":2,"name":"Archiv Produkte","item":"https:\/\/www.vetinox.fr\/de\/produktarchiv\/"},{"@type":"ListItem","position":3,"name":"TABLES","item":"https:\/\/www.vetinox.fr\/categorie-produit\/tables-veterinaires\/"},{"@type":"ListItem","position":4,"name":"OP-Tisch mit elektrischer Mittels\u00e4ule und Tischplatte mit zwei Abfl\u00fcssen"}]},{"@type":"WebSite","@id":"https:\/\/www.vetinox.fr\/#website","url":"https:\/\/www.vetinox.fr\/","name":"Vetinox","description":"Equipement Veterinaire","publisher":{"@id":"https:\/\/www.vetinox.fr\/#organization"},"potentialAction":[{"@type":"SearchAction","target":{"@type":"EntryPoint","urlTemplate":"https:\/\/www.vetinox.fr\/?s={search_term_string}"},"query-input":{"@type":"PropertyValueSpecification","valueRequired":true,"valueName":"search_term_string"}}],"inLanguage":"de"},{"@type":"Organization","@id":"https:\/\/www.vetinox.fr\/#organization","name":"Vetinox","url":"https:\/\/www.vetinox.fr\/","logo":{"@type":"ImageObject","inLanguage":"de","@id":"https:\/\/www.vetinox.fr\/#\/schema\/logo\/image\/","url":"https:\/\/www.vetinox.fr\/wp-content\/uploads\/2018\/11\/Logo-Vetinox-2.png","contentUrl":"https:\/\/www.vetinox.fr\/wp-content\/uploads\/2018\/11\/Logo-Vetinox-2.png","width":414,"height":126,"caption":"Vetinox"},"image":{"@id":"https:\/\/www.vetinox.fr\/#\/schema\/logo\/image\/"}}]}},"_links":{"self":[{"href":"https:\/\/www.vetinox.fr\/de\/wp-json\/wp\/v2\/product\/19132","targetHints":{"allow":["GET"]}}],"collection":[{"href":"https:\/\/www.vetinox.fr\/de\/wp-json\/wp\/v2\/product"}],"about":[{"href":"https:\/\/www.vetinox.fr\/de\/wp-json\/wp\/v2\/types\/product"}],"version-history":[{"count":0,"href":"https:\/\/www.vetinox.fr\/de\/wp-json\/wp\/v2\/product\/19132\/revisions"}],"wp:featuredmedia":[{"embeddable":true,"href":"https:\/\/www.vetinox.fr\/de\/wp-json\/wp\/v2\/media\/23790"}],"wp:attachment":[{"href":"https:\/\/www.vetinox.fr\/de\/wp-json\/wp\/v2\/media?parent=19132"}],"wp:term":[{"taxonomy":"product_brand","embeddable":true,"href":"https:\/\/www.vetinox.fr\/de\/wp-json\/wp\/v2\/product_brand?post=19132"},{"taxonomy":"product_cat","embeddable":true,"href":"https:\/\/www.vetinox.fr\/de\/wp-json\/wp\/v2\/product_cat?post=19132"},{"taxonomy":"product_tag","embeddable":true,"href":"https:\/\/www.vetinox.fr\/de\/wp-json\/wp\/v2\/product_tag?post=19132"}],"curies":[{"name":"wp","href":"https:\/\/api.w.org\/{rel}","templated":true}]}}