{"id":19230,"date":"2019-03-11T15:29:04","date_gmt":"2021-12-19T17:29:09","guid":{"rendered":"https:\/\/www.vetinox.fr\/produit\/vorbereitungstisch-sprossenplatte-mit-schuh\/"},"modified":"2021-12-19T18:29:09","modified_gmt":"2021-12-19T17:29:09","slug":"reparatur-tisch-ablage-stangen-schaber","status":"publish","type":"product","link":"https:\/\/www.vetinox.fr\/de\/produit\/reparatur-tisch-ablage-stangen-schaber\/","title":{"rendered":"Vorbereitungstisch Sprossenplatte mit Schuh"},"content":{"rendered":"<p>Merkmale des veterin\u00e4rmedizinischen Vorbereitungstisches :<\/p>\n<ul>\n<li>Abmessungen des Tisches: 140 x 60 x 90 cm<\/li>\n<li>Abnehmbares Tablett mit St\u00e4ben (Durchmesser 30 mm, Abstand jeweils 10 mm) oder perforiert (L\u00f6cher mit Durchmesser 8 mm, Abstand jeweils 60 mm)<\/li>\n<li>Tiefe von 40 cm<\/li>\n<li>Ideale H\u00f6he zum Arbeiten im Sitzen<\/li>\n<li>Mischbatterie mit Handbrause<\/li>\n<li>Zentrale Evakuierung<\/li>\n<li>Tisch mit einem 16 cm tiefen Schuh ausgestattet<\/li>\n<\/ul>\n","protected":false},"excerpt":{"rendered":"<p>Veterin\u00e4rmedizinischer Vorbereitungstisch aus rostfreiem Stahl, der mit zahlreichen Optionen erh\u00e4ltlich ist. Der Tisch ist mit einer Platte mit St\u00e4ben sowie einem Mischhahn mit Handbrause ausgestattet. Sie verf\u00fcgt \u00fcber einen Huf mit einer Tiefe von 16 cm.<\/p>\n<p>&nbsp;<\/p>\n","protected":false},"featured_media":26379,"template":"","meta":{"ocean_post_layout":"full-screen","ocean_both_sidebars_style":"","ocean_both_sidebars_content_width":0,"ocean_both_sidebars_sidebars_width":0,"ocean_sidebar":"0","ocean_second_sidebar":"0","ocean_disable_margins":"on","ocean_add_body_class":"","ocean_shortcode_before_top_bar":"","ocean_shortcode_after_top_bar":"","ocean_shortcode_before_header":"","ocean_shortcode_after_header":"","ocean_has_shortcode":"","ocean_shortcode_after_title":"","ocean_shortcode_before_footer_widgets":"","ocean_shortcode_after_footer_widgets":"","ocean_shortcode_before_footer_bottom":"","ocean_shortcode_after_footer_bottom":"","ocean_display_top_bar":"default","ocean_display_header":"default","ocean_header_style":"","ocean_center_header_left_menu":"0","ocean_custom_header_template":"0","ocean_custom_logo":0,"ocean_custom_retina_logo":0,"ocean_custom_logo_max_width":0,"ocean_custom_logo_tablet_max_width":0,"ocean_custom_logo_mobile_max_width":0,"ocean_custom_logo_max_height":0,"ocean_custom_logo_tablet_max_height":0,"ocean_custom_logo_mobile_max_height":0,"ocean_header_custom_menu":"0","ocean_menu_typo_font_family":"0","ocean_menu_typo_font_subset":"","ocean_menu_typo_font_size":0,"ocean_menu_typo_font_size_tablet":0,"ocean_menu_typo_font_size_mobile":0,"ocean_menu_typo_font_size_unit":"px","ocean_menu_typo_font_weight":"","ocean_menu_typo_font_weight_tablet":"","ocean_menu_typo_font_weight_mobile":"","ocean_menu_typo_transform":"","ocean_menu_typo_transform_tablet":"","ocean_menu_typo_transform_mobile":"","ocean_menu_typo_line_height":0,"ocean_menu_typo_line_height_tablet":0,"ocean_menu_typo_line_height_mobile":0,"ocean_menu_typo_line_height_unit":"","ocean_menu_typo_spacing":0,"ocean_menu_typo_spacing_tablet":0,"ocean_menu_typo_spacing_mobile":0,"ocean_menu_typo_spacing_unit":"","ocean_menu_link_color":"","ocean_menu_link_color_hover":"","ocean_menu_link_color_active":"","ocean_menu_link_background":"","ocean_menu_link_hover_background":"","ocean_menu_link_active_background":"","ocean_menu_social_links_bg":"","ocean_menu_social_hover_links_bg":"","ocean_menu_social_links_color":"","ocean_menu_social_hover_links_color":"","ocean_disable_title":"default","ocean_disable_heading":"default","ocean_post_title":"","ocean_post_subheading":"","ocean_post_title_style":"default","ocean_post_title_background_color":"","ocean_post_title_background":0,"ocean_post_title_bg_image_position":"","ocean_post_title_bg_image_attachment":"","ocean_post_title_bg_image_repeat":"","ocean_post_title_bg_image_size":"","ocean_post_title_height":0,"ocean_post_title_bg_overlay":0.5,"ocean_post_title_bg_overlay_color":"","ocean_disable_breadcrumbs":"on","ocean_breadcrumbs_color":"","ocean_breadcrumbs_separator_color":"","ocean_breadcrumbs_links_color":"","ocean_breadcrumbs_links_hover_color":"","ocean_display_footer_widgets":"default","ocean_display_footer_bottom":"default","ocean_custom_footer_template":"0"},"product_brand":[],"product_cat":[281,288],"product_tag":[],"class_list":{"0":"post-19230","1":"product","2":"type-product","3":"status-publish","4":"has-post-thumbnail","6":"product_cat-veterinarmedizinische-tische","7":"product_cat-vorbereitungstische","8":"pa_type-de-plateau-stangen-tischplatte","10":"entry","11":"has-media","13":"first","14":"instock","15":"shipping-taxable","16":"product-type-simple","17":"has-product-nav","18":"col","19":"span_1_of_4","20":"owp-content-center","21":"owp-thumbs-layout-vertical","22":"owp-btn-normal","23":"owp-tabs-layout-horizontal"},"yoast_head":"<!-- This site is optimized with the Yoast SEO plugin v27.0 - https:\/\/yoast.com\/product\/yoast-seo-wordpress\/ -->\n<title>Veterin\u00e4rmedizinischer Vorbereitungstisch Tablett Vetinox - Vetinox<\/title>\n<meta name=\"description\" content=\"Entdecken Sie unsere tier\u00e4rztlichen Vorbereitungstische mit Sprossenplatten und Handbrause. Erh\u00e4ltlich nach Ma\u00df.\" \/>\n<meta name=\"robots\" content=\"index, follow, max-snippet:-1, max-image-preview:large, max-video-preview:-1\" \/>\n<link rel=\"canonical\" href=\"https:\/\/www.vetinox.fr\/de\/produit\/reparatur-tisch-ablage-stangen-schaber\/\" \/>\n<meta property=\"og:locale\" content=\"de_DE\" \/>\n<meta property=\"og:type\" content=\"article\" \/>\n<meta property=\"og:title\" content=\"Veterin\u00e4rmedizinischer Vorbereitungstisch Tablett Vetinox - Vetinox\" \/>\n<meta property=\"og:description\" content=\"Entdecken Sie unsere tier\u00e4rztlichen Vorbereitungstische mit Sprossenplatten und Handbrause. Erh\u00e4ltlich nach Ma\u00df.\" \/>\n<meta property=\"og:url\" content=\"https:\/\/www.vetinox.fr\/de\/produit\/reparatur-tisch-ablage-stangen-schaber\/\" \/>\n<meta property=\"og:site_name\" content=\"Vetinox\" \/>\n<meta property=\"og:image\" content=\"https:\/\/www.vetinox.fr\/wp-content\/uploads\/2019\/02\/Trame-Logo-visuel-produit_Plan-de-travail-1.png\" \/>\n\t<meta property=\"og:image:width\" content=\"834\" \/>\n\t<meta property=\"og:image:height\" content=\"834\" \/>\n\t<meta property=\"og:image:type\" content=\"image\/png\" \/>\n<meta name=\"twitter:card\" content=\"summary_large_image\" \/>\n<script type=\"application\/ld+json\" class=\"yoast-schema-graph\">{\"@context\":\"https:\/\/schema.org\",\"@graph\":[{\"@type\":\"WebPage\",\"@id\":\"https:\/\/www.vetinox.fr\/de\/produit\/reparatur-tisch-ablage-stangen-schaber\/\",\"url\":\"https:\/\/www.vetinox.fr\/de\/produit\/reparatur-tisch-ablage-stangen-schaber\/\",\"name\":\"Veterin\u00e4rmedizinischer Vorbereitungstisch Tablett Vetinox - Vetinox\",\"isPartOf\":{\"@id\":\"https:\/\/www.vetinox.fr\/#website\"},\"primaryImageOfPage\":{\"@id\":\"https:\/\/www.vetinox.fr\/de\/produit\/reparatur-tisch-ablage-stangen-schaber\/#primaryimage\"},\"image\":{\"@id\":\"https:\/\/www.vetinox.fr\/de\/produit\/reparatur-tisch-ablage-stangen-schaber\/#primaryimage\"},\"thumbnailUrl\":\"https:\/\/www.vetinox.fr\/wp-content\/uploads\/2019\/03\/Vetinox-TA170020-table-preparation-plateau-barreaux.jpg\",\"datePublished\":\"2021-12-19T17:29:09+00:00\",\"description\":\"Entdecken Sie unsere tier\u00e4rztlichen Vorbereitungstische mit Sprossenplatten und Handbrause. Erh\u00e4ltlich nach Ma\u00df.\",\"breadcrumb\":{\"@id\":\"https:\/\/www.vetinox.fr\/de\/produit\/reparatur-tisch-ablage-stangen-schaber\/#breadcrumb\"},\"inLanguage\":\"de\",\"potentialAction\":[{\"@type\":\"ReadAction\",\"target\":[\"https:\/\/www.vetinox.fr\/de\/produit\/reparatur-tisch-ablage-stangen-schaber\/\"]}]},{\"@type\":\"ImageObject\",\"inLanguage\":\"de\",\"@id\":\"https:\/\/www.vetinox.fr\/de\/produit\/reparatur-tisch-ablage-stangen-schaber\/#primaryimage\",\"url\":\"https:\/\/www.vetinox.fr\/wp-content\/uploads\/2019\/03\/Vetinox-TA170020-table-preparation-plateau-barreaux.jpg\",\"contentUrl\":\"https:\/\/www.vetinox.fr\/wp-content\/uploads\/2019\/03\/Vetinox-TA170020-table-preparation-plateau-barreaux.jpg\",\"width\":1004,\"height\":569,\"caption\":\"Table de pr\u00e9paration plateau barreaux avec sabot\"},{\"@type\":\"BreadcrumbList\",\"@id\":\"https:\/\/www.vetinox.fr\/de\/produit\/reparatur-tisch-ablage-stangen-schaber\/#breadcrumb\",\"itemListElement\":[{\"@type\":\"ListItem\",\"position\":1,\"name\":\"Accueil\",\"item\":\"https:\/\/www.vetinox.fr\/en\/\"},{\"@type\":\"ListItem\",\"position\":2,\"name\":\"Archiv Produkte\",\"item\":\"https:\/\/www.vetinox.fr\/de\/produktarchiv\/\"},{\"@type\":\"ListItem\",\"position\":3,\"name\":\"Veterin\u00e4rmedizinische Tische\",\"item\":\"https:\/\/www.vetinox.fr\/de\/Produktkategorien\/veterinarmedizinische-tische\/\"},{\"@type\":\"ListItem\",\"position\":4,\"name\":\"Vorbereitungstische\",\"item\":\"https:\/\/www.vetinox.fr\/de\/Produktkategorien\/veterinarmedizinische-tische\/vorbereitungstische\/\"},{\"@type\":\"ListItem\",\"position\":5,\"name\":\"Vorbereitungstisch Sprossenplatte mit Schuh\"}]},{\"@type\":\"WebSite\",\"@id\":\"https:\/\/www.vetinox.fr\/#website\",\"url\":\"https:\/\/www.vetinox.fr\/\",\"name\":\"Vetinox\",\"description\":\"Equipement Veterinaire\",\"publisher\":{\"@id\":\"https:\/\/www.vetinox.fr\/#organization\"},\"potentialAction\":[{\"@type\":\"SearchAction\",\"target\":{\"@type\":\"EntryPoint\",\"urlTemplate\":\"https:\/\/www.vetinox.fr\/?s={search_term_string}\"},\"query-input\":{\"@type\":\"PropertyValueSpecification\",\"valueRequired\":true,\"valueName\":\"search_term_string\"}}],\"inLanguage\":\"de\"},{\"@type\":\"Organization\",\"@id\":\"https:\/\/www.vetinox.fr\/#organization\",\"name\":\"Vetinox\",\"url\":\"https:\/\/www.vetinox.fr\/\",\"logo\":{\"@type\":\"ImageObject\",\"inLanguage\":\"de\",\"@id\":\"https:\/\/www.vetinox.fr\/#\/schema\/logo\/image\/\",\"url\":\"https:\/\/www.vetinox.fr\/wp-content\/uploads\/2018\/11\/Logo-Vetinox-2.png\",\"contentUrl\":\"https:\/\/www.vetinox.fr\/wp-content\/uploads\/2018\/11\/Logo-Vetinox-2.png\",\"width\":414,\"height\":126,\"caption\":\"Vetinox\"},\"image\":{\"@id\":\"https:\/\/www.vetinox.fr\/#\/schema\/logo\/image\/\"}}]}<\/script>\n<!-- \/ Yoast SEO plugin. -->","yoast_head_json":{"title":"Veterin\u00e4rmedizinischer Vorbereitungstisch Tablett Vetinox - Vetinox","description":"Entdecken Sie unsere tier\u00e4rztlichen Vorbereitungstische mit Sprossenplatten und Handbrause. Erh\u00e4ltlich nach Ma\u00df.","robots":{"index":"index","follow":"follow","max-snippet":"max-snippet:-1","max-image-preview":"max-image-preview:large","max-video-preview":"max-video-preview:-1"},"canonical":"https:\/\/www.vetinox.fr\/de\/produit\/reparatur-tisch-ablage-stangen-schaber\/","og_locale":"de_DE","og_type":"article","og_title":"Veterin\u00e4rmedizinischer Vorbereitungstisch Tablett Vetinox - Vetinox","og_description":"Entdecken Sie unsere tier\u00e4rztlichen Vorbereitungstische mit Sprossenplatten und Handbrause. Erh\u00e4ltlich nach Ma\u00df.","og_url":"https:\/\/www.vetinox.fr\/de\/produit\/reparatur-tisch-ablage-stangen-schaber\/","og_site_name":"Vetinox","og_image":[{"width":834,"height":834,"url":"https:\/\/www.vetinox.fr\/wp-content\/uploads\/2019\/02\/Trame-Logo-visuel-produit_Plan-de-travail-1.png","type":"image\/png"}],"twitter_card":"summary_large_image","schema":{"@context":"https:\/\/schema.org","@graph":[{"@type":"WebPage","@id":"https:\/\/www.vetinox.fr\/de\/produit\/reparatur-tisch-ablage-stangen-schaber\/","url":"https:\/\/www.vetinox.fr\/de\/produit\/reparatur-tisch-ablage-stangen-schaber\/","name":"Veterin\u00e4rmedizinischer Vorbereitungstisch Tablett Vetinox - Vetinox","isPartOf":{"@id":"https:\/\/www.vetinox.fr\/#website"},"primaryImageOfPage":{"@id":"https:\/\/www.vetinox.fr\/de\/produit\/reparatur-tisch-ablage-stangen-schaber\/#primaryimage"},"image":{"@id":"https:\/\/www.vetinox.fr\/de\/produit\/reparatur-tisch-ablage-stangen-schaber\/#primaryimage"},"thumbnailUrl":"https:\/\/www.vetinox.fr\/wp-content\/uploads\/2019\/03\/Vetinox-TA170020-table-preparation-plateau-barreaux.jpg","datePublished":"2021-12-19T17:29:09+00:00","description":"Entdecken Sie unsere tier\u00e4rztlichen Vorbereitungstische mit Sprossenplatten und Handbrause. Erh\u00e4ltlich nach Ma\u00df.","breadcrumb":{"@id":"https:\/\/www.vetinox.fr\/de\/produit\/reparatur-tisch-ablage-stangen-schaber\/#breadcrumb"},"inLanguage":"de","potentialAction":[{"@type":"ReadAction","target":["https:\/\/www.vetinox.fr\/de\/produit\/reparatur-tisch-ablage-stangen-schaber\/"]}]},{"@type":"ImageObject","inLanguage":"de","@id":"https:\/\/www.vetinox.fr\/de\/produit\/reparatur-tisch-ablage-stangen-schaber\/#primaryimage","url":"https:\/\/www.vetinox.fr\/wp-content\/uploads\/2019\/03\/Vetinox-TA170020-table-preparation-plateau-barreaux.jpg","contentUrl":"https:\/\/www.vetinox.fr\/wp-content\/uploads\/2019\/03\/Vetinox-TA170020-table-preparation-plateau-barreaux.jpg","width":1004,"height":569,"caption":"Table de pr\u00e9paration plateau barreaux avec sabot"},{"@type":"BreadcrumbList","@id":"https:\/\/www.vetinox.fr\/de\/produit\/reparatur-tisch-ablage-stangen-schaber\/#breadcrumb","itemListElement":[{"@type":"ListItem","position":1,"name":"Accueil","item":"https:\/\/www.vetinox.fr\/en\/"},{"@type":"ListItem","position":2,"name":"Archiv Produkte","item":"https:\/\/www.vetinox.fr\/de\/produktarchiv\/"},{"@type":"ListItem","position":3,"name":"Veterin\u00e4rmedizinische Tische","item":"https:\/\/www.vetinox.fr\/de\/Produktkategorien\/veterinarmedizinische-tische\/"},{"@type":"ListItem","position":4,"name":"Vorbereitungstische","item":"https:\/\/www.vetinox.fr\/de\/Produktkategorien\/veterinarmedizinische-tische\/vorbereitungstische\/"},{"@type":"ListItem","position":5,"name":"Vorbereitungstisch Sprossenplatte mit Schuh"}]},{"@type":"WebSite","@id":"https:\/\/www.vetinox.fr\/#website","url":"https:\/\/www.vetinox.fr\/","name":"Vetinox","description":"Equipement Veterinaire","publisher":{"@id":"https:\/\/www.vetinox.fr\/#organization"},"potentialAction":[{"@type":"SearchAction","target":{"@type":"EntryPoint","urlTemplate":"https:\/\/www.vetinox.fr\/?s={search_term_string}"},"query-input":{"@type":"PropertyValueSpecification","valueRequired":true,"valueName":"search_term_string"}}],"inLanguage":"de"},{"@type":"Organization","@id":"https:\/\/www.vetinox.fr\/#organization","name":"Vetinox","url":"https:\/\/www.vetinox.fr\/","logo":{"@type":"ImageObject","inLanguage":"de","@id":"https:\/\/www.vetinox.fr\/#\/schema\/logo\/image\/","url":"https:\/\/www.vetinox.fr\/wp-content\/uploads\/2018\/11\/Logo-Vetinox-2.png","contentUrl":"https:\/\/www.vetinox.fr\/wp-content\/uploads\/2018\/11\/Logo-Vetinox-2.png","width":414,"height":126,"caption":"Vetinox"},"image":{"@id":"https:\/\/www.vetinox.fr\/#\/schema\/logo\/image\/"}}]}},"_links":{"self":[{"href":"https:\/\/www.vetinox.fr\/de\/wp-json\/wp\/v2\/product\/19230","targetHints":{"allow":["GET"]}}],"collection":[{"href":"https:\/\/www.vetinox.fr\/de\/wp-json\/wp\/v2\/product"}],"about":[{"href":"https:\/\/www.vetinox.fr\/de\/wp-json\/wp\/v2\/types\/product"}],"version-history":[{"count":0,"href":"https:\/\/www.vetinox.fr\/de\/wp-json\/wp\/v2\/product\/19230\/revisions"}],"wp:featuredmedia":[{"embeddable":true,"href":"https:\/\/www.vetinox.fr\/de\/wp-json\/wp\/v2\/media\/26379"}],"wp:attachment":[{"href":"https:\/\/www.vetinox.fr\/de\/wp-json\/wp\/v2\/media?parent=19230"}],"wp:term":[{"taxonomy":"product_brand","embeddable":true,"href":"https:\/\/www.vetinox.fr\/de\/wp-json\/wp\/v2\/product_brand?post=19230"},{"taxonomy":"product_cat","embeddable":true,"href":"https:\/\/www.vetinox.fr\/de\/wp-json\/wp\/v2\/product_cat?post=19230"},{"taxonomy":"product_tag","embeddable":true,"href":"https:\/\/www.vetinox.fr\/de\/wp-json\/wp\/v2\/product_tag?post=19230"}],"curies":[{"name":"wp","href":"https:\/\/api.w.org\/{rel}","templated":true}]}}