{"id":27827,"date":"2023-09-12T15:31:17","date_gmt":"2024-12-12T13:41:35","guid":{"rendered":"https:\/\/www.vetinox.fr\/produit\/set-mit-3-polyesterkaefigen-1c2b-glastuer-trennwand-1-rollgestell\/"},"modified":"2024-12-12T14:41:35","modified_gmt":"2024-12-12T13:41:35","slug":"set-mit-3-polyesterkaefigen-1c2b-glastuer-trennwand-1-rollgestell","status":"publish","type":"product","link":"https:\/\/www.vetinox.fr\/de\/produit\/set-mit-3-polyesterkaefigen-1c2b-glastuer-trennwand-1-rollgestell\/","title":{"rendered":"Set mit 3 Polyesterk\u00e4figen: 1C+2B Glast\u00fcr+ Trennwand + 1 Rollgestell"},"content":{"rendered":"<p>Eigenschaften des 3-teiligen Veterin\u00e4rk\u00e4fig-Sets aus Polyester :<\/p>\n<ul>\n<li>1 K\u00e4fig des Formats C + 2 K\u00e4fige des Formats B<\/li>\n<li>Glast\u00fcren<\/li>\n<li>Umkehrbare T\u00fcr\u00f6ffnung: rechts oder links<\/li>\n<li>Automatisches \u00d6ffnen und Schlie\u00dfen der T\u00fcr<\/li>\n<li>Gestell aus Edelstahl 4 R\u00e4der, davon 2 mit Bremsen<\/li>\n<\/ul>\n<p style=\"text-align: left;\">&#8212;&#8212;-<\/p>\n<p>Beim Kauf eines referenzierten K\u00e4figmoduls werden die Montageteile mitgeliefert.<\/p>\n<p>Montagekit f\u00fcr Polyesterk\u00e4fige<\/p>\n<p><a href=\"https:\/\/www.vetinox.fr\/wp-content\/uploads\/2023\/09\/VETINOX_kit_d_assemblage_cages_polyester-1.jpg\"><img fetchpriority=\"high\" decoding=\"async\" class=\"size-full wp-image-27457\" src=\"https:\/\/www.vetinox.fr\/wp-content\/uploads\/2023\/09\/VETINOX_kit_d_assemblage_cages_polyester-1.jpg\" alt=\"Montagekit f\u00fcr Polyesterk\u00e4fige\" width=\"768\" height=\"465\" srcset=\"https:\/\/www.vetinox.fr\/wp-content\/uploads\/2023\/09\/VETINOX_kit_d_assemblage_cages_polyester-1.jpg 768w, https:\/\/www.vetinox.fr\/wp-content\/uploads\/2023\/09\/VETINOX_kit_d_assemblage_cages_polyester-1-300x182.jpg 300w, https:\/\/www.vetinox.fr\/wp-content\/uploads\/2023\/09\/VETINOX_kit_d_assemblage_cages_polyester-1-600x363.jpg 600w\" sizes=\"(max-width: 768px) 100vw, 768px\" \/><\/a><\/p>\n<p>&nbsp;<\/p>\n","protected":false},"excerpt":{"rendered":"<p>Set aus 3 Veterin\u00e4rk\u00e4figen aus Polyester in verschiedenen Gr\u00f6\u00dfen, das Folgendes umfasst :<\/p>\n<p>&#8211; 1 C-Format-K\u00e4fig &#8211; Breite: 1470 mm \/ Tiefe: 700 mm \/ H\u00f6he: 880 mm<br \/>\n&#8211; 2 B-Format-K\u00e4fige &#8211; Breite: 735 mm \/ Tiefe: 700 mm \/ H\u00f6he: 710 mm<br \/>\n&#8211; 1 Trennwand aus rostfreiem Stahl<br \/>\n&#8211; 1 4-Rad-Fahrgestell &#8211; H\u00f6he: 160 mm<\/p>\n<p>&nbsp;<\/p>\n<div id=\"sconnect-is-installed\" style=\"display: none;\">2.15.0.0<\/div>\n<div id=\"sconnect-is-installed\" style=\"display: none;\">2.15.0.0<\/div>\n","protected":false},"featured_media":24879,"template":"","meta":{"ocean_post_layout":"full-screen","ocean_both_sidebars_style":"","ocean_both_sidebars_content_width":0,"ocean_both_sidebars_sidebars_width":0,"ocean_sidebar":"0","ocean_second_sidebar":"0","ocean_disable_margins":"on","ocean_add_body_class":"","ocean_shortcode_before_top_bar":"","ocean_shortcode_after_top_bar":"","ocean_shortcode_before_header":"","ocean_shortcode_after_header":"","ocean_has_shortcode":"","ocean_shortcode_after_title":"","ocean_shortcode_before_footer_widgets":"","ocean_shortcode_after_footer_widgets":"","ocean_shortcode_before_footer_bottom":"","ocean_shortcode_after_footer_bottom":"","ocean_display_top_bar":"default","ocean_display_header":"default","ocean_header_style":"","ocean_center_header_left_menu":"0","ocean_custom_header_template":"0","ocean_custom_logo":0,"ocean_custom_retina_logo":0,"ocean_custom_logo_max_width":0,"ocean_custom_logo_tablet_max_width":0,"ocean_custom_logo_mobile_max_width":0,"ocean_custom_logo_max_height":0,"ocean_custom_logo_tablet_max_height":0,"ocean_custom_logo_mobile_max_height":0,"ocean_header_custom_menu":"0","ocean_menu_typo_font_family":"0","ocean_menu_typo_font_subset":"","ocean_menu_typo_font_size":0,"ocean_menu_typo_font_size_tablet":0,"ocean_menu_typo_font_size_mobile":0,"ocean_menu_typo_font_size_unit":"px","ocean_menu_typo_font_weight":"","ocean_menu_typo_font_weight_tablet":"","ocean_menu_typo_font_weight_mobile":"","ocean_menu_typo_transform":"","ocean_menu_typo_transform_tablet":"","ocean_menu_typo_transform_mobile":"","ocean_menu_typo_line_height":0,"ocean_menu_typo_line_height_tablet":0,"ocean_menu_typo_line_height_mobile":0,"ocean_menu_typo_line_height_unit":"","ocean_menu_typo_spacing":0,"ocean_menu_typo_spacing_tablet":0,"ocean_menu_typo_spacing_mobile":0,"ocean_menu_typo_spacing_unit":"","ocean_menu_link_color":"","ocean_menu_link_color_hover":"","ocean_menu_link_color_active":"","ocean_menu_link_background":"","ocean_menu_link_hover_background":"","ocean_menu_link_active_background":"","ocean_menu_social_links_bg":"","ocean_menu_social_hover_links_bg":"","ocean_menu_social_links_color":"","ocean_menu_social_hover_links_color":"","ocean_disable_title":"default","ocean_disable_heading":"default","ocean_post_title":"","ocean_post_subheading":"","ocean_post_title_style":"default","ocean_post_title_background_color":"","ocean_post_title_background":0,"ocean_post_title_bg_image_position":"","ocean_post_title_bg_image_attachment":"","ocean_post_title_bg_image_repeat":"","ocean_post_title_bg_image_size":"","ocean_post_title_height":0,"ocean_post_title_bg_overlay":0.5,"ocean_post_title_bg_overlay_color":"","ocean_disable_breadcrumbs":"on","ocean_breadcrumbs_color":"","ocean_breadcrumbs_separator_color":"","ocean_breadcrumbs_links_color":"","ocean_breadcrumbs_links_hover_color":"","ocean_display_footer_widgets":"default","ocean_display_footer_bottom":"default","ocean_custom_footer_template":"0"},"product_brand":[],"product_cat":[276,271],"product_tag":[],"class_list":{"0":"post-27827","1":"product","2":"type-product","3":"status-publish","4":"has-post-thumbnail","6":"product_cat-veterinarkafig-set","7":"product_cat-tierarztliche-kafige","8":"pa_type-de-porte-glashalter","10":"entry","11":"has-media","13":"first","14":"instock","15":"shipping-taxable","16":"product-type-simple","17":"has-product-nav","18":"col","19":"span_1_of_4","20":"owp-content-center","21":"owp-thumbs-layout-vertical","22":"owp-btn-normal","23":"owp-tabs-layout-horizontal"},"yoast_head":"<!-- This site is optimized with the Yoast SEO plugin v27.0 - https:\/\/yoast.com\/product\/yoast-seo-wordpress\/ -->\n<title>Set aus 3 Veterin\u00e4rk\u00e4figen aus Polyester (1C + 2B) - Vetinox<\/title>\n<meta name=\"description\" content=\"Entdecken Sie unser Set aus 3 Veterin\u00e4rk\u00e4figen aus Polyester (1C + 2B), die ideal sind, um Tiere problemlos zu bewegen.\" \/>\n<meta name=\"robots\" content=\"index, follow, max-snippet:-1, max-image-preview:large, max-video-preview:-1\" \/>\n<link rel=\"canonical\" href=\"https:\/\/www.vetinox.fr\/de\/produit\/set-mit-3-polyesterkaefigen-1c2b-glastuer-trennwand-1-rollgestell\/\" \/>\n<meta property=\"og:locale\" content=\"de_DE\" \/>\n<meta property=\"og:type\" content=\"article\" \/>\n<meta property=\"og:title\" content=\"Set aus 3 Veterin\u00e4rk\u00e4figen aus Polyester (1C + 2B) - Vetinox\" \/>\n<meta property=\"og:description\" content=\"Entdecken Sie unser Set aus 3 Veterin\u00e4rk\u00e4figen aus Polyester (1C + 2B), die ideal sind, um Tiere problemlos zu bewegen.\" \/>\n<meta property=\"og:url\" content=\"https:\/\/www.vetinox.fr\/de\/produit\/set-mit-3-polyesterkaefigen-1c2b-glastuer-trennwand-1-rollgestell\/\" \/>\n<meta property=\"og:site_name\" content=\"Vetinox\" \/>\n<meta property=\"og:image\" content=\"https:\/\/www.vetinox.fr\/wp-content\/uploads\/2023\/09\/Vetinox_CP003005_Ensemble3CagesPolyester1C_2BPorteEnVerre_Separation_ChassisRoulettes.jpg\" \/>\n\t<meta property=\"og:image:width\" content=\"1004\" \/>\n\t<meta property=\"og:image:height\" content=\"569\" \/>\n\t<meta property=\"og:image:type\" content=\"image\/jpeg\" \/>\n<meta name=\"twitter:card\" content=\"summary_large_image\" \/>\n<script type=\"application\/ld+json\" class=\"yoast-schema-graph\">{\"@context\":\"https:\/\/schema.org\",\"@graph\":[{\"@type\":\"WebPage\",\"@id\":\"https:\/\/www.vetinox.fr\/de\/produit\/set-mit-3-polyesterkaefigen-1c2b-glastuer-trennwand-1-rollgestell\/\",\"url\":\"https:\/\/www.vetinox.fr\/de\/produit\/set-mit-3-polyesterkaefigen-1c2b-glastuer-trennwand-1-rollgestell\/\",\"name\":\"Set aus 3 Veterin\u00e4rk\u00e4figen aus Polyester (1C + 2B) - Vetinox\",\"isPartOf\":{\"@id\":\"https:\/\/www.vetinox.fr\/#website\"},\"primaryImageOfPage\":{\"@id\":\"https:\/\/www.vetinox.fr\/de\/produit\/set-mit-3-polyesterkaefigen-1c2b-glastuer-trennwand-1-rollgestell\/#primaryimage\"},\"image\":{\"@id\":\"https:\/\/www.vetinox.fr\/de\/produit\/set-mit-3-polyesterkaefigen-1c2b-glastuer-trennwand-1-rollgestell\/#primaryimage\"},\"thumbnailUrl\":\"https:\/\/www.vetinox.fr\/wp-content\/uploads\/2023\/09\/Vetinox_CP003005_Ensemble3CagesPolyester1C_2BPorteEnVerre_Separation_ChassisRoulettes.jpg\",\"datePublished\":\"2024-12-12T13:41:35+00:00\",\"description\":\"Entdecken Sie unser Set aus 3 Veterin\u00e4rk\u00e4figen aus Polyester (1C + 2B), die ideal sind, um Tiere problemlos zu bewegen.\",\"breadcrumb\":{\"@id\":\"https:\/\/www.vetinox.fr\/de\/produit\/set-mit-3-polyesterkaefigen-1c2b-glastuer-trennwand-1-rollgestell\/#breadcrumb\"},\"inLanguage\":\"de\",\"potentialAction\":[{\"@type\":\"ReadAction\",\"target\":[\"https:\/\/www.vetinox.fr\/de\/produit\/set-mit-3-polyesterkaefigen-1c2b-glastuer-trennwand-1-rollgestell\/\"]}]},{\"@type\":\"ImageObject\",\"inLanguage\":\"de\",\"@id\":\"https:\/\/www.vetinox.fr\/de\/produit\/set-mit-3-polyesterkaefigen-1c2b-glastuer-trennwand-1-rollgestell\/#primaryimage\",\"url\":\"https:\/\/www.vetinox.fr\/wp-content\/uploads\/2023\/09\/Vetinox_CP003005_Ensemble3CagesPolyester1C_2BPorteEnVerre_Separation_ChassisRoulettes.jpg\",\"contentUrl\":\"https:\/\/www.vetinox.fr\/wp-content\/uploads\/2023\/09\/Vetinox_CP003005_Ensemble3CagesPolyester1C_2BPorteEnVerre_Separation_ChassisRoulettes.jpg\",\"width\":1004,\"height\":569,\"caption\":\"Ensemble 3 cages polyester : 1C+2B porte en verre+ s\u00e9paration + 1 chassis \u00e0 roulettes\"},{\"@type\":\"BreadcrumbList\",\"@id\":\"https:\/\/www.vetinox.fr\/de\/produit\/set-mit-3-polyesterkaefigen-1c2b-glastuer-trennwand-1-rollgestell\/#breadcrumb\",\"itemListElement\":[{\"@type\":\"ListItem\",\"position\":1,\"name\":\"Accueil\",\"item\":\"https:\/\/www.vetinox.fr\/en\/\"},{\"@type\":\"ListItem\",\"position\":2,\"name\":\"Archiv Produkte\",\"item\":\"https:\/\/www.vetinox.fr\/de\/produktarchiv\/\"},{\"@type\":\"ListItem\",\"position\":3,\"name\":\"Set mit 3 Polyesterk\u00e4figen: 1C+2B Glast\u00fcr+ Trennwand + 1 Rollgestell\"}]},{\"@type\":\"WebSite\",\"@id\":\"https:\/\/www.vetinox.fr\/#website\",\"url\":\"https:\/\/www.vetinox.fr\/\",\"name\":\"Vetinox\",\"description\":\"Equipement Veterinaire\",\"publisher\":{\"@id\":\"https:\/\/www.vetinox.fr\/#organization\"},\"potentialAction\":[{\"@type\":\"SearchAction\",\"target\":{\"@type\":\"EntryPoint\",\"urlTemplate\":\"https:\/\/www.vetinox.fr\/?s={search_term_string}\"},\"query-input\":{\"@type\":\"PropertyValueSpecification\",\"valueRequired\":true,\"valueName\":\"search_term_string\"}}],\"inLanguage\":\"de\"},{\"@type\":\"Organization\",\"@id\":\"https:\/\/www.vetinox.fr\/#organization\",\"name\":\"Vetinox\",\"url\":\"https:\/\/www.vetinox.fr\/\",\"logo\":{\"@type\":\"ImageObject\",\"inLanguage\":\"de\",\"@id\":\"https:\/\/www.vetinox.fr\/#\/schema\/logo\/image\/\",\"url\":\"https:\/\/www.vetinox.fr\/wp-content\/uploads\/2018\/11\/Logo-Vetinox-2.png\",\"contentUrl\":\"https:\/\/www.vetinox.fr\/wp-content\/uploads\/2018\/11\/Logo-Vetinox-2.png\",\"width\":414,\"height\":126,\"caption\":\"Vetinox\"},\"image\":{\"@id\":\"https:\/\/www.vetinox.fr\/#\/schema\/logo\/image\/\"}}]}<\/script>\n<!-- \/ Yoast SEO plugin. -->","yoast_head_json":{"title":"Set aus 3 Veterin\u00e4rk\u00e4figen aus Polyester (1C + 2B) - Vetinox","description":"Entdecken Sie unser Set aus 3 Veterin\u00e4rk\u00e4figen aus Polyester (1C + 2B), die ideal sind, um Tiere problemlos zu bewegen.","robots":{"index":"index","follow":"follow","max-snippet":"max-snippet:-1","max-image-preview":"max-image-preview:large","max-video-preview":"max-video-preview:-1"},"canonical":"https:\/\/www.vetinox.fr\/de\/produit\/set-mit-3-polyesterkaefigen-1c2b-glastuer-trennwand-1-rollgestell\/","og_locale":"de_DE","og_type":"article","og_title":"Set aus 3 Veterin\u00e4rk\u00e4figen aus Polyester (1C + 2B) - Vetinox","og_description":"Entdecken Sie unser Set aus 3 Veterin\u00e4rk\u00e4figen aus Polyester (1C + 2B), die ideal sind, um Tiere problemlos zu bewegen.","og_url":"https:\/\/www.vetinox.fr\/de\/produit\/set-mit-3-polyesterkaefigen-1c2b-glastuer-trennwand-1-rollgestell\/","og_site_name":"Vetinox","og_image":[{"width":1004,"height":569,"url":"https:\/\/www.vetinox.fr\/wp-content\/uploads\/2023\/09\/Vetinox_CP003005_Ensemble3CagesPolyester1C_2BPorteEnVerre_Separation_ChassisRoulettes.jpg","type":"image\/jpeg"}],"twitter_card":"summary_large_image","schema":{"@context":"https:\/\/schema.org","@graph":[{"@type":"WebPage","@id":"https:\/\/www.vetinox.fr\/de\/produit\/set-mit-3-polyesterkaefigen-1c2b-glastuer-trennwand-1-rollgestell\/","url":"https:\/\/www.vetinox.fr\/de\/produit\/set-mit-3-polyesterkaefigen-1c2b-glastuer-trennwand-1-rollgestell\/","name":"Set aus 3 Veterin\u00e4rk\u00e4figen aus Polyester (1C + 2B) - Vetinox","isPartOf":{"@id":"https:\/\/www.vetinox.fr\/#website"},"primaryImageOfPage":{"@id":"https:\/\/www.vetinox.fr\/de\/produit\/set-mit-3-polyesterkaefigen-1c2b-glastuer-trennwand-1-rollgestell\/#primaryimage"},"image":{"@id":"https:\/\/www.vetinox.fr\/de\/produit\/set-mit-3-polyesterkaefigen-1c2b-glastuer-trennwand-1-rollgestell\/#primaryimage"},"thumbnailUrl":"https:\/\/www.vetinox.fr\/wp-content\/uploads\/2023\/09\/Vetinox_CP003005_Ensemble3CagesPolyester1C_2BPorteEnVerre_Separation_ChassisRoulettes.jpg","datePublished":"2024-12-12T13:41:35+00:00","description":"Entdecken Sie unser Set aus 3 Veterin\u00e4rk\u00e4figen aus Polyester (1C + 2B), die ideal sind, um Tiere problemlos zu bewegen.","breadcrumb":{"@id":"https:\/\/www.vetinox.fr\/de\/produit\/set-mit-3-polyesterkaefigen-1c2b-glastuer-trennwand-1-rollgestell\/#breadcrumb"},"inLanguage":"de","potentialAction":[{"@type":"ReadAction","target":["https:\/\/www.vetinox.fr\/de\/produit\/set-mit-3-polyesterkaefigen-1c2b-glastuer-trennwand-1-rollgestell\/"]}]},{"@type":"ImageObject","inLanguage":"de","@id":"https:\/\/www.vetinox.fr\/de\/produit\/set-mit-3-polyesterkaefigen-1c2b-glastuer-trennwand-1-rollgestell\/#primaryimage","url":"https:\/\/www.vetinox.fr\/wp-content\/uploads\/2023\/09\/Vetinox_CP003005_Ensemble3CagesPolyester1C_2BPorteEnVerre_Separation_ChassisRoulettes.jpg","contentUrl":"https:\/\/www.vetinox.fr\/wp-content\/uploads\/2023\/09\/Vetinox_CP003005_Ensemble3CagesPolyester1C_2BPorteEnVerre_Separation_ChassisRoulettes.jpg","width":1004,"height":569,"caption":"Ensemble 3 cages polyester : 1C+2B porte en verre+ s\u00e9paration + 1 chassis \u00e0 roulettes"},{"@type":"BreadcrumbList","@id":"https:\/\/www.vetinox.fr\/de\/produit\/set-mit-3-polyesterkaefigen-1c2b-glastuer-trennwand-1-rollgestell\/#breadcrumb","itemListElement":[{"@type":"ListItem","position":1,"name":"Accueil","item":"https:\/\/www.vetinox.fr\/en\/"},{"@type":"ListItem","position":2,"name":"Archiv Produkte","item":"https:\/\/www.vetinox.fr\/de\/produktarchiv\/"},{"@type":"ListItem","position":3,"name":"Set mit 3 Polyesterk\u00e4figen: 1C+2B Glast\u00fcr+ Trennwand + 1 Rollgestell"}]},{"@type":"WebSite","@id":"https:\/\/www.vetinox.fr\/#website","url":"https:\/\/www.vetinox.fr\/","name":"Vetinox","description":"Equipement Veterinaire","publisher":{"@id":"https:\/\/www.vetinox.fr\/#organization"},"potentialAction":[{"@type":"SearchAction","target":{"@type":"EntryPoint","urlTemplate":"https:\/\/www.vetinox.fr\/?s={search_term_string}"},"query-input":{"@type":"PropertyValueSpecification","valueRequired":true,"valueName":"search_term_string"}}],"inLanguage":"de"},{"@type":"Organization","@id":"https:\/\/www.vetinox.fr\/#organization","name":"Vetinox","url":"https:\/\/www.vetinox.fr\/","logo":{"@type":"ImageObject","inLanguage":"de","@id":"https:\/\/www.vetinox.fr\/#\/schema\/logo\/image\/","url":"https:\/\/www.vetinox.fr\/wp-content\/uploads\/2018\/11\/Logo-Vetinox-2.png","contentUrl":"https:\/\/www.vetinox.fr\/wp-content\/uploads\/2018\/11\/Logo-Vetinox-2.png","width":414,"height":126,"caption":"Vetinox"},"image":{"@id":"https:\/\/www.vetinox.fr\/#\/schema\/logo\/image\/"}}]}},"_links":{"self":[{"href":"https:\/\/www.vetinox.fr\/de\/wp-json\/wp\/v2\/product\/27827","targetHints":{"allow":["GET"]}}],"collection":[{"href":"https:\/\/www.vetinox.fr\/de\/wp-json\/wp\/v2\/product"}],"about":[{"href":"https:\/\/www.vetinox.fr\/de\/wp-json\/wp\/v2\/types\/product"}],"version-history":[{"count":0,"href":"https:\/\/www.vetinox.fr\/de\/wp-json\/wp\/v2\/product\/27827\/revisions"}],"wp:featuredmedia":[{"embeddable":true,"href":"https:\/\/www.vetinox.fr\/de\/wp-json\/wp\/v2\/media\/24879"}],"wp:attachment":[{"href":"https:\/\/www.vetinox.fr\/de\/wp-json\/wp\/v2\/media?parent=27827"}],"wp:term":[{"taxonomy":"product_brand","embeddable":true,"href":"https:\/\/www.vetinox.fr\/de\/wp-json\/wp\/v2\/product_brand?post=27827"},{"taxonomy":"product_cat","embeddable":true,"href":"https:\/\/www.vetinox.fr\/de\/wp-json\/wp\/v2\/product_cat?post=27827"},{"taxonomy":"product_tag","embeddable":true,"href":"https:\/\/www.vetinox.fr\/de\/wp-json\/wp\/v2\/product_tag?post=27827"}],"curies":[{"name":"wp","href":"https:\/\/api.w.org\/{rel}","templated":true}]}}