{"id":27831,"date":"2024-11-22T11:12:05","date_gmt":"2024-12-12T13:54:07","guid":{"rendered":"https:\/\/www.vetinox.fr\/produit\/set-mit-2-polyesterkaefigen-1c1-doppel-b-edelstahlgittertuer-2-trennwaende-1-rahmen\/"},"modified":"2024-12-12T14:54:07","modified_gmt":"2024-12-12T13:54:07","slug":"set-mit-2-polyesterkaefigen-1c1-doppel-b-edelstahlgittertuer-2-trennwaende-1-rahmen","status":"publish","type":"product","link":"https:\/\/www.vetinox.fr\/de\/produit\/set-mit-2-polyesterkaefigen-1c1-doppel-b-edelstahlgittertuer-2-trennwaende-1-rahmen\/","title":{"rendered":"Set mit 2 Polyesterk\u00e4figen: 1C+1 Doppel-B Edelstahlgittert\u00fcr+ 2 Trennw\u00e4nde + 1 Rahmen"},"content":{"rendered":"<p>Eigenschaften des 3-teiligen Veterin\u00e4rk\u00e4fig-Sets aus Polyester :<\/p>\n<ul>\n<li>1 K\u00e4fig im Format C + 1 Doppel-B Edelstahlgittert\u00fcr<\/li>\n<li>T\u00fcren aus rostfreiem Stahl mit St\u00e4ben mit einem Durchmesser von 5 und 7 mm und einem Abstand von 25 mm.<\/li>\n<li>Umkehrbare T\u00fcr\u00f6ffnung: rechts oder links<\/li>\n<li>Automatisches \u00d6ffnen und Schlie\u00dfen der T\u00fcr<\/li>\n<li>Gestell aus Edelstahl 4 R\u00e4der, davon 2 mit Bremsen<\/li>\n<\/ul>\n<p style=\"text-align: left;\">&#8212;&#8212;-<\/p>\n<p>Beim Kauf eines referenzierten K\u00e4figmoduls werden die Montageteile mitgeliefert.<\/p>\n<p>Montagekit f\u00fcr Polyesterk\u00e4fige<\/p>\n<p><a href=\"https:\/\/www.vetinox.fr\/wp-content\/uploads\/2023\/09\/VETINOX_kit_d_assemblage_cages_polyester-1.jpg\"><img fetchpriority=\"high\" decoding=\"async\" class=\"size-full wp-image-27457\" src=\"https:\/\/www.vetinox.fr\/wp-content\/uploads\/2023\/09\/VETINOX_kit_d_assemblage_cages_polyester-1.jpg\" alt=\"Montagekit f\u00fcr Polyesterk\u00e4fige\" width=\"768\" height=\"465\" srcset=\"https:\/\/www.vetinox.fr\/wp-content\/uploads\/2023\/09\/VETINOX_kit_d_assemblage_cages_polyester-1.jpg 768w, https:\/\/www.vetinox.fr\/wp-content\/uploads\/2023\/09\/VETINOX_kit_d_assemblage_cages_polyester-1-300x182.jpg 300w, https:\/\/www.vetinox.fr\/wp-content\/uploads\/2023\/09\/VETINOX_kit_d_assemblage_cages_polyester-1-600x363.jpg 600w\" sizes=\"(max-width: 768px) 100vw, 768px\" \/><\/a><\/p>\n<p>&nbsp;<\/p>\n","protected":false},"excerpt":{"rendered":"<p>Set aus 3 Veterin\u00e4rk\u00e4figen aus Polyester in verschiedenen Formaten, bestehend aus:<\/p>\n<p>&#8211; 1 K\u00e4fig im C-Format mit Edelstahlgittert\u00fcr &#8211; Breite: 1470 mm \/ Tiefe: 700 mm \/ H\u00f6he: 880 mm<br \/>\n&#8211; 1 Doppelk\u00e4fig B mit Edelstahlgittert\u00fcr &#8211; Breite: 1464 mm \/ Tiefe: 700 mm \/ H\u00f6he: 712 mm<br \/>\n&#8211; 2 Trennw\u00e4nde aus Edelstahl<br \/>\n&#8211; 1 Fahrgestell mit 4 R\u00e4dern &#8211; H\u00f6he: 160 mm<\/p>\n","protected":false},"featured_media":29646,"template":"","meta":{"ocean_post_layout":"","ocean_both_sidebars_style":"","ocean_both_sidebars_content_width":0,"ocean_both_sidebars_sidebars_width":0,"ocean_sidebar":"0","ocean_second_sidebar":"0","ocean_disable_margins":"enable","ocean_add_body_class":"","ocean_shortcode_before_top_bar":"","ocean_shortcode_after_top_bar":"","ocean_shortcode_before_header":"","ocean_shortcode_after_header":"","ocean_has_shortcode":"","ocean_shortcode_after_title":"","ocean_shortcode_before_footer_widgets":"","ocean_shortcode_after_footer_widgets":"","ocean_shortcode_before_footer_bottom":"","ocean_shortcode_after_footer_bottom":"","ocean_display_top_bar":"default","ocean_display_header":"default","ocean_header_style":"","ocean_center_header_left_menu":"0","ocean_custom_header_template":"0","ocean_custom_logo":0,"ocean_custom_retina_logo":0,"ocean_custom_logo_max_width":0,"ocean_custom_logo_tablet_max_width":0,"ocean_custom_logo_mobile_max_width":0,"ocean_custom_logo_max_height":0,"ocean_custom_logo_tablet_max_height":0,"ocean_custom_logo_mobile_max_height":0,"ocean_header_custom_menu":"0","ocean_menu_typo_font_family":"0","ocean_menu_typo_font_subset":"","ocean_menu_typo_font_size":0,"ocean_menu_typo_font_size_tablet":0,"ocean_menu_typo_font_size_mobile":0,"ocean_menu_typo_font_size_unit":"px","ocean_menu_typo_font_weight":"","ocean_menu_typo_font_weight_tablet":"","ocean_menu_typo_font_weight_mobile":"","ocean_menu_typo_transform":"","ocean_menu_typo_transform_tablet":"","ocean_menu_typo_transform_mobile":"","ocean_menu_typo_line_height":0,"ocean_menu_typo_line_height_tablet":0,"ocean_menu_typo_line_height_mobile":0,"ocean_menu_typo_line_height_unit":"","ocean_menu_typo_spacing":0,"ocean_menu_typo_spacing_tablet":0,"ocean_menu_typo_spacing_mobile":0,"ocean_menu_typo_spacing_unit":"","ocean_menu_link_color":"","ocean_menu_link_color_hover":"","ocean_menu_link_color_active":"","ocean_menu_link_background":"","ocean_menu_link_hover_background":"","ocean_menu_link_active_background":"","ocean_menu_social_links_bg":"","ocean_menu_social_hover_links_bg":"","ocean_menu_social_links_color":"","ocean_menu_social_hover_links_color":"","ocean_disable_title":"default","ocean_disable_heading":"default","ocean_post_title":"","ocean_post_subheading":"","ocean_post_title_style":"","ocean_post_title_background_color":"","ocean_post_title_background":0,"ocean_post_title_bg_image_position":"","ocean_post_title_bg_image_attachment":"","ocean_post_title_bg_image_repeat":"","ocean_post_title_bg_image_size":"","ocean_post_title_height":0,"ocean_post_title_bg_overlay":0.5,"ocean_post_title_bg_overlay_color":"","ocean_disable_breadcrumbs":"default","ocean_breadcrumbs_color":"","ocean_breadcrumbs_separator_color":"","ocean_breadcrumbs_links_color":"","ocean_breadcrumbs_links_hover_color":"","ocean_display_footer_widgets":"default","ocean_display_footer_bottom":"default","ocean_custom_footer_template":"0"},"product_brand":[],"product_cat":[276,271],"product_tag":[],"class_list":{"0":"post-27831","1":"product","2":"type-product","3":"status-publish","4":"has-post-thumbnail","6":"product_cat-veterinarkafig-set","7":"product_cat-tierarztliche-kafige","9":"entry","10":"has-media","12":"first","13":"instock","14":"shipping-taxable","15":"product-type-simple","16":"has-product-nav","17":"col","18":"span_1_of_4","19":"owp-content-center","20":"owp-thumbs-layout-vertical","21":"owp-btn-normal","22":"owp-tabs-layout-horizontal"},"yoast_head":"<!-- This site is optimized with the Yoast SEO plugin v27.0 - https:\/\/yoast.com\/product\/yoast-seo-wordpress\/ -->\n<title>Set mit 2 Polyesterk\u00e4figen: 1C+1 Doppel-B Edelstahlgittert\u00fcr+ 2 Trennw\u00e4nde + 1 Rahmen - Vetinox<\/title>\n<meta name=\"description\" content=\"D\u00e9couvrez notre produit : Set mit 2 Polyesterk\u00e4figen: 1C+1 Doppel-B Edelstahlgittert\u00fcr+ 2 Trennw\u00e4nde + 1 Rahmen - Mat\u00e9riel et \u00e9quipement adapt\u00e9 \u00e0 toutes vos utilisations v\u00e9t\u00e9rinaires.\" \/>\n<meta name=\"robots\" content=\"index, follow, max-snippet:-1, max-image-preview:large, max-video-preview:-1\" \/>\n<link rel=\"canonical\" href=\"https:\/\/www.vetinox.fr\/de\/produit\/set-mit-2-polyesterkaefigen-1c1-doppel-b-edelstahlgittertuer-2-trennwaende-1-rahmen\/\" \/>\n<meta property=\"og:locale\" content=\"de_DE\" \/>\n<meta property=\"og:type\" content=\"article\" \/>\n<meta property=\"og:title\" content=\"Set mit 2 Polyesterk\u00e4figen: 1C+1 Doppel-B Edelstahlgittert\u00fcr+ 2 Trennw\u00e4nde + 1 Rahmen - Vetinox\" \/>\n<meta property=\"og:description\" content=\"D\u00e9couvrez notre produit : Set mit 2 Polyesterk\u00e4figen: 1C+1 Doppel-B Edelstahlgittert\u00fcr+ 2 Trennw\u00e4nde + 1 Rahmen - Mat\u00e9riel et \u00e9quipement adapt\u00e9 \u00e0 toutes vos utilisations v\u00e9t\u00e9rinaires.\" \/>\n<meta property=\"og:url\" content=\"https:\/\/www.vetinox.fr\/de\/produit\/set-mit-2-polyesterkaefigen-1c1-doppel-b-edelstahlgittertuer-2-trennwaende-1-rahmen\/\" \/>\n<meta property=\"og:site_name\" content=\"Vetinox\" \/>\n<meta property=\"og:image\" content=\"https:\/\/www.vetinox.fr\/wp-content\/uploads\/2024\/11\/Vetinox_CP003020_ensemble_3_cages_polyester_1C_1DoubleB_seperation.jpg\" \/>\n\t<meta property=\"og:image:width\" content=\"1007\" \/>\n\t<meta property=\"og:image:height\" content=\"1160\" \/>\n\t<meta property=\"og:image:type\" content=\"image\/jpeg\" \/>\n<meta name=\"twitter:card\" content=\"summary_large_image\" \/>\n<script type=\"application\/ld+json\" class=\"yoast-schema-graph\">{\"@context\":\"https:\/\/schema.org\",\"@graph\":[{\"@type\":\"WebPage\",\"@id\":\"https:\/\/www.vetinox.fr\/de\/produit\/set-mit-2-polyesterkaefigen-1c1-doppel-b-edelstahlgittertuer-2-trennwaende-1-rahmen\/\",\"url\":\"https:\/\/www.vetinox.fr\/de\/produit\/set-mit-2-polyesterkaefigen-1c1-doppel-b-edelstahlgittertuer-2-trennwaende-1-rahmen\/\",\"name\":\"Set mit 2 Polyesterk\u00e4figen: 1C+1 Doppel-B Edelstahlgittert\u00fcr+ 2 Trennw\u00e4nde + 1 Rahmen - Vetinox\",\"isPartOf\":{\"@id\":\"https:\/\/www.vetinox.fr\/#website\"},\"primaryImageOfPage\":{\"@id\":\"https:\/\/www.vetinox.fr\/de\/produit\/set-mit-2-polyesterkaefigen-1c1-doppel-b-edelstahlgittertuer-2-trennwaende-1-rahmen\/#primaryimage\"},\"image\":{\"@id\":\"https:\/\/www.vetinox.fr\/de\/produit\/set-mit-2-polyesterkaefigen-1c1-doppel-b-edelstahlgittertuer-2-trennwaende-1-rahmen\/#primaryimage\"},\"thumbnailUrl\":\"https:\/\/www.vetinox.fr\/wp-content\/uploads\/2024\/11\/Vetinox_CP003020_ensemble_3_cages_polyester_1C_1DoubleB_seperation-1.jpg\",\"datePublished\":\"2024-12-12T13:54:07+00:00\",\"description\":\"D\u00e9couvrez notre produit : Set mit 2 Polyesterk\u00e4figen: 1C+1 Doppel-B Edelstahlgittert\u00fcr+ 2 Trennw\u00e4nde + 1 Rahmen - Mat\u00e9riel et \u00e9quipement adapt\u00e9 \u00e0 toutes vos utilisations v\u00e9t\u00e9rinaires.\",\"breadcrumb\":{\"@id\":\"https:\/\/www.vetinox.fr\/de\/produit\/set-mit-2-polyesterkaefigen-1c1-doppel-b-edelstahlgittertuer-2-trennwaende-1-rahmen\/#breadcrumb\"},\"inLanguage\":\"de\",\"potentialAction\":[{\"@type\":\"ReadAction\",\"target\":[\"https:\/\/www.vetinox.fr\/de\/produit\/set-mit-2-polyesterkaefigen-1c1-doppel-b-edelstahlgittertuer-2-trennwaende-1-rahmen\/\"]}]},{\"@type\":\"ImageObject\",\"inLanguage\":\"de\",\"@id\":\"https:\/\/www.vetinox.fr\/de\/produit\/set-mit-2-polyesterkaefigen-1c1-doppel-b-edelstahlgittertuer-2-trennwaende-1-rahmen\/#primaryimage\",\"url\":\"https:\/\/www.vetinox.fr\/wp-content\/uploads\/2024\/11\/Vetinox_CP003020_ensemble_3_cages_polyester_1C_1DoubleB_seperation-1.jpg\",\"contentUrl\":\"https:\/\/www.vetinox.fr\/wp-content\/uploads\/2024\/11\/Vetinox_CP003020_ensemble_3_cages_polyester_1C_1DoubleB_seperation-1.jpg\",\"width\":1004,\"height\":569,\"caption\":\"Ensemble 2 cages polyester : 1C+1 double B porte grille inox+ 2 s\u00e9parations + 1 ch\u00e2ssis\"},{\"@type\":\"BreadcrumbList\",\"@id\":\"https:\/\/www.vetinox.fr\/de\/produit\/set-mit-2-polyesterkaefigen-1c1-doppel-b-edelstahlgittertuer-2-trennwaende-1-rahmen\/#breadcrumb\",\"itemListElement\":[{\"@type\":\"ListItem\",\"position\":1,\"name\":\"Accueil\",\"item\":\"https:\/\/www.vetinox.fr\/en\/\"},{\"@type\":\"ListItem\",\"position\":2,\"name\":\"Archiv Produkte\",\"item\":\"https:\/\/www.vetinox.fr\/de\/produktarchiv\/\"},{\"@type\":\"ListItem\",\"position\":3,\"name\":\"CAGES\",\"item\":\"https:\/\/www.vetinox.fr\/categorie-produit\/cages-veterinaires\/\"},{\"@type\":\"ListItem\",\"position\":4,\"name\":\"Set mit 2 Polyesterk\u00e4figen: 1C+1 Doppel-B Edelstahlgittert\u00fcr+ 2 Trennw\u00e4nde + 1 Rahmen\"}]},{\"@type\":\"WebSite\",\"@id\":\"https:\/\/www.vetinox.fr\/#website\",\"url\":\"https:\/\/www.vetinox.fr\/\",\"name\":\"Vetinox\",\"description\":\"Equipement Veterinaire\",\"publisher\":{\"@id\":\"https:\/\/www.vetinox.fr\/#organization\"},\"potentialAction\":[{\"@type\":\"SearchAction\",\"target\":{\"@type\":\"EntryPoint\",\"urlTemplate\":\"https:\/\/www.vetinox.fr\/?s={search_term_string}\"},\"query-input\":{\"@type\":\"PropertyValueSpecification\",\"valueRequired\":true,\"valueName\":\"search_term_string\"}}],\"inLanguage\":\"de\"},{\"@type\":\"Organization\",\"@id\":\"https:\/\/www.vetinox.fr\/#organization\",\"name\":\"Vetinox\",\"url\":\"https:\/\/www.vetinox.fr\/\",\"logo\":{\"@type\":\"ImageObject\",\"inLanguage\":\"de\",\"@id\":\"https:\/\/www.vetinox.fr\/#\/schema\/logo\/image\/\",\"url\":\"https:\/\/www.vetinox.fr\/wp-content\/uploads\/2018\/11\/Logo-Vetinox-2.png\",\"contentUrl\":\"https:\/\/www.vetinox.fr\/wp-content\/uploads\/2018\/11\/Logo-Vetinox-2.png\",\"width\":414,\"height\":126,\"caption\":\"Vetinox\"},\"image\":{\"@id\":\"https:\/\/www.vetinox.fr\/#\/schema\/logo\/image\/\"}}]}<\/script>\n<!-- \/ Yoast SEO plugin. -->","yoast_head_json":{"title":"Set mit 2 Polyesterk\u00e4figen: 1C+1 Doppel-B Edelstahlgittert\u00fcr+ 2 Trennw\u00e4nde + 1 Rahmen - Vetinox","description":"D\u00e9couvrez notre produit : Set mit 2 Polyesterk\u00e4figen: 1C+1 Doppel-B Edelstahlgittert\u00fcr+ 2 Trennw\u00e4nde + 1 Rahmen - Mat\u00e9riel et \u00e9quipement adapt\u00e9 \u00e0 toutes vos utilisations v\u00e9t\u00e9rinaires.","robots":{"index":"index","follow":"follow","max-snippet":"max-snippet:-1","max-image-preview":"max-image-preview:large","max-video-preview":"max-video-preview:-1"},"canonical":"https:\/\/www.vetinox.fr\/de\/produit\/set-mit-2-polyesterkaefigen-1c1-doppel-b-edelstahlgittertuer-2-trennwaende-1-rahmen\/","og_locale":"de_DE","og_type":"article","og_title":"Set mit 2 Polyesterk\u00e4figen: 1C+1 Doppel-B Edelstahlgittert\u00fcr+ 2 Trennw\u00e4nde + 1 Rahmen - Vetinox","og_description":"D\u00e9couvrez notre produit : Set mit 2 Polyesterk\u00e4figen: 1C+1 Doppel-B Edelstahlgittert\u00fcr+ 2 Trennw\u00e4nde + 1 Rahmen - Mat\u00e9riel et \u00e9quipement adapt\u00e9 \u00e0 toutes vos utilisations v\u00e9t\u00e9rinaires.","og_url":"https:\/\/www.vetinox.fr\/de\/produit\/set-mit-2-polyesterkaefigen-1c1-doppel-b-edelstahlgittertuer-2-trennwaende-1-rahmen\/","og_site_name":"Vetinox","og_image":[{"width":1007,"height":1160,"url":"https:\/\/www.vetinox.fr\/wp-content\/uploads\/2024\/11\/Vetinox_CP003020_ensemble_3_cages_polyester_1C_1DoubleB_seperation.jpg","type":"image\/jpeg"}],"twitter_card":"summary_large_image","schema":{"@context":"https:\/\/schema.org","@graph":[{"@type":"WebPage","@id":"https:\/\/www.vetinox.fr\/de\/produit\/set-mit-2-polyesterkaefigen-1c1-doppel-b-edelstahlgittertuer-2-trennwaende-1-rahmen\/","url":"https:\/\/www.vetinox.fr\/de\/produit\/set-mit-2-polyesterkaefigen-1c1-doppel-b-edelstahlgittertuer-2-trennwaende-1-rahmen\/","name":"Set mit 2 Polyesterk\u00e4figen: 1C+1 Doppel-B Edelstahlgittert\u00fcr+ 2 Trennw\u00e4nde + 1 Rahmen - Vetinox","isPartOf":{"@id":"https:\/\/www.vetinox.fr\/#website"},"primaryImageOfPage":{"@id":"https:\/\/www.vetinox.fr\/de\/produit\/set-mit-2-polyesterkaefigen-1c1-doppel-b-edelstahlgittertuer-2-trennwaende-1-rahmen\/#primaryimage"},"image":{"@id":"https:\/\/www.vetinox.fr\/de\/produit\/set-mit-2-polyesterkaefigen-1c1-doppel-b-edelstahlgittertuer-2-trennwaende-1-rahmen\/#primaryimage"},"thumbnailUrl":"https:\/\/www.vetinox.fr\/wp-content\/uploads\/2024\/11\/Vetinox_CP003020_ensemble_3_cages_polyester_1C_1DoubleB_seperation-1.jpg","datePublished":"2024-12-12T13:54:07+00:00","description":"D\u00e9couvrez notre produit : Set mit 2 Polyesterk\u00e4figen: 1C+1 Doppel-B Edelstahlgittert\u00fcr+ 2 Trennw\u00e4nde + 1 Rahmen - Mat\u00e9riel et \u00e9quipement adapt\u00e9 \u00e0 toutes vos utilisations v\u00e9t\u00e9rinaires.","breadcrumb":{"@id":"https:\/\/www.vetinox.fr\/de\/produit\/set-mit-2-polyesterkaefigen-1c1-doppel-b-edelstahlgittertuer-2-trennwaende-1-rahmen\/#breadcrumb"},"inLanguage":"de","potentialAction":[{"@type":"ReadAction","target":["https:\/\/www.vetinox.fr\/de\/produit\/set-mit-2-polyesterkaefigen-1c1-doppel-b-edelstahlgittertuer-2-trennwaende-1-rahmen\/"]}]},{"@type":"ImageObject","inLanguage":"de","@id":"https:\/\/www.vetinox.fr\/de\/produit\/set-mit-2-polyesterkaefigen-1c1-doppel-b-edelstahlgittertuer-2-trennwaende-1-rahmen\/#primaryimage","url":"https:\/\/www.vetinox.fr\/wp-content\/uploads\/2024\/11\/Vetinox_CP003020_ensemble_3_cages_polyester_1C_1DoubleB_seperation-1.jpg","contentUrl":"https:\/\/www.vetinox.fr\/wp-content\/uploads\/2024\/11\/Vetinox_CP003020_ensemble_3_cages_polyester_1C_1DoubleB_seperation-1.jpg","width":1004,"height":569,"caption":"Ensemble 2 cages polyester : 1C+1 double B porte grille inox+ 2 s\u00e9parations + 1 ch\u00e2ssis"},{"@type":"BreadcrumbList","@id":"https:\/\/www.vetinox.fr\/de\/produit\/set-mit-2-polyesterkaefigen-1c1-doppel-b-edelstahlgittertuer-2-trennwaende-1-rahmen\/#breadcrumb","itemListElement":[{"@type":"ListItem","position":1,"name":"Accueil","item":"https:\/\/www.vetinox.fr\/en\/"},{"@type":"ListItem","position":2,"name":"Archiv Produkte","item":"https:\/\/www.vetinox.fr\/de\/produktarchiv\/"},{"@type":"ListItem","position":3,"name":"CAGES","item":"https:\/\/www.vetinox.fr\/categorie-produit\/cages-veterinaires\/"},{"@type":"ListItem","position":4,"name":"Set mit 2 Polyesterk\u00e4figen: 1C+1 Doppel-B Edelstahlgittert\u00fcr+ 2 Trennw\u00e4nde + 1 Rahmen"}]},{"@type":"WebSite","@id":"https:\/\/www.vetinox.fr\/#website","url":"https:\/\/www.vetinox.fr\/","name":"Vetinox","description":"Equipement Veterinaire","publisher":{"@id":"https:\/\/www.vetinox.fr\/#organization"},"potentialAction":[{"@type":"SearchAction","target":{"@type":"EntryPoint","urlTemplate":"https:\/\/www.vetinox.fr\/?s={search_term_string}"},"query-input":{"@type":"PropertyValueSpecification","valueRequired":true,"valueName":"search_term_string"}}],"inLanguage":"de"},{"@type":"Organization","@id":"https:\/\/www.vetinox.fr\/#organization","name":"Vetinox","url":"https:\/\/www.vetinox.fr\/","logo":{"@type":"ImageObject","inLanguage":"de","@id":"https:\/\/www.vetinox.fr\/#\/schema\/logo\/image\/","url":"https:\/\/www.vetinox.fr\/wp-content\/uploads\/2018\/11\/Logo-Vetinox-2.png","contentUrl":"https:\/\/www.vetinox.fr\/wp-content\/uploads\/2018\/11\/Logo-Vetinox-2.png","width":414,"height":126,"caption":"Vetinox"},"image":{"@id":"https:\/\/www.vetinox.fr\/#\/schema\/logo\/image\/"}}]}},"_links":{"self":[{"href":"https:\/\/www.vetinox.fr\/de\/wp-json\/wp\/v2\/product\/27831","targetHints":{"allow":["GET"]}}],"collection":[{"href":"https:\/\/www.vetinox.fr\/de\/wp-json\/wp\/v2\/product"}],"about":[{"href":"https:\/\/www.vetinox.fr\/de\/wp-json\/wp\/v2\/types\/product"}],"version-history":[{"count":0,"href":"https:\/\/www.vetinox.fr\/de\/wp-json\/wp\/v2\/product\/27831\/revisions"}],"wp:featuredmedia":[{"embeddable":true,"href":"https:\/\/www.vetinox.fr\/de\/wp-json\/wp\/v2\/media\/29646"}],"wp:attachment":[{"href":"https:\/\/www.vetinox.fr\/de\/wp-json\/wp\/v2\/media?parent=27831"}],"wp:term":[{"taxonomy":"product_brand","embeddable":true,"href":"https:\/\/www.vetinox.fr\/de\/wp-json\/wp\/v2\/product_brand?post=27831"},{"taxonomy":"product_cat","embeddable":true,"href":"https:\/\/www.vetinox.fr\/de\/wp-json\/wp\/v2\/product_cat?post=27831"},{"taxonomy":"product_tag","embeddable":true,"href":"https:\/\/www.vetinox.fr\/de\/wp-json\/wp\/v2\/product_tag?post=27831"}],"curies":[{"name":"wp","href":"https:\/\/api.w.org\/{rel}","templated":true}]}}