{"id":28469,"date":"2019-03-08T20:50:02","date_gmt":"2019-03-08T19:50:02","guid":{"rendered":"https:\/\/www.vetinox.fr\/produit\/elektrischer-beratungstisch-mit-flacher-edelstahlplatte\/"},"modified":"2025-01-02T13:44:38","modified_gmt":"2025-01-02T12:44:38","slug":"elektrischer-beratungstisch-mit-flacher-edelstahlplatte","status":"publish","type":"product","link":"https:\/\/www.vetinox.fr\/de\/produit\/elektrischer-beratungstisch-mit-flacher-edelstahlplatte\/","title":{"rendered":"Elektrischer Beratungstisch mit flacher Edelstahlplatte"},"content":{"rendered":"<p>Elektrischer Beratungstisch aus rostfreiem Stahl, der in verschiedenen Formaten und auch nach Ma\u00df erh\u00e4ltlich ist.<\/p>\n<p>Merkmale der Tische :<\/p>\n<ul>\n<li>Gr\u00f6\u00dfe des Tisches in der unteren Position: 1250 x 600 x 370 mm<\/li>\n<li>Tischgr\u00f6\u00dfe in der oberen Position: 1250 x 600 x 1000 mm<\/li>\n<li>Gr\u00f6\u00dfe der Tischplatte: 1250 x 600 mm<\/li>\n<li>Variable H\u00f6he von 370 bis 1000 mm<\/li>\n<li>Flaches Tablett aus Edelstahl<\/li>\n<li>Leiser, ruckfreier Elektrozylinder<\/li>\n<li>Elektrisches Auf- und Absteigen per Fu\u00dfsteuerung<\/li>\n<li>Haken zur Befestigung<\/li>\n<li>M\u00f6glichkeit, einen farbigen Teppich (blau, gr\u00fcn, hell oder dunkel meliert und anthrazitgrau) mit Rahmen zu integrieren<\/li>\n<li>Stabilit\u00e4tskufen<\/li>\n<li>Tisch aus rostfreiem Stahl 304 L<\/li>\n<li>Elektrisches System nach CE-Normen<\/li>\n<li>Edelstahlstruktur mit 5 Jahren Garantie<\/li>\n<li>Elektrisches System mit 2 Jahren Garantie<\/li>\n<\/ul>\n","protected":false},"excerpt":{"rendered":"<p>Die Untersuchungsliege ist vollst\u00e4ndig aus Edelstahl gefertigt, einem hygienischen und langlebigen Material. Dank der Fu\u00dfbedienung und der elektrischen H\u00f6henverstellung k\u00f6nnen Sie den Untersuchungstisch leicht bedienen und ergonomisch arbeiten, ohne Ihren R\u00fccken zu belasten. Dank seiner kreuzf\u00f6rmigen Struktur ist dieser Veterin\u00e4rtisch sehr stabil und erm\u00f6glicht einen ruckfreien Aufstieg und die sichere Untersuchung von Tieren mit einem Gewicht von bis zu 100 kg. Der Tisch besteht aus einer flachen Edelstahlplatte. <\/p>\n<span class=\"action-button blue-button2\"><a href=\"https:\/\/www.vetinox.fr\/wp-content\/uploads\/2020\/09\/Fiche-Technique-Table-de-consultation-electrique.pdf\">Technisches Datenblatt - Elektrischer Beratungstisch<\/a><\/span>\n","protected":false},"featured_media":31359,"template":"","meta":{"ocean_post_layout":"full-screen","ocean_both_sidebars_style":"","ocean_both_sidebars_content_width":0,"ocean_both_sidebars_sidebars_width":0,"ocean_sidebar":"0","ocean_second_sidebar":"0","ocean_disable_margins":"on","ocean_add_body_class":"","ocean_shortcode_before_top_bar":"","ocean_shortcode_after_top_bar":"","ocean_shortcode_before_header":"","ocean_shortcode_after_header":"","ocean_has_shortcode":"","ocean_shortcode_after_title":"","ocean_shortcode_before_footer_widgets":"","ocean_shortcode_after_footer_widgets":"","ocean_shortcode_before_footer_bottom":"","ocean_shortcode_after_footer_bottom":"","ocean_display_top_bar":"default","ocean_display_header":"default","ocean_header_style":"","ocean_center_header_left_menu":"0","ocean_custom_header_template":"0","ocean_custom_logo":0,"ocean_custom_retina_logo":0,"ocean_custom_logo_max_width":0,"ocean_custom_logo_tablet_max_width":0,"ocean_custom_logo_mobile_max_width":0,"ocean_custom_logo_max_height":0,"ocean_custom_logo_tablet_max_height":0,"ocean_custom_logo_mobile_max_height":0,"ocean_header_custom_menu":"0","ocean_menu_typo_font_family":"0","ocean_menu_typo_font_subset":"","ocean_menu_typo_font_size":0,"ocean_menu_typo_font_size_tablet":0,"ocean_menu_typo_font_size_mobile":0,"ocean_menu_typo_font_size_unit":"px","ocean_menu_typo_font_weight":"","ocean_menu_typo_font_weight_tablet":"","ocean_menu_typo_font_weight_mobile":"","ocean_menu_typo_transform":"","ocean_menu_typo_transform_tablet":"","ocean_menu_typo_transform_mobile":"","ocean_menu_typo_line_height":0,"ocean_menu_typo_line_height_tablet":0,"ocean_menu_typo_line_height_mobile":0,"ocean_menu_typo_line_height_unit":"","ocean_menu_typo_spacing":0,"ocean_menu_typo_spacing_tablet":0,"ocean_menu_typo_spacing_mobile":0,"ocean_menu_typo_spacing_unit":"","ocean_menu_link_color":"","ocean_menu_link_color_hover":"","ocean_menu_link_color_active":"","ocean_menu_link_background":"","ocean_menu_link_hover_background":"","ocean_menu_link_active_background":"","ocean_menu_social_links_bg":"","ocean_menu_social_hover_links_bg":"","ocean_menu_social_links_color":"","ocean_menu_social_hover_links_color":"","ocean_disable_title":"default","ocean_disable_heading":"default","ocean_post_title":"","ocean_post_subheading":"","ocean_post_title_style":"default","ocean_post_title_background_color":"","ocean_post_title_background":0,"ocean_post_title_bg_image_position":"","ocean_post_title_bg_image_attachment":"","ocean_post_title_bg_image_repeat":"","ocean_post_title_bg_image_size":"","ocean_post_title_height":0,"ocean_post_title_bg_overlay":0.5,"ocean_post_title_bg_overlay_color":"","ocean_disable_breadcrumbs":"on","ocean_breadcrumbs_color":"","ocean_breadcrumbs_separator_color":"","ocean_breadcrumbs_links_color":"","ocean_breadcrumbs_links_hover_color":"","ocean_display_footer_widgets":"default","ocean_display_footer_bottom":"default","ocean_custom_footer_template":"0"},"product_brand":[],"product_cat":[287,281],"product_tag":[],"class_list":{"0":"post-28469","1":"product","2":"type-product","3":"status-publish","4":"has-post-thumbnail","6":"product_cat-untersuchungstische","7":"product_cat-veterinarmedizinische-tische","8":"pa_type-de-plateau-flaches-tablett","10":"entry","11":"has-media","13":"first","14":"instock","15":"shipping-taxable","16":"product-type-simple","17":"has-product-nav","18":"col","19":"span_1_of_4","20":"owp-content-center","21":"owp-thumbs-layout-vertical","22":"owp-btn-normal","23":"owp-tabs-layout-horizontal"},"yoast_head":"<!-- This site is optimized with the Yoast SEO plugin v27.0 - https:\/\/yoast.com\/product\/yoast-seo-wordpress\/ -->\n<title>Elektrischer Beratungstisch mit flacher Edelstahlplatte - Vetinox<\/title>\n<meta name=\"description\" content=\"Entdecken Sie unsere elektrischen Tierarzttische.\" \/>\n<meta name=\"robots\" content=\"index, follow, max-snippet:-1, max-image-preview:large, max-video-preview:-1\" \/>\n<link rel=\"canonical\" href=\"https:\/\/www.vetinox.fr\/de\/produit\/elektrischer-beratungstisch-mit-flacher-edelstahlplatte\/\" \/>\n<meta property=\"og:locale\" content=\"de_DE\" \/>\n<meta property=\"og:type\" content=\"article\" \/>\n<meta property=\"og:title\" content=\"Elektrischer Beratungstisch mit flacher Edelstahlplatte - Vetinox\" \/>\n<meta property=\"og:description\" content=\"Entdecken Sie unsere elektrischen Tierarzttische.\" \/>\n<meta property=\"og:url\" content=\"https:\/\/www.vetinox.fr\/de\/produit\/elektrischer-beratungstisch-mit-flacher-edelstahlplatte\/\" \/>\n<meta property=\"og:site_name\" content=\"Vetinox\" \/>\n<meta property=\"article:modified_time\" content=\"2025-01-02T12:44:38+00:00\" \/>\n<meta property=\"og:image\" content=\"https:\/\/www.vetinox.fr\/wp-content\/uploads\/2019\/03\/TA301000-Table-consultation-electrique-plateau-plat-INOX-N1-1.jpg\" \/>\n\t<meta property=\"og:image:width\" content=\"600\" \/>\n\t<meta property=\"og:image:height\" content=\"600\" \/>\n\t<meta property=\"og:image:type\" content=\"image\/jpeg\" \/>\n<meta name=\"twitter:card\" content=\"summary_large_image\" \/>\n<meta name=\"twitter:label1\" content=\"Gesch\u00e4tzte Lesezeit\" \/>\n\t<meta name=\"twitter:data1\" content=\"1\u00a0Minute\" \/>\n<script type=\"application\/ld+json\" class=\"yoast-schema-graph\">{\"@context\":\"https:\/\/schema.org\",\"@graph\":[{\"@type\":\"WebPage\",\"@id\":\"https:\/\/www.vetinox.fr\/de\/produit\/elektrischer-beratungstisch-mit-flacher-edelstahlplatte\/\",\"url\":\"https:\/\/www.vetinox.fr\/de\/produit\/elektrischer-beratungstisch-mit-flacher-edelstahlplatte\/\",\"name\":\"Elektrischer Beratungstisch mit flacher Edelstahlplatte - Vetinox\",\"isPartOf\":{\"@id\":\"https:\/\/www.vetinox.fr\/#website\"},\"primaryImageOfPage\":{\"@id\":\"https:\/\/www.vetinox.fr\/de\/produit\/elektrischer-beratungstisch-mit-flacher-edelstahlplatte\/#primaryimage\"},\"image\":{\"@id\":\"https:\/\/www.vetinox.fr\/de\/produit\/elektrischer-beratungstisch-mit-flacher-edelstahlplatte\/#primaryimage\"},\"thumbnailUrl\":\"https:\/\/www.vetinox.fr\/wp-content\/uploads\/2019\/03\/VETINOX_TA301000_Table_consultation_electrique_plateau_plat_INOX_.png\",\"datePublished\":\"2019-03-08T19:50:02+00:00\",\"dateModified\":\"2025-01-02T12:44:38+00:00\",\"description\":\"Entdecken Sie unsere elektrischen Tierarzttische.\",\"breadcrumb\":{\"@id\":\"https:\/\/www.vetinox.fr\/de\/produit\/elektrischer-beratungstisch-mit-flacher-edelstahlplatte\/#breadcrumb\"},\"inLanguage\":\"de\",\"potentialAction\":[{\"@type\":\"ReadAction\",\"target\":[\"https:\/\/www.vetinox.fr\/de\/produit\/elektrischer-beratungstisch-mit-flacher-edelstahlplatte\/\"]}]},{\"@type\":\"ImageObject\",\"inLanguage\":\"de\",\"@id\":\"https:\/\/www.vetinox.fr\/de\/produit\/elektrischer-beratungstisch-mit-flacher-edelstahlplatte\/#primaryimage\",\"url\":\"https:\/\/www.vetinox.fr\/wp-content\/uploads\/2019\/03\/VETINOX_TA301000_Table_consultation_electrique_plateau_plat_INOX_.png\",\"contentUrl\":\"https:\/\/www.vetinox.fr\/wp-content\/uploads\/2019\/03\/VETINOX_TA301000_Table_consultation_electrique_plateau_plat_INOX_.png\",\"width\":1004,\"height\":569,\"caption\":\"VETINOX Table consultation \u00e9lectrique plateau plat INOX\"},{\"@type\":\"BreadcrumbList\",\"@id\":\"https:\/\/www.vetinox.fr\/de\/produit\/elektrischer-beratungstisch-mit-flacher-edelstahlplatte\/#breadcrumb\",\"itemListElement\":[{\"@type\":\"ListItem\",\"position\":1,\"name\":\"Accueil\",\"item\":\"https:\/\/www.vetinox.fr\/en\/\"},{\"@type\":\"ListItem\",\"position\":2,\"name\":\"Archiv Produkte\",\"item\":\"https:\/\/www.vetinox.fr\/de\/produktarchiv\/\"},{\"@type\":\"ListItem\",\"position\":3,\"name\":\"TABLES\",\"item\":\"https:\/\/www.vetinox.fr\/categorie-produit\/tables-veterinaires\/\"},{\"@type\":\"ListItem\",\"position\":4,\"name\":\"Elektrischer Beratungstisch mit flacher Edelstahlplatte\"}]},{\"@type\":\"WebSite\",\"@id\":\"https:\/\/www.vetinox.fr\/#website\",\"url\":\"https:\/\/www.vetinox.fr\/\",\"name\":\"Vetinox\",\"description\":\"Equipement Veterinaire\",\"publisher\":{\"@id\":\"https:\/\/www.vetinox.fr\/#organization\"},\"potentialAction\":[{\"@type\":\"SearchAction\",\"target\":{\"@type\":\"EntryPoint\",\"urlTemplate\":\"https:\/\/www.vetinox.fr\/?s={search_term_string}\"},\"query-input\":{\"@type\":\"PropertyValueSpecification\",\"valueRequired\":true,\"valueName\":\"search_term_string\"}}],\"inLanguage\":\"de\"},{\"@type\":\"Organization\",\"@id\":\"https:\/\/www.vetinox.fr\/#organization\",\"name\":\"Vetinox\",\"url\":\"https:\/\/www.vetinox.fr\/\",\"logo\":{\"@type\":\"ImageObject\",\"inLanguage\":\"de\",\"@id\":\"https:\/\/www.vetinox.fr\/#\/schema\/logo\/image\/\",\"url\":\"https:\/\/www.vetinox.fr\/wp-content\/uploads\/2018\/11\/Logo-Vetinox-2.png\",\"contentUrl\":\"https:\/\/www.vetinox.fr\/wp-content\/uploads\/2018\/11\/Logo-Vetinox-2.png\",\"width\":414,\"height\":126,\"caption\":\"Vetinox\"},\"image\":{\"@id\":\"https:\/\/www.vetinox.fr\/#\/schema\/logo\/image\/\"}}]}<\/script>\n<!-- \/ Yoast SEO plugin. -->","yoast_head_json":{"title":"Elektrischer Beratungstisch mit flacher Edelstahlplatte - Vetinox","description":"Entdecken Sie unsere elektrischen Tierarzttische.","robots":{"index":"index","follow":"follow","max-snippet":"max-snippet:-1","max-image-preview":"max-image-preview:large","max-video-preview":"max-video-preview:-1"},"canonical":"https:\/\/www.vetinox.fr\/de\/produit\/elektrischer-beratungstisch-mit-flacher-edelstahlplatte\/","og_locale":"de_DE","og_type":"article","og_title":"Elektrischer Beratungstisch mit flacher Edelstahlplatte - Vetinox","og_description":"Entdecken Sie unsere elektrischen Tierarzttische.","og_url":"https:\/\/www.vetinox.fr\/de\/produit\/elektrischer-beratungstisch-mit-flacher-edelstahlplatte\/","og_site_name":"Vetinox","article_modified_time":"2025-01-02T12:44:38+00:00","og_image":[{"width":600,"height":600,"url":"https:\/\/www.vetinox.fr\/wp-content\/uploads\/2019\/03\/TA301000-Table-consultation-electrique-plateau-plat-INOX-N1-1.jpg","type":"image\/jpeg"}],"twitter_card":"summary_large_image","twitter_misc":{"Gesch\u00e4tzte Lesezeit":"1\u00a0Minute"},"schema":{"@context":"https:\/\/schema.org","@graph":[{"@type":"WebPage","@id":"https:\/\/www.vetinox.fr\/de\/produit\/elektrischer-beratungstisch-mit-flacher-edelstahlplatte\/","url":"https:\/\/www.vetinox.fr\/de\/produit\/elektrischer-beratungstisch-mit-flacher-edelstahlplatte\/","name":"Elektrischer Beratungstisch mit flacher Edelstahlplatte - Vetinox","isPartOf":{"@id":"https:\/\/www.vetinox.fr\/#website"},"primaryImageOfPage":{"@id":"https:\/\/www.vetinox.fr\/de\/produit\/elektrischer-beratungstisch-mit-flacher-edelstahlplatte\/#primaryimage"},"image":{"@id":"https:\/\/www.vetinox.fr\/de\/produit\/elektrischer-beratungstisch-mit-flacher-edelstahlplatte\/#primaryimage"},"thumbnailUrl":"https:\/\/www.vetinox.fr\/wp-content\/uploads\/2019\/03\/VETINOX_TA301000_Table_consultation_electrique_plateau_plat_INOX_.png","datePublished":"2019-03-08T19:50:02+00:00","dateModified":"2025-01-02T12:44:38+00:00","description":"Entdecken Sie unsere elektrischen Tierarzttische.","breadcrumb":{"@id":"https:\/\/www.vetinox.fr\/de\/produit\/elektrischer-beratungstisch-mit-flacher-edelstahlplatte\/#breadcrumb"},"inLanguage":"de","potentialAction":[{"@type":"ReadAction","target":["https:\/\/www.vetinox.fr\/de\/produit\/elektrischer-beratungstisch-mit-flacher-edelstahlplatte\/"]}]},{"@type":"ImageObject","inLanguage":"de","@id":"https:\/\/www.vetinox.fr\/de\/produit\/elektrischer-beratungstisch-mit-flacher-edelstahlplatte\/#primaryimage","url":"https:\/\/www.vetinox.fr\/wp-content\/uploads\/2019\/03\/VETINOX_TA301000_Table_consultation_electrique_plateau_plat_INOX_.png","contentUrl":"https:\/\/www.vetinox.fr\/wp-content\/uploads\/2019\/03\/VETINOX_TA301000_Table_consultation_electrique_plateau_plat_INOX_.png","width":1004,"height":569,"caption":"VETINOX Table consultation \u00e9lectrique plateau plat INOX"},{"@type":"BreadcrumbList","@id":"https:\/\/www.vetinox.fr\/de\/produit\/elektrischer-beratungstisch-mit-flacher-edelstahlplatte\/#breadcrumb","itemListElement":[{"@type":"ListItem","position":1,"name":"Accueil","item":"https:\/\/www.vetinox.fr\/en\/"},{"@type":"ListItem","position":2,"name":"Archiv Produkte","item":"https:\/\/www.vetinox.fr\/de\/produktarchiv\/"},{"@type":"ListItem","position":3,"name":"TABLES","item":"https:\/\/www.vetinox.fr\/categorie-produit\/tables-veterinaires\/"},{"@type":"ListItem","position":4,"name":"Elektrischer Beratungstisch mit flacher Edelstahlplatte"}]},{"@type":"WebSite","@id":"https:\/\/www.vetinox.fr\/#website","url":"https:\/\/www.vetinox.fr\/","name":"Vetinox","description":"Equipement Veterinaire","publisher":{"@id":"https:\/\/www.vetinox.fr\/#organization"},"potentialAction":[{"@type":"SearchAction","target":{"@type":"EntryPoint","urlTemplate":"https:\/\/www.vetinox.fr\/?s={search_term_string}"},"query-input":{"@type":"PropertyValueSpecification","valueRequired":true,"valueName":"search_term_string"}}],"inLanguage":"de"},{"@type":"Organization","@id":"https:\/\/www.vetinox.fr\/#organization","name":"Vetinox","url":"https:\/\/www.vetinox.fr\/","logo":{"@type":"ImageObject","inLanguage":"de","@id":"https:\/\/www.vetinox.fr\/#\/schema\/logo\/image\/","url":"https:\/\/www.vetinox.fr\/wp-content\/uploads\/2018\/11\/Logo-Vetinox-2.png","contentUrl":"https:\/\/www.vetinox.fr\/wp-content\/uploads\/2018\/11\/Logo-Vetinox-2.png","width":414,"height":126,"caption":"Vetinox"},"image":{"@id":"https:\/\/www.vetinox.fr\/#\/schema\/logo\/image\/"}}]}},"_links":{"self":[{"href":"https:\/\/www.vetinox.fr\/de\/wp-json\/wp\/v2\/product\/28469","targetHints":{"allow":["GET"]}}],"collection":[{"href":"https:\/\/www.vetinox.fr\/de\/wp-json\/wp\/v2\/product"}],"about":[{"href":"https:\/\/www.vetinox.fr\/de\/wp-json\/wp\/v2\/types\/product"}],"version-history":[{"count":0,"href":"https:\/\/www.vetinox.fr\/de\/wp-json\/wp\/v2\/product\/28469\/revisions"}],"wp:featuredmedia":[{"embeddable":true,"href":"https:\/\/www.vetinox.fr\/de\/wp-json\/wp\/v2\/media\/31359"}],"wp:attachment":[{"href":"https:\/\/www.vetinox.fr\/de\/wp-json\/wp\/v2\/media?parent=28469"}],"wp:term":[{"taxonomy":"product_brand","embeddable":true,"href":"https:\/\/www.vetinox.fr\/de\/wp-json\/wp\/v2\/product_brand?post=28469"},{"taxonomy":"product_cat","embeddable":true,"href":"https:\/\/www.vetinox.fr\/de\/wp-json\/wp\/v2\/product_cat?post=28469"},{"taxonomy":"product_tag","embeddable":true,"href":"https:\/\/www.vetinox.fr\/de\/wp-json\/wp\/v2\/product_tag?post=28469"}],"curies":[{"name":"wp","href":"https:\/\/api.w.org\/{rel}","templated":true}]}}