{"id":28517,"date":"2025-01-02T16:11:57","date_gmt":"2025-01-02T15:11:57","guid":{"rendered":"https:\/\/www.vetinox.fr\/produit\/elektrischer-beratungstisch-teppich-und-rahmen\/"},"modified":"2025-01-03T12:24:22","modified_gmt":"2025-01-03T11:24:22","slug":"elektrischer-beratungstisch-teppich-und-rahmen","status":"publish","type":"product","link":"https:\/\/www.vetinox.fr\/de\/produit\/elektrischer-beratungstisch-teppich-und-rahmen\/","title":{"rendered":"Elektrischer Beratungstisch Teppich und Rahmen (6 Farben zur Auswahl)"},"content":{"rendered":"<p>Elektrischer Beratungstisch aus Edelstahl mit Teppich und Rahmen, erh\u00e4ltlich in verschiedenen Formaten sowie nach Ma\u00df.<\/p>\n<h3>Merkmale der Tische :<\/h3>\n<ul>\n<li>Gr\u00f6\u00dfe des Tisches in der unteren Position: 1250 x 600 x 370 mm<\/li>\n<li>Tischgr\u00f6\u00dfe in der oberen Position: 1250 x 600 x 1000 mm<\/li>\n<li>Gr\u00f6\u00dfe der Tischplatte: 1250 x 600 mm<\/li>\n<li>Variable H\u00f6he von 370 bis 1000 mm<\/li>\n<li>Platte mit Teppich in hellgrau meliert<\/li>\n<li>Leiser, ruckfreier Elektrozylinder<\/li>\n<li>Elektrisches Auf- und Absteigen per Fu\u00dfsteuerung<\/li>\n<li>Haken zur Befestigung<\/li>\n<li>Stabilit\u00e4tskufen<\/li>\n<li>Tisch aus rostfreiem Stahl 304 L<\/li>\n<li>Elektrisches System nach CE-Normen<\/li>\n<li>Edelstahlstruktur mit 5 Jahren Garantie<\/li>\n<li>2 Jahre Garantie auf das elektrische System<\/li>\n<\/ul>\n","protected":false},"excerpt":{"rendered":"<div style=\"display: flex; align-items: flex-start;\"><img decoding=\"async\" style=\"width: 200px; margin-right: 15px;\" src=\"https:\/\/www.vetinox.fr\/wp-content\/uploads\/2025\/01\/Frise_tapis_PVC.jpg\" alt=\"PVC-Teppichfriese\"><\/p>\n<div>\n<p>Diese Untersuchungsliege ist vollst\u00e4ndig aus Edelstahl gefertigt, einem hygienischen und langlebigen Material. Dank der Fu\u00dfbedienung und der elektrischen H\u00f6henverstellung k\u00f6nnen Sie den Untersuchungstisch leicht bedienen und ergonomisch arbeiten, ohne Ihren R\u00fccken zu belasten. Dank seiner kreuzf\u00f6rmigen Struktur ist dieser Veterin\u00e4rtisch sehr stabil und erm\u00f6glicht einen ruckfreien Aufstieg und die sichere Untersuchung von Tieren mit einem Gewicht von bis zu 100 kg. Der Tisch besteht aus einer Tischplatte mit Teppich und einem Rahmen (verschiedene Farben stehen zur Auswahl).   <\/p>\n<span class=\"action-button blue-button2\"><a href=\"https:\/\/www.vetinox.fr\/wp-content\/uploads\/2020\/09\/Fiche-Technique-Table-de-consultation-electrique.pdf\">Technisches Datenblatt - Elektrischer Beratungstisch<\/a><\/span>\n<\/div>\n<\/div>\n","protected":false},"featured_media":31327,"template":"","meta":{"ocean_post_layout":"","ocean_both_sidebars_style":"","ocean_both_sidebars_content_width":0,"ocean_both_sidebars_sidebars_width":0,"ocean_sidebar":"0","ocean_second_sidebar":"0","ocean_disable_margins":"enable","ocean_add_body_class":"","ocean_shortcode_before_top_bar":"","ocean_shortcode_after_top_bar":"","ocean_shortcode_before_header":"","ocean_shortcode_after_header":"","ocean_has_shortcode":"","ocean_shortcode_after_title":"","ocean_shortcode_before_footer_widgets":"","ocean_shortcode_after_footer_widgets":"","ocean_shortcode_before_footer_bottom":"","ocean_shortcode_after_footer_bottom":"","ocean_display_top_bar":"default","ocean_display_header":"default","ocean_header_style":"","ocean_center_header_left_menu":"0","ocean_custom_header_template":"0","ocean_custom_logo":0,"ocean_custom_retina_logo":0,"ocean_custom_logo_max_width":0,"ocean_custom_logo_tablet_max_width":0,"ocean_custom_logo_mobile_max_width":0,"ocean_custom_logo_max_height":0,"ocean_custom_logo_tablet_max_height":0,"ocean_custom_logo_mobile_max_height":0,"ocean_header_custom_menu":"0","ocean_menu_typo_font_family":"0","ocean_menu_typo_font_subset":"","ocean_menu_typo_font_size":0,"ocean_menu_typo_font_size_tablet":0,"ocean_menu_typo_font_size_mobile":0,"ocean_menu_typo_font_size_unit":"px","ocean_menu_typo_font_weight":"","ocean_menu_typo_font_weight_tablet":"","ocean_menu_typo_font_weight_mobile":"","ocean_menu_typo_transform":"","ocean_menu_typo_transform_tablet":"","ocean_menu_typo_transform_mobile":"","ocean_menu_typo_line_height":0,"ocean_menu_typo_line_height_tablet":0,"ocean_menu_typo_line_height_mobile":0,"ocean_menu_typo_line_height_unit":"","ocean_menu_typo_spacing":0,"ocean_menu_typo_spacing_tablet":0,"ocean_menu_typo_spacing_mobile":0,"ocean_menu_typo_spacing_unit":"","ocean_menu_link_color":"","ocean_menu_link_color_hover":"","ocean_menu_link_color_active":"","ocean_menu_link_background":"","ocean_menu_link_hover_background":"","ocean_menu_link_active_background":"","ocean_menu_social_links_bg":"","ocean_menu_social_hover_links_bg":"","ocean_menu_social_links_color":"","ocean_menu_social_hover_links_color":"","ocean_disable_title":"default","ocean_disable_heading":"default","ocean_post_title":"","ocean_post_subheading":"","ocean_post_title_style":"","ocean_post_title_background_color":"","ocean_post_title_background":0,"ocean_post_title_bg_image_position":"","ocean_post_title_bg_image_attachment":"","ocean_post_title_bg_image_repeat":"","ocean_post_title_bg_image_size":"","ocean_post_title_height":0,"ocean_post_title_bg_overlay":0.5,"ocean_post_title_bg_overlay_color":"","ocean_disable_breadcrumbs":"default","ocean_breadcrumbs_color":"","ocean_breadcrumbs_separator_color":"","ocean_breadcrumbs_links_color":"","ocean_breadcrumbs_links_hover_color":"","ocean_display_footer_widgets":"default","ocean_display_footer_bottom":"default","ocean_custom_footer_template":"0"},"product_brand":[],"product_cat":[287,281],"product_tag":[],"class_list":{"0":"post-28517","1":"product","2":"type-product","3":"status-publish","4":"has-post-thumbnail","6":"product_cat-untersuchungstische","7":"product_cat-veterinarmedizinische-tische","9":"entry","10":"has-media","12":"first","13":"instock","14":"shipping-taxable","15":"purchasable","16":"product-type-variable","17":"has-default-attributes","18":"has-product-nav","19":"col","20":"span_1_of_4","21":"owp-content-center","22":"owp-thumbs-layout-vertical","23":"owp-btn-normal","24":"owp-tabs-layout-horizontal"},"yoast_head":"<!-- This site is optimized with the Yoast SEO plugin v27.0 - https:\/\/yoast.com\/product\/yoast-seo-wordpress\/ -->\n<title>Elektrischer Beratungstisch Teppich und Rahmen (6 Farben zur Auswahl) - Vetinox<\/title>\n<meta name=\"description\" content=\"D\u00e9couvrez notre produit : Elektrischer Beratungstisch Teppich und Rahmen (6 Farben zur Auswahl) - Mat\u00e9riel et \u00e9quipement adapt\u00e9 \u00e0 toutes vos utilisations v\u00e9t\u00e9rinaires.\" \/>\n<meta name=\"robots\" content=\"index, follow, max-snippet:-1, max-image-preview:large, max-video-preview:-1\" \/>\n<link rel=\"canonical\" href=\"https:\/\/www.vetinox.fr\/de\/produit\/elektrischer-beratungstisch-teppich-und-rahmen\/\" \/>\n<meta property=\"og:locale\" content=\"de_DE\" \/>\n<meta property=\"og:type\" content=\"article\" \/>\n<meta property=\"og:title\" content=\"Elektrischer Beratungstisch Teppich und Rahmen (6 Farben zur Auswahl) - Vetinox\" \/>\n<meta property=\"og:description\" content=\"D\u00e9couvrez notre produit : Elektrischer Beratungstisch Teppich und Rahmen (6 Farben zur Auswahl) - Mat\u00e9riel et \u00e9quipement adapt\u00e9 \u00e0 toutes vos utilisations v\u00e9t\u00e9rinaires.\" \/>\n<meta property=\"og:url\" content=\"https:\/\/www.vetinox.fr\/de\/produit\/elektrischer-beratungstisch-teppich-und-rahmen\/\" \/>\n<meta property=\"og:site_name\" content=\"Vetinox\" \/>\n<meta property=\"article:modified_time\" content=\"2025-01-03T11:24:22+00:00\" \/>\n<meta property=\"og:image\" content=\"https:\/\/www.vetinox.fr\/wp-content\/uploads\/2025\/01\/TA301010-CB-Table-consultation-electrique-tapis-et-cadre-Cemento-Brescia.jpg\" \/>\n\t<meta property=\"og:image:width\" content=\"1004\" \/>\n\t<meta property=\"og:image:height\" content=\"569\" \/>\n\t<meta property=\"og:image:type\" content=\"image\/jpeg\" \/>\n<meta name=\"twitter:card\" content=\"summary_large_image\" \/>\n<script type=\"application\/ld+json\" class=\"yoast-schema-graph\">{\"@context\":\"https:\/\/schema.org\",\"@graph\":[{\"@type\":\"WebPage\",\"@id\":\"https:\/\/www.vetinox.fr\/de\/produit\/elektrischer-beratungstisch-teppich-und-rahmen\/\",\"url\":\"https:\/\/www.vetinox.fr\/de\/produit\/elektrischer-beratungstisch-teppich-und-rahmen\/\",\"name\":\"Elektrischer Beratungstisch Teppich und Rahmen (6 Farben zur Auswahl) - Vetinox\",\"isPartOf\":{\"@id\":\"https:\/\/www.vetinox.fr\/#website\"},\"primaryImageOfPage\":{\"@id\":\"https:\/\/www.vetinox.fr\/de\/produit\/elektrischer-beratungstisch-teppich-und-rahmen\/#primaryimage\"},\"image\":{\"@id\":\"https:\/\/www.vetinox.fr\/de\/produit\/elektrischer-beratungstisch-teppich-und-rahmen\/#primaryimage\"},\"thumbnailUrl\":\"https:\/\/www.vetinox.fr\/wp-content\/uploads\/2025\/01\/VETINOX_TA301010_CB_Table_consultation_electrique_tapis_et_cadre_gris_chine_clair_.png\",\"datePublished\":\"2025-01-02T15:11:57+00:00\",\"dateModified\":\"2025-01-03T11:24:22+00:00\",\"description\":\"D\u00e9couvrez notre produit : Elektrischer Beratungstisch Teppich und Rahmen (6 Farben zur Auswahl) - Mat\u00e9riel et \u00e9quipement adapt\u00e9 \u00e0 toutes vos utilisations v\u00e9t\u00e9rinaires.\",\"breadcrumb\":{\"@id\":\"https:\/\/www.vetinox.fr\/de\/produit\/elektrischer-beratungstisch-teppich-und-rahmen\/#breadcrumb\"},\"inLanguage\":\"de\",\"potentialAction\":[{\"@type\":\"ReadAction\",\"target\":[\"https:\/\/www.vetinox.fr\/de\/produit\/elektrischer-beratungstisch-teppich-und-rahmen\/\"]}]},{\"@type\":\"ImageObject\",\"inLanguage\":\"de\",\"@id\":\"https:\/\/www.vetinox.fr\/de\/produit\/elektrischer-beratungstisch-teppich-und-rahmen\/#primaryimage\",\"url\":\"https:\/\/www.vetinox.fr\/wp-content\/uploads\/2025\/01\/VETINOX_TA301010_CB_Table_consultation_electrique_tapis_et_cadre_gris_chine_clair_.png\",\"contentUrl\":\"https:\/\/www.vetinox.fr\/wp-content\/uploads\/2025\/01\/VETINOX_TA301010_CB_Table_consultation_electrique_tapis_et_cadre_gris_chine_clair_.png\",\"width\":1004,\"height\":569,\"caption\":\"Table consultation \u00e9lectrique tapis et cadre gris clair\"},{\"@type\":\"BreadcrumbList\",\"@id\":\"https:\/\/www.vetinox.fr\/de\/produit\/elektrischer-beratungstisch-teppich-und-rahmen\/#breadcrumb\",\"itemListElement\":[{\"@type\":\"ListItem\",\"position\":1,\"name\":\"Accueil\",\"item\":\"https:\/\/www.vetinox.fr\/en\/\"},{\"@type\":\"ListItem\",\"position\":2,\"name\":\"Archiv Produkte\",\"item\":\"https:\/\/www.vetinox.fr\/de\/produktarchiv\/\"},{\"@type\":\"ListItem\",\"position\":3,\"name\":\"TABLES\",\"item\":\"https:\/\/www.vetinox.fr\/categorie-produit\/tables-veterinaires\/\"},{\"@type\":\"ListItem\",\"position\":4,\"name\":\"Elektrischer Beratungstisch Teppich und Rahmen (6 Farben zur Auswahl)\"}]},{\"@type\":\"WebSite\",\"@id\":\"https:\/\/www.vetinox.fr\/#website\",\"url\":\"https:\/\/www.vetinox.fr\/\",\"name\":\"Vetinox\",\"description\":\"Equipement Veterinaire\",\"publisher\":{\"@id\":\"https:\/\/www.vetinox.fr\/#organization\"},\"potentialAction\":[{\"@type\":\"SearchAction\",\"target\":{\"@type\":\"EntryPoint\",\"urlTemplate\":\"https:\/\/www.vetinox.fr\/?s={search_term_string}\"},\"query-input\":{\"@type\":\"PropertyValueSpecification\",\"valueRequired\":true,\"valueName\":\"search_term_string\"}}],\"inLanguage\":\"de\"},{\"@type\":\"Organization\",\"@id\":\"https:\/\/www.vetinox.fr\/#organization\",\"name\":\"Vetinox\",\"url\":\"https:\/\/www.vetinox.fr\/\",\"logo\":{\"@type\":\"ImageObject\",\"inLanguage\":\"de\",\"@id\":\"https:\/\/www.vetinox.fr\/#\/schema\/logo\/image\/\",\"url\":\"https:\/\/www.vetinox.fr\/wp-content\/uploads\/2018\/11\/Logo-Vetinox-2.png\",\"contentUrl\":\"https:\/\/www.vetinox.fr\/wp-content\/uploads\/2018\/11\/Logo-Vetinox-2.png\",\"width\":414,\"height\":126,\"caption\":\"Vetinox\"},\"image\":{\"@id\":\"https:\/\/www.vetinox.fr\/#\/schema\/logo\/image\/\"}}]}<\/script>\n<!-- \/ Yoast SEO plugin. -->","yoast_head_json":{"title":"Elektrischer Beratungstisch Teppich und Rahmen (6 Farben zur Auswahl) - Vetinox","description":"D\u00e9couvrez notre produit : Elektrischer Beratungstisch Teppich und Rahmen (6 Farben zur Auswahl) - Mat\u00e9riel et \u00e9quipement adapt\u00e9 \u00e0 toutes vos utilisations v\u00e9t\u00e9rinaires.","robots":{"index":"index","follow":"follow","max-snippet":"max-snippet:-1","max-image-preview":"max-image-preview:large","max-video-preview":"max-video-preview:-1"},"canonical":"https:\/\/www.vetinox.fr\/de\/produit\/elektrischer-beratungstisch-teppich-und-rahmen\/","og_locale":"de_DE","og_type":"article","og_title":"Elektrischer Beratungstisch Teppich und Rahmen (6 Farben zur Auswahl) - Vetinox","og_description":"D\u00e9couvrez notre produit : Elektrischer Beratungstisch Teppich und Rahmen (6 Farben zur Auswahl) - Mat\u00e9riel et \u00e9quipement adapt\u00e9 \u00e0 toutes vos utilisations v\u00e9t\u00e9rinaires.","og_url":"https:\/\/www.vetinox.fr\/de\/produit\/elektrischer-beratungstisch-teppich-und-rahmen\/","og_site_name":"Vetinox","article_modified_time":"2025-01-03T11:24:22+00:00","og_image":[{"width":1004,"height":569,"url":"https:\/\/www.vetinox.fr\/wp-content\/uploads\/2025\/01\/TA301010-CB-Table-consultation-electrique-tapis-et-cadre-Cemento-Brescia.jpg","type":"image\/jpeg"}],"twitter_card":"summary_large_image","schema":{"@context":"https:\/\/schema.org","@graph":[{"@type":"WebPage","@id":"https:\/\/www.vetinox.fr\/de\/produit\/elektrischer-beratungstisch-teppich-und-rahmen\/","url":"https:\/\/www.vetinox.fr\/de\/produit\/elektrischer-beratungstisch-teppich-und-rahmen\/","name":"Elektrischer Beratungstisch Teppich und Rahmen (6 Farben zur Auswahl) - Vetinox","isPartOf":{"@id":"https:\/\/www.vetinox.fr\/#website"},"primaryImageOfPage":{"@id":"https:\/\/www.vetinox.fr\/de\/produit\/elektrischer-beratungstisch-teppich-und-rahmen\/#primaryimage"},"image":{"@id":"https:\/\/www.vetinox.fr\/de\/produit\/elektrischer-beratungstisch-teppich-und-rahmen\/#primaryimage"},"thumbnailUrl":"https:\/\/www.vetinox.fr\/wp-content\/uploads\/2025\/01\/VETINOX_TA301010_CB_Table_consultation_electrique_tapis_et_cadre_gris_chine_clair_.png","datePublished":"2025-01-02T15:11:57+00:00","dateModified":"2025-01-03T11:24:22+00:00","description":"D\u00e9couvrez notre produit : Elektrischer Beratungstisch Teppich und Rahmen (6 Farben zur Auswahl) - Mat\u00e9riel et \u00e9quipement adapt\u00e9 \u00e0 toutes vos utilisations v\u00e9t\u00e9rinaires.","breadcrumb":{"@id":"https:\/\/www.vetinox.fr\/de\/produit\/elektrischer-beratungstisch-teppich-und-rahmen\/#breadcrumb"},"inLanguage":"de","potentialAction":[{"@type":"ReadAction","target":["https:\/\/www.vetinox.fr\/de\/produit\/elektrischer-beratungstisch-teppich-und-rahmen\/"]}]},{"@type":"ImageObject","inLanguage":"de","@id":"https:\/\/www.vetinox.fr\/de\/produit\/elektrischer-beratungstisch-teppich-und-rahmen\/#primaryimage","url":"https:\/\/www.vetinox.fr\/wp-content\/uploads\/2025\/01\/VETINOX_TA301010_CB_Table_consultation_electrique_tapis_et_cadre_gris_chine_clair_.png","contentUrl":"https:\/\/www.vetinox.fr\/wp-content\/uploads\/2025\/01\/VETINOX_TA301010_CB_Table_consultation_electrique_tapis_et_cadre_gris_chine_clair_.png","width":1004,"height":569,"caption":"Table consultation \u00e9lectrique tapis et cadre gris clair"},{"@type":"BreadcrumbList","@id":"https:\/\/www.vetinox.fr\/de\/produit\/elektrischer-beratungstisch-teppich-und-rahmen\/#breadcrumb","itemListElement":[{"@type":"ListItem","position":1,"name":"Accueil","item":"https:\/\/www.vetinox.fr\/en\/"},{"@type":"ListItem","position":2,"name":"Archiv Produkte","item":"https:\/\/www.vetinox.fr\/de\/produktarchiv\/"},{"@type":"ListItem","position":3,"name":"TABLES","item":"https:\/\/www.vetinox.fr\/categorie-produit\/tables-veterinaires\/"},{"@type":"ListItem","position":4,"name":"Elektrischer Beratungstisch Teppich und Rahmen (6 Farben zur Auswahl)"}]},{"@type":"WebSite","@id":"https:\/\/www.vetinox.fr\/#website","url":"https:\/\/www.vetinox.fr\/","name":"Vetinox","description":"Equipement Veterinaire","publisher":{"@id":"https:\/\/www.vetinox.fr\/#organization"},"potentialAction":[{"@type":"SearchAction","target":{"@type":"EntryPoint","urlTemplate":"https:\/\/www.vetinox.fr\/?s={search_term_string}"},"query-input":{"@type":"PropertyValueSpecification","valueRequired":true,"valueName":"search_term_string"}}],"inLanguage":"de"},{"@type":"Organization","@id":"https:\/\/www.vetinox.fr\/#organization","name":"Vetinox","url":"https:\/\/www.vetinox.fr\/","logo":{"@type":"ImageObject","inLanguage":"de","@id":"https:\/\/www.vetinox.fr\/#\/schema\/logo\/image\/","url":"https:\/\/www.vetinox.fr\/wp-content\/uploads\/2018\/11\/Logo-Vetinox-2.png","contentUrl":"https:\/\/www.vetinox.fr\/wp-content\/uploads\/2018\/11\/Logo-Vetinox-2.png","width":414,"height":126,"caption":"Vetinox"},"image":{"@id":"https:\/\/www.vetinox.fr\/#\/schema\/logo\/image\/"}}]}},"_links":{"self":[{"href":"https:\/\/www.vetinox.fr\/de\/wp-json\/wp\/v2\/product\/28517","targetHints":{"allow":["GET"]}}],"collection":[{"href":"https:\/\/www.vetinox.fr\/de\/wp-json\/wp\/v2\/product"}],"about":[{"href":"https:\/\/www.vetinox.fr\/de\/wp-json\/wp\/v2\/types\/product"}],"version-history":[{"count":0,"href":"https:\/\/www.vetinox.fr\/de\/wp-json\/wp\/v2\/product\/28517\/revisions"}],"wp:featuredmedia":[{"embeddable":true,"href":"https:\/\/www.vetinox.fr\/de\/wp-json\/wp\/v2\/media\/31327"}],"wp:attachment":[{"href":"https:\/\/www.vetinox.fr\/de\/wp-json\/wp\/v2\/media?parent=28517"}],"wp:term":[{"taxonomy":"product_brand","embeddable":true,"href":"https:\/\/www.vetinox.fr\/de\/wp-json\/wp\/v2\/product_brand?post=28517"},{"taxonomy":"product_cat","embeddable":true,"href":"https:\/\/www.vetinox.fr\/de\/wp-json\/wp\/v2\/product_cat?post=28517"},{"taxonomy":"product_tag","embeddable":true,"href":"https:\/\/www.vetinox.fr\/de\/wp-json\/wp\/v2\/product_tag?post=28517"}],"curies":[{"name":"wp","href":"https:\/\/api.w.org\/{rel}","templated":true}]}}