{"id":28610,"date":"2019-03-08T20:40:47","date_gmt":"2019-03-08T19:40:47","guid":{"rendered":"https:\/\/www.vetinox.fr\/produit\/elektrischer-beratungstisch-mit-integrierter-waage\/"},"modified":"2025-01-15T10:22:25","modified_gmt":"2025-01-15T09:22:25","slug":"elektrischer-beratungstisch-mit-integrierter-waage","status":"publish","type":"product","link":"https:\/\/www.vetinox.fr\/de\/produit\/elektrischer-beratungstisch-mit-integrierter-waage\/","title":{"rendered":"Elektrischer Beratungstisch mit integrierter Waage"},"content":{"rendered":"<p>Elektrischer Tierarzttisch mit Wiegefunktion Flache Edelstahlplatte oder mit Teppich und Rahmen :<\/p>\n<ul>\n<li>Gr\u00f6\u00dfe des Tisches in der unteren Position: 1250 x 600 x 370 mm<\/li>\n<li>Tischgr\u00f6\u00dfe in der oberen Position: 1250 x 600 x 1000 mm<\/li>\n<li>Gr\u00f6\u00dfe der Tischplatte: 1250 x 600 mm<\/li>\n<li>Variable H\u00f6he von 370 bis 1000 mm<\/li>\n<li>Maximale Belastung des Tisches: 100 kg<\/li>\n<li>Schale mit integrierter automatischer Wiegefunktion (erm\u00f6glicht das Wiegen mit einer Genauigkeit von 100 Gramm)<\/li>\n<li>Elektrisches Auf- und Absteigen per Fu\u00dfsteuerung<\/li>\n<li>Leiser, ruckfreier Elektrozylinder<\/li>\n<li>Haken zur Befestigung<\/li>\n<li>Automatisches Tarieren<\/li>\n<li>Stabilit\u00e4tskufen<\/li>\n<li>Vollst\u00e4ndig aus rostfreiem Stahl 304 L<\/li>\n<li>Einfaches Ablesen mit mit gro\u00dfem LCD-Bildschirm<\/li>\n<li>Elektrisches System nach CE-Normen<\/li>\n<li>Edelstahlstruktur mit 5 Jahren Garantie<\/li>\n<li>Elektrisches System mit 2 Jahren Garantie<\/li>\n<\/ul>\n","protected":false},"excerpt":{"rendered":"<p>Elektrische Untersuchungsliege komplett aus rostfreiem Stahl, einem hygienischen und langlebigen Material. Dank des Fu\u00dfschalters und der verstellbaren H\u00f6he k\u00f6nnen Sie die Liege ganz nach Belieben nutzen. Der Tisch ist dank seiner Kreuzstruktur sehr stabil und erm\u00f6glicht einen ruhigen und ruckelfreien Aufstieg. Die integrierte Waage erleichtert die tier\u00e4rztliche Beratung und erm\u00f6glicht die sichere Untersuchung von Tieren mit einem Gewicht von bis zu 100 kg.  <\/p>\n<span class=\"action-button blue-button2\"><a href=\"https:\/\/www.vetinox.fr\/wp-content\/uploads\/2020\/09\/Fiche-Technique-Table-de-consultation-electrique-avec-balance-integree.pdf\">Datenblatt - Elektrischer Beratungstisch mit integrierter Waage<\/a><\/span>\n","protected":false},"featured_media":31642,"template":"","meta":{"ocean_post_layout":"full-screen","ocean_both_sidebars_style":"","ocean_both_sidebars_content_width":0,"ocean_both_sidebars_sidebars_width":0,"ocean_sidebar":"0","ocean_second_sidebar":"0","ocean_disable_margins":"on","ocean_add_body_class":"","ocean_shortcode_before_top_bar":"","ocean_shortcode_after_top_bar":"","ocean_shortcode_before_header":"","ocean_shortcode_after_header":"","ocean_has_shortcode":"","ocean_shortcode_after_title":"","ocean_shortcode_before_footer_widgets":"","ocean_shortcode_after_footer_widgets":"","ocean_shortcode_before_footer_bottom":"","ocean_shortcode_after_footer_bottom":"","ocean_display_top_bar":"default","ocean_display_header":"default","ocean_header_style":"","ocean_center_header_left_menu":"0","ocean_custom_header_template":"0","ocean_custom_logo":0,"ocean_custom_retina_logo":0,"ocean_custom_logo_max_width":0,"ocean_custom_logo_tablet_max_width":0,"ocean_custom_logo_mobile_max_width":0,"ocean_custom_logo_max_height":0,"ocean_custom_logo_tablet_max_height":0,"ocean_custom_logo_mobile_max_height":0,"ocean_header_custom_menu":"0","ocean_menu_typo_font_family":"0","ocean_menu_typo_font_subset":"","ocean_menu_typo_font_size":0,"ocean_menu_typo_font_size_tablet":0,"ocean_menu_typo_font_size_mobile":0,"ocean_menu_typo_font_size_unit":"px","ocean_menu_typo_font_weight":"","ocean_menu_typo_font_weight_tablet":"","ocean_menu_typo_font_weight_mobile":"","ocean_menu_typo_transform":"","ocean_menu_typo_transform_tablet":"","ocean_menu_typo_transform_mobile":"","ocean_menu_typo_line_height":0,"ocean_menu_typo_line_height_tablet":0,"ocean_menu_typo_line_height_mobile":0,"ocean_menu_typo_line_height_unit":"","ocean_menu_typo_spacing":0,"ocean_menu_typo_spacing_tablet":0,"ocean_menu_typo_spacing_mobile":0,"ocean_menu_typo_spacing_unit":"","ocean_menu_link_color":"","ocean_menu_link_color_hover":"","ocean_menu_link_color_active":"","ocean_menu_link_background":"","ocean_menu_link_hover_background":"","ocean_menu_link_active_background":"","ocean_menu_social_links_bg":"","ocean_menu_social_hover_links_bg":"","ocean_menu_social_links_color":"","ocean_menu_social_hover_links_color":"","ocean_disable_title":"default","ocean_disable_heading":"default","ocean_post_title":"","ocean_post_subheading":"","ocean_post_title_style":"default","ocean_post_title_background_color":"","ocean_post_title_background":0,"ocean_post_title_bg_image_position":"","ocean_post_title_bg_image_attachment":"","ocean_post_title_bg_image_repeat":"","ocean_post_title_bg_image_size":"","ocean_post_title_height":0,"ocean_post_title_bg_overlay":0.5,"ocean_post_title_bg_overlay_color":"","ocean_disable_breadcrumbs":"on","ocean_breadcrumbs_color":"","ocean_breadcrumbs_separator_color":"","ocean_breadcrumbs_links_color":"","ocean_breadcrumbs_links_hover_color":"","ocean_display_footer_widgets":"default","ocean_display_footer_bottom":"default","ocean_custom_footer_template":"0"},"product_brand":[],"product_cat":[287,281],"product_tag":[],"class_list":{"0":"post-28610","1":"product","2":"type-product","3":"status-publish","4":"has-post-thumbnail","6":"product_cat-untersuchungstische","7":"product_cat-veterinarmedizinische-tische","8":"pa_options-de-la-table-integriertes-wiegen","9":"pa_type-de-plateau-flaches-tablett","11":"entry","12":"has-media","14":"first","15":"instock","16":"shipping-taxable","17":"product-type-simple","18":"has-product-nav","19":"col","20":"span_1_of_4","21":"owp-content-center","22":"owp-thumbs-layout-vertical","23":"owp-btn-normal","24":"owp-tabs-layout-horizontal"},"yoast_head":"<!-- This site is optimized with the Yoast SEO plugin v27.0 - https:\/\/yoast.com\/product\/yoast-seo-wordpress\/ -->\n<title>Elektrischer Beratungstisch mit integrierter Waage - Vetinox<\/title>\n<meta name=\"description\" content=\"Entdecken Sie unseren elektrischen Tierarzttisch mit integrierter Waage, um die Konsultation von Tieren zu erleichtern.\" \/>\n<meta name=\"robots\" content=\"index, follow, max-snippet:-1, max-image-preview:large, max-video-preview:-1\" \/>\n<link rel=\"canonical\" href=\"https:\/\/www.vetinox.fr\/de\/produit\/elektrischer-beratungstisch-mit-integrierter-waage\/\" \/>\n<meta property=\"og:locale\" content=\"de_DE\" \/>\n<meta property=\"og:type\" content=\"article\" \/>\n<meta property=\"og:title\" content=\"Elektrischer Beratungstisch mit integrierter Waage - Vetinox\" \/>\n<meta property=\"og:description\" content=\"Entdecken Sie unseren elektrischen Tierarzttisch mit integrierter Waage, um die Konsultation von Tieren zu erleichtern.\" \/>\n<meta property=\"og:url\" content=\"https:\/\/www.vetinox.fr\/de\/produit\/elektrischer-beratungstisch-mit-integrierter-waage\/\" \/>\n<meta property=\"og:site_name\" content=\"Vetinox\" \/>\n<meta property=\"article:modified_time\" content=\"2025-01-15T09:22:25+00:00\" \/>\n<meta property=\"og:image\" content=\"https:\/\/www.vetinox.fr\/wp-content\/uploads\/2019\/03\/Vetinox_TA301100_Table_consultation_electrique_plateau_plat_inox.jpg\" \/>\n\t<meta property=\"og:image:width\" content=\"1004\" \/>\n\t<meta property=\"og:image:height\" content=\"569\" \/>\n\t<meta property=\"og:image:type\" content=\"image\/jpeg\" \/>\n<meta name=\"twitter:card\" content=\"summary_large_image\" \/>\n<meta name=\"twitter:label1\" content=\"Gesch\u00e4tzte Lesezeit\" \/>\n\t<meta name=\"twitter:data1\" content=\"1\u00a0Minute\" \/>\n<script type=\"application\/ld+json\" class=\"yoast-schema-graph\">{\"@context\":\"https:\/\/schema.org\",\"@graph\":[{\"@type\":\"WebPage\",\"@id\":\"https:\/\/www.vetinox.fr\/de\/produit\/elektrischer-beratungstisch-mit-integrierter-waage\/\",\"url\":\"https:\/\/www.vetinox.fr\/de\/produit\/elektrischer-beratungstisch-mit-integrierter-waage\/\",\"name\":\"Elektrischer Beratungstisch mit integrierter Waage - Vetinox\",\"isPartOf\":{\"@id\":\"https:\/\/www.vetinox.fr\/#website\"},\"primaryImageOfPage\":{\"@id\":\"https:\/\/www.vetinox.fr\/de\/produit\/elektrischer-beratungstisch-mit-integrierter-waage\/#primaryimage\"},\"image\":{\"@id\":\"https:\/\/www.vetinox.fr\/de\/produit\/elektrischer-beratungstisch-mit-integrierter-waage\/#primaryimage\"},\"thumbnailUrl\":\"https:\/\/www.vetinox.fr\/wp-content\/uploads\/2019\/03\/VETINOX_TA3001100_Table_de_consultation_electrique_plateau_inox.png\",\"datePublished\":\"2019-03-08T19:40:47+00:00\",\"dateModified\":\"2025-01-15T09:22:25+00:00\",\"description\":\"Entdecken Sie unseren elektrischen Tierarzttisch mit integrierter Waage, um die Konsultation von Tieren zu erleichtern.\",\"breadcrumb\":{\"@id\":\"https:\/\/www.vetinox.fr\/de\/produit\/elektrischer-beratungstisch-mit-integrierter-waage\/#breadcrumb\"},\"inLanguage\":\"de\",\"potentialAction\":[{\"@type\":\"ReadAction\",\"target\":[\"https:\/\/www.vetinox.fr\/de\/produit\/elektrischer-beratungstisch-mit-integrierter-waage\/\"]}]},{\"@type\":\"ImageObject\",\"inLanguage\":\"de\",\"@id\":\"https:\/\/www.vetinox.fr\/de\/produit\/elektrischer-beratungstisch-mit-integrierter-waage\/#primaryimage\",\"url\":\"https:\/\/www.vetinox.fr\/wp-content\/uploads\/2019\/03\/VETINOX_TA3001100_Table_de_consultation_electrique_plateau_inox.png\",\"contentUrl\":\"https:\/\/www.vetinox.fr\/wp-content\/uploads\/2019\/03\/VETINOX_TA3001100_Table_de_consultation_electrique_plateau_inox.png\",\"width\":1004,\"height\":569,\"caption\":\"Table consultation \u00e9lectrique plateau plat INOX avec pes\u00e9e\"},{\"@type\":\"BreadcrumbList\",\"@id\":\"https:\/\/www.vetinox.fr\/de\/produit\/elektrischer-beratungstisch-mit-integrierter-waage\/#breadcrumb\",\"itemListElement\":[{\"@type\":\"ListItem\",\"position\":1,\"name\":\"Accueil\",\"item\":\"https:\/\/www.vetinox.fr\/en\/\"},{\"@type\":\"ListItem\",\"position\":2,\"name\":\"Archiv Produkte\",\"item\":\"https:\/\/www.vetinox.fr\/de\/produktarchiv\/\"},{\"@type\":\"ListItem\",\"position\":3,\"name\":\"TABLES\",\"item\":\"https:\/\/www.vetinox.fr\/categorie-produit\/tables-veterinaires\/\"},{\"@type\":\"ListItem\",\"position\":4,\"name\":\"Elektrischer Beratungstisch mit integrierter Waage\"}]},{\"@type\":\"WebSite\",\"@id\":\"https:\/\/www.vetinox.fr\/#website\",\"url\":\"https:\/\/www.vetinox.fr\/\",\"name\":\"Vetinox\",\"description\":\"Equipement Veterinaire\",\"publisher\":{\"@id\":\"https:\/\/www.vetinox.fr\/#organization\"},\"potentialAction\":[{\"@type\":\"SearchAction\",\"target\":{\"@type\":\"EntryPoint\",\"urlTemplate\":\"https:\/\/www.vetinox.fr\/?s={search_term_string}\"},\"query-input\":{\"@type\":\"PropertyValueSpecification\",\"valueRequired\":true,\"valueName\":\"search_term_string\"}}],\"inLanguage\":\"de\"},{\"@type\":\"Organization\",\"@id\":\"https:\/\/www.vetinox.fr\/#organization\",\"name\":\"Vetinox\",\"url\":\"https:\/\/www.vetinox.fr\/\",\"logo\":{\"@type\":\"ImageObject\",\"inLanguage\":\"de\",\"@id\":\"https:\/\/www.vetinox.fr\/#\/schema\/logo\/image\/\",\"url\":\"https:\/\/www.vetinox.fr\/wp-content\/uploads\/2018\/11\/Logo-Vetinox-2.png\",\"contentUrl\":\"https:\/\/www.vetinox.fr\/wp-content\/uploads\/2018\/11\/Logo-Vetinox-2.png\",\"width\":414,\"height\":126,\"caption\":\"Vetinox\"},\"image\":{\"@id\":\"https:\/\/www.vetinox.fr\/#\/schema\/logo\/image\/\"}}]}<\/script>\n<!-- \/ Yoast SEO plugin. -->","yoast_head_json":{"title":"Elektrischer Beratungstisch mit integrierter Waage - Vetinox","description":"Entdecken Sie unseren elektrischen Tierarzttisch mit integrierter Waage, um die Konsultation von Tieren zu erleichtern.","robots":{"index":"index","follow":"follow","max-snippet":"max-snippet:-1","max-image-preview":"max-image-preview:large","max-video-preview":"max-video-preview:-1"},"canonical":"https:\/\/www.vetinox.fr\/de\/produit\/elektrischer-beratungstisch-mit-integrierter-waage\/","og_locale":"de_DE","og_type":"article","og_title":"Elektrischer Beratungstisch mit integrierter Waage - Vetinox","og_description":"Entdecken Sie unseren elektrischen Tierarzttisch mit integrierter Waage, um die Konsultation von Tieren zu erleichtern.","og_url":"https:\/\/www.vetinox.fr\/de\/produit\/elektrischer-beratungstisch-mit-integrierter-waage\/","og_site_name":"Vetinox","article_modified_time":"2025-01-15T09:22:25+00:00","og_image":[{"width":1004,"height":569,"url":"https:\/\/www.vetinox.fr\/wp-content\/uploads\/2019\/03\/Vetinox_TA301100_Table_consultation_electrique_plateau_plat_inox.jpg","type":"image\/jpeg"}],"twitter_card":"summary_large_image","twitter_misc":{"Gesch\u00e4tzte Lesezeit":"1\u00a0Minute"},"schema":{"@context":"https:\/\/schema.org","@graph":[{"@type":"WebPage","@id":"https:\/\/www.vetinox.fr\/de\/produit\/elektrischer-beratungstisch-mit-integrierter-waage\/","url":"https:\/\/www.vetinox.fr\/de\/produit\/elektrischer-beratungstisch-mit-integrierter-waage\/","name":"Elektrischer Beratungstisch mit integrierter Waage - Vetinox","isPartOf":{"@id":"https:\/\/www.vetinox.fr\/#website"},"primaryImageOfPage":{"@id":"https:\/\/www.vetinox.fr\/de\/produit\/elektrischer-beratungstisch-mit-integrierter-waage\/#primaryimage"},"image":{"@id":"https:\/\/www.vetinox.fr\/de\/produit\/elektrischer-beratungstisch-mit-integrierter-waage\/#primaryimage"},"thumbnailUrl":"https:\/\/www.vetinox.fr\/wp-content\/uploads\/2019\/03\/VETINOX_TA3001100_Table_de_consultation_electrique_plateau_inox.png","datePublished":"2019-03-08T19:40:47+00:00","dateModified":"2025-01-15T09:22:25+00:00","description":"Entdecken Sie unseren elektrischen Tierarzttisch mit integrierter Waage, um die Konsultation von Tieren zu erleichtern.","breadcrumb":{"@id":"https:\/\/www.vetinox.fr\/de\/produit\/elektrischer-beratungstisch-mit-integrierter-waage\/#breadcrumb"},"inLanguage":"de","potentialAction":[{"@type":"ReadAction","target":["https:\/\/www.vetinox.fr\/de\/produit\/elektrischer-beratungstisch-mit-integrierter-waage\/"]}]},{"@type":"ImageObject","inLanguage":"de","@id":"https:\/\/www.vetinox.fr\/de\/produit\/elektrischer-beratungstisch-mit-integrierter-waage\/#primaryimage","url":"https:\/\/www.vetinox.fr\/wp-content\/uploads\/2019\/03\/VETINOX_TA3001100_Table_de_consultation_electrique_plateau_inox.png","contentUrl":"https:\/\/www.vetinox.fr\/wp-content\/uploads\/2019\/03\/VETINOX_TA3001100_Table_de_consultation_electrique_plateau_inox.png","width":1004,"height":569,"caption":"Table consultation \u00e9lectrique plateau plat INOX avec pes\u00e9e"},{"@type":"BreadcrumbList","@id":"https:\/\/www.vetinox.fr\/de\/produit\/elektrischer-beratungstisch-mit-integrierter-waage\/#breadcrumb","itemListElement":[{"@type":"ListItem","position":1,"name":"Accueil","item":"https:\/\/www.vetinox.fr\/en\/"},{"@type":"ListItem","position":2,"name":"Archiv Produkte","item":"https:\/\/www.vetinox.fr\/de\/produktarchiv\/"},{"@type":"ListItem","position":3,"name":"TABLES","item":"https:\/\/www.vetinox.fr\/categorie-produit\/tables-veterinaires\/"},{"@type":"ListItem","position":4,"name":"Elektrischer Beratungstisch mit integrierter Waage"}]},{"@type":"WebSite","@id":"https:\/\/www.vetinox.fr\/#website","url":"https:\/\/www.vetinox.fr\/","name":"Vetinox","description":"Equipement Veterinaire","publisher":{"@id":"https:\/\/www.vetinox.fr\/#organization"},"potentialAction":[{"@type":"SearchAction","target":{"@type":"EntryPoint","urlTemplate":"https:\/\/www.vetinox.fr\/?s={search_term_string}"},"query-input":{"@type":"PropertyValueSpecification","valueRequired":true,"valueName":"search_term_string"}}],"inLanguage":"de"},{"@type":"Organization","@id":"https:\/\/www.vetinox.fr\/#organization","name":"Vetinox","url":"https:\/\/www.vetinox.fr\/","logo":{"@type":"ImageObject","inLanguage":"de","@id":"https:\/\/www.vetinox.fr\/#\/schema\/logo\/image\/","url":"https:\/\/www.vetinox.fr\/wp-content\/uploads\/2018\/11\/Logo-Vetinox-2.png","contentUrl":"https:\/\/www.vetinox.fr\/wp-content\/uploads\/2018\/11\/Logo-Vetinox-2.png","width":414,"height":126,"caption":"Vetinox"},"image":{"@id":"https:\/\/www.vetinox.fr\/#\/schema\/logo\/image\/"}}]}},"_links":{"self":[{"href":"https:\/\/www.vetinox.fr\/de\/wp-json\/wp\/v2\/product\/28610","targetHints":{"allow":["GET"]}}],"collection":[{"href":"https:\/\/www.vetinox.fr\/de\/wp-json\/wp\/v2\/product"}],"about":[{"href":"https:\/\/www.vetinox.fr\/de\/wp-json\/wp\/v2\/types\/product"}],"version-history":[{"count":0,"href":"https:\/\/www.vetinox.fr\/de\/wp-json\/wp\/v2\/product\/28610\/revisions"}],"wp:featuredmedia":[{"embeddable":true,"href":"https:\/\/www.vetinox.fr\/de\/wp-json\/wp\/v2\/media\/31642"}],"wp:attachment":[{"href":"https:\/\/www.vetinox.fr\/de\/wp-json\/wp\/v2\/media?parent=28610"}],"wp:term":[{"taxonomy":"product_brand","embeddable":true,"href":"https:\/\/www.vetinox.fr\/de\/wp-json\/wp\/v2\/product_brand?post=28610"},{"taxonomy":"product_cat","embeddable":true,"href":"https:\/\/www.vetinox.fr\/de\/wp-json\/wp\/v2\/product_cat?post=28610"},{"taxonomy":"product_tag","embeddable":true,"href":"https:\/\/www.vetinox.fr\/de\/wp-json\/wp\/v2\/product_tag?post=28610"}],"curies":[{"name":"wp","href":"https:\/\/api.w.org\/{rel}","templated":true}]}}