{"id":30697,"date":"2025-06-26T15:40:53","date_gmt":"2025-06-26T13:40:53","guid":{"rendered":"https:\/\/www.vetinox.fr\/?post_type=product&#038;p=30697"},"modified":"2025-12-30T16:24:28","modified_gmt":"2025-12-30T15:24:28","slug":"table_de_consultation_brancard_elite_avec_telecommande_usage_interieur","status":"publish","type":"product","link":"https:\/\/www.vetinox.fr\/de\/produit\/table_de_consultation_brancard_elite_avec_telecommande_usage_interieur\/","title":{"rendered":"Table de consultation brancard ELITE avec t\u00e9l\u00e9commande (Usage int\u00e9rieur)"},"content":{"rendered":"<p>Table de consultation brancard ELITE disponible avec diff\u00e9rentes options, et r\u00e9alisable sur-mesure.<\/p>\n<ul>\n<li>Commande manuelle \u00e0 hauteur variable<\/li>\n<li>V\u00e9rin \u00e9lectrique silencieux et sans secousse<\/li>\n<li>Plateau inox \u00e0 hauteur variant de 250 \u00e0 980 mm<\/li>\n<li>Taille du plateau : 1290 x 600 mm<\/li>\n<li>Dimension hors tout pour passage de porte : 750 mm<\/li>\n<li>Charge maximum : 100 kg<\/li>\n<li>Formats sur mesure possibles<\/li>\n<li>M\u00e9canisme en croix pour une stabilit\u00e9 maximum<\/li>\n<li>Enti\u00e8rement en acier inoxydable 304 L<\/li>\n<li>Roulettes int\u00e9rieures mobiles \u00e0 360\u00b0 avec m\u00e9canismes de verrouillage :<\/li>\n<li>Anti trace en caoutchouc naturel<\/li>\n<li>Diam\u00e8tre 125 mm aux normes<\/li>\n<li>Barre de contention de chaque c\u00f4t\u00e9<\/li>\n<li>Batterie rechargeable int\u00e9gr\u00e9e 2.5Ah\/15A, 25.2 V DC &#8211; longue autonomie<\/li>\n<li>Syst\u00e8me \u00e9lectrique aux normes CE<\/li>\n<li>Structure inox garantie 5 ans<\/li>\n<li>Parties \u00e9lectriques garanties 2 ans (batterie 1 an)<\/li>\n<\/ul>\n","protected":false},"excerpt":{"rendered":"<p><img decoding=\"async\" class=\"size-medium wp-image-24319 alignleft\" src=\"https:\/\/www.vetinox.fr\/wp-content\/uploads\/2020\/11\/Macaron_hauteur.jpg\" alt=\"\" width=\"100\" height=\"100\" \/><img decoding=\"async\" class=\"size-full wp-image-24315 alignleft\" src=\"https:\/\/www.vetinox.fr\/wp-content\/uploads\/2020\/11\/Macaron_Charge.jpg\" alt=\"\" width=\"100\" height=\"100\" \/> <img decoding=\"async\" class=\"size-medium wp-image-24323 alignleft\" src=\"https:\/\/www.vetinox.fr\/wp-content\/uploads\/2020\/11\/MacaronRoues.jpg\" alt=\"\" width=\"100\" height=\"100\" \/><\/p>\n<p>&nbsp;<\/p>\n<p>&nbsp;<\/p>\n<p>&nbsp;<\/p>\n<p>Polyvalente et innovante, la table de consultation brancard ELITE est \u00e0 la fois une table de consultation, une table \u00e9l\u00e9vatrice, ainsi qu\u2019un chariot de transport.<\/p>\n<p>V\u00e9ritable r\u00e9volution dans le milieu v\u00e9t\u00e9rinaire, sa <strong>hauteur variable de 250 \u00e0 980 mm<\/strong> facilite \u00e0 la fois la mont\u00e9e des animaux, ainsi que les consultations des professionnels. Elle permet \u00e9galement de soulever sans difficult\u00e9 les animaux volumineux pesant jusqu\u2019\u00e0 100 kg. Son ch\u00e2ssis repose sur 4 roues autoguid\u00e9es qui permettent de transporter les animaux d\u2019un endroit \u00e0 un autre, rapidement et sans effort. La table est disponible avec diff\u00e9rentes options, ainsi que sur-mesure.<\/p>\n<span class=\"action-button blue-button2\"><a href=\"https:\/\/www.youtube.com\/watch?v=3O6k8grWXd4&amp;feature=emb_title&amp;ab_channel=VETINOX&amp;utm_source=NEWSMED+ALL+PRODUCTION&amp;utm_campaign=7d7c0984a8-EMAIL_CAMPAIGN_2020_10_01_12_15&amp;utm_medium=email&amp;utm_term=0_1ff8e0c963-7d7c0984a8-295192438\">VIDEO de d\u00e9monstration de la table brancard<\/a><\/span>\n<span class=\"action-button blue-button2\"><a href=\"\/demande-fiche-technique\/?id=ta102&#038;retour=\/produit\/table_de_consultation_brancard_elite_avec_telecommande_usage_interieur\/\">Fiche technique - Table de consultation brancard ELITE avec batterie<\/a><\/span>\n","protected":false},"featured_media":30698,"template":"","meta":{"ocean_post_layout":"","ocean_both_sidebars_style":"","ocean_both_sidebars_content_width":0,"ocean_both_sidebars_sidebars_width":0,"ocean_sidebar":"0","ocean_second_sidebar":"0","ocean_disable_margins":"enable","ocean_add_body_class":"","ocean_shortcode_before_top_bar":"","ocean_shortcode_after_top_bar":"","ocean_shortcode_before_header":"","ocean_shortcode_after_header":"","ocean_has_shortcode":"","ocean_shortcode_after_title":"","ocean_shortcode_before_footer_widgets":"","ocean_shortcode_after_footer_widgets":"","ocean_shortcode_before_footer_bottom":"","ocean_shortcode_after_footer_bottom":"","ocean_display_top_bar":"default","ocean_display_header":"default","ocean_header_style":"","ocean_center_header_left_menu":"0","ocean_custom_header_template":"0","ocean_custom_logo":0,"ocean_custom_retina_logo":0,"ocean_custom_logo_max_width":0,"ocean_custom_logo_tablet_max_width":0,"ocean_custom_logo_mobile_max_width":0,"ocean_custom_logo_max_height":0,"ocean_custom_logo_tablet_max_height":0,"ocean_custom_logo_mobile_max_height":0,"ocean_header_custom_menu":"0","ocean_menu_typo_font_family":"0","ocean_menu_typo_font_subset":"","ocean_menu_typo_font_size":0,"ocean_menu_typo_font_size_tablet":0,"ocean_menu_typo_font_size_mobile":0,"ocean_menu_typo_font_size_unit":"px","ocean_menu_typo_font_weight":"","ocean_menu_typo_font_weight_tablet":"","ocean_menu_typo_font_weight_mobile":"","ocean_menu_typo_transform":"","ocean_menu_typo_transform_tablet":"","ocean_menu_typo_transform_mobile":"","ocean_menu_typo_line_height":0,"ocean_menu_typo_line_height_tablet":0,"ocean_menu_typo_line_height_mobile":0,"ocean_menu_typo_line_height_unit":"","ocean_menu_typo_spacing":0,"ocean_menu_typo_spacing_tablet":0,"ocean_menu_typo_spacing_mobile":0,"ocean_menu_typo_spacing_unit":"","ocean_menu_link_color":"","ocean_menu_link_color_hover":"","ocean_menu_link_color_active":"","ocean_menu_link_background":"","ocean_menu_link_hover_background":"","ocean_menu_link_active_background":"","ocean_menu_social_links_bg":"","ocean_menu_social_hover_links_bg":"","ocean_menu_social_links_color":"","ocean_menu_social_hover_links_color":"","ocean_disable_title":"default","ocean_disable_heading":"default","ocean_post_title":"","ocean_post_subheading":"","ocean_post_title_style":"","ocean_post_title_background_color":"","ocean_post_title_background":0,"ocean_post_title_bg_image_position":"","ocean_post_title_bg_image_attachment":"","ocean_post_title_bg_image_repeat":"","ocean_post_title_bg_image_size":"","ocean_post_title_height":0,"ocean_post_title_bg_overlay":0.5,"ocean_post_title_bg_overlay_color":"","ocean_disable_breadcrumbs":"default","ocean_breadcrumbs_color":"","ocean_breadcrumbs_separator_color":"","ocean_breadcrumbs_links_color":"","ocean_breadcrumbs_links_hover_color":"","ocean_display_footer_widgets":"default","ocean_display_footer_bottom":"default","ocean_custom_footer_template":"0"},"product_brand":[],"product_cat":[34,85,166],"product_tag":[],"class_list":{"0":"post-30697","1":"product","2":"type-product","3":"status-publish","4":"has-post-thumbnail","6":"product_cat-tables-veterinaires","7":"product_cat-tables-brancard","8":"product_cat-tables-elite","9":"pa_type-de-plateau-plateau-plat","11":"entry","12":"has-media","14":"first","15":"instock","16":"shipping-taxable","17":"product-type-simple","18":"has-product-nav","19":"col","20":"span_1_of_4","21":"owp-content-center","22":"owp-thumbs-layout-vertical","23":"owp-btn-normal","24":"owp-tabs-layout-horizontal"},"yoast_head":"<!-- This site is optimized with the Yoast SEO plugin v27.0 - https:\/\/yoast.com\/product\/yoast-seo-wordpress\/ -->\n<title>Table de consultation brancard ELITE avec t\u00e9l\u00e9commande (Usage int\u00e9rieur) - Vetinox<\/title>\n<meta name=\"description\" content=\"D\u00e9couvrez notre produit : Table de consultation brancard ELITE avec t\u00e9l\u00e9commande (Usage int\u00e9rieur) - Mat\u00e9riel et \u00e9quipement adapt\u00e9 \u00e0 toutes vos utilisations v\u00e9t\u00e9rinaires.\" \/>\n<meta name=\"robots\" content=\"index, follow, max-snippet:-1, max-image-preview:large, max-video-preview:-1\" \/>\n<link rel=\"canonical\" href=\"https:\/\/www.vetinox.fr\/produit\/table_de_consultation_brancard_elite_avec_telecommande_usage_interieur\/\" \/>\n<meta property=\"og:locale\" content=\"de_DE\" \/>\n<meta property=\"og:type\" content=\"article\" \/>\n<meta property=\"og:title\" content=\"Table de consultation brancard ELITE avec t\u00e9l\u00e9commande (Usage int\u00e9rieur) - Vetinox\" \/>\n<meta property=\"og:description\" content=\"D\u00e9couvrez notre produit : Table de consultation brancard ELITE avec t\u00e9l\u00e9commande (Usage int\u00e9rieur) - Mat\u00e9riel et \u00e9quipement adapt\u00e9 \u00e0 toutes vos utilisations v\u00e9t\u00e9rinaires.\" \/>\n<meta property=\"og:url\" content=\"https:\/\/www.vetinox.fr\/produit\/table_de_consultation_brancard_elite_avec_telecommande_usage_interieur\/\" \/>\n<meta property=\"og:site_name\" content=\"Vetinox\" \/>\n<meta property=\"article:modified_time\" content=\"2025-12-30T15:24:28+00:00\" \/>\n<meta property=\"og:image\" content=\"https:\/\/www.vetinox.fr\/wp-content\/uploads\/2025\/06\/TA100425_VETIBOX_Table_de_consultation_brancard_ELITE_telecommande_et_batterie.jpg\" \/>\n\t<meta property=\"og:image:width\" content=\"1004\" \/>\n\t<meta property=\"og:image:height\" content=\"569\" \/>\n\t<meta property=\"og:image:type\" content=\"image\/jpeg\" \/>\n<meta name=\"twitter:card\" content=\"summary_large_image\" \/>\n<meta name=\"twitter:label1\" content=\"Gesch\u00e4tzte Lesezeit\" \/>\n\t<meta name=\"twitter:data1\" content=\"1\u00a0Minute\" \/>\n<script type=\"application\/ld+json\" class=\"yoast-schema-graph\">{\"@context\":\"https:\/\/schema.org\",\"@graph\":[{\"@type\":\"WebPage\",\"@id\":\"https:\/\/www.vetinox.fr\/produit\/table_de_consultation_brancard_elite_avec_telecommande_usage_interieur\/\",\"url\":\"https:\/\/www.vetinox.fr\/produit\/table_de_consultation_brancard_elite_avec_telecommande_usage_interieur\/\",\"name\":\"Table de consultation brancard ELITE avec t\u00e9l\u00e9commande (Usage int\u00e9rieur) - Vetinox\",\"isPartOf\":{\"@id\":\"https:\/\/www.vetinox.fr\/#website\"},\"primaryImageOfPage\":{\"@id\":\"https:\/\/www.vetinox.fr\/produit\/table_de_consultation_brancard_elite_avec_telecommande_usage_interieur\/#primaryimage\"},\"image\":{\"@id\":\"https:\/\/www.vetinox.fr\/produit\/table_de_consultation_brancard_elite_avec_telecommande_usage_interieur\/#primaryimage\"},\"thumbnailUrl\":\"https:\/\/www.vetinox.fr\/wp-content\/uploads\/2025\/06\/TA100425_VETIBOX_Table_de_consultation_brancard_ELITE_telecommande_et_batterie.jpg\",\"datePublished\":\"2025-06-26T13:40:53+00:00\",\"dateModified\":\"2025-12-30T15:24:28+00:00\",\"description\":\"D\u00e9couvrez notre produit : Table de consultation brancard ELITE avec t\u00e9l\u00e9commande (Usage int\u00e9rieur) - Mat\u00e9riel et \u00e9quipement adapt\u00e9 \u00e0 toutes vos utilisations v\u00e9t\u00e9rinaires.\",\"breadcrumb\":{\"@id\":\"https:\/\/www.vetinox.fr\/produit\/table_de_consultation_brancard_elite_avec_telecommande_usage_interieur\/#breadcrumb\"},\"inLanguage\":\"de\",\"potentialAction\":[{\"@type\":\"ReadAction\",\"target\":[\"https:\/\/www.vetinox.fr\/produit\/table_de_consultation_brancard_elite_avec_telecommande_usage_interieur\/\"]}]},{\"@type\":\"ImageObject\",\"inLanguage\":\"de\",\"@id\":\"https:\/\/www.vetinox.fr\/produit\/table_de_consultation_brancard_elite_avec_telecommande_usage_interieur\/#primaryimage\",\"url\":\"https:\/\/www.vetinox.fr\/wp-content\/uploads\/2025\/06\/TA100425_VETIBOX_Table_de_consultation_brancard_ELITE_telecommande_et_batterie.jpg\",\"contentUrl\":\"https:\/\/www.vetinox.fr\/wp-content\/uploads\/2025\/06\/TA100425_VETIBOX_Table_de_consultation_brancard_ELITE_telecommande_et_batterie.jpg\",\"width\":1004,\"height\":569,\"caption\":\"TA100420 - Table de consultation brancard ELITE disponible avec diff\u00e9rentes options, et r\u00e9alisable sur-mesure.\"},{\"@type\":\"BreadcrumbList\",\"@id\":\"https:\/\/www.vetinox.fr\/produit\/table_de_consultation_brancard_elite_avec_telecommande_usage_interieur\/#breadcrumb\",\"itemListElement\":[{\"@type\":\"ListItem\",\"position\":1,\"name\":\"Accueil\",\"item\":\"https:\/\/www.vetinox.fr\/en\/\"},{\"@type\":\"ListItem\",\"position\":2,\"name\":\"Archiv Produkte\",\"item\":\"https:\/\/www.vetinox.fr\/de\/produktarchiv\/\"},{\"@type\":\"ListItem\",\"position\":3,\"name\":\"TABLES\",\"item\":\"https:\/\/www.vetinox.fr\/categorie-produit\/tables-veterinaires\/\"},{\"@type\":\"ListItem\",\"position\":4,\"name\":\"Table de consultation brancard ELITE avec t\u00e9l\u00e9commande (Usage int\u00e9rieur)\"}]},{\"@type\":\"WebSite\",\"@id\":\"https:\/\/www.vetinox.fr\/#website\",\"url\":\"https:\/\/www.vetinox.fr\/\",\"name\":\"Vetinox\",\"description\":\"Equipement Veterinaire\",\"publisher\":{\"@id\":\"https:\/\/www.vetinox.fr\/#organization\"},\"potentialAction\":[{\"@type\":\"SearchAction\",\"target\":{\"@type\":\"EntryPoint\",\"urlTemplate\":\"https:\/\/www.vetinox.fr\/?s={search_term_string}\"},\"query-input\":{\"@type\":\"PropertyValueSpecification\",\"valueRequired\":true,\"valueName\":\"search_term_string\"}}],\"inLanguage\":\"de\"},{\"@type\":\"Organization\",\"@id\":\"https:\/\/www.vetinox.fr\/#organization\",\"name\":\"Vetinox\",\"url\":\"https:\/\/www.vetinox.fr\/\",\"logo\":{\"@type\":\"ImageObject\",\"inLanguage\":\"de\",\"@id\":\"https:\/\/www.vetinox.fr\/#\/schema\/logo\/image\/\",\"url\":\"https:\/\/www.vetinox.fr\/wp-content\/uploads\/2018\/11\/Logo-Vetinox-2.png\",\"contentUrl\":\"https:\/\/www.vetinox.fr\/wp-content\/uploads\/2018\/11\/Logo-Vetinox-2.png\",\"width\":414,\"height\":126,\"caption\":\"Vetinox\"},\"image\":{\"@id\":\"https:\/\/www.vetinox.fr\/#\/schema\/logo\/image\/\"}}]}<\/script>\n<!-- \/ Yoast SEO plugin. -->","yoast_head_json":{"title":"Table de consultation brancard ELITE avec t\u00e9l\u00e9commande (Usage int\u00e9rieur) - Vetinox","description":"D\u00e9couvrez notre produit : Table de consultation brancard ELITE avec t\u00e9l\u00e9commande (Usage int\u00e9rieur) - Mat\u00e9riel et \u00e9quipement adapt\u00e9 \u00e0 toutes vos utilisations v\u00e9t\u00e9rinaires.","robots":{"index":"index","follow":"follow","max-snippet":"max-snippet:-1","max-image-preview":"max-image-preview:large","max-video-preview":"max-video-preview:-1"},"canonical":"https:\/\/www.vetinox.fr\/produit\/table_de_consultation_brancard_elite_avec_telecommande_usage_interieur\/","og_locale":"de_DE","og_type":"article","og_title":"Table de consultation brancard ELITE avec t\u00e9l\u00e9commande (Usage int\u00e9rieur) - Vetinox","og_description":"D\u00e9couvrez notre produit : Table de consultation brancard ELITE avec t\u00e9l\u00e9commande (Usage int\u00e9rieur) - Mat\u00e9riel et \u00e9quipement adapt\u00e9 \u00e0 toutes vos utilisations v\u00e9t\u00e9rinaires.","og_url":"https:\/\/www.vetinox.fr\/produit\/table_de_consultation_brancard_elite_avec_telecommande_usage_interieur\/","og_site_name":"Vetinox","article_modified_time":"2025-12-30T15:24:28+00:00","og_image":[{"width":1004,"height":569,"url":"https:\/\/www.vetinox.fr\/wp-content\/uploads\/2025\/06\/TA100425_VETIBOX_Table_de_consultation_brancard_ELITE_telecommande_et_batterie.jpg","type":"image\/jpeg"}],"twitter_card":"summary_large_image","twitter_misc":{"Gesch\u00e4tzte Lesezeit":"1\u00a0Minute"},"schema":{"@context":"https:\/\/schema.org","@graph":[{"@type":"WebPage","@id":"https:\/\/www.vetinox.fr\/produit\/table_de_consultation_brancard_elite_avec_telecommande_usage_interieur\/","url":"https:\/\/www.vetinox.fr\/produit\/table_de_consultation_brancard_elite_avec_telecommande_usage_interieur\/","name":"Table de consultation brancard ELITE avec t\u00e9l\u00e9commande (Usage int\u00e9rieur) - Vetinox","isPartOf":{"@id":"https:\/\/www.vetinox.fr\/#website"},"primaryImageOfPage":{"@id":"https:\/\/www.vetinox.fr\/produit\/table_de_consultation_brancard_elite_avec_telecommande_usage_interieur\/#primaryimage"},"image":{"@id":"https:\/\/www.vetinox.fr\/produit\/table_de_consultation_brancard_elite_avec_telecommande_usage_interieur\/#primaryimage"},"thumbnailUrl":"https:\/\/www.vetinox.fr\/wp-content\/uploads\/2025\/06\/TA100425_VETIBOX_Table_de_consultation_brancard_ELITE_telecommande_et_batterie.jpg","datePublished":"2025-06-26T13:40:53+00:00","dateModified":"2025-12-30T15:24:28+00:00","description":"D\u00e9couvrez notre produit : Table de consultation brancard ELITE avec t\u00e9l\u00e9commande (Usage int\u00e9rieur) - Mat\u00e9riel et \u00e9quipement adapt\u00e9 \u00e0 toutes vos utilisations v\u00e9t\u00e9rinaires.","breadcrumb":{"@id":"https:\/\/www.vetinox.fr\/produit\/table_de_consultation_brancard_elite_avec_telecommande_usage_interieur\/#breadcrumb"},"inLanguage":"de","potentialAction":[{"@type":"ReadAction","target":["https:\/\/www.vetinox.fr\/produit\/table_de_consultation_brancard_elite_avec_telecommande_usage_interieur\/"]}]},{"@type":"ImageObject","inLanguage":"de","@id":"https:\/\/www.vetinox.fr\/produit\/table_de_consultation_brancard_elite_avec_telecommande_usage_interieur\/#primaryimage","url":"https:\/\/www.vetinox.fr\/wp-content\/uploads\/2025\/06\/TA100425_VETIBOX_Table_de_consultation_brancard_ELITE_telecommande_et_batterie.jpg","contentUrl":"https:\/\/www.vetinox.fr\/wp-content\/uploads\/2025\/06\/TA100425_VETIBOX_Table_de_consultation_brancard_ELITE_telecommande_et_batterie.jpg","width":1004,"height":569,"caption":"TA100420 - Table de consultation brancard ELITE disponible avec diff\u00e9rentes options, et r\u00e9alisable sur-mesure."},{"@type":"BreadcrumbList","@id":"https:\/\/www.vetinox.fr\/produit\/table_de_consultation_brancard_elite_avec_telecommande_usage_interieur\/#breadcrumb","itemListElement":[{"@type":"ListItem","position":1,"name":"Accueil","item":"https:\/\/www.vetinox.fr\/en\/"},{"@type":"ListItem","position":2,"name":"Archiv Produkte","item":"https:\/\/www.vetinox.fr\/de\/produktarchiv\/"},{"@type":"ListItem","position":3,"name":"TABLES","item":"https:\/\/www.vetinox.fr\/categorie-produit\/tables-veterinaires\/"},{"@type":"ListItem","position":4,"name":"Table de consultation brancard ELITE avec t\u00e9l\u00e9commande (Usage int\u00e9rieur)"}]},{"@type":"WebSite","@id":"https:\/\/www.vetinox.fr\/#website","url":"https:\/\/www.vetinox.fr\/","name":"Vetinox","description":"Equipement Veterinaire","publisher":{"@id":"https:\/\/www.vetinox.fr\/#organization"},"potentialAction":[{"@type":"SearchAction","target":{"@type":"EntryPoint","urlTemplate":"https:\/\/www.vetinox.fr\/?s={search_term_string}"},"query-input":{"@type":"PropertyValueSpecification","valueRequired":true,"valueName":"search_term_string"}}],"inLanguage":"de"},{"@type":"Organization","@id":"https:\/\/www.vetinox.fr\/#organization","name":"Vetinox","url":"https:\/\/www.vetinox.fr\/","logo":{"@type":"ImageObject","inLanguage":"de","@id":"https:\/\/www.vetinox.fr\/#\/schema\/logo\/image\/","url":"https:\/\/www.vetinox.fr\/wp-content\/uploads\/2018\/11\/Logo-Vetinox-2.png","contentUrl":"https:\/\/www.vetinox.fr\/wp-content\/uploads\/2018\/11\/Logo-Vetinox-2.png","width":414,"height":126,"caption":"Vetinox"},"image":{"@id":"https:\/\/www.vetinox.fr\/#\/schema\/logo\/image\/"}}]}},"_links":{"self":[{"href":"https:\/\/www.vetinox.fr\/de\/wp-json\/wp\/v2\/product\/30697","targetHints":{"allow":["GET"]}}],"collection":[{"href":"https:\/\/www.vetinox.fr\/de\/wp-json\/wp\/v2\/product"}],"about":[{"href":"https:\/\/www.vetinox.fr\/de\/wp-json\/wp\/v2\/types\/product"}],"version-history":[{"count":2,"href":"https:\/\/www.vetinox.fr\/de\/wp-json\/wp\/v2\/product\/30697\/revisions"}],"predecessor-version":[{"id":31639,"href":"https:\/\/www.vetinox.fr\/de\/wp-json\/wp\/v2\/product\/30697\/revisions\/31639"}],"wp:featuredmedia":[{"embeddable":true,"href":"https:\/\/www.vetinox.fr\/de\/wp-json\/wp\/v2\/media\/30698"}],"wp:attachment":[{"href":"https:\/\/www.vetinox.fr\/de\/wp-json\/wp\/v2\/media?parent=30697"}],"wp:term":[{"taxonomy":"product_brand","embeddable":true,"href":"https:\/\/www.vetinox.fr\/de\/wp-json\/wp\/v2\/product_brand?post=30697"},{"taxonomy":"product_cat","embeddable":true,"href":"https:\/\/www.vetinox.fr\/de\/wp-json\/wp\/v2\/product_cat?post=30697"},{"taxonomy":"product_tag","embeddable":true,"href":"https:\/\/www.vetinox.fr\/de\/wp-json\/wp\/v2\/product_tag?post=30697"}],"curies":[{"name":"wp","href":"https:\/\/api.w.org\/{rel}","templated":true}]}}