{"id":31003,"date":"2025-09-03T11:53:50","date_gmt":"2025-09-03T09:53:50","guid":{"rendered":"https:\/\/www.vetinox.fr\/?post_type=product&#038;p=31003"},"modified":"2025-12-30T14:36:33","modified_gmt":"2025-12-30T13:36:33","slug":"table-de-consultation-elite-avec-tapis-et-cadre-et-pesee-automatique","status":"publish","type":"product","link":"https:\/\/www.vetinox.fr\/de\/produit\/table-de-consultation-elite-avec-tapis-et-cadre-et-pesee-automatique\/","title":{"rendered":"Table de consultation ELITE avec tapis et cadre et pes\u00e9e automatique"},"content":{"rendered":"<p>Table de consultation ELITE avec pes\u00e9e automatique, disponible avec diff\u00e9rentes options, et r\u00e9alisable sur-mesure.<\/p>\n<p>Caract\u00e9ristiques de la table v\u00e9t\u00e9rinaire :<\/p>\n<ul>\n<li>Fonction 3 en 1 : table de consultation, table \u00e9l\u00e9vatrice, table de pes\u00e9e<\/li>\n<li>Format de la table en position basse : 1250 x 600 x 330 mm<\/li>\n<li>Format de la table en position haute : 1250 x 600 x 1020 mm<\/li>\n<li>Taille du plateau de la table : 1250 x 600 mm<\/li>\n<li>Plateau avec tapis et cadre<\/li>\n<li>Tapis de couleur bleu fonc\u00e9<\/li>\n<li>Hauteur variable de 330 mm \u00e0 1020 mm<\/li>\n<li>Charge maximale de la table\u00a0: 100 kg<\/li>\n<li>Mont\u00e9e et descente \u00e9lectrique par commande au pied<\/li>\n<li>V\u00e9rin \u00e9lectrique silencieux et sans secousse<\/li>\n<li>Plateau avec pes\u00e9e int\u00e9gr\u00e9e automatique (permet de peser avec une pr\u00e9cision de 100 grammes)<\/li>\n<li>M\u00e9canisme en croix pour une stabilit\u00e9 maximum<\/li>\n<li>Table enti\u00e8rement en acier inoxydable 304 L<\/li>\n<li>Structure inox garantie 5 ans<\/li>\n<li>Syst\u00e8me \u00e9lectrique garantie 2 ans<\/li>\n<\/ul>\n","protected":false},"excerpt":{"rendered":"<div style=\"display: flex; align-items: flex-start; gap: 20px;\">\n<p><img decoding=\"async\" style=\"width: 80px; max-width: 100%; height: auto;\" src=\"https:\/\/www.vetinox.fr\/wp-content\/uploads\/2025\/01\/Frise_tapis_PVC.jpg\" alt=\"Frise tapis PVC\" \/><\/p>\n<div style=\"flex: 1;\">Les nouvelles tables v\u00e9t\u00e9rinaires de consultation ELITE vous permettent d\u2019allier confort et performance.Grace \u00e0 un syst\u00e8me de conception unique, la table se baisse \u00e9lectriquement et offre un chargement \u00e0 une hauteur de 330 mm. Ce syst\u00e8me extra plat permet de faire monter les animaux sans effort, et pr\u00e9serve ainsi votre dos. La table ELITE permet \u00e9galement de soulever sans difficult\u00e9 les animaux volumineux pesant jusqu\u2019\u00e0 100 kg. Enfin, son plateau, avec tapis de couleur (nombreux coloris au choix) et cadre, est \u00e9quip\u00e9 d&#8217;un syst\u00e8me de pes\u00e9e automatique, permettant de peser les animaux avec une pr\u00e9cision de 100 grammes.<\/p>\n<p>La table est disponible avec diff\u00e9rentes options, ainsi que sur-mesure.<\/p>\n<span class=\"action-button blue-button2\"><a href=\"\/demande-fiche-technique\/?id=ta115&#038;retour=\/produit\/table-de-consultation-elite-avec-tapis-et-cadre-et-pesee-automatique\/\">Fiche technique - Table de consultation ELITE avec balance int\u00e9gr\u00e9e<\/a><\/span>\n<\/div>\n<\/div>\n","protected":false},"featured_media":31605,"template":"","meta":{"ocean_post_layout":"","ocean_both_sidebars_style":"","ocean_both_sidebars_content_width":0,"ocean_both_sidebars_sidebars_width":0,"ocean_sidebar":"0","ocean_second_sidebar":"0","ocean_disable_margins":"enable","ocean_add_body_class":"","ocean_shortcode_before_top_bar":"","ocean_shortcode_after_top_bar":"","ocean_shortcode_before_header":"","ocean_shortcode_after_header":"","ocean_has_shortcode":"","ocean_shortcode_after_title":"","ocean_shortcode_before_footer_widgets":"","ocean_shortcode_after_footer_widgets":"","ocean_shortcode_before_footer_bottom":"","ocean_shortcode_after_footer_bottom":"","ocean_display_top_bar":"default","ocean_display_header":"default","ocean_header_style":"","ocean_center_header_left_menu":"0","ocean_custom_header_template":"0","ocean_custom_logo":0,"ocean_custom_retina_logo":0,"ocean_custom_logo_max_width":0,"ocean_custom_logo_tablet_max_width":0,"ocean_custom_logo_mobile_max_width":0,"ocean_custom_logo_max_height":0,"ocean_custom_logo_tablet_max_height":0,"ocean_custom_logo_mobile_max_height":0,"ocean_header_custom_menu":"0","ocean_menu_typo_font_family":"0","ocean_menu_typo_font_subset":"","ocean_menu_typo_font_size":0,"ocean_menu_typo_font_size_tablet":0,"ocean_menu_typo_font_size_mobile":0,"ocean_menu_typo_font_size_unit":"px","ocean_menu_typo_font_weight":"","ocean_menu_typo_font_weight_tablet":"","ocean_menu_typo_font_weight_mobile":"","ocean_menu_typo_transform":"","ocean_menu_typo_transform_tablet":"","ocean_menu_typo_transform_mobile":"","ocean_menu_typo_line_height":0,"ocean_menu_typo_line_height_tablet":0,"ocean_menu_typo_line_height_mobile":0,"ocean_menu_typo_line_height_unit":"","ocean_menu_typo_spacing":0,"ocean_menu_typo_spacing_tablet":0,"ocean_menu_typo_spacing_mobile":0,"ocean_menu_typo_spacing_unit":"","ocean_menu_link_color":"","ocean_menu_link_color_hover":"","ocean_menu_link_color_active":"","ocean_menu_link_background":"","ocean_menu_link_hover_background":"","ocean_menu_link_active_background":"","ocean_menu_social_links_bg":"","ocean_menu_social_hover_links_bg":"","ocean_menu_social_links_color":"","ocean_menu_social_hover_links_color":"","ocean_disable_title":"default","ocean_disable_heading":"default","ocean_post_title":"","ocean_post_subheading":"","ocean_post_title_style":"","ocean_post_title_background_color":"","ocean_post_title_background":0,"ocean_post_title_bg_image_position":"","ocean_post_title_bg_image_attachment":"","ocean_post_title_bg_image_repeat":"","ocean_post_title_bg_image_size":"","ocean_post_title_height":0,"ocean_post_title_bg_overlay":0.5,"ocean_post_title_bg_overlay_color":"","ocean_disable_breadcrumbs":"default","ocean_breadcrumbs_color":"","ocean_breadcrumbs_separator_color":"","ocean_breadcrumbs_links_color":"","ocean_breadcrumbs_links_hover_color":"","ocean_display_footer_widgets":"default","ocean_display_footer_bottom":"default","ocean_custom_footer_template":"0"},"product_brand":[],"product_cat":[34,58],"product_tag":[],"class_list":{"0":"post-31003","1":"product","2":"type-product","3":"status-publish","4":"has-post-thumbnail","6":"product_cat-tables-veterinaires","7":"product_cat-tables-de-consultation","9":"entry","10":"has-media","12":"first","13":"instock","14":"shipping-taxable","15":"purchasable","16":"product-type-variable","17":"has-product-nav","18":"col","19":"span_1_of_4","20":"owp-content-center","21":"owp-thumbs-layout-vertical","22":"owp-btn-normal","23":"owp-tabs-layout-horizontal"},"yoast_head":"<!-- This site is optimized with the Yoast SEO plugin v27.0 - https:\/\/yoast.com\/product\/yoast-seo-wordpress\/ -->\n<title>Table de consultation ELITE avec tapis et cadre et pes\u00e9e automatique - Vetinox<\/title>\n<meta name=\"description\" content=\"D\u00e9couvrez notre produit : Table de consultation ELITE avec tapis et cadre et pes\u00e9e automatique - Mat\u00e9riel et \u00e9quipement adapt\u00e9 \u00e0 toutes vos utilisations v\u00e9t\u00e9rinaires.\" \/>\n<meta name=\"robots\" content=\"index, follow, max-snippet:-1, max-image-preview:large, max-video-preview:-1\" \/>\n<link rel=\"canonical\" href=\"https:\/\/www.vetinox.fr\/produit\/table-de-consultation-elite-avec-tapis-et-cadre-et-pesee-automatique\/\" \/>\n<meta property=\"og:locale\" content=\"de_DE\" \/>\n<meta property=\"og:type\" content=\"article\" \/>\n<meta property=\"og:title\" content=\"Table de consultation ELITE avec tapis et cadre et pes\u00e9e automatique - Vetinox\" \/>\n<meta property=\"og:description\" content=\"D\u00e9couvrez notre produit : Table de consultation ELITE avec tapis et cadre et pes\u00e9e automatique - Mat\u00e9riel et \u00e9quipement adapt\u00e9 \u00e0 toutes vos utilisations v\u00e9t\u00e9rinaires.\" \/>\n<meta property=\"og:url\" content=\"https:\/\/www.vetinox.fr\/produit\/table-de-consultation-elite-avec-tapis-et-cadre-et-pesee-automatique\/\" \/>\n<meta property=\"og:site_name\" content=\"Vetinox\" \/>\n<meta property=\"article:modified_time\" content=\"2025-12-30T13:36:33+00:00\" \/>\n<meta property=\"og:image\" content=\"https:\/\/www.vetinox.fr\/wp-content\/uploads\/2025\/09\/VETINOX_TA400110-CB_Table_consultation_electrique_ELITE_tapis_et_cadre_avec_pesee_gris_chine_clair-1.png\" \/>\n\t<meta property=\"og:image:width\" content=\"1004\" \/>\n\t<meta property=\"og:image:height\" content=\"569\" \/>\n\t<meta property=\"og:image:type\" content=\"image\/png\" \/>\n<meta name=\"twitter:card\" content=\"summary_large_image\" \/>\n<meta name=\"twitter:label1\" content=\"Gesch\u00e4tzte Lesezeit\" \/>\n\t<meta name=\"twitter:data1\" content=\"1\u00a0Minute\" \/>\n<script type=\"application\/ld+json\" class=\"yoast-schema-graph\">{\"@context\":\"https:\/\/schema.org\",\"@graph\":[{\"@type\":\"WebPage\",\"@id\":\"https:\/\/www.vetinox.fr\/produit\/table-de-consultation-elite-avec-tapis-et-cadre-et-pesee-automatique\/\",\"url\":\"https:\/\/www.vetinox.fr\/produit\/table-de-consultation-elite-avec-tapis-et-cadre-et-pesee-automatique\/\",\"name\":\"Table de consultation ELITE avec tapis et cadre et pes\u00e9e automatique - Vetinox\",\"isPartOf\":{\"@id\":\"https:\/\/www.vetinox.fr\/#website\"},\"primaryImageOfPage\":{\"@id\":\"https:\/\/www.vetinox.fr\/produit\/table-de-consultation-elite-avec-tapis-et-cadre-et-pesee-automatique\/#primaryimage\"},\"image\":{\"@id\":\"https:\/\/www.vetinox.fr\/produit\/table-de-consultation-elite-avec-tapis-et-cadre-et-pesee-automatique\/#primaryimage\"},\"thumbnailUrl\":\"https:\/\/www.vetinox.fr\/wp-content\/uploads\/2025\/09\/VETINOX_TA400110-CB_Table_consultation_electrique_ELITE_tapis_et_cadre_avec_pesee_gris_chine_clair-1.png\",\"datePublished\":\"2025-09-03T09:53:50+00:00\",\"dateModified\":\"2025-12-30T13:36:33+00:00\",\"description\":\"D\u00e9couvrez notre produit : Table de consultation ELITE avec tapis et cadre et pes\u00e9e automatique - Mat\u00e9riel et \u00e9quipement adapt\u00e9 \u00e0 toutes vos utilisations v\u00e9t\u00e9rinaires.\",\"breadcrumb\":{\"@id\":\"https:\/\/www.vetinox.fr\/produit\/table-de-consultation-elite-avec-tapis-et-cadre-et-pesee-automatique\/#breadcrumb\"},\"inLanguage\":\"de\",\"potentialAction\":[{\"@type\":\"ReadAction\",\"target\":[\"https:\/\/www.vetinox.fr\/produit\/table-de-consultation-elite-avec-tapis-et-cadre-et-pesee-automatique\/\"]}]},{\"@type\":\"ImageObject\",\"inLanguage\":\"de\",\"@id\":\"https:\/\/www.vetinox.fr\/produit\/table-de-consultation-elite-avec-tapis-et-cadre-et-pesee-automatique\/#primaryimage\",\"url\":\"https:\/\/www.vetinox.fr\/wp-content\/uploads\/2025\/09\/VETINOX_TA400110-CB_Table_consultation_electrique_ELITE_tapis_et_cadre_avec_pesee_gris_chine_clair-1.png\",\"contentUrl\":\"https:\/\/www.vetinox.fr\/wp-content\/uploads\/2025\/09\/VETINOX_TA400110-CB_Table_consultation_electrique_ELITE_tapis_et_cadre_avec_pesee_gris_chine_clair-1.png\",\"width\":1004,\"height\":569,\"caption\":\"Table consultation \u00e9lectrique ELITE tapis et cadre avec pes\u00e9e - Gris chin\u00e9 clair\"},{\"@type\":\"BreadcrumbList\",\"@id\":\"https:\/\/www.vetinox.fr\/produit\/table-de-consultation-elite-avec-tapis-et-cadre-et-pesee-automatique\/#breadcrumb\",\"itemListElement\":[{\"@type\":\"ListItem\",\"position\":1,\"name\":\"Accueil\",\"item\":\"https:\/\/www.vetinox.fr\/en\/\"},{\"@type\":\"ListItem\",\"position\":2,\"name\":\"Archiv Produkte\",\"item\":\"https:\/\/www.vetinox.fr\/de\/produktarchiv\/\"},{\"@type\":\"ListItem\",\"position\":3,\"name\":\"TABLES\",\"item\":\"https:\/\/www.vetinox.fr\/categorie-produit\/tables-veterinaires\/\"},{\"@type\":\"ListItem\",\"position\":4,\"name\":\"Table de consultation ELITE avec tapis et cadre et pes\u00e9e automatique\"}]},{\"@type\":\"WebSite\",\"@id\":\"https:\/\/www.vetinox.fr\/#website\",\"url\":\"https:\/\/www.vetinox.fr\/\",\"name\":\"Vetinox\",\"description\":\"Equipement Veterinaire\",\"publisher\":{\"@id\":\"https:\/\/www.vetinox.fr\/#organization\"},\"potentialAction\":[{\"@type\":\"SearchAction\",\"target\":{\"@type\":\"EntryPoint\",\"urlTemplate\":\"https:\/\/www.vetinox.fr\/?s={search_term_string}\"},\"query-input\":{\"@type\":\"PropertyValueSpecification\",\"valueRequired\":true,\"valueName\":\"search_term_string\"}}],\"inLanguage\":\"de\"},{\"@type\":\"Organization\",\"@id\":\"https:\/\/www.vetinox.fr\/#organization\",\"name\":\"Vetinox\",\"url\":\"https:\/\/www.vetinox.fr\/\",\"logo\":{\"@type\":\"ImageObject\",\"inLanguage\":\"de\",\"@id\":\"https:\/\/www.vetinox.fr\/#\/schema\/logo\/image\/\",\"url\":\"https:\/\/www.vetinox.fr\/wp-content\/uploads\/2018\/11\/Logo-Vetinox-2.png\",\"contentUrl\":\"https:\/\/www.vetinox.fr\/wp-content\/uploads\/2018\/11\/Logo-Vetinox-2.png\",\"width\":414,\"height\":126,\"caption\":\"Vetinox\"},\"image\":{\"@id\":\"https:\/\/www.vetinox.fr\/#\/schema\/logo\/image\/\"}}]}<\/script>\n<!-- \/ Yoast SEO plugin. -->","yoast_head_json":{"title":"Table de consultation ELITE avec tapis et cadre et pes\u00e9e automatique - Vetinox","description":"D\u00e9couvrez notre produit : Table de consultation ELITE avec tapis et cadre et pes\u00e9e automatique - Mat\u00e9riel et \u00e9quipement adapt\u00e9 \u00e0 toutes vos utilisations v\u00e9t\u00e9rinaires.","robots":{"index":"index","follow":"follow","max-snippet":"max-snippet:-1","max-image-preview":"max-image-preview:large","max-video-preview":"max-video-preview:-1"},"canonical":"https:\/\/www.vetinox.fr\/produit\/table-de-consultation-elite-avec-tapis-et-cadre-et-pesee-automatique\/","og_locale":"de_DE","og_type":"article","og_title":"Table de consultation ELITE avec tapis et cadre et pes\u00e9e automatique - Vetinox","og_description":"D\u00e9couvrez notre produit : Table de consultation ELITE avec tapis et cadre et pes\u00e9e automatique - Mat\u00e9riel et \u00e9quipement adapt\u00e9 \u00e0 toutes vos utilisations v\u00e9t\u00e9rinaires.","og_url":"https:\/\/www.vetinox.fr\/produit\/table-de-consultation-elite-avec-tapis-et-cadre-et-pesee-automatique\/","og_site_name":"Vetinox","article_modified_time":"2025-12-30T13:36:33+00:00","og_image":[{"width":1004,"height":569,"url":"https:\/\/www.vetinox.fr\/wp-content\/uploads\/2025\/09\/VETINOX_TA400110-CB_Table_consultation_electrique_ELITE_tapis_et_cadre_avec_pesee_gris_chine_clair-1.png","type":"image\/png"}],"twitter_card":"summary_large_image","twitter_misc":{"Gesch\u00e4tzte Lesezeit":"1\u00a0Minute"},"schema":{"@context":"https:\/\/schema.org","@graph":[{"@type":"WebPage","@id":"https:\/\/www.vetinox.fr\/produit\/table-de-consultation-elite-avec-tapis-et-cadre-et-pesee-automatique\/","url":"https:\/\/www.vetinox.fr\/produit\/table-de-consultation-elite-avec-tapis-et-cadre-et-pesee-automatique\/","name":"Table de consultation ELITE avec tapis et cadre et pes\u00e9e automatique - Vetinox","isPartOf":{"@id":"https:\/\/www.vetinox.fr\/#website"},"primaryImageOfPage":{"@id":"https:\/\/www.vetinox.fr\/produit\/table-de-consultation-elite-avec-tapis-et-cadre-et-pesee-automatique\/#primaryimage"},"image":{"@id":"https:\/\/www.vetinox.fr\/produit\/table-de-consultation-elite-avec-tapis-et-cadre-et-pesee-automatique\/#primaryimage"},"thumbnailUrl":"https:\/\/www.vetinox.fr\/wp-content\/uploads\/2025\/09\/VETINOX_TA400110-CB_Table_consultation_electrique_ELITE_tapis_et_cadre_avec_pesee_gris_chine_clair-1.png","datePublished":"2025-09-03T09:53:50+00:00","dateModified":"2025-12-30T13:36:33+00:00","description":"D\u00e9couvrez notre produit : Table de consultation ELITE avec tapis et cadre et pes\u00e9e automatique - Mat\u00e9riel et \u00e9quipement adapt\u00e9 \u00e0 toutes vos utilisations v\u00e9t\u00e9rinaires.","breadcrumb":{"@id":"https:\/\/www.vetinox.fr\/produit\/table-de-consultation-elite-avec-tapis-et-cadre-et-pesee-automatique\/#breadcrumb"},"inLanguage":"de","potentialAction":[{"@type":"ReadAction","target":["https:\/\/www.vetinox.fr\/produit\/table-de-consultation-elite-avec-tapis-et-cadre-et-pesee-automatique\/"]}]},{"@type":"ImageObject","inLanguage":"de","@id":"https:\/\/www.vetinox.fr\/produit\/table-de-consultation-elite-avec-tapis-et-cadre-et-pesee-automatique\/#primaryimage","url":"https:\/\/www.vetinox.fr\/wp-content\/uploads\/2025\/09\/VETINOX_TA400110-CB_Table_consultation_electrique_ELITE_tapis_et_cadre_avec_pesee_gris_chine_clair-1.png","contentUrl":"https:\/\/www.vetinox.fr\/wp-content\/uploads\/2025\/09\/VETINOX_TA400110-CB_Table_consultation_electrique_ELITE_tapis_et_cadre_avec_pesee_gris_chine_clair-1.png","width":1004,"height":569,"caption":"Table consultation \u00e9lectrique ELITE tapis et cadre avec pes\u00e9e - Gris chin\u00e9 clair"},{"@type":"BreadcrumbList","@id":"https:\/\/www.vetinox.fr\/produit\/table-de-consultation-elite-avec-tapis-et-cadre-et-pesee-automatique\/#breadcrumb","itemListElement":[{"@type":"ListItem","position":1,"name":"Accueil","item":"https:\/\/www.vetinox.fr\/en\/"},{"@type":"ListItem","position":2,"name":"Archiv Produkte","item":"https:\/\/www.vetinox.fr\/de\/produktarchiv\/"},{"@type":"ListItem","position":3,"name":"TABLES","item":"https:\/\/www.vetinox.fr\/categorie-produit\/tables-veterinaires\/"},{"@type":"ListItem","position":4,"name":"Table de consultation ELITE avec tapis et cadre et pes\u00e9e automatique"}]},{"@type":"WebSite","@id":"https:\/\/www.vetinox.fr\/#website","url":"https:\/\/www.vetinox.fr\/","name":"Vetinox","description":"Equipement Veterinaire","publisher":{"@id":"https:\/\/www.vetinox.fr\/#organization"},"potentialAction":[{"@type":"SearchAction","target":{"@type":"EntryPoint","urlTemplate":"https:\/\/www.vetinox.fr\/?s={search_term_string}"},"query-input":{"@type":"PropertyValueSpecification","valueRequired":true,"valueName":"search_term_string"}}],"inLanguage":"de"},{"@type":"Organization","@id":"https:\/\/www.vetinox.fr\/#organization","name":"Vetinox","url":"https:\/\/www.vetinox.fr\/","logo":{"@type":"ImageObject","inLanguage":"de","@id":"https:\/\/www.vetinox.fr\/#\/schema\/logo\/image\/","url":"https:\/\/www.vetinox.fr\/wp-content\/uploads\/2018\/11\/Logo-Vetinox-2.png","contentUrl":"https:\/\/www.vetinox.fr\/wp-content\/uploads\/2018\/11\/Logo-Vetinox-2.png","width":414,"height":126,"caption":"Vetinox"},"image":{"@id":"https:\/\/www.vetinox.fr\/#\/schema\/logo\/image\/"}}]}},"_links":{"self":[{"href":"https:\/\/www.vetinox.fr\/de\/wp-json\/wp\/v2\/product\/31003","targetHints":{"allow":["GET"]}}],"collection":[{"href":"https:\/\/www.vetinox.fr\/de\/wp-json\/wp\/v2\/product"}],"about":[{"href":"https:\/\/www.vetinox.fr\/de\/wp-json\/wp\/v2\/types\/product"}],"version-history":[{"count":6,"href":"https:\/\/www.vetinox.fr\/de\/wp-json\/wp\/v2\/product\/31003\/revisions"}],"predecessor-version":[{"id":31629,"href":"https:\/\/www.vetinox.fr\/de\/wp-json\/wp\/v2\/product\/31003\/revisions\/31629"}],"wp:featuredmedia":[{"embeddable":true,"href":"https:\/\/www.vetinox.fr\/de\/wp-json\/wp\/v2\/media\/31605"}],"wp:attachment":[{"href":"https:\/\/www.vetinox.fr\/de\/wp-json\/wp\/v2\/media?parent=31003"}],"wp:term":[{"taxonomy":"product_brand","embeddable":true,"href":"https:\/\/www.vetinox.fr\/de\/wp-json\/wp\/v2\/product_brand?post=31003"},{"taxonomy":"product_cat","embeddable":true,"href":"https:\/\/www.vetinox.fr\/de\/wp-json\/wp\/v2\/product_cat?post=31003"},{"taxonomy":"product_tag","embeddable":true,"href":"https:\/\/www.vetinox.fr\/de\/wp-json\/wp\/v2\/product_tag?post=31003"}],"curies":[{"name":"wp","href":"https:\/\/api.w.org\/{rel}","templated":true}]}}