{"id":12120,"date":"2020-11-10T18:38:23","date_gmt":"2020-11-16T17:38:24","guid":{"rendered":"https:\/\/www.vetinox.fr\/?post_type=product&#038;p=12120"},"modified":"2021-10-07T22:28:57","modified_gmt":"2021-10-07T20:28:57","slug":"surgery-table-with-3-way-tilt-and-one-evacuation-top","status":"publish","type":"product","link":"https:\/\/www.vetinox.fr\/en\/produit\/surgery-table-with-3-way-tilt-and-one-evacuation-top\/","title":{"rendered":"Surgery table with 3-way tilt and one evacuation top"},"content":{"rendered":"<p>Stainless steel electric surgery table.<\/p>\n<p>Characteristics of the veterinary table :<\/p>\n<ul>\n<li>Size of the table in low position : 140 x 53 x 58 cm<\/li>\n<li>Table size in high position: 140 x 53 x 115 cm<\/li>\n<li>Table top size: 140 x 53 cm<\/li>\n<li>Variable height from 58 to 115 cm<\/li>\n<li>Tray with a drain<\/li>\n<li>Proclive &#8211; Electric Trendelenburg<\/li>\n<li>Electric tilting 3 rd direction<\/li>\n<li>Quiet and shake-free<\/li>\n<li>Electric up and down by foot control<\/li>\n<\/ul>\n","protected":false},"excerpt":{"rendered":"<p>Stainless steel electric surgery table.<br \/>\nStainless steel electric surgery table (Electric Trendelenburg &#8211; Electric Trendelenburg) with electric 3rd direction tilting, suitable for small and large animals.<\/p>\n<p>The table is equipped with a table top with a drain and is available in a custom-made design.<\/p>\n<p>https:\/\/www.vetinox.fr\/wp-content\/uploads\/2021\/10\/FT-TA700-703-se\u0301rie-100-101-105-EN.pdf<\/p>\n","protected":false},"featured_media":24102,"template":"","meta":{"ocean_post_layout":"","ocean_both_sidebars_style":"","ocean_both_sidebars_content_width":0,"ocean_both_sidebars_sidebars_width":0,"ocean_sidebar":"0","ocean_second_sidebar":"0","ocean_disable_margins":"on","ocean_add_body_class":"","ocean_shortcode_before_top_bar":"","ocean_shortcode_after_top_bar":"","ocean_shortcode_before_header":"","ocean_shortcode_after_header":"","ocean_has_shortcode":"","ocean_shortcode_after_title":"","ocean_shortcode_before_footer_widgets":"","ocean_shortcode_after_footer_widgets":"","ocean_shortcode_before_footer_bottom":"","ocean_shortcode_after_footer_bottom":"","ocean_display_top_bar":"default","ocean_display_header":"default","ocean_header_style":"","ocean_center_header_left_menu":"0","ocean_custom_header_template":"0","ocean_custom_logo":0,"ocean_custom_retina_logo":0,"ocean_custom_logo_max_width":0,"ocean_custom_logo_tablet_max_width":0,"ocean_custom_logo_mobile_max_width":0,"ocean_custom_logo_max_height":0,"ocean_custom_logo_tablet_max_height":0,"ocean_custom_logo_mobile_max_height":0,"ocean_header_custom_menu":"0","ocean_menu_typo_font_family":"0","ocean_menu_typo_font_subset":"","ocean_menu_typo_font_size":0,"ocean_menu_typo_font_size_tablet":0,"ocean_menu_typo_font_size_mobile":0,"ocean_menu_typo_font_size_unit":"px","ocean_menu_typo_font_weight":"","ocean_menu_typo_font_weight_tablet":"","ocean_menu_typo_font_weight_mobile":"","ocean_menu_typo_transform":"","ocean_menu_typo_transform_tablet":"","ocean_menu_typo_transform_mobile":"","ocean_menu_typo_line_height":0,"ocean_menu_typo_line_height_tablet":0,"ocean_menu_typo_line_height_mobile":0,"ocean_menu_typo_line_height_unit":"","ocean_menu_typo_spacing":0,"ocean_menu_typo_spacing_tablet":0,"ocean_menu_typo_spacing_mobile":0,"ocean_menu_typo_spacing_unit":"","ocean_menu_link_color":"","ocean_menu_link_color_hover":"","ocean_menu_link_color_active":"","ocean_menu_link_background":"","ocean_menu_link_hover_background":"","ocean_menu_link_active_background":"","ocean_menu_social_links_bg":"","ocean_menu_social_hover_links_bg":"","ocean_menu_social_links_color":"","ocean_menu_social_hover_links_color":"","ocean_disable_title":"default","ocean_disable_heading":"default","ocean_post_title":"","ocean_post_subheading":"","ocean_post_title_style":"default","ocean_post_title_background_color":"","ocean_post_title_background":0,"ocean_post_title_bg_image_position":"","ocean_post_title_bg_image_attachment":"","ocean_post_title_bg_image_repeat":"","ocean_post_title_bg_image_size":"","ocean_post_title_height":0,"ocean_post_title_bg_overlay":0.5,"ocean_post_title_bg_overlay_color":"","ocean_disable_breadcrumbs":"on","ocean_breadcrumbs_color":"","ocean_breadcrumbs_separator_color":"","ocean_breadcrumbs_links_color":"","ocean_breadcrumbs_links_hover_color":"","ocean_display_footer_widgets":"default","ocean_display_footer_bottom":"default","ocean_custom_footer_template":"0"},"product_brand":[],"product_cat":[63,44],"product_tag":[],"class_list":{"0":"post-12120","1":"product","2":"type-product","3":"status-publish","4":"has-post-thumbnail","6":"product_cat-surgery-tables","7":"product_cat-veterinary-tables","8":"pa_options-de-la-table-tilt-in-3rd-direction","9":"pa_type-de-plateau-tray-one-evacuation","11":"entry","12":"has-media","14":"first","15":"instock","16":"featured","17":"shipping-taxable","18":"product-type-simple","19":"has-product-nav","20":"col","21":"span_1_of_4","22":"owp-content-center","23":"owp-thumbs-layout-vertical","24":"owp-btn-normal","25":"owp-tabs-layout-horizontal"},"yoast_head":"<!-- This site is optimized with the Yoast SEO plugin v27.0 - https:\/\/yoast.com\/product\/yoast-seo-wordpress\/ -->\n<title>Veterinary surgery table with tray for 2 evacuations - Vetinox<\/title>\n<meta name=\"description\" content=\"Discover our electric veterinary surgery tables.\" \/>\n<meta name=\"robots\" content=\"index, follow, max-snippet:-1, max-image-preview:large, max-video-preview:-1\" \/>\n<link rel=\"canonical\" href=\"https:\/\/www.vetinox.fr\/en\/produit\/surgery-table-with-3-way-tilt-and-one-evacuation-top\/\" \/>\n<meta property=\"og:locale\" content=\"en_US\" \/>\n<meta property=\"og:type\" content=\"article\" \/>\n<meta property=\"og:title\" content=\"Veterinary surgery table with tray for 2 evacuations - Vetinox\" \/>\n<meta property=\"og:description\" content=\"Discover our electric veterinary surgery tables.\" \/>\n<meta property=\"og:url\" content=\"https:\/\/www.vetinox.fr\/en\/produit\/surgery-table-with-3-way-tilt-and-one-evacuation-top\/\" \/>\n<meta property=\"og:site_name\" content=\"Vetinox\" \/>\n<meta property=\"article:modified_time\" content=\"2021-10-07T20:28:57+00:00\" \/>\n<meta property=\"og:image\" content=\"https:\/\/www.vetinox.fr\/wp-content\/uploads\/2020\/11\/TA700101-Table-chirurgie-plateau-1-evacuation-1400x530-Proclive-declive-electrique-inclinaison-3e-sens-N1-2.png\" \/>\n\t<meta property=\"og:image:width\" content=\"600\" \/>\n\t<meta property=\"og:image:height\" content=\"600\" \/>\n\t<meta property=\"og:image:type\" content=\"image\/png\" \/>\n<meta name=\"twitter:card\" content=\"summary_large_image\" \/>\n<script type=\"application\/ld+json\" class=\"yoast-schema-graph\">{\"@context\":\"https:\/\/schema.org\",\"@graph\":[{\"@type\":\"WebPage\",\"@id\":\"https:\/\/www.vetinox.fr\/en\/produit\/surgery-table-with-3-way-tilt-and-one-evacuation-top\/\",\"url\":\"https:\/\/www.vetinox.fr\/en\/produit\/surgery-table-with-3-way-tilt-and-one-evacuation-top\/\",\"name\":\"Veterinary surgery table with tray for 2 evacuations - Vetinox\",\"isPartOf\":{\"@id\":\"https:\/\/www.vetinox.fr\/#website\"},\"primaryImageOfPage\":{\"@id\":\"https:\/\/www.vetinox.fr\/en\/produit\/surgery-table-with-3-way-tilt-and-one-evacuation-top\/#primaryimage\"},\"image\":{\"@id\":\"https:\/\/www.vetinox.fr\/en\/produit\/surgery-table-with-3-way-tilt-and-one-evacuation-top\/#primaryimage\"},\"thumbnailUrl\":\"https:\/\/www.vetinox.fr\/wp-content\/uploads\/2020\/11\/Vetinox_TA700101_TableChirurgiePlateau1EvacuationProcliveDecliveElectriqueInclinaison3eSens_2.jpg\",\"datePublished\":\"2020-11-16T17:38:24+00:00\",\"dateModified\":\"2021-10-07T20:28:57+00:00\",\"description\":\"Discover our electric veterinary surgery tables.\",\"breadcrumb\":{\"@id\":\"https:\/\/www.vetinox.fr\/en\/produit\/surgery-table-with-3-way-tilt-and-one-evacuation-top\/#breadcrumb\"},\"inLanguage\":\"en-US\",\"potentialAction\":[{\"@type\":\"ReadAction\",\"target\":[\"https:\/\/www.vetinox.fr\/en\/produit\/surgery-table-with-3-way-tilt-and-one-evacuation-top\/\"]}]},{\"@type\":\"ImageObject\",\"inLanguage\":\"en-US\",\"@id\":\"https:\/\/www.vetinox.fr\/en\/produit\/surgery-table-with-3-way-tilt-and-one-evacuation-top\/#primaryimage\",\"url\":\"https:\/\/www.vetinox.fr\/wp-content\/uploads\/2020\/11\/Vetinox_TA700101_TableChirurgiePlateau1EvacuationProcliveDecliveElectriqueInclinaison3eSens_2.jpg\",\"contentUrl\":\"https:\/\/www.vetinox.fr\/wp-content\/uploads\/2020\/11\/Vetinox_TA700101_TableChirurgiePlateau1EvacuationProcliveDecliveElectriqueInclinaison3eSens_2.jpg\",\"width\":1004,\"height\":569,\"caption\":\"Table chirurgie plateau 1 \u00e9vacuation (Proclive - d\u00e9clive \u00e9lectrique) inclinaison 3e sens\"},{\"@type\":\"BreadcrumbList\",\"@id\":\"https:\/\/www.vetinox.fr\/en\/produit\/surgery-table-with-3-way-tilt-and-one-evacuation-top\/#breadcrumb\",\"itemListElement\":[{\"@type\":\"ListItem\",\"position\":1,\"name\":\"Home\",\"item\":\"https:\/\/www.vetinox.fr\/en\/\"},{\"@type\":\"ListItem\",\"position\":2,\"name\":\"Product archive\",\"item\":\"https:\/\/www.vetinox.fr\/en\/product-archive\/\"},{\"@type\":\"ListItem\",\"position\":3,\"name\":\"Veterinary tables\",\"item\":\"https:\/\/www.vetinox.fr\/en\/product-category\/veterinary-tables\/\"},{\"@type\":\"ListItem\",\"position\":4,\"name\":\"Surgery tables\",\"item\":\"https:\/\/www.vetinox.fr\/en\/product-category\/veterinary-tables\/surgery-tables\/\"},{\"@type\":\"ListItem\",\"position\":5,\"name\":\"Surgery table with 3-way tilt and one evacuation top\"}]},{\"@type\":\"WebSite\",\"@id\":\"https:\/\/www.vetinox.fr\/#website\",\"url\":\"https:\/\/www.vetinox.fr\/\",\"name\":\"Vetinox\",\"description\":\"Equipement Veterinaire\",\"publisher\":{\"@id\":\"https:\/\/www.vetinox.fr\/#organization\"},\"potentialAction\":[{\"@type\":\"SearchAction\",\"target\":{\"@type\":\"EntryPoint\",\"urlTemplate\":\"https:\/\/www.vetinox.fr\/?s={search_term_string}\"},\"query-input\":{\"@type\":\"PropertyValueSpecification\",\"valueRequired\":true,\"valueName\":\"search_term_string\"}}],\"inLanguage\":\"en-US\"},{\"@type\":\"Organization\",\"@id\":\"https:\/\/www.vetinox.fr\/#organization\",\"name\":\"Vetinox\",\"url\":\"https:\/\/www.vetinox.fr\/\",\"logo\":{\"@type\":\"ImageObject\",\"inLanguage\":\"en-US\",\"@id\":\"https:\/\/www.vetinox.fr\/#\/schema\/logo\/image\/\",\"url\":\"https:\/\/www.vetinox.fr\/wp-content\/uploads\/2018\/11\/Logo-Vetinox-2.png\",\"contentUrl\":\"https:\/\/www.vetinox.fr\/wp-content\/uploads\/2018\/11\/Logo-Vetinox-2.png\",\"width\":414,\"height\":126,\"caption\":\"Vetinox\"},\"image\":{\"@id\":\"https:\/\/www.vetinox.fr\/#\/schema\/logo\/image\/\"}}]}<\/script>\n<!-- \/ Yoast SEO plugin. -->","yoast_head_json":{"title":"Veterinary surgery table with tray for 2 evacuations - Vetinox","description":"Discover our electric veterinary surgery tables.","robots":{"index":"index","follow":"follow","max-snippet":"max-snippet:-1","max-image-preview":"max-image-preview:large","max-video-preview":"max-video-preview:-1"},"canonical":"https:\/\/www.vetinox.fr\/en\/produit\/surgery-table-with-3-way-tilt-and-one-evacuation-top\/","og_locale":"en_US","og_type":"article","og_title":"Veterinary surgery table with tray for 2 evacuations - Vetinox","og_description":"Discover our electric veterinary surgery tables.","og_url":"https:\/\/www.vetinox.fr\/en\/produit\/surgery-table-with-3-way-tilt-and-one-evacuation-top\/","og_site_name":"Vetinox","article_modified_time":"2021-10-07T20:28:57+00:00","og_image":[{"width":600,"height":600,"url":"https:\/\/www.vetinox.fr\/wp-content\/uploads\/2020\/11\/TA700101-Table-chirurgie-plateau-1-evacuation-1400x530-Proclive-declive-electrique-inclinaison-3e-sens-N1-2.png","type":"image\/png"}],"twitter_card":"summary_large_image","schema":{"@context":"https:\/\/schema.org","@graph":[{"@type":"WebPage","@id":"https:\/\/www.vetinox.fr\/en\/produit\/surgery-table-with-3-way-tilt-and-one-evacuation-top\/","url":"https:\/\/www.vetinox.fr\/en\/produit\/surgery-table-with-3-way-tilt-and-one-evacuation-top\/","name":"Veterinary surgery table with tray for 2 evacuations - Vetinox","isPartOf":{"@id":"https:\/\/www.vetinox.fr\/#website"},"primaryImageOfPage":{"@id":"https:\/\/www.vetinox.fr\/en\/produit\/surgery-table-with-3-way-tilt-and-one-evacuation-top\/#primaryimage"},"image":{"@id":"https:\/\/www.vetinox.fr\/en\/produit\/surgery-table-with-3-way-tilt-and-one-evacuation-top\/#primaryimage"},"thumbnailUrl":"https:\/\/www.vetinox.fr\/wp-content\/uploads\/2020\/11\/Vetinox_TA700101_TableChirurgiePlateau1EvacuationProcliveDecliveElectriqueInclinaison3eSens_2.jpg","datePublished":"2020-11-16T17:38:24+00:00","dateModified":"2021-10-07T20:28:57+00:00","description":"Discover our electric veterinary surgery tables.","breadcrumb":{"@id":"https:\/\/www.vetinox.fr\/en\/produit\/surgery-table-with-3-way-tilt-and-one-evacuation-top\/#breadcrumb"},"inLanguage":"en-US","potentialAction":[{"@type":"ReadAction","target":["https:\/\/www.vetinox.fr\/en\/produit\/surgery-table-with-3-way-tilt-and-one-evacuation-top\/"]}]},{"@type":"ImageObject","inLanguage":"en-US","@id":"https:\/\/www.vetinox.fr\/en\/produit\/surgery-table-with-3-way-tilt-and-one-evacuation-top\/#primaryimage","url":"https:\/\/www.vetinox.fr\/wp-content\/uploads\/2020\/11\/Vetinox_TA700101_TableChirurgiePlateau1EvacuationProcliveDecliveElectriqueInclinaison3eSens_2.jpg","contentUrl":"https:\/\/www.vetinox.fr\/wp-content\/uploads\/2020\/11\/Vetinox_TA700101_TableChirurgiePlateau1EvacuationProcliveDecliveElectriqueInclinaison3eSens_2.jpg","width":1004,"height":569,"caption":"Table chirurgie plateau 1 \u00e9vacuation (Proclive - d\u00e9clive \u00e9lectrique) inclinaison 3e sens"},{"@type":"BreadcrumbList","@id":"https:\/\/www.vetinox.fr\/en\/produit\/surgery-table-with-3-way-tilt-and-one-evacuation-top\/#breadcrumb","itemListElement":[{"@type":"ListItem","position":1,"name":"Home","item":"https:\/\/www.vetinox.fr\/en\/"},{"@type":"ListItem","position":2,"name":"Product archive","item":"https:\/\/www.vetinox.fr\/en\/product-archive\/"},{"@type":"ListItem","position":3,"name":"Veterinary tables","item":"https:\/\/www.vetinox.fr\/en\/product-category\/veterinary-tables\/"},{"@type":"ListItem","position":4,"name":"Surgery tables","item":"https:\/\/www.vetinox.fr\/en\/product-category\/veterinary-tables\/surgery-tables\/"},{"@type":"ListItem","position":5,"name":"Surgery table with 3-way tilt and one evacuation top"}]},{"@type":"WebSite","@id":"https:\/\/www.vetinox.fr\/#website","url":"https:\/\/www.vetinox.fr\/","name":"Vetinox","description":"Equipement Veterinaire","publisher":{"@id":"https:\/\/www.vetinox.fr\/#organization"},"potentialAction":[{"@type":"SearchAction","target":{"@type":"EntryPoint","urlTemplate":"https:\/\/www.vetinox.fr\/?s={search_term_string}"},"query-input":{"@type":"PropertyValueSpecification","valueRequired":true,"valueName":"search_term_string"}}],"inLanguage":"en-US"},{"@type":"Organization","@id":"https:\/\/www.vetinox.fr\/#organization","name":"Vetinox","url":"https:\/\/www.vetinox.fr\/","logo":{"@type":"ImageObject","inLanguage":"en-US","@id":"https:\/\/www.vetinox.fr\/#\/schema\/logo\/image\/","url":"https:\/\/www.vetinox.fr\/wp-content\/uploads\/2018\/11\/Logo-Vetinox-2.png","contentUrl":"https:\/\/www.vetinox.fr\/wp-content\/uploads\/2018\/11\/Logo-Vetinox-2.png","width":414,"height":126,"caption":"Vetinox"},"image":{"@id":"https:\/\/www.vetinox.fr\/#\/schema\/logo\/image\/"}}]}},"_links":{"self":[{"href":"https:\/\/www.vetinox.fr\/en\/wp-json\/wp\/v2\/product\/12120","targetHints":{"allow":["GET"]}}],"collection":[{"href":"https:\/\/www.vetinox.fr\/en\/wp-json\/wp\/v2\/product"}],"about":[{"href":"https:\/\/www.vetinox.fr\/en\/wp-json\/wp\/v2\/types\/product"}],"version-history":[{"count":0,"href":"https:\/\/www.vetinox.fr\/en\/wp-json\/wp\/v2\/product\/12120\/revisions"}],"wp:featuredmedia":[{"embeddable":true,"href":"https:\/\/www.vetinox.fr\/en\/wp-json\/wp\/v2\/media\/24102"}],"wp:attachment":[{"href":"https:\/\/www.vetinox.fr\/en\/wp-json\/wp\/v2\/media?parent=12120"}],"wp:term":[{"taxonomy":"product_brand","embeddable":true,"href":"https:\/\/www.vetinox.fr\/en\/wp-json\/wp\/v2\/product_brand?post=12120"},{"taxonomy":"product_cat","embeddable":true,"href":"https:\/\/www.vetinox.fr\/en\/wp-json\/wp\/v2\/product_cat?post=12120"},{"taxonomy":"product_tag","embeddable":true,"href":"https:\/\/www.vetinox.fr\/en\/wp-json\/wp\/v2\/product_tag?post=12120"}],"curies":[{"name":"wp","href":"https:\/\/api.w.org\/{rel}","templated":true}]}}