{"id":12488,"date":"2020-11-07T02:16:30","date_gmt":"2020-11-28T16:16:30","guid":{"rendered":"https:\/\/www.vetinox.fr\/?post_type=product&#038;p=12488"},"modified":"2021-10-08T12:13:29","modified_gmt":"2021-10-08T10:13:29","slug":"surgery-table-wheels-radiology-table-top-one-evacuation","status":"publish","type":"product","link":"https:\/\/www.vetinox.fr\/en\/produit\/surgery-table-wheels-radiology-table-top-one-evacuation\/","title":{"rendered":"Surgery table with wheels and radiology table top one evacuation"},"content":{"rendered":"\t\t<div data-elementor-type=\"product-post\" data-elementor-id=\"12488\" class=\"elementor elementor-12488 elementor-12487\" data-elementor-post-type=\"product\">\n\t\t\t\t\t\t<section class=\"elementor-section elementor-top-section elementor-element elementor-element-5df19846 elementor-section-boxed elementor-section-height-default elementor-section-height-default\" data-id=\"5df19846\" data-element_type=\"section\" data-e-type=\"section\">\n\t\t\t\t\t\t<div class=\"elementor-container elementor-column-gap-default\">\n\t\t\t\t\t<div class=\"elementor-column elementor-col-100 elementor-top-column elementor-element elementor-element-1216a79c\" data-id=\"1216a79c\" data-element_type=\"column\" data-e-type=\"column\">\n\t\t\t<div class=\"elementor-widget-wrap elementor-element-populated\">\n\t\t\t\t\t\t<div class=\"elementor-element elementor-element-459fc021 elementor-widget elementor-widget-text-editor\" data-id=\"459fc021\" data-element_type=\"widget\" data-e-type=\"widget\" data-widget_type=\"text-editor.default\">\n\t\t\t\t<div class=\"elementor-widget-container\">\n\t\t\t\t\t\t\t\t\t<p>Stainless steel electric surgery table.<\/p>\n<p>Characteristics of the veterinary table :<\/p>\n<ul>\n<li>Size of the table in low position : 140 x 53 x 58 cm<\/li>\n<li>Table size in high position: 140 x 53 x 115 cm<\/li>\n<li>Table top size: 140 x 53 cm<\/li>\n<li>Variable height from 58 to 115 cm<\/li>\n<li>Flat tray one drain<\/li>\n<li>Restraint rails<\/li>\n<li>Attachment hooks<\/li>\n<li>Proclive &#8211; Electric Trendelenburg<\/li>\n<li>Quiet and shake-free<\/li>\n<li>Electric up and down by foot control<\/li>\n<li>Table equipped with wheels for easy movement<\/li>\n<\/ul>\n\t\t\t\t\t\t\t\t<\/div>\n\t\t\t\t<\/div>\n\t\t\t\t\t<\/div>\n\t\t<\/div>\n\t\t\t\t\t<\/div>\n\t\t<\/section>\n\t\t\t\t<\/div>\n\t\t","protected":false},"excerpt":{"rendered":"<p>Stainless steel electric surgery table, suitable for small as well as large animals, equipped with four wheels for easy movement.<\/p>\n<p>The table is equipped with a single evacuation tray, and is available in a custom-made design.<\/p>\n<p class=\"p1\"><span class=\"action-button blue-button2\"><a href=\"https:\/\/www.vetinox.fr\/wp-content\/uploads\/2021\/10\/FT-TA700-703-s\u00e9rie-010-011-015-EN.pdf\">Datasheet - Electric Surgery Table<\/a><\/span><\/p>\n","protected":false},"featured_media":13634,"template":"","meta":{"ocean_post_layout":"","ocean_both_sidebars_style":"","ocean_both_sidebars_content_width":0,"ocean_both_sidebars_sidebars_width":0,"ocean_sidebar":"0","ocean_second_sidebar":"0","ocean_disable_margins":"on","ocean_add_body_class":"","ocean_shortcode_before_top_bar":"","ocean_shortcode_after_top_bar":"","ocean_shortcode_before_header":"","ocean_shortcode_after_header":"","ocean_has_shortcode":"","ocean_shortcode_after_title":"","ocean_shortcode_before_footer_widgets":"","ocean_shortcode_after_footer_widgets":"","ocean_shortcode_before_footer_bottom":"","ocean_shortcode_after_footer_bottom":"","ocean_display_top_bar":"default","ocean_display_header":"default","ocean_header_style":"","ocean_center_header_left_menu":"0","ocean_custom_header_template":"0","ocean_custom_logo":0,"ocean_custom_retina_logo":0,"ocean_custom_logo_max_width":0,"ocean_custom_logo_tablet_max_width":0,"ocean_custom_logo_mobile_max_width":0,"ocean_custom_logo_max_height":0,"ocean_custom_logo_tablet_max_height":0,"ocean_custom_logo_mobile_max_height":0,"ocean_header_custom_menu":"0","ocean_menu_typo_font_family":"0","ocean_menu_typo_font_subset":"","ocean_menu_typo_font_size":0,"ocean_menu_typo_font_size_tablet":0,"ocean_menu_typo_font_size_mobile":0,"ocean_menu_typo_font_size_unit":"px","ocean_menu_typo_font_weight":"","ocean_menu_typo_font_weight_tablet":"","ocean_menu_typo_font_weight_mobile":"","ocean_menu_typo_transform":"","ocean_menu_typo_transform_tablet":"","ocean_menu_typo_transform_mobile":"","ocean_menu_typo_line_height":0,"ocean_menu_typo_line_height_tablet":0,"ocean_menu_typo_line_height_mobile":0,"ocean_menu_typo_line_height_unit":"","ocean_menu_typo_spacing":0,"ocean_menu_typo_spacing_tablet":0,"ocean_menu_typo_spacing_mobile":0,"ocean_menu_typo_spacing_unit":"","ocean_menu_link_color":"","ocean_menu_link_color_hover":"","ocean_menu_link_color_active":"","ocean_menu_link_background":"","ocean_menu_link_hover_background":"","ocean_menu_link_active_background":"","ocean_menu_social_links_bg":"","ocean_menu_social_hover_links_bg":"","ocean_menu_social_links_color":"","ocean_menu_social_hover_links_color":"","ocean_disable_title":"default","ocean_disable_heading":"default","ocean_post_title":"","ocean_post_subheading":"","ocean_post_title_style":"default","ocean_post_title_background_color":"","ocean_post_title_background":0,"ocean_post_title_bg_image_position":"","ocean_post_title_bg_image_attachment":"","ocean_post_title_bg_image_repeat":"","ocean_post_title_bg_image_size":"","ocean_post_title_height":0,"ocean_post_title_bg_overlay":0.5,"ocean_post_title_bg_overlay_color":"","ocean_disable_breadcrumbs":"on","ocean_breadcrumbs_color":"","ocean_breadcrumbs_separator_color":"","ocean_breadcrumbs_links_color":"","ocean_breadcrumbs_links_hover_color":"","ocean_display_footer_widgets":"default","ocean_display_footer_bottom":"default","ocean_custom_footer_template":"0"},"product_brand":[],"product_cat":[66,63,44],"product_tag":[],"class_list":{"0":"post-12488","1":"product","2":"type-product","3":"status-publish","4":"has-post-thumbnail","6":"product_cat-radiology-tables","7":"product_cat-surgery-tables","8":"product_cat-veterinary-tables","9":"pa_options-de-la-table-folding-wheels","10":"pa_type-de-plateau-radiology-tray","11":"pa_type-de-plateau-tray-one-evacuation","13":"entry","14":"has-media","16":"first","17":"instock","18":"shipping-taxable","19":"product-type-simple","20":"has-product-nav","21":"col","22":"span_1_of_4","23":"owp-content-center","24":"owp-thumbs-layout-vertical","25":"owp-btn-normal","26":"owp-tabs-layout-horizontal"},"yoast_head":"<!-- This site is optimized with the Yoast SEO plugin v27.0 - https:\/\/yoast.com\/product\/yoast-seo-wordpress\/ -->\n<title>Surgery table with wheels and radiology table top one evacuation - Vetinox<\/title>\n<meta name=\"description\" content=\"Discover our electric veterinary surgery tables.\" \/>\n<meta name=\"robots\" content=\"index, follow, max-snippet:-1, max-image-preview:large, max-video-preview:-1\" \/>\n<link rel=\"canonical\" href=\"https:\/\/www.vetinox.fr\/produit\/table-de-chirurgie-avec-roues-plateau-de-radiologie-une-evacuation\/\" \/>\n<meta property=\"og:locale\" content=\"en_US\" \/>\n<meta property=\"og:type\" content=\"article\" \/>\n<meta property=\"og:title\" content=\"Surgery table with wheels and radiology table top one evacuation - Vetinox\" \/>\n<meta property=\"og:description\" content=\"Discover our electric veterinary surgery tables.\" \/>\n<meta property=\"og:url\" content=\"https:\/\/www.vetinox.fr\/produit\/table-de-chirurgie-avec-roues-plateau-de-radiologie-une-evacuation\/\" \/>\n<meta property=\"og:site_name\" content=\"Vetinox\" \/>\n<meta property=\"article:modified_time\" content=\"2021-10-08T10:13:29+00:00\" \/>\n<meta property=\"og:image\" content=\"https:\/\/www.vetinox.fr\/wp-content\/uploads\/2020\/11\/TA703011-Table-chirurgie-plateau-Radiologie-1-evacuation-4-roues-1400x530-Proclive-declive-electriqueN1.jpg\" \/>\n\t<meta property=\"og:image:width\" content=\"600\" \/>\n\t<meta property=\"og:image:height\" content=\"600\" \/>\n\t<meta property=\"og:image:type\" content=\"image\/jpeg\" \/>\n<meta name=\"twitter:card\" content=\"summary_large_image\" \/>\n<script type=\"application\/ld+json\" class=\"yoast-schema-graph\">{\"@context\":\"https:\/\/schema.org\",\"@graph\":[{\"@type\":\"WebPage\",\"@id\":\"https:\/\/www.vetinox.fr\/produit\/table-de-chirurgie-avec-roues-plateau-de-radiologie-une-evacuation\/\",\"url\":\"https:\/\/www.vetinox.fr\/produit\/table-de-chirurgie-avec-roues-plateau-de-radiologie-une-evacuation\/\",\"name\":\"Surgery table with wheels and radiology table top one evacuation - Vetinox\",\"isPartOf\":{\"@id\":\"https:\/\/www.vetinox.fr\/#website\"},\"primaryImageOfPage\":{\"@id\":\"https:\/\/www.vetinox.fr\/produit\/table-de-chirurgie-avec-roues-plateau-de-radiologie-une-evacuation\/#primaryimage\"},\"image\":{\"@id\":\"https:\/\/www.vetinox.fr\/produit\/table-de-chirurgie-avec-roues-plateau-de-radiologie-une-evacuation\/#primaryimage\"},\"thumbnailUrl\":\"https:\/\/www.vetinox.fr\/wp-content\/uploads\/2020\/11\/TA703011-Table-chirurgie-plateau-Radiologie-1-evacuation-4-roues-1400x530-Proclive-declive-electriqueN1.jpg\",\"datePublished\":\"2020-11-28T16:16:30+00:00\",\"dateModified\":\"2021-10-08T10:13:29+00:00\",\"description\":\"Discover our electric veterinary surgery tables.\",\"breadcrumb\":{\"@id\":\"https:\/\/www.vetinox.fr\/produit\/table-de-chirurgie-avec-roues-plateau-de-radiologie-une-evacuation\/#breadcrumb\"},\"inLanguage\":\"en-US\",\"potentialAction\":[{\"@type\":\"ReadAction\",\"target\":[\"https:\/\/www.vetinox.fr\/produit\/table-de-chirurgie-avec-roues-plateau-de-radiologie-une-evacuation\/\"]}]},{\"@type\":\"ImageObject\",\"inLanguage\":\"en-US\",\"@id\":\"https:\/\/www.vetinox.fr\/produit\/table-de-chirurgie-avec-roues-plateau-de-radiologie-une-evacuation\/#primaryimage\",\"url\":\"https:\/\/www.vetinox.fr\/wp-content\/uploads\/2020\/11\/TA703011-Table-chirurgie-plateau-Radiologie-1-evacuation-4-roues-1400x530-Proclive-declive-electriqueN1.jpg\",\"contentUrl\":\"https:\/\/www.vetinox.fr\/wp-content\/uploads\/2020\/11\/TA703011-Table-chirurgie-plateau-Radiologie-1-evacuation-4-roues-1400x530-Proclive-declive-electriqueN1.jpg\",\"width\":600,\"height\":600,\"caption\":\"TA703011 Table chirurgie plateau Radiologie 1 \u00e9vacuation 4 roues 1400x530 (Proclive - d\u00e9clive \u00e9lectrique)N1\"},{\"@type\":\"BreadcrumbList\",\"@id\":\"https:\/\/www.vetinox.fr\/produit\/table-de-chirurgie-avec-roues-plateau-de-radiologie-une-evacuation\/#breadcrumb\",\"itemListElement\":[{\"@type\":\"ListItem\",\"position\":1,\"name\":\"Home\",\"item\":\"https:\/\/www.vetinox.fr\/en\/\"},{\"@type\":\"ListItem\",\"position\":2,\"name\":\"Product archive\",\"item\":\"https:\/\/www.vetinox.fr\/en\/product-archive\/\"},{\"@type\":\"ListItem\",\"position\":3,\"name\":\"TABLES\",\"item\":\"https:\/\/www.vetinox.fr\/categorie-produit\/tables-veterinaires\/\"},{\"@type\":\"ListItem\",\"position\":4,\"name\":\"Surgery table with wheels and radiology table top one evacuation\"}]},{\"@type\":\"WebSite\",\"@id\":\"https:\/\/www.vetinox.fr\/#website\",\"url\":\"https:\/\/www.vetinox.fr\/\",\"name\":\"Vetinox\",\"description\":\"Equipement Veterinaire\",\"publisher\":{\"@id\":\"https:\/\/www.vetinox.fr\/#organization\"},\"potentialAction\":[{\"@type\":\"SearchAction\",\"target\":{\"@type\":\"EntryPoint\",\"urlTemplate\":\"https:\/\/www.vetinox.fr\/?s={search_term_string}\"},\"query-input\":{\"@type\":\"PropertyValueSpecification\",\"valueRequired\":true,\"valueName\":\"search_term_string\"}}],\"inLanguage\":\"en-US\"},{\"@type\":\"Organization\",\"@id\":\"https:\/\/www.vetinox.fr\/#organization\",\"name\":\"Vetinox\",\"url\":\"https:\/\/www.vetinox.fr\/\",\"logo\":{\"@type\":\"ImageObject\",\"inLanguage\":\"en-US\",\"@id\":\"https:\/\/www.vetinox.fr\/#\/schema\/logo\/image\/\",\"url\":\"https:\/\/www.vetinox.fr\/wp-content\/uploads\/2018\/11\/Logo-Vetinox-2.png\",\"contentUrl\":\"https:\/\/www.vetinox.fr\/wp-content\/uploads\/2018\/11\/Logo-Vetinox-2.png\",\"width\":414,\"height\":126,\"caption\":\"Vetinox\"},\"image\":{\"@id\":\"https:\/\/www.vetinox.fr\/#\/schema\/logo\/image\/\"}}]}<\/script>\n<!-- \/ Yoast SEO plugin. -->","yoast_head_json":{"title":"Surgery table with wheels and radiology table top one evacuation - Vetinox","description":"Discover our electric veterinary surgery tables.","robots":{"index":"index","follow":"follow","max-snippet":"max-snippet:-1","max-image-preview":"max-image-preview:large","max-video-preview":"max-video-preview:-1"},"canonical":"https:\/\/www.vetinox.fr\/produit\/table-de-chirurgie-avec-roues-plateau-de-radiologie-une-evacuation\/","og_locale":"en_US","og_type":"article","og_title":"Surgery table with wheels and radiology table top one evacuation - Vetinox","og_description":"Discover our electric veterinary surgery tables.","og_url":"https:\/\/www.vetinox.fr\/produit\/table-de-chirurgie-avec-roues-plateau-de-radiologie-une-evacuation\/","og_site_name":"Vetinox","article_modified_time":"2021-10-08T10:13:29+00:00","og_image":[{"width":600,"height":600,"url":"https:\/\/www.vetinox.fr\/wp-content\/uploads\/2020\/11\/TA703011-Table-chirurgie-plateau-Radiologie-1-evacuation-4-roues-1400x530-Proclive-declive-electriqueN1.jpg","type":"image\/jpeg"}],"twitter_card":"summary_large_image","schema":{"@context":"https:\/\/schema.org","@graph":[{"@type":"WebPage","@id":"https:\/\/www.vetinox.fr\/produit\/table-de-chirurgie-avec-roues-plateau-de-radiologie-une-evacuation\/","url":"https:\/\/www.vetinox.fr\/produit\/table-de-chirurgie-avec-roues-plateau-de-radiologie-une-evacuation\/","name":"Surgery table with wheels and radiology table top one evacuation - Vetinox","isPartOf":{"@id":"https:\/\/www.vetinox.fr\/#website"},"primaryImageOfPage":{"@id":"https:\/\/www.vetinox.fr\/produit\/table-de-chirurgie-avec-roues-plateau-de-radiologie-une-evacuation\/#primaryimage"},"image":{"@id":"https:\/\/www.vetinox.fr\/produit\/table-de-chirurgie-avec-roues-plateau-de-radiologie-une-evacuation\/#primaryimage"},"thumbnailUrl":"https:\/\/www.vetinox.fr\/wp-content\/uploads\/2020\/11\/TA703011-Table-chirurgie-plateau-Radiologie-1-evacuation-4-roues-1400x530-Proclive-declive-electriqueN1.jpg","datePublished":"2020-11-28T16:16:30+00:00","dateModified":"2021-10-08T10:13:29+00:00","description":"Discover our electric veterinary surgery tables.","breadcrumb":{"@id":"https:\/\/www.vetinox.fr\/produit\/table-de-chirurgie-avec-roues-plateau-de-radiologie-une-evacuation\/#breadcrumb"},"inLanguage":"en-US","potentialAction":[{"@type":"ReadAction","target":["https:\/\/www.vetinox.fr\/produit\/table-de-chirurgie-avec-roues-plateau-de-radiologie-une-evacuation\/"]}]},{"@type":"ImageObject","inLanguage":"en-US","@id":"https:\/\/www.vetinox.fr\/produit\/table-de-chirurgie-avec-roues-plateau-de-radiologie-une-evacuation\/#primaryimage","url":"https:\/\/www.vetinox.fr\/wp-content\/uploads\/2020\/11\/TA703011-Table-chirurgie-plateau-Radiologie-1-evacuation-4-roues-1400x530-Proclive-declive-electriqueN1.jpg","contentUrl":"https:\/\/www.vetinox.fr\/wp-content\/uploads\/2020\/11\/TA703011-Table-chirurgie-plateau-Radiologie-1-evacuation-4-roues-1400x530-Proclive-declive-electriqueN1.jpg","width":600,"height":600,"caption":"TA703011 Table chirurgie plateau Radiologie 1 \u00e9vacuation 4 roues 1400x530 (Proclive - d\u00e9clive \u00e9lectrique)N1"},{"@type":"BreadcrumbList","@id":"https:\/\/www.vetinox.fr\/produit\/table-de-chirurgie-avec-roues-plateau-de-radiologie-une-evacuation\/#breadcrumb","itemListElement":[{"@type":"ListItem","position":1,"name":"Home","item":"https:\/\/www.vetinox.fr\/en\/"},{"@type":"ListItem","position":2,"name":"Product archive","item":"https:\/\/www.vetinox.fr\/en\/product-archive\/"},{"@type":"ListItem","position":3,"name":"TABLES","item":"https:\/\/www.vetinox.fr\/categorie-produit\/tables-veterinaires\/"},{"@type":"ListItem","position":4,"name":"Surgery table with wheels and radiology table top one evacuation"}]},{"@type":"WebSite","@id":"https:\/\/www.vetinox.fr\/#website","url":"https:\/\/www.vetinox.fr\/","name":"Vetinox","description":"Equipement Veterinaire","publisher":{"@id":"https:\/\/www.vetinox.fr\/#organization"},"potentialAction":[{"@type":"SearchAction","target":{"@type":"EntryPoint","urlTemplate":"https:\/\/www.vetinox.fr\/?s={search_term_string}"},"query-input":{"@type":"PropertyValueSpecification","valueRequired":true,"valueName":"search_term_string"}}],"inLanguage":"en-US"},{"@type":"Organization","@id":"https:\/\/www.vetinox.fr\/#organization","name":"Vetinox","url":"https:\/\/www.vetinox.fr\/","logo":{"@type":"ImageObject","inLanguage":"en-US","@id":"https:\/\/www.vetinox.fr\/#\/schema\/logo\/image\/","url":"https:\/\/www.vetinox.fr\/wp-content\/uploads\/2018\/11\/Logo-Vetinox-2.png","contentUrl":"https:\/\/www.vetinox.fr\/wp-content\/uploads\/2018\/11\/Logo-Vetinox-2.png","width":414,"height":126,"caption":"Vetinox"},"image":{"@id":"https:\/\/www.vetinox.fr\/#\/schema\/logo\/image\/"}}]}},"_links":{"self":[{"href":"https:\/\/www.vetinox.fr\/en\/wp-json\/wp\/v2\/product\/12488","targetHints":{"allow":["GET"]}}],"collection":[{"href":"https:\/\/www.vetinox.fr\/en\/wp-json\/wp\/v2\/product"}],"about":[{"href":"https:\/\/www.vetinox.fr\/en\/wp-json\/wp\/v2\/types\/product"}],"version-history":[{"count":0,"href":"https:\/\/www.vetinox.fr\/en\/wp-json\/wp\/v2\/product\/12488\/revisions"}],"wp:featuredmedia":[{"embeddable":true,"href":"https:\/\/www.vetinox.fr\/en\/wp-json\/wp\/v2\/media\/13634"}],"wp:attachment":[{"href":"https:\/\/www.vetinox.fr\/en\/wp-json\/wp\/v2\/media?parent=12488"}],"wp:term":[{"taxonomy":"product_brand","embeddable":true,"href":"https:\/\/www.vetinox.fr\/en\/wp-json\/wp\/v2\/product_brand?post=12488"},{"taxonomy":"product_cat","embeddable":true,"href":"https:\/\/www.vetinox.fr\/en\/wp-json\/wp\/v2\/product_cat?post=12488"},{"taxonomy":"product_tag","embeddable":true,"href":"https:\/\/www.vetinox.fr\/en\/wp-json\/wp\/v2\/product_tag?post=12488"}],"curies":[{"name":"wp","href":"https:\/\/api.w.org\/{rel}","templated":true}]}}