{"id":23837,"date":"2024-04-02T10:45:29","date_gmt":"2024-04-02T08:45:29","guid":{"rendered":"https:\/\/www.vetinox.fr\/produit\/electrical-surgical-table-with-one-drain-outlet-with-four-castors-of-which-2-with-lock-mechanism-1250x600\/"},"modified":"2024-04-04T10:09:40","modified_gmt":"2024-04-04T08:09:40","slug":"electrical-surgical-table-with-one-drain-outlet-with-four-castors-of-which-2-with-lock-mechanism-1250x600","status":"publish","type":"product","link":"https:\/\/www.vetinox.fr\/en\/produit\/electrical-surgical-table-with-one-drain-outlet-with-four-castors-of-which-2-with-lock-mechanism-1250x600\/","title":{"rendered":"Electrical surgical table with one drain outlet with four castors of which 2 with lock mechanism (1250&#215;600)"},"content":{"rendered":"<p>Electrical surgical table with one drain outlet with four castors of which 2 with lock mechanism (1250&#215;600)<\/p>\n","protected":false},"excerpt":{"rendered":"<p>Electrical surgical table with one drain outlet with four castors of which 2 with lock mechanism (1250&#215;600)<\/p>\n","protected":false},"featured_media":23573,"template":"","meta":{"ocean_post_layout":"","ocean_both_sidebars_style":"","ocean_both_sidebars_content_width":0,"ocean_both_sidebars_sidebars_width":0,"ocean_sidebar":"0","ocean_second_sidebar":"0","ocean_disable_margins":"enable","ocean_add_body_class":"","ocean_shortcode_before_top_bar":"","ocean_shortcode_after_top_bar":"","ocean_shortcode_before_header":"","ocean_shortcode_after_header":"","ocean_has_shortcode":"","ocean_shortcode_after_title":"","ocean_shortcode_before_footer_widgets":"","ocean_shortcode_after_footer_widgets":"","ocean_shortcode_before_footer_bottom":"","ocean_shortcode_after_footer_bottom":"","ocean_display_top_bar":"default","ocean_display_header":"default","ocean_header_style":"","ocean_center_header_left_menu":"0","ocean_custom_header_template":"0","ocean_custom_logo":0,"ocean_custom_retina_logo":0,"ocean_custom_logo_max_width":0,"ocean_custom_logo_tablet_max_width":0,"ocean_custom_logo_mobile_max_width":0,"ocean_custom_logo_max_height":0,"ocean_custom_logo_tablet_max_height":0,"ocean_custom_logo_mobile_max_height":0,"ocean_header_custom_menu":"0","ocean_menu_typo_font_family":"0","ocean_menu_typo_font_subset":"","ocean_menu_typo_font_size":0,"ocean_menu_typo_font_size_tablet":0,"ocean_menu_typo_font_size_mobile":0,"ocean_menu_typo_font_size_unit":"px","ocean_menu_typo_font_weight":"","ocean_menu_typo_font_weight_tablet":"","ocean_menu_typo_font_weight_mobile":"","ocean_menu_typo_transform":"","ocean_menu_typo_transform_tablet":"","ocean_menu_typo_transform_mobile":"","ocean_menu_typo_line_height":0,"ocean_menu_typo_line_height_tablet":0,"ocean_menu_typo_line_height_mobile":0,"ocean_menu_typo_line_height_unit":"","ocean_menu_typo_spacing":0,"ocean_menu_typo_spacing_tablet":0,"ocean_menu_typo_spacing_mobile":0,"ocean_menu_typo_spacing_unit":"","ocean_menu_link_color":"","ocean_menu_link_color_hover":"","ocean_menu_link_color_active":"","ocean_menu_link_background":"","ocean_menu_link_hover_background":"","ocean_menu_link_active_background":"","ocean_menu_social_links_bg":"","ocean_menu_social_hover_links_bg":"","ocean_menu_social_links_color":"","ocean_menu_social_hover_links_color":"","ocean_disable_title":"default","ocean_disable_heading":"default","ocean_post_title":"","ocean_post_subheading":"","ocean_post_title_style":"","ocean_post_title_background_color":"","ocean_post_title_background":0,"ocean_post_title_bg_image_position":"","ocean_post_title_bg_image_attachment":"","ocean_post_title_bg_image_repeat":"","ocean_post_title_bg_image_size":"","ocean_post_title_height":0,"ocean_post_title_bg_overlay":0.5,"ocean_post_title_bg_overlay_color":"","ocean_disable_breadcrumbs":"default","ocean_breadcrumbs_color":"","ocean_breadcrumbs_separator_color":"","ocean_breadcrumbs_links_color":"","ocean_breadcrumbs_links_hover_color":"","ocean_display_footer_widgets":"default","ocean_display_footer_bottom":"default","ocean_custom_footer_template":"0"},"product_brand":[],"product_cat":[63,44],"product_tag":[],"class_list":{"0":"post-23837","1":"product","2":"type-product","3":"status-publish","4":"has-post-thumbnail","6":"product_cat-surgery-tables","7":"product_cat-veterinary-tables","9":"entry","10":"has-media","12":"first","13":"instock","14":"shipping-taxable","15":"product-type-simple","16":"has-product-nav","17":"col","18":"span_1_of_4","19":"owp-content-center","20":"owp-thumbs-layout-vertical","21":"owp-btn-normal","22":"owp-tabs-layout-horizontal"},"yoast_head":"<!-- This site is optimized with the Yoast SEO plugin v27.0 - https:\/\/yoast.com\/product\/yoast-seo-wordpress\/ -->\n<title>Electrical surgical table with one drain outlet with four castors of which 2 with lock mechanism (1250x600) - Vetinox<\/title>\n<meta name=\"description\" content=\"D\u00e9couvrez notre produit : Electrical surgical table with one drain outlet with four castors of which 2 with lock mechanism (1250x600) - Mat\u00e9riel et \u00e9quipement adapt\u00e9 \u00e0 toutes vos utilisations v\u00e9t\u00e9rinaires.\" \/>\n<meta name=\"robots\" content=\"index, follow, max-snippet:-1, max-image-preview:large, max-video-preview:-1\" \/>\n<link rel=\"canonical\" href=\"https:\/\/www.vetinox.fr\/en\/produit\/electrical-surgical-table-with-one-drain-outlet-with-four-castors-of-which-2-with-lock-mechanism-1250x600\/\" \/>\n<meta property=\"og:locale\" content=\"en_US\" \/>\n<meta property=\"og:type\" content=\"article\" \/>\n<meta property=\"og:title\" content=\"Electrical surgical table with one drain outlet with four castors of which 2 with lock mechanism (1250x600) - Vetinox\" \/>\n<meta property=\"og:description\" content=\"D\u00e9couvrez notre produit : Electrical surgical table with one drain outlet with four castors of which 2 with lock mechanism (1250x600) - Mat\u00e9riel et \u00e9quipement adapt\u00e9 \u00e0 toutes vos utilisations v\u00e9t\u00e9rinaires.\" \/>\n<meta property=\"og:url\" content=\"https:\/\/www.vetinox.fr\/en\/produit\/electrical-surgical-table-with-one-drain-outlet-with-four-castors-of-which-2-with-lock-mechanism-1250x600\/\" \/>\n<meta property=\"og:site_name\" content=\"Vetinox\" \/>\n<meta property=\"article:modified_time\" content=\"2024-04-04T08:09:40+00:00\" \/>\n<meta property=\"og:image\" content=\"https:\/\/www.vetinox.fr\/wp-content\/uploads\/2024\/04\/Vetinox_TA301210_TableChirurgieElectriquePlateau1Evacuation_4RouesFreins.jpg\" \/>\n\t<meta property=\"og:image:width\" content=\"1004\" \/>\n\t<meta property=\"og:image:height\" content=\"569\" \/>\n\t<meta property=\"og:image:type\" content=\"image\/jpeg\" \/>\n<meta name=\"twitter:card\" content=\"summary_large_image\" \/>\n<script type=\"application\/ld+json\" class=\"yoast-schema-graph\">{\"@context\":\"https:\/\/schema.org\",\"@graph\":[{\"@type\":\"WebPage\",\"@id\":\"https:\/\/www.vetinox.fr\/en\/produit\/electrical-surgical-table-with-one-drain-outlet-with-four-castors-of-which-2-with-lock-mechanism-1250x600\/\",\"url\":\"https:\/\/www.vetinox.fr\/en\/produit\/electrical-surgical-table-with-one-drain-outlet-with-four-castors-of-which-2-with-lock-mechanism-1250x600\/\",\"name\":\"Electrical surgical table with one drain outlet with four castors of which 2 with lock mechanism (1250x600) - Vetinox\",\"isPartOf\":{\"@id\":\"https:\/\/www.vetinox.fr\/#website\"},\"primaryImageOfPage\":{\"@id\":\"https:\/\/www.vetinox.fr\/en\/produit\/electrical-surgical-table-with-one-drain-outlet-with-four-castors-of-which-2-with-lock-mechanism-1250x600\/#primaryimage\"},\"image\":{\"@id\":\"https:\/\/www.vetinox.fr\/en\/produit\/electrical-surgical-table-with-one-drain-outlet-with-four-castors-of-which-2-with-lock-mechanism-1250x600\/#primaryimage\"},\"thumbnailUrl\":\"https:\/\/www.vetinox.fr\/wp-content\/uploads\/2024\/04\/Vetinox_TA301210_TableChirurgieElectriquePlateau1Evacuation_4RouesFreins.jpg\",\"datePublished\":\"2024-04-02T08:45:29+00:00\",\"dateModified\":\"2024-04-04T08:09:40+00:00\",\"description\":\"D\u00e9couvrez notre produit : Electrical surgical table with one drain outlet with four castors of which 2 with lock mechanism (1250x600) - Mat\u00e9riel et \u00e9quipement adapt\u00e9 \u00e0 toutes vos utilisations v\u00e9t\u00e9rinaires.\",\"breadcrumb\":{\"@id\":\"https:\/\/www.vetinox.fr\/en\/produit\/electrical-surgical-table-with-one-drain-outlet-with-four-castors-of-which-2-with-lock-mechanism-1250x600\/#breadcrumb\"},\"inLanguage\":\"en-US\",\"potentialAction\":[{\"@type\":\"ReadAction\",\"target\":[\"https:\/\/www.vetinox.fr\/en\/produit\/electrical-surgical-table-with-one-drain-outlet-with-four-castors-of-which-2-with-lock-mechanism-1250x600\/\"]}]},{\"@type\":\"ImageObject\",\"inLanguage\":\"en-US\",\"@id\":\"https:\/\/www.vetinox.fr\/en\/produit\/electrical-surgical-table-with-one-drain-outlet-with-four-castors-of-which-2-with-lock-mechanism-1250x600\/#primaryimage\",\"url\":\"https:\/\/www.vetinox.fr\/wp-content\/uploads\/2024\/04\/Vetinox_TA301210_TableChirurgieElectriquePlateau1Evacuation_4RouesFreins.jpg\",\"contentUrl\":\"https:\/\/www.vetinox.fr\/wp-content\/uploads\/2024\/04\/Vetinox_TA301210_TableChirurgieElectriquePlateau1Evacuation_4RouesFreins.jpg\",\"width\":1004,\"height\":569,\"caption\":\"Table chirurgie \u00e9lectrique plateau 1 \u00e9vacuations 4 roues avec 4 freins\"},{\"@type\":\"BreadcrumbList\",\"@id\":\"https:\/\/www.vetinox.fr\/en\/produit\/electrical-surgical-table-with-one-drain-outlet-with-four-castors-of-which-2-with-lock-mechanism-1250x600\/#breadcrumb\",\"itemListElement\":[{\"@type\":\"ListItem\",\"position\":1,\"name\":\"Home\",\"item\":\"https:\/\/www.vetinox.fr\/en\/\"},{\"@type\":\"ListItem\",\"position\":2,\"name\":\"Product archive\",\"item\":\"https:\/\/www.vetinox.fr\/en\/product-archive\/\"},{\"@type\":\"ListItem\",\"position\":3,\"name\":\"Veterinary tables\",\"item\":\"https:\/\/www.vetinox.fr\/en\/product-category\/veterinary-tables\/\"},{\"@type\":\"ListItem\",\"position\":4,\"name\":\"Surgery tables\",\"item\":\"https:\/\/www.vetinox.fr\/en\/product-category\/veterinary-tables\/surgery-tables\/\"},{\"@type\":\"ListItem\",\"position\":5,\"name\":\"Electrical surgical table with one drain outlet with four castors of which 2 with lock mechanism (1250&#215;600)\"}]},{\"@type\":\"WebSite\",\"@id\":\"https:\/\/www.vetinox.fr\/#website\",\"url\":\"https:\/\/www.vetinox.fr\/\",\"name\":\"Vetinox\",\"description\":\"Equipement Veterinaire\",\"publisher\":{\"@id\":\"https:\/\/www.vetinox.fr\/#organization\"},\"potentialAction\":[{\"@type\":\"SearchAction\",\"target\":{\"@type\":\"EntryPoint\",\"urlTemplate\":\"https:\/\/www.vetinox.fr\/?s={search_term_string}\"},\"query-input\":{\"@type\":\"PropertyValueSpecification\",\"valueRequired\":true,\"valueName\":\"search_term_string\"}}],\"inLanguage\":\"en-US\"},{\"@type\":\"Organization\",\"@id\":\"https:\/\/www.vetinox.fr\/#organization\",\"name\":\"Vetinox\",\"url\":\"https:\/\/www.vetinox.fr\/\",\"logo\":{\"@type\":\"ImageObject\",\"inLanguage\":\"en-US\",\"@id\":\"https:\/\/www.vetinox.fr\/#\/schema\/logo\/image\/\",\"url\":\"https:\/\/www.vetinox.fr\/wp-content\/uploads\/2018\/11\/Logo-Vetinox-2.png\",\"contentUrl\":\"https:\/\/www.vetinox.fr\/wp-content\/uploads\/2018\/11\/Logo-Vetinox-2.png\",\"width\":414,\"height\":126,\"caption\":\"Vetinox\"},\"image\":{\"@id\":\"https:\/\/www.vetinox.fr\/#\/schema\/logo\/image\/\"}}]}<\/script>\n<!-- \/ Yoast SEO plugin. -->","yoast_head_json":{"title":"Electrical surgical table with one drain outlet with four castors of which 2 with lock mechanism (1250x600) - Vetinox","description":"D\u00e9couvrez notre produit : Electrical surgical table with one drain outlet with four castors of which 2 with lock mechanism (1250x600) - Mat\u00e9riel et \u00e9quipement adapt\u00e9 \u00e0 toutes vos utilisations v\u00e9t\u00e9rinaires.","robots":{"index":"index","follow":"follow","max-snippet":"max-snippet:-1","max-image-preview":"max-image-preview:large","max-video-preview":"max-video-preview:-1"},"canonical":"https:\/\/www.vetinox.fr\/en\/produit\/electrical-surgical-table-with-one-drain-outlet-with-four-castors-of-which-2-with-lock-mechanism-1250x600\/","og_locale":"en_US","og_type":"article","og_title":"Electrical surgical table with one drain outlet with four castors of which 2 with lock mechanism (1250x600) - Vetinox","og_description":"D\u00e9couvrez notre produit : Electrical surgical table with one drain outlet with four castors of which 2 with lock mechanism (1250x600) - Mat\u00e9riel et \u00e9quipement adapt\u00e9 \u00e0 toutes vos utilisations v\u00e9t\u00e9rinaires.","og_url":"https:\/\/www.vetinox.fr\/en\/produit\/electrical-surgical-table-with-one-drain-outlet-with-four-castors-of-which-2-with-lock-mechanism-1250x600\/","og_site_name":"Vetinox","article_modified_time":"2024-04-04T08:09:40+00:00","og_image":[{"width":1004,"height":569,"url":"https:\/\/www.vetinox.fr\/wp-content\/uploads\/2024\/04\/Vetinox_TA301210_TableChirurgieElectriquePlateau1Evacuation_4RouesFreins.jpg","type":"image\/jpeg"}],"twitter_card":"summary_large_image","schema":{"@context":"https:\/\/schema.org","@graph":[{"@type":"WebPage","@id":"https:\/\/www.vetinox.fr\/en\/produit\/electrical-surgical-table-with-one-drain-outlet-with-four-castors-of-which-2-with-lock-mechanism-1250x600\/","url":"https:\/\/www.vetinox.fr\/en\/produit\/electrical-surgical-table-with-one-drain-outlet-with-four-castors-of-which-2-with-lock-mechanism-1250x600\/","name":"Electrical surgical table with one drain outlet with four castors of which 2 with lock mechanism (1250x600) - Vetinox","isPartOf":{"@id":"https:\/\/www.vetinox.fr\/#website"},"primaryImageOfPage":{"@id":"https:\/\/www.vetinox.fr\/en\/produit\/electrical-surgical-table-with-one-drain-outlet-with-four-castors-of-which-2-with-lock-mechanism-1250x600\/#primaryimage"},"image":{"@id":"https:\/\/www.vetinox.fr\/en\/produit\/electrical-surgical-table-with-one-drain-outlet-with-four-castors-of-which-2-with-lock-mechanism-1250x600\/#primaryimage"},"thumbnailUrl":"https:\/\/www.vetinox.fr\/wp-content\/uploads\/2024\/04\/Vetinox_TA301210_TableChirurgieElectriquePlateau1Evacuation_4RouesFreins.jpg","datePublished":"2024-04-02T08:45:29+00:00","dateModified":"2024-04-04T08:09:40+00:00","description":"D\u00e9couvrez notre produit : Electrical surgical table with one drain outlet with four castors of which 2 with lock mechanism (1250x600) - Mat\u00e9riel et \u00e9quipement adapt\u00e9 \u00e0 toutes vos utilisations v\u00e9t\u00e9rinaires.","breadcrumb":{"@id":"https:\/\/www.vetinox.fr\/en\/produit\/electrical-surgical-table-with-one-drain-outlet-with-four-castors-of-which-2-with-lock-mechanism-1250x600\/#breadcrumb"},"inLanguage":"en-US","potentialAction":[{"@type":"ReadAction","target":["https:\/\/www.vetinox.fr\/en\/produit\/electrical-surgical-table-with-one-drain-outlet-with-four-castors-of-which-2-with-lock-mechanism-1250x600\/"]}]},{"@type":"ImageObject","inLanguage":"en-US","@id":"https:\/\/www.vetinox.fr\/en\/produit\/electrical-surgical-table-with-one-drain-outlet-with-four-castors-of-which-2-with-lock-mechanism-1250x600\/#primaryimage","url":"https:\/\/www.vetinox.fr\/wp-content\/uploads\/2024\/04\/Vetinox_TA301210_TableChirurgieElectriquePlateau1Evacuation_4RouesFreins.jpg","contentUrl":"https:\/\/www.vetinox.fr\/wp-content\/uploads\/2024\/04\/Vetinox_TA301210_TableChirurgieElectriquePlateau1Evacuation_4RouesFreins.jpg","width":1004,"height":569,"caption":"Table chirurgie \u00e9lectrique plateau 1 \u00e9vacuations 4 roues avec 4 freins"},{"@type":"BreadcrumbList","@id":"https:\/\/www.vetinox.fr\/en\/produit\/electrical-surgical-table-with-one-drain-outlet-with-four-castors-of-which-2-with-lock-mechanism-1250x600\/#breadcrumb","itemListElement":[{"@type":"ListItem","position":1,"name":"Home","item":"https:\/\/www.vetinox.fr\/en\/"},{"@type":"ListItem","position":2,"name":"Product archive","item":"https:\/\/www.vetinox.fr\/en\/product-archive\/"},{"@type":"ListItem","position":3,"name":"Veterinary tables","item":"https:\/\/www.vetinox.fr\/en\/product-category\/veterinary-tables\/"},{"@type":"ListItem","position":4,"name":"Surgery tables","item":"https:\/\/www.vetinox.fr\/en\/product-category\/veterinary-tables\/surgery-tables\/"},{"@type":"ListItem","position":5,"name":"Electrical surgical table with one drain outlet with four castors of which 2 with lock mechanism (1250&#215;600)"}]},{"@type":"WebSite","@id":"https:\/\/www.vetinox.fr\/#website","url":"https:\/\/www.vetinox.fr\/","name":"Vetinox","description":"Equipement Veterinaire","publisher":{"@id":"https:\/\/www.vetinox.fr\/#organization"},"potentialAction":[{"@type":"SearchAction","target":{"@type":"EntryPoint","urlTemplate":"https:\/\/www.vetinox.fr\/?s={search_term_string}"},"query-input":{"@type":"PropertyValueSpecification","valueRequired":true,"valueName":"search_term_string"}}],"inLanguage":"en-US"},{"@type":"Organization","@id":"https:\/\/www.vetinox.fr\/#organization","name":"Vetinox","url":"https:\/\/www.vetinox.fr\/","logo":{"@type":"ImageObject","inLanguage":"en-US","@id":"https:\/\/www.vetinox.fr\/#\/schema\/logo\/image\/","url":"https:\/\/www.vetinox.fr\/wp-content\/uploads\/2018\/11\/Logo-Vetinox-2.png","contentUrl":"https:\/\/www.vetinox.fr\/wp-content\/uploads\/2018\/11\/Logo-Vetinox-2.png","width":414,"height":126,"caption":"Vetinox"},"image":{"@id":"https:\/\/www.vetinox.fr\/#\/schema\/logo\/image\/"}}]}},"_links":{"self":[{"href":"https:\/\/www.vetinox.fr\/en\/wp-json\/wp\/v2\/product\/23837","targetHints":{"allow":["GET"]}}],"collection":[{"href":"https:\/\/www.vetinox.fr\/en\/wp-json\/wp\/v2\/product"}],"about":[{"href":"https:\/\/www.vetinox.fr\/en\/wp-json\/wp\/v2\/types\/product"}],"version-history":[{"count":0,"href":"https:\/\/www.vetinox.fr\/en\/wp-json\/wp\/v2\/product\/23837\/revisions"}],"wp:featuredmedia":[{"embeddable":true,"href":"https:\/\/www.vetinox.fr\/en\/wp-json\/wp\/v2\/media\/23573"}],"wp:attachment":[{"href":"https:\/\/www.vetinox.fr\/en\/wp-json\/wp\/v2\/media?parent=23837"}],"wp:term":[{"taxonomy":"product_brand","embeddable":true,"href":"https:\/\/www.vetinox.fr\/en\/wp-json\/wp\/v2\/product_brand?post=23837"},{"taxonomy":"product_cat","embeddable":true,"href":"https:\/\/www.vetinox.fr\/en\/wp-json\/wp\/v2\/product_cat?post=23837"},{"taxonomy":"product_tag","embeddable":true,"href":"https:\/\/www.vetinox.fr\/en\/wp-json\/wp\/v2\/product_tag?post=23837"}],"curies":[{"name":"wp","href":"https:\/\/api.w.org\/{rel}","templated":true}]}}