{"id":27797,"date":"2024-11-21T14:38:08","date_gmt":"2024-12-12T10:19:24","guid":{"rendered":"https:\/\/www.vetinox.fr\/produit\/set-of-3-stainless-steel-cages-1e2d-glass-door-separation-1-wheeled-frame\/"},"modified":"2024-12-12T11:19:24","modified_gmt":"2024-12-12T10:19:24","slug":"set-of-3-stainless-steel-cages-1e2d-glass-door-separation-1-wheeled-frame","status":"publish","type":"product","link":"https:\/\/www.vetinox.fr\/en\/produit\/set-of-3-stainless-steel-cages-1e2d-glass-door-separation-1-wheeled-frame\/","title":{"rendered":"Set of 3 stainless steel cages: 1E+2D glass door + separation + 1 wheeled frame"},"content":{"rendered":"<p>Features of the set of 3 stainless steel veterinary cages:<\/p>\n<ul>\n<li>1 E-format cage + 2 D-format cages<\/li>\n<li>Glass doors<\/li>\n<li>Forward-sloping cage floor for easy drainage and cleaning<\/li>\n<li>Reversible door opening: right or left<\/li>\n<li>Automatic door opening and closing<\/li>\n<li>Stainless steel chassis 4 wheels, 2 of which have brakes<\/li>\n<li>Possibility of integrating a removable recovery drawer: Height 40 mm and depth 250 mm<\/li>\n<li>Option of integrating gratings<\/li>\n<\/ul>\n<p style=\"text-align: left;\">&#8212;&#8212;-<\/p>\n<p>For the purchase of a referenced cage module, assembly parts are supplied.<\/p>\n<p><a href=\"https:\/\/www.vetinox.fr\/wp-content\/uploads\/2023\/11\/ModuleCages_piecesAssemblage-3-1.jpg\"><img fetchpriority=\"high\" decoding=\"async\" class=\" wp-image-25311\" src=\"https:\/\/www.vetinox.fr\/wp-content\/uploads\/2023\/11\/ModuleCages_piecesAssemblage-3-1.jpg\" alt=\"Assembly parts for cage modules\" width=\"690\" height=\"391\" srcset=\"https:\/\/www.vetinox.fr\/wp-content\/uploads\/2023\/11\/ModuleCages_piecesAssemblage-3-1.jpg 1004w, https:\/\/www.vetinox.fr\/wp-content\/uploads\/2023\/11\/ModuleCages_piecesAssemblage-3-1-300x170.jpg 300w, https:\/\/www.vetinox.fr\/wp-content\/uploads\/2023\/11\/ModuleCages_piecesAssemblage-3-1-768x435.jpg 768w, https:\/\/www.vetinox.fr\/wp-content\/uploads\/2023\/11\/ModuleCages_piecesAssemblage-3-1-600x340.jpg 600w\" sizes=\"(max-width: 690px) 100vw, 690px\" \/><\/a><\/p>\n","protected":false},"excerpt":{"rendered":"<p>Set of 3 stainless steel veterinary cages, including:<\/p>\n<p>&#8211; 1 E-format cage &#8211; Width: 1010 mm \/ Depth: 690 mm \/ Height: 998 mm<br \/>\n&#8211; 2 D-format cages &#8211; Width: 505 mm \/ Depth: 590 mm \/ Height: 550 mm<br \/>\n&#8211; 1 stainless steel divider<br \/>\n&#8211; 1 4-wheel chassis<br \/>\n&#8211; Drawers<\/p>\n<p>The cage set can be customized with recovery drawers and gratings.<\/p>\n","protected":false},"featured_media":29125,"template":"","meta":{"ocean_post_layout":"","ocean_both_sidebars_style":"","ocean_both_sidebars_content_width":0,"ocean_both_sidebars_sidebars_width":0,"ocean_sidebar":"0","ocean_second_sidebar":"0","ocean_disable_margins":"enable","ocean_add_body_class":"","ocean_shortcode_before_top_bar":"","ocean_shortcode_after_top_bar":"","ocean_shortcode_before_header":"","ocean_shortcode_after_header":"","ocean_has_shortcode":"","ocean_shortcode_after_title":"","ocean_shortcode_before_footer_widgets":"","ocean_shortcode_after_footer_widgets":"","ocean_shortcode_before_footer_bottom":"","ocean_shortcode_after_footer_bottom":"","ocean_display_top_bar":"default","ocean_display_header":"default","ocean_header_style":"","ocean_center_header_left_menu":"0","ocean_custom_header_template":"0","ocean_custom_logo":0,"ocean_custom_retina_logo":0,"ocean_custom_logo_max_width":0,"ocean_custom_logo_tablet_max_width":0,"ocean_custom_logo_mobile_max_width":0,"ocean_custom_logo_max_height":0,"ocean_custom_logo_tablet_max_height":0,"ocean_custom_logo_mobile_max_height":0,"ocean_header_custom_menu":"0","ocean_menu_typo_font_family":"0","ocean_menu_typo_font_subset":"","ocean_menu_typo_font_size":0,"ocean_menu_typo_font_size_tablet":0,"ocean_menu_typo_font_size_mobile":0,"ocean_menu_typo_font_size_unit":"px","ocean_menu_typo_font_weight":"","ocean_menu_typo_font_weight_tablet":"","ocean_menu_typo_font_weight_mobile":"","ocean_menu_typo_transform":"","ocean_menu_typo_transform_tablet":"","ocean_menu_typo_transform_mobile":"","ocean_menu_typo_line_height":0,"ocean_menu_typo_line_height_tablet":0,"ocean_menu_typo_line_height_mobile":0,"ocean_menu_typo_line_height_unit":"","ocean_menu_typo_spacing":0,"ocean_menu_typo_spacing_tablet":0,"ocean_menu_typo_spacing_mobile":0,"ocean_menu_typo_spacing_unit":"","ocean_menu_link_color":"","ocean_menu_link_color_hover":"","ocean_menu_link_color_active":"","ocean_menu_link_background":"","ocean_menu_link_hover_background":"","ocean_menu_link_active_background":"","ocean_menu_social_links_bg":"","ocean_menu_social_hover_links_bg":"","ocean_menu_social_links_color":"","ocean_menu_social_hover_links_color":"","ocean_disable_title":"default","ocean_disable_heading":"default","ocean_post_title":"","ocean_post_subheading":"","ocean_post_title_style":"","ocean_post_title_background_color":"","ocean_post_title_background":0,"ocean_post_title_bg_image_position":"","ocean_post_title_bg_image_attachment":"","ocean_post_title_bg_image_repeat":"","ocean_post_title_bg_image_size":"","ocean_post_title_height":0,"ocean_post_title_bg_overlay":0.5,"ocean_post_title_bg_overlay_color":"","ocean_disable_breadcrumbs":"default","ocean_breadcrumbs_color":"","ocean_breadcrumbs_separator_color":"","ocean_breadcrumbs_links_color":"","ocean_breadcrumbs_links_hover_color":"","ocean_display_footer_widgets":"default","ocean_display_footer_bottom":"default","ocean_custom_footer_template":"0"},"product_brand":[],"product_cat":[72,42],"product_tag":[],"class_list":{"0":"post-27797","1":"product","2":"type-product","3":"status-publish","4":"has-post-thumbnail","6":"product_cat-set-of-veterinary-cages-veterinary-cages","7":"product_cat-veterinary-cages","9":"entry","10":"has-media","12":"first","13":"instock","14":"shipping-taxable","15":"product-type-simple","16":"has-product-nav","17":"col","18":"span_1_of_4","19":"owp-content-center","20":"owp-thumbs-layout-vertical","21":"owp-btn-normal","22":"owp-tabs-layout-horizontal"},"yoast_head":"<!-- This site is optimized with the Yoast SEO plugin v27.0 - https:\/\/yoast.com\/product\/yoast-seo-wordpress\/ -->\n<title>Set of 3 stainless steel cages: 1E+2D glass door + separation + 1 wheeled frame - Vetinox<\/title>\n<meta name=\"description\" content=\"D\u00e9couvrez notre produit : Set of 3 stainless steel cages: 1E+2D glass door + separation + 1 wheeled frame - Mat\u00e9riel et \u00e9quipement adapt\u00e9 \u00e0 toutes vos utilisations v\u00e9t\u00e9rinaires.\" \/>\n<meta name=\"robots\" content=\"index, follow, max-snippet:-1, max-image-preview:large, max-video-preview:-1\" \/>\n<link rel=\"canonical\" href=\"https:\/\/www.vetinox.fr\/en\/produit\/set-of-3-stainless-steel-cages-1e2d-glass-door-separation-1-wheeled-frame\/\" \/>\n<meta property=\"og:locale\" content=\"en_US\" \/>\n<meta property=\"og:type\" content=\"article\" \/>\n<meta property=\"og:title\" content=\"Set of 3 stainless steel cages: 1E+2D glass door + separation + 1 wheeled frame - Vetinox\" \/>\n<meta property=\"og:description\" content=\"D\u00e9couvrez notre produit : Set of 3 stainless steel cages: 1E+2D glass door + separation + 1 wheeled frame - Mat\u00e9riel et \u00e9quipement adapt\u00e9 \u00e0 toutes vos utilisations v\u00e9t\u00e9rinaires.\" \/>\n<meta property=\"og:url\" content=\"https:\/\/www.vetinox.fr\/en\/produit\/set-of-3-stainless-steel-cages-1e2d-glass-door-separation-1-wheeled-frame\/\" \/>\n<meta property=\"og:site_name\" content=\"Vetinox\" \/>\n<meta property=\"og:image\" content=\"https:\/\/www.vetinox.fr\/wp-content\/uploads\/2023\/11\/ModuleCages_piecesAssemblage-3-1.jpg\" \/>\n\t<meta property=\"og:image:width\" content=\"1004\" \/>\n\t<meta property=\"og:image:height\" content=\"569\" \/>\n\t<meta property=\"og:image:type\" content=\"image\/jpeg\" \/>\n<meta name=\"twitter:card\" content=\"summary_large_image\" \/>\n<script type=\"application\/ld+json\" class=\"yoast-schema-graph\">{\"@context\":\"https:\/\/schema.org\",\"@graph\":[{\"@type\":\"WebPage\",\"@id\":\"https:\/\/www.vetinox.fr\/en\/produit\/set-of-3-stainless-steel-cages-1e2d-glass-door-separation-1-wheeled-frame\/\",\"url\":\"https:\/\/www.vetinox.fr\/en\/produit\/set-of-3-stainless-steel-cages-1e2d-glass-door-separation-1-wheeled-frame\/\",\"name\":\"Set of 3 stainless steel cages: 1E+2D glass door + separation + 1 wheeled frame - Vetinox\",\"isPartOf\":{\"@id\":\"https:\/\/www.vetinox.fr\/#website\"},\"primaryImageOfPage\":{\"@id\":\"https:\/\/www.vetinox.fr\/en\/produit\/set-of-3-stainless-steel-cages-1e2d-glass-door-separation-1-wheeled-frame\/#primaryimage\"},\"image\":{\"@id\":\"https:\/\/www.vetinox.fr\/en\/produit\/set-of-3-stainless-steel-cages-1e2d-glass-door-separation-1-wheeled-frame\/#primaryimage\"},\"thumbnailUrl\":\"https:\/\/www.vetinox.fr\/wp-content\/uploads\/2024\/11\/Vetinox_CI003205_Ensemble_3_cages_inox1E_2D_porte_verre_separation_1_chassis_a_roulettes-scaled-2.jpg\",\"datePublished\":\"2024-12-12T10:19:24+00:00\",\"description\":\"D\u00e9couvrez notre produit : Set of 3 stainless steel cages: 1E+2D glass door + separation + 1 wheeled frame - Mat\u00e9riel et \u00e9quipement adapt\u00e9 \u00e0 toutes vos utilisations v\u00e9t\u00e9rinaires.\",\"breadcrumb\":{\"@id\":\"https:\/\/www.vetinox.fr\/en\/produit\/set-of-3-stainless-steel-cages-1e2d-glass-door-separation-1-wheeled-frame\/#breadcrumb\"},\"inLanguage\":\"en-US\",\"potentialAction\":[{\"@type\":\"ReadAction\",\"target\":[\"https:\/\/www.vetinox.fr\/en\/produit\/set-of-3-stainless-steel-cages-1e2d-glass-door-separation-1-wheeled-frame\/\"]}]},{\"@type\":\"ImageObject\",\"inLanguage\":\"en-US\",\"@id\":\"https:\/\/www.vetinox.fr\/en\/produit\/set-of-3-stainless-steel-cages-1e2d-glass-door-separation-1-wheeled-frame\/#primaryimage\",\"url\":\"https:\/\/www.vetinox.fr\/wp-content\/uploads\/2024\/11\/Vetinox_CI003205_Ensemble_3_cages_inox1E_2D_porte_verre_separation_1_chassis_a_roulettes-scaled-2.jpg\",\"contentUrl\":\"https:\/\/www.vetinox.fr\/wp-content\/uploads\/2024\/11\/Vetinox_CI003205_Ensemble_3_cages_inox1E_2D_porte_verre_separation_1_chassis_a_roulettes-scaled-2.jpg\",\"width\":1004,\"height\":569,\"caption\":\"Ensemble 3 cages inox : 1E+2D porte grille inox + s\u00e9paration + 1 ch\u00e2ssis \u00e0 roulettes\"},{\"@type\":\"BreadcrumbList\",\"@id\":\"https:\/\/www.vetinox.fr\/en\/produit\/set-of-3-stainless-steel-cages-1e2d-glass-door-separation-1-wheeled-frame\/#breadcrumb\",\"itemListElement\":[{\"@type\":\"ListItem\",\"position\":1,\"name\":\"Home\",\"item\":\"https:\/\/www.vetinox.fr\/en\/\"},{\"@type\":\"ListItem\",\"position\":2,\"name\":\"Product archive\",\"item\":\"https:\/\/www.vetinox.fr\/en\/product-archive\/\"},{\"@type\":\"ListItem\",\"position\":3,\"name\":\"Veterinary cages\",\"item\":\"https:\/\/www.vetinox.fr\/en\/categorie-produit\/veterinary-cages\/\"},{\"@type\":\"ListItem\",\"position\":4,\"name\":\"Set of veterinary cages\",\"item\":\"https:\/\/www.vetinox.fr\/en\/categorie-produit\/veterinary-cages\/set-of-veterinary-cages-veterinary-cages\/\"},{\"@type\":\"ListItem\",\"position\":5,\"name\":\"Set of 3 stainless steel cages: 1E+2D glass door + separation + 1 wheeled frame\"}]},{\"@type\":\"WebSite\",\"@id\":\"https:\/\/www.vetinox.fr\/#website\",\"url\":\"https:\/\/www.vetinox.fr\/\",\"name\":\"Vetinox\",\"description\":\"Equipement Veterinaire\",\"publisher\":{\"@id\":\"https:\/\/www.vetinox.fr\/#organization\"},\"potentialAction\":[{\"@type\":\"SearchAction\",\"target\":{\"@type\":\"EntryPoint\",\"urlTemplate\":\"https:\/\/www.vetinox.fr\/?s={search_term_string}\"},\"query-input\":{\"@type\":\"PropertyValueSpecification\",\"valueRequired\":true,\"valueName\":\"search_term_string\"}}],\"inLanguage\":\"en-US\"},{\"@type\":\"Organization\",\"@id\":\"https:\/\/www.vetinox.fr\/#organization\",\"name\":\"Vetinox\",\"url\":\"https:\/\/www.vetinox.fr\/\",\"logo\":{\"@type\":\"ImageObject\",\"inLanguage\":\"en-US\",\"@id\":\"https:\/\/www.vetinox.fr\/#\/schema\/logo\/image\/\",\"url\":\"https:\/\/www.vetinox.fr\/wp-content\/uploads\/2018\/11\/Logo-Vetinox-2.png\",\"contentUrl\":\"https:\/\/www.vetinox.fr\/wp-content\/uploads\/2018\/11\/Logo-Vetinox-2.png\",\"width\":414,\"height\":126,\"caption\":\"Vetinox\"},\"image\":{\"@id\":\"https:\/\/www.vetinox.fr\/#\/schema\/logo\/image\/\"}}]}<\/script>\n<!-- \/ Yoast SEO plugin. -->","yoast_head_json":{"title":"Set of 3 stainless steel cages: 1E+2D glass door + separation + 1 wheeled frame - Vetinox","description":"D\u00e9couvrez notre produit : Set of 3 stainless steel cages: 1E+2D glass door + separation + 1 wheeled frame - Mat\u00e9riel et \u00e9quipement adapt\u00e9 \u00e0 toutes vos utilisations v\u00e9t\u00e9rinaires.","robots":{"index":"index","follow":"follow","max-snippet":"max-snippet:-1","max-image-preview":"max-image-preview:large","max-video-preview":"max-video-preview:-1"},"canonical":"https:\/\/www.vetinox.fr\/en\/produit\/set-of-3-stainless-steel-cages-1e2d-glass-door-separation-1-wheeled-frame\/","og_locale":"en_US","og_type":"article","og_title":"Set of 3 stainless steel cages: 1E+2D glass door + separation + 1 wheeled frame - Vetinox","og_description":"D\u00e9couvrez notre produit : Set of 3 stainless steel cages: 1E+2D glass door + separation + 1 wheeled frame - Mat\u00e9riel et \u00e9quipement adapt\u00e9 \u00e0 toutes vos utilisations v\u00e9t\u00e9rinaires.","og_url":"https:\/\/www.vetinox.fr\/en\/produit\/set-of-3-stainless-steel-cages-1e2d-glass-door-separation-1-wheeled-frame\/","og_site_name":"Vetinox","og_image":[{"width":1004,"height":569,"url":"https:\/\/www.vetinox.fr\/wp-content\/uploads\/2023\/11\/ModuleCages_piecesAssemblage-3-1.jpg","type":"image\/jpeg"}],"twitter_card":"summary_large_image","schema":{"@context":"https:\/\/schema.org","@graph":[{"@type":"WebPage","@id":"https:\/\/www.vetinox.fr\/en\/produit\/set-of-3-stainless-steel-cages-1e2d-glass-door-separation-1-wheeled-frame\/","url":"https:\/\/www.vetinox.fr\/en\/produit\/set-of-3-stainless-steel-cages-1e2d-glass-door-separation-1-wheeled-frame\/","name":"Set of 3 stainless steel cages: 1E+2D glass door + separation + 1 wheeled frame - Vetinox","isPartOf":{"@id":"https:\/\/www.vetinox.fr\/#website"},"primaryImageOfPage":{"@id":"https:\/\/www.vetinox.fr\/en\/produit\/set-of-3-stainless-steel-cages-1e2d-glass-door-separation-1-wheeled-frame\/#primaryimage"},"image":{"@id":"https:\/\/www.vetinox.fr\/en\/produit\/set-of-3-stainless-steel-cages-1e2d-glass-door-separation-1-wheeled-frame\/#primaryimage"},"thumbnailUrl":"https:\/\/www.vetinox.fr\/wp-content\/uploads\/2024\/11\/Vetinox_CI003205_Ensemble_3_cages_inox1E_2D_porte_verre_separation_1_chassis_a_roulettes-scaled-2.jpg","datePublished":"2024-12-12T10:19:24+00:00","description":"D\u00e9couvrez notre produit : Set of 3 stainless steel cages: 1E+2D glass door + separation + 1 wheeled frame - Mat\u00e9riel et \u00e9quipement adapt\u00e9 \u00e0 toutes vos utilisations v\u00e9t\u00e9rinaires.","breadcrumb":{"@id":"https:\/\/www.vetinox.fr\/en\/produit\/set-of-3-stainless-steel-cages-1e2d-glass-door-separation-1-wheeled-frame\/#breadcrumb"},"inLanguage":"en-US","potentialAction":[{"@type":"ReadAction","target":["https:\/\/www.vetinox.fr\/en\/produit\/set-of-3-stainless-steel-cages-1e2d-glass-door-separation-1-wheeled-frame\/"]}]},{"@type":"ImageObject","inLanguage":"en-US","@id":"https:\/\/www.vetinox.fr\/en\/produit\/set-of-3-stainless-steel-cages-1e2d-glass-door-separation-1-wheeled-frame\/#primaryimage","url":"https:\/\/www.vetinox.fr\/wp-content\/uploads\/2024\/11\/Vetinox_CI003205_Ensemble_3_cages_inox1E_2D_porte_verre_separation_1_chassis_a_roulettes-scaled-2.jpg","contentUrl":"https:\/\/www.vetinox.fr\/wp-content\/uploads\/2024\/11\/Vetinox_CI003205_Ensemble_3_cages_inox1E_2D_porte_verre_separation_1_chassis_a_roulettes-scaled-2.jpg","width":1004,"height":569,"caption":"Ensemble 3 cages inox : 1E+2D porte grille inox + s\u00e9paration + 1 ch\u00e2ssis \u00e0 roulettes"},{"@type":"BreadcrumbList","@id":"https:\/\/www.vetinox.fr\/en\/produit\/set-of-3-stainless-steel-cages-1e2d-glass-door-separation-1-wheeled-frame\/#breadcrumb","itemListElement":[{"@type":"ListItem","position":1,"name":"Home","item":"https:\/\/www.vetinox.fr\/en\/"},{"@type":"ListItem","position":2,"name":"Product archive","item":"https:\/\/www.vetinox.fr\/en\/product-archive\/"},{"@type":"ListItem","position":3,"name":"Veterinary cages","item":"https:\/\/www.vetinox.fr\/en\/categorie-produit\/veterinary-cages\/"},{"@type":"ListItem","position":4,"name":"Set of veterinary cages","item":"https:\/\/www.vetinox.fr\/en\/categorie-produit\/veterinary-cages\/set-of-veterinary-cages-veterinary-cages\/"},{"@type":"ListItem","position":5,"name":"Set of 3 stainless steel cages: 1E+2D glass door + separation + 1 wheeled frame"}]},{"@type":"WebSite","@id":"https:\/\/www.vetinox.fr\/#website","url":"https:\/\/www.vetinox.fr\/","name":"Vetinox","description":"Equipement Veterinaire","publisher":{"@id":"https:\/\/www.vetinox.fr\/#organization"},"potentialAction":[{"@type":"SearchAction","target":{"@type":"EntryPoint","urlTemplate":"https:\/\/www.vetinox.fr\/?s={search_term_string}"},"query-input":{"@type":"PropertyValueSpecification","valueRequired":true,"valueName":"search_term_string"}}],"inLanguage":"en-US"},{"@type":"Organization","@id":"https:\/\/www.vetinox.fr\/#organization","name":"Vetinox","url":"https:\/\/www.vetinox.fr\/","logo":{"@type":"ImageObject","inLanguage":"en-US","@id":"https:\/\/www.vetinox.fr\/#\/schema\/logo\/image\/","url":"https:\/\/www.vetinox.fr\/wp-content\/uploads\/2018\/11\/Logo-Vetinox-2.png","contentUrl":"https:\/\/www.vetinox.fr\/wp-content\/uploads\/2018\/11\/Logo-Vetinox-2.png","width":414,"height":126,"caption":"Vetinox"},"image":{"@id":"https:\/\/www.vetinox.fr\/#\/schema\/logo\/image\/"}}]}},"_links":{"self":[{"href":"https:\/\/www.vetinox.fr\/en\/wp-json\/wp\/v2\/product\/27797","targetHints":{"allow":["GET"]}}],"collection":[{"href":"https:\/\/www.vetinox.fr\/en\/wp-json\/wp\/v2\/product"}],"about":[{"href":"https:\/\/www.vetinox.fr\/en\/wp-json\/wp\/v2\/types\/product"}],"version-history":[{"count":0,"href":"https:\/\/www.vetinox.fr\/en\/wp-json\/wp\/v2\/product\/27797\/revisions"}],"wp:featuredmedia":[{"embeddable":true,"href":"https:\/\/www.vetinox.fr\/en\/wp-json\/wp\/v2\/media\/29125"}],"wp:attachment":[{"href":"https:\/\/www.vetinox.fr\/en\/wp-json\/wp\/v2\/media?parent=27797"}],"wp:term":[{"taxonomy":"product_brand","embeddable":true,"href":"https:\/\/www.vetinox.fr\/en\/wp-json\/wp\/v2\/product_brand?post=27797"},{"taxonomy":"product_cat","embeddable":true,"href":"https:\/\/www.vetinox.fr\/en\/wp-json\/wp\/v2\/product_cat?post=27797"},{"taxonomy":"product_tag","embeddable":true,"href":"https:\/\/www.vetinox.fr\/en\/wp-json\/wp\/v2\/product_tag?post=27797"}],"curies":[{"name":"wp","href":"https:\/\/api.w.org\/{rel}","templated":true}]}}