{"id":30855,"date":"2025-07-15T14:40:06","date_gmt":"2025-07-15T12:40:06","guid":{"rendered":"https:\/\/www.vetinox.fr\/?post_type=product&#038;p=30855"},"modified":"2025-07-15T15:17:15","modified_gmt":"2025-07-15T13:17:15","slug":"table-de-preparation-plateau-a-barreaux-pieds-excentres","status":"publish","type":"product","link":"https:\/\/www.vetinox.fr\/en\/produit\/table-de-preparation-plateau-a-barreaux-pieds-excentres\/","title":{"rendered":"Table de pr\u00e9paration plateau \u00e0 barreaux &#8211; pieds excentr\u00e9s"},"content":{"rendered":"<p>Table de pr\u00e9paration, plateau \u00e0 barreaux &#8211; pieds excentr\u00e9s \u2013 TA170030<\/p>\n<p>Plateau perfor\u00e9 (Longueur 1400 mm x largeur 600 mm \u2013 Hauteur 900 mm &#8211; Profondeur de la cuve 155 mm)<\/p>\n<ul>\n<li>Materiau tr\u00e8s r\u00e9sistant pour une fiabilit\u00e9 \u00e0 long terme<\/li>\n<li>Equipement ergonomique, robuste et hygi\u00e9nique<\/li>\n<li>Dimensions adaptables aux fonctionnalit\u00e9s de chaque \u00e9tablissement<\/li>\n<li>Hauteur qui permet de travailler assis<\/li>\n<li>Robinet m\u00e9langeur avec\u00a0 douchette<\/li>\n<li>Evacuation centrale<\/li>\n<li>Plateau amovible<\/li>\n<\/ul>\n","protected":false},"excerpt":{"rendered":"<div class=\"elementor-element elementor-element-47ce534 elementor-widget elementor-widget-woocommerce-product-short-description\" data-id=\"47ce534\" data-element_type=\"widget\" data-widget_type=\"woocommerce-product-short-description.default\">\n<div class=\"elementor-widget-container\">\n<div class=\"woocommerce-product-details__short-description\">\n<p>Table de pr\u00e9paration \u2013 Plateau \u00e0 barreaux &#8211; Pieds excentr\u00e9s<\/p>\n<ul>\n<li>Mat\u00e9riau tr\u00e8s r\u00e9sistant pour une fiabilit\u00e9 \u00e0 long terme<\/li>\n<li>Equipement ergonomique, robuste et hygi\u00e9nique<\/li>\n<li>Dimensions adaptables aux fonctionnalit\u00e9s de chaque \u00e9tablissement<\/li>\n<\/ul>\n<\/div>\n<\/div>\n<\/div>\n","protected":false},"featured_media":30856,"template":"","meta":{"ocean_post_layout":"","ocean_both_sidebars_style":"","ocean_both_sidebars_content_width":0,"ocean_both_sidebars_sidebars_width":0,"ocean_sidebar":"0","ocean_second_sidebar":"0","ocean_disable_margins":"enable","ocean_add_body_class":"","ocean_shortcode_before_top_bar":"","ocean_shortcode_after_top_bar":"","ocean_shortcode_before_header":"","ocean_shortcode_after_header":"","ocean_has_shortcode":"","ocean_shortcode_after_title":"","ocean_shortcode_before_footer_widgets":"","ocean_shortcode_after_footer_widgets":"","ocean_shortcode_before_footer_bottom":"","ocean_shortcode_after_footer_bottom":"","ocean_display_top_bar":"default","ocean_display_header":"default","ocean_header_style":"","ocean_center_header_left_menu":"0","ocean_custom_header_template":"0","ocean_custom_logo":0,"ocean_custom_retina_logo":0,"ocean_custom_logo_max_width":0,"ocean_custom_logo_tablet_max_width":0,"ocean_custom_logo_mobile_max_width":0,"ocean_custom_logo_max_height":0,"ocean_custom_logo_tablet_max_height":0,"ocean_custom_logo_mobile_max_height":0,"ocean_header_custom_menu":"0","ocean_menu_typo_font_family":"0","ocean_menu_typo_font_subset":"","ocean_menu_typo_font_size":0,"ocean_menu_typo_font_size_tablet":0,"ocean_menu_typo_font_size_mobile":0,"ocean_menu_typo_font_size_unit":"px","ocean_menu_typo_font_weight":"","ocean_menu_typo_font_weight_tablet":"","ocean_menu_typo_font_weight_mobile":"","ocean_menu_typo_transform":"","ocean_menu_typo_transform_tablet":"","ocean_menu_typo_transform_mobile":"","ocean_menu_typo_line_height":0,"ocean_menu_typo_line_height_tablet":0,"ocean_menu_typo_line_height_mobile":0,"ocean_menu_typo_line_height_unit":"","ocean_menu_typo_spacing":0,"ocean_menu_typo_spacing_tablet":0,"ocean_menu_typo_spacing_mobile":0,"ocean_menu_typo_spacing_unit":"","ocean_menu_link_color":"","ocean_menu_link_color_hover":"","ocean_menu_link_color_active":"","ocean_menu_link_background":"","ocean_menu_link_hover_background":"","ocean_menu_link_active_background":"","ocean_menu_social_links_bg":"","ocean_menu_social_hover_links_bg":"","ocean_menu_social_links_color":"","ocean_menu_social_hover_links_color":"","ocean_disable_title":"default","ocean_disable_heading":"default","ocean_post_title":"","ocean_post_subheading":"","ocean_post_title_style":"","ocean_post_title_background_color":"","ocean_post_title_background":0,"ocean_post_title_bg_image_position":"","ocean_post_title_bg_image_attachment":"","ocean_post_title_bg_image_repeat":"","ocean_post_title_bg_image_size":"","ocean_post_title_height":0,"ocean_post_title_bg_overlay":0.5,"ocean_post_title_bg_overlay_color":"","ocean_disable_breadcrumbs":"default","ocean_breadcrumbs_color":"","ocean_breadcrumbs_separator_color":"","ocean_breadcrumbs_links_color":"","ocean_breadcrumbs_links_hover_color":"","ocean_display_footer_widgets":"default","ocean_display_footer_bottom":"default","ocean_custom_footer_template":"0"},"product_brand":[],"product_cat":[61,44],"product_tag":[],"class_list":{"0":"post-30855","1":"product","2":"type-product","3":"status-publish","4":"has-post-thumbnail","6":"product_cat-preparation-tables-tables-veterinaires","7":"product_cat-veterinary-tables","8":"pa_type-de-plateau-plateau-barreaux","10":"entry","11":"has-media","13":"first","14":"instock","15":"shipping-taxable","16":"product-type-simple","17":"has-product-nav","18":"col","19":"span_1_of_4","20":"owp-content-center","21":"owp-thumbs-layout-vertical","22":"owp-btn-normal","23":"owp-tabs-layout-horizontal"},"yoast_head":"<!-- This site is optimized with the Yoast SEO plugin v27.0 - https:\/\/yoast.com\/product\/yoast-seo-wordpress\/ -->\n<title>Table de pr\u00e9paration plateau \u00e0 barreaux - pieds excentr\u00e9s - Vetinox<\/title>\n<meta name=\"description\" content=\"D\u00e9couvrez notre produit : Table de pr\u00e9paration plateau \u00e0 barreaux - pieds excentr\u00e9s - Mat\u00e9riel et \u00e9quipement adapt\u00e9 \u00e0 toutes vos utilisations v\u00e9t\u00e9rinaires.\" \/>\n<meta name=\"robots\" content=\"index, follow, max-snippet:-1, max-image-preview:large, max-video-preview:-1\" \/>\n<link rel=\"canonical\" href=\"https:\/\/www.vetinox.fr\/en\/produit\/table-de-preparation-plateau-a-barreaux-pieds-excentres\/\" \/>\n<meta property=\"og:locale\" content=\"en_US\" \/>\n<meta property=\"og:type\" content=\"article\" \/>\n<meta property=\"og:title\" content=\"Table de pr\u00e9paration plateau \u00e0 barreaux - pieds excentr\u00e9s - Vetinox\" \/>\n<meta property=\"og:description\" content=\"D\u00e9couvrez notre produit : Table de pr\u00e9paration plateau \u00e0 barreaux - pieds excentr\u00e9s - Mat\u00e9riel et \u00e9quipement adapt\u00e9 \u00e0 toutes vos utilisations v\u00e9t\u00e9rinaires.\" \/>\n<meta property=\"og:url\" content=\"https:\/\/www.vetinox.fr\/en\/produit\/table-de-preparation-plateau-a-barreaux-pieds-excentres\/\" \/>\n<meta property=\"og:site_name\" content=\"Vetinox\" \/>\n<meta property=\"article:modified_time\" content=\"2025-07-15T13:17:15+00:00\" \/>\n<meta property=\"og:image\" content=\"https:\/\/www.vetinox.fr\/wp-content\/uploads\/2025\/07\/VETINOX_TA170030_Table_preparation_plateau_barreaux_1400x600_P155_pieds_excentres.jpg\" \/>\n\t<meta property=\"og:image:width\" content=\"1004\" \/>\n\t<meta property=\"og:image:height\" content=\"569\" \/>\n\t<meta property=\"og:image:type\" content=\"image\/jpeg\" \/>\n<meta name=\"twitter:card\" content=\"summary_large_image\" \/>\n<meta name=\"twitter:label1\" content=\"Est. reading time\" \/>\n\t<meta name=\"twitter:data1\" content=\"1 minute\" \/>\n<script type=\"application\/ld+json\" class=\"yoast-schema-graph\">{\"@context\":\"https:\/\/schema.org\",\"@graph\":[{\"@type\":\"WebPage\",\"@id\":\"https:\/\/www.vetinox.fr\/en\/produit\/table-de-preparation-plateau-a-barreaux-pieds-excentres\/\",\"url\":\"https:\/\/www.vetinox.fr\/en\/produit\/table-de-preparation-plateau-a-barreaux-pieds-excentres\/\",\"name\":\"Table de pr\u00e9paration plateau \u00e0 barreaux - pieds excentr\u00e9s - Vetinox\",\"isPartOf\":{\"@id\":\"https:\/\/www.vetinox.fr\/#website\"},\"primaryImageOfPage\":{\"@id\":\"https:\/\/www.vetinox.fr\/en\/produit\/table-de-preparation-plateau-a-barreaux-pieds-excentres\/#primaryimage\"},\"image\":{\"@id\":\"https:\/\/www.vetinox.fr\/en\/produit\/table-de-preparation-plateau-a-barreaux-pieds-excentres\/#primaryimage\"},\"thumbnailUrl\":\"https:\/\/www.vetinox.fr\/wp-content\/uploads\/2025\/07\/VETINOX_TA170030_Table_preparation_plateau_barreaux_1400x600_P155_pieds_excentres.jpg\",\"datePublished\":\"2025-07-15T12:40:06+00:00\",\"dateModified\":\"2025-07-15T13:17:15+00:00\",\"description\":\"D\u00e9couvrez notre produit : Table de pr\u00e9paration plateau \u00e0 barreaux - pieds excentr\u00e9s - Mat\u00e9riel et \u00e9quipement adapt\u00e9 \u00e0 toutes vos utilisations v\u00e9t\u00e9rinaires.\",\"breadcrumb\":{\"@id\":\"https:\/\/www.vetinox.fr\/en\/produit\/table-de-preparation-plateau-a-barreaux-pieds-excentres\/#breadcrumb\"},\"inLanguage\":\"en-US\",\"potentialAction\":[{\"@type\":\"ReadAction\",\"target\":[\"https:\/\/www.vetinox.fr\/en\/produit\/table-de-preparation-plateau-a-barreaux-pieds-excentres\/\"]}]},{\"@type\":\"ImageObject\",\"inLanguage\":\"en-US\",\"@id\":\"https:\/\/www.vetinox.fr\/en\/produit\/table-de-preparation-plateau-a-barreaux-pieds-excentres\/#primaryimage\",\"url\":\"https:\/\/www.vetinox.fr\/wp-content\/uploads\/2025\/07\/VETINOX_TA170030_Table_preparation_plateau_barreaux_1400x600_P155_pieds_excentres.jpg\",\"contentUrl\":\"https:\/\/www.vetinox.fr\/wp-content\/uploads\/2025\/07\/VETINOX_TA170030_Table_preparation_plateau_barreaux_1400x600_P155_pieds_excentres.jpg\",\"width\":1004,\"height\":569,\"caption\":\"VETINOX_TA170030_Table_preparation_plateau_barreaux_1400x600_P155_pieds_excentres\"},{\"@type\":\"BreadcrumbList\",\"@id\":\"https:\/\/www.vetinox.fr\/en\/produit\/table-de-preparation-plateau-a-barreaux-pieds-excentres\/#breadcrumb\",\"itemListElement\":[{\"@type\":\"ListItem\",\"position\":1,\"name\":\"Home\",\"item\":\"https:\/\/www.vetinox.fr\/en\/\"},{\"@type\":\"ListItem\",\"position\":2,\"name\":\"Product archive\",\"item\":\"https:\/\/www.vetinox.fr\/en\/product-archive\/\"},{\"@type\":\"ListItem\",\"position\":3,\"name\":\"Veterinary tables\",\"item\":\"https:\/\/www.vetinox.fr\/en\/product-category\/veterinary-tables\/\"},{\"@type\":\"ListItem\",\"position\":4,\"name\":\"Table de pr\u00e9paration plateau \u00e0 barreaux &#8211; pieds excentr\u00e9s\"}]},{\"@type\":\"WebSite\",\"@id\":\"https:\/\/www.vetinox.fr\/#website\",\"url\":\"https:\/\/www.vetinox.fr\/\",\"name\":\"Vetinox\",\"description\":\"Equipement Veterinaire\",\"publisher\":{\"@id\":\"https:\/\/www.vetinox.fr\/#organization\"},\"potentialAction\":[{\"@type\":\"SearchAction\",\"target\":{\"@type\":\"EntryPoint\",\"urlTemplate\":\"https:\/\/www.vetinox.fr\/?s={search_term_string}\"},\"query-input\":{\"@type\":\"PropertyValueSpecification\",\"valueRequired\":true,\"valueName\":\"search_term_string\"}}],\"inLanguage\":\"en-US\"},{\"@type\":\"Organization\",\"@id\":\"https:\/\/www.vetinox.fr\/#organization\",\"name\":\"Vetinox\",\"url\":\"https:\/\/www.vetinox.fr\/\",\"logo\":{\"@type\":\"ImageObject\",\"inLanguage\":\"en-US\",\"@id\":\"https:\/\/www.vetinox.fr\/#\/schema\/logo\/image\/\",\"url\":\"https:\/\/www.vetinox.fr\/wp-content\/uploads\/2018\/11\/Logo-Vetinox-2.png\",\"contentUrl\":\"https:\/\/www.vetinox.fr\/wp-content\/uploads\/2018\/11\/Logo-Vetinox-2.png\",\"width\":414,\"height\":126,\"caption\":\"Vetinox\"},\"image\":{\"@id\":\"https:\/\/www.vetinox.fr\/#\/schema\/logo\/image\/\"}}]}<\/script>\n<!-- \/ Yoast SEO plugin. -->","yoast_head_json":{"title":"Table de pr\u00e9paration plateau \u00e0 barreaux - pieds excentr\u00e9s - Vetinox","description":"D\u00e9couvrez notre produit : Table de pr\u00e9paration plateau \u00e0 barreaux - pieds excentr\u00e9s - Mat\u00e9riel et \u00e9quipement adapt\u00e9 \u00e0 toutes vos utilisations v\u00e9t\u00e9rinaires.","robots":{"index":"index","follow":"follow","max-snippet":"max-snippet:-1","max-image-preview":"max-image-preview:large","max-video-preview":"max-video-preview:-1"},"canonical":"https:\/\/www.vetinox.fr\/en\/produit\/table-de-preparation-plateau-a-barreaux-pieds-excentres\/","og_locale":"en_US","og_type":"article","og_title":"Table de pr\u00e9paration plateau \u00e0 barreaux - pieds excentr\u00e9s - Vetinox","og_description":"D\u00e9couvrez notre produit : Table de pr\u00e9paration plateau \u00e0 barreaux - pieds excentr\u00e9s - Mat\u00e9riel et \u00e9quipement adapt\u00e9 \u00e0 toutes vos utilisations v\u00e9t\u00e9rinaires.","og_url":"https:\/\/www.vetinox.fr\/en\/produit\/table-de-preparation-plateau-a-barreaux-pieds-excentres\/","og_site_name":"Vetinox","article_modified_time":"2025-07-15T13:17:15+00:00","og_image":[{"width":1004,"height":569,"url":"https:\/\/www.vetinox.fr\/wp-content\/uploads\/2025\/07\/VETINOX_TA170030_Table_preparation_plateau_barreaux_1400x600_P155_pieds_excentres.jpg","type":"image\/jpeg"}],"twitter_card":"summary_large_image","twitter_misc":{"Est. reading time":"1 minute"},"schema":{"@context":"https:\/\/schema.org","@graph":[{"@type":"WebPage","@id":"https:\/\/www.vetinox.fr\/en\/produit\/table-de-preparation-plateau-a-barreaux-pieds-excentres\/","url":"https:\/\/www.vetinox.fr\/en\/produit\/table-de-preparation-plateau-a-barreaux-pieds-excentres\/","name":"Table de pr\u00e9paration plateau \u00e0 barreaux - pieds excentr\u00e9s - Vetinox","isPartOf":{"@id":"https:\/\/www.vetinox.fr\/#website"},"primaryImageOfPage":{"@id":"https:\/\/www.vetinox.fr\/en\/produit\/table-de-preparation-plateau-a-barreaux-pieds-excentres\/#primaryimage"},"image":{"@id":"https:\/\/www.vetinox.fr\/en\/produit\/table-de-preparation-plateau-a-barreaux-pieds-excentres\/#primaryimage"},"thumbnailUrl":"https:\/\/www.vetinox.fr\/wp-content\/uploads\/2025\/07\/VETINOX_TA170030_Table_preparation_plateau_barreaux_1400x600_P155_pieds_excentres.jpg","datePublished":"2025-07-15T12:40:06+00:00","dateModified":"2025-07-15T13:17:15+00:00","description":"D\u00e9couvrez notre produit : Table de pr\u00e9paration plateau \u00e0 barreaux - pieds excentr\u00e9s - Mat\u00e9riel et \u00e9quipement adapt\u00e9 \u00e0 toutes vos utilisations v\u00e9t\u00e9rinaires.","breadcrumb":{"@id":"https:\/\/www.vetinox.fr\/en\/produit\/table-de-preparation-plateau-a-barreaux-pieds-excentres\/#breadcrumb"},"inLanguage":"en-US","potentialAction":[{"@type":"ReadAction","target":["https:\/\/www.vetinox.fr\/en\/produit\/table-de-preparation-plateau-a-barreaux-pieds-excentres\/"]}]},{"@type":"ImageObject","inLanguage":"en-US","@id":"https:\/\/www.vetinox.fr\/en\/produit\/table-de-preparation-plateau-a-barreaux-pieds-excentres\/#primaryimage","url":"https:\/\/www.vetinox.fr\/wp-content\/uploads\/2025\/07\/VETINOX_TA170030_Table_preparation_plateau_barreaux_1400x600_P155_pieds_excentres.jpg","contentUrl":"https:\/\/www.vetinox.fr\/wp-content\/uploads\/2025\/07\/VETINOX_TA170030_Table_preparation_plateau_barreaux_1400x600_P155_pieds_excentres.jpg","width":1004,"height":569,"caption":"VETINOX_TA170030_Table_preparation_plateau_barreaux_1400x600_P155_pieds_excentres"},{"@type":"BreadcrumbList","@id":"https:\/\/www.vetinox.fr\/en\/produit\/table-de-preparation-plateau-a-barreaux-pieds-excentres\/#breadcrumb","itemListElement":[{"@type":"ListItem","position":1,"name":"Home","item":"https:\/\/www.vetinox.fr\/en\/"},{"@type":"ListItem","position":2,"name":"Product archive","item":"https:\/\/www.vetinox.fr\/en\/product-archive\/"},{"@type":"ListItem","position":3,"name":"Veterinary tables","item":"https:\/\/www.vetinox.fr\/en\/product-category\/veterinary-tables\/"},{"@type":"ListItem","position":4,"name":"Table de pr\u00e9paration plateau \u00e0 barreaux &#8211; pieds excentr\u00e9s"}]},{"@type":"WebSite","@id":"https:\/\/www.vetinox.fr\/#website","url":"https:\/\/www.vetinox.fr\/","name":"Vetinox","description":"Equipement Veterinaire","publisher":{"@id":"https:\/\/www.vetinox.fr\/#organization"},"potentialAction":[{"@type":"SearchAction","target":{"@type":"EntryPoint","urlTemplate":"https:\/\/www.vetinox.fr\/?s={search_term_string}"},"query-input":{"@type":"PropertyValueSpecification","valueRequired":true,"valueName":"search_term_string"}}],"inLanguage":"en-US"},{"@type":"Organization","@id":"https:\/\/www.vetinox.fr\/#organization","name":"Vetinox","url":"https:\/\/www.vetinox.fr\/","logo":{"@type":"ImageObject","inLanguage":"en-US","@id":"https:\/\/www.vetinox.fr\/#\/schema\/logo\/image\/","url":"https:\/\/www.vetinox.fr\/wp-content\/uploads\/2018\/11\/Logo-Vetinox-2.png","contentUrl":"https:\/\/www.vetinox.fr\/wp-content\/uploads\/2018\/11\/Logo-Vetinox-2.png","width":414,"height":126,"caption":"Vetinox"},"image":{"@id":"https:\/\/www.vetinox.fr\/#\/schema\/logo\/image\/"}}]}},"_links":{"self":[{"href":"https:\/\/www.vetinox.fr\/en\/wp-json\/wp\/v2\/product\/30855","targetHints":{"allow":["GET"]}}],"collection":[{"href":"https:\/\/www.vetinox.fr\/en\/wp-json\/wp\/v2\/product"}],"about":[{"href":"https:\/\/www.vetinox.fr\/en\/wp-json\/wp\/v2\/types\/product"}],"version-history":[{"count":0,"href":"https:\/\/www.vetinox.fr\/en\/wp-json\/wp\/v2\/product\/30855\/revisions"}],"wp:featuredmedia":[{"embeddable":true,"href":"https:\/\/www.vetinox.fr\/en\/wp-json\/wp\/v2\/media\/30856"}],"wp:attachment":[{"href":"https:\/\/www.vetinox.fr\/en\/wp-json\/wp\/v2\/media?parent=30855"}],"wp:term":[{"taxonomy":"product_brand","embeddable":true,"href":"https:\/\/www.vetinox.fr\/en\/wp-json\/wp\/v2\/product_brand?post=30855"},{"taxonomy":"product_cat","embeddable":true,"href":"https:\/\/www.vetinox.fr\/en\/wp-json\/wp\/v2\/product_cat?post=30855"},{"taxonomy":"product_tag","embeddable":true,"href":"https:\/\/www.vetinox.fr\/en\/wp-json\/wp\/v2\/product_tag?post=30855"}],"curies":[{"name":"wp","href":"https:\/\/api.w.org\/{rel}","templated":true}]}}