{"id":32276,"date":"2026-05-11T16:32:20","date_gmt":"2026-05-11T14:32:20","guid":{"rendered":"https:\/\/www.vetinox.fr\/?post_type=product&#038;p=32276"},"modified":"2026-05-12T09:53:29","modified_gmt":"2026-05-12T07:53:29","slug":"pack_ultra_table_de_chirurgie_elite_plateau_dentisterie_bague_crochet","status":"publish","type":"product","link":"https:\/\/www.vetinox.fr\/en\/produit\/pack_ultra_table_de_chirurgie_elite_plateau_dentisterie_bague_crochet\/","title":{"rendered":"Pack ULTRA \u2013 Table de chirurgie ELITE plateau en V + plateau de dentisterie + bague crochet"},"content":{"rendered":"<p>Pack ULTRA : Le haut de gamme pour la chirurgie sp\u00e9cialis\u00e9e<br \/>\nLe Pack ULTRA repr\u00e9sente la configuration la plus compl\u00e8te, sp\u00e9cifiquement d\u00e9velopp\u00e9e pour la chirurgie dentaire avanc\u00e9e et sp\u00e9cialis\u00e9e. <\/p>\n<p>Ce pack contient : une Table de chirurgie ELITE plateau en V 3\u00e8me sens (R\u00e9f. <a style=\"color: #185fa5; font-weight: 600;\" href=\"https:\/\/www.vetinox.fr\/produit\/table-chirurgie-elite-plateaux-inclinables-en-v\/\">TA710110<\/a>) + 1 plateau de dentisterie avec \u00e9vacuation pour table de chirurgie pateau en V (R\u00e9f. <a style=\"color: #185fa5; font-weight: 600;\" href=\"https:\/\/www.vetinox.fr\/produit\/plateau_de_dentisterie_en_inox_avec_evacuation_pour_table_de_chirurgie\/\">EQ600023<\/a>) + une bague crochet pour \u00e9vacuation pour table de chirurgie<br \/>\n(R\u00e9f. <a style=\"color: #185fa5; font-weight: 600;\" href=\"https:\/\/www.vetinox.fr\/produit\/bague-crochet-pour-evacuation-table-de-chirurgie-ta700\/\">EQ900009<\/a>).<\/p>\n<p>&nbsp;&nbsp;&nbsp;<\/p>\n<style>\n.pack-cards {\n  display: grid;\n  grid-template-columns: 1fr 1fr;\n  gap: 10px;\n  margin: 1.5rem 0;\n  font-family: sans-serif;\n}\n.pack-card {\n  border: 1px solid #ddd;\n  border-radius: 8px;\n  overflow: hidden;\n  background: #fff;\n  display: flex;\n  flex-direction: column;\n}\n.pack-card-img-wrap {\n  overflow: hidden;\n  display: flex;\n  align-items: center;\n  justify-content: center;\n  padding: 10px;\n}\n.pack-card-img-wrap img {\n  width: 100%;\n  height: auto;\n  max-height: 250px;\n  object-fit: contain;\n  transition: transform 0.3s ease;\n  display: block;\n}\n.pack-card-img-wrap:hover img {\n  transform: scale(1.08);\n}\n.pack-card-body {\n  padding: 14px;\n  display: flex;\n  flex-direction: column;\n  flex: 1;\n  gap: 6px;\n}\n.pack-card-ref {\n  font-size: 11px;\n  color: #888;\n  text-transform: uppercase;\n  letter-spacing: 0.05em;\n}\n.pack-card-name {\n  font-size: 14px;\n  font-weight: 600;\n  color: #222;\n  line-height: 1.4;\n}\n.pack-card-desc {\n  font-size: 14px;\n  color: #555;\n  line-height: 1.5;\n  flex: 1;\n}\n.pack-card-btn {\n  display: inline-block;\n  margin-top: 10px;\n  padding: 8px 14px;\n  background: #185FA5;\n  color: #fff;\n  text-decoration: none;\n  border-radius: 5px;\n  font-size: 14px;\n  font-weight: 500;\n  text-align: center;\n}\n.pack-title {\n  font-size: 13px;\n  font-weight: 600;\n  color: #888;\n  text-transform: uppercase;\n  letter-spacing: 0.05em;\n  margin-bottom: 4px;\n}\n@media (max-width: 500px) {\n  .pack-cards { grid-template-columns: 1fr; }\n}\n<\/style>\n<p class=\"pack-title\">Produits inclus dans ce pack<\/p>\n<div class=\"pack-cards\">\n<div class=\"pack-card\">\n    <a href=\"https:\/\/www.vetinox.fr\/produit\/table-chirurgie-elite-plateaux-inclinables-en-v\/\" class=\"pack-card-img-wrap\"><br \/>\n      <img decoding=\"async\" src=\"https:\/\/www.vetinox.fr\/wp-content\/uploads\/2024\/12\/TA710110_table_de_chirurgie_ELITE_plateau_en_V.png\" alt=\"Table chirurgie ELITE plateaux inclinables en V + porte serum\"><br \/>\n    <\/a><\/p>\n<div class=\"pack-card-body\">\n      <span class=\"pack-card-ref\">R\u00e9f. TA710110<\/span><br \/>\n      <span class=\"pack-card-name\">Table chirurgie ELITE plateaux inclinables en V + porte serum<\/span><br \/>\n      <span class=\"pack-card-desc\">Table chirurgie ELITE plateaux inclinables en V, 4 roues + porte serum (Proclive \u2013 d\u00e9clive \u00e9lectrique) inclinaison 3e sens<\/span><br \/>\n      <a href=\"https:\/\/www.vetinox.fr\/produit\/table-chirurgie-elite-plateaux-inclinables-en-v\/\" class=\"pack-card-btn\">Voir le produit \u2192<\/a>\n    <\/div>\n<\/p><\/div>\n<div class=\"pack-card\">\n    <a href=\"https:\/\/www.vetinox.fr\/produit\/plateau_de_dentisterie_en_inox_avec_evacuation_pour_table_de_chirurgie\/\" class=\"pack-card-img-wrap\"><br \/>\n      <img decoding=\"async\" src=\"https:\/\/www.vetinox.fr\/wp-content\/uploads\/2023\/11\/EQ600023_plateau_de_dentisterie_avec_evacuation_pour_table_de_chirurgie.jpg\" alt=\"Plateau de dentisterie avec evacuation pour table de chirurgie\"><br \/>\n    <\/a><\/p>\n<div class=\"pack-card-body\">\n      <span class=\"pack-card-ref\">R\u00e9f. EQ600023<\/span><br \/>\n      <span class=\"pack-card-name\">Plateau Dentisterie avec \u00e9vacuation pour table de chirurgie plateau en V<\/span><br \/>\n      <span class=\"pack-card-desc\">S&#8217;embo\u00eete sur la table TA710110 pour cr\u00e9er un poste dentaire complet, id\u00e9al pour de la dentisterie avanc\u00e9e.<\/span><br \/>\n      <a href=\"https:\/\/www.vetinox.fr\/produit\/plateau_de_dentisterie_en_inox_avec_evacuation_pour_table_de_chirurgie\/\" class=\"pack-card-btn\">Voir le produit \u2192<\/a>\n    <\/div>\n<\/p><\/div>\n<div class=\"pack-card\">\n    <a href=\"https:\/\/www.vetinox.fr\/produit\/bague-crochet-pour-evacuation-table-de-chirurgie-ta700\/\" class=\"pack-card-img-wrap\"><br \/>\n      <img decoding=\"async\" src=\"https:\/\/www.vetinox.fr\/wp-content\/uploads\/2023\/09\/Vetinox_EQ900009_BagueCrochetPourEvacuationTableDeChirurgieTA700.jpg\" alt=\"Plateau de dentisterie avec evacuation pour table de chirurgie\"><br \/>\n    <\/a><\/p>\n<div class=\"pack-card-body\">\n      <span class=\"pack-card-ref\">R\u00e9f. EQ900009<\/span><br \/>\n      <span class=\"pack-card-name\">Bague crochet pour \u00e9vacuation table de chirurgie TA700<\/span><br \/>\n      <span class=\"pack-card-desc\">Bague crochet en inox pour \u00e9vacuation de table de chirurgie v\u00e9t\u00e9rinaire TA700. Robuste, hygi\u00e9nique et facile \u00e0 installer, elle permet de fixer efficacement les \u00e9l\u00e9ments d\u2019\u00e9vacuation pour maintenir un espace op\u00e9ratoire propre et fonctionnel.<\/span><br \/>\n      <a href=\"https:\/\/www.vetinox.fr\/produit\/bague-crochet-pour-evacuation-table-de-chirurgie-ta700\/\" class=\"pack-card-btn\">Voir le produit \u2192<\/a>\n    <\/div>\n<\/p><\/div>\n<\/div>\n","protected":false},"excerpt":{"rendered":"<p>Pack ULTRA : Le haut de gamme pour la chirurgie sp\u00e9cialis\u00e9e<br \/>\nLe Pack ULTRA repr\u00e9sente la configuration la plus compl\u00e8te, sp\u00e9cifiquement d\u00e9velopp\u00e9e pour la chirurgie dentaire avanc\u00e9e et sp\u00e9cialis\u00e9e. <\/p>\n<p>Ce pack contient : une Table de chirurgie ELITE plateau en V 3\u00e8me sens (R\u00e9f. <a style=\"color: #185fa5; font-weight: 600;\" href=\"https:\/\/www.vetinox.fr\/produit\/table-chirurgie-elite-plateaux-inclinables-en-v\/\">TA710110<\/a>) + 1 plateau de dentisterie avec \u00e9vacuation pour table de chirurgie pateau en V (R\u00e9f. <a style=\"color: #185fa5; font-weight: 600;\" href=\"https:\/\/www.vetinox.fr\/produit\/plateau_de_dentisterie_en_inox_avec_evacuation_pour_table_de_chirurgie\/\">EQ600023<\/a>) + une bague crochet pour \u00e9vacuation pour table de chirurgie<br \/>\n(R\u00e9f. <a style=\"color: #185fa5; font-weight: 600;\" href=\"https:\/\/www.vetinox.fr\/produit\/bague-crochet-pour-evacuation-table-de-chirurgie-ta700\/\">EQ900009<\/a>).<\/p>\n<p>La garantie d\u2019une structure robuste pour tous vos soins.<\/p>\n<div style=\"margin-top: 10px;\"><a style=\"display: inline-block; padding: 10px 20px; background-color: #185fa5; color: #fff; text-decoration: none; border-radius: 12px; font-size: 14px; font-weight: 600; letter-spacing: 0.05em;\" href=\"https:\/\/www.vetinox.fr\/demande-de-devis-dentisterie\/?pack=Pack+Ultra\">Demande de devis<br \/>\n<\/a><\/div>\n","protected":false},"featured_media":32226,"template":"","meta":{"ocean_post_layout":"","ocean_both_sidebars_style":"","ocean_both_sidebars_content_width":0,"ocean_both_sidebars_sidebars_width":0,"ocean_sidebar":"0","ocean_second_sidebar":"0","ocean_disable_margins":"enable","ocean_add_body_class":"","ocean_shortcode_before_top_bar":"","ocean_shortcode_after_top_bar":"","ocean_shortcode_before_header":"","ocean_shortcode_after_header":"","ocean_has_shortcode":"","ocean_shortcode_after_title":"","ocean_shortcode_before_footer_widgets":"","ocean_shortcode_after_footer_widgets":"","ocean_shortcode_before_footer_bottom":"","ocean_shortcode_after_footer_bottom":"","ocean_display_top_bar":"default","ocean_display_header":"default","ocean_header_style":"","ocean_center_header_left_menu":"0","ocean_custom_header_template":"0","ocean_custom_logo":0,"ocean_custom_retina_logo":0,"ocean_custom_logo_max_width":0,"ocean_custom_logo_tablet_max_width":0,"ocean_custom_logo_mobile_max_width":0,"ocean_custom_logo_max_height":0,"ocean_custom_logo_tablet_max_height":0,"ocean_custom_logo_mobile_max_height":0,"ocean_header_custom_menu":"0","ocean_menu_typo_font_family":"0","ocean_menu_typo_font_subset":"","ocean_menu_typo_font_size":0,"ocean_menu_typo_font_size_tablet":0,"ocean_menu_typo_font_size_mobile":0,"ocean_menu_typo_font_size_unit":"px","ocean_menu_typo_font_weight":"","ocean_menu_typo_font_weight_tablet":"","ocean_menu_typo_font_weight_mobile":"","ocean_menu_typo_transform":"","ocean_menu_typo_transform_tablet":"","ocean_menu_typo_transform_mobile":"","ocean_menu_typo_line_height":0,"ocean_menu_typo_line_height_tablet":0,"ocean_menu_typo_line_height_mobile":0,"ocean_menu_typo_line_height_unit":"","ocean_menu_typo_spacing":0,"ocean_menu_typo_spacing_tablet":0,"ocean_menu_typo_spacing_mobile":0,"ocean_menu_typo_spacing_unit":"","ocean_menu_link_color":"","ocean_menu_link_color_hover":"","ocean_menu_link_color_active":"","ocean_menu_link_background":"","ocean_menu_link_hover_background":"","ocean_menu_link_active_background":"","ocean_menu_social_links_bg":"","ocean_menu_social_hover_links_bg":"","ocean_menu_social_links_color":"","ocean_menu_social_hover_links_color":"","ocean_disable_title":"default","ocean_disable_heading":"default","ocean_post_title":"","ocean_post_subheading":"","ocean_post_title_style":"","ocean_post_title_background_color":"","ocean_post_title_background":0,"ocean_post_title_bg_image_position":"","ocean_post_title_bg_image_attachment":"","ocean_post_title_bg_image_repeat":"","ocean_post_title_bg_image_size":"","ocean_post_title_height":0,"ocean_post_title_bg_overlay":0.5,"ocean_post_title_bg_overlay_color":"","ocean_disable_breadcrumbs":"default","ocean_breadcrumbs_color":"","ocean_breadcrumbs_separator_color":"","ocean_breadcrumbs_links_color":"","ocean_breadcrumbs_links_hover_color":"","ocean_display_footer_widgets":"default","ocean_display_footer_bottom":"default","ocean_custom_footer_template":"0"},"product_brand":[],"product_cat":[325,34,166],"product_tag":[],"class_list":{"0":"post-32276","1":"product","2":"type-product","3":"status-publish","4":"has-post-thumbnail","6":"product_cat-plateaux-dentaires","7":"product_cat-tables-veterinaires","8":"product_cat-tables-elite","10":"entry","11":"has-media","13":"first","14":"instock","15":"shipping-taxable","16":"product-type-simple","17":"has-product-nav","18":"col","19":"span_1_of_4","20":"owp-content-center","21":"owp-thumbs-layout-vertical","22":"owp-btn-normal","23":"owp-tabs-layout-horizontal","24":"has-no-thumbnails"},"yoast_head":"<!-- This site is optimized with the Yoast SEO plugin v27.6 - https:\/\/yoast.com\/product\/yoast-seo-wordpress\/ -->\n<title>Pack ULTRA \u2013 Table de chirurgie ELITE plateau en V + plateau de dentisterie + bague crochet - Vetinox<\/title>\n<meta name=\"description\" content=\"D\u00e9couvrez notre produit : Pack ULTRA \u2013 Table de chirurgie ELITE plateau en V + plateau de dentisterie + bague crochet - Mat\u00e9riel et \u00e9quipement adapt\u00e9 \u00e0 toutes vos utilisations v\u00e9t\u00e9rinaires.\" \/>\n<meta name=\"robots\" content=\"index, follow, max-snippet:-1, max-image-preview:large, max-video-preview:-1\" \/>\n<link rel=\"canonical\" href=\"https:\/\/www.vetinox.fr\/produit\/pack_ultra_table_de_chirurgie_elite_plateau_dentisterie_bague_crochet\/\" \/>\n<meta property=\"og:locale\" content=\"en_US\" \/>\n<meta property=\"og:type\" content=\"article\" \/>\n<meta property=\"og:title\" content=\"Pack ULTRA \u2013 Table de chirurgie ELITE plateau en V + plateau de dentisterie + bague crochet - Vetinox\" \/>\n<meta property=\"og:description\" content=\"D\u00e9couvrez notre produit : Pack ULTRA \u2013 Table de chirurgie ELITE plateau en V + plateau de dentisterie + bague crochet - Mat\u00e9riel et \u00e9quipement adapt\u00e9 \u00e0 toutes vos utilisations v\u00e9t\u00e9rinaires.\" \/>\n<meta property=\"og:url\" content=\"https:\/\/www.vetinox.fr\/produit\/pack_ultra_table_de_chirurgie_elite_plateau_dentisterie_bague_crochet\/\" \/>\n<meta property=\"og:site_name\" content=\"Vetinox\" \/>\n<meta property=\"article:modified_time\" content=\"2026-05-12T07:53:29+00:00\" \/>\n<meta property=\"og:image\" content=\"https:\/\/www.vetinox.fr\/wp-content\/uploads\/2023\/11\/PackULTRA_TableDeChirurgieELITE_plateauDentisterie.jpg\" \/>\n\t<meta property=\"og:image:width\" content=\"985\" \/>\n\t<meta property=\"og:image:height\" content=\"510\" \/>\n\t<meta property=\"og:image:type\" content=\"image\/jpeg\" \/>\n<meta name=\"twitter:card\" content=\"summary_large_image\" \/>\n<meta name=\"twitter:label1\" content=\"Est. reading time\" \/>\n\t<meta name=\"twitter:data1\" content=\"2 minutes\" \/>\n<script type=\"application\/ld+json\" class=\"yoast-schema-graph\">{\"@context\":\"https:\\\/\\\/schema.org\",\"@graph\":[{\"@type\":\"WebPage\",\"@id\":\"https:\\\/\\\/www.vetinox.fr\\\/produit\\\/pack_ultra_table_de_chirurgie_elite_plateau_dentisterie_bague_crochet\\\/\",\"url\":\"https:\\\/\\\/www.vetinox.fr\\\/produit\\\/pack_ultra_table_de_chirurgie_elite_plateau_dentisterie_bague_crochet\\\/\",\"name\":\"Pack ULTRA \u2013 Table de chirurgie ELITE plateau en V + plateau de dentisterie + bague crochet - Vetinox\",\"isPartOf\":{\"@id\":\"https:\\\/\\\/www.vetinox.fr\\\/#website\"},\"primaryImageOfPage\":{\"@id\":\"https:\\\/\\\/www.vetinox.fr\\\/produit\\\/pack_ultra_table_de_chirurgie_elite_plateau_dentisterie_bague_crochet\\\/#primaryimage\"},\"image\":{\"@id\":\"https:\\\/\\\/www.vetinox.fr\\\/produit\\\/pack_ultra_table_de_chirurgie_elite_plateau_dentisterie_bague_crochet\\\/#primaryimage\"},\"thumbnailUrl\":\"https:\\\/\\\/www.vetinox.fr\\\/wp-content\\\/uploads\\\/2023\\\/11\\\/PackULTRA_TableDeChirurgieELITE_plateauDentisterie.jpg\",\"datePublished\":\"2026-05-11T14:32:20+00:00\",\"dateModified\":\"2026-05-12T07:53:29+00:00\",\"description\":\"D\u00e9couvrez notre produit : Pack ULTRA \u2013 Table de chirurgie ELITE plateau en V + plateau de dentisterie + bague crochet - Mat\u00e9riel et \u00e9quipement adapt\u00e9 \u00e0 toutes vos utilisations v\u00e9t\u00e9rinaires.\",\"breadcrumb\":{\"@id\":\"https:\\\/\\\/www.vetinox.fr\\\/produit\\\/pack_ultra_table_de_chirurgie_elite_plateau_dentisterie_bague_crochet\\\/#breadcrumb\"},\"inLanguage\":\"en-US\",\"potentialAction\":[{\"@type\":\"ReadAction\",\"target\":[\"https:\\\/\\\/www.vetinox.fr\\\/produit\\\/pack_ultra_table_de_chirurgie_elite_plateau_dentisterie_bague_crochet\\\/\"]}]},{\"@type\":\"ImageObject\",\"inLanguage\":\"en-US\",\"@id\":\"https:\\\/\\\/www.vetinox.fr\\\/produit\\\/pack_ultra_table_de_chirurgie_elite_plateau_dentisterie_bague_crochet\\\/#primaryimage\",\"url\":\"https:\\\/\\\/www.vetinox.fr\\\/wp-content\\\/uploads\\\/2023\\\/11\\\/PackULTRA_TableDeChirurgieELITE_plateauDentisterie.jpg\",\"contentUrl\":\"https:\\\/\\\/www.vetinox.fr\\\/wp-content\\\/uploads\\\/2023\\\/11\\\/PackULTRA_TableDeChirurgieELITE_plateauDentisterie.jpg\",\"width\":985,\"height\":510,\"caption\":\"TA710110 Table de chirurgie ELITE plateau en V 3\u00e8me sens avec plateau de chirurgie\"},{\"@type\":\"BreadcrumbList\",\"@id\":\"https:\\\/\\\/www.vetinox.fr\\\/produit\\\/pack_ultra_table_de_chirurgie_elite_plateau_dentisterie_bague_crochet\\\/#breadcrumb\",\"itemListElement\":[{\"@type\":\"ListItem\",\"position\":1,\"name\":\"Home\",\"item\":\"https:\\\/\\\/www.vetinox.fr\\\/en\\\/\"},{\"@type\":\"ListItem\",\"position\":2,\"name\":\"Product archive\",\"item\":\"https:\\\/\\\/www.vetinox.fr\\\/en\\\/product-archive\\\/\"},{\"@type\":\"ListItem\",\"position\":3,\"name\":\"TABLES\",\"item\":\"https:\\\/\\\/www.vetinox.fr\\\/categorie-produit\\\/tables-veterinaires\\\/\"},{\"@type\":\"ListItem\",\"position\":4,\"name\":\"Pack ULTRA \u2013 Table de chirurgie ELITE plateau en V + plateau de dentisterie + bague crochet\"}]},{\"@type\":\"WebSite\",\"@id\":\"https:\\\/\\\/www.vetinox.fr\\\/#website\",\"url\":\"https:\\\/\\\/www.vetinox.fr\\\/\",\"name\":\"Vetinox\",\"description\":\"Equipement Veterinaire\",\"publisher\":{\"@id\":\"https:\\\/\\\/www.vetinox.fr\\\/#organization\"},\"potentialAction\":[{\"@type\":\"SearchAction\",\"target\":{\"@type\":\"EntryPoint\",\"urlTemplate\":\"https:\\\/\\\/www.vetinox.fr\\\/?s={search_term_string}\"},\"query-input\":{\"@type\":\"PropertyValueSpecification\",\"valueRequired\":true,\"valueName\":\"search_term_string\"}}],\"inLanguage\":\"en-US\"},{\"@type\":\"Organization\",\"@id\":\"https:\\\/\\\/www.vetinox.fr\\\/#organization\",\"name\":\"Vetinox\",\"url\":\"https:\\\/\\\/www.vetinox.fr\\\/\",\"logo\":{\"@type\":\"ImageObject\",\"inLanguage\":\"en-US\",\"@id\":\"https:\\\/\\\/www.vetinox.fr\\\/#\\\/schema\\\/logo\\\/image\\\/\",\"url\":\"https:\\\/\\\/www.vetinox.fr\\\/wp-content\\\/uploads\\\/2018\\\/11\\\/Logo-Vetinox-2.png\",\"contentUrl\":\"https:\\\/\\\/www.vetinox.fr\\\/wp-content\\\/uploads\\\/2018\\\/11\\\/Logo-Vetinox-2.png\",\"width\":414,\"height\":126,\"caption\":\"Vetinox\"},\"image\":{\"@id\":\"https:\\\/\\\/www.vetinox.fr\\\/#\\\/schema\\\/logo\\\/image\\\/\"}}]}<\/script>\n<!-- \/ Yoast SEO plugin. -->","yoast_head_json":{"title":"Pack ULTRA \u2013 Table de chirurgie ELITE plateau en V + plateau de dentisterie + bague crochet - Vetinox","description":"D\u00e9couvrez notre produit : Pack ULTRA \u2013 Table de chirurgie ELITE plateau en V + plateau de dentisterie + bague crochet - Mat\u00e9riel et \u00e9quipement adapt\u00e9 \u00e0 toutes vos utilisations v\u00e9t\u00e9rinaires.","robots":{"index":"index","follow":"follow","max-snippet":"max-snippet:-1","max-image-preview":"max-image-preview:large","max-video-preview":"max-video-preview:-1"},"canonical":"https:\/\/www.vetinox.fr\/produit\/pack_ultra_table_de_chirurgie_elite_plateau_dentisterie_bague_crochet\/","og_locale":"en_US","og_type":"article","og_title":"Pack ULTRA \u2013 Table de chirurgie ELITE plateau en V + plateau de dentisterie + bague crochet - Vetinox","og_description":"D\u00e9couvrez notre produit : Pack ULTRA \u2013 Table de chirurgie ELITE plateau en V + plateau de dentisterie + bague crochet - Mat\u00e9riel et \u00e9quipement adapt\u00e9 \u00e0 toutes vos utilisations v\u00e9t\u00e9rinaires.","og_url":"https:\/\/www.vetinox.fr\/produit\/pack_ultra_table_de_chirurgie_elite_plateau_dentisterie_bague_crochet\/","og_site_name":"Vetinox","article_modified_time":"2026-05-12T07:53:29+00:00","og_image":[{"width":985,"height":510,"url":"https:\/\/www.vetinox.fr\/wp-content\/uploads\/2023\/11\/PackULTRA_TableDeChirurgieELITE_plateauDentisterie.jpg","type":"image\/jpeg"}],"twitter_card":"summary_large_image","twitter_misc":{"Est. reading time":"2 minutes"},"schema":{"@context":"https:\/\/schema.org","@graph":[{"@type":"WebPage","@id":"https:\/\/www.vetinox.fr\/produit\/pack_ultra_table_de_chirurgie_elite_plateau_dentisterie_bague_crochet\/","url":"https:\/\/www.vetinox.fr\/produit\/pack_ultra_table_de_chirurgie_elite_plateau_dentisterie_bague_crochet\/","name":"Pack ULTRA \u2013 Table de chirurgie ELITE plateau en V + plateau de dentisterie + bague crochet - Vetinox","isPartOf":{"@id":"https:\/\/www.vetinox.fr\/#website"},"primaryImageOfPage":{"@id":"https:\/\/www.vetinox.fr\/produit\/pack_ultra_table_de_chirurgie_elite_plateau_dentisterie_bague_crochet\/#primaryimage"},"image":{"@id":"https:\/\/www.vetinox.fr\/produit\/pack_ultra_table_de_chirurgie_elite_plateau_dentisterie_bague_crochet\/#primaryimage"},"thumbnailUrl":"https:\/\/www.vetinox.fr\/wp-content\/uploads\/2023\/11\/PackULTRA_TableDeChirurgieELITE_plateauDentisterie.jpg","datePublished":"2026-05-11T14:32:20+00:00","dateModified":"2026-05-12T07:53:29+00:00","description":"D\u00e9couvrez notre produit : Pack ULTRA \u2013 Table de chirurgie ELITE plateau en V + plateau de dentisterie + bague crochet - Mat\u00e9riel et \u00e9quipement adapt\u00e9 \u00e0 toutes vos utilisations v\u00e9t\u00e9rinaires.","breadcrumb":{"@id":"https:\/\/www.vetinox.fr\/produit\/pack_ultra_table_de_chirurgie_elite_plateau_dentisterie_bague_crochet\/#breadcrumb"},"inLanguage":"en-US","potentialAction":[{"@type":"ReadAction","target":["https:\/\/www.vetinox.fr\/produit\/pack_ultra_table_de_chirurgie_elite_plateau_dentisterie_bague_crochet\/"]}]},{"@type":"ImageObject","inLanguage":"en-US","@id":"https:\/\/www.vetinox.fr\/produit\/pack_ultra_table_de_chirurgie_elite_plateau_dentisterie_bague_crochet\/#primaryimage","url":"https:\/\/www.vetinox.fr\/wp-content\/uploads\/2023\/11\/PackULTRA_TableDeChirurgieELITE_plateauDentisterie.jpg","contentUrl":"https:\/\/www.vetinox.fr\/wp-content\/uploads\/2023\/11\/PackULTRA_TableDeChirurgieELITE_plateauDentisterie.jpg","width":985,"height":510,"caption":"TA710110 Table de chirurgie ELITE plateau en V 3\u00e8me sens avec plateau de chirurgie"},{"@type":"BreadcrumbList","@id":"https:\/\/www.vetinox.fr\/produit\/pack_ultra_table_de_chirurgie_elite_plateau_dentisterie_bague_crochet\/#breadcrumb","itemListElement":[{"@type":"ListItem","position":1,"name":"Home","item":"https:\/\/www.vetinox.fr\/en\/"},{"@type":"ListItem","position":2,"name":"Product archive","item":"https:\/\/www.vetinox.fr\/en\/product-archive\/"},{"@type":"ListItem","position":3,"name":"TABLES","item":"https:\/\/www.vetinox.fr\/categorie-produit\/tables-veterinaires\/"},{"@type":"ListItem","position":4,"name":"Pack ULTRA \u2013 Table de chirurgie ELITE plateau en V + plateau de dentisterie + bague crochet"}]},{"@type":"WebSite","@id":"https:\/\/www.vetinox.fr\/#website","url":"https:\/\/www.vetinox.fr\/","name":"Vetinox","description":"Equipement Veterinaire","publisher":{"@id":"https:\/\/www.vetinox.fr\/#organization"},"potentialAction":[{"@type":"SearchAction","target":{"@type":"EntryPoint","urlTemplate":"https:\/\/www.vetinox.fr\/?s={search_term_string}"},"query-input":{"@type":"PropertyValueSpecification","valueRequired":true,"valueName":"search_term_string"}}],"inLanguage":"en-US"},{"@type":"Organization","@id":"https:\/\/www.vetinox.fr\/#organization","name":"Vetinox","url":"https:\/\/www.vetinox.fr\/","logo":{"@type":"ImageObject","inLanguage":"en-US","@id":"https:\/\/www.vetinox.fr\/#\/schema\/logo\/image\/","url":"https:\/\/www.vetinox.fr\/wp-content\/uploads\/2018\/11\/Logo-Vetinox-2.png","contentUrl":"https:\/\/www.vetinox.fr\/wp-content\/uploads\/2018\/11\/Logo-Vetinox-2.png","width":414,"height":126,"caption":"Vetinox"},"image":{"@id":"https:\/\/www.vetinox.fr\/#\/schema\/logo\/image\/"}}]}},"_links":{"self":[{"href":"https:\/\/www.vetinox.fr\/en\/wp-json\/wp\/v2\/product\/32276","targetHints":{"allow":["GET"]}}],"collection":[{"href":"https:\/\/www.vetinox.fr\/en\/wp-json\/wp\/v2\/product"}],"about":[{"href":"https:\/\/www.vetinox.fr\/en\/wp-json\/wp\/v2\/types\/product"}],"version-history":[{"count":0,"href":"https:\/\/www.vetinox.fr\/en\/wp-json\/wp\/v2\/product\/32276\/revisions"}],"wp:featuredmedia":[{"embeddable":true,"href":"https:\/\/www.vetinox.fr\/en\/wp-json\/wp\/v2\/media\/32226"}],"wp:attachment":[{"href":"https:\/\/www.vetinox.fr\/en\/wp-json\/wp\/v2\/media?parent=32276"}],"wp:term":[{"taxonomy":"product_brand","embeddable":true,"href":"https:\/\/www.vetinox.fr\/en\/wp-json\/wp\/v2\/product_brand?post=32276"},{"taxonomy":"product_cat","embeddable":true,"href":"https:\/\/www.vetinox.fr\/en\/wp-json\/wp\/v2\/product_cat?post=32276"},{"taxonomy":"product_tag","embeddable":true,"href":"https:\/\/www.vetinox.fr\/en\/wp-json\/wp\/v2\/product_tag?post=32276"}],"curies":[{"name":"wp","href":"https:\/\/api.w.org\/{rel}","templated":true}]}}