{"id":16118,"date":"2021-01-06T13:11:52","date_gmt":"2021-01-06T12:11:52","guid":{"rendered":"https:\/\/www.vetinox.fr\/produit\/jaula-de-poliester-formato-a-con-soporte-de-rejilla-de-acero-inoxidable\/"},"modified":"2021-06-10T17:53:04","modified_gmt":"2021-06-10T15:53:04","slug":"jaula-de-poliester-formato-a-con-soporte-de-rejilla-de-acero-inoxidable","status":"publish","type":"product","link":"https:\/\/www.vetinox.fr\/es\/produit\/jaula-de-poliester-formato-a-con-soporte-de-rejilla-de-acero-inoxidable\/","title":{"rendered":"Jaula de poli\u00e9ster &#8211; Formato A &#8211; con soporte de rejilla de acero inoxidable"},"content":{"rendered":"\t\t<div data-elementor-type=\"product-post\" data-elementor-id=\"16118\" class=\"elementor elementor-16118 elementor-4124\" data-elementor-post-type=\"product\">\n\t\t\t\t\t\t<section class=\"elementor-section elementor-top-section elementor-element elementor-element-1661be14 elementor-section-boxed elementor-section-height-default elementor-section-height-default\" data-id=\"1661be14\" data-element_type=\"section\" data-e-type=\"section\">\n\t\t\t\t\t\t<div class=\"elementor-container elementor-column-gap-default\">\n\t\t\t\t\t<div class=\"elementor-column elementor-col-100 elementor-top-column elementor-element elementor-element-5c0de9b5\" data-id=\"5c0de9b5\" data-element_type=\"column\" data-e-type=\"column\">\n\t\t\t<div class=\"elementor-widget-wrap elementor-element-populated\">\n\t\t\t\t\t\t<div class=\"elementor-element elementor-element-21026801 elementor-widget elementor-widget-text-editor\" data-id=\"21026801\" data-element_type=\"widget\" data-e-type=\"widget\" data-widget_type=\"text-editor.default\">\n\t\t\t\t<div class=\"elementor-widget-container\">\n\t\t\t\t\t\t\t\t\t<p>Caracter\u00edsticas de las jaulas de poli\u00e9ster de tama\u00f1o A :<\/p>\n<ul>\n<li>Dimensiones: 49 x 51 x 61 cm<\/li>\n<li>Puertas de barra de acero inoxidable con cerradura<\/li>\n<li>Caj\u00f3n de recuperaci\u00f3n<\/li>\n<li>La parte inferior de la jaula se inclina hacia delante para facilitar el drenaje y la limpieza<\/li>\n<li>Apertura de puerta reversible: derecha o izquierda<\/li>\n<li>Esquinas redondeadas<\/li>\n<\/ul>\n\t\t\t\t\t\t\t\t<\/div>\n\t\t\t\t<\/div>\n\t\t\t\t\t<\/div>\n\t\t<\/div>\n\t\t\t\t\t<\/div>\n\t\t<\/section>\n\t\t\t\t<\/div>\n\t\t","protected":false},"excerpt":{"rendered":"<p>Jaulas veterinarias de poli\u00e9ster, un material ideal para la comodidad de los animales, as\u00ed como para su limpieza. Las jaulas est\u00e1n disponibles en tres tama\u00f1os adecuados para animales peque\u00f1os y grandes, incluido este tama\u00f1o A. El sistema de puertas tiene barras de acero inoxidable con cerradura.<\/p>\n<p>Las jaulas son modulares y pueden ensamblarse con otras jaulas simplemente conect\u00e1ndolas entre s\u00ed (sin necesidad de tornillos). A continuaci\u00f3n, pueden montarse en un chasis con ruedas, lo que facilita el traslado de los animales.<\/p>\n","protected":false},"featured_media":23396,"template":"","meta":{"ocean_post_layout":"","ocean_both_sidebars_style":"","ocean_both_sidebars_content_width":0,"ocean_both_sidebars_sidebars_width":0,"ocean_sidebar":"0","ocean_second_sidebar":"0","ocean_disable_margins":"on","ocean_add_body_class":"","ocean_shortcode_before_top_bar":"","ocean_shortcode_after_top_bar":"","ocean_shortcode_before_header":"","ocean_shortcode_after_header":"","ocean_has_shortcode":"","ocean_shortcode_after_title":"","ocean_shortcode_before_footer_widgets":"","ocean_shortcode_after_footer_widgets":"","ocean_shortcode_before_footer_bottom":"","ocean_shortcode_after_footer_bottom":"","ocean_display_top_bar":"default","ocean_display_header":"default","ocean_header_style":"","ocean_center_header_left_menu":"0","ocean_custom_header_template":"0","ocean_custom_logo":0,"ocean_custom_retina_logo":0,"ocean_custom_logo_max_width":0,"ocean_custom_logo_tablet_max_width":0,"ocean_custom_logo_mobile_max_width":0,"ocean_custom_logo_max_height":0,"ocean_custom_logo_tablet_max_height":0,"ocean_custom_logo_mobile_max_height":0,"ocean_header_custom_menu":"0","ocean_menu_typo_font_family":"0","ocean_menu_typo_font_subset":"","ocean_menu_typo_font_size":0,"ocean_menu_typo_font_size_tablet":0,"ocean_menu_typo_font_size_mobile":0,"ocean_menu_typo_font_size_unit":"px","ocean_menu_typo_font_weight":"","ocean_menu_typo_font_weight_tablet":"","ocean_menu_typo_font_weight_mobile":"","ocean_menu_typo_transform":"","ocean_menu_typo_transform_tablet":"","ocean_menu_typo_transform_mobile":"","ocean_menu_typo_line_height":0,"ocean_menu_typo_line_height_tablet":0,"ocean_menu_typo_line_height_mobile":0,"ocean_menu_typo_line_height_unit":"","ocean_menu_typo_spacing":0,"ocean_menu_typo_spacing_tablet":0,"ocean_menu_typo_spacing_mobile":0,"ocean_menu_typo_spacing_unit":"","ocean_menu_link_color":"","ocean_menu_link_color_hover":"","ocean_menu_link_color_active":"","ocean_menu_link_background":"","ocean_menu_link_hover_background":"","ocean_menu_link_active_background":"","ocean_menu_social_links_bg":"","ocean_menu_social_hover_links_bg":"","ocean_menu_social_links_color":"","ocean_menu_social_hover_links_color":"","ocean_disable_title":"default","ocean_disable_heading":"default","ocean_post_title":"","ocean_post_subheading":"","ocean_post_title_style":"default","ocean_post_title_background_color":"","ocean_post_title_background":0,"ocean_post_title_bg_image_position":"","ocean_post_title_bg_image_attachment":"","ocean_post_title_bg_image_repeat":"","ocean_post_title_bg_image_size":"","ocean_post_title_height":0,"ocean_post_title_bg_overlay":0.5,"ocean_post_title_bg_overlay_color":"","ocean_disable_breadcrumbs":"on","ocean_breadcrumbs_color":"","ocean_breadcrumbs_separator_color":"","ocean_breadcrumbs_links_color":"","ocean_breadcrumbs_links_hover_color":"","ocean_display_footer_widgets":"default","ocean_display_footer_bottom":"default","ocean_custom_footer_template":"0"},"product_brand":[],"product_cat":[225,221],"product_tag":[],"class_list":{"0":"post-16118","1":"product","2":"type-product","3":"status-publish","4":"has-post-thumbnail","6":"product_cat-jaulas-de-poliester","7":"product_cat-jaulas-veterinarias","8":"pa_type-de-porte-puerta-de-rejilla","10":"entry","11":"has-media","13":"first","14":"instock","15":"shipping-taxable","16":"purchasable","17":"product-type-variable","18":"has-product-nav","19":"col","20":"span_1_of_4","21":"owp-content-center","22":"owp-thumbs-layout-vertical","23":"owp-btn-normal","24":"owp-tabs-layout-horizontal"},"yoast_head":"<!-- This site is optimized with the Yoast SEO plugin v27.0 - https:\/\/yoast.com\/product\/yoast-seo-wordpress\/ -->\n<title>Jaula de poli\u00e9ster - Formato A - con soporte de rejilla de acero inoxidable - Vetinox<\/title>\n<meta name=\"description\" content=\"D\u00e9couvrez notre produit : Jaula de poli\u00e9ster - Formato A - con soporte de rejilla de acero inoxidable - Mat\u00e9riel et \u00e9quipement adapt\u00e9 \u00e0 toutes vos utilisations v\u00e9t\u00e9rinaires.\" \/>\n<meta name=\"robots\" content=\"index, follow, max-snippet:-1, max-image-preview:large, max-video-preview:-1\" \/>\n<link rel=\"canonical\" href=\"https:\/\/www.vetinox.fr\/es\/produit\/jaula-de-poliester-formato-a-con-soporte-de-rejilla-de-acero-inoxidable\/\" \/>\n<meta property=\"og:locale\" content=\"es_ES\" \/>\n<meta property=\"og:type\" content=\"article\" \/>\n<meta property=\"og:title\" content=\"Jaula de poli\u00e9ster - Formato A - con soporte de rejilla de acero inoxidable - Vetinox\" \/>\n<meta property=\"og:description\" content=\"D\u00e9couvrez notre produit : Jaula de poli\u00e9ster - Formato A - con soporte de rejilla de acero inoxidable - Mat\u00e9riel et \u00e9quipement adapt\u00e9 \u00e0 toutes vos utilisations v\u00e9t\u00e9rinaires.\" \/>\n<meta property=\"og:url\" content=\"https:\/\/www.vetinox.fr\/es\/produit\/jaula-de-poliester-formato-a-con-soporte-de-rejilla-de-acero-inoxidable\/\" \/>\n<meta property=\"og:site_name\" content=\"Vetinox\" \/>\n<meta property=\"article:modified_time\" content=\"2021-06-10T15:53:04+00:00\" \/>\n<meta property=\"og:image\" content=\"https:\/\/www.vetinox.fr\/wp-content\/uploads\/2021\/01\/CP200000-Cage-polyester-A-avec-porte-grille-inox-L490-H510-P610.jpg\" \/>\n\t<meta property=\"og:image:width\" content=\"600\" \/>\n\t<meta property=\"og:image:height\" content=\"600\" \/>\n\t<meta property=\"og:image:type\" content=\"image\/jpeg\" \/>\n<meta name=\"twitter:card\" content=\"summary_large_image\" \/>\n<script type=\"application\/ld+json\" class=\"yoast-schema-graph\">{\"@context\":\"https:\/\/schema.org\",\"@graph\":[{\"@type\":\"WebPage\",\"@id\":\"https:\/\/www.vetinox.fr\/es\/produit\/jaula-de-poliester-formato-a-con-soporte-de-rejilla-de-acero-inoxidable\/\",\"url\":\"https:\/\/www.vetinox.fr\/es\/produit\/jaula-de-poliester-formato-a-con-soporte-de-rejilla-de-acero-inoxidable\/\",\"name\":\"Jaula de poli\u00e9ster - Formato A - con soporte de rejilla de acero inoxidable - Vetinox\",\"isPartOf\":{\"@id\":\"https:\/\/www.vetinox.fr\/#website\"},\"primaryImageOfPage\":{\"@id\":\"https:\/\/www.vetinox.fr\/es\/produit\/jaula-de-poliester-formato-a-con-soporte-de-rejilla-de-acero-inoxidable\/#primaryimage\"},\"image\":{\"@id\":\"https:\/\/www.vetinox.fr\/es\/produit\/jaula-de-poliester-formato-a-con-soporte-de-rejilla-de-acero-inoxidable\/#primaryimage\"},\"thumbnailUrl\":\"https:\/\/www.vetinox.fr\/wp-content\/uploads\/2021\/01\/Vetinox_CP200000_CagePolyesterFormatAAvecPorteGrilleInox.jpg\",\"datePublished\":\"2021-01-06T12:11:52+00:00\",\"dateModified\":\"2021-06-10T15:53:04+00:00\",\"description\":\"D\u00e9couvrez notre produit : Jaula de poli\u00e9ster - Formato A - con soporte de rejilla de acero inoxidable - Mat\u00e9riel et \u00e9quipement adapt\u00e9 \u00e0 toutes vos utilisations v\u00e9t\u00e9rinaires.\",\"breadcrumb\":{\"@id\":\"https:\/\/www.vetinox.fr\/es\/produit\/jaula-de-poliester-formato-a-con-soporte-de-rejilla-de-acero-inoxidable\/#breadcrumb\"},\"inLanguage\":\"es\",\"potentialAction\":[{\"@type\":\"ReadAction\",\"target\":[\"https:\/\/www.vetinox.fr\/es\/produit\/jaula-de-poliester-formato-a-con-soporte-de-rejilla-de-acero-inoxidable\/\"]}]},{\"@type\":\"ImageObject\",\"inLanguage\":\"es\",\"@id\":\"https:\/\/www.vetinox.fr\/es\/produit\/jaula-de-poliester-formato-a-con-soporte-de-rejilla-de-acero-inoxidable\/#primaryimage\",\"url\":\"https:\/\/www.vetinox.fr\/wp-content\/uploads\/2021\/01\/Vetinox_CP200000_CagePolyesterFormatAAvecPorteGrilleInox.jpg\",\"contentUrl\":\"https:\/\/www.vetinox.fr\/wp-content\/uploads\/2021\/01\/Vetinox_CP200000_CagePolyesterFormatAAvecPorteGrilleInox.jpg\",\"width\":1004,\"height\":569,\"caption\":\"CP200000 Cage polyester A avec porte grille inox L490 H510 P610\"},{\"@type\":\"BreadcrumbList\",\"@id\":\"https:\/\/www.vetinox.fr\/es\/produit\/jaula-de-poliester-formato-a-con-soporte-de-rejilla-de-acero-inoxidable\/#breadcrumb\",\"itemListElement\":[{\"@type\":\"ListItem\",\"position\":1,\"name\":\"Accueil\",\"item\":\"https:\/\/www.vetinox.fr\/de\/\"},{\"@type\":\"ListItem\",\"position\":2,\"name\":\"Productos\",\"item\":\"https:\/\/www.vetinox.fr\/es\/archivo-de-productos\/\"},{\"@type\":\"ListItem\",\"position\":3,\"name\":\"Jaulas veterinarias\",\"item\":\"https:\/\/www.vetinox.fr\/es\/categor\u00eda-de-productos\/jaulas-veterinarias\/\"},{\"@type\":\"ListItem\",\"position\":4,\"name\":\"Jaulas de poli\u00e9ster\",\"item\":\"https:\/\/www.vetinox.fr\/es\/categor\u00eda-de-productos\/jaulas-veterinarias\/jaulas-de-poliester\/\"},{\"@type\":\"ListItem\",\"position\":5,\"name\":\"Jaula de poli\u00e9ster &#8211; Formato A &#8211; con soporte de rejilla de acero inoxidable\"}]},{\"@type\":\"WebSite\",\"@id\":\"https:\/\/www.vetinox.fr\/#website\",\"url\":\"https:\/\/www.vetinox.fr\/\",\"name\":\"Vetinox\",\"description\":\"Equipement Veterinaire\",\"publisher\":{\"@id\":\"https:\/\/www.vetinox.fr\/#organization\"},\"potentialAction\":[{\"@type\":\"SearchAction\",\"target\":{\"@type\":\"EntryPoint\",\"urlTemplate\":\"https:\/\/www.vetinox.fr\/?s={search_term_string}\"},\"query-input\":{\"@type\":\"PropertyValueSpecification\",\"valueRequired\":true,\"valueName\":\"search_term_string\"}}],\"inLanguage\":\"es\"},{\"@type\":\"Organization\",\"@id\":\"https:\/\/www.vetinox.fr\/#organization\",\"name\":\"Vetinox\",\"url\":\"https:\/\/www.vetinox.fr\/\",\"logo\":{\"@type\":\"ImageObject\",\"inLanguage\":\"es\",\"@id\":\"https:\/\/www.vetinox.fr\/#\/schema\/logo\/image\/\",\"url\":\"https:\/\/www.vetinox.fr\/wp-content\/uploads\/2018\/11\/Logo-Vetinox-2.png\",\"contentUrl\":\"https:\/\/www.vetinox.fr\/wp-content\/uploads\/2018\/11\/Logo-Vetinox-2.png\",\"width\":414,\"height\":126,\"caption\":\"Vetinox\"},\"image\":{\"@id\":\"https:\/\/www.vetinox.fr\/#\/schema\/logo\/image\/\"}}]}<\/script>\n<!-- \/ Yoast SEO plugin. -->","yoast_head_json":{"title":"Jaula de poli\u00e9ster - Formato A - con soporte de rejilla de acero inoxidable - Vetinox","description":"D\u00e9couvrez notre produit : Jaula de poli\u00e9ster - Formato A - con soporte de rejilla de acero inoxidable - Mat\u00e9riel et \u00e9quipement adapt\u00e9 \u00e0 toutes vos utilisations v\u00e9t\u00e9rinaires.","robots":{"index":"index","follow":"follow","max-snippet":"max-snippet:-1","max-image-preview":"max-image-preview:large","max-video-preview":"max-video-preview:-1"},"canonical":"https:\/\/www.vetinox.fr\/es\/produit\/jaula-de-poliester-formato-a-con-soporte-de-rejilla-de-acero-inoxidable\/","og_locale":"es_ES","og_type":"article","og_title":"Jaula de poli\u00e9ster - Formato A - con soporte de rejilla de acero inoxidable - Vetinox","og_description":"D\u00e9couvrez notre produit : Jaula de poli\u00e9ster - Formato A - con soporte de rejilla de acero inoxidable - Mat\u00e9riel et \u00e9quipement adapt\u00e9 \u00e0 toutes vos utilisations v\u00e9t\u00e9rinaires.","og_url":"https:\/\/www.vetinox.fr\/es\/produit\/jaula-de-poliester-formato-a-con-soporte-de-rejilla-de-acero-inoxidable\/","og_site_name":"Vetinox","article_modified_time":"2021-06-10T15:53:04+00:00","og_image":[{"width":600,"height":600,"url":"https:\/\/www.vetinox.fr\/wp-content\/uploads\/2021\/01\/CP200000-Cage-polyester-A-avec-porte-grille-inox-L490-H510-P610.jpg","type":"image\/jpeg"}],"twitter_card":"summary_large_image","schema":{"@context":"https:\/\/schema.org","@graph":[{"@type":"WebPage","@id":"https:\/\/www.vetinox.fr\/es\/produit\/jaula-de-poliester-formato-a-con-soporte-de-rejilla-de-acero-inoxidable\/","url":"https:\/\/www.vetinox.fr\/es\/produit\/jaula-de-poliester-formato-a-con-soporte-de-rejilla-de-acero-inoxidable\/","name":"Jaula de poli\u00e9ster - Formato A - con soporte de rejilla de acero inoxidable - Vetinox","isPartOf":{"@id":"https:\/\/www.vetinox.fr\/#website"},"primaryImageOfPage":{"@id":"https:\/\/www.vetinox.fr\/es\/produit\/jaula-de-poliester-formato-a-con-soporte-de-rejilla-de-acero-inoxidable\/#primaryimage"},"image":{"@id":"https:\/\/www.vetinox.fr\/es\/produit\/jaula-de-poliester-formato-a-con-soporte-de-rejilla-de-acero-inoxidable\/#primaryimage"},"thumbnailUrl":"https:\/\/www.vetinox.fr\/wp-content\/uploads\/2021\/01\/Vetinox_CP200000_CagePolyesterFormatAAvecPorteGrilleInox.jpg","datePublished":"2021-01-06T12:11:52+00:00","dateModified":"2021-06-10T15:53:04+00:00","description":"D\u00e9couvrez notre produit : Jaula de poli\u00e9ster - Formato A - con soporte de rejilla de acero inoxidable - Mat\u00e9riel et \u00e9quipement adapt\u00e9 \u00e0 toutes vos utilisations v\u00e9t\u00e9rinaires.","breadcrumb":{"@id":"https:\/\/www.vetinox.fr\/es\/produit\/jaula-de-poliester-formato-a-con-soporte-de-rejilla-de-acero-inoxidable\/#breadcrumb"},"inLanguage":"es","potentialAction":[{"@type":"ReadAction","target":["https:\/\/www.vetinox.fr\/es\/produit\/jaula-de-poliester-formato-a-con-soporte-de-rejilla-de-acero-inoxidable\/"]}]},{"@type":"ImageObject","inLanguage":"es","@id":"https:\/\/www.vetinox.fr\/es\/produit\/jaula-de-poliester-formato-a-con-soporte-de-rejilla-de-acero-inoxidable\/#primaryimage","url":"https:\/\/www.vetinox.fr\/wp-content\/uploads\/2021\/01\/Vetinox_CP200000_CagePolyesterFormatAAvecPorteGrilleInox.jpg","contentUrl":"https:\/\/www.vetinox.fr\/wp-content\/uploads\/2021\/01\/Vetinox_CP200000_CagePolyesterFormatAAvecPorteGrilleInox.jpg","width":1004,"height":569,"caption":"CP200000 Cage polyester A avec porte grille inox L490 H510 P610"},{"@type":"BreadcrumbList","@id":"https:\/\/www.vetinox.fr\/es\/produit\/jaula-de-poliester-formato-a-con-soporte-de-rejilla-de-acero-inoxidable\/#breadcrumb","itemListElement":[{"@type":"ListItem","position":1,"name":"Accueil","item":"https:\/\/www.vetinox.fr\/de\/"},{"@type":"ListItem","position":2,"name":"Productos","item":"https:\/\/www.vetinox.fr\/es\/archivo-de-productos\/"},{"@type":"ListItem","position":3,"name":"Jaulas veterinarias","item":"https:\/\/www.vetinox.fr\/es\/categor\u00eda-de-productos\/jaulas-veterinarias\/"},{"@type":"ListItem","position":4,"name":"Jaulas de poli\u00e9ster","item":"https:\/\/www.vetinox.fr\/es\/categor\u00eda-de-productos\/jaulas-veterinarias\/jaulas-de-poliester\/"},{"@type":"ListItem","position":5,"name":"Jaula de poli\u00e9ster &#8211; Formato A &#8211; con soporte de rejilla de acero inoxidable"}]},{"@type":"WebSite","@id":"https:\/\/www.vetinox.fr\/#website","url":"https:\/\/www.vetinox.fr\/","name":"Vetinox","description":"Equipement Veterinaire","publisher":{"@id":"https:\/\/www.vetinox.fr\/#organization"},"potentialAction":[{"@type":"SearchAction","target":{"@type":"EntryPoint","urlTemplate":"https:\/\/www.vetinox.fr\/?s={search_term_string}"},"query-input":{"@type":"PropertyValueSpecification","valueRequired":true,"valueName":"search_term_string"}}],"inLanguage":"es"},{"@type":"Organization","@id":"https:\/\/www.vetinox.fr\/#organization","name":"Vetinox","url":"https:\/\/www.vetinox.fr\/","logo":{"@type":"ImageObject","inLanguage":"es","@id":"https:\/\/www.vetinox.fr\/#\/schema\/logo\/image\/","url":"https:\/\/www.vetinox.fr\/wp-content\/uploads\/2018\/11\/Logo-Vetinox-2.png","contentUrl":"https:\/\/www.vetinox.fr\/wp-content\/uploads\/2018\/11\/Logo-Vetinox-2.png","width":414,"height":126,"caption":"Vetinox"},"image":{"@id":"https:\/\/www.vetinox.fr\/#\/schema\/logo\/image\/"}}]}},"_links":{"self":[{"href":"https:\/\/www.vetinox.fr\/es\/wp-json\/wp\/v2\/product\/16118","targetHints":{"allow":["GET"]}}],"collection":[{"href":"https:\/\/www.vetinox.fr\/es\/wp-json\/wp\/v2\/product"}],"about":[{"href":"https:\/\/www.vetinox.fr\/es\/wp-json\/wp\/v2\/types\/product"}],"version-history":[{"count":0,"href":"https:\/\/www.vetinox.fr\/es\/wp-json\/wp\/v2\/product\/16118\/revisions"}],"wp:featuredmedia":[{"embeddable":true,"href":"https:\/\/www.vetinox.fr\/es\/wp-json\/wp\/v2\/media\/23396"}],"wp:attachment":[{"href":"https:\/\/www.vetinox.fr\/es\/wp-json\/wp\/v2\/media?parent=16118"}],"wp:term":[{"taxonomy":"product_brand","embeddable":true,"href":"https:\/\/www.vetinox.fr\/es\/wp-json\/wp\/v2\/product_brand?post=16118"},{"taxonomy":"product_cat","embeddable":true,"href":"https:\/\/www.vetinox.fr\/es\/wp-json\/wp\/v2\/product_cat?post=16118"},{"taxonomy":"product_tag","embeddable":true,"href":"https:\/\/www.vetinox.fr\/es\/wp-json\/wp\/v2\/product_tag?post=16118"}],"curies":[{"name":"wp","href":"https:\/\/api.w.org\/{rel}","templated":true}]}}