{"id":16247,"date":"2021-01-10T21:28:04","date_gmt":"2021-01-10T20:28:04","guid":{"rendered":"https:\/\/www.vetinox.fr\/produit\/jaula-de-acero-inoxidable-formato-b-con-puerta-de-cristal-y-agujero-de-oxigeno\/"},"modified":"2021-01-10T21:28:04","modified_gmt":"2021-01-10T20:28:04","slug":"jaula-de-acero-inoxidable-formato-b-con-puerta-de-cristal-y-agujero-de-oxigeno","status":"publish","type":"product","link":"https:\/\/www.vetinox.fr\/es\/produit\/jaula-de-acero-inoxidable-formato-b-con-puerta-de-cristal-y-agujero-de-oxigeno\/","title":{"rendered":"Jaula de acero inoxidable &#8211; Formato B &#8211; con puerta de cristal y agujero de ox\u00edgeno"},"content":{"rendered":"<p>Caracter\u00edsticas de las jaulas veterinarias de acero inoxidable:<\/p>\n<ul>\n<li>Dimensiones exteriores jaula B : Ancho : 70,2 cm \/<\/li>\n<li>Profundidad : 69 cm \/ Altura : 74 cm<\/li>\n<li>Dimensiones interiores jaula B : Anchura : 64,2 cm \/<\/li>\n<li>Profundidad : 69 cm \/ Altura : 64,2 cm<\/li>\n<li>Puertas de cristal con orificio para el tubo de ox\u00edgeno<\/li>\n<li>Caj\u00f3n de recogida extra\u00edble: altura de 40 mm y profundidad de 250 mm<\/li>\n<li>La parte inferior de la jaula se inclina hacia delante para facilitar el drenaje y la limpieza<\/li>\n<li>Apertura de puerta reversible: derecha o izquierda<\/li>\n<li>Apertura y cierre autom\u00e1tico de puertas<\/li>\n<li>Rejilla integrada<br \/>\nEsquinas redondeadas<br \/>\nLa jaula de tama\u00f1o C est\u00e1 disponible con una puerta doble con o sin tabique extra\u00edble<\/li>\n<\/ul>\n","protected":false},"excerpt":{"rendered":"<p>Jaula de acero inoxidable, tama\u00f1o B, adecuada para animales peque\u00f1os y medianos, con puerta de cristal. La puerta de cristal tiene un agujero para un tubo de ox\u00edgeno al que se puede a\u00f1adir un \u00abO\u00b2 Fix\u00bb.<\/p>\n<p>Las jaulas est\u00e1n disponibles en diferentes tama\u00f1os, as\u00ed como a medida. Son modulares y se pueden ensamblar con otras jaulas mediante el enclavamiento (sin tornillos) y permiten diferentes modelos de disposici\u00f3n.<\/p>\n","protected":false},"featured_media":30798,"template":"","meta":{"ocean_post_layout":"","ocean_both_sidebars_style":"","ocean_both_sidebars_content_width":0,"ocean_both_sidebars_sidebars_width":0,"ocean_sidebar":"0","ocean_second_sidebar":"0","ocean_disable_margins":"on","ocean_add_body_class":"","ocean_shortcode_before_top_bar":"","ocean_shortcode_after_top_bar":"","ocean_shortcode_before_header":"","ocean_shortcode_after_header":"","ocean_has_shortcode":"","ocean_shortcode_after_title":"","ocean_shortcode_before_footer_widgets":"","ocean_shortcode_after_footer_widgets":"","ocean_shortcode_before_footer_bottom":"","ocean_shortcode_after_footer_bottom":"","ocean_display_top_bar":"default","ocean_display_header":"default","ocean_header_style":"","ocean_center_header_left_menu":"0","ocean_custom_header_template":"0","ocean_custom_logo":0,"ocean_custom_retina_logo":0,"ocean_custom_logo_max_width":0,"ocean_custom_logo_tablet_max_width":0,"ocean_custom_logo_mobile_max_width":0,"ocean_custom_logo_max_height":0,"ocean_custom_logo_tablet_max_height":0,"ocean_custom_logo_mobile_max_height":0,"ocean_header_custom_menu":"0","ocean_menu_typo_font_family":"0","ocean_menu_typo_font_subset":"","ocean_menu_typo_font_size":0,"ocean_menu_typo_font_size_tablet":0,"ocean_menu_typo_font_size_mobile":0,"ocean_menu_typo_font_size_unit":"px","ocean_menu_typo_font_weight":"","ocean_menu_typo_font_weight_tablet":"","ocean_menu_typo_font_weight_mobile":"","ocean_menu_typo_transform":"","ocean_menu_typo_transform_tablet":"","ocean_menu_typo_transform_mobile":"","ocean_menu_typo_line_height":0,"ocean_menu_typo_line_height_tablet":0,"ocean_menu_typo_line_height_mobile":0,"ocean_menu_typo_line_height_unit":"","ocean_menu_typo_spacing":0,"ocean_menu_typo_spacing_tablet":0,"ocean_menu_typo_spacing_mobile":0,"ocean_menu_typo_spacing_unit":"","ocean_menu_link_color":"","ocean_menu_link_color_hover":"","ocean_menu_link_color_active":"","ocean_menu_link_background":"","ocean_menu_link_hover_background":"","ocean_menu_link_active_background":"","ocean_menu_social_links_bg":"","ocean_menu_social_hover_links_bg":"","ocean_menu_social_links_color":"","ocean_menu_social_hover_links_color":"","ocean_disable_title":"default","ocean_disable_heading":"default","ocean_post_title":"","ocean_post_subheading":"","ocean_post_title_style":"default","ocean_post_title_background_color":"","ocean_post_title_background":0,"ocean_post_title_bg_image_position":"","ocean_post_title_bg_image_attachment":"","ocean_post_title_bg_image_repeat":"","ocean_post_title_bg_image_size":"","ocean_post_title_height":0,"ocean_post_title_bg_overlay":0.5,"ocean_post_title_bg_overlay_color":"","ocean_disable_breadcrumbs":"on","ocean_breadcrumbs_color":"","ocean_breadcrumbs_separator_color":"","ocean_breadcrumbs_links_color":"","ocean_breadcrumbs_links_hover_color":"","ocean_display_footer_widgets":"default","ocean_display_footer_bottom":"default","ocean_custom_footer_template":"0"},"product_brand":[],"product_cat":[224,221],"product_tag":[],"class_list":{"0":"post-16247","1":"product","2":"type-product","3":"status-publish","4":"has-post-thumbnail","6":"product_cat-jaulas-de-acero-inoxidable","7":"product_cat-jaulas-veterinarias","8":"pa_type-de-porte-puerta-en-vidrio","10":"entry","11":"has-media","13":"first","14":"instock","15":"shipping-taxable","16":"product-type-simple","17":"has-product-nav","18":"col","19":"span_1_of_4","20":"owp-content-center","21":"owp-thumbs-layout-vertical","22":"owp-btn-normal","23":"owp-tabs-layout-horizontal"},"yoast_head":"<!-- This site is optimized with the Yoast SEO plugin v27.0 - https:\/\/yoast.com\/product\/yoast-seo-wordpress\/ -->\n<title>Jaula veterinaria de acero inoxidable B con puerta de cristal para el ox\u00edgeno - Vetinox<\/title>\n<meta name=\"description\" content=\"Descubra nuestra jaula veterinaria de acero inoxidable adaptada a los peque\u00f1os animales - Tama\u00f1o B - Puerta de cristal con orificio de ox\u00edgeno.\" \/>\n<meta name=\"robots\" content=\"index, follow, max-snippet:-1, max-image-preview:large, max-video-preview:-1\" \/>\n<link rel=\"canonical\" href=\"https:\/\/www.vetinox.fr\/es\/produit\/jaula-de-acero-inoxidable-formato-b-con-puerta-de-cristal-y-agujero-de-oxigeno\/\" \/>\n<meta property=\"og:locale\" content=\"es_ES\" \/>\n<meta property=\"og:type\" content=\"article\" \/>\n<meta property=\"og:title\" content=\"Jaula veterinaria de acero inoxidable B con puerta de cristal para el ox\u00edgeno - Vetinox\" \/>\n<meta property=\"og:description\" content=\"Descubra nuestra jaula veterinaria de acero inoxidable adaptada a los peque\u00f1os animales - Tama\u00f1o B - Puerta de cristal con orificio de ox\u00edgeno.\" \/>\n<meta property=\"og:url\" content=\"https:\/\/www.vetinox.fr\/es\/produit\/jaula-de-acero-inoxidable-formato-b-con-puerta-de-cristal-y-agujero-de-oxigeno\/\" \/>\n<meta property=\"og:site_name\" content=\"Vetinox\" \/>\n<meta property=\"og:image\" content=\"https:\/\/www.vetinox.fr\/wp-content\/uploads\/2021\/01\/Vetinox_CI200115_CageInoxBPorteVerreAvecTrouOxygene_SansEmbout-O2FixAC002000_-L102xH743xP690-1.jpg\" \/>\n\t<meta property=\"og:image:width\" content=\"1004\" \/>\n\t<meta property=\"og:image:height\" content=\"569\" \/>\n\t<meta property=\"og:image:type\" content=\"image\/jpeg\" \/>\n<meta name=\"twitter:card\" content=\"summary_large_image\" \/>\n<meta name=\"twitter:label1\" content=\"Tiempo de lectura\" \/>\n\t<meta name=\"twitter:data1\" content=\"1 minuto\" \/>\n<script type=\"application\/ld+json\" class=\"yoast-schema-graph\">{\"@context\":\"https:\/\/schema.org\",\"@graph\":[{\"@type\":\"WebPage\",\"@id\":\"https:\/\/www.vetinox.fr\/es\/produit\/jaula-de-acero-inoxidable-formato-b-con-puerta-de-cristal-y-agujero-de-oxigeno\/\",\"url\":\"https:\/\/www.vetinox.fr\/es\/produit\/jaula-de-acero-inoxidable-formato-b-con-puerta-de-cristal-y-agujero-de-oxigeno\/\",\"name\":\"Jaula veterinaria de acero inoxidable B con puerta de cristal para el ox\u00edgeno - Vetinox\",\"isPartOf\":{\"@id\":\"https:\/\/www.vetinox.fr\/#website\"},\"primaryImageOfPage\":{\"@id\":\"https:\/\/www.vetinox.fr\/es\/produit\/jaula-de-acero-inoxidable-formato-b-con-puerta-de-cristal-y-agujero-de-oxigeno\/#primaryimage\"},\"image\":{\"@id\":\"https:\/\/www.vetinox.fr\/es\/produit\/jaula-de-acero-inoxidable-formato-b-con-puerta-de-cristal-y-agujero-de-oxigeno\/#primaryimage\"},\"thumbnailUrl\":\"https:\/\/www.vetinox.fr\/wp-content\/uploads\/2021\/01\/Vetinox_CI200115_CageInoxBPorteVerreAvecTrouOxygene_SansEmbout-O2FixAC002000_-L102xH743xP690-1.jpg\",\"datePublished\":\"2021-01-10T20:28:04+00:00\",\"description\":\"Descubra nuestra jaula veterinaria de acero inoxidable adaptada a los peque\u00f1os animales - Tama\u00f1o B - Puerta de cristal con orificio de ox\u00edgeno.\",\"breadcrumb\":{\"@id\":\"https:\/\/www.vetinox.fr\/es\/produit\/jaula-de-acero-inoxidable-formato-b-con-puerta-de-cristal-y-agujero-de-oxigeno\/#breadcrumb\"},\"inLanguage\":\"es\",\"potentialAction\":[{\"@type\":\"ReadAction\",\"target\":[\"https:\/\/www.vetinox.fr\/es\/produit\/jaula-de-acero-inoxidable-formato-b-con-puerta-de-cristal-y-agujero-de-oxigeno\/\"]}]},{\"@type\":\"ImageObject\",\"inLanguage\":\"es\",\"@id\":\"https:\/\/www.vetinox.fr\/es\/produit\/jaula-de-acero-inoxidable-formato-b-con-puerta-de-cristal-y-agujero-de-oxigeno\/#primaryimage\",\"url\":\"https:\/\/www.vetinox.fr\/wp-content\/uploads\/2021\/01\/Vetinox_CI200115_CageInoxBPorteVerreAvecTrouOxygene_SansEmbout-O2FixAC002000_-L102xH743xP690-1.jpg\",\"contentUrl\":\"https:\/\/www.vetinox.fr\/wp-content\/uploads\/2021\/01\/Vetinox_CI200115_CageInoxBPorteVerreAvecTrouOxygene_SansEmbout-O2FixAC002000_-L102xH743xP690-1.jpg\",\"width\":1004,\"height\":569,\"caption\":\"VETINOX - Cage en acier inoxydable \u2013 Format B \u2013 avec porte en verre et trou oxyg\u00e8ne\"},{\"@type\":\"BreadcrumbList\",\"@id\":\"https:\/\/www.vetinox.fr\/es\/produit\/jaula-de-acero-inoxidable-formato-b-con-puerta-de-cristal-y-agujero-de-oxigeno\/#breadcrumb\",\"itemListElement\":[{\"@type\":\"ListItem\",\"position\":1,\"name\":\"Accueil\",\"item\":\"https:\/\/www.vetinox.fr\/de\/\"},{\"@type\":\"ListItem\",\"position\":2,\"name\":\"Productos\",\"item\":\"https:\/\/www.vetinox.fr\/es\/archivo-de-productos\/\"},{\"@type\":\"ListItem\",\"position\":3,\"name\":\"Jaulas veterinarias\",\"item\":\"https:\/\/www.vetinox.fr\/es\/categor\u00eda-de-productos\/jaulas-veterinarias\/\"},{\"@type\":\"ListItem\",\"position\":4,\"name\":\"Jaulas de acero inoxidable\",\"item\":\"https:\/\/www.vetinox.fr\/es\/categor\u00eda-de-productos\/jaulas-veterinarias\/jaulas-de-acero-inoxidable\/\"},{\"@type\":\"ListItem\",\"position\":5,\"name\":\"Jaula de acero inoxidable &#8211; Formato B &#8211; con puerta de cristal y agujero de ox\u00edgeno\"}]},{\"@type\":\"WebSite\",\"@id\":\"https:\/\/www.vetinox.fr\/#website\",\"url\":\"https:\/\/www.vetinox.fr\/\",\"name\":\"Vetinox\",\"description\":\"Equipement Veterinaire\",\"publisher\":{\"@id\":\"https:\/\/www.vetinox.fr\/#organization\"},\"potentialAction\":[{\"@type\":\"SearchAction\",\"target\":{\"@type\":\"EntryPoint\",\"urlTemplate\":\"https:\/\/www.vetinox.fr\/?s={search_term_string}\"},\"query-input\":{\"@type\":\"PropertyValueSpecification\",\"valueRequired\":true,\"valueName\":\"search_term_string\"}}],\"inLanguage\":\"es\"},{\"@type\":\"Organization\",\"@id\":\"https:\/\/www.vetinox.fr\/#organization\",\"name\":\"Vetinox\",\"url\":\"https:\/\/www.vetinox.fr\/\",\"logo\":{\"@type\":\"ImageObject\",\"inLanguage\":\"es\",\"@id\":\"https:\/\/www.vetinox.fr\/#\/schema\/logo\/image\/\",\"url\":\"https:\/\/www.vetinox.fr\/wp-content\/uploads\/2018\/11\/Logo-Vetinox-2.png\",\"contentUrl\":\"https:\/\/www.vetinox.fr\/wp-content\/uploads\/2018\/11\/Logo-Vetinox-2.png\",\"width\":414,\"height\":126,\"caption\":\"Vetinox\"},\"image\":{\"@id\":\"https:\/\/www.vetinox.fr\/#\/schema\/logo\/image\/\"}}]}<\/script>\n<!-- \/ Yoast SEO plugin. -->","yoast_head_json":{"title":"Jaula veterinaria de acero inoxidable B con puerta de cristal para el ox\u00edgeno - Vetinox","description":"Descubra nuestra jaula veterinaria de acero inoxidable adaptada a los peque\u00f1os animales - Tama\u00f1o B - Puerta de cristal con orificio de ox\u00edgeno.","robots":{"index":"index","follow":"follow","max-snippet":"max-snippet:-1","max-image-preview":"max-image-preview:large","max-video-preview":"max-video-preview:-1"},"canonical":"https:\/\/www.vetinox.fr\/es\/produit\/jaula-de-acero-inoxidable-formato-b-con-puerta-de-cristal-y-agujero-de-oxigeno\/","og_locale":"es_ES","og_type":"article","og_title":"Jaula veterinaria de acero inoxidable B con puerta de cristal para el ox\u00edgeno - Vetinox","og_description":"Descubra nuestra jaula veterinaria de acero inoxidable adaptada a los peque\u00f1os animales - Tama\u00f1o B - Puerta de cristal con orificio de ox\u00edgeno.","og_url":"https:\/\/www.vetinox.fr\/es\/produit\/jaula-de-acero-inoxidable-formato-b-con-puerta-de-cristal-y-agujero-de-oxigeno\/","og_site_name":"Vetinox","og_image":[{"width":1004,"height":569,"url":"https:\/\/www.vetinox.fr\/wp-content\/uploads\/2021\/01\/Vetinox_CI200115_CageInoxBPorteVerreAvecTrouOxygene_SansEmbout-O2FixAC002000_-L102xH743xP690-1.jpg","type":"image\/jpeg"}],"twitter_card":"summary_large_image","twitter_misc":{"Tiempo de lectura":"1 minuto"},"schema":{"@context":"https:\/\/schema.org","@graph":[{"@type":"WebPage","@id":"https:\/\/www.vetinox.fr\/es\/produit\/jaula-de-acero-inoxidable-formato-b-con-puerta-de-cristal-y-agujero-de-oxigeno\/","url":"https:\/\/www.vetinox.fr\/es\/produit\/jaula-de-acero-inoxidable-formato-b-con-puerta-de-cristal-y-agujero-de-oxigeno\/","name":"Jaula veterinaria de acero inoxidable B con puerta de cristal para el ox\u00edgeno - Vetinox","isPartOf":{"@id":"https:\/\/www.vetinox.fr\/#website"},"primaryImageOfPage":{"@id":"https:\/\/www.vetinox.fr\/es\/produit\/jaula-de-acero-inoxidable-formato-b-con-puerta-de-cristal-y-agujero-de-oxigeno\/#primaryimage"},"image":{"@id":"https:\/\/www.vetinox.fr\/es\/produit\/jaula-de-acero-inoxidable-formato-b-con-puerta-de-cristal-y-agujero-de-oxigeno\/#primaryimage"},"thumbnailUrl":"https:\/\/www.vetinox.fr\/wp-content\/uploads\/2021\/01\/Vetinox_CI200115_CageInoxBPorteVerreAvecTrouOxygene_SansEmbout-O2FixAC002000_-L102xH743xP690-1.jpg","datePublished":"2021-01-10T20:28:04+00:00","description":"Descubra nuestra jaula veterinaria de acero inoxidable adaptada a los peque\u00f1os animales - Tama\u00f1o B - Puerta de cristal con orificio de ox\u00edgeno.","breadcrumb":{"@id":"https:\/\/www.vetinox.fr\/es\/produit\/jaula-de-acero-inoxidable-formato-b-con-puerta-de-cristal-y-agujero-de-oxigeno\/#breadcrumb"},"inLanguage":"es","potentialAction":[{"@type":"ReadAction","target":["https:\/\/www.vetinox.fr\/es\/produit\/jaula-de-acero-inoxidable-formato-b-con-puerta-de-cristal-y-agujero-de-oxigeno\/"]}]},{"@type":"ImageObject","inLanguage":"es","@id":"https:\/\/www.vetinox.fr\/es\/produit\/jaula-de-acero-inoxidable-formato-b-con-puerta-de-cristal-y-agujero-de-oxigeno\/#primaryimage","url":"https:\/\/www.vetinox.fr\/wp-content\/uploads\/2021\/01\/Vetinox_CI200115_CageInoxBPorteVerreAvecTrouOxygene_SansEmbout-O2FixAC002000_-L102xH743xP690-1.jpg","contentUrl":"https:\/\/www.vetinox.fr\/wp-content\/uploads\/2021\/01\/Vetinox_CI200115_CageInoxBPorteVerreAvecTrouOxygene_SansEmbout-O2FixAC002000_-L102xH743xP690-1.jpg","width":1004,"height":569,"caption":"VETINOX - Cage en acier inoxydable \u2013 Format B \u2013 avec porte en verre et trou oxyg\u00e8ne"},{"@type":"BreadcrumbList","@id":"https:\/\/www.vetinox.fr\/es\/produit\/jaula-de-acero-inoxidable-formato-b-con-puerta-de-cristal-y-agujero-de-oxigeno\/#breadcrumb","itemListElement":[{"@type":"ListItem","position":1,"name":"Accueil","item":"https:\/\/www.vetinox.fr\/de\/"},{"@type":"ListItem","position":2,"name":"Productos","item":"https:\/\/www.vetinox.fr\/es\/archivo-de-productos\/"},{"@type":"ListItem","position":3,"name":"Jaulas veterinarias","item":"https:\/\/www.vetinox.fr\/es\/categor\u00eda-de-productos\/jaulas-veterinarias\/"},{"@type":"ListItem","position":4,"name":"Jaulas de acero inoxidable","item":"https:\/\/www.vetinox.fr\/es\/categor\u00eda-de-productos\/jaulas-veterinarias\/jaulas-de-acero-inoxidable\/"},{"@type":"ListItem","position":5,"name":"Jaula de acero inoxidable &#8211; Formato B &#8211; con puerta de cristal y agujero de ox\u00edgeno"}]},{"@type":"WebSite","@id":"https:\/\/www.vetinox.fr\/#website","url":"https:\/\/www.vetinox.fr\/","name":"Vetinox","description":"Equipement Veterinaire","publisher":{"@id":"https:\/\/www.vetinox.fr\/#organization"},"potentialAction":[{"@type":"SearchAction","target":{"@type":"EntryPoint","urlTemplate":"https:\/\/www.vetinox.fr\/?s={search_term_string}"},"query-input":{"@type":"PropertyValueSpecification","valueRequired":true,"valueName":"search_term_string"}}],"inLanguage":"es"},{"@type":"Organization","@id":"https:\/\/www.vetinox.fr\/#organization","name":"Vetinox","url":"https:\/\/www.vetinox.fr\/","logo":{"@type":"ImageObject","inLanguage":"es","@id":"https:\/\/www.vetinox.fr\/#\/schema\/logo\/image\/","url":"https:\/\/www.vetinox.fr\/wp-content\/uploads\/2018\/11\/Logo-Vetinox-2.png","contentUrl":"https:\/\/www.vetinox.fr\/wp-content\/uploads\/2018\/11\/Logo-Vetinox-2.png","width":414,"height":126,"caption":"Vetinox"},"image":{"@id":"https:\/\/www.vetinox.fr\/#\/schema\/logo\/image\/"}}]}},"_links":{"self":[{"href":"https:\/\/www.vetinox.fr\/es\/wp-json\/wp\/v2\/product\/16247","targetHints":{"allow":["GET"]}}],"collection":[{"href":"https:\/\/www.vetinox.fr\/es\/wp-json\/wp\/v2\/product"}],"about":[{"href":"https:\/\/www.vetinox.fr\/es\/wp-json\/wp\/v2\/types\/product"}],"version-history":[{"count":0,"href":"https:\/\/www.vetinox.fr\/es\/wp-json\/wp\/v2\/product\/16247\/revisions"}],"wp:featuredmedia":[{"embeddable":true,"href":"https:\/\/www.vetinox.fr\/es\/wp-json\/wp\/v2\/media\/30798"}],"wp:attachment":[{"href":"https:\/\/www.vetinox.fr\/es\/wp-json\/wp\/v2\/media?parent=16247"}],"wp:term":[{"taxonomy":"product_brand","embeddable":true,"href":"https:\/\/www.vetinox.fr\/es\/wp-json\/wp\/v2\/product_brand?post=16247"},{"taxonomy":"product_cat","embeddable":true,"href":"https:\/\/www.vetinox.fr\/es\/wp-json\/wp\/v2\/product_cat?post=16247"},{"taxonomy":"product_tag","embeddable":true,"href":"https:\/\/www.vetinox.fr\/es\/wp-json\/wp\/v2\/product_tag?post=16247"}],"curies":[{"name":"wp","href":"https:\/\/api.w.org\/{rel}","templated":true}]}}