{"id":16277,"date":"2019-03-06T17:48:42","date_gmt":"2019-03-06T16:48:42","guid":{"rendered":"https:\/\/www.vetinox.fr\/produit\/chasis-de-4-ruedas-para-jaula-de-poliester-b\/"},"modified":"2019-03-06T17:48:42","modified_gmt":"2019-03-06T16:48:42","slug":"chasis-de-4-ruedas-para-jaula-de-poliester-b","status":"publish","type":"product","link":"https:\/\/www.vetinox.fr\/es\/produit\/chasis-de-4-ruedas-para-jaula-de-poliester-b\/","title":{"rendered":"Chasis de 4 ruedas para jaula de poli\u00e9ster B"},"content":{"rendered":"<p>Caracter\u00edsticas del chasis :<\/p>\n<ul>\n<li>Material: acero inoxidable<\/li>\n<li>Equipado con ruedas, dos de ellas con frenos<\/li>\n<\/ul>\n","protected":false},"excerpt":{"rendered":"<p>Bastidor de acero inoxidable con ruedas con freno, ideal para mover las jaulas veterinarias sin dificultad. El bastidor se adapta al tama\u00f1o de la jaula veterinaria de poli\u00e9ster en formato B.<\/p>\n","protected":false},"featured_media":25184,"template":"","meta":{"ocean_post_layout":"","ocean_both_sidebars_style":"","ocean_both_sidebars_content_width":0,"ocean_both_sidebars_sidebars_width":0,"ocean_sidebar":"0","ocean_second_sidebar":"0","ocean_disable_margins":"on","ocean_add_body_class":"","ocean_shortcode_before_top_bar":"","ocean_shortcode_after_top_bar":"","ocean_shortcode_before_header":"","ocean_shortcode_after_header":"","ocean_has_shortcode":"","ocean_shortcode_after_title":"","ocean_shortcode_before_footer_widgets":"","ocean_shortcode_after_footer_widgets":"","ocean_shortcode_before_footer_bottom":"","ocean_shortcode_after_footer_bottom":"","ocean_display_top_bar":"default","ocean_display_header":"default","ocean_header_style":"","ocean_center_header_left_menu":"0","ocean_custom_header_template":"0","ocean_custom_logo":0,"ocean_custom_retina_logo":0,"ocean_custom_logo_max_width":0,"ocean_custom_logo_tablet_max_width":0,"ocean_custom_logo_mobile_max_width":0,"ocean_custom_logo_max_height":0,"ocean_custom_logo_tablet_max_height":0,"ocean_custom_logo_mobile_max_height":0,"ocean_header_custom_menu":"0","ocean_menu_typo_font_family":"0","ocean_menu_typo_font_subset":"","ocean_menu_typo_font_size":0,"ocean_menu_typo_font_size_tablet":0,"ocean_menu_typo_font_size_mobile":0,"ocean_menu_typo_font_size_unit":"px","ocean_menu_typo_font_weight":"","ocean_menu_typo_font_weight_tablet":"","ocean_menu_typo_font_weight_mobile":"","ocean_menu_typo_transform":"","ocean_menu_typo_transform_tablet":"","ocean_menu_typo_transform_mobile":"","ocean_menu_typo_line_height":0,"ocean_menu_typo_line_height_tablet":0,"ocean_menu_typo_line_height_mobile":0,"ocean_menu_typo_line_height_unit":"","ocean_menu_typo_spacing":0,"ocean_menu_typo_spacing_tablet":0,"ocean_menu_typo_spacing_mobile":0,"ocean_menu_typo_spacing_unit":"","ocean_menu_link_color":"","ocean_menu_link_color_hover":"","ocean_menu_link_color_active":"","ocean_menu_link_background":"","ocean_menu_link_hover_background":"","ocean_menu_link_active_background":"","ocean_menu_social_links_bg":"","ocean_menu_social_hover_links_bg":"","ocean_menu_social_links_color":"","ocean_menu_social_hover_links_color":"","ocean_disable_title":"default","ocean_disable_heading":"default","ocean_post_title":"","ocean_post_subheading":"","ocean_post_title_style":"default","ocean_post_title_background_color":"","ocean_post_title_background":0,"ocean_post_title_bg_image_position":"","ocean_post_title_bg_image_attachment":"","ocean_post_title_bg_image_repeat":"","ocean_post_title_bg_image_size":"","ocean_post_title_height":0,"ocean_post_title_bg_overlay":0.5,"ocean_post_title_bg_overlay_color":"","ocean_disable_breadcrumbs":"on","ocean_breadcrumbs_color":"","ocean_breadcrumbs_separator_color":"","ocean_breadcrumbs_links_color":"","ocean_breadcrumbs_links_hover_color":"","ocean_display_footer_widgets":"default","ocean_display_footer_bottom":"default","ocean_custom_footer_template":"0"},"product_brand":[],"product_cat":[222,221],"product_tag":[],"class_list":{"0":"post-16277","1":"product","2":"type-product","3":"status-publish","4":"has-post-thumbnail","6":"product_cat-accesorios-para-jaulas","7":"product_cat-jaulas-veterinarias","9":"entry","10":"has-media","12":"first","13":"instock","14":"shipping-taxable","15":"product-type-simple","16":"has-product-nav","17":"col","18":"span_1_of_4","19":"owp-content-center","20":"owp-thumbs-layout-vertical","21":"owp-btn-normal","22":"owp-tabs-layout-horizontal"},"yoast_head":"<!-- This site is optimized with the Yoast SEO plugin v27.0 - https:\/\/yoast.com\/product\/yoast-seo-wordpress\/ -->\n<title>Chasis de 4 ruedas para jaulas veterinarias de poli\u00e9ster B - Vetinox<\/title>\n<meta name=\"description\" content=\"Descubra nuestro chasis de 4 ruedas con frenos, ideal para mover f\u00e1cilmente conjuntos de jaulas veterinarias de poli\u00e9ster de tama\u00f1o B.\" \/>\n<meta name=\"robots\" content=\"index, follow, max-snippet:-1, max-image-preview:large, max-video-preview:-1\" \/>\n<link rel=\"canonical\" href=\"https:\/\/www.vetinox.fr\/es\/produit\/chasis-de-4-ruedas-para-jaula-de-poliester-b\/\" \/>\n<meta property=\"og:locale\" content=\"es_ES\" \/>\n<meta property=\"og:type\" content=\"article\" \/>\n<meta property=\"og:title\" content=\"Chasis de 4 ruedas para jaulas veterinarias de poli\u00e9ster B - Vetinox\" \/>\n<meta property=\"og:description\" content=\"Descubra nuestro chasis de 4 ruedas con frenos, ideal para mover f\u00e1cilmente conjuntos de jaulas veterinarias de poli\u00e9ster de tama\u00f1o B.\" \/>\n<meta property=\"og:url\" content=\"https:\/\/www.vetinox.fr\/es\/produit\/chasis-de-4-ruedas-para-jaula-de-poliester-b\/\" \/>\n<meta property=\"og:site_name\" content=\"Vetinox\" \/>\n<meta property=\"og:image\" content=\"https:\/\/www.vetinox.fr\/wp-content\/uploads\/2019\/03\/AC000201-Chassis-Inox-4-roulettes-2-a-freins-pour-cage-B-Polyester-Inox-N1.jpg\" \/>\n\t<meta property=\"og:image:width\" content=\"600\" \/>\n\t<meta property=\"og:image:height\" content=\"600\" \/>\n\t<meta property=\"og:image:type\" content=\"image\/jpeg\" \/>\n<meta name=\"twitter:card\" content=\"summary_large_image\" \/>\n<script type=\"application\/ld+json\" class=\"yoast-schema-graph\">{\"@context\":\"https:\/\/schema.org\",\"@graph\":[{\"@type\":\"WebPage\",\"@id\":\"https:\/\/www.vetinox.fr\/es\/produit\/chasis-de-4-ruedas-para-jaula-de-poliester-b\/\",\"url\":\"https:\/\/www.vetinox.fr\/es\/produit\/chasis-de-4-ruedas-para-jaula-de-poliester-b\/\",\"name\":\"Chasis de 4 ruedas para jaulas veterinarias de poli\u00e9ster B - Vetinox\",\"isPartOf\":{\"@id\":\"https:\/\/www.vetinox.fr\/#website\"},\"primaryImageOfPage\":{\"@id\":\"https:\/\/www.vetinox.fr\/es\/produit\/chasis-de-4-ruedas-para-jaula-de-poliester-b\/#primaryimage\"},\"image\":{\"@id\":\"https:\/\/www.vetinox.fr\/es\/produit\/chasis-de-4-ruedas-para-jaula-de-poliester-b\/#primaryimage\"},\"thumbnailUrl\":\"https:\/\/www.vetinox.fr\/wp-content\/uploads\/2019\/03\/Vetinox-AC000201-chassis-inox-4-roulettes-pour-cage-B-polyester-inox.jpg\",\"datePublished\":\"2019-03-06T16:48:42+00:00\",\"description\":\"Descubra nuestro chasis de 4 ruedas con frenos, ideal para mover f\u00e1cilmente conjuntos de jaulas veterinarias de poli\u00e9ster de tama\u00f1o B.\",\"breadcrumb\":{\"@id\":\"https:\/\/www.vetinox.fr\/es\/produit\/chasis-de-4-ruedas-para-jaula-de-poliester-b\/#breadcrumb\"},\"inLanguage\":\"es\",\"potentialAction\":[{\"@type\":\"ReadAction\",\"target\":[\"https:\/\/www.vetinox.fr\/es\/produit\/chasis-de-4-ruedas-para-jaula-de-poliester-b\/\"]}]},{\"@type\":\"ImageObject\",\"inLanguage\":\"es\",\"@id\":\"https:\/\/www.vetinox.fr\/es\/produit\/chasis-de-4-ruedas-para-jaula-de-poliester-b\/#primaryimage\",\"url\":\"https:\/\/www.vetinox.fr\/wp-content\/uploads\/2019\/03\/Vetinox-AC000201-chassis-inox-4-roulettes-pour-cage-B-polyester-inox.jpg\",\"contentUrl\":\"https:\/\/www.vetinox.fr\/wp-content\/uploads\/2019\/03\/Vetinox-AC000201-chassis-inox-4-roulettes-pour-cage-B-polyester-inox.jpg\",\"width\":1004,\"height\":569,\"caption\":\"Ch\u00e2ssis Inox 4 roulettes (2 \u00e0 freins) pour cage B Polyester Inox\"},{\"@type\":\"BreadcrumbList\",\"@id\":\"https:\/\/www.vetinox.fr\/es\/produit\/chasis-de-4-ruedas-para-jaula-de-poliester-b\/#breadcrumb\",\"itemListElement\":[{\"@type\":\"ListItem\",\"position\":1,\"name\":\"Accueil\",\"item\":\"https:\/\/www.vetinox.fr\/de\/\"},{\"@type\":\"ListItem\",\"position\":2,\"name\":\"Productos\",\"item\":\"https:\/\/www.vetinox.fr\/es\/archivo-de-productos\/\"},{\"@type\":\"ListItem\",\"position\":3,\"name\":\"Jaulas veterinarias\",\"item\":\"https:\/\/www.vetinox.fr\/es\/categor\u00eda-de-productos\/jaulas-veterinarias\/\"},{\"@type\":\"ListItem\",\"position\":4,\"name\":\"Accesorios para jaulas\",\"item\":\"https:\/\/www.vetinox.fr\/es\/categor\u00eda-de-productos\/jaulas-veterinarias\/accesorios-para-jaulas\/\"},{\"@type\":\"ListItem\",\"position\":5,\"name\":\"Chasis de 4 ruedas para jaula de poli\u00e9ster B\"}]},{\"@type\":\"WebSite\",\"@id\":\"https:\/\/www.vetinox.fr\/#website\",\"url\":\"https:\/\/www.vetinox.fr\/\",\"name\":\"Vetinox\",\"description\":\"Equipement Veterinaire\",\"publisher\":{\"@id\":\"https:\/\/www.vetinox.fr\/#organization\"},\"potentialAction\":[{\"@type\":\"SearchAction\",\"target\":{\"@type\":\"EntryPoint\",\"urlTemplate\":\"https:\/\/www.vetinox.fr\/?s={search_term_string}\"},\"query-input\":{\"@type\":\"PropertyValueSpecification\",\"valueRequired\":true,\"valueName\":\"search_term_string\"}}],\"inLanguage\":\"es\"},{\"@type\":\"Organization\",\"@id\":\"https:\/\/www.vetinox.fr\/#organization\",\"name\":\"Vetinox\",\"url\":\"https:\/\/www.vetinox.fr\/\",\"logo\":{\"@type\":\"ImageObject\",\"inLanguage\":\"es\",\"@id\":\"https:\/\/www.vetinox.fr\/#\/schema\/logo\/image\/\",\"url\":\"https:\/\/www.vetinox.fr\/wp-content\/uploads\/2018\/11\/Logo-Vetinox-2.png\",\"contentUrl\":\"https:\/\/www.vetinox.fr\/wp-content\/uploads\/2018\/11\/Logo-Vetinox-2.png\",\"width\":414,\"height\":126,\"caption\":\"Vetinox\"},\"image\":{\"@id\":\"https:\/\/www.vetinox.fr\/#\/schema\/logo\/image\/\"}}]}<\/script>\n<!-- \/ Yoast SEO plugin. -->","yoast_head_json":{"title":"Chasis de 4 ruedas para jaulas veterinarias de poli\u00e9ster B - Vetinox","description":"Descubra nuestro chasis de 4 ruedas con frenos, ideal para mover f\u00e1cilmente conjuntos de jaulas veterinarias de poli\u00e9ster de tama\u00f1o B.","robots":{"index":"index","follow":"follow","max-snippet":"max-snippet:-1","max-image-preview":"max-image-preview:large","max-video-preview":"max-video-preview:-1"},"canonical":"https:\/\/www.vetinox.fr\/es\/produit\/chasis-de-4-ruedas-para-jaula-de-poliester-b\/","og_locale":"es_ES","og_type":"article","og_title":"Chasis de 4 ruedas para jaulas veterinarias de poli\u00e9ster B - Vetinox","og_description":"Descubra nuestro chasis de 4 ruedas con frenos, ideal para mover f\u00e1cilmente conjuntos de jaulas veterinarias de poli\u00e9ster de tama\u00f1o B.","og_url":"https:\/\/www.vetinox.fr\/es\/produit\/chasis-de-4-ruedas-para-jaula-de-poliester-b\/","og_site_name":"Vetinox","og_image":[{"width":600,"height":600,"url":"https:\/\/www.vetinox.fr\/wp-content\/uploads\/2019\/03\/AC000201-Chassis-Inox-4-roulettes-2-a-freins-pour-cage-B-Polyester-Inox-N1.jpg","type":"image\/jpeg"}],"twitter_card":"summary_large_image","schema":{"@context":"https:\/\/schema.org","@graph":[{"@type":"WebPage","@id":"https:\/\/www.vetinox.fr\/es\/produit\/chasis-de-4-ruedas-para-jaula-de-poliester-b\/","url":"https:\/\/www.vetinox.fr\/es\/produit\/chasis-de-4-ruedas-para-jaula-de-poliester-b\/","name":"Chasis de 4 ruedas para jaulas veterinarias de poli\u00e9ster B - Vetinox","isPartOf":{"@id":"https:\/\/www.vetinox.fr\/#website"},"primaryImageOfPage":{"@id":"https:\/\/www.vetinox.fr\/es\/produit\/chasis-de-4-ruedas-para-jaula-de-poliester-b\/#primaryimage"},"image":{"@id":"https:\/\/www.vetinox.fr\/es\/produit\/chasis-de-4-ruedas-para-jaula-de-poliester-b\/#primaryimage"},"thumbnailUrl":"https:\/\/www.vetinox.fr\/wp-content\/uploads\/2019\/03\/Vetinox-AC000201-chassis-inox-4-roulettes-pour-cage-B-polyester-inox.jpg","datePublished":"2019-03-06T16:48:42+00:00","description":"Descubra nuestro chasis de 4 ruedas con frenos, ideal para mover f\u00e1cilmente conjuntos de jaulas veterinarias de poli\u00e9ster de tama\u00f1o B.","breadcrumb":{"@id":"https:\/\/www.vetinox.fr\/es\/produit\/chasis-de-4-ruedas-para-jaula-de-poliester-b\/#breadcrumb"},"inLanguage":"es","potentialAction":[{"@type":"ReadAction","target":["https:\/\/www.vetinox.fr\/es\/produit\/chasis-de-4-ruedas-para-jaula-de-poliester-b\/"]}]},{"@type":"ImageObject","inLanguage":"es","@id":"https:\/\/www.vetinox.fr\/es\/produit\/chasis-de-4-ruedas-para-jaula-de-poliester-b\/#primaryimage","url":"https:\/\/www.vetinox.fr\/wp-content\/uploads\/2019\/03\/Vetinox-AC000201-chassis-inox-4-roulettes-pour-cage-B-polyester-inox.jpg","contentUrl":"https:\/\/www.vetinox.fr\/wp-content\/uploads\/2019\/03\/Vetinox-AC000201-chassis-inox-4-roulettes-pour-cage-B-polyester-inox.jpg","width":1004,"height":569,"caption":"Ch\u00e2ssis Inox 4 roulettes (2 \u00e0 freins) pour cage B Polyester Inox"},{"@type":"BreadcrumbList","@id":"https:\/\/www.vetinox.fr\/es\/produit\/chasis-de-4-ruedas-para-jaula-de-poliester-b\/#breadcrumb","itemListElement":[{"@type":"ListItem","position":1,"name":"Accueil","item":"https:\/\/www.vetinox.fr\/de\/"},{"@type":"ListItem","position":2,"name":"Productos","item":"https:\/\/www.vetinox.fr\/es\/archivo-de-productos\/"},{"@type":"ListItem","position":3,"name":"Jaulas veterinarias","item":"https:\/\/www.vetinox.fr\/es\/categor\u00eda-de-productos\/jaulas-veterinarias\/"},{"@type":"ListItem","position":4,"name":"Accesorios para jaulas","item":"https:\/\/www.vetinox.fr\/es\/categor\u00eda-de-productos\/jaulas-veterinarias\/accesorios-para-jaulas\/"},{"@type":"ListItem","position":5,"name":"Chasis de 4 ruedas para jaula de poli\u00e9ster B"}]},{"@type":"WebSite","@id":"https:\/\/www.vetinox.fr\/#website","url":"https:\/\/www.vetinox.fr\/","name":"Vetinox","description":"Equipement Veterinaire","publisher":{"@id":"https:\/\/www.vetinox.fr\/#organization"},"potentialAction":[{"@type":"SearchAction","target":{"@type":"EntryPoint","urlTemplate":"https:\/\/www.vetinox.fr\/?s={search_term_string}"},"query-input":{"@type":"PropertyValueSpecification","valueRequired":true,"valueName":"search_term_string"}}],"inLanguage":"es"},{"@type":"Organization","@id":"https:\/\/www.vetinox.fr\/#organization","name":"Vetinox","url":"https:\/\/www.vetinox.fr\/","logo":{"@type":"ImageObject","inLanguage":"es","@id":"https:\/\/www.vetinox.fr\/#\/schema\/logo\/image\/","url":"https:\/\/www.vetinox.fr\/wp-content\/uploads\/2018\/11\/Logo-Vetinox-2.png","contentUrl":"https:\/\/www.vetinox.fr\/wp-content\/uploads\/2018\/11\/Logo-Vetinox-2.png","width":414,"height":126,"caption":"Vetinox"},"image":{"@id":"https:\/\/www.vetinox.fr\/#\/schema\/logo\/image\/"}}]}},"_links":{"self":[{"href":"https:\/\/www.vetinox.fr\/es\/wp-json\/wp\/v2\/product\/16277","targetHints":{"allow":["GET"]}}],"collection":[{"href":"https:\/\/www.vetinox.fr\/es\/wp-json\/wp\/v2\/product"}],"about":[{"href":"https:\/\/www.vetinox.fr\/es\/wp-json\/wp\/v2\/types\/product"}],"version-history":[{"count":0,"href":"https:\/\/www.vetinox.fr\/es\/wp-json\/wp\/v2\/product\/16277\/revisions"}],"wp:featuredmedia":[{"embeddable":true,"href":"https:\/\/www.vetinox.fr\/es\/wp-json\/wp\/v2\/media\/25184"}],"wp:attachment":[{"href":"https:\/\/www.vetinox.fr\/es\/wp-json\/wp\/v2\/media?parent=16277"}],"wp:term":[{"taxonomy":"product_brand","embeddable":true,"href":"https:\/\/www.vetinox.fr\/es\/wp-json\/wp\/v2\/product_brand?post=16277"},{"taxonomy":"product_cat","embeddable":true,"href":"https:\/\/www.vetinox.fr\/es\/wp-json\/wp\/v2\/product_cat?post=16277"},{"taxonomy":"product_tag","embeddable":true,"href":"https:\/\/www.vetinox.fr\/es\/wp-json\/wp\/v2\/product_tag?post=16277"}],"curies":[{"name":"wp","href":"https:\/\/api.w.org\/{rel}","templated":true}]}}