{"id":16374,"date":"2020-11-17T00:14:20","date_gmt":"2020-11-16T23:14:20","guid":{"rendered":"https:\/\/www.vetinox.fr\/produit\/camilla-de-consulta-elite-con-bandeja-de-rayos-x-y-mando-a-distancia\/"},"modified":"2025-01-02T12:37:03","modified_gmt":"2025-01-02T11:37:03","slug":"camilla-de-consulta-elite-con-bandeja-de-rayos-x-y-mando-a-distancia","status":"publish","type":"product","link":"https:\/\/www.vetinox.fr\/es\/produit\/camilla-de-consulta-elite-con-bandeja-de-rayos-x-y-mando-a-distancia\/","title":{"rendered":"Mesa de consulta radiol\u00f3gica ELITE con mando a distancia y bater\u00eda (Uso interior y exterior)"},"content":{"rendered":"<p>Camilla de consulta ELITE disponible con diversas opciones, y puede fabricarse a medida.<\/p>\n<p>Caracter\u00edsticas de la mesa veterinaria :<\/p>\n<ul>\n<li>Funci\u00f3n 4 en 1: camilla, mesa elevadora, mesa de consulta, mesa de radiolog\u00eda<\/li>\n<li style=\"font-size: 17px;\">Tama\u00f1o de la mesa en posici\u00f3n bajada: 1290 x 600 x 225 mm<\/li>\n<li style=\"font-size: 17px;\">Tama\u00f1o de la mesa en posici\u00f3n elevada: 1290 x 600 x 965 mm<\/li>\n<li>Tama\u00f1o del tablero: 1290 x 600 mm<\/li>\n<li>Altura variable de 225 a 965 mm<\/li>\n<li>Carga m\u00e1xima de la mesa: 100 kg<\/li>\n<li>Ascenso y descenso controlado el\u00e9ctricamente por control remoto con sistema cableado<\/li>\n<li style=\"font-size: 17px;\">Cilindro el\u00e9ctrico silencioso y sin sacudidas<\/li>\n<li>Bater\u00eda recargable de 24 V incorporada (larga duraci\u00f3n)<\/li>\n<li>Mesa equipada con un tablero de rayos X con revestimiento de polietileno azul mecanizado antiara\u00f1azos de 16 mm.<\/li>\n<li style=\"font-size: 17px;\">Mesa equipada con 4 ruedas de goma natural de 360\u00b0 (antideslizantes) con sistema de frenado<\/li>\n<li>Mecanismo en cruz para m\u00e1xima estabilidad<\/li>\n<li>Mesa totalmente de acero inoxidable 304 L<\/li>\n<li>Barra de apoyo a cada lado de la mesa<\/li>\n<li>Estructura de acero inoxidable con 5 a\u00f1os de garant\u00eda<\/li>\n<li>Sistema el\u00e9ctrico garantizado durante 2 a\u00f1os<\/li>\n<\/ul>\n","protected":false},"excerpt":{"rendered":"<p><img decoding=\"async\" class=\"size-medium wp-image-24319 alignleft\" src=\"https:\/\/www.vetinox.fr\/wp-content\/uploads\/2020\/11\/Macaron_hauteur.jpg\" alt=\"\" width=\"100\" height=\"100\"><img decoding=\"async\" class=\"size-full wp-image-24315 alignleft\" src=\"https:\/\/www.vetinox.fr\/wp-content\/uploads\/2020\/11\/Macaron_Charge.jpg\" alt=\"\" width=\"100\" height=\"100\"> <img decoding=\"async\" class=\"size-medium wp-image-24323 alignleft\" src=\"https:\/\/www.vetinox.fr\/wp-content\/uploads\/2020\/11\/MacaronRoues.jpg\" alt=\"\" width=\"100\" height=\"100\"><\/p>\n<p>&nbsp;<\/p>\n<p>&nbsp;<\/p>\n<p>Vers\u00e1til e innovadora, la camilla de consulta ELITE es una camilla de consulta, una camilla elevadora y un carro de transporte, todo en uno. Tambi\u00e9n dispone de una unidad de radiolog\u00eda integrada.<\/p>\n<p>Aut\u00e9ntica revoluci\u00f3n en el \u00e1mbito veterinario, su <strong>altura variable de 225 a 965 mm<\/strong> facilita la subida de los animales y la consulta de los profesionales. Tambi\u00e9n puede levantar sin dificultad animales voluminosos de hasta 100 kg de peso. Su chasis se apoya en 4 ruedas autoguiables, lo que permite transportar a los animales de un lugar a otro r\u00e1pidamente y sin esfuerzo. La mesa est\u00e1 disponible con diversas opciones, as\u00ed como a medida.<\/p>\n<span class=\"action-button blue-button2\"><a href=\"https:\/\/www.youtube.com\/watch?v=3O6k8grWXd4&amp;feature=emb_title&amp;ab_channel=VETINOX&amp;utm_source=NEWSMED+ALL+PRODUCTION&amp;utm_campaign=7d7c0984a8-EMAIL_CAMPAIGN_2020_10_01_12_15&amp;utm_medium=email&amp;utm_term=0_1ff8e0c963-7d7c0984a8-295192438\">VIDEO demostraci\u00f3n de la mesa camilla<\/a><\/span>\n<span class=\"action-button blue-button2\"><a href=\"https:\/\/www.vetinox.fr\/wp-content\/uploads\/2020\/11\/Fiche-Technique-Table-de-consultation-brancard-ELITE.pdf\">Folleto t\u00e9cnico - Camilla de consulta ELITE<\/a><\/span>\n<p>&nbsp;<\/p>\n","protected":false},"featured_media":26431,"template":"","meta":{"ocean_post_layout":"","ocean_both_sidebars_style":"","ocean_both_sidebars_content_width":0,"ocean_both_sidebars_sidebars_width":0,"ocean_sidebar":"0","ocean_second_sidebar":"0","ocean_disable_margins":"enable","ocean_add_body_class":"","ocean_shortcode_before_top_bar":"","ocean_shortcode_after_top_bar":"","ocean_shortcode_before_header":"","ocean_shortcode_after_header":"","ocean_has_shortcode":"","ocean_shortcode_after_title":"","ocean_shortcode_before_footer_widgets":"","ocean_shortcode_after_footer_widgets":"","ocean_shortcode_before_footer_bottom":"","ocean_shortcode_after_footer_bottom":"","ocean_display_top_bar":"default","ocean_display_header":"default","ocean_header_style":"","ocean_center_header_left_menu":"0","ocean_custom_header_template":"0","ocean_custom_logo":0,"ocean_custom_retina_logo":0,"ocean_custom_logo_max_width":0,"ocean_custom_logo_tablet_max_width":0,"ocean_custom_logo_mobile_max_width":0,"ocean_custom_logo_max_height":0,"ocean_custom_logo_tablet_max_height":0,"ocean_custom_logo_mobile_max_height":0,"ocean_header_custom_menu":"0","ocean_menu_typo_font_family":"0","ocean_menu_typo_font_subset":"","ocean_menu_typo_font_size":0,"ocean_menu_typo_font_size_tablet":0,"ocean_menu_typo_font_size_mobile":0,"ocean_menu_typo_font_size_unit":"px","ocean_menu_typo_font_weight":"","ocean_menu_typo_font_weight_tablet":"","ocean_menu_typo_font_weight_mobile":"","ocean_menu_typo_transform":"","ocean_menu_typo_transform_tablet":"","ocean_menu_typo_transform_mobile":"","ocean_menu_typo_line_height":0,"ocean_menu_typo_line_height_tablet":0,"ocean_menu_typo_line_height_mobile":0,"ocean_menu_typo_line_height_unit":"","ocean_menu_typo_spacing":0,"ocean_menu_typo_spacing_tablet":0,"ocean_menu_typo_spacing_mobile":0,"ocean_menu_typo_spacing_unit":"","ocean_menu_link_color":"","ocean_menu_link_color_hover":"","ocean_menu_link_color_active":"","ocean_menu_link_background":"","ocean_menu_link_hover_background":"","ocean_menu_link_active_background":"","ocean_menu_social_links_bg":"","ocean_menu_social_hover_links_bg":"","ocean_menu_social_links_color":"","ocean_menu_social_hover_links_color":"","ocean_disable_title":"default","ocean_disable_heading":"default","ocean_post_title":"","ocean_post_subheading":"","ocean_post_title_style":"","ocean_post_title_background_color":"","ocean_post_title_background":0,"ocean_post_title_bg_image_position":"","ocean_post_title_bg_image_attachment":"","ocean_post_title_bg_image_repeat":"","ocean_post_title_bg_image_size":"","ocean_post_title_height":0,"ocean_post_title_bg_overlay":0.5,"ocean_post_title_bg_overlay_color":"","ocean_disable_breadcrumbs":"default","ocean_breadcrumbs_color":"","ocean_breadcrumbs_separator_color":"","ocean_breadcrumbs_links_color":"","ocean_breadcrumbs_links_hover_color":"","ocean_display_footer_widgets":"default","ocean_display_footer_bottom":"default","ocean_custom_footer_template":"0"},"product_brand":[],"product_cat":[235,239,233,231],"product_tag":[],"class_list":{"0":"post-16374","1":"product","2":"type-product","3":"status-publish","4":"has-post-thumbnail","6":"product_cat-mesas-de-camilla","7":"product_cat-mesas-de-rayos-x","8":"product_cat-mesas-elite","9":"product_cat-mesas-veterinarias","10":"pa_options-de-la-table-ruedas-retractiles","11":"pa_type-de-plateau-plataforma-de-radiologia","13":"entry","14":"has-media","16":"first","17":"instock","18":"shipping-taxable","19":"product-type-simple","20":"has-product-nav","21":"col","22":"span_1_of_4","23":"owp-content-center","24":"owp-thumbs-layout-vertical","25":"owp-btn-normal","26":"owp-tabs-layout-horizontal"},"yoast_head":"<!-- This site is optimized with the Yoast SEO plugin v27.0 - https:\/\/yoast.com\/product\/yoast-seo-wordpress\/ -->\n<title>Mesa de consulta veterinaria con bandeja radiol\u00f3gica - Vetinox<\/title>\n<meta name=\"description\" content=\"Descubre nuestra nueva mesa de consulta veterinaria ultrabaja y de altura variable. Disponible con bandeja radiol\u00f3gica.\" \/>\n<meta name=\"robots\" content=\"index, follow, max-snippet:-1, max-image-preview:large, max-video-preview:-1\" \/>\n<link rel=\"canonical\" href=\"https:\/\/www.vetinox.fr\/es\/produit\/camilla-de-consulta-elite-con-bandeja-de-rayos-x-y-mando-a-distancia\/\" \/>\n<meta property=\"og:locale\" content=\"es_ES\" \/>\n<meta property=\"og:type\" content=\"article\" \/>\n<meta property=\"og:title\" content=\"Mesa de consulta veterinaria con bandeja radiol\u00f3gica - Vetinox\" \/>\n<meta property=\"og:description\" content=\"Descubre nuestra nueva mesa de consulta veterinaria ultrabaja y de altura variable. Disponible con bandeja radiol\u00f3gica.\" \/>\n<meta property=\"og:url\" content=\"https:\/\/www.vetinox.fr\/es\/produit\/camilla-de-consulta-elite-con-bandeja-de-rayos-x-y-mando-a-distancia\/\" \/>\n<meta property=\"og:site_name\" content=\"Vetinox\" \/>\n<meta property=\"article:modified_time\" content=\"2025-01-02T11:37:03+00:00\" \/>\n<meta property=\"og:image\" content=\"https:\/\/www.vetinox.fr\/wp-content\/uploads\/2020\/11\/Vetinox-TA100415-table-consultation-brancard-radiologie-telecommande-et-batterie_1.jpg\" \/>\n\t<meta property=\"og:image:width\" content=\"1004\" \/>\n\t<meta property=\"og:image:height\" content=\"569\" \/>\n\t<meta property=\"og:image:type\" content=\"image\/jpeg\" \/>\n<meta name=\"twitter:card\" content=\"summary_large_image\" \/>\n<meta name=\"twitter:label1\" content=\"Tiempo de lectura\" \/>\n\t<meta name=\"twitter:data1\" content=\"1 minuto\" \/>\n<script type=\"application\/ld+json\" class=\"yoast-schema-graph\">{\"@context\":\"https:\/\/schema.org\",\"@graph\":[{\"@type\":\"WebPage\",\"@id\":\"https:\/\/www.vetinox.fr\/es\/produit\/camilla-de-consulta-elite-con-bandeja-de-rayos-x-y-mando-a-distancia\/\",\"url\":\"https:\/\/www.vetinox.fr\/es\/produit\/camilla-de-consulta-elite-con-bandeja-de-rayos-x-y-mando-a-distancia\/\",\"name\":\"Mesa de consulta veterinaria con bandeja radiol\u00f3gica - Vetinox\",\"isPartOf\":{\"@id\":\"https:\/\/www.vetinox.fr\/#website\"},\"primaryImageOfPage\":{\"@id\":\"https:\/\/www.vetinox.fr\/es\/produit\/camilla-de-consulta-elite-con-bandeja-de-rayos-x-y-mando-a-distancia\/#primaryimage\"},\"image\":{\"@id\":\"https:\/\/www.vetinox.fr\/es\/produit\/camilla-de-consulta-elite-con-bandeja-de-rayos-x-y-mando-a-distancia\/#primaryimage\"},\"thumbnailUrl\":\"https:\/\/www.vetinox.fr\/wp-content\/uploads\/2020\/11\/Vetinox-TA100415-table-consultation-brancard-radiologie-telecommande-et-batterie_1.jpg\",\"datePublished\":\"2020-11-16T23:14:20+00:00\",\"dateModified\":\"2025-01-02T11:37:03+00:00\",\"description\":\"Descubre nuestra nueva mesa de consulta veterinaria ultrabaja y de altura variable. Disponible con bandeja radiol\u00f3gica.\",\"breadcrumb\":{\"@id\":\"https:\/\/www.vetinox.fr\/es\/produit\/camilla-de-consulta-elite-con-bandeja-de-rayos-x-y-mando-a-distancia\/#breadcrumb\"},\"inLanguage\":\"es\",\"potentialAction\":[{\"@type\":\"ReadAction\",\"target\":[\"https:\/\/www.vetinox.fr\/es\/produit\/camilla-de-consulta-elite-con-bandeja-de-rayos-x-y-mando-a-distancia\/\"]}]},{\"@type\":\"ImageObject\",\"inLanguage\":\"es\",\"@id\":\"https:\/\/www.vetinox.fr\/es\/produit\/camilla-de-consulta-elite-con-bandeja-de-rayos-x-y-mando-a-distancia\/#primaryimage\",\"url\":\"https:\/\/www.vetinox.fr\/wp-content\/uploads\/2020\/11\/Vetinox-TA100415-table-consultation-brancard-radiologie-telecommande-et-batterie_1.jpg\",\"contentUrl\":\"https:\/\/www.vetinox.fr\/wp-content\/uploads\/2020\/11\/Vetinox-TA100415-table-consultation-brancard-radiologie-telecommande-et-batterie_1.jpg\",\"width\":1004,\"height\":569,\"caption\":\"Table de consultation brancard ELITE avec plateau de radiologie et t\u00e9l\u00e9commande\"},{\"@type\":\"BreadcrumbList\",\"@id\":\"https:\/\/www.vetinox.fr\/es\/produit\/camilla-de-consulta-elite-con-bandeja-de-rayos-x-y-mando-a-distancia\/#breadcrumb\",\"itemListElement\":[{\"@type\":\"ListItem\",\"position\":1,\"name\":\"Accueil\",\"item\":\"https:\/\/www.vetinox.fr\/de\/\"},{\"@type\":\"ListItem\",\"position\":2,\"name\":\"Productos\",\"item\":\"https:\/\/www.vetinox.fr\/es\/archivo-de-productos\/\"},{\"@type\":\"ListItem\",\"position\":3,\"name\":\"TABLES\",\"item\":\"https:\/\/www.vetinox.fr\/categorie-produit\/tables-veterinaires\/\"},{\"@type\":\"ListItem\",\"position\":4,\"name\":\"Mesa de consulta radiol\u00f3gica ELITE con mando a distancia y bater\u00eda (Uso interior y exterior)\"}]},{\"@type\":\"WebSite\",\"@id\":\"https:\/\/www.vetinox.fr\/#website\",\"url\":\"https:\/\/www.vetinox.fr\/\",\"name\":\"Vetinox\",\"description\":\"Equipement Veterinaire\",\"publisher\":{\"@id\":\"https:\/\/www.vetinox.fr\/#organization\"},\"potentialAction\":[{\"@type\":\"SearchAction\",\"target\":{\"@type\":\"EntryPoint\",\"urlTemplate\":\"https:\/\/www.vetinox.fr\/?s={search_term_string}\"},\"query-input\":{\"@type\":\"PropertyValueSpecification\",\"valueRequired\":true,\"valueName\":\"search_term_string\"}}],\"inLanguage\":\"es\"},{\"@type\":\"Organization\",\"@id\":\"https:\/\/www.vetinox.fr\/#organization\",\"name\":\"Vetinox\",\"url\":\"https:\/\/www.vetinox.fr\/\",\"logo\":{\"@type\":\"ImageObject\",\"inLanguage\":\"es\",\"@id\":\"https:\/\/www.vetinox.fr\/#\/schema\/logo\/image\/\",\"url\":\"https:\/\/www.vetinox.fr\/wp-content\/uploads\/2018\/11\/Logo-Vetinox-2.png\",\"contentUrl\":\"https:\/\/www.vetinox.fr\/wp-content\/uploads\/2018\/11\/Logo-Vetinox-2.png\",\"width\":414,\"height\":126,\"caption\":\"Vetinox\"},\"image\":{\"@id\":\"https:\/\/www.vetinox.fr\/#\/schema\/logo\/image\/\"}}]}<\/script>\n<!-- \/ Yoast SEO plugin. -->","yoast_head_json":{"title":"Mesa de consulta veterinaria con bandeja radiol\u00f3gica - Vetinox","description":"Descubre nuestra nueva mesa de consulta veterinaria ultrabaja y de altura variable. Disponible con bandeja radiol\u00f3gica.","robots":{"index":"index","follow":"follow","max-snippet":"max-snippet:-1","max-image-preview":"max-image-preview:large","max-video-preview":"max-video-preview:-1"},"canonical":"https:\/\/www.vetinox.fr\/es\/produit\/camilla-de-consulta-elite-con-bandeja-de-rayos-x-y-mando-a-distancia\/","og_locale":"es_ES","og_type":"article","og_title":"Mesa de consulta veterinaria con bandeja radiol\u00f3gica - Vetinox","og_description":"Descubre nuestra nueva mesa de consulta veterinaria ultrabaja y de altura variable. Disponible con bandeja radiol\u00f3gica.","og_url":"https:\/\/www.vetinox.fr\/es\/produit\/camilla-de-consulta-elite-con-bandeja-de-rayos-x-y-mando-a-distancia\/","og_site_name":"Vetinox","article_modified_time":"2025-01-02T11:37:03+00:00","og_image":[{"width":1004,"height":569,"url":"https:\/\/www.vetinox.fr\/wp-content\/uploads\/2020\/11\/Vetinox-TA100415-table-consultation-brancard-radiologie-telecommande-et-batterie_1.jpg","type":"image\/jpeg"}],"twitter_card":"summary_large_image","twitter_misc":{"Tiempo de lectura":"1 minuto"},"schema":{"@context":"https:\/\/schema.org","@graph":[{"@type":"WebPage","@id":"https:\/\/www.vetinox.fr\/es\/produit\/camilla-de-consulta-elite-con-bandeja-de-rayos-x-y-mando-a-distancia\/","url":"https:\/\/www.vetinox.fr\/es\/produit\/camilla-de-consulta-elite-con-bandeja-de-rayos-x-y-mando-a-distancia\/","name":"Mesa de consulta veterinaria con bandeja radiol\u00f3gica - Vetinox","isPartOf":{"@id":"https:\/\/www.vetinox.fr\/#website"},"primaryImageOfPage":{"@id":"https:\/\/www.vetinox.fr\/es\/produit\/camilla-de-consulta-elite-con-bandeja-de-rayos-x-y-mando-a-distancia\/#primaryimage"},"image":{"@id":"https:\/\/www.vetinox.fr\/es\/produit\/camilla-de-consulta-elite-con-bandeja-de-rayos-x-y-mando-a-distancia\/#primaryimage"},"thumbnailUrl":"https:\/\/www.vetinox.fr\/wp-content\/uploads\/2020\/11\/Vetinox-TA100415-table-consultation-brancard-radiologie-telecommande-et-batterie_1.jpg","datePublished":"2020-11-16T23:14:20+00:00","dateModified":"2025-01-02T11:37:03+00:00","description":"Descubre nuestra nueva mesa de consulta veterinaria ultrabaja y de altura variable. Disponible con bandeja radiol\u00f3gica.","breadcrumb":{"@id":"https:\/\/www.vetinox.fr\/es\/produit\/camilla-de-consulta-elite-con-bandeja-de-rayos-x-y-mando-a-distancia\/#breadcrumb"},"inLanguage":"es","potentialAction":[{"@type":"ReadAction","target":["https:\/\/www.vetinox.fr\/es\/produit\/camilla-de-consulta-elite-con-bandeja-de-rayos-x-y-mando-a-distancia\/"]}]},{"@type":"ImageObject","inLanguage":"es","@id":"https:\/\/www.vetinox.fr\/es\/produit\/camilla-de-consulta-elite-con-bandeja-de-rayos-x-y-mando-a-distancia\/#primaryimage","url":"https:\/\/www.vetinox.fr\/wp-content\/uploads\/2020\/11\/Vetinox-TA100415-table-consultation-brancard-radiologie-telecommande-et-batterie_1.jpg","contentUrl":"https:\/\/www.vetinox.fr\/wp-content\/uploads\/2020\/11\/Vetinox-TA100415-table-consultation-brancard-radiologie-telecommande-et-batterie_1.jpg","width":1004,"height":569,"caption":"Table de consultation brancard ELITE avec plateau de radiologie et t\u00e9l\u00e9commande"},{"@type":"BreadcrumbList","@id":"https:\/\/www.vetinox.fr\/es\/produit\/camilla-de-consulta-elite-con-bandeja-de-rayos-x-y-mando-a-distancia\/#breadcrumb","itemListElement":[{"@type":"ListItem","position":1,"name":"Accueil","item":"https:\/\/www.vetinox.fr\/de\/"},{"@type":"ListItem","position":2,"name":"Productos","item":"https:\/\/www.vetinox.fr\/es\/archivo-de-productos\/"},{"@type":"ListItem","position":3,"name":"TABLES","item":"https:\/\/www.vetinox.fr\/categorie-produit\/tables-veterinaires\/"},{"@type":"ListItem","position":4,"name":"Mesa de consulta radiol\u00f3gica ELITE con mando a distancia y bater\u00eda (Uso interior y exterior)"}]},{"@type":"WebSite","@id":"https:\/\/www.vetinox.fr\/#website","url":"https:\/\/www.vetinox.fr\/","name":"Vetinox","description":"Equipement Veterinaire","publisher":{"@id":"https:\/\/www.vetinox.fr\/#organization"},"potentialAction":[{"@type":"SearchAction","target":{"@type":"EntryPoint","urlTemplate":"https:\/\/www.vetinox.fr\/?s={search_term_string}"},"query-input":{"@type":"PropertyValueSpecification","valueRequired":true,"valueName":"search_term_string"}}],"inLanguage":"es"},{"@type":"Organization","@id":"https:\/\/www.vetinox.fr\/#organization","name":"Vetinox","url":"https:\/\/www.vetinox.fr\/","logo":{"@type":"ImageObject","inLanguage":"es","@id":"https:\/\/www.vetinox.fr\/#\/schema\/logo\/image\/","url":"https:\/\/www.vetinox.fr\/wp-content\/uploads\/2018\/11\/Logo-Vetinox-2.png","contentUrl":"https:\/\/www.vetinox.fr\/wp-content\/uploads\/2018\/11\/Logo-Vetinox-2.png","width":414,"height":126,"caption":"Vetinox"},"image":{"@id":"https:\/\/www.vetinox.fr\/#\/schema\/logo\/image\/"}}]}},"_links":{"self":[{"href":"https:\/\/www.vetinox.fr\/es\/wp-json\/wp\/v2\/product\/16374","targetHints":{"allow":["GET"]}}],"collection":[{"href":"https:\/\/www.vetinox.fr\/es\/wp-json\/wp\/v2\/product"}],"about":[{"href":"https:\/\/www.vetinox.fr\/es\/wp-json\/wp\/v2\/types\/product"}],"version-history":[{"count":0,"href":"https:\/\/www.vetinox.fr\/es\/wp-json\/wp\/v2\/product\/16374\/revisions"}],"wp:featuredmedia":[{"embeddable":true,"href":"https:\/\/www.vetinox.fr\/es\/wp-json\/wp\/v2\/media\/26431"}],"wp:attachment":[{"href":"https:\/\/www.vetinox.fr\/es\/wp-json\/wp\/v2\/media?parent=16374"}],"wp:term":[{"taxonomy":"product_brand","embeddable":true,"href":"https:\/\/www.vetinox.fr\/es\/wp-json\/wp\/v2\/product_brand?post=16374"},{"taxonomy":"product_cat","embeddable":true,"href":"https:\/\/www.vetinox.fr\/es\/wp-json\/wp\/v2\/product_cat?post=16374"},{"taxonomy":"product_tag","embeddable":true,"href":"https:\/\/www.vetinox.fr\/es\/wp-json\/wp\/v2\/product_tag?post=16374"}],"curies":[{"name":"wp","href":"https:\/\/api.w.org\/{rel}","templated":true}]}}