{"id":16563,"date":"2019-03-11T15:29:04","date_gmt":"2019-03-11T14:29:04","guid":{"rendered":"https:\/\/www.vetinox.fr\/produit\/mesa-de-preparacion-con-tapa-de-bar-y-zapato\/"},"modified":"2019-03-11T15:29:04","modified_gmt":"2019-03-11T14:29:04","slug":"mesa-de-preparacion-con-tapa-de-bar-y-zapato","status":"publish","type":"product","link":"https:\/\/www.vetinox.fr\/es\/produit\/mesa-de-preparacion-con-tapa-de-bar-y-zapato\/","title":{"rendered":"Mesa de preparaci\u00f3n con tapa de bar y zapato"},"content":{"rendered":"<p>Caracter\u00edsticas de la mesa de preparaci\u00f3n veterinaria :<\/p>\n<ul>\n<li>Dimensiones de la mesa: 140 x 60 x 90 cm<\/li>\n<li>Bandeja extra\u00edble con barras (30 mm de di\u00e1metro, 10 mm de separaci\u00f3n) o perforada (agujeros de 8 mm de di\u00e1metro, 60 mm de separaci\u00f3n)<\/li>\n<li>Profundidad de 40 cm<\/li>\n<li>Altura ideal para trabajar sentado<\/li>\n<li>Grifo mezclador con ducha de mano<\/li>\n<li>Drenaje central<\/li>\n<li>Mesa equipada con una zapata de 16 cm de profundidad<\/li>\n<\/ul>\n","protected":false},"excerpt":{"rendered":"<p>Mesa de preparaci\u00f3n veterinaria en acero inoxidable, disponible con muchas opciones. La mesa est\u00e1 equipada con una bandeja con barras, as\u00ed como con un grifo mezclador con ducha. Tiene una base de 16 cm de profundidad.<\/p>\n","protected":false},"featured_media":26380,"template":"","meta":{"ocean_post_layout":"","ocean_both_sidebars_style":"","ocean_both_sidebars_content_width":0,"ocean_both_sidebars_sidebars_width":0,"ocean_sidebar":"0","ocean_second_sidebar":"0","ocean_disable_margins":"on","ocean_add_body_class":"","ocean_shortcode_before_top_bar":"","ocean_shortcode_after_top_bar":"","ocean_shortcode_before_header":"","ocean_shortcode_after_header":"","ocean_has_shortcode":"","ocean_shortcode_after_title":"","ocean_shortcode_before_footer_widgets":"","ocean_shortcode_after_footer_widgets":"","ocean_shortcode_before_footer_bottom":"","ocean_shortcode_after_footer_bottom":"","ocean_display_top_bar":"default","ocean_display_header":"default","ocean_header_style":"","ocean_center_header_left_menu":"0","ocean_custom_header_template":"0","ocean_custom_logo":0,"ocean_custom_retina_logo":0,"ocean_custom_logo_max_width":0,"ocean_custom_logo_tablet_max_width":0,"ocean_custom_logo_mobile_max_width":0,"ocean_custom_logo_max_height":0,"ocean_custom_logo_tablet_max_height":0,"ocean_custom_logo_mobile_max_height":0,"ocean_header_custom_menu":"0","ocean_menu_typo_font_family":"0","ocean_menu_typo_font_subset":"","ocean_menu_typo_font_size":0,"ocean_menu_typo_font_size_tablet":0,"ocean_menu_typo_font_size_mobile":0,"ocean_menu_typo_font_size_unit":"px","ocean_menu_typo_font_weight":"","ocean_menu_typo_font_weight_tablet":"","ocean_menu_typo_font_weight_mobile":"","ocean_menu_typo_transform":"","ocean_menu_typo_transform_tablet":"","ocean_menu_typo_transform_mobile":"","ocean_menu_typo_line_height":0,"ocean_menu_typo_line_height_tablet":0,"ocean_menu_typo_line_height_mobile":0,"ocean_menu_typo_line_height_unit":"","ocean_menu_typo_spacing":0,"ocean_menu_typo_spacing_tablet":0,"ocean_menu_typo_spacing_mobile":0,"ocean_menu_typo_spacing_unit":"","ocean_menu_link_color":"","ocean_menu_link_color_hover":"","ocean_menu_link_color_active":"","ocean_menu_link_background":"","ocean_menu_link_hover_background":"","ocean_menu_link_active_background":"","ocean_menu_social_links_bg":"","ocean_menu_social_hover_links_bg":"","ocean_menu_social_links_color":"","ocean_menu_social_hover_links_color":"","ocean_disable_title":"default","ocean_disable_heading":"default","ocean_post_title":"","ocean_post_subheading":"","ocean_post_title_style":"default","ocean_post_title_background_color":"","ocean_post_title_background":0,"ocean_post_title_bg_image_position":"","ocean_post_title_bg_image_attachment":"","ocean_post_title_bg_image_repeat":"","ocean_post_title_bg_image_size":"","ocean_post_title_height":0,"ocean_post_title_bg_overlay":0.5,"ocean_post_title_bg_overlay_color":"","ocean_disable_breadcrumbs":"on","ocean_breadcrumbs_color":"","ocean_breadcrumbs_separator_color":"","ocean_breadcrumbs_links_color":"","ocean_breadcrumbs_links_hover_color":"","ocean_display_footer_widgets":"default","ocean_display_footer_bottom":"default","ocean_custom_footer_template":"0"},"product_brand":[],"product_cat":[238,231],"product_tag":[],"class_list":{"0":"post-16563","1":"product","2":"type-product","3":"status-publish","4":"has-post-thumbnail","6":"product_cat-mesas-de-preparacion","7":"product_cat-mesas-veterinarias","8":"pa_type-de-plateau-bandeja-de-barras","10":"entry","11":"has-media","13":"first","14":"instock","15":"shipping-taxable","16":"product-type-simple","17":"has-product-nav","18":"col","19":"span_1_of_4","20":"owp-content-center","21":"owp-thumbs-layout-vertical","22":"owp-btn-normal","23":"owp-tabs-layout-horizontal"},"yoast_head":"<!-- This site is optimized with the Yoast SEO plugin v27.0 - https:\/\/yoast.com\/product\/yoast-seo-wordpress\/ -->\n<title>Mesa de preparaci\u00f3n con tapa de bar y zapato - Vetinox<\/title>\n<meta name=\"description\" content=\"Descubra nuestras mesas de preparaci\u00f3n veterinaria con bandejas de bar y ducha de mano. Disponible a medida.\" \/>\n<meta name=\"robots\" content=\"index, follow, max-snippet:-1, max-image-preview:large, max-video-preview:-1\" \/>\n<link rel=\"canonical\" href=\"https:\/\/www.vetinox.fr\/es\/produit\/mesa-de-preparacion-con-tapa-de-bar-y-zapato\/\" \/>\n<meta property=\"og:locale\" content=\"es_ES\" \/>\n<meta property=\"og:type\" content=\"article\" \/>\n<meta property=\"og:title\" content=\"Mesa de preparaci\u00f3n con tapa de bar y zapato - Vetinox\" \/>\n<meta property=\"og:description\" content=\"Descubra nuestras mesas de preparaci\u00f3n veterinaria con bandejas de bar y ducha de mano. Disponible a medida.\" \/>\n<meta property=\"og:url\" content=\"https:\/\/www.vetinox.fr\/es\/produit\/mesa-de-preparacion-con-tapa-de-bar-y-zapato\/\" \/>\n<meta property=\"og:site_name\" content=\"Vetinox\" \/>\n<meta property=\"og:image\" content=\"https:\/\/www.vetinox.fr\/wp-content\/uploads\/2019\/02\/Trame-Logo-visuel-produit_Plan-de-travail-1.png\" \/>\n\t<meta property=\"og:image:width\" content=\"834\" \/>\n\t<meta property=\"og:image:height\" content=\"834\" \/>\n\t<meta property=\"og:image:type\" content=\"image\/png\" \/>\n<meta name=\"twitter:card\" content=\"summary_large_image\" \/>\n<script type=\"application\/ld+json\" class=\"yoast-schema-graph\">{\"@context\":\"https:\/\/schema.org\",\"@graph\":[{\"@type\":\"WebPage\",\"@id\":\"https:\/\/www.vetinox.fr\/es\/produit\/mesa-de-preparacion-con-tapa-de-bar-y-zapato\/\",\"url\":\"https:\/\/www.vetinox.fr\/es\/produit\/mesa-de-preparacion-con-tapa-de-bar-y-zapato\/\",\"name\":\"Mesa de preparaci\u00f3n con tapa de bar y zapato - Vetinox\",\"isPartOf\":{\"@id\":\"https:\/\/www.vetinox.fr\/#website\"},\"primaryImageOfPage\":{\"@id\":\"https:\/\/www.vetinox.fr\/es\/produit\/mesa-de-preparacion-con-tapa-de-bar-y-zapato\/#primaryimage\"},\"image\":{\"@id\":\"https:\/\/www.vetinox.fr\/es\/produit\/mesa-de-preparacion-con-tapa-de-bar-y-zapato\/#primaryimage\"},\"thumbnailUrl\":\"https:\/\/www.vetinox.fr\/wp-content\/uploads\/2019\/03\/Vetinox-TA170020-table-preparation-plateau-barreaux.jpg\",\"datePublished\":\"2019-03-11T14:29:04+00:00\",\"description\":\"Descubra nuestras mesas de preparaci\u00f3n veterinaria con bandejas de bar y ducha de mano. Disponible a medida.\",\"breadcrumb\":{\"@id\":\"https:\/\/www.vetinox.fr\/es\/produit\/mesa-de-preparacion-con-tapa-de-bar-y-zapato\/#breadcrumb\"},\"inLanguage\":\"es\",\"potentialAction\":[{\"@type\":\"ReadAction\",\"target\":[\"https:\/\/www.vetinox.fr\/es\/produit\/mesa-de-preparacion-con-tapa-de-bar-y-zapato\/\"]}]},{\"@type\":\"ImageObject\",\"inLanguage\":\"es\",\"@id\":\"https:\/\/www.vetinox.fr\/es\/produit\/mesa-de-preparacion-con-tapa-de-bar-y-zapato\/#primaryimage\",\"url\":\"https:\/\/www.vetinox.fr\/wp-content\/uploads\/2019\/03\/Vetinox-TA170020-table-preparation-plateau-barreaux.jpg\",\"contentUrl\":\"https:\/\/www.vetinox.fr\/wp-content\/uploads\/2019\/03\/Vetinox-TA170020-table-preparation-plateau-barreaux.jpg\",\"width\":1004,\"height\":569,\"caption\":\"Table de pr\u00e9paration plateau barreaux avec sabot\"},{\"@type\":\"BreadcrumbList\",\"@id\":\"https:\/\/www.vetinox.fr\/es\/produit\/mesa-de-preparacion-con-tapa-de-bar-y-zapato\/#breadcrumb\",\"itemListElement\":[{\"@type\":\"ListItem\",\"position\":1,\"name\":\"Accueil\",\"item\":\"https:\/\/www.vetinox.fr\/de\/\"},{\"@type\":\"ListItem\",\"position\":2,\"name\":\"Productos\",\"item\":\"https:\/\/www.vetinox.fr\/es\/archivo-de-productos\/\"},{\"@type\":\"ListItem\",\"position\":3,\"name\":\"Mesas veterinarias\",\"item\":\"https:\/\/www.vetinox.fr\/es\/categor\u00eda-de-productos\/mesas-veterinarias\/\"},{\"@type\":\"ListItem\",\"position\":4,\"name\":\"Mesas de preparaci\u00f3n\",\"item\":\"https:\/\/www.vetinox.fr\/es\/categor\u00eda-de-productos\/mesas-veterinarias\/mesas-de-preparacion\/\"},{\"@type\":\"ListItem\",\"position\":5,\"name\":\"Mesa de preparaci\u00f3n con tapa de bar y zapato\"}]},{\"@type\":\"WebSite\",\"@id\":\"https:\/\/www.vetinox.fr\/#website\",\"url\":\"https:\/\/www.vetinox.fr\/\",\"name\":\"Vetinox\",\"description\":\"Equipement Veterinaire\",\"publisher\":{\"@id\":\"https:\/\/www.vetinox.fr\/#organization\"},\"potentialAction\":[{\"@type\":\"SearchAction\",\"target\":{\"@type\":\"EntryPoint\",\"urlTemplate\":\"https:\/\/www.vetinox.fr\/?s={search_term_string}\"},\"query-input\":{\"@type\":\"PropertyValueSpecification\",\"valueRequired\":true,\"valueName\":\"search_term_string\"}}],\"inLanguage\":\"es\"},{\"@type\":\"Organization\",\"@id\":\"https:\/\/www.vetinox.fr\/#organization\",\"name\":\"Vetinox\",\"url\":\"https:\/\/www.vetinox.fr\/\",\"logo\":{\"@type\":\"ImageObject\",\"inLanguage\":\"es\",\"@id\":\"https:\/\/www.vetinox.fr\/#\/schema\/logo\/image\/\",\"url\":\"https:\/\/www.vetinox.fr\/wp-content\/uploads\/2018\/11\/Logo-Vetinox-2.png\",\"contentUrl\":\"https:\/\/www.vetinox.fr\/wp-content\/uploads\/2018\/11\/Logo-Vetinox-2.png\",\"width\":414,\"height\":126,\"caption\":\"Vetinox\"},\"image\":{\"@id\":\"https:\/\/www.vetinox.fr\/#\/schema\/logo\/image\/\"}}]}<\/script>\n<!-- \/ Yoast SEO plugin. -->","yoast_head_json":{"title":"Mesa de preparaci\u00f3n con tapa de bar y zapato - Vetinox","description":"Descubra nuestras mesas de preparaci\u00f3n veterinaria con bandejas de bar y ducha de mano. Disponible a medida.","robots":{"index":"index","follow":"follow","max-snippet":"max-snippet:-1","max-image-preview":"max-image-preview:large","max-video-preview":"max-video-preview:-1"},"canonical":"https:\/\/www.vetinox.fr\/es\/produit\/mesa-de-preparacion-con-tapa-de-bar-y-zapato\/","og_locale":"es_ES","og_type":"article","og_title":"Mesa de preparaci\u00f3n con tapa de bar y zapato - Vetinox","og_description":"Descubra nuestras mesas de preparaci\u00f3n veterinaria con bandejas de bar y ducha de mano. Disponible a medida.","og_url":"https:\/\/www.vetinox.fr\/es\/produit\/mesa-de-preparacion-con-tapa-de-bar-y-zapato\/","og_site_name":"Vetinox","og_image":[{"width":834,"height":834,"url":"https:\/\/www.vetinox.fr\/wp-content\/uploads\/2019\/02\/Trame-Logo-visuel-produit_Plan-de-travail-1.png","type":"image\/png"}],"twitter_card":"summary_large_image","schema":{"@context":"https:\/\/schema.org","@graph":[{"@type":"WebPage","@id":"https:\/\/www.vetinox.fr\/es\/produit\/mesa-de-preparacion-con-tapa-de-bar-y-zapato\/","url":"https:\/\/www.vetinox.fr\/es\/produit\/mesa-de-preparacion-con-tapa-de-bar-y-zapato\/","name":"Mesa de preparaci\u00f3n con tapa de bar y zapato - Vetinox","isPartOf":{"@id":"https:\/\/www.vetinox.fr\/#website"},"primaryImageOfPage":{"@id":"https:\/\/www.vetinox.fr\/es\/produit\/mesa-de-preparacion-con-tapa-de-bar-y-zapato\/#primaryimage"},"image":{"@id":"https:\/\/www.vetinox.fr\/es\/produit\/mesa-de-preparacion-con-tapa-de-bar-y-zapato\/#primaryimage"},"thumbnailUrl":"https:\/\/www.vetinox.fr\/wp-content\/uploads\/2019\/03\/Vetinox-TA170020-table-preparation-plateau-barreaux.jpg","datePublished":"2019-03-11T14:29:04+00:00","description":"Descubra nuestras mesas de preparaci\u00f3n veterinaria con bandejas de bar y ducha de mano. Disponible a medida.","breadcrumb":{"@id":"https:\/\/www.vetinox.fr\/es\/produit\/mesa-de-preparacion-con-tapa-de-bar-y-zapato\/#breadcrumb"},"inLanguage":"es","potentialAction":[{"@type":"ReadAction","target":["https:\/\/www.vetinox.fr\/es\/produit\/mesa-de-preparacion-con-tapa-de-bar-y-zapato\/"]}]},{"@type":"ImageObject","inLanguage":"es","@id":"https:\/\/www.vetinox.fr\/es\/produit\/mesa-de-preparacion-con-tapa-de-bar-y-zapato\/#primaryimage","url":"https:\/\/www.vetinox.fr\/wp-content\/uploads\/2019\/03\/Vetinox-TA170020-table-preparation-plateau-barreaux.jpg","contentUrl":"https:\/\/www.vetinox.fr\/wp-content\/uploads\/2019\/03\/Vetinox-TA170020-table-preparation-plateau-barreaux.jpg","width":1004,"height":569,"caption":"Table de pr\u00e9paration plateau barreaux avec sabot"},{"@type":"BreadcrumbList","@id":"https:\/\/www.vetinox.fr\/es\/produit\/mesa-de-preparacion-con-tapa-de-bar-y-zapato\/#breadcrumb","itemListElement":[{"@type":"ListItem","position":1,"name":"Accueil","item":"https:\/\/www.vetinox.fr\/de\/"},{"@type":"ListItem","position":2,"name":"Productos","item":"https:\/\/www.vetinox.fr\/es\/archivo-de-productos\/"},{"@type":"ListItem","position":3,"name":"Mesas veterinarias","item":"https:\/\/www.vetinox.fr\/es\/categor\u00eda-de-productos\/mesas-veterinarias\/"},{"@type":"ListItem","position":4,"name":"Mesas de preparaci\u00f3n","item":"https:\/\/www.vetinox.fr\/es\/categor\u00eda-de-productos\/mesas-veterinarias\/mesas-de-preparacion\/"},{"@type":"ListItem","position":5,"name":"Mesa de preparaci\u00f3n con tapa de bar y zapato"}]},{"@type":"WebSite","@id":"https:\/\/www.vetinox.fr\/#website","url":"https:\/\/www.vetinox.fr\/","name":"Vetinox","description":"Equipement Veterinaire","publisher":{"@id":"https:\/\/www.vetinox.fr\/#organization"},"potentialAction":[{"@type":"SearchAction","target":{"@type":"EntryPoint","urlTemplate":"https:\/\/www.vetinox.fr\/?s={search_term_string}"},"query-input":{"@type":"PropertyValueSpecification","valueRequired":true,"valueName":"search_term_string"}}],"inLanguage":"es"},{"@type":"Organization","@id":"https:\/\/www.vetinox.fr\/#organization","name":"Vetinox","url":"https:\/\/www.vetinox.fr\/","logo":{"@type":"ImageObject","inLanguage":"es","@id":"https:\/\/www.vetinox.fr\/#\/schema\/logo\/image\/","url":"https:\/\/www.vetinox.fr\/wp-content\/uploads\/2018\/11\/Logo-Vetinox-2.png","contentUrl":"https:\/\/www.vetinox.fr\/wp-content\/uploads\/2018\/11\/Logo-Vetinox-2.png","width":414,"height":126,"caption":"Vetinox"},"image":{"@id":"https:\/\/www.vetinox.fr\/#\/schema\/logo\/image\/"}}]}},"_links":{"self":[{"href":"https:\/\/www.vetinox.fr\/es\/wp-json\/wp\/v2\/product\/16563","targetHints":{"allow":["GET"]}}],"collection":[{"href":"https:\/\/www.vetinox.fr\/es\/wp-json\/wp\/v2\/product"}],"about":[{"href":"https:\/\/www.vetinox.fr\/es\/wp-json\/wp\/v2\/types\/product"}],"version-history":[{"count":0,"href":"https:\/\/www.vetinox.fr\/es\/wp-json\/wp\/v2\/product\/16563\/revisions"}],"wp:featuredmedia":[{"embeddable":true,"href":"https:\/\/www.vetinox.fr\/es\/wp-json\/wp\/v2\/media\/26380"}],"wp:attachment":[{"href":"https:\/\/www.vetinox.fr\/es\/wp-json\/wp\/v2\/media?parent=16563"}],"wp:term":[{"taxonomy":"product_brand","embeddable":true,"href":"https:\/\/www.vetinox.fr\/es\/wp-json\/wp\/v2\/product_brand?post=16563"},{"taxonomy":"product_cat","embeddable":true,"href":"https:\/\/www.vetinox.fr\/es\/wp-json\/wp\/v2\/product_cat?post=16563"},{"taxonomy":"product_tag","embeddable":true,"href":"https:\/\/www.vetinox.fr\/es\/wp-json\/wp\/v2\/product_tag?post=16563"}],"curies":[{"name":"wp","href":"https:\/\/api.w.org\/{rel}","templated":true}]}}