{"id":16575,"date":"2020-11-17T03:27:36","date_gmt":"2020-11-17T02:27:36","guid":{"rendered":"https:\/\/www.vetinox.fr\/produit\/mesa-de-consulta-elite-con-cinta-y-bastidor-y-pesaje-automatico\/"},"modified":"2020-11-17T03:27:36","modified_gmt":"2020-11-17T02:27:36","slug":"mesa-de-consulta-elite-con-cinta-y-bastidor-y-pesaje-automatico","status":"publish","type":"product","link":"https:\/\/www.vetinox.fr\/es\/produit\/mesa-de-consulta-elite-con-cinta-y-bastidor-y-pesaje-automatico\/","title":{"rendered":"Mesa de consulta ELITE con cinta y bastidor y pesaje autom\u00e1tico"},"content":{"rendered":"<p>Mesa de consulta ELITE con pesaje autom\u00e1tico, disponible con diferentes opciones, y personalizable.<\/p>\n<p>Caracter\u00edsticas de la mesa veterinaria :<\/p>\n<ul>\n<li>Funci\u00f3n 3 en 1: mesa de consulta, mesa de elevaci\u00f3n, mesa de pesaje<\/li>\n<li>Tama\u00f1o de la mesa en posici\u00f3n baja: 125 x 60 x 31,7 cm<\/li>\n<li>Tama\u00f1o de la mesa en posici\u00f3n alta: 125 x 60 x 102,3 cm<\/li>\n<li>Tama\u00f1o del tablero: 125 x 60 cm<\/li>\n<li>Tablero de la mesa con alfombra (muchos colores disponibles) y marco<\/li>\n<li>Altura variable de 31,7 cm a 102,3 cm<\/li>\n<li>Carga m\u00e1xima de la mesa: 100 kg<\/li>\n<li>Subida y bajada el\u00e9ctrica por control de pie<\/li>\n<li>Cilindro el\u00e9ctrico silencioso y sin tirones<\/li>\n<li>Mesa con sistema de pesaje autom\u00e1tico integrado (permite pesar con una precisi\u00f3n de 100 gramos)<\/li>\n<li>Mecanismo en cruz para una m\u00e1xima estabilidad<\/li>\n<li>Mesa totalmente fabricada en acero inoxidable 304 L<\/li>\n<li>Estructura de acero inoxidable garantizada por 5 a\u00f1os<\/li>\n<li>Sistema el\u00e9ctrico garantizado por 2 a\u00f1os<\/li>\n<\/ul>\n","protected":false},"excerpt":{"rendered":"<p>Las nuevas mesas de consulta veterinaria ELITE permiten combinar comodidad y rendimiento.<\/p>\n<p>Gracias a un sistema de dise\u00f1o \u00fanico, la mesa baja el\u00e9ctricamente y ofrece una altura de carga de 31,7 cm. Este sistema extraplano permite levantar animales sin esfuerzo, preservando as\u00ed su espalda. La mesa ELITE tambi\u00e9n puede levantar animales voluminosos de hasta 100 kg sin dificultad. Por \u00faltimo, el tablero de la mesa, con un tapete de color (muchos colores a elegir) y un marco, est\u00e1 equipado con un sistema de pesaje autom\u00e1tico que permite pesar a los animales con una precisi\u00f3n de 100 gramos.<\/p>\n<p>La mesa est\u00e1 disponible con diferentes opciones, as\u00ed como a medida.<\/p>\n","protected":false},"featured_media":21178,"template":"","meta":{"ocean_post_layout":"","ocean_both_sidebars_style":"","ocean_both_sidebars_content_width":0,"ocean_both_sidebars_sidebars_width":0,"ocean_sidebar":"0","ocean_second_sidebar":"0","ocean_disable_margins":"enable","ocean_add_body_class":"","ocean_shortcode_before_top_bar":"","ocean_shortcode_after_top_bar":"","ocean_shortcode_before_header":"","ocean_shortcode_after_header":"","ocean_has_shortcode":"","ocean_shortcode_after_title":"","ocean_shortcode_before_footer_widgets":"","ocean_shortcode_after_footer_widgets":"","ocean_shortcode_before_footer_bottom":"","ocean_shortcode_after_footer_bottom":"","ocean_display_top_bar":"default","ocean_display_header":"default","ocean_header_style":"","ocean_center_header_left_menu":"0","ocean_custom_header_template":"0","ocean_custom_logo":0,"ocean_custom_retina_logo":0,"ocean_custom_logo_max_width":0,"ocean_custom_logo_tablet_max_width":0,"ocean_custom_logo_mobile_max_width":0,"ocean_custom_logo_max_height":0,"ocean_custom_logo_tablet_max_height":0,"ocean_custom_logo_mobile_max_height":0,"ocean_header_custom_menu":"0","ocean_menu_typo_font_family":"0","ocean_menu_typo_font_subset":"","ocean_menu_typo_font_size":0,"ocean_menu_typo_font_size_tablet":0,"ocean_menu_typo_font_size_mobile":0,"ocean_menu_typo_font_size_unit":"px","ocean_menu_typo_font_weight":"","ocean_menu_typo_font_weight_tablet":"","ocean_menu_typo_font_weight_mobile":"","ocean_menu_typo_transform":"","ocean_menu_typo_transform_tablet":"","ocean_menu_typo_transform_mobile":"","ocean_menu_typo_line_height":0,"ocean_menu_typo_line_height_tablet":0,"ocean_menu_typo_line_height_mobile":0,"ocean_menu_typo_line_height_unit":"","ocean_menu_typo_spacing":0,"ocean_menu_typo_spacing_tablet":0,"ocean_menu_typo_spacing_mobile":0,"ocean_menu_typo_spacing_unit":"","ocean_menu_link_color":"","ocean_menu_link_color_hover":"","ocean_menu_link_color_active":"","ocean_menu_link_background":"","ocean_menu_link_hover_background":"","ocean_menu_link_active_background":"","ocean_menu_social_links_bg":"","ocean_menu_social_hover_links_bg":"","ocean_menu_social_links_color":"","ocean_menu_social_hover_links_color":"","ocean_disable_title":"default","ocean_disable_heading":"default","ocean_post_title":"","ocean_post_subheading":"","ocean_post_title_style":"","ocean_post_title_background_color":"","ocean_post_title_background":0,"ocean_post_title_bg_image_position":"","ocean_post_title_bg_image_attachment":"","ocean_post_title_bg_image_repeat":"","ocean_post_title_bg_image_size":"","ocean_post_title_height":0,"ocean_post_title_bg_overlay":0.5,"ocean_post_title_bg_overlay_color":"","ocean_disable_breadcrumbs":"default","ocean_breadcrumbs_color":"","ocean_breadcrumbs_separator_color":"","ocean_breadcrumbs_links_color":"","ocean_breadcrumbs_links_hover_color":"","ocean_display_footer_widgets":"default","ocean_display_footer_bottom":"default","ocean_custom_footer_template":"0"},"product_brand":[],"product_cat":[],"product_tag":[],"class_list":{"0":"post-16575","1":"product","2":"type-product","3":"status-publish","4":"has-post-thumbnail","7":"entry","8":"has-media","10":"first","11":"instock","12":"featured","13":"shipping-taxable","14":"product-type-simple","15":"has-product-nav","16":"col","17":"span_1_of_4","18":"owp-content-center","19":"owp-thumbs-layout-vertical","20":"owp-btn-normal","21":"owp-tabs-layout-horizontal"},"yoast_head":"<!-- This site is optimized with the Yoast SEO plugin v27.0 - https:\/\/yoast.com\/product\/yoast-seo-wordpress\/ -->\n<title>Mesa de consulta ELITE con tapete y marco y pesaje - Vetinox<\/title>\n<meta name=\"description\" content=\"Descubra nuestra mesa de consulta veterinaria con tapete y marco con pesaje que combina comodidad y rendimiento gracias a su bandeja ultra baja.\" \/>\n<meta name=\"robots\" content=\"index, follow, max-snippet:-1, max-image-preview:large, max-video-preview:-1\" \/>\n<link rel=\"canonical\" href=\"https:\/\/www.vetinox.fr\/es\/produit\/mesa-de-consulta-elite-con-cinta-y-bastidor-y-pesaje-automatico\/\" \/>\n<meta property=\"og:locale\" content=\"es_ES\" \/>\n<meta property=\"og:type\" content=\"article\" \/>\n<meta property=\"og:title\" content=\"Mesa de consulta ELITE con tapete y marco y pesaje - Vetinox\" \/>\n<meta property=\"og:description\" content=\"Descubra nuestra mesa de consulta veterinaria con tapete y marco con pesaje que combina comodidad y rendimiento gracias a su bandeja ultra baja.\" \/>\n<meta property=\"og:url\" content=\"https:\/\/www.vetinox.fr\/es\/produit\/mesa-de-consulta-elite-con-cinta-y-bastidor-y-pesaje-automatico\/\" \/>\n<meta property=\"og:site_name\" content=\"Vetinox\" \/>\n<meta property=\"og:image\" content=\"https:\/\/www.vetinox.fr\/wp-content\/uploads\/2020\/11\/table-veterinaire-Elite-TA400110-2.png\" \/>\n\t<meta property=\"og:image:width\" content=\"600\" \/>\n\t<meta property=\"og:image:height\" content=\"600\" \/>\n\t<meta property=\"og:image:type\" content=\"image\/png\" \/>\n<meta name=\"twitter:card\" content=\"summary_large_image\" \/>\n<meta name=\"twitter:label1\" content=\"Tiempo de lectura\" \/>\n\t<meta name=\"twitter:data1\" content=\"1 minuto\" \/>\n<script type=\"application\/ld+json\" class=\"yoast-schema-graph\">{\"@context\":\"https:\/\/schema.org\",\"@graph\":[{\"@type\":\"WebPage\",\"@id\":\"https:\/\/www.vetinox.fr\/es\/produit\/mesa-de-consulta-elite-con-cinta-y-bastidor-y-pesaje-automatico\/\",\"url\":\"https:\/\/www.vetinox.fr\/es\/produit\/mesa-de-consulta-elite-con-cinta-y-bastidor-y-pesaje-automatico\/\",\"name\":\"Mesa de consulta ELITE con tapete y marco y pesaje - Vetinox\",\"isPartOf\":{\"@id\":\"https:\/\/www.vetinox.fr\/#website\"},\"primaryImageOfPage\":{\"@id\":\"https:\/\/www.vetinox.fr\/es\/produit\/mesa-de-consulta-elite-con-cinta-y-bastidor-y-pesaje-automatico\/#primaryimage\"},\"image\":{\"@id\":\"https:\/\/www.vetinox.fr\/es\/produit\/mesa-de-consulta-elite-con-cinta-y-bastidor-y-pesaje-automatico\/#primaryimage\"},\"thumbnailUrl\":\"https:\/\/www.vetinox.fr\/wp-content\/uploads\/2020\/11\/TA400110-CM-Table-consultation-electrique-ELITE-tapis-et-cadre-avec-pesee-CEMENTO-MODENA-1.png\",\"datePublished\":\"2020-11-17T02:27:36+00:00\",\"description\":\"Descubra nuestra mesa de consulta veterinaria con tapete y marco con pesaje que combina comodidad y rendimiento gracias a su bandeja ultra baja.\",\"breadcrumb\":{\"@id\":\"https:\/\/www.vetinox.fr\/es\/produit\/mesa-de-consulta-elite-con-cinta-y-bastidor-y-pesaje-automatico\/#breadcrumb\"},\"inLanguage\":\"es\",\"potentialAction\":[{\"@type\":\"ReadAction\",\"target\":[\"https:\/\/www.vetinox.fr\/es\/produit\/mesa-de-consulta-elite-con-cinta-y-bastidor-y-pesaje-automatico\/\"]}]},{\"@type\":\"ImageObject\",\"inLanguage\":\"es\",\"@id\":\"https:\/\/www.vetinox.fr\/es\/produit\/mesa-de-consulta-elite-con-cinta-y-bastidor-y-pesaje-automatico\/#primaryimage\",\"url\":\"https:\/\/www.vetinox.fr\/wp-content\/uploads\/2020\/11\/TA400110-CM-Table-consultation-electrique-ELITE-tapis-et-cadre-avec-pesee-CEMENTO-MODENA-1.png\",\"contentUrl\":\"https:\/\/www.vetinox.fr\/wp-content\/uploads\/2020\/11\/TA400110-CM-Table-consultation-electrique-ELITE-tapis-et-cadre-avec-pesee-CEMENTO-MODENA-1.png\",\"width\":600,\"height\":600},{\"@type\":\"BreadcrumbList\",\"@id\":\"https:\/\/www.vetinox.fr\/es\/produit\/mesa-de-consulta-elite-con-cinta-y-bastidor-y-pesaje-automatico\/#breadcrumb\",\"itemListElement\":[{\"@type\":\"ListItem\",\"position\":1,\"name\":\"Accueil\",\"item\":\"https:\/\/www.vetinox.fr\/de\/\"},{\"@type\":\"ListItem\",\"position\":2,\"name\":\"Productos\",\"item\":\"https:\/\/www.vetinox.fr\/es\/archivo-de-productos\/\"},{\"@type\":\"ListItem\",\"position\":3,\"name\":\"Mesas veterinarias\",\"item\":\"https:\/\/www.vetinox.fr\/es\/categor\u00eda-de-productos\/mesas-veterinarias\/\"},{\"@type\":\"ListItem\",\"position\":4,\"name\":\"Mesas de consulta\",\"item\":\"https:\/\/www.vetinox.fr\/es\/categor\u00eda-de-productos\/mesas-veterinarias\/mesas-de-consulta\/\"},{\"@type\":\"ListItem\",\"position\":5,\"name\":\"Mesa de consulta ELITE con cinta y bastidor y pesaje autom\u00e1tico\"}]},{\"@type\":\"WebSite\",\"@id\":\"https:\/\/www.vetinox.fr\/#website\",\"url\":\"https:\/\/www.vetinox.fr\/\",\"name\":\"Vetinox\",\"description\":\"Equipement Veterinaire\",\"publisher\":{\"@id\":\"https:\/\/www.vetinox.fr\/#organization\"},\"potentialAction\":[{\"@type\":\"SearchAction\",\"target\":{\"@type\":\"EntryPoint\",\"urlTemplate\":\"https:\/\/www.vetinox.fr\/?s={search_term_string}\"},\"query-input\":{\"@type\":\"PropertyValueSpecification\",\"valueRequired\":true,\"valueName\":\"search_term_string\"}}],\"inLanguage\":\"es\"},{\"@type\":\"Organization\",\"@id\":\"https:\/\/www.vetinox.fr\/#organization\",\"name\":\"Vetinox\",\"url\":\"https:\/\/www.vetinox.fr\/\",\"logo\":{\"@type\":\"ImageObject\",\"inLanguage\":\"es\",\"@id\":\"https:\/\/www.vetinox.fr\/#\/schema\/logo\/image\/\",\"url\":\"https:\/\/www.vetinox.fr\/wp-content\/uploads\/2018\/11\/Logo-Vetinox-2.png\",\"contentUrl\":\"https:\/\/www.vetinox.fr\/wp-content\/uploads\/2018\/11\/Logo-Vetinox-2.png\",\"width\":414,\"height\":126,\"caption\":\"Vetinox\"},\"image\":{\"@id\":\"https:\/\/www.vetinox.fr\/#\/schema\/logo\/image\/\"}}]}<\/script>\n<!-- \/ Yoast SEO plugin. -->","yoast_head_json":{"title":"Mesa de consulta ELITE con tapete y marco y pesaje - Vetinox","description":"Descubra nuestra mesa de consulta veterinaria con tapete y marco con pesaje que combina comodidad y rendimiento gracias a su bandeja ultra baja.","robots":{"index":"index","follow":"follow","max-snippet":"max-snippet:-1","max-image-preview":"max-image-preview:large","max-video-preview":"max-video-preview:-1"},"canonical":"https:\/\/www.vetinox.fr\/es\/produit\/mesa-de-consulta-elite-con-cinta-y-bastidor-y-pesaje-automatico\/","og_locale":"es_ES","og_type":"article","og_title":"Mesa de consulta ELITE con tapete y marco y pesaje - Vetinox","og_description":"Descubra nuestra mesa de consulta veterinaria con tapete y marco con pesaje que combina comodidad y rendimiento gracias a su bandeja ultra baja.","og_url":"https:\/\/www.vetinox.fr\/es\/produit\/mesa-de-consulta-elite-con-cinta-y-bastidor-y-pesaje-automatico\/","og_site_name":"Vetinox","og_image":[{"width":600,"height":600,"url":"https:\/\/www.vetinox.fr\/wp-content\/uploads\/2020\/11\/table-veterinaire-Elite-TA400110-2.png","type":"image\/png"}],"twitter_card":"summary_large_image","twitter_misc":{"Tiempo de lectura":"1 minuto"},"schema":{"@context":"https:\/\/schema.org","@graph":[{"@type":"WebPage","@id":"https:\/\/www.vetinox.fr\/es\/produit\/mesa-de-consulta-elite-con-cinta-y-bastidor-y-pesaje-automatico\/","url":"https:\/\/www.vetinox.fr\/es\/produit\/mesa-de-consulta-elite-con-cinta-y-bastidor-y-pesaje-automatico\/","name":"Mesa de consulta ELITE con tapete y marco y pesaje - Vetinox","isPartOf":{"@id":"https:\/\/www.vetinox.fr\/#website"},"primaryImageOfPage":{"@id":"https:\/\/www.vetinox.fr\/es\/produit\/mesa-de-consulta-elite-con-cinta-y-bastidor-y-pesaje-automatico\/#primaryimage"},"image":{"@id":"https:\/\/www.vetinox.fr\/es\/produit\/mesa-de-consulta-elite-con-cinta-y-bastidor-y-pesaje-automatico\/#primaryimage"},"thumbnailUrl":"https:\/\/www.vetinox.fr\/wp-content\/uploads\/2020\/11\/TA400110-CM-Table-consultation-electrique-ELITE-tapis-et-cadre-avec-pesee-CEMENTO-MODENA-1.png","datePublished":"2020-11-17T02:27:36+00:00","description":"Descubra nuestra mesa de consulta veterinaria con tapete y marco con pesaje que combina comodidad y rendimiento gracias a su bandeja ultra baja.","breadcrumb":{"@id":"https:\/\/www.vetinox.fr\/es\/produit\/mesa-de-consulta-elite-con-cinta-y-bastidor-y-pesaje-automatico\/#breadcrumb"},"inLanguage":"es","potentialAction":[{"@type":"ReadAction","target":["https:\/\/www.vetinox.fr\/es\/produit\/mesa-de-consulta-elite-con-cinta-y-bastidor-y-pesaje-automatico\/"]}]},{"@type":"ImageObject","inLanguage":"es","@id":"https:\/\/www.vetinox.fr\/es\/produit\/mesa-de-consulta-elite-con-cinta-y-bastidor-y-pesaje-automatico\/#primaryimage","url":"https:\/\/www.vetinox.fr\/wp-content\/uploads\/2020\/11\/TA400110-CM-Table-consultation-electrique-ELITE-tapis-et-cadre-avec-pesee-CEMENTO-MODENA-1.png","contentUrl":"https:\/\/www.vetinox.fr\/wp-content\/uploads\/2020\/11\/TA400110-CM-Table-consultation-electrique-ELITE-tapis-et-cadre-avec-pesee-CEMENTO-MODENA-1.png","width":600,"height":600},{"@type":"BreadcrumbList","@id":"https:\/\/www.vetinox.fr\/es\/produit\/mesa-de-consulta-elite-con-cinta-y-bastidor-y-pesaje-automatico\/#breadcrumb","itemListElement":[{"@type":"ListItem","position":1,"name":"Accueil","item":"https:\/\/www.vetinox.fr\/de\/"},{"@type":"ListItem","position":2,"name":"Productos","item":"https:\/\/www.vetinox.fr\/es\/archivo-de-productos\/"},{"@type":"ListItem","position":3,"name":"Mesas veterinarias","item":"https:\/\/www.vetinox.fr\/es\/categor\u00eda-de-productos\/mesas-veterinarias\/"},{"@type":"ListItem","position":4,"name":"Mesas de consulta","item":"https:\/\/www.vetinox.fr\/es\/categor\u00eda-de-productos\/mesas-veterinarias\/mesas-de-consulta\/"},{"@type":"ListItem","position":5,"name":"Mesa de consulta ELITE con cinta y bastidor y pesaje autom\u00e1tico"}]},{"@type":"WebSite","@id":"https:\/\/www.vetinox.fr\/#website","url":"https:\/\/www.vetinox.fr\/","name":"Vetinox","description":"Equipement Veterinaire","publisher":{"@id":"https:\/\/www.vetinox.fr\/#organization"},"potentialAction":[{"@type":"SearchAction","target":{"@type":"EntryPoint","urlTemplate":"https:\/\/www.vetinox.fr\/?s={search_term_string}"},"query-input":{"@type":"PropertyValueSpecification","valueRequired":true,"valueName":"search_term_string"}}],"inLanguage":"es"},{"@type":"Organization","@id":"https:\/\/www.vetinox.fr\/#organization","name":"Vetinox","url":"https:\/\/www.vetinox.fr\/","logo":{"@type":"ImageObject","inLanguage":"es","@id":"https:\/\/www.vetinox.fr\/#\/schema\/logo\/image\/","url":"https:\/\/www.vetinox.fr\/wp-content\/uploads\/2018\/11\/Logo-Vetinox-2.png","contentUrl":"https:\/\/www.vetinox.fr\/wp-content\/uploads\/2018\/11\/Logo-Vetinox-2.png","width":414,"height":126,"caption":"Vetinox"},"image":{"@id":"https:\/\/www.vetinox.fr\/#\/schema\/logo\/image\/"}}]}},"_links":{"self":[{"href":"https:\/\/www.vetinox.fr\/es\/wp-json\/wp\/v2\/product\/16575","targetHints":{"allow":["GET"]}}],"collection":[{"href":"https:\/\/www.vetinox.fr\/es\/wp-json\/wp\/v2\/product"}],"about":[{"href":"https:\/\/www.vetinox.fr\/es\/wp-json\/wp\/v2\/types\/product"}],"version-history":[{"count":0,"href":"https:\/\/www.vetinox.fr\/es\/wp-json\/wp\/v2\/product\/16575\/revisions"}],"wp:featuredmedia":[{"embeddable":true,"href":"https:\/\/www.vetinox.fr\/es\/wp-json\/wp\/v2\/media\/21178"}],"wp:attachment":[{"href":"https:\/\/www.vetinox.fr\/es\/wp-json\/wp\/v2\/media?parent=16575"}],"wp:term":[{"taxonomy":"product_brand","embeddable":true,"href":"https:\/\/www.vetinox.fr\/es\/wp-json\/wp\/v2\/product_brand?post=16575"},{"taxonomy":"product_cat","embeddable":true,"href":"https:\/\/www.vetinox.fr\/es\/wp-json\/wp\/v2\/product_cat?post=16575"},{"taxonomy":"product_tag","embeddable":true,"href":"https:\/\/www.vetinox.fr\/es\/wp-json\/wp\/v2\/product_tag?post=16575"}],"curies":[{"name":"wp","href":"https:\/\/api.w.org\/{rel}","templated":true}]}}