{"id":16725,"date":"2020-11-07T03:16:27","date_gmt":"2020-11-07T02:16:27","guid":{"rendered":"https:\/\/www.vetinox.fr\/produit\/mesa-quirurgica-con-ruedas-y-bandeja-radiologica-plana\/"},"modified":"2021-06-20T15:34:15","modified_gmt":"2021-06-20T13:34:15","slug":"mesa-quirurgica-con-ruedas-y-bandeja-radiologica-plana","status":"publish","type":"product","link":"https:\/\/www.vetinox.fr\/es\/produit\/mesa-quirurgica-con-ruedas-y-bandeja-radiologica-plana\/","title":{"rendered":"Mesa quir\u00fargica con ruedas y bandeja radiol\u00f3gica plana"},"content":{"rendered":"\t\t<div data-elementor-type=\"product-post\" data-elementor-id=\"16725\" class=\"elementor elementor-16725 elementor-12485\" data-elementor-post-type=\"product\">\n\t\t\t\t\t\t<section class=\"elementor-section elementor-top-section elementor-element elementor-element-5df19846 elementor-section-boxed elementor-section-height-default elementor-section-height-default\" data-id=\"5df19846\" data-element_type=\"section\" data-e-type=\"section\">\n\t\t\t\t\t\t<div class=\"elementor-container elementor-column-gap-default\">\n\t\t\t\t\t<div class=\"elementor-column elementor-col-100 elementor-top-column elementor-element elementor-element-1216a79c\" data-id=\"1216a79c\" data-element_type=\"column\" data-e-type=\"column\">\n\t\t\t<div class=\"elementor-widget-wrap elementor-element-populated\">\n\t\t\t\t\t\t<div class=\"elementor-element elementor-element-459fc021 elementor-widget elementor-widget-text-editor\" data-id=\"459fc021\" data-element_type=\"widget\" data-e-type=\"widget\" data-widget_type=\"text-editor.default\">\n\t\t\t\t<div class=\"elementor-widget-container\">\n\t\t\t\t\t\t\t\t\t<p>Mesa de operaciones el\u00e9ctrica de acero inoxidable.<\/p>\n<p>Caracter\u00edsticas de la mesa veterinaria :<\/p>\n<ul>\n<li>Tama\u00f1o de la mesa en posici\u00f3n baja: 140 x 53 x 58 cm<\/li>\n<li>Tama\u00f1o de la mesa en posici\u00f3n alta: 140 x 53 x 115 cm<\/li>\n<li>Tama\u00f1o del tablero: 140 x 53 cm<\/li>\n<li>Altura variable de 58 a 115 cm<\/li>\n<li>Tablero plano de acero inoxidable<\/li>\n<li>Rieles de contenci\u00f3n<\/li>\n<li>Ganchos de fijaci\u00f3n<\/li>\n<li>Proclive &#8211; declive el\u00e9ctrico<\/li>\n<li>Silenciosa y sin temblores<\/li>\n<li>Subida y bajada el\u00e9ctrica por control de pie<\/li>\n<li>Mesa equipada con ruedas para facilitar su desplazamiento<\/li>\n<\/ul>\n\t\t\t\t\t\t\t\t<\/div>\n\t\t\t\t<\/div>\n\t\t\t\t\t<\/div>\n\t\t<\/div>\n\t\t\t\t\t<\/div>\n\t\t<\/section>\n\t\t\t\t<\/div>\n\t\t","protected":false},"excerpt":{"rendered":"<p>Mesa quir\u00fargica el\u00e9ctrica de acero inoxidable, adecuada para animales peque\u00f1os y grandes, equipada con cuatro ruedas para facilitar su desplazamiento.<\/p>\n<p>La mesa est\u00e1 equipada con un tablero plano, y est\u00e1 disponible en un dise\u00f1o personalizado.<\/p>\n","protected":false},"featured_media":16726,"template":"","meta":{"ocean_post_layout":"","ocean_both_sidebars_style":"","ocean_both_sidebars_content_width":0,"ocean_both_sidebars_sidebars_width":0,"ocean_sidebar":"0","ocean_second_sidebar":"0","ocean_disable_margins":"on","ocean_add_body_class":"","ocean_shortcode_before_top_bar":"","ocean_shortcode_after_top_bar":"","ocean_shortcode_before_header":"","ocean_shortcode_after_header":"","ocean_has_shortcode":"","ocean_shortcode_after_title":"","ocean_shortcode_before_footer_widgets":"","ocean_shortcode_after_footer_widgets":"","ocean_shortcode_before_footer_bottom":"","ocean_shortcode_after_footer_bottom":"","ocean_display_top_bar":"default","ocean_display_header":"default","ocean_header_style":"","ocean_center_header_left_menu":"0","ocean_custom_header_template":"0","ocean_custom_logo":0,"ocean_custom_retina_logo":0,"ocean_custom_logo_max_width":0,"ocean_custom_logo_tablet_max_width":0,"ocean_custom_logo_mobile_max_width":0,"ocean_custom_logo_max_height":0,"ocean_custom_logo_tablet_max_height":0,"ocean_custom_logo_mobile_max_height":0,"ocean_header_custom_menu":"0","ocean_menu_typo_font_family":"0","ocean_menu_typo_font_subset":"","ocean_menu_typo_font_size":0,"ocean_menu_typo_font_size_tablet":0,"ocean_menu_typo_font_size_mobile":0,"ocean_menu_typo_font_size_unit":"px","ocean_menu_typo_font_weight":"","ocean_menu_typo_font_weight_tablet":"","ocean_menu_typo_font_weight_mobile":"","ocean_menu_typo_transform":"","ocean_menu_typo_transform_tablet":"","ocean_menu_typo_transform_mobile":"","ocean_menu_typo_line_height":0,"ocean_menu_typo_line_height_tablet":0,"ocean_menu_typo_line_height_mobile":0,"ocean_menu_typo_line_height_unit":"","ocean_menu_typo_spacing":0,"ocean_menu_typo_spacing_tablet":0,"ocean_menu_typo_spacing_mobile":0,"ocean_menu_typo_spacing_unit":"","ocean_menu_link_color":"","ocean_menu_link_color_hover":"","ocean_menu_link_color_active":"","ocean_menu_link_background":"","ocean_menu_link_hover_background":"","ocean_menu_link_active_background":"","ocean_menu_social_links_bg":"","ocean_menu_social_hover_links_bg":"","ocean_menu_social_links_color":"","ocean_menu_social_hover_links_color":"","ocean_disable_title":"default","ocean_disable_heading":"default","ocean_post_title":"","ocean_post_subheading":"","ocean_post_title_style":"default","ocean_post_title_background_color":"","ocean_post_title_background":0,"ocean_post_title_bg_image_position":"","ocean_post_title_bg_image_attachment":"","ocean_post_title_bg_image_repeat":"","ocean_post_title_bg_image_size":"","ocean_post_title_height":0,"ocean_post_title_bg_overlay":0.5,"ocean_post_title_bg_overlay_color":"","ocean_disable_breadcrumbs":"on","ocean_breadcrumbs_color":"","ocean_breadcrumbs_separator_color":"","ocean_breadcrumbs_links_color":"","ocean_breadcrumbs_links_hover_color":"","ocean_display_footer_widgets":"default","ocean_display_footer_bottom":"default","ocean_custom_footer_template":"0"},"product_brand":[],"product_cat":[239,236,231],"product_tag":[],"class_list":{"0":"post-16725","1":"product","2":"type-product","3":"status-publish","4":"has-post-thumbnail","6":"product_cat-mesas-de-rayos-x","7":"product_cat-mesas-quirurgicas","8":"product_cat-mesas-veterinarias","9":"pa_options-de-la-table-ruedas-retractiles","10":"pa_type-de-plateau-bandeja-plana","11":"pa_type-de-plateau-plataforma-de-radiologia","13":"entry","14":"has-media","16":"first","17":"instock","18":"shipping-taxable","19":"product-type-simple","20":"has-product-nav","21":"col","22":"span_1_of_4","23":"owp-content-center","24":"owp-thumbs-layout-vertical","25":"owp-btn-normal","26":"owp-tabs-layout-horizontal"},"yoast_head":"<!-- This site is optimized with the Yoast SEO plugin v27.0 - https:\/\/yoast.com\/product\/yoast-seo-wordpress\/ -->\n<title>Mesa quir\u00fargica con ruedas y bandeja radiol\u00f3gica plana - Vetinox<\/title>\n<meta name=\"description\" content=\"Descubra nuestra mesa quir\u00fargica con bandeja radiol\u00f3gica plana. Equipado con ruedas, facilita los desplazamientos.\" \/>\n<meta name=\"robots\" content=\"index, follow, max-snippet:-1, max-image-preview:large, max-video-preview:-1\" \/>\n<link rel=\"canonical\" href=\"https:\/\/www.vetinox.fr\/produit\/table-de-chirurgie-avec-roues-plateau-de-radiologie-plat\/\" \/>\n<meta property=\"og:locale\" content=\"es_ES\" \/>\n<meta property=\"og:type\" content=\"article\" \/>\n<meta property=\"og:title\" content=\"Mesa quir\u00fargica con ruedas y bandeja radiol\u00f3gica plana - Vetinox\" \/>\n<meta property=\"og:description\" content=\"Descubra nuestra mesa quir\u00fargica con bandeja radiol\u00f3gica plana. Equipado con ruedas, facilita los desplazamientos.\" \/>\n<meta property=\"og:url\" content=\"https:\/\/www.vetinox.fr\/produit\/table-de-chirurgie-avec-roues-plateau-de-radiologie-plat\/\" \/>\n<meta property=\"og:site_name\" content=\"Vetinox\" \/>\n<meta property=\"article:modified_time\" content=\"2021-06-20T13:34:15+00:00\" \/>\n<meta property=\"og:image\" content=\"https:\/\/www.vetinox.fr\/wp-content\/uploads\/2020\/11\/TA703010-Table-chirurgie-plateau-Radiologie-plat-4-roues-1400x530-Proclive-declive-electrique-N1.jpg\" \/>\n\t<meta property=\"og:image:width\" content=\"600\" \/>\n\t<meta property=\"og:image:height\" content=\"600\" \/>\n\t<meta property=\"og:image:type\" content=\"image\/jpeg\" \/>\n<meta name=\"twitter:card\" content=\"summary_large_image\" \/>\n<script type=\"application\/ld+json\" class=\"yoast-schema-graph\">{\"@context\":\"https:\/\/schema.org\",\"@graph\":[{\"@type\":\"WebPage\",\"@id\":\"https:\/\/www.vetinox.fr\/produit\/table-de-chirurgie-avec-roues-plateau-de-radiologie-plat\/\",\"url\":\"https:\/\/www.vetinox.fr\/produit\/table-de-chirurgie-avec-roues-plateau-de-radiologie-plat\/\",\"name\":\"Mesa quir\u00fargica con ruedas y bandeja radiol\u00f3gica plana - Vetinox\",\"isPartOf\":{\"@id\":\"https:\/\/www.vetinox.fr\/#website\"},\"primaryImageOfPage\":{\"@id\":\"https:\/\/www.vetinox.fr\/produit\/table-de-chirurgie-avec-roues-plateau-de-radiologie-plat\/#primaryimage\"},\"image\":{\"@id\":\"https:\/\/www.vetinox.fr\/produit\/table-de-chirurgie-avec-roues-plateau-de-radiologie-plat\/#primaryimage\"},\"thumbnailUrl\":\"https:\/\/www.vetinox.fr\/wp-content\/uploads\/2020\/11\/TA703010-Table-chirurgie-plateau-Radiologie-plat-4-roues-1400x530-Proclive-declive-electrique-N1.jpg\",\"datePublished\":\"2020-11-07T02:16:27+00:00\",\"dateModified\":\"2021-06-20T13:34:15+00:00\",\"description\":\"Descubra nuestra mesa quir\u00fargica con bandeja radiol\u00f3gica plana. Equipado con ruedas, facilita los desplazamientos.\",\"breadcrumb\":{\"@id\":\"https:\/\/www.vetinox.fr\/produit\/table-de-chirurgie-avec-roues-plateau-de-radiologie-plat\/#breadcrumb\"},\"inLanguage\":\"es\",\"potentialAction\":[{\"@type\":\"ReadAction\",\"target\":[\"https:\/\/www.vetinox.fr\/produit\/table-de-chirurgie-avec-roues-plateau-de-radiologie-plat\/\"]}]},{\"@type\":\"ImageObject\",\"inLanguage\":\"es\",\"@id\":\"https:\/\/www.vetinox.fr\/produit\/table-de-chirurgie-avec-roues-plateau-de-radiologie-plat\/#primaryimage\",\"url\":\"https:\/\/www.vetinox.fr\/wp-content\/uploads\/2020\/11\/TA703010-Table-chirurgie-plateau-Radiologie-plat-4-roues-1400x530-Proclive-declive-electrique-N1.jpg\",\"contentUrl\":\"https:\/\/www.vetinox.fr\/wp-content\/uploads\/2020\/11\/TA703010-Table-chirurgie-plateau-Radiologie-plat-4-roues-1400x530-Proclive-declive-electrique-N1.jpg\",\"width\":600,\"height\":600},{\"@type\":\"BreadcrumbList\",\"@id\":\"https:\/\/www.vetinox.fr\/produit\/table-de-chirurgie-avec-roues-plateau-de-radiologie-plat\/#breadcrumb\",\"itemListElement\":[{\"@type\":\"ListItem\",\"position\":1,\"name\":\"Accueil\",\"item\":\"https:\/\/www.vetinox.fr\/de\/\"},{\"@type\":\"ListItem\",\"position\":2,\"name\":\"Productos\",\"item\":\"https:\/\/www.vetinox.fr\/es\/archivo-de-productos\/\"},{\"@type\":\"ListItem\",\"position\":3,\"name\":\"TABLES\",\"item\":\"https:\/\/www.vetinox.fr\/categorie-produit\/tables-veterinaires\/\"},{\"@type\":\"ListItem\",\"position\":4,\"name\":\"Mesa quir\u00fargica con ruedas y bandeja radiol\u00f3gica plana\"}]},{\"@type\":\"WebSite\",\"@id\":\"https:\/\/www.vetinox.fr\/#website\",\"url\":\"https:\/\/www.vetinox.fr\/\",\"name\":\"Vetinox\",\"description\":\"Equipement Veterinaire\",\"publisher\":{\"@id\":\"https:\/\/www.vetinox.fr\/#organization\"},\"potentialAction\":[{\"@type\":\"SearchAction\",\"target\":{\"@type\":\"EntryPoint\",\"urlTemplate\":\"https:\/\/www.vetinox.fr\/?s={search_term_string}\"},\"query-input\":{\"@type\":\"PropertyValueSpecification\",\"valueRequired\":true,\"valueName\":\"search_term_string\"}}],\"inLanguage\":\"es\"},{\"@type\":\"Organization\",\"@id\":\"https:\/\/www.vetinox.fr\/#organization\",\"name\":\"Vetinox\",\"url\":\"https:\/\/www.vetinox.fr\/\",\"logo\":{\"@type\":\"ImageObject\",\"inLanguage\":\"es\",\"@id\":\"https:\/\/www.vetinox.fr\/#\/schema\/logo\/image\/\",\"url\":\"https:\/\/www.vetinox.fr\/wp-content\/uploads\/2018\/11\/Logo-Vetinox-2.png\",\"contentUrl\":\"https:\/\/www.vetinox.fr\/wp-content\/uploads\/2018\/11\/Logo-Vetinox-2.png\",\"width\":414,\"height\":126,\"caption\":\"Vetinox\"},\"image\":{\"@id\":\"https:\/\/www.vetinox.fr\/#\/schema\/logo\/image\/\"}}]}<\/script>\n<!-- \/ Yoast SEO plugin. -->","yoast_head_json":{"title":"Mesa quir\u00fargica con ruedas y bandeja radiol\u00f3gica plana - Vetinox","description":"Descubra nuestra mesa quir\u00fargica con bandeja radiol\u00f3gica plana. Equipado con ruedas, facilita los desplazamientos.","robots":{"index":"index","follow":"follow","max-snippet":"max-snippet:-1","max-image-preview":"max-image-preview:large","max-video-preview":"max-video-preview:-1"},"canonical":"https:\/\/www.vetinox.fr\/produit\/table-de-chirurgie-avec-roues-plateau-de-radiologie-plat\/","og_locale":"es_ES","og_type":"article","og_title":"Mesa quir\u00fargica con ruedas y bandeja radiol\u00f3gica plana - Vetinox","og_description":"Descubra nuestra mesa quir\u00fargica con bandeja radiol\u00f3gica plana. Equipado con ruedas, facilita los desplazamientos.","og_url":"https:\/\/www.vetinox.fr\/produit\/table-de-chirurgie-avec-roues-plateau-de-radiologie-plat\/","og_site_name":"Vetinox","article_modified_time":"2021-06-20T13:34:15+00:00","og_image":[{"width":600,"height":600,"url":"https:\/\/www.vetinox.fr\/wp-content\/uploads\/2020\/11\/TA703010-Table-chirurgie-plateau-Radiologie-plat-4-roues-1400x530-Proclive-declive-electrique-N1.jpg","type":"image\/jpeg"}],"twitter_card":"summary_large_image","schema":{"@context":"https:\/\/schema.org","@graph":[{"@type":"WebPage","@id":"https:\/\/www.vetinox.fr\/produit\/table-de-chirurgie-avec-roues-plateau-de-radiologie-plat\/","url":"https:\/\/www.vetinox.fr\/produit\/table-de-chirurgie-avec-roues-plateau-de-radiologie-plat\/","name":"Mesa quir\u00fargica con ruedas y bandeja radiol\u00f3gica plana - Vetinox","isPartOf":{"@id":"https:\/\/www.vetinox.fr\/#website"},"primaryImageOfPage":{"@id":"https:\/\/www.vetinox.fr\/produit\/table-de-chirurgie-avec-roues-plateau-de-radiologie-plat\/#primaryimage"},"image":{"@id":"https:\/\/www.vetinox.fr\/produit\/table-de-chirurgie-avec-roues-plateau-de-radiologie-plat\/#primaryimage"},"thumbnailUrl":"https:\/\/www.vetinox.fr\/wp-content\/uploads\/2020\/11\/TA703010-Table-chirurgie-plateau-Radiologie-plat-4-roues-1400x530-Proclive-declive-electrique-N1.jpg","datePublished":"2020-11-07T02:16:27+00:00","dateModified":"2021-06-20T13:34:15+00:00","description":"Descubra nuestra mesa quir\u00fargica con bandeja radiol\u00f3gica plana. Equipado con ruedas, facilita los desplazamientos.","breadcrumb":{"@id":"https:\/\/www.vetinox.fr\/produit\/table-de-chirurgie-avec-roues-plateau-de-radiologie-plat\/#breadcrumb"},"inLanguage":"es","potentialAction":[{"@type":"ReadAction","target":["https:\/\/www.vetinox.fr\/produit\/table-de-chirurgie-avec-roues-plateau-de-radiologie-plat\/"]}]},{"@type":"ImageObject","inLanguage":"es","@id":"https:\/\/www.vetinox.fr\/produit\/table-de-chirurgie-avec-roues-plateau-de-radiologie-plat\/#primaryimage","url":"https:\/\/www.vetinox.fr\/wp-content\/uploads\/2020\/11\/TA703010-Table-chirurgie-plateau-Radiologie-plat-4-roues-1400x530-Proclive-declive-electrique-N1.jpg","contentUrl":"https:\/\/www.vetinox.fr\/wp-content\/uploads\/2020\/11\/TA703010-Table-chirurgie-plateau-Radiologie-plat-4-roues-1400x530-Proclive-declive-electrique-N1.jpg","width":600,"height":600},{"@type":"BreadcrumbList","@id":"https:\/\/www.vetinox.fr\/produit\/table-de-chirurgie-avec-roues-plateau-de-radiologie-plat\/#breadcrumb","itemListElement":[{"@type":"ListItem","position":1,"name":"Accueil","item":"https:\/\/www.vetinox.fr\/de\/"},{"@type":"ListItem","position":2,"name":"Productos","item":"https:\/\/www.vetinox.fr\/es\/archivo-de-productos\/"},{"@type":"ListItem","position":3,"name":"TABLES","item":"https:\/\/www.vetinox.fr\/categorie-produit\/tables-veterinaires\/"},{"@type":"ListItem","position":4,"name":"Mesa quir\u00fargica con ruedas y bandeja radiol\u00f3gica plana"}]},{"@type":"WebSite","@id":"https:\/\/www.vetinox.fr\/#website","url":"https:\/\/www.vetinox.fr\/","name":"Vetinox","description":"Equipement Veterinaire","publisher":{"@id":"https:\/\/www.vetinox.fr\/#organization"},"potentialAction":[{"@type":"SearchAction","target":{"@type":"EntryPoint","urlTemplate":"https:\/\/www.vetinox.fr\/?s={search_term_string}"},"query-input":{"@type":"PropertyValueSpecification","valueRequired":true,"valueName":"search_term_string"}}],"inLanguage":"es"},{"@type":"Organization","@id":"https:\/\/www.vetinox.fr\/#organization","name":"Vetinox","url":"https:\/\/www.vetinox.fr\/","logo":{"@type":"ImageObject","inLanguage":"es","@id":"https:\/\/www.vetinox.fr\/#\/schema\/logo\/image\/","url":"https:\/\/www.vetinox.fr\/wp-content\/uploads\/2018\/11\/Logo-Vetinox-2.png","contentUrl":"https:\/\/www.vetinox.fr\/wp-content\/uploads\/2018\/11\/Logo-Vetinox-2.png","width":414,"height":126,"caption":"Vetinox"},"image":{"@id":"https:\/\/www.vetinox.fr\/#\/schema\/logo\/image\/"}}]}},"_links":{"self":[{"href":"https:\/\/www.vetinox.fr\/es\/wp-json\/wp\/v2\/product\/16725","targetHints":{"allow":["GET"]}}],"collection":[{"href":"https:\/\/www.vetinox.fr\/es\/wp-json\/wp\/v2\/product"}],"about":[{"href":"https:\/\/www.vetinox.fr\/es\/wp-json\/wp\/v2\/types\/product"}],"version-history":[{"count":0,"href":"https:\/\/www.vetinox.fr\/es\/wp-json\/wp\/v2\/product\/16725\/revisions"}],"wp:featuredmedia":[{"embeddable":true,"href":"https:\/\/www.vetinox.fr\/es\/wp-json\/wp\/v2\/media\/16726"}],"wp:attachment":[{"href":"https:\/\/www.vetinox.fr\/es\/wp-json\/wp\/v2\/media?parent=16725"}],"wp:term":[{"taxonomy":"product_brand","embeddable":true,"href":"https:\/\/www.vetinox.fr\/es\/wp-json\/wp\/v2\/product_brand?post=16725"},{"taxonomy":"product_cat","embeddable":true,"href":"https:\/\/www.vetinox.fr\/es\/wp-json\/wp\/v2\/product_cat?post=16725"},{"taxonomy":"product_tag","embeddable":true,"href":"https:\/\/www.vetinox.fr\/es\/wp-json\/wp\/v2\/product_tag?post=16725"}],"curies":[{"name":"wp","href":"https:\/\/api.w.org\/{rel}","templated":true}]}}