{"id":16763,"date":"2020-11-17T04:28:04","date_gmt":"2020-11-17T03:28:04","guid":{"rendered":"https:\/\/www.vetinox.fr\/produit\/mesa-de-consulta-electrica-elite-con-tablero-plano\/"},"modified":"2025-01-21T15:14:11","modified_gmt":"2025-01-21T14:14:11","slug":"mesa-de-consulta-electrica-elite-con-tablero-plano","status":"publish","type":"product","link":"https:\/\/www.vetinox.fr\/es\/produit\/mesa-de-consulta-electrica-elite-con-tablero-plano\/","title":{"rendered":"Mesa de consulta el\u00e9ctrica ELITE con tablero plano"},"content":{"rendered":"<p>La camilla de consulta ELITE est\u00e1 disponible con diversas opciones y puede fabricarse a medida para profesionales veterinarios, oste\u00f3patas y natur\u00f3patas, por lo que es ideal para masajes caninos.<br \/>\nCaracter\u00edsticas de la mesa veterinaria :<\/p>\n<ul>\n<li>Funci\u00f3n 2 en 1: mesa de consulta, mesa elevadora<\/li>\n<li>Tama\u00f1o de la mesa en posici\u00f3n bajada: 1250 x 600 x 225 mm<\/li>\n<li>Tama\u00f1o de la mesa en posici\u00f3n elevada: 1250 x 600 x 950 cm<\/li>\n<li>Tama\u00f1o del tablero: 1250 x 600 mm<\/li>\n<li>Altura variable de 225 mm a 950 mm<\/li>\n<li>Bandeja plana de acero inoxidable<\/li>\n<li>Carga m\u00e1xima de la mesa: 100 kg<\/li>\n<li>Subida y bajada el\u00e9ctrica accionada con el pie<\/li>\n<li>Cilindro el\u00e9ctrico silencioso y sin sacudidas<\/li>\n<li>Mesa disponible con tablero est\u00e1ndar de acero inoxidable o tablero con alfombra y marco (colores a elegir: azul, verde, gris claro y gris oscuro).<\/li>\n<li>Mecanismo en cruz para m\u00e1xima estabilidad<\/li>\n<li>Mesa totalmente de acero inoxidable 304 L<\/li>\n<li>Estructura de acero inoxidable con 5 a\u00f1os de garant\u00eda<\/li>\n<li>Sistema el\u00e9ctrico garantizado durante 2 a\u00f1os<\/li>\n<\/ul>\n","protected":false},"excerpt":{"rendered":"<p>Las nuevas mesas de consulta veterinaria ELITE combinan comodidad y rendimiento. Gracias a un sistema de dise\u00f1o exclusivo, la mesa desciende el\u00e9ctricamente hasta una altura de carga de 225 mm. Este sistema extraplano permite levantar animales sin esfuerzo, protegiendo su espalda. La mesa ELITE tambi\u00e9n puede levantar sin dificultad animales voluminosos de hasta 100 kg de peso. Est\u00e1 disponible con diversas opciones, as\u00ed como a medida. La mesa tiene un tablero plano de acero inoxidable.<\/p>\n<span class=\"action-button blue-button2\"><a href=\"https:\/\/www.vetinox.fr\/wp-content\/uploads\/2020\/11\/Fiche-Technique-Table-de-consultation-electrique-ELITE.pdf\">Folleto t\u00e9cnico - Mesa de consulta el\u00e9ctrica ELITE<\/a><\/span>\n","protected":false},"featured_media":31436,"template":"","meta":{"ocean_post_layout":"","ocean_both_sidebars_style":"","ocean_both_sidebars_content_width":0,"ocean_both_sidebars_sidebars_width":0,"ocean_sidebar":"0","ocean_second_sidebar":"0","ocean_disable_margins":"enable","ocean_add_body_class":"","ocean_shortcode_before_top_bar":"","ocean_shortcode_after_top_bar":"","ocean_shortcode_before_header":"","ocean_shortcode_after_header":"","ocean_has_shortcode":"","ocean_shortcode_after_title":"","ocean_shortcode_before_footer_widgets":"","ocean_shortcode_after_footer_widgets":"","ocean_shortcode_before_footer_bottom":"","ocean_shortcode_after_footer_bottom":"","ocean_display_top_bar":"default","ocean_display_header":"default","ocean_header_style":"","ocean_center_header_left_menu":"0","ocean_custom_header_template":"0","ocean_custom_logo":0,"ocean_custom_retina_logo":0,"ocean_custom_logo_max_width":0,"ocean_custom_logo_tablet_max_width":0,"ocean_custom_logo_mobile_max_width":0,"ocean_custom_logo_max_height":0,"ocean_custom_logo_tablet_max_height":0,"ocean_custom_logo_mobile_max_height":0,"ocean_header_custom_menu":"0","ocean_menu_typo_font_family":"0","ocean_menu_typo_font_subset":"","ocean_menu_typo_font_size":0,"ocean_menu_typo_font_size_tablet":0,"ocean_menu_typo_font_size_mobile":0,"ocean_menu_typo_font_size_unit":"px","ocean_menu_typo_font_weight":"","ocean_menu_typo_font_weight_tablet":"","ocean_menu_typo_font_weight_mobile":"","ocean_menu_typo_transform":"","ocean_menu_typo_transform_tablet":"","ocean_menu_typo_transform_mobile":"","ocean_menu_typo_line_height":0,"ocean_menu_typo_line_height_tablet":0,"ocean_menu_typo_line_height_mobile":0,"ocean_menu_typo_line_height_unit":"","ocean_menu_typo_spacing":0,"ocean_menu_typo_spacing_tablet":0,"ocean_menu_typo_spacing_mobile":0,"ocean_menu_typo_spacing_unit":"","ocean_menu_link_color":"","ocean_menu_link_color_hover":"","ocean_menu_link_color_active":"","ocean_menu_link_background":"","ocean_menu_link_hover_background":"","ocean_menu_link_active_background":"","ocean_menu_social_links_bg":"","ocean_menu_social_hover_links_bg":"","ocean_menu_social_links_color":"","ocean_menu_social_hover_links_color":"","ocean_disable_title":"default","ocean_disable_heading":"default","ocean_post_title":"","ocean_post_subheading":"","ocean_post_title_style":"","ocean_post_title_background_color":"","ocean_post_title_background":0,"ocean_post_title_bg_image_position":"","ocean_post_title_bg_image_attachment":"","ocean_post_title_bg_image_repeat":"","ocean_post_title_bg_image_size":"","ocean_post_title_height":0,"ocean_post_title_bg_overlay":0.5,"ocean_post_title_bg_overlay_color":"","ocean_disable_breadcrumbs":"default","ocean_breadcrumbs_color":"","ocean_breadcrumbs_separator_color":"","ocean_breadcrumbs_links_color":"","ocean_breadcrumbs_links_hover_color":"","ocean_display_footer_widgets":"default","ocean_display_footer_bottom":"default","ocean_custom_footer_template":"0"},"product_brand":[],"product_cat":[237,233,231],"product_tag":[],"class_list":{"0":"post-16763","1":"product","2":"type-product","3":"status-publish","4":"has-post-thumbnail","6":"product_cat-mesas-de-consulta","7":"product_cat-mesas-elite","8":"product_cat-mesas-veterinarias","9":"pa_type-de-plateau-bandeja-plana","11":"entry","12":"has-media","14":"first","15":"instock","16":"shipping-taxable","17":"product-type-simple","18":"has-product-nav","19":"col","20":"span_1_of_4","21":"owp-content-center","22":"owp-thumbs-layout-vertical","23":"owp-btn-normal","24":"owp-tabs-layout-horizontal"},"yoast_head":"<!-- This site is optimized with the Yoast SEO plugin v27.0 - https:\/\/yoast.com\/product\/yoast-seo-wordpress\/ -->\n<title>Mesa de consulta veterinaria el\u00e9ctrica ELITE - Vetinox<\/title>\n<meta name=\"description\" content=\"Descubra la mesa de consulta veterinaria el\u00e9ctrica que combina comodidad y rendimiento gracias a su tablero ultraplano.\" \/>\n<meta name=\"robots\" content=\"index, follow, max-snippet:-1, max-image-preview:large, max-video-preview:-1\" \/>\n<link rel=\"canonical\" href=\"https:\/\/www.vetinox.fr\/es\/produit\/mesa-de-consulta-electrica-elite-con-tablero-plano\/\" \/>\n<meta property=\"og:locale\" content=\"es_ES\" \/>\n<meta property=\"og:type\" content=\"article\" \/>\n<meta property=\"og:title\" content=\"Mesa de consulta veterinaria el\u00e9ctrica ELITE - Vetinox\" \/>\n<meta property=\"og:description\" content=\"Descubra la mesa de consulta veterinaria el\u00e9ctrica que combina comodidad y rendimiento gracias a su tablero ultraplano.\" \/>\n<meta property=\"og:url\" content=\"https:\/\/www.vetinox.fr\/es\/produit\/mesa-de-consulta-electrica-elite-con-tablero-plano\/\" \/>\n<meta property=\"og:site_name\" content=\"Vetinox\" \/>\n<meta property=\"article:modified_time\" content=\"2025-01-21T14:14:11+00:00\" \/>\n<meta property=\"og:image\" content=\"https:\/\/www.vetinox.fr\/wp-content\/uploads\/2020\/11\/Vetinox_TA400000TableConsultationElectriqueELITEPlateauPlatInox_1.jpg\" \/>\n\t<meta property=\"og:image:width\" content=\"1004\" \/>\n\t<meta property=\"og:image:height\" content=\"569\" \/>\n\t<meta property=\"og:image:type\" content=\"image\/jpeg\" \/>\n<meta name=\"twitter:card\" content=\"summary_large_image\" \/>\n<meta name=\"twitter:label1\" content=\"Tiempo de lectura\" \/>\n\t<meta name=\"twitter:data1\" content=\"1 minuto\" \/>\n<script type=\"application\/ld+json\" class=\"yoast-schema-graph\">{\"@context\":\"https:\/\/schema.org\",\"@graph\":[{\"@type\":\"WebPage\",\"@id\":\"https:\/\/www.vetinox.fr\/es\/produit\/mesa-de-consulta-electrica-elite-con-tablero-plano\/\",\"url\":\"https:\/\/www.vetinox.fr\/es\/produit\/mesa-de-consulta-electrica-elite-con-tablero-plano\/\",\"name\":\"Mesa de consulta veterinaria el\u00e9ctrica ELITE - Vetinox\",\"isPartOf\":{\"@id\":\"https:\/\/www.vetinox.fr\/#website\"},\"primaryImageOfPage\":{\"@id\":\"https:\/\/www.vetinox.fr\/es\/produit\/mesa-de-consulta-electrica-elite-con-tablero-plano\/#primaryimage\"},\"image\":{\"@id\":\"https:\/\/www.vetinox.fr\/es\/produit\/mesa-de-consulta-electrica-elite-con-tablero-plano\/#primaryimage\"},\"thumbnailUrl\":\"https:\/\/www.vetinox.fr\/wp-content\/uploads\/2020\/11\/VETINOX_TA400000_Table_consultation_electrique_ELITE_plateau_plat_INOX.png\",\"datePublished\":\"2020-11-17T03:28:04+00:00\",\"dateModified\":\"2025-01-21T14:14:11+00:00\",\"description\":\"Descubra la mesa de consulta veterinaria el\u00e9ctrica que combina comodidad y rendimiento gracias a su tablero ultraplano.\",\"breadcrumb\":{\"@id\":\"https:\/\/www.vetinox.fr\/es\/produit\/mesa-de-consulta-electrica-elite-con-tablero-plano\/#breadcrumb\"},\"inLanguage\":\"es\",\"potentialAction\":[{\"@type\":\"ReadAction\",\"target\":[\"https:\/\/www.vetinox.fr\/es\/produit\/mesa-de-consulta-electrica-elite-con-tablero-plano\/\"]}]},{\"@type\":\"ImageObject\",\"inLanguage\":\"es\",\"@id\":\"https:\/\/www.vetinox.fr\/es\/produit\/mesa-de-consulta-electrica-elite-con-tablero-plano\/#primaryimage\",\"url\":\"https:\/\/www.vetinox.fr\/wp-content\/uploads\/2020\/11\/VETINOX_TA400000_Table_consultation_electrique_ELITE_plateau_plat_INOX.png\",\"contentUrl\":\"https:\/\/www.vetinox.fr\/wp-content\/uploads\/2020\/11\/VETINOX_TA400000_Table_consultation_electrique_ELITE_plateau_plat_INOX.png\",\"width\":1004,\"height\":569,\"caption\":\"Table consultation \u00e9lectrique ELITE plateau plat INOX\"},{\"@type\":\"BreadcrumbList\",\"@id\":\"https:\/\/www.vetinox.fr\/es\/produit\/mesa-de-consulta-electrica-elite-con-tablero-plano\/#breadcrumb\",\"itemListElement\":[{\"@type\":\"ListItem\",\"position\":1,\"name\":\"Accueil\",\"item\":\"https:\/\/www.vetinox.fr\/de\/\"},{\"@type\":\"ListItem\",\"position\":2,\"name\":\"Productos\",\"item\":\"https:\/\/www.vetinox.fr\/es\/archivo-de-productos\/\"},{\"@type\":\"ListItem\",\"position\":3,\"name\":\"TABLES\",\"item\":\"https:\/\/www.vetinox.fr\/categorie-produit\/tables-veterinaires\/\"},{\"@type\":\"ListItem\",\"position\":4,\"name\":\"Mesa de consulta el\u00e9ctrica ELITE con tablero plano\"}]},{\"@type\":\"WebSite\",\"@id\":\"https:\/\/www.vetinox.fr\/#website\",\"url\":\"https:\/\/www.vetinox.fr\/\",\"name\":\"Vetinox\",\"description\":\"Equipement Veterinaire\",\"publisher\":{\"@id\":\"https:\/\/www.vetinox.fr\/#organization\"},\"potentialAction\":[{\"@type\":\"SearchAction\",\"target\":{\"@type\":\"EntryPoint\",\"urlTemplate\":\"https:\/\/www.vetinox.fr\/?s={search_term_string}\"},\"query-input\":{\"@type\":\"PropertyValueSpecification\",\"valueRequired\":true,\"valueName\":\"search_term_string\"}}],\"inLanguage\":\"es\"},{\"@type\":\"Organization\",\"@id\":\"https:\/\/www.vetinox.fr\/#organization\",\"name\":\"Vetinox\",\"url\":\"https:\/\/www.vetinox.fr\/\",\"logo\":{\"@type\":\"ImageObject\",\"inLanguage\":\"es\",\"@id\":\"https:\/\/www.vetinox.fr\/#\/schema\/logo\/image\/\",\"url\":\"https:\/\/www.vetinox.fr\/wp-content\/uploads\/2018\/11\/Logo-Vetinox-2.png\",\"contentUrl\":\"https:\/\/www.vetinox.fr\/wp-content\/uploads\/2018\/11\/Logo-Vetinox-2.png\",\"width\":414,\"height\":126,\"caption\":\"Vetinox\"},\"image\":{\"@id\":\"https:\/\/www.vetinox.fr\/#\/schema\/logo\/image\/\"}}]}<\/script>\n<!-- \/ Yoast SEO plugin. -->","yoast_head_json":{"title":"Mesa de consulta veterinaria el\u00e9ctrica ELITE - Vetinox","description":"Descubra la mesa de consulta veterinaria el\u00e9ctrica que combina comodidad y rendimiento gracias a su tablero ultraplano.","robots":{"index":"index","follow":"follow","max-snippet":"max-snippet:-1","max-image-preview":"max-image-preview:large","max-video-preview":"max-video-preview:-1"},"canonical":"https:\/\/www.vetinox.fr\/es\/produit\/mesa-de-consulta-electrica-elite-con-tablero-plano\/","og_locale":"es_ES","og_type":"article","og_title":"Mesa de consulta veterinaria el\u00e9ctrica ELITE - Vetinox","og_description":"Descubra la mesa de consulta veterinaria el\u00e9ctrica que combina comodidad y rendimiento gracias a su tablero ultraplano.","og_url":"https:\/\/www.vetinox.fr\/es\/produit\/mesa-de-consulta-electrica-elite-con-tablero-plano\/","og_site_name":"Vetinox","article_modified_time":"2025-01-21T14:14:11+00:00","og_image":[{"width":1004,"height":569,"url":"https:\/\/www.vetinox.fr\/wp-content\/uploads\/2020\/11\/Vetinox_TA400000TableConsultationElectriqueELITEPlateauPlatInox_1.jpg","type":"image\/jpeg"}],"twitter_card":"summary_large_image","twitter_misc":{"Tiempo de lectura":"1 minuto"},"schema":{"@context":"https:\/\/schema.org","@graph":[{"@type":"WebPage","@id":"https:\/\/www.vetinox.fr\/es\/produit\/mesa-de-consulta-electrica-elite-con-tablero-plano\/","url":"https:\/\/www.vetinox.fr\/es\/produit\/mesa-de-consulta-electrica-elite-con-tablero-plano\/","name":"Mesa de consulta veterinaria el\u00e9ctrica ELITE - Vetinox","isPartOf":{"@id":"https:\/\/www.vetinox.fr\/#website"},"primaryImageOfPage":{"@id":"https:\/\/www.vetinox.fr\/es\/produit\/mesa-de-consulta-electrica-elite-con-tablero-plano\/#primaryimage"},"image":{"@id":"https:\/\/www.vetinox.fr\/es\/produit\/mesa-de-consulta-electrica-elite-con-tablero-plano\/#primaryimage"},"thumbnailUrl":"https:\/\/www.vetinox.fr\/wp-content\/uploads\/2020\/11\/VETINOX_TA400000_Table_consultation_electrique_ELITE_plateau_plat_INOX.png","datePublished":"2020-11-17T03:28:04+00:00","dateModified":"2025-01-21T14:14:11+00:00","description":"Descubra la mesa de consulta veterinaria el\u00e9ctrica que combina comodidad y rendimiento gracias a su tablero ultraplano.","breadcrumb":{"@id":"https:\/\/www.vetinox.fr\/es\/produit\/mesa-de-consulta-electrica-elite-con-tablero-plano\/#breadcrumb"},"inLanguage":"es","potentialAction":[{"@type":"ReadAction","target":["https:\/\/www.vetinox.fr\/es\/produit\/mesa-de-consulta-electrica-elite-con-tablero-plano\/"]}]},{"@type":"ImageObject","inLanguage":"es","@id":"https:\/\/www.vetinox.fr\/es\/produit\/mesa-de-consulta-electrica-elite-con-tablero-plano\/#primaryimage","url":"https:\/\/www.vetinox.fr\/wp-content\/uploads\/2020\/11\/VETINOX_TA400000_Table_consultation_electrique_ELITE_plateau_plat_INOX.png","contentUrl":"https:\/\/www.vetinox.fr\/wp-content\/uploads\/2020\/11\/VETINOX_TA400000_Table_consultation_electrique_ELITE_plateau_plat_INOX.png","width":1004,"height":569,"caption":"Table consultation \u00e9lectrique ELITE plateau plat INOX"},{"@type":"BreadcrumbList","@id":"https:\/\/www.vetinox.fr\/es\/produit\/mesa-de-consulta-electrica-elite-con-tablero-plano\/#breadcrumb","itemListElement":[{"@type":"ListItem","position":1,"name":"Accueil","item":"https:\/\/www.vetinox.fr\/de\/"},{"@type":"ListItem","position":2,"name":"Productos","item":"https:\/\/www.vetinox.fr\/es\/archivo-de-productos\/"},{"@type":"ListItem","position":3,"name":"TABLES","item":"https:\/\/www.vetinox.fr\/categorie-produit\/tables-veterinaires\/"},{"@type":"ListItem","position":4,"name":"Mesa de consulta el\u00e9ctrica ELITE con tablero plano"}]},{"@type":"WebSite","@id":"https:\/\/www.vetinox.fr\/#website","url":"https:\/\/www.vetinox.fr\/","name":"Vetinox","description":"Equipement Veterinaire","publisher":{"@id":"https:\/\/www.vetinox.fr\/#organization"},"potentialAction":[{"@type":"SearchAction","target":{"@type":"EntryPoint","urlTemplate":"https:\/\/www.vetinox.fr\/?s={search_term_string}"},"query-input":{"@type":"PropertyValueSpecification","valueRequired":true,"valueName":"search_term_string"}}],"inLanguage":"es"},{"@type":"Organization","@id":"https:\/\/www.vetinox.fr\/#organization","name":"Vetinox","url":"https:\/\/www.vetinox.fr\/","logo":{"@type":"ImageObject","inLanguage":"es","@id":"https:\/\/www.vetinox.fr\/#\/schema\/logo\/image\/","url":"https:\/\/www.vetinox.fr\/wp-content\/uploads\/2018\/11\/Logo-Vetinox-2.png","contentUrl":"https:\/\/www.vetinox.fr\/wp-content\/uploads\/2018\/11\/Logo-Vetinox-2.png","width":414,"height":126,"caption":"Vetinox"},"image":{"@id":"https:\/\/www.vetinox.fr\/#\/schema\/logo\/image\/"}}]}},"_links":{"self":[{"href":"https:\/\/www.vetinox.fr\/es\/wp-json\/wp\/v2\/product\/16763","targetHints":{"allow":["GET"]}}],"collection":[{"href":"https:\/\/www.vetinox.fr\/es\/wp-json\/wp\/v2\/product"}],"about":[{"href":"https:\/\/www.vetinox.fr\/es\/wp-json\/wp\/v2\/types\/product"}],"version-history":[{"count":0,"href":"https:\/\/www.vetinox.fr\/es\/wp-json\/wp\/v2\/product\/16763\/revisions"}],"wp:featuredmedia":[{"embeddable":true,"href":"https:\/\/www.vetinox.fr\/es\/wp-json\/wp\/v2\/media\/31436"}],"wp:attachment":[{"href":"https:\/\/www.vetinox.fr\/es\/wp-json\/wp\/v2\/media?parent=16763"}],"wp:term":[{"taxonomy":"product_brand","embeddable":true,"href":"https:\/\/www.vetinox.fr\/es\/wp-json\/wp\/v2\/product_brand?post=16763"},{"taxonomy":"product_cat","embeddable":true,"href":"https:\/\/www.vetinox.fr\/es\/wp-json\/wp\/v2\/product_cat?post=16763"},{"taxonomy":"product_tag","embeddable":true,"href":"https:\/\/www.vetinox.fr\/es\/wp-json\/wp\/v2\/product_tag?post=16763"}],"curies":[{"name":"wp","href":"https:\/\/api.w.org\/{rel}","templated":true}]}}