{"id":16804,"date":"2019-03-07T17:52:15","date_gmt":"2019-03-07T16:52:15","guid":{"rendered":"https:\/\/www.vetinox.fr\/produit\/colchon-con-funda-clinicare-para-jaula-de-poliester\/"},"modified":"2024-12-31T10:30:12","modified_gmt":"2024-12-31T09:30:12","slug":"colchon-con-funda-clinicare-para-jaula-de-poliester","status":"publish","type":"product","link":"https:\/\/www.vetinox.fr\/es\/produit\/colchon-con-funda-clinicare-para-jaula-de-poliester\/","title":{"rendered":"Colch\u00f3n con funda Clinicare para Jaula de Poli\u00e9ster"},"content":{"rendered":"<p>Colch\u00f3n de prevenci\u00f3n de \u00falceras por presi\u00f3n y funda Clinicare para Jaula de Poli\u00e9ster.<\/p>\n<p>Caracter\u00edsticas del colch\u00f3n :<\/p>\n<ul>\n<li>Disponible en 3 formatos o a medida<\/li>\n<li>Fabricado en Francia<\/li>\n<\/ul>\n<p>&nbsp;<\/p>\n<p>&nbsp;<\/p>\n","protected":false},"excerpt":{"rendered":"<p>Gama de colchones antiescaras con fundas Clinicare para el confort de los animales. Los colchones est\u00e1n disponibles en varios formatos, adaptados a nuestras jaulas veterinarias de poli\u00e9ster y tambi\u00e9n a medida.<\/p>\n","protected":false},"featured_media":23204,"template":"","meta":{"ocean_post_layout":"full-screen","ocean_both_sidebars_style":"","ocean_both_sidebars_content_width":0,"ocean_both_sidebars_sidebars_width":0,"ocean_sidebar":"0","ocean_second_sidebar":"0","ocean_disable_margins":"on","ocean_add_body_class":"","ocean_shortcode_before_top_bar":"","ocean_shortcode_after_top_bar":"","ocean_shortcode_before_header":"","ocean_shortcode_after_header":"","ocean_has_shortcode":"","ocean_shortcode_after_title":"","ocean_shortcode_before_footer_widgets":"","ocean_shortcode_after_footer_widgets":"","ocean_shortcode_before_footer_bottom":"","ocean_shortcode_after_footer_bottom":"","ocean_display_top_bar":"default","ocean_display_header":"default","ocean_header_style":"","ocean_center_header_left_menu":"0","ocean_custom_header_template":"0","ocean_custom_logo":0,"ocean_custom_retina_logo":0,"ocean_custom_logo_max_width":0,"ocean_custom_logo_tablet_max_width":0,"ocean_custom_logo_mobile_max_width":0,"ocean_custom_logo_max_height":0,"ocean_custom_logo_tablet_max_height":0,"ocean_custom_logo_mobile_max_height":0,"ocean_header_custom_menu":"0","ocean_menu_typo_font_family":"0","ocean_menu_typo_font_subset":"","ocean_menu_typo_font_size":0,"ocean_menu_typo_font_size_tablet":0,"ocean_menu_typo_font_size_mobile":0,"ocean_menu_typo_font_size_unit":"px","ocean_menu_typo_font_weight":"","ocean_menu_typo_font_weight_tablet":"","ocean_menu_typo_font_weight_mobile":"","ocean_menu_typo_transform":"","ocean_menu_typo_transform_tablet":"","ocean_menu_typo_transform_mobile":"","ocean_menu_typo_line_height":0,"ocean_menu_typo_line_height_tablet":0,"ocean_menu_typo_line_height_mobile":0,"ocean_menu_typo_line_height_unit":"","ocean_menu_typo_spacing":0,"ocean_menu_typo_spacing_tablet":0,"ocean_menu_typo_spacing_mobile":0,"ocean_menu_typo_spacing_unit":"","ocean_menu_link_color":"","ocean_menu_link_color_hover":"","ocean_menu_link_color_active":"","ocean_menu_link_background":"","ocean_menu_link_hover_background":"","ocean_menu_link_active_background":"","ocean_menu_social_links_bg":"","ocean_menu_social_hover_links_bg":"","ocean_menu_social_links_color":"","ocean_menu_social_hover_links_color":"","ocean_disable_title":"default","ocean_disable_heading":"default","ocean_post_title":"","ocean_post_subheading":"","ocean_post_title_style":"default","ocean_post_title_background_color":"","ocean_post_title_background":0,"ocean_post_title_bg_image_position":"","ocean_post_title_bg_image_attachment":"","ocean_post_title_bg_image_repeat":"","ocean_post_title_bg_image_size":"","ocean_post_title_height":0,"ocean_post_title_bg_overlay":0.5,"ocean_post_title_bg_overlay_color":"","ocean_disable_breadcrumbs":"on","ocean_breadcrumbs_color":"","ocean_breadcrumbs_separator_color":"","ocean_breadcrumbs_links_color":"","ocean_breadcrumbs_links_hover_color":"","ocean_display_footer_widgets":"default","ocean_display_footer_bottom":"default","ocean_custom_footer_template":"0"},"product_brand":[],"product_cat":[],"product_tag":[],"class_list":{"0":"post-16804","1":"product","2":"type-product","3":"status-publish","4":"has-post-thumbnail","7":"entry","8":"has-media","10":"first","11":"instock","12":"shipping-taxable","13":"purchasable","14":"product-type-variable","15":"has-product-nav","16":"col","17":"span_1_of_4","18":"owp-content-center","19":"owp-thumbs-layout-vertical","20":"owp-btn-normal","21":"owp-tabs-layout-horizontal","22":"has-no-thumbnails"},"yoast_head":"<!-- This site is optimized with the Yoast SEO plugin v27.0 - https:\/\/yoast.com\/product\/yoast-seo-wordpress\/ -->\n<title>Colch\u00f3n con funda Clinicare para Jaula de Poli\u00e9ster - Vetinox<\/title>\n<meta name=\"description\" content=\"Colch\u00f3n y funda de poli\u00e9ster Clinicare para jaulas veterinarias, que proporcionan comodidad y bienestar a los animales.\" \/>\n<meta name=\"robots\" content=\"index, follow, max-snippet:-1, max-image-preview:large, max-video-preview:-1\" \/>\n<link rel=\"canonical\" href=\"https:\/\/www.vetinox.fr\/es\/produit\/colchon-con-funda-clinicare-para-jaula-de-poliester\/\" \/>\n<meta property=\"og:locale\" content=\"es_ES\" \/>\n<meta property=\"og:type\" content=\"article\" \/>\n<meta property=\"og:title\" content=\"Colch\u00f3n con funda Clinicare para Jaula de Poli\u00e9ster - Vetinox\" \/>\n<meta property=\"og:description\" content=\"Colch\u00f3n y funda de poli\u00e9ster Clinicare para jaulas veterinarias, que proporcionan comodidad y bienestar a los animales.\" \/>\n<meta property=\"og:url\" content=\"https:\/\/www.vetinox.fr\/es\/produit\/colchon-con-funda-clinicare-para-jaula-de-poliester\/\" \/>\n<meta property=\"og:site_name\" content=\"Vetinox\" \/>\n<meta property=\"article:modified_time\" content=\"2024-12-31T09:30:12+00:00\" \/>\n<meta property=\"og:image\" content=\"https:\/\/www.vetinox.fr\/wp-content\/uploads\/2020\/06\/Vetinox_EQ500004_MatelasAvecHousseClinicarePourCageInox-1.png\" \/>\n\t<meta property=\"og:image:width\" content=\"1004\" \/>\n\t<meta property=\"og:image:height\" content=\"569\" \/>\n\t<meta property=\"og:image:type\" content=\"image\/png\" \/>\n<meta name=\"twitter:card\" content=\"summary_large_image\" \/>\n<script type=\"application\/ld+json\" class=\"yoast-schema-graph\">{\"@context\":\"https:\/\/schema.org\",\"@graph\":[{\"@type\":\"WebPage\",\"@id\":\"https:\/\/www.vetinox.fr\/es\/produit\/colchon-con-funda-clinicare-para-jaula-de-poliester\/\",\"url\":\"https:\/\/www.vetinox.fr\/es\/produit\/colchon-con-funda-clinicare-para-jaula-de-poliester\/\",\"name\":\"Colch\u00f3n con funda Clinicare para Jaula de Poli\u00e9ster - Vetinox\",\"isPartOf\":{\"@id\":\"https:\/\/www.vetinox.fr\/#website\"},\"primaryImageOfPage\":{\"@id\":\"https:\/\/www.vetinox.fr\/es\/produit\/colchon-con-funda-clinicare-para-jaula-de-poliester\/#primaryimage\"},\"image\":{\"@id\":\"https:\/\/www.vetinox.fr\/es\/produit\/colchon-con-funda-clinicare-para-jaula-de-poliester\/#primaryimage\"},\"thumbnailUrl\":\"https:\/\/www.vetinox.fr\/wp-content\/uploads\/2020\/06\/Vetinox_EQ500004_MatelasAvecHousseClinicarePourCageInox-1.png\",\"datePublished\":\"2019-03-07T16:52:15+00:00\",\"dateModified\":\"2024-12-31T09:30:12+00:00\",\"description\":\"Colch\u00f3n y funda de poli\u00e9ster Clinicare para jaulas veterinarias, que proporcionan comodidad y bienestar a los animales.\",\"breadcrumb\":{\"@id\":\"https:\/\/www.vetinox.fr\/es\/produit\/colchon-con-funda-clinicare-para-jaula-de-poliester\/#breadcrumb\"},\"inLanguage\":\"es\",\"potentialAction\":[{\"@type\":\"ReadAction\",\"target\":[\"https:\/\/www.vetinox.fr\/es\/produit\/colchon-con-funda-clinicare-para-jaula-de-poliester\/\"]}]},{\"@type\":\"ImageObject\",\"inLanguage\":\"es\",\"@id\":\"https:\/\/www.vetinox.fr\/es\/produit\/colchon-con-funda-clinicare-para-jaula-de-poliester\/#primaryimage\",\"url\":\"https:\/\/www.vetinox.fr\/wp-content\/uploads\/2020\/06\/Vetinox_EQ500004_MatelasAvecHousseClinicarePourCageInox-1.png\",\"contentUrl\":\"https:\/\/www.vetinox.fr\/wp-content\/uploads\/2020\/06\/Vetinox_EQ500004_MatelasAvecHousseClinicarePourCageInox-1.png\",\"width\":1004,\"height\":569,\"caption\":\"Vetinox_EQ500004 Matelas Avec Housse Clinicare Pour Cage Inox\"},{\"@type\":\"BreadcrumbList\",\"@id\":\"https:\/\/www.vetinox.fr\/es\/produit\/colchon-con-funda-clinicare-para-jaula-de-poliester\/#breadcrumb\",\"itemListElement\":[{\"@type\":\"ListItem\",\"position\":1,\"name\":\"Accueil\",\"item\":\"https:\/\/www.vetinox.fr\/de\/\"},{\"@type\":\"ListItem\",\"position\":2,\"name\":\"Productos\",\"item\":\"https:\/\/www.vetinox.fr\/es\/archivo-de-productos\/\"},{\"@type\":\"ListItem\",\"position\":3,\"name\":\"Jaulas veterinarias\",\"item\":\"https:\/\/www.vetinox.fr\/es\/categor\u00eda-de-productos\/jaulas-veterinarias\/\"},{\"@type\":\"ListItem\",\"position\":4,\"name\":\"Accesorios para jaulas\",\"item\":\"https:\/\/www.vetinox.fr\/es\/categor\u00eda-de-productos\/jaulas-veterinarias\/accesorios-para-jaulas\/\"},{\"@type\":\"ListItem\",\"position\":5,\"name\":\"Colch\u00f3n con funda Clinicare para Jaula de Poli\u00e9ster\"}]},{\"@type\":\"WebSite\",\"@id\":\"https:\/\/www.vetinox.fr\/#website\",\"url\":\"https:\/\/www.vetinox.fr\/\",\"name\":\"Vetinox\",\"description\":\"Equipement Veterinaire\",\"publisher\":{\"@id\":\"https:\/\/www.vetinox.fr\/#organization\"},\"potentialAction\":[{\"@type\":\"SearchAction\",\"target\":{\"@type\":\"EntryPoint\",\"urlTemplate\":\"https:\/\/www.vetinox.fr\/?s={search_term_string}\"},\"query-input\":{\"@type\":\"PropertyValueSpecification\",\"valueRequired\":true,\"valueName\":\"search_term_string\"}}],\"inLanguage\":\"es\"},{\"@type\":\"Organization\",\"@id\":\"https:\/\/www.vetinox.fr\/#organization\",\"name\":\"Vetinox\",\"url\":\"https:\/\/www.vetinox.fr\/\",\"logo\":{\"@type\":\"ImageObject\",\"inLanguage\":\"es\",\"@id\":\"https:\/\/www.vetinox.fr\/#\/schema\/logo\/image\/\",\"url\":\"https:\/\/www.vetinox.fr\/wp-content\/uploads\/2018\/11\/Logo-Vetinox-2.png\",\"contentUrl\":\"https:\/\/www.vetinox.fr\/wp-content\/uploads\/2018\/11\/Logo-Vetinox-2.png\",\"width\":414,\"height\":126,\"caption\":\"Vetinox\"},\"image\":{\"@id\":\"https:\/\/www.vetinox.fr\/#\/schema\/logo\/image\/\"}}]}<\/script>\n<!-- \/ Yoast SEO plugin. -->","yoast_head_json":{"title":"Colch\u00f3n con funda Clinicare para Jaula de Poli\u00e9ster - Vetinox","description":"Colch\u00f3n y funda de poli\u00e9ster Clinicare para jaulas veterinarias, que proporcionan comodidad y bienestar a los animales.","robots":{"index":"index","follow":"follow","max-snippet":"max-snippet:-1","max-image-preview":"max-image-preview:large","max-video-preview":"max-video-preview:-1"},"canonical":"https:\/\/www.vetinox.fr\/es\/produit\/colchon-con-funda-clinicare-para-jaula-de-poliester\/","og_locale":"es_ES","og_type":"article","og_title":"Colch\u00f3n con funda Clinicare para Jaula de Poli\u00e9ster - Vetinox","og_description":"Colch\u00f3n y funda de poli\u00e9ster Clinicare para jaulas veterinarias, que proporcionan comodidad y bienestar a los animales.","og_url":"https:\/\/www.vetinox.fr\/es\/produit\/colchon-con-funda-clinicare-para-jaula-de-poliester\/","og_site_name":"Vetinox","article_modified_time":"2024-12-31T09:30:12+00:00","og_image":[{"width":1004,"height":569,"url":"https:\/\/www.vetinox.fr\/wp-content\/uploads\/2020\/06\/Vetinox_EQ500004_MatelasAvecHousseClinicarePourCageInox-1.png","type":"image\/png"}],"twitter_card":"summary_large_image","schema":{"@context":"https:\/\/schema.org","@graph":[{"@type":"WebPage","@id":"https:\/\/www.vetinox.fr\/es\/produit\/colchon-con-funda-clinicare-para-jaula-de-poliester\/","url":"https:\/\/www.vetinox.fr\/es\/produit\/colchon-con-funda-clinicare-para-jaula-de-poliester\/","name":"Colch\u00f3n con funda Clinicare para Jaula de Poli\u00e9ster - Vetinox","isPartOf":{"@id":"https:\/\/www.vetinox.fr\/#website"},"primaryImageOfPage":{"@id":"https:\/\/www.vetinox.fr\/es\/produit\/colchon-con-funda-clinicare-para-jaula-de-poliester\/#primaryimage"},"image":{"@id":"https:\/\/www.vetinox.fr\/es\/produit\/colchon-con-funda-clinicare-para-jaula-de-poliester\/#primaryimage"},"thumbnailUrl":"https:\/\/www.vetinox.fr\/wp-content\/uploads\/2020\/06\/Vetinox_EQ500004_MatelasAvecHousseClinicarePourCageInox-1.png","datePublished":"2019-03-07T16:52:15+00:00","dateModified":"2024-12-31T09:30:12+00:00","description":"Colch\u00f3n y funda de poli\u00e9ster Clinicare para jaulas veterinarias, que proporcionan comodidad y bienestar a los animales.","breadcrumb":{"@id":"https:\/\/www.vetinox.fr\/es\/produit\/colchon-con-funda-clinicare-para-jaula-de-poliester\/#breadcrumb"},"inLanguage":"es","potentialAction":[{"@type":"ReadAction","target":["https:\/\/www.vetinox.fr\/es\/produit\/colchon-con-funda-clinicare-para-jaula-de-poliester\/"]}]},{"@type":"ImageObject","inLanguage":"es","@id":"https:\/\/www.vetinox.fr\/es\/produit\/colchon-con-funda-clinicare-para-jaula-de-poliester\/#primaryimage","url":"https:\/\/www.vetinox.fr\/wp-content\/uploads\/2020\/06\/Vetinox_EQ500004_MatelasAvecHousseClinicarePourCageInox-1.png","contentUrl":"https:\/\/www.vetinox.fr\/wp-content\/uploads\/2020\/06\/Vetinox_EQ500004_MatelasAvecHousseClinicarePourCageInox-1.png","width":1004,"height":569,"caption":"Vetinox_EQ500004 Matelas Avec Housse Clinicare Pour Cage Inox"},{"@type":"BreadcrumbList","@id":"https:\/\/www.vetinox.fr\/es\/produit\/colchon-con-funda-clinicare-para-jaula-de-poliester\/#breadcrumb","itemListElement":[{"@type":"ListItem","position":1,"name":"Accueil","item":"https:\/\/www.vetinox.fr\/de\/"},{"@type":"ListItem","position":2,"name":"Productos","item":"https:\/\/www.vetinox.fr\/es\/archivo-de-productos\/"},{"@type":"ListItem","position":3,"name":"Jaulas veterinarias","item":"https:\/\/www.vetinox.fr\/es\/categor\u00eda-de-productos\/jaulas-veterinarias\/"},{"@type":"ListItem","position":4,"name":"Accesorios para jaulas","item":"https:\/\/www.vetinox.fr\/es\/categor\u00eda-de-productos\/jaulas-veterinarias\/accesorios-para-jaulas\/"},{"@type":"ListItem","position":5,"name":"Colch\u00f3n con funda Clinicare para Jaula de Poli\u00e9ster"}]},{"@type":"WebSite","@id":"https:\/\/www.vetinox.fr\/#website","url":"https:\/\/www.vetinox.fr\/","name":"Vetinox","description":"Equipement Veterinaire","publisher":{"@id":"https:\/\/www.vetinox.fr\/#organization"},"potentialAction":[{"@type":"SearchAction","target":{"@type":"EntryPoint","urlTemplate":"https:\/\/www.vetinox.fr\/?s={search_term_string}"},"query-input":{"@type":"PropertyValueSpecification","valueRequired":true,"valueName":"search_term_string"}}],"inLanguage":"es"},{"@type":"Organization","@id":"https:\/\/www.vetinox.fr\/#organization","name":"Vetinox","url":"https:\/\/www.vetinox.fr\/","logo":{"@type":"ImageObject","inLanguage":"es","@id":"https:\/\/www.vetinox.fr\/#\/schema\/logo\/image\/","url":"https:\/\/www.vetinox.fr\/wp-content\/uploads\/2018\/11\/Logo-Vetinox-2.png","contentUrl":"https:\/\/www.vetinox.fr\/wp-content\/uploads\/2018\/11\/Logo-Vetinox-2.png","width":414,"height":126,"caption":"Vetinox"},"image":{"@id":"https:\/\/www.vetinox.fr\/#\/schema\/logo\/image\/"}}]}},"_links":{"self":[{"href":"https:\/\/www.vetinox.fr\/es\/wp-json\/wp\/v2\/product\/16804","targetHints":{"allow":["GET"]}}],"collection":[{"href":"https:\/\/www.vetinox.fr\/es\/wp-json\/wp\/v2\/product"}],"about":[{"href":"https:\/\/www.vetinox.fr\/es\/wp-json\/wp\/v2\/types\/product"}],"version-history":[{"count":0,"href":"https:\/\/www.vetinox.fr\/es\/wp-json\/wp\/v2\/product\/16804\/revisions"}],"wp:featuredmedia":[{"embeddable":true,"href":"https:\/\/www.vetinox.fr\/es\/wp-json\/wp\/v2\/media\/23204"}],"wp:attachment":[{"href":"https:\/\/www.vetinox.fr\/es\/wp-json\/wp\/v2\/media?parent=16804"}],"wp:term":[{"taxonomy":"product_brand","embeddable":true,"href":"https:\/\/www.vetinox.fr\/es\/wp-json\/wp\/v2\/product_brand?post=16804"},{"taxonomy":"product_cat","embeddable":true,"href":"https:\/\/www.vetinox.fr\/es\/wp-json\/wp\/v2\/product_cat?post=16804"},{"taxonomy":"product_tag","embeddable":true,"href":"https:\/\/www.vetinox.fr\/es\/wp-json\/wp\/v2\/product_tag?post=16804"}],"curies":[{"name":"wp","href":"https:\/\/api.w.org\/{rel}","templated":true}]}}