{"id":16885,"date":"2020-06-04T15:08:17","date_gmt":"2020-06-04T13:08:17","guid":{"rendered":"https:\/\/www.vetinox.fr\/produit\/conjunto-de-cilindros-linak-con-transformador-e-interruptor-de-pie\/"},"modified":"2020-06-04T15:08:17","modified_gmt":"2020-06-04T13:08:17","slug":"conjunto-de-cilindros-linak-con-transformador-e-interruptor-de-pie","status":"publish","type":"product","link":"https:\/\/www.vetinox.fr\/es\/produit\/conjunto-de-cilindros-linak-con-transformador-e-interruptor-de-pie\/","title":{"rendered":"Conjunto de cilindros Linak con transformador e interruptor de pie"},"content":{"rendered":"<p>Cilindro el\u00e9ctrico Linak para mesa de consulta y cirug\u00eda veterinaria el\u00e9ctrica. Conjunto de cilindro con placa de pedal, pedal de pie y transformador para su reequipamiento.<\/p>\n<p>Los cilindros Linak son dispositivos el\u00e9ctricos de alta tecnolog\u00eda capaces de convertir la rotaci\u00f3n de un motor de corriente continua de bajo voltaje en un movimiento lineal, tanto en compresi\u00f3n como en tracci\u00f3n. Son la soluci\u00f3n perfecta para un movimiento sencillo, seguro y limpio con un control de movimiento preciso y suave.<\/p>\n","protected":false},"excerpt":{"rendered":"<p>Cilindro el\u00e9ctrico Linak completo con placa de pedal, pedal y transformador.<\/p>\n","protected":false},"featured_media":24279,"template":"","meta":{"ocean_post_layout":"","ocean_both_sidebars_style":"","ocean_both_sidebars_content_width":0,"ocean_both_sidebars_sidebars_width":0,"ocean_sidebar":"0","ocean_second_sidebar":"0","ocean_disable_margins":"on","ocean_add_body_class":"","ocean_shortcode_before_top_bar":"","ocean_shortcode_after_top_bar":"","ocean_shortcode_before_header":"","ocean_shortcode_after_header":"","ocean_has_shortcode":"","ocean_shortcode_after_title":"","ocean_shortcode_before_footer_widgets":"","ocean_shortcode_after_footer_widgets":"","ocean_shortcode_before_footer_bottom":"","ocean_shortcode_after_footer_bottom":"","ocean_display_top_bar":"default","ocean_display_header":"default","ocean_header_style":"","ocean_center_header_left_menu":"0","ocean_custom_header_template":"0","ocean_custom_logo":0,"ocean_custom_retina_logo":0,"ocean_custom_logo_max_width":0,"ocean_custom_logo_tablet_max_width":0,"ocean_custom_logo_mobile_max_width":0,"ocean_custom_logo_max_height":0,"ocean_custom_logo_tablet_max_height":0,"ocean_custom_logo_mobile_max_height":0,"ocean_header_custom_menu":"0","ocean_menu_typo_font_family":"0","ocean_menu_typo_font_subset":"","ocean_menu_typo_font_size":0,"ocean_menu_typo_font_size_tablet":0,"ocean_menu_typo_font_size_mobile":0,"ocean_menu_typo_font_size_unit":"px","ocean_menu_typo_font_weight":"","ocean_menu_typo_font_weight_tablet":"","ocean_menu_typo_font_weight_mobile":"","ocean_menu_typo_transform":"","ocean_menu_typo_transform_tablet":"","ocean_menu_typo_transform_mobile":"","ocean_menu_typo_line_height":0,"ocean_menu_typo_line_height_tablet":0,"ocean_menu_typo_line_height_mobile":0,"ocean_menu_typo_line_height_unit":"","ocean_menu_typo_spacing":0,"ocean_menu_typo_spacing_tablet":0,"ocean_menu_typo_spacing_mobile":0,"ocean_menu_typo_spacing_unit":"","ocean_menu_link_color":"","ocean_menu_link_color_hover":"","ocean_menu_link_color_active":"","ocean_menu_link_background":"","ocean_menu_link_hover_background":"","ocean_menu_link_active_background":"","ocean_menu_social_links_bg":"","ocean_menu_social_hover_links_bg":"","ocean_menu_social_links_color":"","ocean_menu_social_hover_links_color":"","ocean_disable_title":"default","ocean_disable_heading":"default","ocean_post_title":"","ocean_post_subheading":"","ocean_post_title_style":"default","ocean_post_title_background_color":"","ocean_post_title_background":0,"ocean_post_title_bg_image_position":"","ocean_post_title_bg_image_attachment":"","ocean_post_title_bg_image_repeat":"","ocean_post_title_bg_image_size":"","ocean_post_title_height":0,"ocean_post_title_bg_overlay":0.5,"ocean_post_title_bg_overlay_color":"","ocean_disable_breadcrumbs":"on","ocean_breadcrumbs_color":"","ocean_breadcrumbs_separator_color":"","ocean_breadcrumbs_links_color":"","ocean_breadcrumbs_links_hover_color":"","ocean_display_footer_widgets":"default","ocean_display_footer_bottom":"default","ocean_custom_footer_template":"0"},"product_brand":[],"product_cat":[231],"product_tag":[],"class_list":{"0":"post-16885","1":"product","2":"type-product","3":"status-publish","4":"has-post-thumbnail","6":"product_cat-mesas-veterinarias","8":"entry","9":"has-media","11":"first","12":"instock","13":"shipping-taxable","14":"product-type-simple","15":"has-product-nav","16":"col","17":"span_1_of_4","18":"owp-content-center","19":"owp-thumbs-layout-vertical","20":"owp-btn-normal","21":"owp-tabs-layout-horizontal","22":"has-no-thumbnails"},"yoast_head":"<!-- This site is optimized with the Yoast SEO plugin v27.0 - https:\/\/yoast.com\/product\/yoast-seo-wordpress\/ -->\n<title>Conjunto de cilindros Linak con transformador e interruptor de pie - Vetinox<\/title>\n<meta name=\"description\" content=\"Descubra nuestros conjuntos de cilindros de inclinaci\u00f3n Linak con transformador, aptos para mesas el\u00e9ctricas de veterinaria.\" \/>\n<meta name=\"robots\" content=\"index, follow, max-snippet:-1, max-image-preview:large, max-video-preview:-1\" \/>\n<link rel=\"canonical\" href=\"https:\/\/www.vetinox.fr\/es\/produit\/conjunto-de-cilindros-linak-con-transformador-e-interruptor-de-pie\/\" \/>\n<meta property=\"og:locale\" content=\"es_ES\" \/>\n<meta property=\"og:type\" content=\"article\" \/>\n<meta property=\"og:title\" content=\"Conjunto de cilindros Linak con transformador e interruptor de pie - Vetinox\" \/>\n<meta property=\"og:description\" content=\"Descubra nuestros conjuntos de cilindros de inclinaci\u00f3n Linak con transformador, aptos para mesas el\u00e9ctricas de veterinaria.\" \/>\n<meta property=\"og:url\" content=\"https:\/\/www.vetinox.fr\/es\/produit\/conjunto-de-cilindros-linak-con-transformador-e-interruptor-de-pie\/\" \/>\n<meta property=\"og:site_name\" content=\"Vetinox\" \/>\n<meta property=\"og:image\" content=\"https:\/\/www.vetinox.fr\/wp-content\/uploads\/2020\/06\/Ensemble-Verin-Linak-transformateur-pedale.png\" \/>\n\t<meta property=\"og:image:width\" content=\"600\" \/>\n\t<meta property=\"og:image:height\" content=\"600\" \/>\n\t<meta property=\"og:image:type\" content=\"image\/png\" \/>\n<meta name=\"twitter:card\" content=\"summary_large_image\" \/>\n<script type=\"application\/ld+json\" class=\"yoast-schema-graph\">{\"@context\":\"https:\/\/schema.org\",\"@graph\":[{\"@type\":\"WebPage\",\"@id\":\"https:\/\/www.vetinox.fr\/es\/produit\/conjunto-de-cilindros-linak-con-transformador-e-interruptor-de-pie\/\",\"url\":\"https:\/\/www.vetinox.fr\/es\/produit\/conjunto-de-cilindros-linak-con-transformador-e-interruptor-de-pie\/\",\"name\":\"Conjunto de cilindros Linak con transformador e interruptor de pie - Vetinox\",\"isPartOf\":{\"@id\":\"https:\/\/www.vetinox.fr\/#website\"},\"primaryImageOfPage\":{\"@id\":\"https:\/\/www.vetinox.fr\/es\/produit\/conjunto-de-cilindros-linak-con-transformador-e-interruptor-de-pie\/#primaryimage\"},\"image\":{\"@id\":\"https:\/\/www.vetinox.fr\/es\/produit\/conjunto-de-cilindros-linak-con-transformador-e-interruptor-de-pie\/#primaryimage\"},\"thumbnailUrl\":\"https:\/\/www.vetinox.fr\/wp-content\/uploads\/2020\/06\/Vetinox_AC007003EnsembleVerinLinaTransformateurPedalePourAdaptationAncienModele.jpg\",\"datePublished\":\"2020-06-04T13:08:17+00:00\",\"description\":\"Descubra nuestros conjuntos de cilindros de inclinaci\u00f3n Linak con transformador, aptos para mesas el\u00e9ctricas de veterinaria.\",\"breadcrumb\":{\"@id\":\"https:\/\/www.vetinox.fr\/es\/produit\/conjunto-de-cilindros-linak-con-transformador-e-interruptor-de-pie\/#breadcrumb\"},\"inLanguage\":\"es\",\"potentialAction\":[{\"@type\":\"ReadAction\",\"target\":[\"https:\/\/www.vetinox.fr\/es\/produit\/conjunto-de-cilindros-linak-con-transformador-e-interruptor-de-pie\/\"]}]},{\"@type\":\"ImageObject\",\"inLanguage\":\"es\",\"@id\":\"https:\/\/www.vetinox.fr\/es\/produit\/conjunto-de-cilindros-linak-con-transformador-e-interruptor-de-pie\/#primaryimage\",\"url\":\"https:\/\/www.vetinox.fr\/wp-content\/uploads\/2020\/06\/Vetinox_AC007003EnsembleVerinLinaTransformateurPedalePourAdaptationAncienModele.jpg\",\"contentUrl\":\"https:\/\/www.vetinox.fr\/wp-content\/uploads\/2020\/06\/Vetinox_AC007003EnsembleVerinLinaTransformateurPedalePourAdaptationAncienModele.jpg\",\"width\":1004,\"height\":569,\"caption\":\"Ensemble V\u00e9rin Linak avec transformateur et p\u00e9dale\"},{\"@type\":\"BreadcrumbList\",\"@id\":\"https:\/\/www.vetinox.fr\/es\/produit\/conjunto-de-cilindros-linak-con-transformador-e-interruptor-de-pie\/#breadcrumb\",\"itemListElement\":[{\"@type\":\"ListItem\",\"position\":1,\"name\":\"Accueil\",\"item\":\"https:\/\/www.vetinox.fr\/de\/\"},{\"@type\":\"ListItem\",\"position\":2,\"name\":\"Productos\",\"item\":\"https:\/\/www.vetinox.fr\/es\/archivo-de-productos\/\"},{\"@type\":\"ListItem\",\"position\":3,\"name\":\"Productos de equipamiento veterinario\",\"item\":\"https:\/\/www.vetinox.fr\/es\/categor\u00eda-de-productos\/productos-de-equipamiento-veterinario\/\"},{\"@type\":\"ListItem\",\"position\":4,\"name\":\"Equipo el\u00e9ctrico veterinario\",\"item\":\"https:\/\/www.vetinox.fr\/es\/categor\u00eda-de-productos\/productos-de-equipamiento-veterinario\/equipo-electrico-veterinario\/\"},{\"@type\":\"ListItem\",\"position\":5,\"name\":\"Conjunto de cilindros Linak con transformador e interruptor de pie\"}]},{\"@type\":\"WebSite\",\"@id\":\"https:\/\/www.vetinox.fr\/#website\",\"url\":\"https:\/\/www.vetinox.fr\/\",\"name\":\"Vetinox\",\"description\":\"Equipement Veterinaire\",\"publisher\":{\"@id\":\"https:\/\/www.vetinox.fr\/#organization\"},\"potentialAction\":[{\"@type\":\"SearchAction\",\"target\":{\"@type\":\"EntryPoint\",\"urlTemplate\":\"https:\/\/www.vetinox.fr\/?s={search_term_string}\"},\"query-input\":{\"@type\":\"PropertyValueSpecification\",\"valueRequired\":true,\"valueName\":\"search_term_string\"}}],\"inLanguage\":\"es\"},{\"@type\":\"Organization\",\"@id\":\"https:\/\/www.vetinox.fr\/#organization\",\"name\":\"Vetinox\",\"url\":\"https:\/\/www.vetinox.fr\/\",\"logo\":{\"@type\":\"ImageObject\",\"inLanguage\":\"es\",\"@id\":\"https:\/\/www.vetinox.fr\/#\/schema\/logo\/image\/\",\"url\":\"https:\/\/www.vetinox.fr\/wp-content\/uploads\/2018\/11\/Logo-Vetinox-2.png\",\"contentUrl\":\"https:\/\/www.vetinox.fr\/wp-content\/uploads\/2018\/11\/Logo-Vetinox-2.png\",\"width\":414,\"height\":126,\"caption\":\"Vetinox\"},\"image\":{\"@id\":\"https:\/\/www.vetinox.fr\/#\/schema\/logo\/image\/\"}}]}<\/script>\n<!-- \/ Yoast SEO plugin. -->","yoast_head_json":{"title":"Conjunto de cilindros Linak con transformador e interruptor de pie - Vetinox","description":"Descubra nuestros conjuntos de cilindros de inclinaci\u00f3n Linak con transformador, aptos para mesas el\u00e9ctricas de veterinaria.","robots":{"index":"index","follow":"follow","max-snippet":"max-snippet:-1","max-image-preview":"max-image-preview:large","max-video-preview":"max-video-preview:-1"},"canonical":"https:\/\/www.vetinox.fr\/es\/produit\/conjunto-de-cilindros-linak-con-transformador-e-interruptor-de-pie\/","og_locale":"es_ES","og_type":"article","og_title":"Conjunto de cilindros Linak con transformador e interruptor de pie - Vetinox","og_description":"Descubra nuestros conjuntos de cilindros de inclinaci\u00f3n Linak con transformador, aptos para mesas el\u00e9ctricas de veterinaria.","og_url":"https:\/\/www.vetinox.fr\/es\/produit\/conjunto-de-cilindros-linak-con-transformador-e-interruptor-de-pie\/","og_site_name":"Vetinox","og_image":[{"width":600,"height":600,"url":"https:\/\/www.vetinox.fr\/wp-content\/uploads\/2020\/06\/Ensemble-Verin-Linak-transformateur-pedale.png","type":"image\/png"}],"twitter_card":"summary_large_image","schema":{"@context":"https:\/\/schema.org","@graph":[{"@type":"WebPage","@id":"https:\/\/www.vetinox.fr\/es\/produit\/conjunto-de-cilindros-linak-con-transformador-e-interruptor-de-pie\/","url":"https:\/\/www.vetinox.fr\/es\/produit\/conjunto-de-cilindros-linak-con-transformador-e-interruptor-de-pie\/","name":"Conjunto de cilindros Linak con transformador e interruptor de pie - Vetinox","isPartOf":{"@id":"https:\/\/www.vetinox.fr\/#website"},"primaryImageOfPage":{"@id":"https:\/\/www.vetinox.fr\/es\/produit\/conjunto-de-cilindros-linak-con-transformador-e-interruptor-de-pie\/#primaryimage"},"image":{"@id":"https:\/\/www.vetinox.fr\/es\/produit\/conjunto-de-cilindros-linak-con-transformador-e-interruptor-de-pie\/#primaryimage"},"thumbnailUrl":"https:\/\/www.vetinox.fr\/wp-content\/uploads\/2020\/06\/Vetinox_AC007003EnsembleVerinLinaTransformateurPedalePourAdaptationAncienModele.jpg","datePublished":"2020-06-04T13:08:17+00:00","description":"Descubra nuestros conjuntos de cilindros de inclinaci\u00f3n Linak con transformador, aptos para mesas el\u00e9ctricas de veterinaria.","breadcrumb":{"@id":"https:\/\/www.vetinox.fr\/es\/produit\/conjunto-de-cilindros-linak-con-transformador-e-interruptor-de-pie\/#breadcrumb"},"inLanguage":"es","potentialAction":[{"@type":"ReadAction","target":["https:\/\/www.vetinox.fr\/es\/produit\/conjunto-de-cilindros-linak-con-transformador-e-interruptor-de-pie\/"]}]},{"@type":"ImageObject","inLanguage":"es","@id":"https:\/\/www.vetinox.fr\/es\/produit\/conjunto-de-cilindros-linak-con-transformador-e-interruptor-de-pie\/#primaryimage","url":"https:\/\/www.vetinox.fr\/wp-content\/uploads\/2020\/06\/Vetinox_AC007003EnsembleVerinLinaTransformateurPedalePourAdaptationAncienModele.jpg","contentUrl":"https:\/\/www.vetinox.fr\/wp-content\/uploads\/2020\/06\/Vetinox_AC007003EnsembleVerinLinaTransformateurPedalePourAdaptationAncienModele.jpg","width":1004,"height":569,"caption":"Ensemble V\u00e9rin Linak avec transformateur et p\u00e9dale"},{"@type":"BreadcrumbList","@id":"https:\/\/www.vetinox.fr\/es\/produit\/conjunto-de-cilindros-linak-con-transformador-e-interruptor-de-pie\/#breadcrumb","itemListElement":[{"@type":"ListItem","position":1,"name":"Accueil","item":"https:\/\/www.vetinox.fr\/de\/"},{"@type":"ListItem","position":2,"name":"Productos","item":"https:\/\/www.vetinox.fr\/es\/archivo-de-productos\/"},{"@type":"ListItem","position":3,"name":"Productos de equipamiento veterinario","item":"https:\/\/www.vetinox.fr\/es\/categor\u00eda-de-productos\/productos-de-equipamiento-veterinario\/"},{"@type":"ListItem","position":4,"name":"Equipo el\u00e9ctrico veterinario","item":"https:\/\/www.vetinox.fr\/es\/categor\u00eda-de-productos\/productos-de-equipamiento-veterinario\/equipo-electrico-veterinario\/"},{"@type":"ListItem","position":5,"name":"Conjunto de cilindros Linak con transformador e interruptor de pie"}]},{"@type":"WebSite","@id":"https:\/\/www.vetinox.fr\/#website","url":"https:\/\/www.vetinox.fr\/","name":"Vetinox","description":"Equipement Veterinaire","publisher":{"@id":"https:\/\/www.vetinox.fr\/#organization"},"potentialAction":[{"@type":"SearchAction","target":{"@type":"EntryPoint","urlTemplate":"https:\/\/www.vetinox.fr\/?s={search_term_string}"},"query-input":{"@type":"PropertyValueSpecification","valueRequired":true,"valueName":"search_term_string"}}],"inLanguage":"es"},{"@type":"Organization","@id":"https:\/\/www.vetinox.fr\/#organization","name":"Vetinox","url":"https:\/\/www.vetinox.fr\/","logo":{"@type":"ImageObject","inLanguage":"es","@id":"https:\/\/www.vetinox.fr\/#\/schema\/logo\/image\/","url":"https:\/\/www.vetinox.fr\/wp-content\/uploads\/2018\/11\/Logo-Vetinox-2.png","contentUrl":"https:\/\/www.vetinox.fr\/wp-content\/uploads\/2018\/11\/Logo-Vetinox-2.png","width":414,"height":126,"caption":"Vetinox"},"image":{"@id":"https:\/\/www.vetinox.fr\/#\/schema\/logo\/image\/"}}]}},"_links":{"self":[{"href":"https:\/\/www.vetinox.fr\/es\/wp-json\/wp\/v2\/product\/16885","targetHints":{"allow":["GET"]}}],"collection":[{"href":"https:\/\/www.vetinox.fr\/es\/wp-json\/wp\/v2\/product"}],"about":[{"href":"https:\/\/www.vetinox.fr\/es\/wp-json\/wp\/v2\/types\/product"}],"version-history":[{"count":0,"href":"https:\/\/www.vetinox.fr\/es\/wp-json\/wp\/v2\/product\/16885\/revisions"}],"wp:featuredmedia":[{"embeddable":true,"href":"https:\/\/www.vetinox.fr\/es\/wp-json\/wp\/v2\/media\/24279"}],"wp:attachment":[{"href":"https:\/\/www.vetinox.fr\/es\/wp-json\/wp\/v2\/media?parent=16885"}],"wp:term":[{"taxonomy":"product_brand","embeddable":true,"href":"https:\/\/www.vetinox.fr\/es\/wp-json\/wp\/v2\/product_brand?post=16885"},{"taxonomy":"product_cat","embeddable":true,"href":"https:\/\/www.vetinox.fr\/es\/wp-json\/wp\/v2\/product_cat?post=16885"},{"taxonomy":"product_tag","embeddable":true,"href":"https:\/\/www.vetinox.fr\/es\/wp-json\/wp\/v2\/product_tag?post=16885"}],"curies":[{"name":"wp","href":"https:\/\/api.w.org\/{rel}","templated":true}]}}