{"id":22490,"date":"2023-11-13T13:48:43","date_gmt":"2023-11-13T12:48:43","guid":{"rendered":"https:\/\/www.vetinox.fr\/?post_type=product&#038;p=22490"},"modified":"2025-01-28T13:51:40","modified_gmt":"2025-01-28T12:51:40","slug":"ensemble-3-cages-inox-1c1b-porte-grille-inox-1b-porte-en-verre-separation-1-chassis-a-roulettes","status":"publish","type":"product","link":"https:\/\/www.vetinox.fr\/es\/produit\/ensemble-3-cages-inox-1c1b-porte-grille-inox-1b-porte-en-verre-separation-1-chassis-a-roulettes\/","title":{"rendered":"Ensemble de 3 cages inox avec porte grille, 1 porte en verre, sur ch\u00e2ssis \u00e0 roulettes"},"content":{"rendered":"<p>Caract\u00e9ristiques de l&#8217;ensemble de 3 cages v\u00e9t\u00e9rinaires en acier inoxydable :<\/p>\n<ul>\n<li>Une cage de format C + Deux cages de format B<\/li>\n<li>Porte en verre format B \u2013 Largeur : 702 mm \/ Profondeur : 690 mm \/ Hauteur : 743 mm<\/li>\n<li>Porte en acier inoxydable avec barreaux de diam\u00e8tre 5 et 10 mm, espac\u00e9s chacun de 25 mm<\/li>\n<li>Fond de cage inclin\u00e9 vers l&#8217;avant pour faciliter l&#8217;\u00e9coulement et le nettoyage<\/li>\n<li>Ouverture de porte r\u00e9versible : droite ou gauche<\/li>\n<li>Ouverture et fermeture automatique de la porte<\/li>\n<li>Ch\u00e2ssis structure inox 4 roues dont 2 \u00e0 freins<\/li>\n<li>Tiroirs de r\u00e9cup\u00e9ration de fluides amovible : Hauteur de 40 mm et profondeur de 250 mm<\/li>\n<\/ul>\n<p style=\"text-align: left;\">\u00a0\u00a0\u00a0\u00a0\u00a0\u00a0\u00a0\u00a0\u00a0\u00a0\u00a0\u00a0\u00a0\u00a0\u00a0\u00a0\u00a0\u00a0\u00a0\u00a0\u00a0\u00a0\u00a0\u00a0\u00a0\u00a0\u00a0\u00a0\u00a0\u00a0\u00a0\u00a0\u00a0\u00a0\u00a0\u00a0\u00a0\u00a0\u00a0\u00a0\u00a0\u00a0\u00a0\u00a0\u00a0\u00a0\u00a0\u00a0\u00a0\u00a0\u00a0\u00a0\u00a0\u00a0\u00a0\u00a0\u00a0\u00a0\u00a0\u00a0\u00a0\u00a0\u00a0\u00a0\u00a0\u00a0\u00a0\u00a0\u00a0\u00a0\u00a0\u00a0\u00a0\u00a0\u00a0\u00a0\u00a0\u00a0\u00a0\u00a0 &#8212;&#8212;-<\/p>\n<p>Pour l&#8217;achat d&#8217;un module cages r\u00e9f\u00e9renc\u00e9, les pi\u00e8ces d&#8217;assemblage sont fournies.<\/p>\n<p><a href=\"https:\/\/www.vetinox.fr\/wp-content\/uploads\/2023\/11\/ModuleCages_piecesAssemblage-3-1.jpg\"><img fetchpriority=\"high\" decoding=\"async\" class=\" wp-image-25311\" src=\"https:\/\/www.vetinox.fr\/wp-content\/uploads\/2023\/11\/ModuleCages_piecesAssemblage-3-1.jpg\" alt=\"Pi\u00e8ces d'assemblage pour modules de cages\" width=\"690\" height=\"391\" srcset=\"https:\/\/www.vetinox.fr\/wp-content\/uploads\/2023\/11\/ModuleCages_piecesAssemblage-3-1.jpg 1004w, https:\/\/www.vetinox.fr\/wp-content\/uploads\/2023\/11\/ModuleCages_piecesAssemblage-3-1-300x170.jpg 300w, https:\/\/www.vetinox.fr\/wp-content\/uploads\/2023\/11\/ModuleCages_piecesAssemblage-3-1-768x435.jpg 768w, https:\/\/www.vetinox.fr\/wp-content\/uploads\/2023\/11\/ModuleCages_piecesAssemblage-3-1-600x340.jpg 600w\" sizes=\"(max-width: 690px) 100vw, 690px\" \/><\/a><\/p>\n<div id=\"sconnect-is-installed\" style=\"display: none;\">2.15.0.0<\/div>\n","protected":false},"excerpt":{"rendered":"<p>Ensemble 3 cages inox 1C+1B porte grille inox +1B porte en verre + s\u00e9paration + 1 ch\u00e2ssis \u00e0 roulettes<\/p>\n<p>Ensemble de 3 cages v\u00e9t\u00e9rinaires en acier inoxydable qui comprend :<\/p>\n<p>&#8211; Une cage de format C &#8211; Largeur : 1405 mm \/ Profondeur : 690 mm \/ Hauteur : 830 mm<br \/>\n&#8211; Deux cages de format B &#8211; Largeur : 702 mm \/ Profondeur : 690 mm \/ Hauteur : 740 mm<br \/>\n&#8211; Une s\u00e9paration en acier inoxydable<br \/>\n&#8211; Un ch\u00e2ssis 4 roues<\/p>\n<p>Il est possible de personnaliser l&#8217;ensemble de cages avec des tiroirs de r\u00e9cup\u00e9ration et des caillebotis.<\/p>\n<div id=\"sconnect-is-installed\" style=\"display: none;\">2.15.0.0<\/div>\n","protected":false},"featured_media":24869,"template":"","meta":{"ocean_post_layout":"full-screen","ocean_both_sidebars_style":"","ocean_both_sidebars_content_width":0,"ocean_both_sidebars_sidebars_width":0,"ocean_sidebar":"0","ocean_second_sidebar":"0","ocean_disable_margins":"on","ocean_add_body_class":"","ocean_shortcode_before_top_bar":"","ocean_shortcode_after_top_bar":"","ocean_shortcode_before_header":"","ocean_shortcode_after_header":"","ocean_has_shortcode":"","ocean_shortcode_after_title":"","ocean_shortcode_before_footer_widgets":"","ocean_shortcode_after_footer_widgets":"","ocean_shortcode_before_footer_bottom":"","ocean_shortcode_after_footer_bottom":"","ocean_display_top_bar":"default","ocean_display_header":"default","ocean_header_style":"","ocean_center_header_left_menu":"0","ocean_custom_header_template":"0","ocean_custom_logo":0,"ocean_custom_retina_logo":0,"ocean_custom_logo_max_width":0,"ocean_custom_logo_tablet_max_width":0,"ocean_custom_logo_mobile_max_width":0,"ocean_custom_logo_max_height":0,"ocean_custom_logo_tablet_max_height":0,"ocean_custom_logo_mobile_max_height":0,"ocean_header_custom_menu":"0","ocean_menu_typo_font_family":"0","ocean_menu_typo_font_subset":"","ocean_menu_typo_font_size":0,"ocean_menu_typo_font_size_tablet":0,"ocean_menu_typo_font_size_mobile":0,"ocean_menu_typo_font_size_unit":"px","ocean_menu_typo_font_weight":"","ocean_menu_typo_font_weight_tablet":"","ocean_menu_typo_font_weight_mobile":"","ocean_menu_typo_transform":"","ocean_menu_typo_transform_tablet":"","ocean_menu_typo_transform_mobile":"","ocean_menu_typo_line_height":0,"ocean_menu_typo_line_height_tablet":0,"ocean_menu_typo_line_height_mobile":0,"ocean_menu_typo_line_height_unit":"","ocean_menu_typo_spacing":0,"ocean_menu_typo_spacing_tablet":0,"ocean_menu_typo_spacing_mobile":0,"ocean_menu_typo_spacing_unit":"","ocean_menu_link_color":"","ocean_menu_link_color_hover":"","ocean_menu_link_color_active":"","ocean_menu_link_background":"","ocean_menu_link_hover_background":"","ocean_menu_link_active_background":"","ocean_menu_social_links_bg":"","ocean_menu_social_hover_links_bg":"","ocean_menu_social_links_color":"","ocean_menu_social_hover_links_color":"","ocean_disable_title":"default","ocean_disable_heading":"default","ocean_post_title":"","ocean_post_subheading":"","ocean_post_title_style":"default","ocean_post_title_background_color":"","ocean_post_title_background":0,"ocean_post_title_bg_image_position":"","ocean_post_title_bg_image_attachment":"","ocean_post_title_bg_image_repeat":"","ocean_post_title_bg_image_size":"","ocean_post_title_height":0,"ocean_post_title_bg_overlay":0.5,"ocean_post_title_bg_overlay_color":"","ocean_disable_breadcrumbs":"on","ocean_breadcrumbs_color":"","ocean_breadcrumbs_separator_color":"","ocean_breadcrumbs_links_color":"","ocean_breadcrumbs_links_hover_color":"","ocean_display_footer_widgets":"default","ocean_display_footer_bottom":"default","ocean_custom_footer_template":"0"},"product_brand":[],"product_cat":[32,71],"product_tag":[346],"class_list":{"0":"post-22490","1":"product","2":"type-product","3":"status-publish","4":"has-post-thumbnail","6":"product_cat-cages-veterinaires","7":"product_cat-ensemble-de-cages-veterinaires","8":"product_tag-ensemble-de-cages-inox","9":"pa_type-de-porte-porte-grille","11":"entry","12":"has-media","14":"first","15":"instock","16":"shipping-taxable","17":"product-type-simple","18":"has-product-nav","19":"col","20":"span_1_of_4","21":"owp-content-center","22":"owp-thumbs-layout-vertical","23":"owp-btn-normal","24":"owp-tabs-layout-horizontal"},"yoast_head":"<!-- This site is optimized with the Yoast SEO plugin v27.0 - https:\/\/yoast.com\/product\/yoast-seo-wordpress\/ -->\n<title>Ensemble de 3 cages v\u00e9t\u00e9rinaires en inox avec tiroirs (1C + 2B) - Vetinox<\/title>\n<meta name=\"description\" content=\"D\u00e9couvrez notre ensemble de 3 cages v\u00e9t\u00e9rinaires en acier inoxydable avec tiroir (1C + 2B), id\u00e9al pour d\u00e9placer des animaux sans difficult\u00e9.\" \/>\n<meta name=\"robots\" content=\"index, follow, max-snippet:-1, max-image-preview:large, max-video-preview:-1\" \/>\n<link rel=\"canonical\" href=\"https:\/\/www.vetinox.fr\/produit\/ensemble-3-cages-inox-1c1b-porte-grille-inox-1b-porte-en-verre-separation-1-chassis-a-roulettes\/\" \/>\n<meta property=\"og:locale\" content=\"es_ES\" \/>\n<meta property=\"og:type\" content=\"article\" \/>\n<meta property=\"og:title\" content=\"Ensemble de 3 cages v\u00e9t\u00e9rinaires en inox avec tiroirs (1C + 2B) - Vetinox\" \/>\n<meta property=\"og:description\" content=\"D\u00e9couvrez notre ensemble de 3 cages v\u00e9t\u00e9rinaires en acier inoxydable avec tiroir (1C + 2B), id\u00e9al pour d\u00e9placer des animaux sans difficult\u00e9.\" \/>\n<meta property=\"og:url\" content=\"https:\/\/www.vetinox.fr\/produit\/ensemble-3-cages-inox-1c1b-porte-grille-inox-1b-porte-en-verre-separation-1-chassis-a-roulettes\/\" \/>\n<meta property=\"og:site_name\" content=\"Vetinox\" \/>\n<meta property=\"article:modified_time\" content=\"2025-01-28T12:51:40+00:00\" \/>\n<meta property=\"og:image\" content=\"https:\/\/www.vetinox.fr\/wp-content\/uploads\/2023\/11\/Vetinox_CI003001_Ensemble_3CagesInox1C1BPorteGrilleInox1BPorteEnVerreSeparation1ChassisARoulettes-1.jpg\" \/>\n\t<meta property=\"og:image:width\" content=\"1004\" \/>\n\t<meta property=\"og:image:height\" content=\"569\" \/>\n\t<meta property=\"og:image:type\" content=\"image\/jpeg\" \/>\n<meta name=\"twitter:card\" content=\"summary_large_image\" \/>\n<meta name=\"twitter:label1\" content=\"Tiempo de lectura\" \/>\n\t<meta name=\"twitter:data1\" content=\"1 minuto\" \/>\n<script type=\"application\/ld+json\" class=\"yoast-schema-graph\">{\"@context\":\"https:\/\/schema.org\",\"@graph\":[{\"@type\":\"WebPage\",\"@id\":\"https:\/\/www.vetinox.fr\/produit\/ensemble-3-cages-inox-1c1b-porte-grille-inox-1b-porte-en-verre-separation-1-chassis-a-roulettes\/\",\"url\":\"https:\/\/www.vetinox.fr\/produit\/ensemble-3-cages-inox-1c1b-porte-grille-inox-1b-porte-en-verre-separation-1-chassis-a-roulettes\/\",\"name\":\"Ensemble de 3 cages v\u00e9t\u00e9rinaires en inox avec tiroirs (1C + 2B) - Vetinox\",\"isPartOf\":{\"@id\":\"https:\/\/www.vetinox.fr\/#website\"},\"primaryImageOfPage\":{\"@id\":\"https:\/\/www.vetinox.fr\/produit\/ensemble-3-cages-inox-1c1b-porte-grille-inox-1b-porte-en-verre-separation-1-chassis-a-roulettes\/#primaryimage\"},\"image\":{\"@id\":\"https:\/\/www.vetinox.fr\/produit\/ensemble-3-cages-inox-1c1b-porte-grille-inox-1b-porte-en-verre-separation-1-chassis-a-roulettes\/#primaryimage\"},\"thumbnailUrl\":\"https:\/\/www.vetinox.fr\/wp-content\/uploads\/2023\/11\/Vetinox_CI003001_Ensemble_3CagesInox1C1BPorteGrilleInox1BPorteEnVerreSeparation1ChassisARoulettes-1.jpg\",\"datePublished\":\"2023-11-13T12:48:43+00:00\",\"dateModified\":\"2025-01-28T12:51:40+00:00\",\"description\":\"D\u00e9couvrez notre ensemble de 3 cages v\u00e9t\u00e9rinaires en acier inoxydable avec tiroir (1C + 2B), id\u00e9al pour d\u00e9placer des animaux sans difficult\u00e9.\",\"breadcrumb\":{\"@id\":\"https:\/\/www.vetinox.fr\/produit\/ensemble-3-cages-inox-1c1b-porte-grille-inox-1b-porte-en-verre-separation-1-chassis-a-roulettes\/#breadcrumb\"},\"inLanguage\":\"es\",\"potentialAction\":[{\"@type\":\"ReadAction\",\"target\":[\"https:\/\/www.vetinox.fr\/produit\/ensemble-3-cages-inox-1c1b-porte-grille-inox-1b-porte-en-verre-separation-1-chassis-a-roulettes\/\"]}]},{\"@type\":\"ImageObject\",\"inLanguage\":\"es\",\"@id\":\"https:\/\/www.vetinox.fr\/produit\/ensemble-3-cages-inox-1c1b-porte-grille-inox-1b-porte-en-verre-separation-1-chassis-a-roulettes\/#primaryimage\",\"url\":\"https:\/\/www.vetinox.fr\/wp-content\/uploads\/2023\/11\/Vetinox_CI003001_Ensemble_3CagesInox1C1BPorteGrilleInox1BPorteEnVerreSeparation1ChassisARoulettes-1.jpg\",\"contentUrl\":\"https:\/\/www.vetinox.fr\/wp-content\/uploads\/2023\/11\/Vetinox_CI003001_Ensemble_3CagesInox1C1BPorteGrilleInox1BPorteEnVerreSeparation1ChassisARoulettes-1.jpg\",\"width\":1004,\"height\":569,\"caption\":\"Ensemble 3 cages inox 1C+1B porte grille inox +1B porte en verre + s\u00e9paration + 1 ch\u00e2ssis \u00e0 roulettes\"},{\"@type\":\"BreadcrumbList\",\"@id\":\"https:\/\/www.vetinox.fr\/produit\/ensemble-3-cages-inox-1c1b-porte-grille-inox-1b-porte-en-verre-separation-1-chassis-a-roulettes\/#breadcrumb\",\"itemListElement\":[{\"@type\":\"ListItem\",\"position\":1,\"name\":\"Accueil\",\"item\":\"https:\/\/www.vetinox.fr\/de\/\"},{\"@type\":\"ListItem\",\"position\":2,\"name\":\"Productos\",\"item\":\"https:\/\/www.vetinox.fr\/es\/archivo-de-productos\/\"},{\"@type\":\"ListItem\",\"position\":3,\"name\":\"CAGES\",\"item\":\"https:\/\/www.vetinox.fr\/categorie-produit\/cages-veterinaires\/\"},{\"@type\":\"ListItem\",\"position\":4,\"name\":\"Ensemble de 3 cages inox avec porte grille, 1 porte en verre, sur ch\u00e2ssis \u00e0 roulettes\"}]},{\"@type\":\"WebSite\",\"@id\":\"https:\/\/www.vetinox.fr\/#website\",\"url\":\"https:\/\/www.vetinox.fr\/\",\"name\":\"Vetinox\",\"description\":\"Equipement Veterinaire\",\"publisher\":{\"@id\":\"https:\/\/www.vetinox.fr\/#organization\"},\"potentialAction\":[{\"@type\":\"SearchAction\",\"target\":{\"@type\":\"EntryPoint\",\"urlTemplate\":\"https:\/\/www.vetinox.fr\/?s={search_term_string}\"},\"query-input\":{\"@type\":\"PropertyValueSpecification\",\"valueRequired\":true,\"valueName\":\"search_term_string\"}}],\"inLanguage\":\"es\"},{\"@type\":\"Organization\",\"@id\":\"https:\/\/www.vetinox.fr\/#organization\",\"name\":\"Vetinox\",\"url\":\"https:\/\/www.vetinox.fr\/\",\"logo\":{\"@type\":\"ImageObject\",\"inLanguage\":\"es\",\"@id\":\"https:\/\/www.vetinox.fr\/#\/schema\/logo\/image\/\",\"url\":\"https:\/\/www.vetinox.fr\/wp-content\/uploads\/2018\/11\/Logo-Vetinox-2.png\",\"contentUrl\":\"https:\/\/www.vetinox.fr\/wp-content\/uploads\/2018\/11\/Logo-Vetinox-2.png\",\"width\":414,\"height\":126,\"caption\":\"Vetinox\"},\"image\":{\"@id\":\"https:\/\/www.vetinox.fr\/#\/schema\/logo\/image\/\"}}]}<\/script>\n<!-- \/ Yoast SEO plugin. -->","yoast_head_json":{"title":"Ensemble de 3 cages v\u00e9t\u00e9rinaires en inox avec tiroirs (1C + 2B) - Vetinox","description":"D\u00e9couvrez notre ensemble de 3 cages v\u00e9t\u00e9rinaires en acier inoxydable avec tiroir (1C + 2B), id\u00e9al pour d\u00e9placer des animaux sans difficult\u00e9.","robots":{"index":"index","follow":"follow","max-snippet":"max-snippet:-1","max-image-preview":"max-image-preview:large","max-video-preview":"max-video-preview:-1"},"canonical":"https:\/\/www.vetinox.fr\/produit\/ensemble-3-cages-inox-1c1b-porte-grille-inox-1b-porte-en-verre-separation-1-chassis-a-roulettes\/","og_locale":"es_ES","og_type":"article","og_title":"Ensemble de 3 cages v\u00e9t\u00e9rinaires en inox avec tiroirs (1C + 2B) - Vetinox","og_description":"D\u00e9couvrez notre ensemble de 3 cages v\u00e9t\u00e9rinaires en acier inoxydable avec tiroir (1C + 2B), id\u00e9al pour d\u00e9placer des animaux sans difficult\u00e9.","og_url":"https:\/\/www.vetinox.fr\/produit\/ensemble-3-cages-inox-1c1b-porte-grille-inox-1b-porte-en-verre-separation-1-chassis-a-roulettes\/","og_site_name":"Vetinox","article_modified_time":"2025-01-28T12:51:40+00:00","og_image":[{"width":1004,"height":569,"url":"https:\/\/www.vetinox.fr\/wp-content\/uploads\/2023\/11\/Vetinox_CI003001_Ensemble_3CagesInox1C1BPorteGrilleInox1BPorteEnVerreSeparation1ChassisARoulettes-1.jpg","type":"image\/jpeg"}],"twitter_card":"summary_large_image","twitter_misc":{"Tiempo de lectura":"1 minuto"},"schema":{"@context":"https:\/\/schema.org","@graph":[{"@type":"WebPage","@id":"https:\/\/www.vetinox.fr\/produit\/ensemble-3-cages-inox-1c1b-porte-grille-inox-1b-porte-en-verre-separation-1-chassis-a-roulettes\/","url":"https:\/\/www.vetinox.fr\/produit\/ensemble-3-cages-inox-1c1b-porte-grille-inox-1b-porte-en-verre-separation-1-chassis-a-roulettes\/","name":"Ensemble de 3 cages v\u00e9t\u00e9rinaires en inox avec tiroirs (1C + 2B) - Vetinox","isPartOf":{"@id":"https:\/\/www.vetinox.fr\/#website"},"primaryImageOfPage":{"@id":"https:\/\/www.vetinox.fr\/produit\/ensemble-3-cages-inox-1c1b-porte-grille-inox-1b-porte-en-verre-separation-1-chassis-a-roulettes\/#primaryimage"},"image":{"@id":"https:\/\/www.vetinox.fr\/produit\/ensemble-3-cages-inox-1c1b-porte-grille-inox-1b-porte-en-verre-separation-1-chassis-a-roulettes\/#primaryimage"},"thumbnailUrl":"https:\/\/www.vetinox.fr\/wp-content\/uploads\/2023\/11\/Vetinox_CI003001_Ensemble_3CagesInox1C1BPorteGrilleInox1BPorteEnVerreSeparation1ChassisARoulettes-1.jpg","datePublished":"2023-11-13T12:48:43+00:00","dateModified":"2025-01-28T12:51:40+00:00","description":"D\u00e9couvrez notre ensemble de 3 cages v\u00e9t\u00e9rinaires en acier inoxydable avec tiroir (1C + 2B), id\u00e9al pour d\u00e9placer des animaux sans difficult\u00e9.","breadcrumb":{"@id":"https:\/\/www.vetinox.fr\/produit\/ensemble-3-cages-inox-1c1b-porte-grille-inox-1b-porte-en-verre-separation-1-chassis-a-roulettes\/#breadcrumb"},"inLanguage":"es","potentialAction":[{"@type":"ReadAction","target":["https:\/\/www.vetinox.fr\/produit\/ensemble-3-cages-inox-1c1b-porte-grille-inox-1b-porte-en-verre-separation-1-chassis-a-roulettes\/"]}]},{"@type":"ImageObject","inLanguage":"es","@id":"https:\/\/www.vetinox.fr\/produit\/ensemble-3-cages-inox-1c1b-porte-grille-inox-1b-porte-en-verre-separation-1-chassis-a-roulettes\/#primaryimage","url":"https:\/\/www.vetinox.fr\/wp-content\/uploads\/2023\/11\/Vetinox_CI003001_Ensemble_3CagesInox1C1BPorteGrilleInox1BPorteEnVerreSeparation1ChassisARoulettes-1.jpg","contentUrl":"https:\/\/www.vetinox.fr\/wp-content\/uploads\/2023\/11\/Vetinox_CI003001_Ensemble_3CagesInox1C1BPorteGrilleInox1BPorteEnVerreSeparation1ChassisARoulettes-1.jpg","width":1004,"height":569,"caption":"Ensemble 3 cages inox 1C+1B porte grille inox +1B porte en verre + s\u00e9paration + 1 ch\u00e2ssis \u00e0 roulettes"},{"@type":"BreadcrumbList","@id":"https:\/\/www.vetinox.fr\/produit\/ensemble-3-cages-inox-1c1b-porte-grille-inox-1b-porte-en-verre-separation-1-chassis-a-roulettes\/#breadcrumb","itemListElement":[{"@type":"ListItem","position":1,"name":"Accueil","item":"https:\/\/www.vetinox.fr\/de\/"},{"@type":"ListItem","position":2,"name":"Productos","item":"https:\/\/www.vetinox.fr\/es\/archivo-de-productos\/"},{"@type":"ListItem","position":3,"name":"CAGES","item":"https:\/\/www.vetinox.fr\/categorie-produit\/cages-veterinaires\/"},{"@type":"ListItem","position":4,"name":"Ensemble de 3 cages inox avec porte grille, 1 porte en verre, sur ch\u00e2ssis \u00e0 roulettes"}]},{"@type":"WebSite","@id":"https:\/\/www.vetinox.fr\/#website","url":"https:\/\/www.vetinox.fr\/","name":"Vetinox","description":"Equipement Veterinaire","publisher":{"@id":"https:\/\/www.vetinox.fr\/#organization"},"potentialAction":[{"@type":"SearchAction","target":{"@type":"EntryPoint","urlTemplate":"https:\/\/www.vetinox.fr\/?s={search_term_string}"},"query-input":{"@type":"PropertyValueSpecification","valueRequired":true,"valueName":"search_term_string"}}],"inLanguage":"es"},{"@type":"Organization","@id":"https:\/\/www.vetinox.fr\/#organization","name":"Vetinox","url":"https:\/\/www.vetinox.fr\/","logo":{"@type":"ImageObject","inLanguage":"es","@id":"https:\/\/www.vetinox.fr\/#\/schema\/logo\/image\/","url":"https:\/\/www.vetinox.fr\/wp-content\/uploads\/2018\/11\/Logo-Vetinox-2.png","contentUrl":"https:\/\/www.vetinox.fr\/wp-content\/uploads\/2018\/11\/Logo-Vetinox-2.png","width":414,"height":126,"caption":"Vetinox"},"image":{"@id":"https:\/\/www.vetinox.fr\/#\/schema\/logo\/image\/"}}]}},"_links":{"self":[{"href":"https:\/\/www.vetinox.fr\/es\/wp-json\/wp\/v2\/product\/22490","targetHints":{"allow":["GET"]}}],"collection":[{"href":"https:\/\/www.vetinox.fr\/es\/wp-json\/wp\/v2\/product"}],"about":[{"href":"https:\/\/www.vetinox.fr\/es\/wp-json\/wp\/v2\/types\/product"}],"version-history":[{"count":0,"href":"https:\/\/www.vetinox.fr\/es\/wp-json\/wp\/v2\/product\/22490\/revisions"}],"wp:featuredmedia":[{"embeddable":true,"href":"https:\/\/www.vetinox.fr\/es\/wp-json\/wp\/v2\/media\/24869"}],"wp:attachment":[{"href":"https:\/\/www.vetinox.fr\/es\/wp-json\/wp\/v2\/media?parent=22490"}],"wp:term":[{"taxonomy":"product_brand","embeddable":true,"href":"https:\/\/www.vetinox.fr\/es\/wp-json\/wp\/v2\/product_brand?post=22490"},{"taxonomy":"product_cat","embeddable":true,"href":"https:\/\/www.vetinox.fr\/es\/wp-json\/wp\/v2\/product_cat?post=22490"},{"taxonomy":"product_tag","embeddable":true,"href":"https:\/\/www.vetinox.fr\/es\/wp-json\/wp\/v2\/product_tag?post=22490"}],"curies":[{"name":"wp","href":"https:\/\/api.w.org\/{rel}","templated":true}]}}