{"id":27815,"date":"2024-11-22T09:19:04","date_gmt":"2024-11-22T08:19:04","guid":{"rendered":"https:\/\/www.vetinox.fr\/produit\/jaula-de-poliester-b-doble-con-puerta-de-cristal-tabique\/"},"modified":"2024-12-12T12:11:15","modified_gmt":"2024-12-12T11:11:15","slug":"jaula-de-poliester-b-doble-con-puerta-de-cristal-tabique","status":"publish","type":"product","link":"https:\/\/www.vetinox.fr\/es\/produit\/jaula-de-poliester-b-doble-con-puerta-de-cristal-tabique\/","title":{"rendered":"Jaula de poli\u00e9ster B Doble con puerta de cristal + tabique"},"content":{"rendered":"<div class=\"elementor-element elementor-element-70d4188d elementor-widget elementor-widget-woocommerce-product-short-description\" data-id=\"70d4188d\" data-element_type=\"widget\" data-widget_type=\"woocommerce-product-short-description.default\">\n<div class=\"elementor-widget-container\">\n<div class=\"woocommerce-product-details__short-description\">\n<p>Caracter\u00edsticas de las jaulas de poli\u00e9ster de formato C :<\/p>\n<ul>\n<li>Dimensiones : An 1464 x Al 712 x 700 mm<\/li>\n<li>Puertas de barra de acero inoxidable con cerradura<\/li>\n<li>Caj\u00f3n de recuperaci\u00f3n<\/li>\n<li>Suelo de la jaula inclinado hacia delante para facilitar el drenaje y la limpieza<\/li>\n<li>Apertura de puerta reversible: derecha o izquierda<\/li>\n<li>Esquinas redondeadas<\/li>\n<\/ul>\n<\/div>\n<\/div>\n<\/div>\n","protected":false},"excerpt":{"rendered":"<div class=\"elementor-element elementor-element-70d4188d elementor-widget elementor-widget-woocommerce-product-short-description\" data-id=\"70d4188d\" data-element_type=\"widget\" data-widget_type=\"woocommerce-product-short-description.default\">\n<div class=\"elementor-widget-container\">\n<div class=\"woocommerce-product-details__short-description\">\n<p>Jaulas veterinarias de poli\u00e9ster, el material ideal para la comodidad y limpieza de los animales. Las jaulas est\u00e1n disponibles en tres tama\u00f1os para adaptarse a animales peque\u00f1os y grandes, incluido este tama\u00f1o C. El sistema de puerta tiene barrotes de acero inoxidable y cerradura.<\/p>\n<p>Modulares, las jaulas pueden ensamblarse con otras jaulas mediante enclavamiento (sin tornillos), lo que permite crear distintos modelos de disposici\u00f3n. Luego pueden montarse sobre un chasis con ruedas, lo que facilita el desplazamiento de los animales.<\/p>\n<\/div>\n<\/div>\n<\/div>\n","protected":false},"featured_media":31861,"template":"","meta":{"ocean_post_layout":"","ocean_both_sidebars_style":"","ocean_both_sidebars_content_width":0,"ocean_both_sidebars_sidebars_width":0,"ocean_sidebar":"0","ocean_second_sidebar":"0","ocean_disable_margins":"enable","ocean_add_body_class":"","ocean_shortcode_before_top_bar":"","ocean_shortcode_after_top_bar":"","ocean_shortcode_before_header":"","ocean_shortcode_after_header":"","ocean_has_shortcode":"","ocean_shortcode_after_title":"","ocean_shortcode_before_footer_widgets":"","ocean_shortcode_after_footer_widgets":"","ocean_shortcode_before_footer_bottom":"","ocean_shortcode_after_footer_bottom":"","ocean_display_top_bar":"default","ocean_display_header":"default","ocean_header_style":"","ocean_center_header_left_menu":"0","ocean_custom_header_template":"0","ocean_custom_logo":0,"ocean_custom_retina_logo":0,"ocean_custom_logo_max_width":0,"ocean_custom_logo_tablet_max_width":0,"ocean_custom_logo_mobile_max_width":0,"ocean_custom_logo_max_height":0,"ocean_custom_logo_tablet_max_height":0,"ocean_custom_logo_mobile_max_height":0,"ocean_header_custom_menu":"0","ocean_menu_typo_font_family":"0","ocean_menu_typo_font_subset":"","ocean_menu_typo_font_size":0,"ocean_menu_typo_font_size_tablet":0,"ocean_menu_typo_font_size_mobile":0,"ocean_menu_typo_font_size_unit":"px","ocean_menu_typo_font_weight":"","ocean_menu_typo_font_weight_tablet":"","ocean_menu_typo_font_weight_mobile":"","ocean_menu_typo_transform":"","ocean_menu_typo_transform_tablet":"","ocean_menu_typo_transform_mobile":"","ocean_menu_typo_line_height":0,"ocean_menu_typo_line_height_tablet":0,"ocean_menu_typo_line_height_mobile":0,"ocean_menu_typo_line_height_unit":"","ocean_menu_typo_spacing":0,"ocean_menu_typo_spacing_tablet":0,"ocean_menu_typo_spacing_mobile":0,"ocean_menu_typo_spacing_unit":"","ocean_menu_link_color":"","ocean_menu_link_color_hover":"","ocean_menu_link_color_active":"","ocean_menu_link_background":"","ocean_menu_link_hover_background":"","ocean_menu_link_active_background":"","ocean_menu_social_links_bg":"","ocean_menu_social_hover_links_bg":"","ocean_menu_social_links_color":"","ocean_menu_social_hover_links_color":"","ocean_disable_title":"default","ocean_disable_heading":"default","ocean_post_title":"","ocean_post_subheading":"","ocean_post_title_style":"","ocean_post_title_background_color":"","ocean_post_title_background":0,"ocean_post_title_bg_image_position":"","ocean_post_title_bg_image_attachment":"","ocean_post_title_bg_image_repeat":"","ocean_post_title_bg_image_size":"","ocean_post_title_height":0,"ocean_post_title_bg_overlay":0.5,"ocean_post_title_bg_overlay_color":"","ocean_disable_breadcrumbs":"default","ocean_breadcrumbs_color":"","ocean_breadcrumbs_separator_color":"","ocean_breadcrumbs_links_color":"","ocean_breadcrumbs_links_hover_color":"","ocean_display_footer_widgets":"default","ocean_display_footer_bottom":"default","ocean_custom_footer_template":"0"},"product_brand":[],"product_cat":[225,221],"product_tag":[],"class_list":{"0":"post-27815","1":"product","2":"type-product","3":"status-publish","4":"has-post-thumbnail","6":"product_cat-jaulas-de-poliester","7":"product_cat-jaulas-veterinarias","9":"entry","10":"has-media","12":"first","13":"instock","14":"shipping-taxable","15":"product-type-simple","16":"has-product-nav","17":"col","18":"span_1_of_4","19":"owp-content-center","20":"owp-thumbs-layout-vertical","21":"owp-btn-normal","22":"owp-tabs-layout-horizontal"},"yoast_head":"<!-- This site is optimized with the Yoast SEO plugin v27.0 - https:\/\/yoast.com\/product\/yoast-seo-wordpress\/ -->\n<title>Jaula de poli\u00e9ster B Doble con puerta de cristal + tabique - Vetinox<\/title>\n<meta name=\"description\" content=\"D\u00e9couvrez notre produit : Jaula de poli\u00e9ster B Doble con puerta de cristal + tabique - Mat\u00e9riel et \u00e9quipement adapt\u00e9 \u00e0 toutes vos utilisations v\u00e9t\u00e9rinaires.\" \/>\n<meta name=\"robots\" content=\"index, follow, max-snippet:-1, max-image-preview:large, max-video-preview:-1\" \/>\n<link rel=\"canonical\" href=\"https:\/\/www.vetinox.fr\/es\/produit\/jaula-de-poliester-b-doble-con-puerta-de-cristal-tabique\/\" \/>\n<meta property=\"og:locale\" content=\"es_ES\" \/>\n<meta property=\"og:type\" content=\"article\" \/>\n<meta property=\"og:title\" content=\"Jaula de poli\u00e9ster B Doble con puerta de cristal + tabique - Vetinox\" \/>\n<meta property=\"og:description\" content=\"D\u00e9couvrez notre produit : Jaula de poli\u00e9ster B Doble con puerta de cristal + tabique - Mat\u00e9riel et \u00e9quipement adapt\u00e9 \u00e0 toutes vos utilisations v\u00e9t\u00e9rinaires.\" \/>\n<meta property=\"og:url\" content=\"https:\/\/www.vetinox.fr\/es\/produit\/jaula-de-poliester-b-doble-con-puerta-de-cristal-tabique\/\" \/>\n<meta property=\"og:site_name\" content=\"Vetinox\" \/>\n<meta property=\"article:modified_time\" content=\"2024-12-12T11:11:15+00:00\" \/>\n<meta property=\"og:image\" content=\"https:\/\/www.vetinox.fr\/wp-content\/uploads\/2024\/11\/CP003025_Ensemble2-cage-polyester1C_1doubleBporteEnVerre2separations1chassis.jpg\" \/>\n\t<meta property=\"og:image:width\" content=\"1004\" \/>\n\t<meta property=\"og:image:height\" content=\"569\" \/>\n\t<meta property=\"og:image:type\" content=\"image\/jpeg\" \/>\n<meta name=\"twitter:card\" content=\"summary_large_image\" \/>\n<script type=\"application\/ld+json\" class=\"yoast-schema-graph\">{\"@context\":\"https:\/\/schema.org\",\"@graph\":[{\"@type\":\"WebPage\",\"@id\":\"https:\/\/www.vetinox.fr\/es\/produit\/jaula-de-poliester-b-doble-con-puerta-de-cristal-tabique\/\",\"url\":\"https:\/\/www.vetinox.fr\/es\/produit\/jaula-de-poliester-b-doble-con-puerta-de-cristal-tabique\/\",\"name\":\"Jaula de poli\u00e9ster B Doble con puerta de cristal + tabique - Vetinox\",\"isPartOf\":{\"@id\":\"https:\/\/www.vetinox.fr\/#website\"},\"primaryImageOfPage\":{\"@id\":\"https:\/\/www.vetinox.fr\/es\/produit\/jaula-de-poliester-b-doble-con-puerta-de-cristal-tabique\/#primaryimage\"},\"image\":{\"@id\":\"https:\/\/www.vetinox.fr\/es\/produit\/jaula-de-poliester-b-doble-con-puerta-de-cristal-tabique\/#primaryimage\"},\"thumbnailUrl\":\"https:\/\/www.vetinox.fr\/wp-content\/uploads\/2024\/11\/CP003025_Ensemble2-cage-polyester1C_1doubleBporteEnVerre2separations1chassis.jpg\",\"datePublished\":\"2024-11-22T08:19:04+00:00\",\"dateModified\":\"2024-12-12T11:11:15+00:00\",\"description\":\"D\u00e9couvrez notre produit : Jaula de poli\u00e9ster B Doble con puerta de cristal + tabique - Mat\u00e9riel et \u00e9quipement adapt\u00e9 \u00e0 toutes vos utilisations v\u00e9t\u00e9rinaires.\",\"breadcrumb\":{\"@id\":\"https:\/\/www.vetinox.fr\/es\/produit\/jaula-de-poliester-b-doble-con-puerta-de-cristal-tabique\/#breadcrumb\"},\"inLanguage\":\"es\",\"potentialAction\":[{\"@type\":\"ReadAction\",\"target\":[\"https:\/\/www.vetinox.fr\/es\/produit\/jaula-de-poliester-b-doble-con-puerta-de-cristal-tabique\/\"]}]},{\"@type\":\"ImageObject\",\"inLanguage\":\"es\",\"@id\":\"https:\/\/www.vetinox.fr\/es\/produit\/jaula-de-poliester-b-doble-con-puerta-de-cristal-tabique\/#primaryimage\",\"url\":\"https:\/\/www.vetinox.fr\/wp-content\/uploads\/2024\/11\/CP003025_Ensemble2-cage-polyester1C_1doubleBporteEnVerre2separations1chassis.jpg\",\"contentUrl\":\"https:\/\/www.vetinox.fr\/wp-content\/uploads\/2024\/11\/CP003025_Ensemble2-cage-polyester1C_1doubleBporteEnVerre2separations1chassis.jpg\",\"width\":1004,\"height\":569,\"caption\":\"Ensemble 2 cages polyester : 1C+1 double B porte en verre + 2 s\u00e9parations + 1 ch\u00e2ssis\"},{\"@type\":\"BreadcrumbList\",\"@id\":\"https:\/\/www.vetinox.fr\/es\/produit\/jaula-de-poliester-b-doble-con-puerta-de-cristal-tabique\/#breadcrumb\",\"itemListElement\":[{\"@type\":\"ListItem\",\"position\":1,\"name\":\"Accueil\",\"item\":\"https:\/\/www.vetinox.fr\/de\/\"},{\"@type\":\"ListItem\",\"position\":2,\"name\":\"Productos\",\"item\":\"https:\/\/www.vetinox.fr\/es\/archivo-de-productos\/\"},{\"@type\":\"ListItem\",\"position\":3,\"name\":\"CAGES\",\"item\":\"https:\/\/www.vetinox.fr\/categorie-produit\/cages-veterinaires\/\"},{\"@type\":\"ListItem\",\"position\":4,\"name\":\"Jaula de poli\u00e9ster B Doble con puerta de cristal + tabique\"}]},{\"@type\":\"WebSite\",\"@id\":\"https:\/\/www.vetinox.fr\/#website\",\"url\":\"https:\/\/www.vetinox.fr\/\",\"name\":\"Vetinox\",\"description\":\"Equipement Veterinaire\",\"publisher\":{\"@id\":\"https:\/\/www.vetinox.fr\/#organization\"},\"potentialAction\":[{\"@type\":\"SearchAction\",\"target\":{\"@type\":\"EntryPoint\",\"urlTemplate\":\"https:\/\/www.vetinox.fr\/?s={search_term_string}\"},\"query-input\":{\"@type\":\"PropertyValueSpecification\",\"valueRequired\":true,\"valueName\":\"search_term_string\"}}],\"inLanguage\":\"es\"},{\"@type\":\"Organization\",\"@id\":\"https:\/\/www.vetinox.fr\/#organization\",\"name\":\"Vetinox\",\"url\":\"https:\/\/www.vetinox.fr\/\",\"logo\":{\"@type\":\"ImageObject\",\"inLanguage\":\"es\",\"@id\":\"https:\/\/www.vetinox.fr\/#\/schema\/logo\/image\/\",\"url\":\"https:\/\/www.vetinox.fr\/wp-content\/uploads\/2018\/11\/Logo-Vetinox-2.png\",\"contentUrl\":\"https:\/\/www.vetinox.fr\/wp-content\/uploads\/2018\/11\/Logo-Vetinox-2.png\",\"width\":414,\"height\":126,\"caption\":\"Vetinox\"},\"image\":{\"@id\":\"https:\/\/www.vetinox.fr\/#\/schema\/logo\/image\/\"}}]}<\/script>\n<!-- \/ Yoast SEO plugin. -->","yoast_head_json":{"title":"Jaula de poli\u00e9ster B Doble con puerta de cristal + tabique - Vetinox","description":"D\u00e9couvrez notre produit : Jaula de poli\u00e9ster B Doble con puerta de cristal + tabique - Mat\u00e9riel et \u00e9quipement adapt\u00e9 \u00e0 toutes vos utilisations v\u00e9t\u00e9rinaires.","robots":{"index":"index","follow":"follow","max-snippet":"max-snippet:-1","max-image-preview":"max-image-preview:large","max-video-preview":"max-video-preview:-1"},"canonical":"https:\/\/www.vetinox.fr\/es\/produit\/jaula-de-poliester-b-doble-con-puerta-de-cristal-tabique\/","og_locale":"es_ES","og_type":"article","og_title":"Jaula de poli\u00e9ster B Doble con puerta de cristal + tabique - Vetinox","og_description":"D\u00e9couvrez notre produit : Jaula de poli\u00e9ster B Doble con puerta de cristal + tabique - Mat\u00e9riel et \u00e9quipement adapt\u00e9 \u00e0 toutes vos utilisations v\u00e9t\u00e9rinaires.","og_url":"https:\/\/www.vetinox.fr\/es\/produit\/jaula-de-poliester-b-doble-con-puerta-de-cristal-tabique\/","og_site_name":"Vetinox","article_modified_time":"2024-12-12T11:11:15+00:00","og_image":[{"width":1004,"height":569,"url":"https:\/\/www.vetinox.fr\/wp-content\/uploads\/2024\/11\/CP003025_Ensemble2-cage-polyester1C_1doubleBporteEnVerre2separations1chassis.jpg","type":"image\/jpeg"}],"twitter_card":"summary_large_image","schema":{"@context":"https:\/\/schema.org","@graph":[{"@type":"WebPage","@id":"https:\/\/www.vetinox.fr\/es\/produit\/jaula-de-poliester-b-doble-con-puerta-de-cristal-tabique\/","url":"https:\/\/www.vetinox.fr\/es\/produit\/jaula-de-poliester-b-doble-con-puerta-de-cristal-tabique\/","name":"Jaula de poli\u00e9ster B Doble con puerta de cristal + tabique - Vetinox","isPartOf":{"@id":"https:\/\/www.vetinox.fr\/#website"},"primaryImageOfPage":{"@id":"https:\/\/www.vetinox.fr\/es\/produit\/jaula-de-poliester-b-doble-con-puerta-de-cristal-tabique\/#primaryimage"},"image":{"@id":"https:\/\/www.vetinox.fr\/es\/produit\/jaula-de-poliester-b-doble-con-puerta-de-cristal-tabique\/#primaryimage"},"thumbnailUrl":"https:\/\/www.vetinox.fr\/wp-content\/uploads\/2024\/11\/CP003025_Ensemble2-cage-polyester1C_1doubleBporteEnVerre2separations1chassis.jpg","datePublished":"2024-11-22T08:19:04+00:00","dateModified":"2024-12-12T11:11:15+00:00","description":"D\u00e9couvrez notre produit : Jaula de poli\u00e9ster B Doble con puerta de cristal + tabique - Mat\u00e9riel et \u00e9quipement adapt\u00e9 \u00e0 toutes vos utilisations v\u00e9t\u00e9rinaires.","breadcrumb":{"@id":"https:\/\/www.vetinox.fr\/es\/produit\/jaula-de-poliester-b-doble-con-puerta-de-cristal-tabique\/#breadcrumb"},"inLanguage":"es","potentialAction":[{"@type":"ReadAction","target":["https:\/\/www.vetinox.fr\/es\/produit\/jaula-de-poliester-b-doble-con-puerta-de-cristal-tabique\/"]}]},{"@type":"ImageObject","inLanguage":"es","@id":"https:\/\/www.vetinox.fr\/es\/produit\/jaula-de-poliester-b-doble-con-puerta-de-cristal-tabique\/#primaryimage","url":"https:\/\/www.vetinox.fr\/wp-content\/uploads\/2024\/11\/CP003025_Ensemble2-cage-polyester1C_1doubleBporteEnVerre2separations1chassis.jpg","contentUrl":"https:\/\/www.vetinox.fr\/wp-content\/uploads\/2024\/11\/CP003025_Ensemble2-cage-polyester1C_1doubleBporteEnVerre2separations1chassis.jpg","width":1004,"height":569,"caption":"Ensemble 2 cages polyester : 1C+1 double B porte en verre + 2 s\u00e9parations + 1 ch\u00e2ssis"},{"@type":"BreadcrumbList","@id":"https:\/\/www.vetinox.fr\/es\/produit\/jaula-de-poliester-b-doble-con-puerta-de-cristal-tabique\/#breadcrumb","itemListElement":[{"@type":"ListItem","position":1,"name":"Accueil","item":"https:\/\/www.vetinox.fr\/de\/"},{"@type":"ListItem","position":2,"name":"Productos","item":"https:\/\/www.vetinox.fr\/es\/archivo-de-productos\/"},{"@type":"ListItem","position":3,"name":"CAGES","item":"https:\/\/www.vetinox.fr\/categorie-produit\/cages-veterinaires\/"},{"@type":"ListItem","position":4,"name":"Jaula de poli\u00e9ster B Doble con puerta de cristal + tabique"}]},{"@type":"WebSite","@id":"https:\/\/www.vetinox.fr\/#website","url":"https:\/\/www.vetinox.fr\/","name":"Vetinox","description":"Equipement Veterinaire","publisher":{"@id":"https:\/\/www.vetinox.fr\/#organization"},"potentialAction":[{"@type":"SearchAction","target":{"@type":"EntryPoint","urlTemplate":"https:\/\/www.vetinox.fr\/?s={search_term_string}"},"query-input":{"@type":"PropertyValueSpecification","valueRequired":true,"valueName":"search_term_string"}}],"inLanguage":"es"},{"@type":"Organization","@id":"https:\/\/www.vetinox.fr\/#organization","name":"Vetinox","url":"https:\/\/www.vetinox.fr\/","logo":{"@type":"ImageObject","inLanguage":"es","@id":"https:\/\/www.vetinox.fr\/#\/schema\/logo\/image\/","url":"https:\/\/www.vetinox.fr\/wp-content\/uploads\/2018\/11\/Logo-Vetinox-2.png","contentUrl":"https:\/\/www.vetinox.fr\/wp-content\/uploads\/2018\/11\/Logo-Vetinox-2.png","width":414,"height":126,"caption":"Vetinox"},"image":{"@id":"https:\/\/www.vetinox.fr\/#\/schema\/logo\/image\/"}}]}},"_links":{"self":[{"href":"https:\/\/www.vetinox.fr\/es\/wp-json\/wp\/v2\/product\/27815","targetHints":{"allow":["GET"]}}],"collection":[{"href":"https:\/\/www.vetinox.fr\/es\/wp-json\/wp\/v2\/product"}],"about":[{"href":"https:\/\/www.vetinox.fr\/es\/wp-json\/wp\/v2\/types\/product"}],"version-history":[{"count":0,"href":"https:\/\/www.vetinox.fr\/es\/wp-json\/wp\/v2\/product\/27815\/revisions"}],"wp:featuredmedia":[{"embeddable":true,"href":"https:\/\/www.vetinox.fr\/es\/wp-json\/wp\/v2\/media\/31861"}],"wp:attachment":[{"href":"https:\/\/www.vetinox.fr\/es\/wp-json\/wp\/v2\/media?parent=27815"}],"wp:term":[{"taxonomy":"product_brand","embeddable":true,"href":"https:\/\/www.vetinox.fr\/es\/wp-json\/wp\/v2\/product_brand?post=27815"},{"taxonomy":"product_cat","embeddable":true,"href":"https:\/\/www.vetinox.fr\/es\/wp-json\/wp\/v2\/product_cat?post=27815"},{"taxonomy":"product_tag","embeddable":true,"href":"https:\/\/www.vetinox.fr\/es\/wp-json\/wp\/v2\/product_tag?post=27815"}],"curies":[{"name":"wp","href":"https:\/\/api.w.org\/{rel}","templated":true}]}}