{"id":27854,"date":"2023-09-12T15:34:48","date_gmt":"2024-12-12T14:43:57","guid":{"rendered":"https:\/\/www.vetinox.fr\/produit\/jaula-de-hospitalizacion-de-corta-estancia-apta-para-gatos-soporte-para-agujero-de-oxigeno\/"},"modified":"2024-12-12T15:43:57","modified_gmt":"2024-12-12T14:43:57","slug":"jaula-de-hospitalizacion-de-corta-estancia-apta-para-gatos-soporte-para-agujero-de-oxigeno","status":"publish","type":"product","link":"https:\/\/www.vetinox.fr\/es\/produit\/jaula-de-hospitalizacion-de-corta-estancia-apta-para-gatos-soporte-para-agujero-de-oxigeno\/","title":{"rendered":"Jaula de Hospitalizaci\u00f3n de Corta Estancia Apta para Gatos &#8211; Soporte para Agujero de Ox\u00edgeno"},"content":{"rendered":"<p>Jaula de hospitalizaci\u00f3n POLYVET para estancias cortas (menos de 24 horas), dise\u00f1ada para el bienestar de los gatos. Caracter\u00edsticas de la jaula :<\/p>\n<ul>\n<li>La jaula est\u00e1 hecha de poli\u00e9ster, el material ideal para la comodidad del animal y su f\u00e1cil limpieza.<\/li>\n<li>La superficie y la altura de la jaula est\u00e1n optimizadas para el bienestar de los gatos.<\/li>\n<li>La jaula tiene una percha, que permite a los gatos sentarse en alto y controlar su entorno.<\/li>\n<li>La puerta tiene un panel de cristal para facilitar la visi\u00f3n del interior de la jaula.<\/li>\n<li>Los pestillos de las puertas son f\u00e1ciles de usar y seguros<\/li>\n<\/ul>\n<p>Nuestra jaula veterinaria POLYVET ha sido galardonada con la categor\u00eda ORO por la ISFM (Sociedad Internacional de Medicina Felina).<\/p>\n<p>&nbsp;<\/p>\n<div id=\"sconnect-is-installed\" style=\"display: none;\">2.15.0.0<\/div>\n","protected":false},"excerpt":{"rendered":"<p>Jaula hospitalaria POLYVET de corta estancia (menos de 24 horas) de nuestra gama Cat Friendly, especialmente dise\u00f1ada para el bienestar, la comodidad y la seguridad de las mascotas. Las dimensiones de la jaula y su disposici\u00f3n est\u00e1n dise\u00f1adas para optimizar la comodidad del gato y reducir su estr\u00e9s.<\/p>\n<p>Dimensiones :<\/p>\n<ul>\n<li>Profundidad: 650 mm<\/li>\n<li>Anchura: 730 mm<\/li>\n<li>Altura: 670 mm<\/li>\n<\/ul>\n<p>Nuestras jaulas POLYVET pueden ensamblarse y montarse en bastidores de rodillos. Para dar un acabado perfecto a tu equipo veterinario, puedes elegir entre el chapado en blanco o en color madera para las jaulas.<\/p>\n<div id=\"sconnect-is-installed\" style=\"display: none;\">2.15.0.0<\/div>\n","protected":false},"featured_media":23405,"template":"","meta":{"ocean_post_layout":"","ocean_both_sidebars_style":"","ocean_both_sidebars_content_width":0,"ocean_both_sidebars_sidebars_width":0,"ocean_sidebar":"0","ocean_second_sidebar":"0","ocean_disable_margins":"enable","ocean_add_body_class":"","ocean_shortcode_before_top_bar":"","ocean_shortcode_after_top_bar":"","ocean_shortcode_before_header":"","ocean_shortcode_after_header":"","ocean_has_shortcode":"","ocean_shortcode_after_title":"","ocean_shortcode_before_footer_widgets":"","ocean_shortcode_after_footer_widgets":"","ocean_shortcode_before_footer_bottom":"","ocean_shortcode_after_footer_bottom":"","ocean_display_top_bar":"default","ocean_display_header":"default","ocean_header_style":"","ocean_center_header_left_menu":"0","ocean_custom_header_template":"0","ocean_custom_logo":0,"ocean_custom_retina_logo":0,"ocean_custom_logo_max_width":0,"ocean_custom_logo_tablet_max_width":0,"ocean_custom_logo_mobile_max_width":0,"ocean_custom_logo_max_height":0,"ocean_custom_logo_tablet_max_height":0,"ocean_custom_logo_mobile_max_height":0,"ocean_header_custom_menu":"0","ocean_menu_typo_font_family":"0","ocean_menu_typo_font_subset":"","ocean_menu_typo_font_size":0,"ocean_menu_typo_font_size_tablet":0,"ocean_menu_typo_font_size_mobile":0,"ocean_menu_typo_font_size_unit":"px","ocean_menu_typo_font_weight":"","ocean_menu_typo_font_weight_tablet":"","ocean_menu_typo_font_weight_mobile":"","ocean_menu_typo_transform":"","ocean_menu_typo_transform_tablet":"","ocean_menu_typo_transform_mobile":"","ocean_menu_typo_line_height":0,"ocean_menu_typo_line_height_tablet":0,"ocean_menu_typo_line_height_mobile":0,"ocean_menu_typo_line_height_unit":"","ocean_menu_typo_spacing":0,"ocean_menu_typo_spacing_tablet":0,"ocean_menu_typo_spacing_mobile":0,"ocean_menu_typo_spacing_unit":"","ocean_menu_link_color":"","ocean_menu_link_color_hover":"","ocean_menu_link_color_active":"","ocean_menu_link_background":"","ocean_menu_link_hover_background":"","ocean_menu_link_active_background":"","ocean_menu_social_links_bg":"","ocean_menu_social_hover_links_bg":"","ocean_menu_social_links_color":"","ocean_menu_social_hover_links_color":"","ocean_disable_title":"default","ocean_disable_heading":"default","ocean_post_title":"","ocean_post_subheading":"","ocean_post_title_style":"","ocean_post_title_background_color":"","ocean_post_title_background":0,"ocean_post_title_bg_image_position":"","ocean_post_title_bg_image_attachment":"","ocean_post_title_bg_image_repeat":"","ocean_post_title_bg_image_size":"","ocean_post_title_height":0,"ocean_post_title_bg_overlay":0.5,"ocean_post_title_bg_overlay_color":"","ocean_disable_breadcrumbs":"default","ocean_breadcrumbs_color":"","ocean_breadcrumbs_separator_color":"","ocean_breadcrumbs_links_color":"","ocean_breadcrumbs_links_hover_color":"","ocean_display_footer_widgets":"default","ocean_display_footer_bottom":"default","ocean_custom_footer_template":"0"},"product_brand":[],"product_cat":[223,221],"product_tag":[],"class_list":{"0":"post-27854","1":"product","2":"type-product","3":"status-publish","4":"has-post-thumbnail","6":"product_cat-jaulas-cat-friendly","7":"product_cat-jaulas-veterinarias","8":"pa_type-de-porte-puerta-vidrio-de-oxigeno","10":"entry","11":"has-media","13":"first","14":"instock","15":"shipping-taxable","16":"product-type-simple","17":"has-product-nav","18":"col","19":"span_1_of_4","20":"owp-content-center","21":"owp-thumbs-layout-vertical","22":"owp-btn-normal","23":"owp-tabs-layout-horizontal"},"yoast_head":"<!-- This site is optimized with the Yoast SEO plugin v27.0 - https:\/\/yoast.com\/product\/yoast-seo-wordpress\/ -->\n<title>Jaula de hospitalizaci\u00f3n de corta estancia Cat Friendly - Vetinox<\/title>\n<meta name=\"description\" content=\"Descubre nuestras jaulas veterinarias Cat Friendly para estancias hospitalarias cortas, dise\u00f1adas para el bienestar y la comodidad de los gatos.\" \/>\n<meta name=\"robots\" content=\"index, follow, max-snippet:-1, max-image-preview:large, max-video-preview:-1\" \/>\n<link rel=\"canonical\" href=\"https:\/\/www.vetinox.fr\/es\/produit\/jaula-de-hospitalizacion-de-corta-estancia-apta-para-gatos-soporte-para-agujero-de-oxigeno\/\" \/>\n<meta property=\"og:locale\" content=\"es_ES\" \/>\n<meta property=\"og:type\" content=\"article\" \/>\n<meta property=\"og:title\" content=\"Jaula de hospitalizaci\u00f3n de corta estancia Cat Friendly - Vetinox\" \/>\n<meta property=\"og:description\" content=\"Descubre nuestras jaulas veterinarias Cat Friendly para estancias hospitalarias cortas, dise\u00f1adas para el bienestar y la comodidad de los gatos.\" \/>\n<meta property=\"og:url\" content=\"https:\/\/www.vetinox.fr\/es\/produit\/jaula-de-hospitalizacion-de-corta-estancia-apta-para-gatos-soporte-para-agujero-de-oxigeno\/\" \/>\n<meta property=\"og:site_name\" content=\"Vetinox\" \/>\n<meta property=\"og:image\" content=\"https:\/\/www.vetinox.fr\/wp-content\/uploads\/2023\/09\/Vetinox_CP800100CageHospitalisationPolyvetCatFriendly_Court-Sejour24h_AvecPorteTrouOxygeneD28_5_2-2.jpg\" \/>\n\t<meta property=\"og:image:width\" content=\"1004\" \/>\n\t<meta property=\"og:image:height\" content=\"569\" \/>\n\t<meta property=\"og:image:type\" content=\"image\/jpeg\" \/>\n<meta name=\"twitter:card\" content=\"summary_large_image\" \/>\n<meta name=\"twitter:label1\" content=\"Tiempo de lectura\" \/>\n\t<meta name=\"twitter:data1\" content=\"1 minuto\" \/>\n<script type=\"application\/ld+json\" class=\"yoast-schema-graph\">{\"@context\":\"https:\/\/schema.org\",\"@graph\":[{\"@type\":\"WebPage\",\"@id\":\"https:\/\/www.vetinox.fr\/es\/produit\/jaula-de-hospitalizacion-de-corta-estancia-apta-para-gatos-soporte-para-agujero-de-oxigeno\/\",\"url\":\"https:\/\/www.vetinox.fr\/es\/produit\/jaula-de-hospitalizacion-de-corta-estancia-apta-para-gatos-soporte-para-agujero-de-oxigeno\/\",\"name\":\"Jaula de hospitalizaci\u00f3n de corta estancia Cat Friendly - Vetinox\",\"isPartOf\":{\"@id\":\"https:\/\/www.vetinox.fr\/#website\"},\"primaryImageOfPage\":{\"@id\":\"https:\/\/www.vetinox.fr\/es\/produit\/jaula-de-hospitalizacion-de-corta-estancia-apta-para-gatos-soporte-para-agujero-de-oxigeno\/#primaryimage\"},\"image\":{\"@id\":\"https:\/\/www.vetinox.fr\/es\/produit\/jaula-de-hospitalizacion-de-corta-estancia-apta-para-gatos-soporte-para-agujero-de-oxigeno\/#primaryimage\"},\"thumbnailUrl\":\"https:\/\/www.vetinox.fr\/wp-content\/uploads\/2023\/09\/Vetinox_CP800100CageHospitalisationPolyvetCatFriendly_Court-Sejour24h_AvecPorteTrouOxygeneD28_5_2-2.jpg\",\"datePublished\":\"2024-12-12T14:43:57+00:00\",\"description\":\"Descubre nuestras jaulas veterinarias Cat Friendly para estancias hospitalarias cortas, dise\u00f1adas para el bienestar y la comodidad de los gatos.\",\"breadcrumb\":{\"@id\":\"https:\/\/www.vetinox.fr\/es\/produit\/jaula-de-hospitalizacion-de-corta-estancia-apta-para-gatos-soporte-para-agujero-de-oxigeno\/#breadcrumb\"},\"inLanguage\":\"es\",\"potentialAction\":[{\"@type\":\"ReadAction\",\"target\":[\"https:\/\/www.vetinox.fr\/es\/produit\/jaula-de-hospitalizacion-de-corta-estancia-apta-para-gatos-soporte-para-agujero-de-oxigeno\/\"]}]},{\"@type\":\"ImageObject\",\"inLanguage\":\"es\",\"@id\":\"https:\/\/www.vetinox.fr\/es\/produit\/jaula-de-hospitalizacion-de-corta-estancia-apta-para-gatos-soporte-para-agujero-de-oxigeno\/#primaryimage\",\"url\":\"https:\/\/www.vetinox.fr\/wp-content\/uploads\/2023\/09\/Vetinox_CP800100CageHospitalisationPolyvetCatFriendly_Court-Sejour24h_AvecPorteTrouOxygeneD28_5_2-2.jpg\",\"contentUrl\":\"https:\/\/www.vetinox.fr\/wp-content\/uploads\/2023\/09\/Vetinox_CP800100CageHospitalisationPolyvetCatFriendly_Court-Sejour24h_AvecPorteTrouOxygeneD28_5_2-2.jpg\",\"width\":1004,\"height\":569,\"caption\":\"Cage Hospitalisation Cat Friendly pour court s\u00e9jour - Porte trou oxyg\u00e8ne\"},{\"@type\":\"BreadcrumbList\",\"@id\":\"https:\/\/www.vetinox.fr\/es\/produit\/jaula-de-hospitalizacion-de-corta-estancia-apta-para-gatos-soporte-para-agujero-de-oxigeno\/#breadcrumb\",\"itemListElement\":[{\"@type\":\"ListItem\",\"position\":1,\"name\":\"Accueil\",\"item\":\"https:\/\/www.vetinox.fr\/de\/\"},{\"@type\":\"ListItem\",\"position\":2,\"name\":\"Productos\",\"item\":\"https:\/\/www.vetinox.fr\/es\/archivo-de-productos\/\"},{\"@type\":\"ListItem\",\"position\":3,\"name\":\"Jaula de Hospitalizaci\u00f3n de Corta Estancia Apta para Gatos &#8211; Soporte para Agujero de Ox\u00edgeno\"}]},{\"@type\":\"WebSite\",\"@id\":\"https:\/\/www.vetinox.fr\/#website\",\"url\":\"https:\/\/www.vetinox.fr\/\",\"name\":\"Vetinox\",\"description\":\"Equipement Veterinaire\",\"publisher\":{\"@id\":\"https:\/\/www.vetinox.fr\/#organization\"},\"potentialAction\":[{\"@type\":\"SearchAction\",\"target\":{\"@type\":\"EntryPoint\",\"urlTemplate\":\"https:\/\/www.vetinox.fr\/?s={search_term_string}\"},\"query-input\":{\"@type\":\"PropertyValueSpecification\",\"valueRequired\":true,\"valueName\":\"search_term_string\"}}],\"inLanguage\":\"es\"},{\"@type\":\"Organization\",\"@id\":\"https:\/\/www.vetinox.fr\/#organization\",\"name\":\"Vetinox\",\"url\":\"https:\/\/www.vetinox.fr\/\",\"logo\":{\"@type\":\"ImageObject\",\"inLanguage\":\"es\",\"@id\":\"https:\/\/www.vetinox.fr\/#\/schema\/logo\/image\/\",\"url\":\"https:\/\/www.vetinox.fr\/wp-content\/uploads\/2018\/11\/Logo-Vetinox-2.png\",\"contentUrl\":\"https:\/\/www.vetinox.fr\/wp-content\/uploads\/2018\/11\/Logo-Vetinox-2.png\",\"width\":414,\"height\":126,\"caption\":\"Vetinox\"},\"image\":{\"@id\":\"https:\/\/www.vetinox.fr\/#\/schema\/logo\/image\/\"}}]}<\/script>\n<!-- \/ Yoast SEO plugin. -->","yoast_head_json":{"title":"Jaula de hospitalizaci\u00f3n de corta estancia Cat Friendly - Vetinox","description":"Descubre nuestras jaulas veterinarias Cat Friendly para estancias hospitalarias cortas, dise\u00f1adas para el bienestar y la comodidad de los gatos.","robots":{"index":"index","follow":"follow","max-snippet":"max-snippet:-1","max-image-preview":"max-image-preview:large","max-video-preview":"max-video-preview:-1"},"canonical":"https:\/\/www.vetinox.fr\/es\/produit\/jaula-de-hospitalizacion-de-corta-estancia-apta-para-gatos-soporte-para-agujero-de-oxigeno\/","og_locale":"es_ES","og_type":"article","og_title":"Jaula de hospitalizaci\u00f3n de corta estancia Cat Friendly - Vetinox","og_description":"Descubre nuestras jaulas veterinarias Cat Friendly para estancias hospitalarias cortas, dise\u00f1adas para el bienestar y la comodidad de los gatos.","og_url":"https:\/\/www.vetinox.fr\/es\/produit\/jaula-de-hospitalizacion-de-corta-estancia-apta-para-gatos-soporte-para-agujero-de-oxigeno\/","og_site_name":"Vetinox","og_image":[{"width":1004,"height":569,"url":"https:\/\/www.vetinox.fr\/wp-content\/uploads\/2023\/09\/Vetinox_CP800100CageHospitalisationPolyvetCatFriendly_Court-Sejour24h_AvecPorteTrouOxygeneD28_5_2-2.jpg","type":"image\/jpeg"}],"twitter_card":"summary_large_image","twitter_misc":{"Tiempo de lectura":"1 minuto"},"schema":{"@context":"https:\/\/schema.org","@graph":[{"@type":"WebPage","@id":"https:\/\/www.vetinox.fr\/es\/produit\/jaula-de-hospitalizacion-de-corta-estancia-apta-para-gatos-soporte-para-agujero-de-oxigeno\/","url":"https:\/\/www.vetinox.fr\/es\/produit\/jaula-de-hospitalizacion-de-corta-estancia-apta-para-gatos-soporte-para-agujero-de-oxigeno\/","name":"Jaula de hospitalizaci\u00f3n de corta estancia Cat Friendly - Vetinox","isPartOf":{"@id":"https:\/\/www.vetinox.fr\/#website"},"primaryImageOfPage":{"@id":"https:\/\/www.vetinox.fr\/es\/produit\/jaula-de-hospitalizacion-de-corta-estancia-apta-para-gatos-soporte-para-agujero-de-oxigeno\/#primaryimage"},"image":{"@id":"https:\/\/www.vetinox.fr\/es\/produit\/jaula-de-hospitalizacion-de-corta-estancia-apta-para-gatos-soporte-para-agujero-de-oxigeno\/#primaryimage"},"thumbnailUrl":"https:\/\/www.vetinox.fr\/wp-content\/uploads\/2023\/09\/Vetinox_CP800100CageHospitalisationPolyvetCatFriendly_Court-Sejour24h_AvecPorteTrouOxygeneD28_5_2-2.jpg","datePublished":"2024-12-12T14:43:57+00:00","description":"Descubre nuestras jaulas veterinarias Cat Friendly para estancias hospitalarias cortas, dise\u00f1adas para el bienestar y la comodidad de los gatos.","breadcrumb":{"@id":"https:\/\/www.vetinox.fr\/es\/produit\/jaula-de-hospitalizacion-de-corta-estancia-apta-para-gatos-soporte-para-agujero-de-oxigeno\/#breadcrumb"},"inLanguage":"es","potentialAction":[{"@type":"ReadAction","target":["https:\/\/www.vetinox.fr\/es\/produit\/jaula-de-hospitalizacion-de-corta-estancia-apta-para-gatos-soporte-para-agujero-de-oxigeno\/"]}]},{"@type":"ImageObject","inLanguage":"es","@id":"https:\/\/www.vetinox.fr\/es\/produit\/jaula-de-hospitalizacion-de-corta-estancia-apta-para-gatos-soporte-para-agujero-de-oxigeno\/#primaryimage","url":"https:\/\/www.vetinox.fr\/wp-content\/uploads\/2023\/09\/Vetinox_CP800100CageHospitalisationPolyvetCatFriendly_Court-Sejour24h_AvecPorteTrouOxygeneD28_5_2-2.jpg","contentUrl":"https:\/\/www.vetinox.fr\/wp-content\/uploads\/2023\/09\/Vetinox_CP800100CageHospitalisationPolyvetCatFriendly_Court-Sejour24h_AvecPorteTrouOxygeneD28_5_2-2.jpg","width":1004,"height":569,"caption":"Cage Hospitalisation Cat Friendly pour court s\u00e9jour - Porte trou oxyg\u00e8ne"},{"@type":"BreadcrumbList","@id":"https:\/\/www.vetinox.fr\/es\/produit\/jaula-de-hospitalizacion-de-corta-estancia-apta-para-gatos-soporte-para-agujero-de-oxigeno\/#breadcrumb","itemListElement":[{"@type":"ListItem","position":1,"name":"Accueil","item":"https:\/\/www.vetinox.fr\/de\/"},{"@type":"ListItem","position":2,"name":"Productos","item":"https:\/\/www.vetinox.fr\/es\/archivo-de-productos\/"},{"@type":"ListItem","position":3,"name":"Jaula de Hospitalizaci\u00f3n de Corta Estancia Apta para Gatos &#8211; Soporte para Agujero de Ox\u00edgeno"}]},{"@type":"WebSite","@id":"https:\/\/www.vetinox.fr\/#website","url":"https:\/\/www.vetinox.fr\/","name":"Vetinox","description":"Equipement Veterinaire","publisher":{"@id":"https:\/\/www.vetinox.fr\/#organization"},"potentialAction":[{"@type":"SearchAction","target":{"@type":"EntryPoint","urlTemplate":"https:\/\/www.vetinox.fr\/?s={search_term_string}"},"query-input":{"@type":"PropertyValueSpecification","valueRequired":true,"valueName":"search_term_string"}}],"inLanguage":"es"},{"@type":"Organization","@id":"https:\/\/www.vetinox.fr\/#organization","name":"Vetinox","url":"https:\/\/www.vetinox.fr\/","logo":{"@type":"ImageObject","inLanguage":"es","@id":"https:\/\/www.vetinox.fr\/#\/schema\/logo\/image\/","url":"https:\/\/www.vetinox.fr\/wp-content\/uploads\/2018\/11\/Logo-Vetinox-2.png","contentUrl":"https:\/\/www.vetinox.fr\/wp-content\/uploads\/2018\/11\/Logo-Vetinox-2.png","width":414,"height":126,"caption":"Vetinox"},"image":{"@id":"https:\/\/www.vetinox.fr\/#\/schema\/logo\/image\/"}}]}},"_links":{"self":[{"href":"https:\/\/www.vetinox.fr\/es\/wp-json\/wp\/v2\/product\/27854","targetHints":{"allow":["GET"]}}],"collection":[{"href":"https:\/\/www.vetinox.fr\/es\/wp-json\/wp\/v2\/product"}],"about":[{"href":"https:\/\/www.vetinox.fr\/es\/wp-json\/wp\/v2\/types\/product"}],"version-history":[{"count":0,"href":"https:\/\/www.vetinox.fr\/es\/wp-json\/wp\/v2\/product\/27854\/revisions"}],"wp:featuredmedia":[{"embeddable":true,"href":"https:\/\/www.vetinox.fr\/es\/wp-json\/wp\/v2\/media\/23405"}],"wp:attachment":[{"href":"https:\/\/www.vetinox.fr\/es\/wp-json\/wp\/v2\/media?parent=27854"}],"wp:term":[{"taxonomy":"product_brand","embeddable":true,"href":"https:\/\/www.vetinox.fr\/es\/wp-json\/wp\/v2\/product_brand?post=27854"},{"taxonomy":"product_cat","embeddable":true,"href":"https:\/\/www.vetinox.fr\/es\/wp-json\/wp\/v2\/product_cat?post=27854"},{"taxonomy":"product_tag","embeddable":true,"href":"https:\/\/www.vetinox.fr\/es\/wp-json\/wp\/v2\/product_tag?post=27854"}],"curies":[{"name":"wp","href":"https:\/\/api.w.org\/{rel}","templated":true}]}}