{"id":30871,"date":"2025-07-15T14:40:06","date_gmt":"2025-07-15T12:40:06","guid":{"rendered":"https:\/\/www.vetinox.fr\/produit\/table-de-preparation-plateau-a-barreaux-pieds-excentres\/"},"modified":"2026-05-04T10:01:30","modified_gmt":"2026-05-04T08:01:30","slug":"table-de-preparation-plateau-a-barreaux-pieds-excentres","status":"publish","type":"product","link":"https:\/\/www.vetinox.fr\/es\/produit\/table-de-preparation-plateau-a-barreaux-pieds-excentres\/","title":{"rendered":"Table de pr\u00e9paration plateau \u00e0 barreaux &#8211; pieds excentr\u00e9s"},"content":{"rendered":"<p>Table de pr\u00e9paration, plateau \u00e0 barreaux &#8211; pieds excentr\u00e9s \u2013 TA170030<\/p>\n<p>Plateau perfor\u00e9 (Longueur 1400 mm x largeur 600 mm \u2013 Hauteur 900 mm &#8211; Profondeur de la cuve 155 mm)<\/p>\n<ul>\n<li>Materiau tr\u00e8s r\u00e9sistant pour une fiabilit\u00e9 \u00e0 long terme<\/li>\n<li>Equipement ergonomique, robuste et hygi\u00e9nique<\/li>\n<li>Dimensions adaptables aux fonctionnalit\u00e9s de chaque \u00e9tablissement<\/li>\n<li>Hauteur qui permet de travailler assis<\/li>\n<li>Robinet m\u00e9langeur avec douchette<\/li>\n<li>Evacuation centrale<\/li>\n<li>Plateau amovible<\/li>\n<\/ul>\n<p><!-- ============================================================\n     VETINOX \u2013 Pack ONE v3 \u2013 Reset complet anti-th\u00e8me WordPress\n     Coller dans un widget \"HTML\" Elementor\n     ============================================================ --><\/p>\n<style>\n  \/* Force reset sur les \u00e9l\u00e9ments parents Elementor\/WooCommerce *\/\n  #vx-pack,\n  #vx-pack *,\n  .elementor-widget-html #vx-pack,\n  .woocommerce-product-details__short-description p:last-child,\n  .entry-content p:last-child { margin-bottom: 0 !important; }<\/p>\n<p>  .elementor-widget-html { margin: 0 !important; padding: 0 !important; }\n  .elementor-widget-html .elementor-widget-container { margin: 0 !important; padding: 0 !important; }\n<\/style>\n<div id=\"vx-pack\" style=\"all:initial;display:block;font-family:-apple-system,'Segoe UI',sans-serif;font-size:14px;line-height:1;color:#1c2b3a;margin:0;border-radius:12px;overflow:hidden;border:1.5px solid #d4dde6;box-shadow:0 4px 20px rgba(0,59,110,0.08);box-sizing:border-box;max-width:100%;\">\n<p>  <!-- EN-T\u00caTE --><\/p>\n<div style=\"all:unset;display:flex;box-sizing:border-box;background:linear-gradient(90deg,#003b6e 0%,#1f5f8b 100%);padding:8px 14px;align-items:center;gap:8px;width:100%;\">\n<p>    <!-- Ic\u00f4ne --><\/p>\n<div style=\"all:unset;display:flex;box-sizing:border-box;width:28px;height:28px;min-width:28px;background:rgba(135,206,129,0.2);border:1px solid rgba(135,206,129,0.4);border-radius:7px;align-items:center;justify-content:center;\">\n      <svg viewBox=\"0 0 24 24\" fill=\"none\" stroke=\"#87ce81\" stroke-width=\"2\" stroke-linecap=\"round\" stroke-linejoin=\"round\" style=\"width:14px;height:14px;display:block;\">\n        <path d=\"M12 2L2 7l10 5 10-5-10-5zM2 17l10 5 10-5M2 12l10 5 10-5\"\/>\n      <\/svg>\n    <\/div>\n<p>    <!-- Textes --><\/p>\n<div style=\"all:unset;display:flex;flex-direction:column;flex:1;min-width:0;gap:2px;\">\n      <span style=\"all:unset;display:block;font-size:9px;font-weight:700;letter-spacing:2px;text-transform:uppercase;color:#87ce81;line-height:1;\">Compl\u00e9ment recommand\u00e9<\/span><br \/>\n      <span style=\"all:unset;display:block;font-size:13px;font-weight:600;color:#ffffff;line-height:1.3;\">Transformez cette table en poste dentaire<\/span>\n    <\/div>\n<p>    <!-- Badge --><br \/>\n    <span style=\"all:unset;display:block;background:rgba(255,255,255,0.12);border:1px solid rgba(255,255,255,0.22);border-radius:20px;padding:3px 10px;font-size:10px;font-weight:600;color:rgba(255,255,255,0.85);white-space:nowrap;line-height:1.4;\">Pack ONE<\/span>\n  <\/div>\n<p>  <!-- IMAGE + TEXTE INTRO --><\/p>\n<div style=\"all:unset;display:flex;box-sizing:border-box;background:#ffffff;border-bottom:1px solid #d4dde6;padding:16px 18px;align-items:center;gap:16px;width:100%;\">\n    <img decoding=\"async\"\n      src=\"https:\/\/www.vetinox.fr\/wp-content\/uploads\/2025\/07\/Plateau_de_dentisterie_perfore_emboitant_pour_table_preparation3.jpg\"\n      alt=\"Pack ONE \u2013 Table de pr\u00e9paration + plateau de dentisterie embo\u00eetant\"\n      style=\"width:400px;flex-shrink:0;height:auto;display:block;border-radius:6px;\"\n    \/><\/p>\n<p style=\"all:unset;display:block;font-size:13px;color:#5a7080;line-height:1.6;\">\n      Associ\u00e9e au <strong style=\"all:unset;font-weight:700;color:#003b6e;\">plateau de dentisterie embo\u00eetant perfor\u00e9 (AC006012)<\/strong>, cette table devient un poste dentaire complet \u2014 id\u00e9al pour les soins courants et les d\u00e9tartrages.\n    <\/p>\n<\/p><\/div>\n<p>  <!-- CORPS : 2 lignes produits --><\/p>\n<div style=\"all:unset;display:flex;flex-direction:column;box-sizing:border-box;background:#f2f5f8;padding:10px 14px;gap:6px;width:100%;\">\n<p>    <!-- Ligne 1 : Table incluse --><\/p>\n<div style=\"all:unset;display:flex;box-sizing:border-box;background:#ffffff;border:1px solid #d4dde6;border-radius:8px;padding:7px 12px;align-items:center;gap:12px;width:100%;\">\n      <span style=\"all:unset;display:block;font-size:9px;font-weight:700;letter-spacing:1.5px;text-transform:uppercase;color:#1f5f8b;background:#eef4f9;border-radius:4px;padding:3px 7px;white-space:nowrap;line-height:1.4;\">TA170030<\/span><br \/>\n      <span style=\"all:unset;display:block;font-size:12px;font-weight:600;color:#1c2b3a;flex:1;line-height:1.3;\">Table de pr\u00e9paration plateau \u00e0 barreaux \u2013 pieds excentr\u00e9s<\/span><\/p>\n<div style=\"all:unset;display:flex;width:20px;height:20px;min-width:20px;background:#87ce81;border-radius:50%;align-items:center;justify-content:center;\">\n        <svg viewBox=\"0 0 24 24\" fill=\"none\" stroke=\"#fff\" stroke-width=\"3\" stroke-linecap=\"round\" stroke-linejoin=\"round\" style=\"width:11px;height:11px;display:block;\"><polyline points=\"20 6 9 17 4 12\"\/><\/svg>\n      <\/div>\n<\/p><\/div>\n<p>    <!-- Ligne 2 : Plateau \u00e0 ajouter --><\/p>\n<div style=\"all:unset;display:flex;box-sizing:border-box;background:#ffffff;border:1px solid #d4dde6;border-radius:8px;padding:7px 12px;align-items:center;gap:12px;width:100%;\">\n      <span style=\"all:unset;display:block;font-size:9px;font-weight:700;letter-spacing:1.5px;text-transform:uppercase;color:#1f5f8b;background:#eef4f9;border-radius:4px;padding:3px 7px;white-space:nowrap;line-height:1.4;\">AC006012<\/span><br \/>\n      <span style=\"all:unset;display:block;font-size:12px;font-weight:600;color:#1c2b3a;flex:1;line-height:1.3;\">Plateau de dentisterie embo\u00eetant perfor\u00e9<\/span><\/p>\n<div style=\"all:unset;display:flex;width:20px;height:20px;min-width:20px;background:#1f5f8b;border-radius:50%;align-items:center;justify-content:center;\">\n        <svg viewBox=\"0 0 24 24\" fill=\"none\" stroke=\"#fff\" stroke-width=\"3\" stroke-linecap=\"round\" stroke-linejoin=\"round\" style=\"width:11px;height:11px;display:block;\"><line x1=\"12\" y1=\"5\" x2=\"12\" y2=\"19\"\/><line x1=\"5\" y1=\"12\" x2=\"19\" y2=\"12\"\/><\/svg>\n      <\/div>\n<\/p><\/div>\n<\/p><\/div>\n<p>  <!-- PIED --><\/p>\n<div style=\"all:unset;display:flex;box-sizing:border-box;background:#ffffff;border-top:1px solid #d4dde6;padding:10px 14px;align-items:center;justify-content:space-between;gap:10px;flex-wrap:wrap;width:100%;\">\n    <span style=\"all:unset;display:block;font-size:11px;color:#5a7080;line-height:1.5;\"><strong style=\"all:unset;font-weight:700;color:#003b6e;\">Pack ONE<\/strong> \u2014 La combinaison id\u00e9ale pour les soins courants.<\/span><\/p>\n<div style=\"all:unset;display:flex;gap:8px;flex-wrap:wrap;\">\n<p>      <a href=\"https:\/\/www.vetinox.fr\/categorie-produit\/plateaux-dentaires\/\"\n         style=\"all:unset;display:inline-flex;align-items:center;box-sizing:border-box;padding:8px 14px;border-radius:7px;font-size:12px;font-weight:600;cursor:pointer;background:#1f5f8b;color:#ffffff;white-space:nowrap;line-height:1;\"><br \/>\n        Voir le plateau \u2192<br \/>\n      <\/a>\n    <\/div>\n<\/p><\/div>\n<\/div>\n<p><!-- \/vx-pack-one-v3 --><\/p>\n","protected":false},"excerpt":{"rendered":"<div class=\"elementor-element elementor-element-47ce534 elementor-widget elementor-widget-woocommerce-product-short-description\" data-id=\"47ce534\" data-element_type=\"widget\" data-widget_type=\"woocommerce-product-short-description.default\">\n<div class=\"elementor-widget-container\">\n<div class=\"woocommerce-product-details__short-description\">\n<p>Table de pr\u00e9paration \u2013 Plateau \u00e0 barreaux &#8211; Pieds excentr\u00e9s<\/p>\n<ul>\n<li>Mat\u00e9riau tr\u00e8s r\u00e9sistant pour une fiabilit\u00e9 \u00e0 long terme<\/li>\n<li>Equipement ergonomique, robuste et hygi\u00e9nique<\/li>\n<li>Dimensions adaptables aux fonctionnalit\u00e9s de chaque \u00e9tablissement<\/li>\n<\/ul>\n<\/div>\n<\/div>\n<\/div>\n","protected":false},"featured_media":30857,"template":"","meta":{"ocean_post_layout":"","ocean_both_sidebars_style":"","ocean_both_sidebars_content_width":0,"ocean_both_sidebars_sidebars_width":0,"ocean_sidebar":"0","ocean_second_sidebar":"0","ocean_disable_margins":"enable","ocean_add_body_class":"","ocean_shortcode_before_top_bar":"","ocean_shortcode_after_top_bar":"","ocean_shortcode_before_header":"","ocean_shortcode_after_header":"","ocean_has_shortcode":"","ocean_shortcode_after_title":"","ocean_shortcode_before_footer_widgets":"","ocean_shortcode_after_footer_widgets":"","ocean_shortcode_before_footer_bottom":"","ocean_shortcode_after_footer_bottom":"","ocean_display_top_bar":"default","ocean_display_header":"default","ocean_header_style":"","ocean_center_header_left_menu":"0","ocean_custom_header_template":"0","ocean_custom_logo":0,"ocean_custom_retina_logo":0,"ocean_custom_logo_max_width":0,"ocean_custom_logo_tablet_max_width":0,"ocean_custom_logo_mobile_max_width":0,"ocean_custom_logo_max_height":0,"ocean_custom_logo_tablet_max_height":0,"ocean_custom_logo_mobile_max_height":0,"ocean_header_custom_menu":"0","ocean_menu_typo_font_family":"0","ocean_menu_typo_font_subset":"","ocean_menu_typo_font_size":0,"ocean_menu_typo_font_size_tablet":0,"ocean_menu_typo_font_size_mobile":0,"ocean_menu_typo_font_size_unit":"px","ocean_menu_typo_font_weight":"","ocean_menu_typo_font_weight_tablet":"","ocean_menu_typo_font_weight_mobile":"","ocean_menu_typo_transform":"","ocean_menu_typo_transform_tablet":"","ocean_menu_typo_transform_mobile":"","ocean_menu_typo_line_height":0,"ocean_menu_typo_line_height_tablet":0,"ocean_menu_typo_line_height_mobile":0,"ocean_menu_typo_line_height_unit":"","ocean_menu_typo_spacing":0,"ocean_menu_typo_spacing_tablet":0,"ocean_menu_typo_spacing_mobile":0,"ocean_menu_typo_spacing_unit":"","ocean_menu_link_color":"","ocean_menu_link_color_hover":"","ocean_menu_link_color_active":"","ocean_menu_link_background":"","ocean_menu_link_hover_background":"","ocean_menu_link_active_background":"","ocean_menu_social_links_bg":"","ocean_menu_social_hover_links_bg":"","ocean_menu_social_links_color":"","ocean_menu_social_hover_links_color":"","ocean_disable_title":"default","ocean_disable_heading":"default","ocean_post_title":"","ocean_post_subheading":"","ocean_post_title_style":"","ocean_post_title_background_color":"","ocean_post_title_background":0,"ocean_post_title_bg_image_position":"","ocean_post_title_bg_image_attachment":"","ocean_post_title_bg_image_repeat":"","ocean_post_title_bg_image_size":"","ocean_post_title_height":0,"ocean_post_title_bg_overlay":0.5,"ocean_post_title_bg_overlay_color":"","ocean_disable_breadcrumbs":"default","ocean_breadcrumbs_color":"","ocean_breadcrumbs_separator_color":"","ocean_breadcrumbs_links_color":"","ocean_breadcrumbs_links_hover_color":"","ocean_display_footer_widgets":"default","ocean_display_footer_bottom":"default","ocean_custom_footer_template":"0"},"product_brand":[],"product_cat":[34,60],"product_tag":[],"class_list":{"0":"post-30871","1":"product","2":"type-product","3":"status-publish","4":"has-post-thumbnail","6":"product_cat-tables-veterinaires","7":"product_cat-tables-de-preparation","9":"entry","10":"has-media","12":"first","13":"instock","14":"shipping-taxable","15":"product-type-simple","16":"has-product-nav","17":"col","18":"span_1_of_4","19":"owp-content-center","20":"owp-thumbs-layout-vertical","21":"owp-btn-normal","22":"owp-tabs-layout-horizontal"},"yoast_head":"<!-- This site is optimized with the Yoast SEO plugin v27.0 - https:\/\/yoast.com\/product\/yoast-seo-wordpress\/ -->\n<title>Table de pr\u00e9paration plateau \u00e0 barreaux - pieds excentr\u00e9s - Vetinox<\/title>\n<meta name=\"description\" content=\"D\u00e9couvrez notre produit : Table de pr\u00e9paration plateau \u00e0 barreaux - pieds excentr\u00e9s - Mat\u00e9riel et \u00e9quipement adapt\u00e9 \u00e0 toutes vos utilisations v\u00e9t\u00e9rinaires.\" \/>\n<meta name=\"robots\" content=\"index, follow, max-snippet:-1, max-image-preview:large, max-video-preview:-1\" \/>\n<link rel=\"canonical\" href=\"https:\/\/www.vetinox.fr\/produit\/table-de-preparation-plateau-a-barreaux-pieds-excentres\/\" \/>\n<meta property=\"og:locale\" content=\"es_ES\" \/>\n<meta property=\"og:type\" content=\"article\" \/>\n<meta property=\"og:title\" content=\"Table de pr\u00e9paration plateau \u00e0 barreaux - pieds excentr\u00e9s - Vetinox\" \/>\n<meta property=\"og:description\" content=\"D\u00e9couvrez notre produit : Table de pr\u00e9paration plateau \u00e0 barreaux - pieds excentr\u00e9s - Mat\u00e9riel et \u00e9quipement adapt\u00e9 \u00e0 toutes vos utilisations v\u00e9t\u00e9rinaires.\" \/>\n<meta property=\"og:url\" content=\"https:\/\/www.vetinox.fr\/produit\/table-de-preparation-plateau-a-barreaux-pieds-excentres\/\" \/>\n<meta property=\"og:site_name\" content=\"Vetinox\" \/>\n<meta property=\"article:modified_time\" content=\"2026-05-04T08:01:30+00:00\" \/>\n<meta property=\"og:image\" content=\"https:\/\/www.vetinox.fr\/wp-content\/uploads\/2025\/07\/VETINOX_TA170030_Table_preparation_plateau_barreaux_1400x600_P155_pieds_excentres.jpg\" \/>\n\t<meta property=\"og:image:width\" content=\"1004\" \/>\n\t<meta property=\"og:image:height\" content=\"569\" \/>\n\t<meta property=\"og:image:type\" content=\"image\/jpeg\" \/>\n<meta name=\"twitter:card\" content=\"summary_large_image\" \/>\n<meta name=\"twitter:label1\" content=\"Tiempo de lectura\" \/>\n\t<meta name=\"twitter:data1\" content=\"2 minutos\" \/>\n<script type=\"application\/ld+json\" class=\"yoast-schema-graph\">{\"@context\":\"https:\/\/schema.org\",\"@graph\":[{\"@type\":\"WebPage\",\"@id\":\"https:\/\/www.vetinox.fr\/produit\/table-de-preparation-plateau-a-barreaux-pieds-excentres\/\",\"url\":\"https:\/\/www.vetinox.fr\/produit\/table-de-preparation-plateau-a-barreaux-pieds-excentres\/\",\"name\":\"Table de pr\u00e9paration plateau \u00e0 barreaux - pieds excentr\u00e9s - Vetinox\",\"isPartOf\":{\"@id\":\"https:\/\/www.vetinox.fr\/#website\"},\"primaryImageOfPage\":{\"@id\":\"https:\/\/www.vetinox.fr\/produit\/table-de-preparation-plateau-a-barreaux-pieds-excentres\/#primaryimage\"},\"image\":{\"@id\":\"https:\/\/www.vetinox.fr\/produit\/table-de-preparation-plateau-a-barreaux-pieds-excentres\/#primaryimage\"},\"thumbnailUrl\":\"https:\/\/www.vetinox.fr\/wp-content\/uploads\/2025\/07\/VETINOX_TA170030_Table_preparation_plateau_barreaux_1400x600_P155_pieds_excentres.jpg\",\"datePublished\":\"2025-07-15T12:40:06+00:00\",\"dateModified\":\"2026-05-04T08:01:30+00:00\",\"description\":\"D\u00e9couvrez notre produit : Table de pr\u00e9paration plateau \u00e0 barreaux - pieds excentr\u00e9s - Mat\u00e9riel et \u00e9quipement adapt\u00e9 \u00e0 toutes vos utilisations v\u00e9t\u00e9rinaires.\",\"breadcrumb\":{\"@id\":\"https:\/\/www.vetinox.fr\/produit\/table-de-preparation-plateau-a-barreaux-pieds-excentres\/#breadcrumb\"},\"inLanguage\":\"es\",\"potentialAction\":[{\"@type\":\"ReadAction\",\"target\":[\"https:\/\/www.vetinox.fr\/produit\/table-de-preparation-plateau-a-barreaux-pieds-excentres\/\"]}]},{\"@type\":\"ImageObject\",\"inLanguage\":\"es\",\"@id\":\"https:\/\/www.vetinox.fr\/produit\/table-de-preparation-plateau-a-barreaux-pieds-excentres\/#primaryimage\",\"url\":\"https:\/\/www.vetinox.fr\/wp-content\/uploads\/2025\/07\/VETINOX_TA170030_Table_preparation_plateau_barreaux_1400x600_P155_pieds_excentres.jpg\",\"contentUrl\":\"https:\/\/www.vetinox.fr\/wp-content\/uploads\/2025\/07\/VETINOX_TA170030_Table_preparation_plateau_barreaux_1400x600_P155_pieds_excentres.jpg\",\"width\":1004,\"height\":569,\"caption\":\"VETINOX_TA170030_Table_preparation_plateau_barreaux_1400x600_P155_pieds_excentres\"},{\"@type\":\"BreadcrumbList\",\"@id\":\"https:\/\/www.vetinox.fr\/produit\/table-de-preparation-plateau-a-barreaux-pieds-excentres\/#breadcrumb\",\"itemListElement\":[{\"@type\":\"ListItem\",\"position\":1,\"name\":\"Accueil\",\"item\":\"https:\/\/www.vetinox.fr\/de\/\"},{\"@type\":\"ListItem\",\"position\":2,\"name\":\"Productos\",\"item\":\"https:\/\/www.vetinox.fr\/es\/archivo-de-productos\/\"},{\"@type\":\"ListItem\",\"position\":3,\"name\":\"TABLES\",\"item\":\"https:\/\/www.vetinox.fr\/categorie-produit\/tables-veterinaires\/\"},{\"@type\":\"ListItem\",\"position\":4,\"name\":\"Tables de pr\u00e9paration\",\"item\":\"https:\/\/www.vetinox.fr\/categorie-produit\/tables-veterinaires\/tables-de-preparation\/\"},{\"@type\":\"ListItem\",\"position\":5,\"name\":\"Table de pr\u00e9paration plateau \u00e0 barreaux &#8211; pieds excentr\u00e9s\"}]},{\"@type\":\"WebSite\",\"@id\":\"https:\/\/www.vetinox.fr\/#website\",\"url\":\"https:\/\/www.vetinox.fr\/\",\"name\":\"Vetinox\",\"description\":\"Equipement Veterinaire\",\"publisher\":{\"@id\":\"https:\/\/www.vetinox.fr\/#organization\"},\"potentialAction\":[{\"@type\":\"SearchAction\",\"target\":{\"@type\":\"EntryPoint\",\"urlTemplate\":\"https:\/\/www.vetinox.fr\/?s={search_term_string}\"},\"query-input\":{\"@type\":\"PropertyValueSpecification\",\"valueRequired\":true,\"valueName\":\"search_term_string\"}}],\"inLanguage\":\"es\"},{\"@type\":\"Organization\",\"@id\":\"https:\/\/www.vetinox.fr\/#organization\",\"name\":\"Vetinox\",\"url\":\"https:\/\/www.vetinox.fr\/\",\"logo\":{\"@type\":\"ImageObject\",\"inLanguage\":\"es\",\"@id\":\"https:\/\/www.vetinox.fr\/#\/schema\/logo\/image\/\",\"url\":\"https:\/\/www.vetinox.fr\/wp-content\/uploads\/2018\/11\/Logo-Vetinox-2.png\",\"contentUrl\":\"https:\/\/www.vetinox.fr\/wp-content\/uploads\/2018\/11\/Logo-Vetinox-2.png\",\"width\":414,\"height\":126,\"caption\":\"Vetinox\"},\"image\":{\"@id\":\"https:\/\/www.vetinox.fr\/#\/schema\/logo\/image\/\"}}]}<\/script>\n<!-- \/ Yoast SEO plugin. -->","yoast_head_json":{"title":"Table de pr\u00e9paration plateau \u00e0 barreaux - pieds excentr\u00e9s - Vetinox","description":"D\u00e9couvrez notre produit : Table de pr\u00e9paration plateau \u00e0 barreaux - pieds excentr\u00e9s - Mat\u00e9riel et \u00e9quipement adapt\u00e9 \u00e0 toutes vos utilisations v\u00e9t\u00e9rinaires.","robots":{"index":"index","follow":"follow","max-snippet":"max-snippet:-1","max-image-preview":"max-image-preview:large","max-video-preview":"max-video-preview:-1"},"canonical":"https:\/\/www.vetinox.fr\/produit\/table-de-preparation-plateau-a-barreaux-pieds-excentres\/","og_locale":"es_ES","og_type":"article","og_title":"Table de pr\u00e9paration plateau \u00e0 barreaux - pieds excentr\u00e9s - Vetinox","og_description":"D\u00e9couvrez notre produit : Table de pr\u00e9paration plateau \u00e0 barreaux - pieds excentr\u00e9s - Mat\u00e9riel et \u00e9quipement adapt\u00e9 \u00e0 toutes vos utilisations v\u00e9t\u00e9rinaires.","og_url":"https:\/\/www.vetinox.fr\/produit\/table-de-preparation-plateau-a-barreaux-pieds-excentres\/","og_site_name":"Vetinox","article_modified_time":"2026-05-04T08:01:30+00:00","og_image":[{"width":1004,"height":569,"url":"https:\/\/www.vetinox.fr\/wp-content\/uploads\/2025\/07\/VETINOX_TA170030_Table_preparation_plateau_barreaux_1400x600_P155_pieds_excentres.jpg","type":"image\/jpeg"}],"twitter_card":"summary_large_image","twitter_misc":{"Tiempo de lectura":"2 minutos"},"schema":{"@context":"https:\/\/schema.org","@graph":[{"@type":"WebPage","@id":"https:\/\/www.vetinox.fr\/produit\/table-de-preparation-plateau-a-barreaux-pieds-excentres\/","url":"https:\/\/www.vetinox.fr\/produit\/table-de-preparation-plateau-a-barreaux-pieds-excentres\/","name":"Table de pr\u00e9paration plateau \u00e0 barreaux - pieds excentr\u00e9s - Vetinox","isPartOf":{"@id":"https:\/\/www.vetinox.fr\/#website"},"primaryImageOfPage":{"@id":"https:\/\/www.vetinox.fr\/produit\/table-de-preparation-plateau-a-barreaux-pieds-excentres\/#primaryimage"},"image":{"@id":"https:\/\/www.vetinox.fr\/produit\/table-de-preparation-plateau-a-barreaux-pieds-excentres\/#primaryimage"},"thumbnailUrl":"https:\/\/www.vetinox.fr\/wp-content\/uploads\/2025\/07\/VETINOX_TA170030_Table_preparation_plateau_barreaux_1400x600_P155_pieds_excentres.jpg","datePublished":"2025-07-15T12:40:06+00:00","dateModified":"2026-05-04T08:01:30+00:00","description":"D\u00e9couvrez notre produit : Table de pr\u00e9paration plateau \u00e0 barreaux - pieds excentr\u00e9s - Mat\u00e9riel et \u00e9quipement adapt\u00e9 \u00e0 toutes vos utilisations v\u00e9t\u00e9rinaires.","breadcrumb":{"@id":"https:\/\/www.vetinox.fr\/produit\/table-de-preparation-plateau-a-barreaux-pieds-excentres\/#breadcrumb"},"inLanguage":"es","potentialAction":[{"@type":"ReadAction","target":["https:\/\/www.vetinox.fr\/produit\/table-de-preparation-plateau-a-barreaux-pieds-excentres\/"]}]},{"@type":"ImageObject","inLanguage":"es","@id":"https:\/\/www.vetinox.fr\/produit\/table-de-preparation-plateau-a-barreaux-pieds-excentres\/#primaryimage","url":"https:\/\/www.vetinox.fr\/wp-content\/uploads\/2025\/07\/VETINOX_TA170030_Table_preparation_plateau_barreaux_1400x600_P155_pieds_excentres.jpg","contentUrl":"https:\/\/www.vetinox.fr\/wp-content\/uploads\/2025\/07\/VETINOX_TA170030_Table_preparation_plateau_barreaux_1400x600_P155_pieds_excentres.jpg","width":1004,"height":569,"caption":"VETINOX_TA170030_Table_preparation_plateau_barreaux_1400x600_P155_pieds_excentres"},{"@type":"BreadcrumbList","@id":"https:\/\/www.vetinox.fr\/produit\/table-de-preparation-plateau-a-barreaux-pieds-excentres\/#breadcrumb","itemListElement":[{"@type":"ListItem","position":1,"name":"Accueil","item":"https:\/\/www.vetinox.fr\/de\/"},{"@type":"ListItem","position":2,"name":"Productos","item":"https:\/\/www.vetinox.fr\/es\/archivo-de-productos\/"},{"@type":"ListItem","position":3,"name":"TABLES","item":"https:\/\/www.vetinox.fr\/categorie-produit\/tables-veterinaires\/"},{"@type":"ListItem","position":4,"name":"Tables de pr\u00e9paration","item":"https:\/\/www.vetinox.fr\/categorie-produit\/tables-veterinaires\/tables-de-preparation\/"},{"@type":"ListItem","position":5,"name":"Table de pr\u00e9paration plateau \u00e0 barreaux &#8211; pieds excentr\u00e9s"}]},{"@type":"WebSite","@id":"https:\/\/www.vetinox.fr\/#website","url":"https:\/\/www.vetinox.fr\/","name":"Vetinox","description":"Equipement Veterinaire","publisher":{"@id":"https:\/\/www.vetinox.fr\/#organization"},"potentialAction":[{"@type":"SearchAction","target":{"@type":"EntryPoint","urlTemplate":"https:\/\/www.vetinox.fr\/?s={search_term_string}"},"query-input":{"@type":"PropertyValueSpecification","valueRequired":true,"valueName":"search_term_string"}}],"inLanguage":"es"},{"@type":"Organization","@id":"https:\/\/www.vetinox.fr\/#organization","name":"Vetinox","url":"https:\/\/www.vetinox.fr\/","logo":{"@type":"ImageObject","inLanguage":"es","@id":"https:\/\/www.vetinox.fr\/#\/schema\/logo\/image\/","url":"https:\/\/www.vetinox.fr\/wp-content\/uploads\/2018\/11\/Logo-Vetinox-2.png","contentUrl":"https:\/\/www.vetinox.fr\/wp-content\/uploads\/2018\/11\/Logo-Vetinox-2.png","width":414,"height":126,"caption":"Vetinox"},"image":{"@id":"https:\/\/www.vetinox.fr\/#\/schema\/logo\/image\/"}}]}},"_links":{"self":[{"href":"https:\/\/www.vetinox.fr\/es\/wp-json\/wp\/v2\/product\/30871","targetHints":{"allow":["GET"]}}],"collection":[{"href":"https:\/\/www.vetinox.fr\/es\/wp-json\/wp\/v2\/product"}],"about":[{"href":"https:\/\/www.vetinox.fr\/es\/wp-json\/wp\/v2\/types\/product"}],"version-history":[{"count":8,"href":"https:\/\/www.vetinox.fr\/es\/wp-json\/wp\/v2\/product\/30871\/revisions"}],"predecessor-version":[{"id":31887,"href":"https:\/\/www.vetinox.fr\/es\/wp-json\/wp\/v2\/product\/30871\/revisions\/31887"}],"wp:featuredmedia":[{"embeddable":true,"href":"https:\/\/www.vetinox.fr\/es\/wp-json\/wp\/v2\/media\/30857"}],"wp:attachment":[{"href":"https:\/\/www.vetinox.fr\/es\/wp-json\/wp\/v2\/media?parent=30871"}],"wp:term":[{"taxonomy":"product_brand","embeddable":true,"href":"https:\/\/www.vetinox.fr\/es\/wp-json\/wp\/v2\/product_brand?post=30871"},{"taxonomy":"product_cat","embeddable":true,"href":"https:\/\/www.vetinox.fr\/es\/wp-json\/wp\/v2\/product_cat?post=30871"},{"taxonomy":"product_tag","embeddable":true,"href":"https:\/\/www.vetinox.fr\/es\/wp-json\/wp\/v2\/product_tag?post=30871"}],"curies":[{"name":"wp","href":"https:\/\/api.w.org\/{rel}","templated":true}]}}